{"id":1195,"date":"2018-06-06T07:25:27","date_gmt":"2018-06-06T05:25:27","guid":{"rendered":"https:\/\/www.skppsc.ch\/de\/?page_id=1195"},"modified":"2024-02-13T09:57:38","modified_gmt":"2024-02-13T08:57:38","slug":"datenschutzerklaerung","status":"publish","type":"page","link":"https:\/\/www.skppsc.ch\/de\/datenschutzerklaerung\/","title":{"rendered":"Datenschutzerkl\u00e4rung"},"content":{"rendered":"<html><body><h2 class=\"wp-block-heading foreground-primary\">Datenschutzerkl\u00e4rung<\/h2>\n\n\n\n<h3 class=\"wp-block-heading\">Geltungsbereich<\/h3>\n\n\n\n<p>Diese Datenschutzerkl\u00e4rung soll die Nutzer und Nutzerinnen dieser Website gem\u00e4ss EU-Datenschutz-Grundverordnung (DSGVO) \u00fcber die Art, den Umfang und den Zweck der Erhebung und Verwendung personenbezogener Daten durch den Websitebetreiber [skppsc.ch] informieren.<\/p>\n\n\n\n<p>Der Websitebetreiber nimmt Ihren Datenschutz sehr ernst und behandelt Ihre personenbezogenen Daten vertraulich und entsprechend der gesetzlichen Vorschriften.<\/p>\n\n\n\n<p>Bedenken Sie, dass die Daten\u00fcbertragung im Internet grunds\u00e4tzlich mit Sicherheitsl\u00fccken bedacht sein kann. Ein vollumf\u00e4nglicher Schutz vor dem Zugriff durch Fremde ist nicht realisierbar.<\/p>\n\n\n\n<h3 class=\"wp-block-heading\">Zugriffsdaten<\/h3>\n\n\n\n<p>Der Websitebetreiber bzw. Seitenprovider erhebt Daten \u00fcber Zugriffe auf die Seite und speichert diese als \u00abServer-Logfiles\u00bb ab. Folgende Daten werden so protokolliert:<\/p>\n\n\n\n<ul class=\"wp-block-list\">\n<li>Besuchte Website<\/li>\n\n\n\n<li>Uhrzeit zum Zeitpunkt des Zugriffes<\/li>\n\n\n\n<li>Menge der gesendeten Daten in Byte<\/li>\n\n\n\n<li>Quelle\/Verweis, von welchem Sie auf die Seite gelangten<\/li>\n\n\n\n<li>Verwendeter Browser<\/li>\n\n\n\n<li>Verwendetes Betriebssystem<\/li>\n\n\n\n<li>Verwendete IP-Adresse<\/li>\n<\/ul>\n\n\n\n<p>Die erhobenen Daten dienen lediglich statistischen Auswertungen und zur Verbesserung der Website. Der Websitebetreiber beh\u00e4lt sich allerdings vor, die Server-Logfiles nachtr\u00e4glich zu \u00fcberpr\u00fcfen, sollten konkrete Anhaltspunkte auf eine rechtswidrige Nutzung hinweisen.<\/p>\n\n\n\n<h3 class=\"wp-block-heading\">Cookies<\/h3>\n\n\n\n<p>Diese Website verwendet Cookies. Dabei handelt es sich um kleine Textdateien, welche auf Ihrem Endger\u00e4t gespeichert werden. Ihr Browser greift auf diese Dateien zu. Durch den Einsatz von Cookies erh\u00f6ht sich die Benutzerfreundlichkeit und Sicherheit dieser Website.<\/p>\n\n\n\n<p>G\u00e4ngige Browser bieten die Einstellungsoption, Cookies nicht zuzulassen. Hinweis: Es ist nicht gew\u00e4hrleistet, dass Sie auf alle Funktionen dieser Website ohne Einschr\u00e4nkungen zugreifen k\u00f6nnen, wenn Sie entsprechende Einstellungen vornehmen.<\/p>\n\n\n\n<h3 class=\"wp-block-heading\">Umgang mit personenbezogenen Daten<\/h3>\n\n\n\n<p>Der Websitebetreiber erhebt, nutzt und gibt Ihre personenbezogenen Daten nur dann weiter, wenn dies im gesetzlichen Rahmen erlaubt ist oder Sie in die Datenerhebung einwilligen.<\/p>\n\n\n\n<p>Als personenbezogene Daten gelten s\u00e4mtliche Informationen, welche dazu dienen, Ihre Person zu bestimmen und welche zu Ihnen zur\u00fcckverfolgt werden k\u00f6nnen \u2013 also beispielsweise Ihr Name, Ihre E-Mail-Adresse und Telefonnummer.<\/p>\n\n\n\n<h3 class=\"wp-block-heading\">Umgang mit Kontaktdaten<\/h3>\n\n\n\n<p>Nehmen Sie mit dem Websitebetreiber durch die angebotenen <a href=\"https:\/\/www.skppsc.ch\/de\/kontakt\/\">Kontaktm\u00f6glichkeiten<\/a> Verbindung auf, werden Ihre Angaben gespeichert, damit auf diese zur Bearbeitung und Beantwortung Ihrer Anfrage zur\u00fcckgegriffen werden kann. Ohne Ihre Einwilligung werden diese Daten nicht an Dritte weitergegeben.<\/p>\n\n\n\n<h3 class=\"wp-block-heading\">Abonnements<\/h3>\n\n\n\n<p>Sie haben die M\u00f6glichkeit, mittels Ihrer E-Mail-Adresse das <a href=\"https:\/\/www.skppsc.ch\/de\/downloads\/warengruppe\/skp-info\/\">\u00abSKP Info\u00bb<\/a> als PDF-Ausgabe zu abonnieren. Neben Ihrer E-Mail-Adresse werden keine weiteren Daten erhoben. Ihre E-Mail-Adresse sowie den Namen, den Sie bei der Registrierung angegeben haben, werden mit dem Maildienst <a href=\"https:\/\/mailchimp.com\/\">MailChimp<\/a> geteilt. Die Datenschutzerkl\u00e4rung von MailChimp finden Sie <a href=\"https:\/\/mailchimp.com\/legal\/\">hier<\/a>. Sie k\u00f6nnen das Abonnement jederzeit abbestellen.<\/p>\n\n\n\n<h3 class=\"wp-block-heading\">Newsletter-Abonnement<\/h3>\n\n\n\n<p>Der Websitebetreiber bietet Ihnen einen Newsletter an, in welchem er Sie \u00fcber aktuelle Geschehnisse und Angebote informiert. M\u00f6chten Sie den Newsletter abonnieren, m\u00fcssen Sie eine valide E-Mail-Adresse angeben.<\/p>\n\n\n\n<h3 class=\"wp-block-heading\">Google Analytics<\/h3>\n\n\n\n<p>Diese Website nutzt den Dienst \u00abGoogle Analytics\u00bb, welcher von der Google Inc. (1600 Amphitheatre Parkway Mountain View, CA 94043, USA) angeboten wird, zur Analyse der Websitebenutzung durch Nutzer. Der Dienst verwendet Cookies \u2013 Textdateien, welche auf Ihrem Endger\u00e4t gespeichert werden. Die durch die Cookies gesammelten Informationen werden im Regelfall an einen Google-Server in den USA gesandt und dort gespeichert.<\/p>\n\n\n\n<p>Auf dieser Website greift die IP-Anonymisierung. Die IP-Adresse der Nutzer wird innerhalb der Mitgliedsstaaten der EU und des Europ\u00e4ischen Wirtschaftsraum gek\u00fcrzt. Durch diese K\u00fcrzung entf\u00e4llt der Personenbezug Ihrer IP-Adresse. Im Rahmen der Vereinbarung zur Auftragsdatenvereinbarung, welche die Websitebetreiber mit der Google Inc. geschlossen haben, erstellt diese mithilfe der gesammelten Informationen eine Auswertung der Websitenutzung und der Websiteaktivit\u00e4t und erbringt mit der Internetnutzung verbundene Dienstleistungen.<\/p>\n\n\n\n<p>Sie haben die M\u00f6glichkeit, die Speicherung des Cookies auf Ihrem Ger\u00e4t zu verhindern, indem Sie in Ihrem Browser entsprechende Einstellungen vornehmen. Es ist nicht gew\u00e4hrleistet, dass Sie auf alle Funktionen dieser Website ohne Einschr\u00e4nkungen zugreifen k\u00f6nnen, wenn Ihr Browser keine Cookies zul\u00e4sst.<\/p>\n\n\n\n<p>Weiterhin k\u00f6nnen Sie durch ein Browser-Plugin verhindern, dass die durch Cookies gesammelten Informationen (inklusive Ihrer IP-Adresse) an die Google Inc. gesendet und von der Google Inc. genutzt werden. Alternativ verhindern Sie mit einem Klick auf diesen Link \u00ab<a href=\"https:\/\/tools.google.com\/dlpage\/gaoptout?hl=de\">Google Analytics deaktivieren<\/a>\u00bb, dass Google Analytics innerhalb dieser Website Daten \u00fcber Sie erfasst. Mit dem Klick auf obigen Link laden Sie ein \u00abOpt-Out-Cookie\u00bb herunter. Ihr Browser muss die Speicherung von Cookies also hierzu grunds\u00e4tzlich erlauben. L\u00f6schen Sie Ihre Cookies regelm\u00e4ssig, ist ein erneuter Klick auf den Link bei jedem Besuch dieser Website vonn\u00f6ten.<\/p>\n\n\n\n<p>Hier finden Sie <a href=\"https:\/\/support.google.com\/analytics\/answer\/6004245?hl=de\">weitere Informationen<\/a> zur Datennutzung durch die Google Inc.<\/p>\n\n\n\n<h3 class=\"wp-block-heading\">Nutzung von Social-Media-Plugins<\/h3>\n\n\n\n<p>Diese Website verwendet Facebook Social Plugins, welches von der Facebook Inc. (1 Hacker Way, Menlo Park, California 94025, USA) betrieben wird. Erkennbar sind die Einbindungen an dem Facebook-Logo bzw. an den Begriffen \u00abLike\u00bb, \u00abGef\u00e4llt mir\u00bb, \u00abTeilen\u00bb in den Farben Facebooks (Blau und Weiss). Informationen zu allen Facebook-Plugins finden Sie <a href=\"https:\/\/developers.facebook.com\/docs\/plugins\/\">hier<\/a>.<\/p>\n\n\n\n<p>Das Plugin stellt eine direkte Verbindung zwischen Ihrem Browser und den Facebook-Servern her. Der Websitebetreiber hat keinerlei Einfluss auf die Natur und den Umfang der Daten, welche das Plugin an die Server der Facebook Inc. \u00fcbermittelt. Informationen dazu finden Sie <a href=\"https:\/\/www.facebook.com\/help\/186325668085084\">hier<\/a>. Das Plugin informiert die Facebook Inc. dar\u00fcber, dass Sie als Nutzer oder Nutzerin diese Website besucht hat. Es besteht hierbei die M\u00f6glichkeit, dass Ihre IP-Adresse gespeichert wird. Sind Sie w\u00e4hrend des Besuchs auf dieser Website in Ihrem Facebook-Konto eingeloggt, werden die genannten Informationen mit diesem verkn\u00fcpft. Nutzen Sie die Funktionen des Plugins \u2013 etwa indem Sie einen Beitrag teilen oder \u00abliken\u00bb \u2013 werden die entsprechenden Informationen ebenfalls an die Facebook Inc. \u00fcbermittelt. M\u00f6chten Sie verhindern, dass die Facebook. Inc. diese Daten mit Ihrem Facebook-Konto verkn\u00fcpft, loggen Sie sich bitte vor dem Besuch dieser Website bei Facebook aus.<\/p>\n\n\n\n<p>Weiterhin nutzt diese Website die \u00ab+1\u00bb-Schaltfl\u00e4che von Google Plus. Betrieben wird diese von der Google Inc. (1600 Amphitheatre Parkway Mountain View, CA 94043, USA). Besuchen Sie eine Seite, welche die \u00ab+1\u00bb-Schaltfl\u00e4che enth\u00e4lt, entsteht eine direkte Verbindung zwischen Ihrem Browser und den Google-Servern. Der Websitebetreiber hat daher keinerlei Einfluss auf die Natur und den Umfang der Daten, welche das Plugin an die Server der Google Inc. \u00fcbermitteln. Klicken Sie auf den \u00ab+1\u00bb-Button, w\u00e4hrend Sie in Google + angemeldet sind, teilen Sie die Inhalte der Seite auf Ihrem \u00f6ffentlichen Profil. Personenbezogene Daten werden laut der Google Inc. erst dann erhoben, wenn Sie auf die Schaltfl\u00e4che klicken. Auch bei eingeloggten Google-Nutzern wird unter anderem die IP-Adresse gespeichert. M\u00f6chten Sie verhindern, dass die Google Inc. diese Daten speichert und mit Ihrem Konto verkn\u00fcpft, loggen Sie sich bitte vor dem Besuch dieser Website aus. Informationen zur \u00ab+1\u00bb-Schaltfl\u00e4che finden Sie <a href=\"https:\/\/developers.google.com\/+\/web\/buttons-policy\">hier<\/a>.<\/p>\n\n\n\n<p>Weiterhin nutzt diese Website Twitter-Schlatfl\u00e4chen. Betrieben werden diese von der Twitter Inc. (795 Folsom St., Suite 600, San Francisco, CA 94107, USA). Besuchen Sie eine Seite, welche eine solche Schaltfl\u00e4che enth\u00e4lt, entsteht eine direkte Verbindung zwischen Ihrem Browser und den Twitter-Servern. Der Websitebetreiber hat daher keinerlei Einfluss \u00fcber die Natur und den Umfang der Daten, welche das Plugin an die Server Twitter Inc. \u00fcbermittelt.<\/p>\n\n\n\n<p>Gem\u00e4ss der Twitter Inc. wird dabei allein Ihre IP-Adresse erhoben und gespeichert.<br>Informationen zu dem Umgang mit personenbezogenen Daten durch die Twitter Inc. finden Sie <a href=\"https:\/\/twitter.com\/privacy?lang=de\">hier<\/a>.\u00a0<\/p>\n\n\n\n<h3 class=\"wp-block-heading\">Rechte des Nutzers oder der Nutzerin: Auskunft, Berichtigung und L\u00f6schung<\/h3>\n\n\n\n<p>Sie als Nutzer oder Nutzerin erhalten auf Antrag Ihrerseits kostenlose Auskunft dar\u00fcber, welche personenbezogenen Daten \u00fcber Sie gespeichert wurden. Sofern Ihr Wunsch nicht mit einer gesetzlichen Pflicht zur Aufbewahrung von Daten (z. B. Vorratsdatenspeicherung) kollidiert, haben Sie ein Anrecht auf Berichtigung falscher Daten und auf die Sperrung oder L\u00f6schung Ihrer personenbezogenen Daten.<\/p>\n\n\n\n<h3 class=\"wp-block-heading\">Tracking mit fusedeck<\/h3>\n\n\n\n<p>Auf dieser Website ist die Tracking-L\u00f6sung fusedeck der Capture Media AG (nachfolgend \u00abCapture Media\u00bb) integriert. Capture Media ist ein schweizerisches Unternehmen mit Sitz in Z\u00fcrich, das im Auftrag die Nutzung dieser Website im Rahmen von Engagements und Events misst. Das Tracking erfolgt anonym, so dass kein Bezug zu bestimmten oder bestimmbaren Personen hergestellt werden kann.<\/p>\n\n\n\n<p>Weitere Informationen \u00fcber den Datenschutz sowie \u00fcber die Rechte von betroffenen Personen im Zusammenhang mit fusedeck einschliesslich \u00abOpt-out\u00bb-M\u00f6glichkeit (Widerspruchsm\u00f6glichkeit) finden sich in der Datenschutzerkl\u00e4rung und Widerspruchsbelehrung.<\/p>\n\n\n\n<p><a href=\"https:\/\/privacy.fusedeck.net\/de\/OyKEZETcEU\">https:\/\/privacy.fusedeck.net\/de\/OyKEZETcEU<\/a><\/p>\n<\/body><\/html>","protected":false},"excerpt":{"rendered":"<p>Datenschutzerkl\u00e4rung Geltungsbereich Diese Datenschutzerkl\u00e4rung soll die Nutzer und Nutzerinnen dieser Website gem\u00e4ss EU-Datenschutz-Grundverordnung (DSGVO) \u00fcber die Art, den Umfang und den Zweck der Erhebung und Verwendung personenbezogener Daten durch den Websitebetreiber [skppsc.ch] informieren. Der Websitebetreiber nimmt Ihren Datenschutz sehr ernst und behandelt Ihre personenbezogenen Daten vertraulich und entsprechend der gesetzlichen Vorschriften. Bedenken Sie, dass die [&hellip;]<\/p>\n","protected":false},"author":1,"featured_media":0,"parent":0,"menu_order":1000,"comment_status":"closed","ping_status":"closed","template":"meta-page.php","meta":{"showSharingButtons":false,"skp-theme-color":"default","_subtitle":"","alternative_title":"","seoDescription":"","seoKeywords":"","seoTitle":"","featuredVideoEmbedCode":"","featuredYoutubeVideoId":"","notes":"","redirectToPostId":0,"skp-further-information":"","hideTile":false,"pageType":"","editor_notices":[],"footnotes":""},"topic":[],"class_list":["post-1195","page","type-page","status-publish","hentry"],"aioseo_notices":[],"_links":{"self":[{"href":"https:\/\/www.skppsc.ch\/de\/wp-json\/wp\/v2\/pages\/1195","targetHints":{"allow":["GET"]}}],"collection":[{"href":"https:\/\/www.skppsc.ch\/de\/wp-json\/wp\/v2\/pages"}],"about":[{"href":"https:\/\/www.skppsc.ch\/de\/wp-json\/wp\/v2\/types\/page"}],"author":[{"embeddable":true,"href":"https:\/\/www.skppsc.ch\/de\/wp-json\/wp\/v2\/users\/1"}],"replies":[{"embeddable":true,"href":"https:\/\/www.skppsc.ch\/de\/wp-json\/wp\/v2\/comments?post=1195"}],"version-history":[{"count":0,"href":"https:\/\/www.skppsc.ch\/de\/wp-json\/wp\/v2\/pages\/1195\/revisions"}],"wp:attachment":[{"href":"https:\/\/www.skppsc.ch\/de\/wp-json\/wp\/v2\/media?parent=1195"}],"wp:term":[{"taxonomy":"topic","embeddable":true,"href":"https:\/\/www.skppsc.ch\/de\/wp-json\/wp\/v2\/topic?post=1195"}],"curies":[{"name":"wp","href":"https:\/\/api.w.org\/{rel}","templated":true}]}}