{"id":12,"date":"2016-11-04T15:27:07","date_gmt":"2016-11-04T14:27:07","guid":{"rendered":"https:\/\/www.skppsc.ch\/de\/?page_id=12"},"modified":"2026-01-07T14:39:12","modified_gmt":"2026-01-07T13:39:12","slug":"stalking","status":"publish","type":"page","link":"https:\/\/www.skppsc.ch\/de\/themen\/gewalt\/stalking\/","title":{"rendered":"Stalking"},"content":{"rendered":"<html><body><div class=\"default-container content-part\"><div class=\"inner-padding\"><h2 class=\" foreground-primary\">Definition<\/h2>\n<p>Das Wort Stalking stammt aus der englischen J\u00e4gersprache (to stalk) und bedeutet eigentlich: aufsp\u00fcren, sich heranpirschen. Davon abgeleitet, wird Stalking allgemein als \u00abwillentliches und beharrliches Verfolgen und\/oder Bel\u00e4stigen\u00bb einer Person durch eine andere bezeichnet. Die verfolgende Person ist also der Stalker bzw. die Stalkerin, die verfolgte Person wird gestalkt<strong>.<\/strong> Durch Stalking kann die physische oder psychische Unversehrtheit der gestalkten Person \u2013 und ggf. ihrer Kinder und Angeh\u00f6rigen \u2013 unmittelbar, mittelbar oder langfristig bedroht und gesch\u00e4digt werden. Zudem kann es zur sozialen Deprivation der gestalkten Person f\u00fchren.<\/p>\n<\/div><\/div><div class=\"default-container content-part   \" style=\";\"><div class=\"inner-padding\">\n<h2 class=\" foreground-primary\">Typische Stalking-Handlungen\u00a0<\/h2>\n<p><strong>Stalking<\/strong> ist nichts Einmaliges, sondern setzt sich aus verschiedenen, kombinierten und sich wiederholenden Handlungen zusammen und zeigt sich oft \u00fcber folgende Verhaltensweisen:<\/p>\n<ul>\n<li>Unerw\u00fcnschte Kommunikation durch eine bel\u00e4stigend hohe Anzahl an Briefen<\/li>\n<li>St\u00e4ndige Telefonanrufe zu jeder Tages- und Nachtzeit<\/li>\n<li>Beobachten, Auflauern oder gar Verfolgen der gestalkten Person sowie Auskundschaften seines Tagesablaufs<\/li>\n<li>Ausfragen von und Kontaktaufnahme \u00fcber Drittpersonen<\/li>\n<li>Stehlen und Lesen der Post der gestalkten Person<\/li>\n<li>Falschbeschuldigungen, beispielsweise bei der Polizei oder beim Arbeitgeber<\/li>\n<li>Aufgabe von Bestellungen und Inseraten im Namen der gestalkten Person, z. B. Sex-Angebote oder Todesanzeigen<\/li>\n<li>Unerw\u00fcnschtes Zusenden von Geschenken<\/li>\n<li>Beschimpfungen und Drohungen<\/li>\n<li>Eindringen in die Wohnr\u00e4ume der gestalkten Person<\/li>\n<li>Besch\u00e4digung oder Entwenden von Eigentum der gestalkten Person<\/li>\n<li>K\u00f6rperliche und sexuelle Angriffe<\/li>\n<\/ul>\n<p>Von <strong>Cyberstalking<\/strong> spricht man, wenn dieses aufdringliche Verhalten das Internet oder elektronische Medien nutzt. Es zeigt sich oft in folgenden Verhaltensweisen:<\/p>\n<ul>\n<li>Unerw\u00fcnschte Kommunikation durch eine bel\u00e4stigend hohe Anzahl an E-Mails, SMS oder Schriftverkehr \u00fcber Online-Messengerdienste<\/li>\n<li>Ausspionieren der Online-Aktivit\u00e4ten der betroffenen Person\u00a0<\/li>\n<li>Missbrauch sozialer Netzwerke zur Sch\u00e4digung der gestalkten Person, bspw. Erstellen von Fake-Profilen oder Ver\u00f6ffentlichung von privaten Informationen im Internet<\/li>\n<\/ul>\n<\/div><\/div><div class=\"full content-part image-wrapper image-365\"><img width=\"2560\" height=\"1280\" src=\"https:\/\/www.skppsc.ch\/de\/wp-content\/uploads\/sites\/2\/2016\/11\/stalking2-2560x1280.jpg\" class=\"attachment-skp-large-force-ratio size-skp-large-force-ratio\" alt=\"\" srcset=\"https:\/\/www.skppsc.ch\/de\/wp-content\/uploads\/sites\/2\/2016\/11\/stalking2-2560x1280.jpg 2560w, https:\/\/www.skppsc.ch\/de\/wp-content\/uploads\/sites\/2\/2016\/11\/stalking2-300x150.jpg 300w, https:\/\/www.skppsc.ch\/de\/wp-content\/uploads\/sites\/2\/2016\/11\/stalking2-768x384.jpg 768w, https:\/\/www.skppsc.ch\/de\/wp-content\/uploads\/sites\/2\/2016\/11\/stalking2-640x320.jpg 640w, https:\/\/www.skppsc.ch\/de\/wp-content\/uploads\/sites\/2\/2016\/11\/stalking2-1280x640.jpg 1280w\" sizes=\"(max-width: 2560px) 100vw, 2560px\"><\/div><div class=\"default-container content-part\"><div class=\"inner-padding\">\n<h2 class=\" foreground-primary\">Ursachen<\/h2>\n<p>Welche Beweggr\u00fcnde Stalkerinnen und Stalker haben, kann nicht pauschal beantwortet werden. Die h\u00e4ufigsten Motive f\u00fcr Stalking sind Rache, Hass und Geltungsdrang, also z.B. bei jemandem, der nicht akzeptieren will, dass sich der bzw. die (Ehe-)Partner\/in trennen m\u00f6chte, der nicht akzeptieren will, dass er von einer Person abgewiesen wurde, mit der er eine intime Beziehung einzugehen w\u00fcnscht (Liebeswahn), der sich f\u00fcr ein erlittenes (vermeintliches) Unrecht, wie z.B. einer K\u00fcndigung, oder der nicht die von ihm gew\u00fcnschte \u00f6ffentliche Aufmerksamkeit erh\u00e4lt, und nun hofft, diese mittels Stalkings einer zumeist prominenten Person zumindest indirekt zu erhalten.<\/p>\n<p>Stalking kommt in allen sozialen Schichten vor und betrifft M\u00e4nner sowie Frauen in allen Geschlechterkonstellationen. Es gibt zwar keine gesicherten Informationen dar\u00fcber, wie viele Menschen in der Schweiz von Stalking betroffen sind, aber sicher ist, dass die Tatpersonen in den meisten F\u00e4llen aus dem sozialen Umfeld des Opfers stammen und es deutlich mehr M\u00e4nner sind, die Frauen stalken, als umgekehrt.<\/p>\n<\/div><\/div><div class=\"default-container content-part   \" style=\";\"><div class=\"inner-padding\">\n<h2 class=\" foreground-primary\">Rechtslage<\/h2>\n<p>Seit 1.1.2026 ist Stalking in der Schweiz ein Straftatbestand, der als\u00a0<strong>Nachstellung<\/strong> in das Schweizerische Strafgesetzbuch StGB aufgenommen wurde (<a href=\"https:\/\/www.fedlex.admin.ch\/eli\/cc\/54\/757_781_799\/de#art_181_b\" target=\"_blank\" rel=\"noopener\">Art. 181b<\/a>):<\/p>\n<p>\u00abWer jemanden auf eine Weise beharrlich verfolgt, bel\u00e4stigt oder bedroht, die geeignet ist, seine Lebensgestaltungsfreiheit erheblich zu beschr\u00e4nken, wird, auf Antrag, mit Freiheitsstrafe bis zu drei Jahren oder Geldstrafe bestraft.\u00bb<\/p>\n<p>Die \u00abNachstellung\u00bb ist also ein <strong>Antragsdelikt:<\/strong> Jede Person, die sich gestalkt f\u00fchlt, kann bei der Polizei eine Anzeige erstatten und so erwirken, dass gegen den Stalker bzw. die Stalkerin polizeilich ermittelt wird.<\/p>\n<p>Schutzmassnahmen k\u00f6nnen auf zivilrechtlichem Weg (Art. 28b und 28c ZGB) erwirkt werden.<\/p>\n<p>Da beim Stalking die beteiligten Personen sehr h\u00e4ufig in einer pers\u00f6nlichen Beziehung wie Partnerschaft oder Ehe stehen oder standen, kann Stalking als eine Form h\u00e4uslicher Gewalt angesehen werden (siehe hierzu die SKP-Brosch\u00fcre \u00abZuhause im Ungl\u00fcck\u00bb). Auch soll noch erw\u00e4hnt werden, dass einige der oben angef\u00fchrten strafbaren Handlungen der Tatperson \u2013 hier wie dort \u2013 bereits f\u00fcr sich genommen zu den <strong>Offizialdelikten<\/strong> geh\u00f6ren, wie z.B. Drohung, Einbruch, K\u00f6rperverletzung und sexuelle \u00dcbergriffe.<\/p>\n<\/div><\/div><div class=\"default-container content-part   \" style=\";\"><div class=\"inner-padding\">\n<h2 class=\" foreground-primary\">Was tut die Polizei?<\/h2>\n<p>Auch wenn das Stalking-Verhalten zu Beginn des Prozesses eher als unangenehmes Eindringen in die Privatsph\u00e4re wahrgenommen wird, k\u00f6nnen sich die anf\u00e4nglich vermeintlich wohlwollenden Handlungen des Stalkers \/ der Stalkerin schnell ver\u00e4ndern. Stalkerinnen und Stalker k\u00f6nnen gef\u00e4hrlich werden, da sie oft unter einer verzerrten Wahrnehmung leiden und die Ablehnung seitens ihrer Opfer falsch interpretieren oder gar nicht wahrnehmen.<\/p>\n<p>Viele Stalker\/-innen lassen von ihrem Tun ab, wenn Beh\u00f6rden reagieren. Je fr\u00fcher ihnen von offizieller Seite deutlich Grenzen gesetzt werden, desto wahrscheinlicher stoppen die Stalking-Handlungen, und es kommt nicht zu verheerenden Folgen f\u00fcr die Betroffenen. Einen Stalker\/eine Stalkerin den Beh\u00f6rden nicht zu melden aus Angst vor negativen Reaktionen ist also nicht angezeigt.\u00a0<\/p>\n<p>Bei einer Anzeige wird die Polizei in einem ersten Schritt die Gesamtumst\u00e4nde in Erfahrung bringen und strafrechtlich einordnen. Allenfalls wird ein <a href=\"https:\/\/www.skppsc.ch\/de\/projekte\/kantonales-bedrohungsmanagement\/\" target=\"_blank\" rel=\"noopener\">Bedrohungsmanagement<\/a> zur Erkennung, Einsch\u00e4tzung und Entsch\u00e4rfung von Bedrohungslagen und Gef\u00e4hrdungssituationen eingeschaltet.<\/p>\n<p>Die Polizei kann Stalkerinnen und Stalker als m\u00f6gliche Gef\u00e4hrder\/-innen ansprechen, n\u00f6tigenfalls vorl\u00e4ufig festnehmen sowie ein befristetes Kontakt- und Rayonverbot gegen\u00fcber der gestakten Person und allf\u00e4lligen Kindern auszusprechen.<\/p>\n<p>Bei akuter Bedrohung soll die betroffene Person jederzeit den polizeilichen Notruf (Tel. 117) w\u00e4hlen.<\/p>\n<\/div><\/div><div class=\"full content-part image-wrapper image-367\"><img width=\"2560\" height=\"1280\" src=\"https:\/\/www.skppsc.ch\/de\/wp-content\/uploads\/sites\/2\/2016\/11\/stalking3-2560x1280.jpg\" class=\"attachment-skp-large-force-ratio size-skp-large-force-ratio\" alt=\"\" srcset=\"https:\/\/www.skppsc.ch\/de\/wp-content\/uploads\/sites\/2\/2016\/11\/stalking3-2560x1280.jpg 2560w, https:\/\/www.skppsc.ch\/de\/wp-content\/uploads\/sites\/2\/2016\/11\/stalking3-300x150.jpg 300w, https:\/\/www.skppsc.ch\/de\/wp-content\/uploads\/sites\/2\/2016\/11\/stalking3-768x384.jpg 768w, https:\/\/www.skppsc.ch\/de\/wp-content\/uploads\/sites\/2\/2016\/11\/stalking3-640x320.jpg 640w, https:\/\/www.skppsc.ch\/de\/wp-content\/uploads\/sites\/2\/2016\/11\/stalking3-1280x640.jpg 1280w\" sizes=\"(max-width: 2560px) 100vw, 2560px\"><\/div><div class=\"default-container content-part\"><div class=\"inner-padding\">\n<\/div><\/div><div class=\"default-container clues content-part children-count-2 children-count-even\"><div class=\"inner-padding\"><a id=\"tips\"><\/a><h2 class=\"subcontent-main-title foreground-primary foreground-primary\">Was kann ich tun?<\/h2><div class=\"clues-inner-table clues-count-even\"><div class=\"clue-item clues-count-even clues-count-2 background-faded\"><div class=\"clue was-koennen-sie-als-betroffene-person-tun\"><p class=\"clue-image\"><img loading=\"lazy\" decoding=\"async\" width=\"640\" height=\"320\" src=\"https:\/\/www.skppsc.ch\/de\/wp-content\/uploads\/sites\/2\/2016\/12\/stalkingtipp1-640x320.jpg\" class=\"attachment-skp-thumbnail-force-ratio size-skp-thumbnail-force-ratio wp-post-image\" alt=\"\" srcset=\"https:\/\/www.skppsc.ch\/de\/wp-content\/uploads\/sites\/2\/2016\/12\/stalkingtipp1-640x320.jpg 640w, https:\/\/www.skppsc.ch\/de\/wp-content\/uploads\/sites\/2\/2016\/12\/stalkingtipp1-300x150.jpg 300w, https:\/\/www.skppsc.ch\/de\/wp-content\/uploads\/sites\/2\/2016\/12\/stalkingtipp1-768x384.jpg 768w, https:\/\/www.skppsc.ch\/de\/wp-content\/uploads\/sites\/2\/2016\/12\/stalkingtipp1.jpg 800w\" sizes=\"auto, (max-width: 640px) 100vw, 640px\"><\/p><h3 class=\"clue-title background-primary foreground-title\">Was k\u00f6nnen Sie als betroffene Person tun?<\/h3><p>Nehmen Sie die Situation von Anfang an ernst! Es ist erwiesen, dass Stalking mit der Zeit eher an Intensit\u00e4t zunimmt, wenn nichts dagegen unternommen wird. Folgende Vorgehensweisen haben sich bew\u00e4hrt:<\/p>\n<ul>\n<li><strong>Sagen Sie<\/strong> dem Stalker bzw. der Stalkerin einmal (!) deutlich und unmissverst\u00e4ndlich, am besten vor Zeugen, <strong>dass Sie keinerlei Kontakt mehr w\u00fcnschen<\/strong>.<\/li>\n<li><strong>Trennen Sie sich auch digital:<\/strong> Stellen Sie sicher, dass Sie die alleinige Kontrolle \u00fcber Ihre Ger\u00e4te, Konten und Anwendungen haben. Sollte es gemeinsame Konten geben, \u00e4ndern Sie alle Ihre Passw\u00f6rter. Blockieren Sie alle Telefonnummern und E-Mail-Adressen des Stalkers bzw. der Stalkerin. Deaktivieren Sie die Geolokalisierung auf Ihrem Mobilger\u00e4t und in Ihren Anwendungen. Kontrollieren Sie, ob alle Ihre Profile in sozialen Netzwerken als privat markiert sind, und \u00fcberpr\u00fcfen Sie dort die Liste Ihrer Kontakte. Weitere n\u00fctzliche Hinweise finden Sie\u00a0<a href=\"https:\/\/www.bern.ch\/themen\/sicherheit\/schutz-vor-gewalt\/stalking\/cyberstalking\" target=\"_blank\" rel=\"noopener\">hier<\/a>.<\/li>\n<li>Bleiben Sie konsequent! Gehen Sie auf keinen Fall auf weitere Kontaktversuche ein.<\/li>\n<\/ul>\n<p>Wenn das Stalking trotzdem weitergeht:<\/p>\n<ul>\n<li><strong>Suchen Sie sich Hilfe. <\/strong>Unterst\u00fctzung k\u00f6nnen beispielsweise die kantonalen<a href=\"https:\/\/www.opferhilfe-schweiz.ch\/de\/wo-finde-ich-hilfe\/\" target=\"_blank\" rel=\"noopener\"> Opferhilfestellen<\/a>\u00a0bieten.<\/li>\n<li>Z\u00f6gern Sie nicht, <strong>Anzeige zu erstatten<\/strong>. Es ist wichtig, dass m\u00f6glichst fru\u0308h etwas gegen Stalking unternommen wird. Die Polizei hat die M\u00f6glichkeit, Sofortmassnahmen zu ergreifen.<\/li>\n<li><strong>Informieren Sie Ihr privates und gesch\u00e4ftliches Umfeld<\/strong> u\u0308ber die Situation. \u00d6ffentlichkeit kann eine schu\u0308tzende Wirkung haben.<\/li>\n<li><strong>Fu\u0308hren Sie ein \u00abStalking-Tagebuch\u00bb<\/strong>. Dokumentieren Sie alles, was der Stalker bzw. die Stalkerin schreibt, schickt oder sonst tut, mit Datum und Uhrzeit. Durch das Sammeln von Beweismaterial k\u00f6nnen Sie Ihre Vorw\u00fcrfe in einem allf\u00e4lligen Strafverfahren untermauern. Sie haben die M\u00f6glichkeit, ein\u00a0<a href=\"https:\/\/with-you.ch\/de\/safe-withyou\" target=\"_blank\" rel=\"noopener\">Online-Tagebuch<\/a>\u00a0mithilfe eines sicheren Tools Safe withyou auszuf\u00fcllen<\/li>\n<li><strong>Bei akuter Bedrohung<\/strong> w\u00e4hlen Sie jederzeit den polizeilichen Notruf (117)!<\/li>\n<\/ul>\n<\/div><\/div><div class=\"clue-item clues-count-even clues-count-2 background-faded\"><div class=\"clue was-koennen-sie-als-angehoerige-tun\"><p class=\"clue-image\"><img loading=\"lazy\" decoding=\"async\" width=\"640\" height=\"320\" src=\"https:\/\/www.skppsc.ch\/de\/wp-content\/uploads\/sites\/2\/2016\/12\/stalkingtipp2-640x320.jpg\" class=\"attachment-skp-thumbnail-force-ratio size-skp-thumbnail-force-ratio wp-post-image\" alt=\"\" srcset=\"https:\/\/www.skppsc.ch\/de\/wp-content\/uploads\/sites\/2\/2016\/12\/stalkingtipp2-640x320.jpg 640w, https:\/\/www.skppsc.ch\/de\/wp-content\/uploads\/sites\/2\/2016\/12\/stalkingtipp2-300x150.jpg 300w, https:\/\/www.skppsc.ch\/de\/wp-content\/uploads\/sites\/2\/2016\/12\/stalkingtipp2-768x384.jpg 768w, https:\/\/www.skppsc.ch\/de\/wp-content\/uploads\/sites\/2\/2016\/12\/stalkingtipp2.jpg 800w\" sizes=\"auto, (max-width: 640px) 100vw, 640px\"><\/p><h3 class=\"clue-title background-primary foreground-title\">Was k\u00f6nnen Sie als Angeh\u00f6rige tun?<\/h3><ul>\n<li><strong>Spielen Sie nicht den Vermittler oder die Vermittlerin!<\/strong> Die heikle Situation kann sich nicht nur durch un\u00fcberlegtes Handeln des Opfers versch\u00e4rfen, sondern ebenfalls durch jenes der Angeh\u00f6rigen. Angeh\u00f6rige sollten Stalker\/-innen weder zur Rede stellen noch versuchen, zwischen dem\/der Stalker\/-in und dem Opfer zu vermitteln. <strong>Der Schutz des Opfers hat oberste Priorit\u00e4t<\/strong> und dadurch empfiehlt sich im Allgemeinen auch ein konsequenter Kontaktabbruch mit der Stalkerin bzw. dem Stalker. Zudem sollte Wert auf die Privatsph\u00e4re des Opfers gelegt werden. H\u00e4ufig versuchen Stalker\/-innen \u00fcber das Umfeld an aktuelle Informationen \u00fcber die Zielperson zu gelangen. Werden Gespr\u00e4che dieser Art nicht konsequent abgeblockt, kann dies den Boden f\u00fcr weitere Handlungen n\u00e4hren.<\/li>\n<li><strong>Unterst\u00fctzen Sie die betroffene Person:<\/strong> Die wichtigste Aufgabe der Angeh\u00f6rigen liegt darin, das Opfer zu unterst\u00fctzen. Viele Betroffene f\u00fchlen sich durch die Stalking-Handlungen hilflos und verlieren schnell an Selbstbewusstsein. Ein sozialer R\u00fcckzug ist oft die Folge. Nahestehende Personen sollten dies zu vermeiden versuchen, indem sie den Kontakt zum Opfer suchen und es unterst\u00fctzen, den gewohnten Arbeits- und Freizeitaktivit\u00e4ten nachzukommen. Signalisieren die Betroffenen das Bed\u00fcrfnis ein offenes Gespr\u00e4ch zu f\u00fchren, sollten die Angeh\u00f6rigen aufmerksam zuh\u00f6ren und die Schilderungen der Betroffenen nicht in Frage stellen. Stalking-Opfer leiden oft unter dem Unverst\u00e4ndnis ihres Umfelds. Zudem k\u00f6nnen Verwandte und Freunde die Betroffenen bei dem oft schwierigen Gang zur Polizei oder zu einer Beratungsstelle unterst\u00fctzen. Das gemeinsame Ausf\u00fcllen des Stalking-Tagebuches als w\u00f6chentliches Ritual erleichtert den Betroffenen eine konsequente Dokumentation der Vorf\u00e4lle und vereinfacht oftmals den Einstieg in ein offenes Gespr\u00e4ch.<\/li>\n<\/ul>\n<\/div><\/div><\/div><\/div><\/div><div class=\"default-container content-part\"><div class=\"inner-padding\">\n<\/div><\/div><div class=\"full content-part post-name-stalking-grenzen-setzen  post-type-download\"><div class=\"inner-padding\"><p class=\"featured-image download hide-on-mobile\"><a href=\"https:\/\/www.skppsc.ch\/de\/wp-content\/uploads\/sites\/2\/2016\/12\/stalking_de.pdf\" download target=\"_blank\"><img loading=\"lazy\" decoding=\"async\" width=\"640\" height=\"914\" src=\"https:\/\/www.skppsc.ch\/de\/wp-content\/uploads\/sites\/2\/2016\/12\/stalking_de-640x914.jpg\" class=\"attachment-skp-thumbnail-keep-ratio size-skp-thumbnail-keep-ratio wp-post-image\" alt=\"\" srcset=\"https:\/\/www.skppsc.ch\/de\/wp-content\/uploads\/sites\/2\/2016\/12\/stalking_de-640x914.jpg 640w, https:\/\/www.skppsc.ch\/de\/wp-content\/uploads\/sites\/2\/2016\/12\/stalking_de-210x300.jpg 210w, https:\/\/www.skppsc.ch\/de\/wp-content\/uploads\/sites\/2\/2016\/12\/stalking_de-717x1024.jpg 717w, https:\/\/www.skppsc.ch\/de\/wp-content\/uploads\/sites\/2\/2016\/12\/stalking_de-768x1097.jpg 768w, https:\/\/www.skppsc.ch\/de\/wp-content\/uploads\/sites\/2\/2016\/12\/stalking_de.jpg 800w\" sizes=\"auto, (max-width: 640px) 100vw, 640px\"><\/a><\/p><div class=\"remaining-content\"><h2 class=\"sub-content-title  foreground-primary foreground-primary\">Stalking<\/h2><h3 class=\"sub-content-subtitle \">Rechtliche Einordnung \u2013 Gegenmassnahmen \u2013 Hilfsangebote<\/h3><p>Das Faltblatt erkl\u00e4rt Betroffenen, mit welchen Strategien und konkreten Massnahmen sie sich am besten gegen Stalker\/Stalkerinnen zur Wehr setzen. Sie informiert \u00fcber die Gesetzeslage, die polizeilichen Massnahmen sowie \u00fcber Organisationen, die Betroffene beraten.<\/p>\n<p><!-- wp:file {\"id\":4572,\"href\":\"https:\/\/www.skppsc.ch\/de\/wp-content\/uploads\/sites\/2\/2016\/12\/stalking_de.pdf\"} --><\/p>\n<div class=\"wp-block-file\"><\/div>\n<p><!-- \/wp:file --><\/p>\n<p><!-- wp:paragraph --><\/p>\n<p><!-- \/wp:paragraph --><\/p>\n<p class=\"featured-image download mobile-only\"><a href=\"https:\/\/www.skppsc.ch\/de\/wp-content\/uploads\/sites\/2\/2016\/12\/stalking_de.pdf\" download target=\"_blank\"><img loading=\"lazy\" decoding=\"async\" width=\"640\" height=\"914\" src=\"https:\/\/www.skppsc.ch\/de\/wp-content\/uploads\/sites\/2\/2016\/12\/stalking_de-640x914.jpg\" class=\"attachment-skp-thumbnail-keep-ratio size-skp-thumbnail-keep-ratio wp-post-image\" alt=\"\" srcset=\"https:\/\/www.skppsc.ch\/de\/wp-content\/uploads\/sites\/2\/2016\/12\/stalking_de-640x914.jpg 640w, https:\/\/www.skppsc.ch\/de\/wp-content\/uploads\/sites\/2\/2016\/12\/stalking_de-210x300.jpg 210w, https:\/\/www.skppsc.ch\/de\/wp-content\/uploads\/sites\/2\/2016\/12\/stalking_de-717x1024.jpg 717w, https:\/\/www.skppsc.ch\/de\/wp-content\/uploads\/sites\/2\/2016\/12\/stalking_de-768x1097.jpg 768w, https:\/\/www.skppsc.ch\/de\/wp-content\/uploads\/sites\/2\/2016\/12\/stalking_de.jpg 800w\" sizes=\"auto, (max-width: 640px) 100vw, 640px\"><\/a><\/p><div class=\"download-bottom-actions \"><a href=\"https:\/\/www.skppsc.ch\/de\/wp-content\/uploads\/sites\/2\/2016\/12\/stalking_de.pdf\" download target=\"_blank\" class=\"large skp-icon skp-download-pdf download-icon \" title=\"\"><span class=\"link-text\"><\/span><\/a><u-add-to-cart :options='[{\"id\":359,\"title\":\"Stalking\",\"byline\":\"Faltblatt, A5, 10 Seiten, 2026\",\"lang\":\"de\",\"siteId\":2,\"cartHash\":\"29n\",\"amount\":0,\"max\":\"9999\",\"articleNumber\":\"10053\"},{\"id\":359,\"title\":\"Stalking\",\"byline\":\"Brochure, A5, 10 pages, 2026\",\"lang\":\"fr\",\"siteId\":5,\"cartHash\":\"57f\",\"amount\":0,\"max\":\"9999\",\"articleNumber\":\"20053\"},{\"id\":359,\"title\":\"Stalking\",\"byline\":\"Pieghevole, A5, 10 pagine, 2026\",\"lang\":\"it\",\"siteId\":7,\"cartHash\":\"75v\",\"amount\":0,\"max\":\"9999\",\"articleNumber\":\"30053\"}]' :is-logged-in=\"false\" login-url=\"https:\/\/www.skppsc.ch\/de\/wp-login.php?redirect_to=https%3A%2F%2Fwww.skppsc.ch%2Fde%2Fwp-json%2Fwp%2Fv2%2Fpages%2F12%3Fpr%3D29n%2329n\" police-url=\"https:\/\/www.skppsc.ch\/de\/kontakt-zur-polizei\/\" :initially-opened=\"false\"><\/u-add-to-cart><\/div><\/div><\/div><\/div><div class=\"default-container content-part\"><div class=\"inner-padding\">\n<\/div><\/div><div class=\"default-container content-part  has-custom-background-color \" style=\"background-color:#FFFFFF;\"><div class=\"inner-padding\">\n<h2 class=\" foreground-primary\">Beratungs- und Hilfsangebote<\/h2>\n<p>Die Adressen der kantonalen Beratungsstellen der Opferhilfe\u00a0finden Sie \u00fcber\u00a0<a href=\"http:\/\/www.opferhilfe-schweiz.ch\/\" target=\"_blank\" rel=\"noopener\">www.opferhilfe-schweiz.ch<\/a>. Die Beratung ist kostenlos, vertraulich und auf Wunsch auch anonym m\u00f6glich.\u00a0Die Informationen sind in mehreren Sprachen verf\u00fcgbar.\u00a0<\/p>\n<p>Tritt Stalking im Rahmen einer ehemaligen Paarbeziehung auf,\u00a0k\u00f6nnen Frauen in Notsituationen vor\u00fcbergehend Schutz in einem Frauenhaus unter <a href=\"http:\/\/www.frauenhaeuser.ch\" target=\"_blank\" rel=\"noopener\">www.frauenhaeuser.ch<\/a> finden.\u00a0<\/p>\n<p>Auch f\u00fcr M\u00e4nner gibt es in der Schweiz ein Haus, das Schutz gew\u00e4hrt: <a href=\"http:\/\/www.zwueschehalt.ch\/\" target=\"_blank\" rel=\"noopener\">www.zwueschehalt.ch<\/a>.<\/p>\n<p>Der Schweizerische Dachverband f\u00fcr Gewaltpr\u00e4vention solvio bietet Adressen pro Kanton bez\u00fcglich Hilfe f\u00fcr gewaltaus\u00fcbende Personen unter <a href=\"http:\/\/www.solvio.ch\" target=\"_blank\" rel=\"noopener\">www.solvio.ch<\/a> an.<\/p>\n\n\n<\/div><\/div><div class=\"full content-part image-wrapper image-368\"><img width=\"2560\" height=\"1280\" src=\"https:\/\/www.skppsc.ch\/de\/wp-content\/uploads\/sites\/2\/2016\/11\/stalking4-2560x1280.jpg\" class=\"attachment-skp-large-force-ratio size-skp-large-force-ratio\" alt=\"\" srcset=\"https:\/\/www.skppsc.ch\/de\/wp-content\/uploads\/sites\/2\/2016\/11\/stalking4-2560x1280.jpg 2560w, https:\/\/www.skppsc.ch\/de\/wp-content\/uploads\/sites\/2\/2016\/11\/stalking4-300x150.jpg 300w, https:\/\/www.skppsc.ch\/de\/wp-content\/uploads\/sites\/2\/2016\/11\/stalking4-768x384.jpg 768w, https:\/\/www.skppsc.ch\/de\/wp-content\/uploads\/sites\/2\/2016\/11\/stalking4-640x320.jpg 640w, https:\/\/www.skppsc.ch\/de\/wp-content\/uploads\/sites\/2\/2016\/11\/stalking4-1280x640.jpg 1280w\" sizes=\"(max-width: 2560px) 100vw, 2560px\"><\/div><div class=\"default-container content-part\"><div class=\"inner-padding\">\n<\/div><\/div><\/body><\/html>","protected":false},"excerpt":{"rendered":"<p>Stalking, auch Cyberstalking, im Schweizerischen Strafgesetzbuch als \u00abNachstellung\u00bb bezeichnet, kann betroffene Personen in ihrer Lebensf\u00fchrung stark beeintr\u00e4chtigen. Sie erleiden oft richtiggehenden Psychoterror bis hin zu k\u00f6rperlichen \u00dcbergriffen. Stalking kann beim Opfer schwere seelische Leiden hervorrufen und soziale Isolation zur Folge haben.<br \/>\nStalking ist ein komplexes Ph\u00e4nomen mit sehr unterschiedlichen Auspr\u00e4gungen und Facetten. Die unz\u00e4hligen Handlungen des T\u00e4ters\/der T\u00e4terin einzeln betrachtet, erreichen oft nicht die Schwelle der Illegalit\u00e4t. Dies erkl\u00e4rt teilweise die sp\u00e4te Wahrnehmung des Ph\u00e4nomens durch die Betroffenen selbst, aber auch durch die Strafverfolgung. Aus pr\u00e4ventiver Sicht ist es aber wichtig, Stalking m\u00f6glichst fr\u00fch zu erkennen und Massnahmen zu ergreifen.<\/p>\n","protected":false},"author":1,"featured_media":364,"parent":133,"menu_order":2,"comment_status":"closed","ping_status":"closed","template":"","meta":{"showSharingButtons":false,"skp-theme-color":"six","_subtitle":null,"alternative_title":null,"seoDescription":"","seoKeywords":"","seoTitle":"","featuredVideoEmbedCode":"","featuredYoutubeVideoId":"","notes":"","redirectToPostId":0,"skp-further-information":"","hideTile":false,"pageType":"","editor_notices":[],"footnotes":""},"topic":[14],"class_list":["post-12","page","type-page","status-publish","has-post-thumbnail","hentry","topic-stalking"],"aioseo_notices":[],"_links":{"self":[{"href":"https:\/\/www.skppsc.ch\/de\/wp-json\/wp\/v2\/pages\/12","targetHints":{"allow":["GET"]}}],"collection":[{"href":"https:\/\/www.skppsc.ch\/de\/wp-json\/wp\/v2\/pages"}],"about":[{"href":"https:\/\/www.skppsc.ch\/de\/wp-json\/wp\/v2\/types\/page"}],"author":[{"embeddable":true,"href":"https:\/\/www.skppsc.ch\/de\/wp-json\/wp\/v2\/users\/1"}],"replies":[{"embeddable":true,"href":"https:\/\/www.skppsc.ch\/de\/wp-json\/wp\/v2\/comments?post=12"}],"version-history":[{"count":0,"href":"https:\/\/www.skppsc.ch\/de\/wp-json\/wp\/v2\/pages\/12\/revisions"}],"up":[{"embeddable":true,"href":"https:\/\/www.skppsc.ch\/de\/wp-json\/wp\/v2\/pages\/133"}],"wp:featuredmedia":[{"embeddable":true,"href":"https:\/\/www.skppsc.ch\/de\/wp-json\/wp\/v2\/media\/364"}],"wp:attachment":[{"href":"https:\/\/www.skppsc.ch\/de\/wp-json\/wp\/v2\/media?parent=12"}],"wp:term":[{"taxonomy":"topic","embeddable":true,"href":"https:\/\/www.skppsc.ch\/de\/wp-json\/wp\/v2\/topic?post=12"}],"curies":[{"name":"wp","href":"https:\/\/api.w.org\/{rel}","templated":true}]}}