{"id":1271,"date":"2018-12-20T15:17:20","date_gmt":"2018-12-20T14:17:20","guid":{"rendered":"https:\/\/www.skppsc.ch\/de\/?page_id=1271"},"modified":"2026-02-26T12:09:45","modified_gmt":"2026-02-26T11:09:45","slug":"zivilcourage-kompass","status":"publish","type":"page","link":"https:\/\/www.skppsc.ch\/de\/projekte\/zivilcourage\/zivilcourage-kompass\/","title":{"rendered":"Zivilcourage-Kompass"},"content":{"rendered":"<html><body><div class=\"default-container content-part\"><div class=\"inner-padding\"><div>\n<div><strong>Das Projekt verfolgte zwei Ziele:<\/strong><\/div>\n<ul>\n<li>Der Bev\u00f6lkerung klare Anweisungen und Informationen geben, wie man in bestimmten Situationen Zivilcourage zeigen kann und soll<\/li>\n<li>Die Polizei als moderne, b\u00fcrgernahe und verl\u00e4ssliche Organisation darstellen, an die man sich mit Fragen und bei Unsicherheiten wenden kann<\/li>\n<\/ul>\n<div>Mittels kurzer Videobotschaften wandte sich ein Polizist oder eine Polizistin zu einem bestimmten Thema direkt an die Bev\u00f6lkerung. Der Appell war, Zivilcourage zu zeigen.<\/div>\n<div>\u00a0<\/div>\n<div>Projektwebseite: <a href=\"http:\/\/www.zivilcourage-kompass.ch\" target=\"_blank\" rel=\"noopener noreferrer\">www.zivilcourage-kompass.ch<\/a><\/div>\n<\/div>\n\n\n<p><div class=\"video-container\"><div class=\"iframe-container\"><div class=\"video-ratio\" style=\"padding-top:56.2%;\"><\/div><iframe loading=\"lazy\" title=\"Zivilcourage - Auf dem richtigen Weg\" src=\"https:\/\/www.youtube.com\/embed\/tdptuKj_hcA?feature=oembed&amp;rel=0\" frameborder=\"0\" allow=\"accelerometer; autoplay; clipboard-write; encrypted-media; gyroscope; picture-in-picture; web-share\" referrerpolicy=\"strict-origin-when-cross-origin\" allowfullscreen><\/iframe><\/div><\/div><\/p>\n<\/div><\/div><\/body><\/html>","protected":false},"excerpt":{"rendered":"<p>Im Fr\u00fchjahr 2018 f\u00fchrte die Schweizerische Kriminalpr\u00e4vention zusammen mit den kantonalen Polizeikorps und den gr\u00f6sseren st\u00e4dtischen Polizeikorps das Projekt \u00abZivilcourage zeigen \u2013 aber wie?\u00bb durch. Ein Relaunch der Kampagne erfolgte im Jahr 2021 \u00fcber die Kan\u00e4le der Sozialen Medien.<\/p>\n","protected":false},"author":349,"featured_media":1272,"parent":3558,"menu_order":2,"comment_status":"closed","ping_status":"closed","template":"","meta":{"showSharingButtons":false,"skp-theme-color":"three","_subtitle":"","alternative_title":"Zivil|courage-Kompass","seoDescription":"","seoKeywords":"","seoTitle":"","featuredVideoEmbedCode":"","featuredYoutubeVideoId":"","notes":"","redirectToPostId":0,"skp-further-information":"","hideTile":false,"pageType":"","editor_notices":[],"footnotes":""},"topic":[],"class_list":["post-1271","page","type-page","status-publish","has-post-thumbnail","hentry"],"aioseo_notices":[],"_links":{"self":[{"href":"https:\/\/www.skppsc.ch\/de\/wp-json\/wp\/v2\/pages\/1271","targetHints":{"allow":["GET"]}}],"collection":[{"href":"https:\/\/www.skppsc.ch\/de\/wp-json\/wp\/v2\/pages"}],"about":[{"href":"https:\/\/www.skppsc.ch\/de\/wp-json\/wp\/v2\/types\/page"}],"author":[{"embeddable":true,"href":"https:\/\/www.skppsc.ch\/de\/wp-json\/wp\/v2\/users\/349"}],"replies":[{"embeddable":true,"href":"https:\/\/www.skppsc.ch\/de\/wp-json\/wp\/v2\/comments?post=1271"}],"version-history":[{"count":0,"href":"https:\/\/www.skppsc.ch\/de\/wp-json\/wp\/v2\/pages\/1271\/revisions"}],"up":[{"embeddable":true,"href":"https:\/\/www.skppsc.ch\/de\/wp-json\/wp\/v2\/pages\/3558"}],"wp:featuredmedia":[{"embeddable":true,"href":"https:\/\/www.skppsc.ch\/de\/wp-json\/wp\/v2\/media\/1272"}],"wp:attachment":[{"href":"https:\/\/www.skppsc.ch\/de\/wp-json\/wp\/v2\/media?parent=1271"}],"wp:term":[{"taxonomy":"topic","embeddable":true,"href":"https:\/\/www.skppsc.ch\/de\/wp-json\/wp\/v2\/topic?post=1271"}],"curies":[{"name":"wp","href":"https:\/\/api.w.org\/{rel}","templated":true}]}}