{"id":135,"date":"2016-11-24T09:22:45","date_gmt":"2016-11-24T08:22:45","guid":{"rendered":"https:\/\/www.skppsc.ch\/de\/?page_id=135"},"modified":"2026-05-01T12:22:06","modified_gmt":"2026-05-01T10:22:06","slug":"sexuelle-gewalt-erwachsenen","status":"publish","type":"page","link":"https:\/\/www.skppsc.ch\/de\/themen\/sexuelle-gewalt\/sexuelle-gewalt-erwachsenen\/","title":{"rendered":"Sexuelle Gewalt an Erwachsenen"},"content":{"rendered":"<html><body><div class=\"default-container content-part\"><div class=\"inner-padding\">\n<p>Somit ist zentral, dass auch die gesamte Bev\u00f6lkerung auf die Problematik sexueller \u00dcbergriffe aufmerksam gemacht wird mit regelm\u00e4ssigen <strong>Sensibilisierungsmassnahmen<\/strong>. Im September 2025 lanciert die SKP die Kampagne <a href=\"https:\/\/www.skppsc.ch\/de\/projekte\/gemeinsam-ohne-sexuelle-gewalt\/\" target=\"_blank\" rel=\"noreferrer noopener\">\u201eGemeinsam ohne sexuelle Gewalt\u201c<\/a>.<\/p>\n\n\n\n<p>Bez\u00fcglich <strong>konkreter Pr\u00e4ventionsmassnahmen<\/strong> bleibt es wichtig, dass die Pr\u00e4vention gezielt sowohl nach Zielgruppen (potenzielle T\u00e4terschaft und potenzielle Opfer) als auch nach Konstellationen unterscheidet. Nicht allen Formen kann mit denselben Empfehlungen begegnet werden, deshalb behandeln wir im Folgenden verschiedene Formen im Einzelnen.<\/p>\n\n\n\n<p>Formen sexueller Gewalt sind: anz\u00fcgliche Bemerkungen mit sexuellem Bezug, sexistische K\u00f6rpersprache oder Gesten, unerw\u00fcnschte Ber\u00fchrungen, sexuelle und k\u00f6rperliche \u00dcbergriffe bis hin zur N\u00f6tigung und Vergewaltigung. Auch wenn die meisten Opfer von sexueller Gewalt weiblich sind, kann jede Person zum Opfer werden.<\/p>\n\n\n\n<p>Sexuelle Bel\u00e4stigung, sexuelle Handlungen mit Abh\u00e4ngigen, sexueller \u00dcbergriff und sexuelle N\u00f6tigung und Vergewaltigung sind Delikte, die strafrechtlich verfolgt werden. Die verurteilte Person kann bei Straftaten gegen die sexuelle Integrit\u00e4t auch verpflichtet werden, ein Pr\u00e4ventionsprogramm zu absolvieren.<\/p>\n\n\n\n<\/div><\/div><div class=\"default-container content-part replaced-hr\"><div class=\"inner-padding\">\n\n\n\n<h2 class=\"wp-block-heading foreground-primary\">Rechtslage<\/h2>\n\n\n\n<p>Im Folgenden ist eine Auswahl der wichtigsten Strafgesetzartikel im Zusammenhang mit sexueller Gewalt aufgef\u00fchrt.<\/p>\n\n\n\n<h4 class=\"wp-block-heading\"><a rel=\"noreferrer noopener\" aria-label=\"Art. 188 StGB (opens in a new tab)\" href=\"https:\/\/www.admin.ch\/opc\/de\/classified-compilation\/19370083\/index.html#a188\" target=\"_blank\">Art. 188 StGB<\/a>: <strong>Angriffe auf die sexuelle Freiheit und Unversehrtheit. Sexuelle Handlungen mit Abh\u00e4ngigen<\/strong><\/h4>\n\n\n\n<p>Wer sexuelle Handlungen mit einer abh\u00e4ngigen Person im Alter zwischen 16 und 18 Jahren vornimmt, macht sich strafbar. Neben dem Alter des Opfers spielt also auch das Abh\u00e4ngigkeitsverh\u00e4ltnis eine Rolle. Diese Abh\u00e4ngigkeit kann sich auf ein Erziehungs-, Betreuungs- oder Arbeitsverh\u00e4ltnis beziehen oder sich auch aus sportlichen, kulturellen oder religi\u00f6sen Aktivit\u00e4ten ergeben (Trainer, Coach, Leiter etc.).<\/p>\n\n\n\n<h4 class=\"wp-block-heading\"><a rel=\"noreferrer noopener\" aria-label=\"Art. 189 StGB (opens in a new tab)\" href=\"https:\/\/www.admin.ch\/opc\/de\/classified-compilation\/19370083\/index.html#a189\" target=\"_blank\">Art. 189 StGB<\/a>: <strong>Sexueller \u00dcbergriff und sexuelle N\u00f6tigung<\/strong><\/h4>\n\n\n\n<p>Wer gegen deren Willen einer Person eine sexuelle Handlung vornimmt oder von dieser vornehmen l\u00e4sst, oder zu diesem Zweck einen Schockzustand der Person ausnutzt, macht sich strafbar.<\/p>\n\n\n\n<p>Wer durch Drohung, Gewaltanwendung, indem er sein Opfer psychisch unter Druck setzt oder zum Widerstand unf\u00e4hig macht, eine Person zu diesem Zweck zwingt, macht sich strafbar.<\/p>\n\n\n\n<h4 class=\"wp-block-heading\"><a href=\"https:\/\/www.admin.ch\/opc\/de\/classified-compilation\/19370083\/index.html#a190\" target=\"_blank\" rel=\"noreferrer noopener\" aria-label=\"Art. 190 StGB (opens in a new tab)\">Art. 190 StGB<\/a>: Vergewaltigung<\/h4>\n\n\n\n<p>Wer gegen deren Willen einer Person einen Beischlaf oder eine beischlaf\u00e4hnliche Handlung, die mit einem oralen, vaginalen oder analen Eindringen in den K\u00f6rper verbunden ist, vornimmt oder von dieser vornehmen l\u00e4sst, oder zu diesem Zweck einen Schockzustand einer Person ausnutzt, macht sich strafbar.<\/p>\n\n\n\n<p>Wer durch Drohung, Gewaltanwendung, indem er sein Opfer psychisch unter Druck setzt oder zum Widerstand unf\u00e4hig macht, eine Person zu diesem Zweck zwingt, macht sich auch strafbar.<\/p>\n\n\n\n<h4 class=\"wp-block-heading\"><a rel=\"noreferrer noopener\" aria-label=\"Art. 191 StGB (opens in a new tab)\" href=\"https:\/\/www.admin.ch\/opc\/de\/classified-compilation\/19370083\/index.html#a191\" target=\"_blank\">Art. 191 StGB<\/a>: <strong>Missbrauch einer urteilsunf\u00e4higen oder zum Widerstand unf\u00e4higen Person<\/strong><\/h4>\n\n\n\n<p>Der Unterschied zwischen Missbrauch einer urteilsunf\u00e4higen oder zum Widerstand unf\u00e4higen Person und einem sexuellen \u00dcbergriff, einer sexuellen N\u00f6tigung oder Vergewaltigung liegt darin, dass der T\u00e4ter:in ein Opfer missbraucht, das bereits widerstandsunf\u00e4hig ist. Beim Missbrauch einer urteilsunf\u00e4higen oder zum Widerstand unf\u00e4higen Person nach Art. 191 StGB kann der Grund f\u00fcr die Widerstandsunf\u00e4higkeit dauernd (bspw. bei psychisch kranken Personen) oder vor\u00fcbergehend sein (bspw. bei stark betrunkenen oder bewusstlosen Personen).<\/p>\n\n\n\n<h4 class=\"wp-block-heading\"><a href=\"https:\/\/www.fedlex.admin.ch\/eli\/cc\/54\/757_781_799\/de#art_193\" target=\"_blank\" rel=\"noreferrer noopener\">Art. 193 StGB<\/a>: Ausn\u00fctzung einer Notlage oder Abh\u00e4ngigkeit<\/h4>\n\n\n\n<p>Wer eine Person veranlasst, eine sexuelle Handlung vorzunehmen oder zu dulden, indem er eine Notlage oder eine durch ein Arbeitsverh\u00e4ltnis oder eine in anderer Weise begr\u00fcndete Abh\u00e4ngigkeit ausn\u00fctzt, macht sich strafbar.<\/p>\n\n\n\n<h4 class=\"wp-block-heading\"><a href=\"https:\/\/www.fedlex.admin.ch\/eli\/cc\/54\/757_781_799\/de#art_193_a\" target=\"_blank\" rel=\"noreferrer noopener\">Art. 193a StGB<\/a>: <strong>T\u00e4uschung \u00fcber den sexuellen Charakter einer Handlung<\/strong><\/h4>\n\n\n\n<p>Wer bei der Aus\u00fcbung einer beruflichen oder organisierten ausserberuflichen T\u00e4tigkeit im Gesundheitsbereich an einer Person eine sexuelle Handlung vornimmt oder von ihr vornehmen l\u00e4sst und sie dabei \u00fcber den Charakter der Handlung t\u00e4uscht oder ihren Irrtum \u00fcber den Charakter der Handlung ausn\u00fctzt, macht sich strafbar.<\/p>\n\n\n\n<h4 class=\"wp-block-heading\"><a href=\"https:\/\/www.fedlex.admin.ch\/eli\/cc\/54\/757_781_799\/de#art_197_a\" target=\"_blank\" rel=\"noreferrer noopener\">Art. 197a StGB<\/a>: <strong><strong>Unbefugtes Weiterleiten von nicht \u00f6ffentlichen sexuellen Inhalten<\/strong><\/strong><\/h4>\n\n\n\n<p>Wer einen nicht \u00f6ffentlichen sexuellen Inhalt (Bild, Video, Schrift, Gegenstand) ohne Zustimmung der darin erkennbaren Person einer Drittperson weiterleitet, macht sich strafbar. Im Gegensatz zu den \u00fcbrigen Sexualdelikten wird es nur bestraft, wenn das Opfer einen Strafantrag stellt. Es handelt sich also um ein Antragsdelikt.<\/p>\n\n\n\n<p><\/p>\n\n\n\n<h4 class=\"wp-block-heading\"><a rel=\"noreferrer noopener\" aria-label=\"Art. 198 StGB (opens in a new tab)\" href=\"https:\/\/www.admin.ch\/opc\/de\/classified-compilation\/19370083\/index.html#a198\" target=\"_blank\">Art. 198 StGB<\/a>: <strong>\u00dcbertretungen gegen die sexuelle Integrit\u00e4t. Sexuelle Bel\u00e4stigungen<\/strong><\/h4>\n\n\n\n<p>Sexuelle Bel\u00e4stigung richtet sich gegen Personen, welche die vorgenommene sexuelle Handlung nicht erwarten. Die Bel\u00e4stigung kann physisch (ungewolltes Ber\u00fchren sekund\u00e4rer Geschlechtsmerkmale), verbal (vulg\u00e4re resp. unanst\u00e4ndige Ausdr\u00fccke, Bemerkungen zu Geschlechtsteilen oder zum Sexualleben des Opfers) oder durch Schrift oder Bild erfolgen. Im Gegensatz zu den \u00fcbrigen Sexualdelikten wird sexuelle Bel\u00e4stigung nur bestraft, wenn das Opfer einen Strafantrag stellt. Es handelt sich also um ein Antragsdelikt.<\/p>\n\n\n\n<h3 class=\"wp-block-heading\">Sonderf\u00e4lle<\/h3>\n\n\n\n<p><strong>Rachepornografie (<em>Revenge Porn<\/em>) <\/strong>bezeichnet das Weiterleiten bzw. die Ver\u00f6ffentlichung intimer Fotos und Videos ohne Einwilligung der dort erkennbaren Person. In der Regel geschieht dies, um die Person zu dem\u00fctigen und zu sch\u00e4digen. Dies f\u00fchrt oft zu schwerwiegenden emotionalen, sozialen und beruflichen Konsequenzen f\u00fcr die Opfer. Zudem ist es eine Form von digitalem Missbrauch. Revenge Porn ist unter Art. 197a Abs. 1, 2 StGB strafbar.<\/p>\n\n\n\n<p>Der Versand von so genannten <strong><em>Dick-pics<\/em><\/strong>  bei dem einer Person unaufgefordert ein Penisfoto verschickt wird, kann immer unter Art. 197 Abs. 2 StGB verfolgt werden.<\/p>\n\n\n\n<p><em><strong>Stealthing<\/strong><\/em>, bei dem ohne Wissen des Partners bei einvernehmlichen sexuellen Handlungen oder einvernehmlichen Geschlechtsverkehr mit Eindringen heimlich das Kondom entfernt oder kein Kondom verwendet wird, k\u00f6nnte ebenfalls strafrechtlich verfolgt werden.<\/p>\n\n\n\n<\/div><\/div><div class=\"full content-part image-wrapper image-3507\"><img width=\"2560\" height=\"1280\" src=\"https:\/\/www.skppsc.ch\/de\/wp-content\/uploads\/sites\/2\/2024\/06\/sexuelle_gewalt1-2560x1280.jpg\" class=\"attachment-skp-large-force-ratio size-skp-large-force-ratio\" alt=\"\" srcset=\"https:\/\/www.skppsc.ch\/de\/wp-content\/uploads\/sites\/2\/2024\/06\/sexuelle_gewalt1-2560x1280.jpg 2560w, https:\/\/www.skppsc.ch\/de\/wp-content\/uploads\/sites\/2\/2024\/06\/sexuelle_gewalt1-300x150.jpg 300w, https:\/\/www.skppsc.ch\/de\/wp-content\/uploads\/sites\/2\/2024\/06\/sexuelle_gewalt1-1024x512.jpg 1024w, https:\/\/www.skppsc.ch\/de\/wp-content\/uploads\/sites\/2\/2024\/06\/sexuelle_gewalt1-768x384.jpg 768w, https:\/\/www.skppsc.ch\/de\/wp-content\/uploads\/sites\/2\/2024\/06\/sexuelle_gewalt1-1536x768.jpg 1536w, https:\/\/www.skppsc.ch\/de\/wp-content\/uploads\/sites\/2\/2024\/06\/sexuelle_gewalt1-2048x1024.jpg 2048w, https:\/\/www.skppsc.ch\/de\/wp-content\/uploads\/sites\/2\/2024\/06\/sexuelle_gewalt1-640x320.jpg 640w, https:\/\/www.skppsc.ch\/de\/wp-content\/uploads\/sites\/2\/2024\/06\/sexuelle_gewalt1-1280x640.jpg 1280w\" sizes=\"(max-width: 2560px) 100vw, 2560px\"><\/div><div class=\"default-container content-part\"><div class=\"inner-padding\">\n\n\n\n<h2 class=\"wp-block-heading foreground-primary\">Was tut die Polizei?<\/h2>\n\n\n\n<h3 class=\"wp-block-heading\">Ermittlung<\/h3>\n\n\n\n<p>Die Polizei ermittelt bei sexuellen Handlungen bei Kenntnis der Sachlage von Amtes wegen (mit Ausnahme der sexuellen Bel\u00e4stigung, die ein Antragsdelikt ist). Wenn die Polizei \u00fcber eine vermutete Sexualstraftat in Kenntnis gesetzt wird, werden folgende Prozesse in Gang gesetzt: Die Polizei tr\u00e4gt unter Leitung der zust\u00e4ndigen Staatsanwaltschaft die Beweise zusammen (z.B. Befragung von Auskunftspersonen und Zeugen, rechtsmedizinische Untersuchungen etc.). Eine allf\u00e4llig tatverd\u00e4chtige Person kann infolgedessen in Untersuchungshaft genommen werden, besonders dann, wenn Fluchtgefahr oder Wiederholungsgefahr besteht. Je mehr Beweismaterial die Polizei findet, desto leichter wird das Strafverfahren f\u00fcr das Opfer. Ermittlungen bei Sexualstraftaten k\u00f6nnen f\u00fcr Opfer sehr belastend sein. Deshalb ist es wichtig, dass sie transparent informiert werden, sich nicht unter Druck gesetzt f\u00fchlen und realistische Erwartungen an ein Strafverfahren haben.<\/p>\n\n\n\n<p><div class=\"video-container\"><div class=\"iframe-container\"><div class=\"video-ratio\" style=\"padding-top:56.2%;\"><\/div><iframe loading=\"lazy\" title=\"Verdacht auf sexuellen Missbrauch\" src=\"https:\/\/www.youtube.com\/embed\/OpAAm2TV9nk?feature=oembed&amp;rel=0\" frameborder=\"0\" allow=\"accelerometer; autoplay; clipboard-write; encrypted-media; gyroscope; picture-in-picture; web-share\" referrerpolicy=\"strict-origin-when-cross-origin\" allowfullscreen><\/iframe><\/div><\/div><\/p>\n\n\n\n<h3 class=\"wp-block-heading\">Rechtsmedizinische Beweissicherung und Opferhilfe<\/h3>\n\n\n\n<p>Bei Sexualstraftaten ist es wichtig, dass sich das Opfer so rasch als m\u00f6glich (&lt;72 Std.) in rechtsmedizinische Untersuchung begibt und vorher m\u00f6glichst keine Spuren verwischt resp. entfernt, auch wenn dies sehr belastend sein kann. Mit der rechtsmedizinischen Beweissicherung geht keine Meldung an die Polizei einher, das Opfer kann weiterhin selbst entscheiden. Wenn aber \u2013 auch zu einem sp\u00e4teren Zeitpunkt \u2013 eine Anzeige gemacht werden will, werden die von den Spezialist:innen gesicherten Sachbeweise den zust\u00e4ndigen Beh\u00f6rden zur Verf\u00fcgung gestellt. F\u00fcr die Ermittlung ist die Beweissicherung f\u00fcr die sp\u00e4tere Beweisf\u00fchrung zentral. <a href=\"https:\/\/www.skppsc.ch\/de\/projekte\/gemeinsam-ohne-sexuelle-gewalt\/\" target=\"_blank\" rel=\"noreferrer noopener\">Manche Spit\u00e4ler<\/a> verf\u00fcgen \u00fcber speziell geschultes Personal, wie\u00a0<em>Forensic Nurses,<\/em>\u00a0um Betroffene von sexueller Gewalt fachgerecht zu betreuen und Beweise zu sichern.<\/p>\n\n\n\n<p>Opfer von sexueller Gewalt k\u00f6nnen sich unabh\u00e4ngig von einer Strafanzeige bei der\u00a0<a href=\"http:\/\/www.opferhilfe-schweiz.ch\/\" target=\"_blank\" rel=\"noreferrer noopener\">Opferhilfe<\/a>\u00a0(<a href=\"tel:+41142\">Tel. 142<\/a>) melden. Dort werden Opfer rechtlich, psychologisch und auch bez\u00fcglich eines Ermittlungsverfahrens beraten. Opfer eines Sexualdeliktes haben im Strafverfahren bestimmte Informations- und Schutzrechte. Die Polizei und die Opferhilfe informieren im Detail dar\u00fcber.<\/p>\n\n\n\n<h3 class=\"wp-block-heading\">Einvernahmen und Strafverfahren<\/h3>\n\n\n\n<p>Die Aussagen des Opfers eines Sexualdeliktes sind f\u00fcr eine allf\u00e4llige Verurteilung der beschuldigten Person von zentraler Bedeutung, vor allem, wenn keine oder kaum Sachbeweise vorliegen. Ab dem 15. Altersjahr wird ein Opfer in der Regel als Zeuge oder Zeugin von einer Polizistin resp. von einem Polizisten desselben Geschlechts wie das Opfer einvernommen. Opfer k\u00f6nnen sich bei der Einvernahme von einer Vertrauensperson begleiten lassen (z.B. von einer Opferberaterin). Wenn das Opfer zum Zeitpunkt der Er\u00f6ffnung der Strafuntersuchung unter 18 Jahre alt ist, wird es maximal zwei Mal einvernommen. Eine zweite Einvernahme erfolgt nur, wenn sie unumg\u00e4nglich ist.<\/p>\n\n\n\n<\/div><\/div><div class=\"default-container clues content-part children-count-1 children-count-odd\"><div class=\"inner-padding\"><a id=\"tips\"><\/a><h2 class=\"subcontent-main-title foreground-primary foreground-primary\">Was kann ich tun?<\/h2><div class=\"clues-inner-table clues-count-odd\"><div class=\"clue-item clues-count-odd clues-count-1 background-faded\"><div class=\"clue sich-als-erwachsener-vor-sexueller-gewalt-schuetzen\"><p class=\"clue-image\"><img loading=\"lazy\" decoding=\"async\" width=\"640\" height=\"320\" src=\"https:\/\/www.skppsc.ch\/de\/wp-content\/uploads\/sites\/2\/2017\/01\/tipp4sexuelleuebergriffe-640x320.jpg\" class=\"attachment-skp-thumbnail-force-ratio size-skp-thumbnail-force-ratio wp-post-image\" alt=\"\" srcset=\"https:\/\/www.skppsc.ch\/de\/wp-content\/uploads\/sites\/2\/2017\/01\/tipp4sexuelleuebergriffe-640x320.jpg 640w, https:\/\/www.skppsc.ch\/de\/wp-content\/uploads\/sites\/2\/2017\/01\/tipp4sexuelleuebergriffe-300x150.jpg 300w, https:\/\/www.skppsc.ch\/de\/wp-content\/uploads\/sites\/2\/2017\/01\/tipp4sexuelleuebergriffe-768x384.jpg 768w, https:\/\/www.skppsc.ch\/de\/wp-content\/uploads\/sites\/2\/2017\/01\/tipp4sexuelleuebergriffe.jpg 800w\" sizes=\"auto, (max-width: 640px) 100vw, 640px\"><\/p><h3 class=\"clue-title background-primary foreground-title\">Sich als Erwachsene(r) vor sexueller Gewalt sch\u00fctzen<\/h3><ul>\n<li><strong>Im Notfall:<\/strong> Melden Sie sich so rasch wie m\u00f6glich bei der Polizei (Notrufnummer 117).<\/li>\n<li><strong>Meiden Sie Kontakt mit Betrunkenen oder mit Menschen unter Drogeneinfluss.<\/strong> Auch eigener \u00fcberm\u00e4ssiger Alkohol- oder anderer Drogenkonsum kann gef\u00e4hrlich sein, vor allem, wenn man alleine unterwegs ist.<\/li>\n<li><strong>Lassen Sie Ihren Drink nicht unbeaufsichtigt. <\/strong>Achten Sie auf Ihr Getr\u00e4nk, damit Sie verhindern, dass eine Substanz wie K.O.-Tropfen ohne Ihr Wissen hineingetan wird.<\/li>\n<li><strong>Falls Sie doch angegriffen werden:<\/strong> Schreien Sie laut, beissen Sie, reissen Sie sich los, schlagen Sie um sich, treten und boxen Sie, wenn Sie angegriffen werden. Gegenwehr ist der sicherste Weg zur erfolgreichen Abwehr sexueller Gewalt.<\/li>\n<li><strong> Zum Schutz der sexuellen Unversehrtheit im privaten Bereich<\/strong> informieren Sie sich auf der Themenseite <a style=\"font-size: inherit\" href=\"https:\/\/www.skppsc.ch\/de\/themen\/gewalt\/haeusliche-gewalt\/\" target=\"_blank\" rel=\"noopener\">H\u00e4usliche Gewalt<\/a><span style=\"font-size: inherit\">.<\/span><\/li>\n<li>Zum Schutz der sexuellen Unversehrtheit <strong>im Ausgang<\/strong> informieren Sie sich auch auf der Seite zu unserer Kampagne <a href=\"https:\/\/www.skppsc.ch\/de\/projekte\/gut-ausgegangen\/\" target=\"_blank\" rel=\"noopener\">Gut ausgegangen?<\/a>.<\/li>\n<\/ul>\n<\/div><\/div><\/div><\/div><\/div><div class=\"default-container content-part\"><div class=\"inner-padding\">\n\n\n\n<h2 class=\"wp-block-heading foreground-primary\">Beratungsstellen<\/h2>\n\n\n\n<ul class=\"wp-block-list\">\n<li>Die Stiftung\u00a0<a rel=\"noreferrer noopener\" href=\"https:\/\/www.sante-sexuelle.ch\/\" target=\"_blank\">Sexuelle Gesundheit\u00a0Schweiz<\/a>\u00a0informiert auf ihre Webseite umfangreich zu den Themen sexuelle Gesundheit, Familienplanung und Sexualp\u00e4dagogik und hilft eine passende regionale Beratungsstelle zu finden.<\/li>\n\n\n\n<li>Anonyme Onlineberatung und Information rund um Sexualit\u00e4t, Gewalt, Beziehungen, Frauen- und M\u00e4nnerthemen:\u00a0<a rel=\"noreferrer noopener\" href=\"https:\/\/www.lilli.ch\/\" target=\"_blank\">www.lilli.ch<\/a>\u00a0(in Deutsch und Englisch)<\/li>\n<\/ul>\n\n\n\n<\/div><\/div><div class=\"full content-part post-name-polizeilicher-sicherheitsratgeber  post-type-download\"><div class=\"inner-padding\"><p class=\"featured-image download hide-on-mobile\"><a href=\"https:\/\/www.skppsc.ch\/de\/wp-content\/uploads\/sites\/2\/2018\/11\/sind_sie_sicher.pdf\" download target=\"_blank\"><img loading=\"lazy\" decoding=\"async\" width=\"640\" height=\"908\" src=\"https:\/\/www.skppsc.ch\/de\/wp-content\/uploads\/sites\/2\/2016\/12\/sind_sie_sicher-640x908.jpg\" class=\"attachment-skp-thumbnail-keep-ratio size-skp-thumbnail-keep-ratio wp-post-image\" alt=\"\" srcset=\"https:\/\/www.skppsc.ch\/de\/wp-content\/uploads\/sites\/2\/2016\/12\/sind_sie_sicher-640x908.jpg 640w, https:\/\/www.skppsc.ch\/de\/wp-content\/uploads\/sites\/2\/2016\/12\/sind_sie_sicher-211x300.jpg 211w, https:\/\/www.skppsc.ch\/de\/wp-content\/uploads\/sites\/2\/2016\/12\/sind_sie_sicher-768x1090.jpg 768w, https:\/\/www.skppsc.ch\/de\/wp-content\/uploads\/sites\/2\/2016\/12\/sind_sie_sicher.jpg 800w\" sizes=\"auto, (max-width: 640px) 100vw, 640px\"><\/a><\/p><div class=\"remaining-content\"><h2 class=\"sub-content-title  foreground-primary foreground-primary\">Sind Sie sicher?<\/h2><h3 class=\"sub-content-subtitle \"><\/h3><p>Die Brosch\u00fcre behandelt die ganze Bandbreite an Delikten; vom einfachen Diebstahl \u00fcber verschiedenste Online-Betrugsformen bis hin zu Stalk\u00ading oder h\u00e4usliche Gewalt. Nach einer kurzen Beschreibung der typischen Mechanismen der Deliktsformen erf\u00e4hrt die Leserschaft die wichtigsten Pr\u00e4ventionstipps und wird zu weiterf\u00fchrenden Informationen auf der SKP-Webseite verwiesen. Somit ist man weniger auf das Wissen einzelner Maschen und Tricks angewiesen ist, sondern wird im Idealfall pr\u00e4ventionskompetent und kann sich \u00adein\u00adfacher auch vor Delikten sch\u00fctzen, von denen man noch nie geh\u00f6rt hat. (Die Brosch\u00fcre ist auch in <a href=\"https:\/\/www.skppsc.ch\/de\/download\/safe-and-sound\/\">Englisch<\/a> verf\u00fcgbar.)<\/p>\n<p><\/p>\n<p class=\"featured-image download mobile-only\"><a href=\"https:\/\/www.skppsc.ch\/de\/wp-content\/uploads\/sites\/2\/2018\/11\/sind_sie_sicher.pdf\" download target=\"_blank\"><img loading=\"lazy\" decoding=\"async\" width=\"640\" height=\"908\" src=\"https:\/\/www.skppsc.ch\/de\/wp-content\/uploads\/sites\/2\/2016\/12\/sind_sie_sicher-640x908.jpg\" class=\"attachment-skp-thumbnail-keep-ratio size-skp-thumbnail-keep-ratio wp-post-image\" alt=\"\" srcset=\"https:\/\/www.skppsc.ch\/de\/wp-content\/uploads\/sites\/2\/2016\/12\/sind_sie_sicher-640x908.jpg 640w, https:\/\/www.skppsc.ch\/de\/wp-content\/uploads\/sites\/2\/2016\/12\/sind_sie_sicher-211x300.jpg 211w, https:\/\/www.skppsc.ch\/de\/wp-content\/uploads\/sites\/2\/2016\/12\/sind_sie_sicher-768x1090.jpg 768w, https:\/\/www.skppsc.ch\/de\/wp-content\/uploads\/sites\/2\/2016\/12\/sind_sie_sicher.jpg 800w\" sizes=\"auto, (max-width: 640px) 100vw, 640px\"><\/a><\/p><div class=\"download-bottom-actions \"><a href=\"https:\/\/www.skppsc.ch\/de\/wp-content\/uploads\/sites\/2\/2018\/11\/sind_sie_sicher.pdf\" download target=\"_blank\" class=\"large skp-icon skp-download-pdf download-icon \" title=\"\"><span class=\"link-text\"><\/span><\/a><u-add-to-cart :options='[{\"id\":441,\"title\":\"Sind Sie sicher?\",\"byline\":\"Brosch\\u00fcre, A5, 56 Seiten, 2018\",\"lang\":\"de\",\"siteId\":2,\"cartHash\":\"2c9\",\"amount\":0,\"max\":\"9999\",\"articleNumber\":\"10024\"},{\"id\":610,\"title\":\"\\u00cates-vous s\\u00fbr ?\",\"byline\":\"Brochure, A5, 56 pages, 2018\",\"lang\":\"fr\",\"siteId\":5,\"cartHash\":\"5fa\",\"amount\":0,\"max\":\"9999\",\"articleNumber\":\"20024\"},{\"id\":604,\"title\":\"Siete sicuri?\",\"byline\":\"Opuscolo, A5, 56 pagine, 2018\",\"lang\":\"it\",\"siteId\":7,\"cartHash\":\"7dk\",\"amount\":0,\"max\":\"9999\",\"articleNumber\":\"30024\"}]' :is-logged-in=\"false\" login-url=\"https:\/\/www.skppsc.ch\/de\/wp-login.php?redirect_to=https%3A%2F%2Fwww.skppsc.ch%2Fde%2Fwp-json%2Fwp%2Fv2%2Fpages%2F135%3Fpr%3D2c9%232c9\" police-url=\"https:\/\/www.skppsc.ch\/de\/kontakt-zur-polizei\/\" :initially-opened=\"false\"><\/u-add-to-cart><\/div><\/div><\/div><\/div><div class=\"default-container content-part\"><div class=\"inner-padding\">\n<\/div><\/div><\/body><\/html>","protected":false},"excerpt":{"rendered":"<p>Sexuelle Gewalt kann \u00fcberall in der Gesellschaft und in den unterschiedlichsten Kontexten stattfinden. Sie umfasst jede Form von erzwungenen sexuellen Handlungen und grenzverletzendem Verhalten mit sexuellem Bezug. Sie kommt als sexuelle Bel\u00e4stigung am Arbeitsplatz, als sexuelle Ausbeutung in einer Abh\u00e4ngigkeitsbeziehung (z.B. im Angestelltenverh\u00e4ltnis) oder als erzwungener Geschlechtsverkehr in der Ehe oder in Partnerschaften vor. Bei sexueller Gewalt handelt es sich \u2013 neben der erzwungenen Befriedigung sexueller Bed\u00fcrfnisse \u2013 oft um eine Form von Machtaus\u00fcbung, Erniedrigung und Dem\u00fctigung.<\/p>\n","protected":false},"author":1,"featured_media":3508,"parent":134,"menu_order":10,"comment_status":"closed","ping_status":"closed","template":"","meta":{"showSharingButtons":false,"skp-theme-color":"eleven","_subtitle":"","alternative_title":"Sexuelle Gewalt an Erwach|senen","seoDescription":"","seoKeywords":"","seoTitle":"","featuredVideoEmbedCode":"","featuredYoutubeVideoId":"","notes":"","redirectToPostId":0,"skp-further-information":"","hideTile":false,"pageType":"","editor_notices":[],"footnotes":""},"topic":[17],"class_list":["post-135","page","type-page","status-publish","has-post-thumbnail","hentry","topic-sexuelle-gewalt-erwachsenen"],"aioseo_notices":[],"_links":{"self":[{"href":"https:\/\/www.skppsc.ch\/de\/wp-json\/wp\/v2\/pages\/135","targetHints":{"allow":["GET"]}}],"collection":[{"href":"https:\/\/www.skppsc.ch\/de\/wp-json\/wp\/v2\/pages"}],"about":[{"href":"https:\/\/www.skppsc.ch\/de\/wp-json\/wp\/v2\/types\/page"}],"author":[{"embeddable":true,"href":"https:\/\/www.skppsc.ch\/de\/wp-json\/wp\/v2\/users\/1"}],"replies":[{"embeddable":true,"href":"https:\/\/www.skppsc.ch\/de\/wp-json\/wp\/v2\/comments?post=135"}],"version-history":[{"count":0,"href":"https:\/\/www.skppsc.ch\/de\/wp-json\/wp\/v2\/pages\/135\/revisions"}],"up":[{"embeddable":true,"href":"https:\/\/www.skppsc.ch\/de\/wp-json\/wp\/v2\/pages\/134"}],"wp:featuredmedia":[{"embeddable":true,"href":"https:\/\/www.skppsc.ch\/de\/wp-json\/wp\/v2\/media\/3508"}],"wp:attachment":[{"href":"https:\/\/www.skppsc.ch\/de\/wp-json\/wp\/v2\/media?parent=135"}],"wp:term":[{"taxonomy":"topic","embeddable":true,"href":"https:\/\/www.skppsc.ch\/de\/wp-json\/wp\/v2\/topic?post=135"}],"curies":[{"name":"wp","href":"https:\/\/api.w.org\/{rel}","templated":true}]}}