{"id":137,"date":"2016-11-24T09:23:55","date_gmt":"2016-11-24T08:23:55","guid":{"rendered":"https:\/\/www.skppsc.ch\/de\/?page_id=137"},"modified":"2026-03-13T13:31:58","modified_gmt":"2026-03-13T12:31:58","slug":"illegale-pornografie-pornosucht","status":"publish","type":"page","link":"https:\/\/www.skppsc.ch\/de\/themen\/sexuelle-gewalt\/illegale-pornografie-pornosucht\/","title":{"rendered":"Illegale Pornografie"},"content":{"rendered":"<html><body><div class=\"default-container content-part\"><div class=\"inner-padding\">\n<h2 class=\"wp-block-heading foreground-primary\">Definition<\/h2>\n\n\n\n<p>Was im Alltag unter Pornografie verstanden wird, variiert je nach Auskunftsperson enorm. Im Kontext der Kriminalpr\u00e4vention interessiert vor allem die rechtliche Definition. Deshalb soll hier auf die Definitionen des Bundesgerichts und das Strafgesetzbuchs Bezug genommen werden.<\/p>\n\n\n\n<h3 class=\"wp-block-heading\">Pornografie<\/h3>\n\n\n\n<p>Gem\u00e4ss einem Entscheid des Bundesgerichts wird Pornografie allgemein folgendermassen definiert:<\/p>\n\n\n\n<p>\u00abDer Begriff der Pornographie setzt einerseits voraus, dass die Darstellungen oder Darbietungen objektiv betrachtet darauf ausgelegt sind, den Konsumenten sexuell aufzureizen. Zum anderen ist erforderlich, dass die Sexualit\u00e4t so stark aus ihren menschlichen und emotionalen Bez\u00fcgen herausgetrennt wird, dass die jeweilige Person als ein blosses Sexualobjekt erscheint, \u00fcber das nach Belieben verf\u00fcgt werden kann. Das sexuelle Verhalten wird dadurch vergr\u00f6bert und aufdringlich in den Vordergrund ger\u00fcckt.\u00bb <\/p>\n\n\n\n<h3 class=\"wp-block-heading\">Verbotene Pornografie<\/h3>\n\n\n\n<p>Das Gesetz benennt zwei Formen von Pornografie, die generell unter Strafe gestellt werden: Pornografische Darstellungen mit Kindern und mit Tieren.<\/p>\n\n\n\n<\/div><\/div><div class=\"default-container content-part replaced-hr\"><div class=\"inner-padding\">\n\n\n\n<h2 class=\"wp-block-heading foreground-primary\">Rechtslage<\/h2>\n\n\n\n<p>Das Recht behandelt Pornografie unter verschiedenen Gesichtspunkten. Einerseits wird definiert, ab welchem Alter und unter welchen Umst\u00e4nden Pornografie Menschen zug\u00e4nglich gemacht werden darf. Anderseits gibt es Bestimmungen, die bestimmte Formen von Pornografie verbieten. Zudem existieren Rechtstexte, in welchen dargelegt wird, welche Darstellungen \u00fcberhaupt als pornografisch gelten.<\/p>\n\n\n\n<h4 class=\"wp-block-heading\"><a rel=\"noreferrer noopener\" aria-label=\"Art. 197 Abs. 1 StGB (opens in a new tab)\" href=\"https:\/\/www.admin.ch\/opc\/de\/classified-compilation\/19370083\/index.html#a197\" target=\"_blank\">Art. 197 Abs. 1 StGB<\/a>: \u00abJugendschutzartikel\u00bb<\/h4>\n\n\n\n<p>\u00abWer pornografische Schriften, Ton- oder Bildaufnahmen, Abbildungen, andere Gegenst\u00e4nde solcher Art oder pornografische Vorf\u00fchrungen einer Person unter 16 Jahren anbietet, zeigt, \u00fcberl\u00e4sst, zug\u00e4nglich macht oder durch Radio oder Fernsehen verbreitet, wird mit Freiheitsstrafe bis zu drei Jahren oder Geldstrafe bestraft.\u00bb<\/p>\n\n\n\n<p>Der Jugendschutzartikel bezieht sich also auf die potentiellen Anbieter von Pornografie, nicht auf die Konsumentin oder den Konsumenten und soll helfen, dass Jugendliche in ihrer sexuellen Entwicklung nicht gest\u00f6rt werden. In Zeiten der Online-Pornografie von Anbietern aus der ganzen Welt (und entsprechend unterschiedlichen Rechtslagen) ist der Jugendschutz selten gew\u00e4hrleistet. Umso wichtiger ist eine ad\u00e4quate Aufkl\u00e4rung.<\/p>\n\n\n\n<h4 class=\"wp-block-heading\"><a rel=\"noreferrer noopener\" aria-label=\"Art. 197 Abs. 4 und 5 StGB (opens in a new tab)\" href=\"https:\/\/www.admin.ch\/opc\/de\/classified-compilation\/19370083\/index.html#a197\" target=\"_blank\">Art. 197 Abs. 4 und 5 StGB<\/a>: Illegale Pornografie<\/h4>\n\n\n\n<p>Diese zwei Abs\u00e4tze des Artikels 197 benennen zwei Formen von Pornografie, die generell unter Strafe gestellt werden: Pornografische Darstellungen mit Kindern und mit Tieren. Bereits Nacktaufnahmen von Kindern k\u00f6nnen als pornografisch eingestuft werden, wenn der Gesamteindruck darauf ausgelegt ist, potentielle Betrachter sexuell aufzureizen.<\/p>\n\n\n\n<h4 class=\"wp-block-heading\"><a href=\"https:\/\/www.admin.ch\/opc\/de\/classified-compilation\/19370083\/index.html#a197\" target=\"_blank\" rel=\"noreferrer noopener\">Art. 197 Abs. 8 und 8bis StGB<\/a>: Vorbehalt<\/h4>\n\n\n\n<p>Wer von einer minderj\u00e4hrigen Person Gegenst\u00e4nde oder Vorf\u00fchrungen im Sinne von Absatz 1 herstellt, diese besitzt, konsumiert oder der dar gestellten Person zug\u00e4nglich macht, bleibt straflos, wenn:<\/p>\n\n\n\n<p>a. die minderj\u00e4hrige Person eingewilligt hat;<\/p>\n\n\n\n<p>b. die herstellende Person daf\u00fcr kein Entgelt leistet oder verspricht;<\/p>\n\n\n\n<p>und c. der Altersunterschied zwischen den Beteiligten nicht mehr als drei Jahre betr\u00e4gt.<\/p>\n\n\n\n<p>Straflos bleibt, wer von sich als minderj\u00e4hrige Person Gegenst\u00e4nde oder Vorf\u00fchrungen im Sinne von Absatz 1 herstellt, besitzt, konsumiert oder einer anderen Person mit deren Einwilligung zug\u00e4nglich macht. Die Person, der diese Gegenst\u00e4nde oder Vorf\u00fchrungen zug\u00e4nglich gemacht werden, bleibt f\u00fcr Besitz und Konsum straflos, wenn:<\/p>\n\n\n\n<p>a. sie daf\u00fcr kein Entgelt leistet oder verspricht;<\/p>\n\n\n\n<p>b. die Beteiligten sich pers\u00f6nlich kennen;<\/p>\n\n\n\n<p>und c. die Beteiligten vollj\u00e4hrig sind oder, sofern mindestens eine Person minderj\u00e4hrig ist, einen Alters unterschied von nicht mehr als drei Jahren aufweisen.<\/p>\n\n\n\n<h4 class=\"wp-block-heading\"><a rel=\"noreferrer noopener\" href=\"https:\/\/www.fedlex.admin.ch\/eli\/cc\/54\/757_781_799\/de#art_197_a\" target=\"_blank\">Art. 197a StGB<\/a>: Unbefugtes Weiterleiten von nicht \u00f6ffentlichen sexuellen Inhalten\u00a0<\/h4>\n\n\n\n<p>Wer einen nicht \u00f6ffentlichen sexuellen Inhalt (Bild, Video, Schrift, Gegenstand) ohne Zustimmung der darin erkennbaren Person einer Drittperson weiterleitet, macht sich strafbar. Im Gegensatz zu den \u00fcbrigen Sexualdelikten wird es nur betraft, wenn das Opfer einen Strafantrag stellt. Es handelt sich also um ein Antragsdelikt.<\/p>\n\n\n\n<\/div><\/div><div class=\"full content-part image-wrapper image-721\"><img width=\"2560\" height=\"1280\" src=\"https:\/\/www.skppsc.ch\/de\/wp-content\/uploads\/sites\/2\/2016\/11\/pornografie2-2560x1280.jpg\" class=\"attachment-skp-large-force-ratio size-skp-large-force-ratio\" alt=\"\" srcset=\"https:\/\/www.skppsc.ch\/de\/wp-content\/uploads\/sites\/2\/2016\/11\/pornografie2-2560x1280.jpg 2560w, https:\/\/www.skppsc.ch\/de\/wp-content\/uploads\/sites\/2\/2016\/11\/pornografie2-300x150.jpg 300w, https:\/\/www.skppsc.ch\/de\/wp-content\/uploads\/sites\/2\/2016\/11\/pornografie2-768x384.jpg 768w, https:\/\/www.skppsc.ch\/de\/wp-content\/uploads\/sites\/2\/2016\/11\/pornografie2-1536x768.jpg 1536w, https:\/\/www.skppsc.ch\/de\/wp-content\/uploads\/sites\/2\/2016\/11\/pornografie2-2048x1024.jpg 2048w, https:\/\/www.skppsc.ch\/de\/wp-content\/uploads\/sites\/2\/2016\/11\/pornografie2-640x320.jpg 640w, https:\/\/www.skppsc.ch\/de\/wp-content\/uploads\/sites\/2\/2016\/11\/pornografie2-1280x640.jpg 1280w\" sizes=\"(max-width: 2560px) 100vw, 2560px\"><\/div><div class=\"default-container content-part\"><div class=\"inner-padding\">\n\n\n\n<h2 class=\"wp-block-heading foreground-primary\">Problematischer Umgang mit Pornografie<\/h2>\n\n\n\n<h3 class=\"wp-block-heading\">Jugendliche und Pornografie<\/h3>\n\n\n\n<p>Verschiedene Schweizer Studien legen nahe, dass die meisten unter 16-J\u00e4hrigen schon pornografische Darstellungen gesehen haben. Jedoch nur ein kleiner Teil der Jugendlichen zeigt einen problematischen Umgang mit Pornografie (Suchtverhalten, fehlende Trennung der pornografischen Scheinwelt und der Realit\u00e4t, Vorlieben f\u00fcr Extremformen und illegale Pornografie etc.).<\/p>\n\n\n\n<p>Allerdings muss erw\u00e4hnt werden, dass bis zu f\u00fcnfzig Prozent der jugendlichen Sexualstraft\u00e4ter exzessive Pornokonsumenten sind. Diese Jugendlichen konsumierten zudem bereits sehr fr\u00fch Pornografie und haben oft auch eine Vorliebe f\u00fcr Extremformen. Jugendliche Sexualstraft\u00e4ter geben teils selbst an, dass der Pornokonsum zu Sexualstraftaten animieren kann. Damit ein Jugendlicher tats\u00e4chlich zum Sexualstraft\u00e4ter wird, braucht es jedoch noch weitere Risikofaktoren. Pornografiekonsum kann also als ein Risikofaktor f\u00fcr eine deviante Entwicklung bei Jugendlichen angesehen werden.<\/p>\n\n\n\n<p><\/p>\n\n\n\n<h3 class=\"wp-block-heading\">Pornosucht<\/h3>\n\n\n\n<p>Auch wenn es gem\u00e4ss unseren Kenntnissen (noch) keine repr\u00e4sentativen Studien zu Suchtverhalten und Pornografie gibt, berichten Suchtberatungsstellen, dass gewisse Menschen ihren Pornokonsum kaum oder nicht mehr kontrollieren k\u00f6nnen. Sucht ist so definiert, dass im Rahmen eines Verlangens nach immer st\u00e4rkeren Reizen gesucht wird, um das gew\u00fcnschte Erleben herstellen zu k\u00f6nnen. Die Folgen einer solchen Sucht bez\u00fcglich pornografischen Reizen f\u00fchrt unter anderem dazu, dass die Personen beginnen, auch illegale Formen der Pornografie zu konsumieren und sich so im Zuge ihrer Sucht strafbar machen.<\/p>\n\n\n\n<h3 class=\"wp-block-heading\">Kinderpornografie<\/h3>\n\n\n\n<p>Die Rechtsprechung definiert Pornografie mit Minderj\u00e4hrigen sehr breit. Das heisst, dass bereits sexualisierte Handlungen oder schon aufreizende Posen bei Minderj\u00e4hrigen als pornografisch eingestuft werden k\u00f6nnen<strong>.<\/strong> Sie tr\u00e4gt damit dem Umstand Rechnung, dass jede kinderpornografische Darstellung eine Dokumentation eines <a href=\"https:\/\/www.skppsc.ch\/de\/themen\/sexuelle-gewalt\/sexuelle-gewalt-kindern\/\" target=\"_blank\" rel=\"noreferrer noopener\">Kindsmissbrauchs <\/a>ist und somit kein Bagatelldelikt darstellt! Konsumentinnen und Konsumenten von Kinderpornografie unterst\u00fctzen mit ihrem Handeln direkt die sexuelle Ausbeutung von Kindern.<\/p>\n\n\n\n<h3 class=\"wp-block-heading\">Sexting<\/h3>\n\n\n\n<p>Ein besonderes Problem in Bezug auf sexuelle Darstellungen mit Kindern unter 18 Jahren stellt das sogenannte \u00abSexting\u00bb zwischen Teenagern dar: Sexting (\u00abSex\u00bb statt \u00abText\u00bb) steht f\u00fcr das gegenseitige Versenden von sexy Fotos oder Filmchen auf dem Smartphone, das als digitaler Liebesbrief zwischen Verliebten oder auch als Mutprobe recht verbreitet ist. Da die Weiterleitung aller jemals versendeten Bilder nicht kontrolliert werden kann, besteht hierbei ohnehin immer die Gefahr, dass die Bilder missbraucht und auch als Mobbing-Waffe verwendet werden. Da im Hinblick auf die oben genannte illegale Pornografie zwar das Problem besteht, dass z. B. ein Foto einer 15-J\u00e4hrigen in sexy Unterw\u00e4sche grunds\u00e4tzlich als Kinderpornografie eingestuft werden kann, minderj\u00e4hrige Personen aber nicht unn\u00f6tig kriminalisiert werden sollen, wenn sie einvernehmlich \u00abSexting\u00bb betreiben, gelten hier Ausnahmeregelungen: Wenn sich alle Beteiligten pers\u00f6nlich kennen und der Altersunterschied zwischen ihnen nicht mehr als drei Jahre betr\u00e4gt, wenn alle einverstanden sind und Entgelte weder versprochen noch bezahlt werden, dann bleibt die Herstellung, der Besitz und Konsum auch f\u00fcr Minderj\u00e4hrige straflos (Art. 197 Abs. 8 und 8bis StGB).<\/p>\n\n\n\n<h3 class=\"wp-block-heading\">Revenge Porn<\/h3>\n\n\n\n<p>Rachepornografie (Revenge Porn) bezeichnet das Weiterleiten bzw. die Ver\u00f6ffentlichung intimer Fotos und Videos ohne Einwilligung der dort erkennbaren Person. In der Regel geschieht dies, um die Person zu dem\u00fctigen und zu sch\u00e4digen. Dies f\u00fchrt oft zu schwerwiegenden emotionalen, sozialen und beruflichen Konsequenzen f\u00fcr die Opfer. Zudem ist es eine Form von digitalem Missbrauch. Revenge Porn ist in der Schweiz strafbar (Art. 197a Abs. 1, 2 StGB).<\/p>\n\n\n\n<\/div><\/div><div class=\"default-container content-part replaced-hr\"><div class=\"inner-padding\">\n\n\n\n<h2 class=\"wp-block-heading foreground-primary\">Was tut die Polizei und was k\u00f6nnen Sie tun?<\/h2>\n\n\n\n<p>Der Umgang mit illegaler Pornografie ist ein Offizialdelikt und die Polizei ermittelt von Amtes wegen, sofern sie Kenntnis von einem Gesetzesverstoss erh\u00e4lt.<\/p>\n\n\n\n<p>Viele pornografische Aufnahmen von Kindern stammen aus dem Ausland. Immer wieder sind auch Schweizer unter den T\u00e4tern. Schweizer, die im Ausland Kinder missbrauchen und\/oder Kinderpornografie herstellen, k\u00f6nnen ebenfalls strafrechtlich verfolgt werden. Speziell aus Feriendestinationen erhalten Schweizer Strafverfolgungsbeh\u00f6rden entsprechende Meldungen von Polizeibeh\u00f6rden und Kinderschutzorganisationen. Als \u00abnormale\u00bb Touristin oder Touristen k\u00f6nnen Sie helfen, indem sie <a rel=\"noreferrer noopener\" aria-label=\"Kindersextouristen  (opens in a new tab)\" href=\"https:\/\/www.nicht-wegsehen.ch\/de\/\" target=\"_blank\">Kindersextouristen <\/a>hier melden.<\/p>\n\n\n\n<p>\u00dcber Clickandstop.ch k\u00f6nnen B\u00fcrgerinnen und B\u00fcrger illegale Inhalte im Internet mit einem\u00a0<a href=\"https:\/\/www.clickandstop.ch\/\" target=\"_blank\" rel=\"noopener\" title=\"\">Online-Formular\u00a0<\/a>melden. Clickandstop.ch als Online-Meldestelle gegen sexualisierte Gewalt an Kindern und Jugendlichen, koordiniert anschliessend die weiteren Massnahmen in Zusammenarbeit mit den Strafverfolgungsbeh\u00f6rden. Nebst der M\u00f6glichkeit URLs mit p\u00e4dokriminellen Inhalten niederschwellig und anonym zu melden, bietet der Service auch weitergehende Auskunft und Beratung f\u00fcr Betroffene aber auch Eltern und Erziehungsberechtigte an.<\/p>\n\n\n\n<\/div><\/div><div class=\"default-container content-part replaced-hr\"><div class=\"inner-padding\">\n\n\n\n<h2 class=\"wp-block-heading foreground-primary\">Beratungsstellen<\/h2>\n\n\n\n<ul class=\"wp-block-list\">\n<li>Bei <a rel=\"noreferrer noopener\" aria-label=\"Sucht Schweiz (opens in a new tab)\" href=\"http:\/\/www.suchtschweiz.ch\" target=\"_blank\">Sucht Schweiz<\/a> finden Sie n\u00fctzliche Informationen zum Thema Online-Sucht und ebenfalls Beratungsstellen in Ihrer Region.<\/li>\n\n\n\n<li>Bei <a rel=\"noreferrer noopener\" aria-label=\"tschau.ch (opens in a new tab)\" href=\"https:\/\/www.tschau.ch\/\" target=\"_blank\">tschau.ch<\/a> k\u00f6nnen sich Jugendliche gezielt zum Thema Pornografie informieren und beraten lassen.<\/li>\n\n\n\n<li><a href=\"https:\/\/www.bernergesundheit.ch\/themen\/digitalemedien\/cybersmart\/\" target=\"_blank\" rel=\"noreferrer noopener\">Cybersmart<\/a> bietet Informationen zum Thema Pornografie im Netz f\u00fcr Jugendliche und Erwachsene an.<\/li>\n\n\n\n<li>Menschen mit einer p\u00e4dophilen Neigung, die sich helfen lassen wollen, bevor sie straff\u00e4llig werden, k\u00f6nnen sich an die folgenden spezialisierten Institutionen wenden: <a rel=\"noreferrer noopener\" aria-label=\"forio   (opens in a new tab)\" href=\"https:\/\/www.keinmissbrauch.ch\/\" target=\"_blank\">forio<\/a> oder <a rel=\"noreferrer noopener\" aria-label=\"Universit\u00e4re Psychiatrische Kliniken Basel (opens in a new tab)\" href=\"https:\/\/www.upk.ch\/erwachsene\/hilfe-bei.html\" target=\"_blank\">Universit\u00e4re Psychiatrische Kliniken Basel<\/a>. <\/li>\n<\/ul>\n\n\n\n<\/div><\/div><div class=\"full content-part post-name-pornografie-alles-was-recht-ist  post-type-download\"><div class=\"inner-padding\"><p class=\"featured-image download hide-on-mobile\"><a href=\"https:\/\/www.skppsc.ch\/de\/wp-content\/uploads\/sites\/2\/2016\/12\/pornografie_alle_was_recht_ist.pdf\" download target=\"_blank\"><img loading=\"lazy\" decoding=\"async\" width=\"640\" height=\"908\" src=\"https:\/\/www.skppsc.ch\/de\/wp-content\/uploads\/sites\/2\/2016\/12\/porno_de-640x908.jpg\" class=\"attachment-skp-thumbnail-keep-ratio size-skp-thumbnail-keep-ratio wp-post-image\" alt=\"\" srcset=\"https:\/\/www.skppsc.ch\/de\/wp-content\/uploads\/sites\/2\/2016\/12\/porno_de-640x908.jpg 640w, https:\/\/www.skppsc.ch\/de\/wp-content\/uploads\/sites\/2\/2016\/12\/porno_de-211x300.jpg 211w, https:\/\/www.skppsc.ch\/de\/wp-content\/uploads\/sites\/2\/2016\/12\/porno_de-722x1024.jpg 722w, https:\/\/www.skppsc.ch\/de\/wp-content\/uploads\/sites\/2\/2016\/12\/porno_de-768x1090.jpg 768w, https:\/\/www.skppsc.ch\/de\/wp-content\/uploads\/sites\/2\/2016\/12\/porno_de.jpg 800w\" sizes=\"auto, (max-width: 640px) 100vw, 640px\"><\/a><\/p><div class=\"remaining-content\"><h2 class=\"sub-content-title  foreground-primary foreground-primary\">Pornografie: Alles, was Recht ist<\/h2><h3 class=\"sub-content-subtitle \">Informationen zum Thema Pornografie und deren rechtliche Rahmenbedingungen<\/h3><p>Das Faltblatt \u00abPornografie: Alles, was Recht ist\u00bb informiert \u00fcber die wichtigsten Gesetzesartikel zum Thema Pornografie im Internet. Das Faltblatt erl\u00e4utert die Gesetzeslage und liefert Eltern und Jugendlichen wichtige Informationen zu den Themen Schutzalter, Sexting und illegale Pornografie. Eltern und Erziehungsberechtigten soll dieses Faltblatt Sicherheit in der Diskussion \u00fcber dieses Thema zu geben.<\/p>\n<p><!-- wp:file {\"id\":3512,\"href\":\"https:\/\/www.skppsc.ch\/de\/wp-content\/uploads\/sites\/2\/2016\/12\/pornografie_alle_was_recht_ist.pdf\",\"displayPreview\":true} --><\/p>\n\n<p><!-- \/wp:file --><\/p>\n<p class=\"featured-image download mobile-only\"><a href=\"https:\/\/www.skppsc.ch\/de\/wp-content\/uploads\/sites\/2\/2016\/12\/pornografie_alle_was_recht_ist.pdf\" download target=\"_blank\"><img loading=\"lazy\" decoding=\"async\" width=\"640\" height=\"908\" src=\"https:\/\/www.skppsc.ch\/de\/wp-content\/uploads\/sites\/2\/2016\/12\/porno_de-640x908.jpg\" class=\"attachment-skp-thumbnail-keep-ratio size-skp-thumbnail-keep-ratio wp-post-image\" alt=\"\" srcset=\"https:\/\/www.skppsc.ch\/de\/wp-content\/uploads\/sites\/2\/2016\/12\/porno_de-640x908.jpg 640w, https:\/\/www.skppsc.ch\/de\/wp-content\/uploads\/sites\/2\/2016\/12\/porno_de-211x300.jpg 211w, https:\/\/www.skppsc.ch\/de\/wp-content\/uploads\/sites\/2\/2016\/12\/porno_de-722x1024.jpg 722w, https:\/\/www.skppsc.ch\/de\/wp-content\/uploads\/sites\/2\/2016\/12\/porno_de-768x1090.jpg 768w, https:\/\/www.skppsc.ch\/de\/wp-content\/uploads\/sites\/2\/2016\/12\/porno_de.jpg 800w\" sizes=\"auto, (max-width: 640px) 100vw, 640px\"><\/a><\/p><div class=\"download-bottom-actions \"><a href=\"https:\/\/www.skppsc.ch\/de\/wp-content\/uploads\/sites\/2\/2016\/12\/pornografie_alle_was_recht_ist.pdf\" download target=\"_blank\" class=\"large skp-icon skp-download-pdf download-icon \" title=\"\"><span class=\"link-text\"><\/span><\/a><u-add-to-cart :options='[{\"id\":338,\"title\":\"Pornografie: Alles, was Recht ist\",\"byline\":\"Faltblatt, A5, 8 Seiten, 2024\",\"lang\":\"de\",\"siteId\":2,\"cartHash\":\"292\",\"amount\":0,\"max\":\"9999\",\"articleNumber\":\"10051\"},{\"id\":338,\"title\":\"Pornographie: Agir de bon droit\",\"byline\":\"D\\u00e9pliant, A5, 6 pages, 2024\",\"lang\":\"fr\",\"siteId\":5,\"cartHash\":\"56q\",\"amount\":0,\"max\":\"9999\",\"articleNumber\":\"20051\"},{\"id\":338,\"title\":\"Pornografia: tutto ci\\u00f2 che prevede la legge\",\"byline\":\"Pieghevole, A5, 6 pagine, 2024\",\"lang\":\"it\",\"siteId\":7,\"cartHash\":\"75a\",\"amount\":0,\"max\":\"9999\",\"articleNumber\":\"30051\"}]' :is-logged-in=\"false\" login-url=\"https:\/\/www.skppsc.ch\/de\/wp-login.php?redirect_to=https%3A%2F%2Fwww.skppsc.ch%2Fde%2Fwp-json%2Fwp%2Fv2%2Fpages%2F137%3Fpr%3D292%23292\" police-url=\"https:\/\/www.skppsc.ch\/de\/kontakt-zur-polizei\/\" :initially-opened=\"false\"><\/u-add-to-cart><\/div><\/div><\/div><\/div><div class=\"default-container content-part\"><div class=\"inner-padding\">\n\n\n\n<\/div><\/div><div class=\"full content-part image-wrapper image-724\"><img width=\"2560\" height=\"1280\" src=\"https:\/\/www.skppsc.ch\/de\/wp-content\/uploads\/sites\/2\/2016\/11\/pornografie4-2560x1280.jpg\" class=\"attachment-skp-large-force-ratio size-skp-large-force-ratio\" alt=\"\" srcset=\"https:\/\/www.skppsc.ch\/de\/wp-content\/uploads\/sites\/2\/2016\/11\/pornografie4-2560x1280.jpg 2560w, https:\/\/www.skppsc.ch\/de\/wp-content\/uploads\/sites\/2\/2016\/11\/pornografie4-300x150.jpg 300w, https:\/\/www.skppsc.ch\/de\/wp-content\/uploads\/sites\/2\/2016\/11\/pornografie4-768x384.jpg 768w, https:\/\/www.skppsc.ch\/de\/wp-content\/uploads\/sites\/2\/2016\/11\/pornografie4-640x320.jpg 640w, https:\/\/www.skppsc.ch\/de\/wp-content\/uploads\/sites\/2\/2016\/11\/pornografie4-1280x640.jpg 1280w\" sizes=\"(max-width: 2560px) 100vw, 2560px\"><\/div><div class=\"default-container content-part\"><div class=\"inner-padding\">\n\n\n<\/div><\/div><\/body><\/html>","protected":false},"excerpt":{"rendered":"<p>\u00abE-commerce = P-commerce!\u00bb hiess es in den Anfangszeiten des Online-Konsums und meinte die Tatsache, dass im Netz vor allem Pornografie vertrieben, gekauft und konsumiert w\u00fcrde. Ob dies in der Tat die Hauptvertriebssparte war und ist, sei hier dahingestellt. Dass aber das Angebot an Pornografie durch das Internet deutlich gr\u00f6sser und der Zugang drastisch vereinfacht wurden, ist unbestritten. Es ist deshalb dringlicher geworden, die Rechtslage rund um das Thema Pornografie zu kennen. Denn wer die jeweiligen Gesetze kennt, kann sich und andere davor sch\u00fctzen, durch unbedachtes Handeln ungewollt straff\u00e4llig zu werden, und er kann auch richtig einsch\u00e4tzen, wann es erforderlich ist, polizeiliche Hilfe zu holen.<\/p>\n","protected":false},"author":1,"featured_media":720,"parent":134,"menu_order":30,"comment_status":"closed","ping_status":"closed","template":"","meta":{"showSharingButtons":false,"skp-theme-color":"twelve","_subtitle":"","alternative_title":"","seoDescription":"","seoKeywords":"","seoTitle":"","featuredVideoEmbedCode":"","featuredYoutubeVideoId":"","notes":"","redirectToPostId":0,"skp-further-information":"<p><a href=\"https:\/\/takeitdown.ncmec.org\/de\/\" target=\"_blank\" rel=\"noreferrer noopener\">Take It Down<\/a>: eine technische Massnahme zu verwenden, um die Online-Verbreitung von Bildern oder Videos, die unter 18 Jahren aufgenommen wurden, zu verhindern bzw. zu minimieren<\/p>","hideTile":false,"pageType":"","editor_notices":[],"footnotes":""},"topic":[19],"class_list":["post-137","page","type-page","status-publish","has-post-thumbnail","hentry","topic-illegale-pornografie"],"aioseo_notices":[],"_links":{"self":[{"href":"https:\/\/www.skppsc.ch\/de\/wp-json\/wp\/v2\/pages\/137","targetHints":{"allow":["GET"]}}],"collection":[{"href":"https:\/\/www.skppsc.ch\/de\/wp-json\/wp\/v2\/pages"}],"about":[{"href":"https:\/\/www.skppsc.ch\/de\/wp-json\/wp\/v2\/types\/page"}],"author":[{"embeddable":true,"href":"https:\/\/www.skppsc.ch\/de\/wp-json\/wp\/v2\/users\/1"}],"replies":[{"embeddable":true,"href":"https:\/\/www.skppsc.ch\/de\/wp-json\/wp\/v2\/comments?post=137"}],"version-history":[{"count":0,"href":"https:\/\/www.skppsc.ch\/de\/wp-json\/wp\/v2\/pages\/137\/revisions"}],"up":[{"embeddable":true,"href":"https:\/\/www.skppsc.ch\/de\/wp-json\/wp\/v2\/pages\/134"}],"wp:featuredmedia":[{"embeddable":true,"href":"https:\/\/www.skppsc.ch\/de\/wp-json\/wp\/v2\/media\/720"}],"wp:attachment":[{"href":"https:\/\/www.skppsc.ch\/de\/wp-json\/wp\/v2\/media?parent=137"}],"wp:term":[{"taxonomy":"topic","embeddable":true,"href":"https:\/\/www.skppsc.ch\/de\/wp-json\/wp\/v2\/topic?post=137"}],"curies":[{"name":"wp","href":"https:\/\/api.w.org\/{rel}","templated":true}]}}