{"id":139,"date":"2016-11-24T09:25:30","date_gmt":"2016-11-24T08:25:30","guid":{"rendered":"https:\/\/www.skppsc.ch\/de\/?page_id=139"},"modified":"2026-04-14T16:20:32","modified_gmt":"2026-04-14T14:20:32","slug":"cybermobbing","status":"publish","type":"page","link":"https:\/\/www.skppsc.ch\/de\/themen\/internet\/cybermobbing\/","title":{"rendered":"Cybermobbing"},"content":{"rendered":"<html><body><div class=\"default-container content-part\"><div class=\"inner-padding\">\n<h2 class=\"wp-block-heading foreground-primary\">Definition<\/h2>\n\n\n\n<p>Wenn Person\/-en via Internet oder mittels Smartphones \u00fcber einen l\u00e4ngeren Zeitraum absichtlich beleidigen, bedrohen, blossstellen oder bel\u00e4stigen, spricht man von Cybermobbing.<\/p>\n\n\n\n<p>Im Einzelnen geht es dabei um:<\/p>\n\n\n\n<ul class=\"wp-block-list\">\n<li>die Verbreitung von falschen Informationen und Ger\u00fcchten\u00a0<\/li>\n\n\n\n<li>die Verbreitung von peinlichen, verf\u00e4lschten oder freiz\u00fcgigen resp. pornografischen Fotos und Videos<\/li>\n\n\n\n<li>das Hochladen von Informationen, Ger\u00fcchten, Bildern und Videos auf soziale Netzwerke<\/li>\n\n\n\n<li>das Erstellen von (beleidigenden) Fake-Profilen<\/li>\n\n\n\n<li>das Beschimpfen, Bel\u00e4stigen, Bedrohen und Erpressen via Social Media, E-Mail, SMS etc.<\/li>\n<\/ul>\n\n\n\n<p>Ein besonderer Aspekt im Zusammenhang mit Cybermobbing ist die sogenannte <a href=\"https:\/\/www.skppsc.ch\/de\/themen\/gewalt\/hate-speech-hate-crime\/\" target=\"_blank\" rel=\"noreferrer noopener\">Hassrede (Hate Speech)<\/a>. Als Hate Speech k\u00f6nnen Ausdrucksformen aller Art bezeichnet werden, die sich gegen eine Einzelperson oder eine Gruppe richten. Dies mit dem Ziel, sie zu beleidigen, zu beschimpfen, abzuwerten, herabzuw\u00fcrdigen, zu verunglimpfen, zu verspotten, ver\u00e4chtlich zu machen, kurz: zu diskriminieren.<\/p>\n\n\n\n<\/div><\/div><div class=\"full content-part image-wrapper image-350\"><img width=\"2560\" height=\"1280\" src=\"https:\/\/www.skppsc.ch\/de\/wp-content\/uploads\/sites\/2\/2016\/11\/cybermobbing2-2560x1280.jpg\" class=\"attachment-skp-large-force-ratio size-skp-large-force-ratio\" alt=\"\" srcset=\"https:\/\/www.skppsc.ch\/de\/wp-content\/uploads\/sites\/2\/2016\/11\/cybermobbing2-2560x1280.jpg 2560w, https:\/\/www.skppsc.ch\/de\/wp-content\/uploads\/sites\/2\/2016\/11\/cybermobbing2-300x150.jpg 300w, https:\/\/www.skppsc.ch\/de\/wp-content\/uploads\/sites\/2\/2016\/11\/cybermobbing2-768x384.jpg 768w, https:\/\/www.skppsc.ch\/de\/wp-content\/uploads\/sites\/2\/2016\/11\/cybermobbing2-640x320.jpg 640w, https:\/\/www.skppsc.ch\/de\/wp-content\/uploads\/sites\/2\/2016\/11\/cybermobbing2-1280x640.jpg 1280w\" sizes=\"(max-width: 2560px) 100vw, 2560px\"><\/div><div class=\"default-container content-part\"><div class=\"inner-padding\">\n\n\n\n<h2 class=\"wp-block-heading foreground-primary\">Opfer, T\u00e4terschaft und Ursachen<\/h2>\n\n\n\n<h3 class=\"wp-block-heading\">Das Verh\u00e4ltnis von Opfer und T\u00e4terinnen\/T\u00e4ter<\/h3>\n\n\n\n<p>Cybermobbing betrifft vor allem Kinder und Jugendliche und hat seinen Ursprung oft in der Schule resp. in der Offline-Welt. Obwohl die T\u00e4terinnen und T\u00e4ter manchmal die Anonymit\u00e4t des Internets nutzen, um ihre Identit\u00e4t zu verschleiern, stammen sie in der Regel aus dem Bekanntenkreis des Opfers.\u00a0<\/p>\n\n\n\n<h3 class=\"wp-block-heading\">Ursachen von Cybermobbing<\/h3>\n\n\n\n<p>Cybermobbing ist immer mit einem Mangel an Sozial- und Medienkompetenz verkn\u00fcpft. Den T\u00e4terinnen und T\u00e4ter mangelt es an Empathie f\u00fcr das Opfer oder es ist ihnen gleichg\u00fcltig. Mobberinnen und Mobber erh\u00f6hen ihre Stellung in der Gruppe, indem sie andere blossstellen und beschimpfen. In vielen F\u00e4llen ist sich die T\u00e4terschaft dabei nicht bewusst, dass alle Handlungen, die ausserhalb des Internets verboten sind, auch online strafbar sind.\u00a0<\/p>\n\n\n\n<p>Manchmal wird die mangelnde Medienkompetenz des Opfers von den T\u00e4terinnen und T\u00e4tern ausgenutzt: Gewisse Opfer sind im Vorfeld der Cybermobbing-Attacken unsorgf\u00e4ltig mit ihren Passw\u00f6rtern umgegangen und haben sich vor dem Posten von Fotos, Videos und anderen Inhalten zu wenig informiert oder \u00fcberlegt, welche Personen diese Posts sehen, verbreiten und missbrauchen k\u00f6nnten.<\/p>\n\n\n\n<p><div class=\"video-container\"><div class=\"iframe-container\"><div class=\"video-ratio\" style=\"padding-top:56.2%;\"><\/div><iframe loading=\"lazy\" title=\"Cybermobbing bek\u00e4mpfen\" src=\"https:\/\/www.youtube.com\/embed\/T5YCb3B4U1I?feature=oembed&amp;rel=0\" frameborder=\"0\" allow=\"accelerometer; autoplay; clipboard-write; encrypted-media; gyroscope; picture-in-picture; web-share\" referrerpolicy=\"strict-origin-when-cross-origin\" allowfullscreen><\/iframe><\/div><\/div><\/p>\n\n\n\n<h3 class=\"wp-block-heading\">Verlagerung ins Internet<\/h3>\n\n\n\n<p>Mit der zunehmenden Verbreitung von Smartphones sind viele Jugendliche den ganzen Tag online. Dieser Umstand f\u00fchrt dazu, dass sich ein betr\u00e4chtlicher Teil ihrer sozialen Interaktionen ins Internet verlagert. Dazu geh\u00f6ren auch das f\u00fcr diese Altersgruppe typische Austragen von Konflikten, das unbewusste und bewusste Eingehen gewisser Risiken sowie das Herantasten an Grenzen oder sogar deren Verletzung. Anders als bei Auseinandersetzungen auf dem Pausenplatz oder Heimweg kann das Opfer von Mobbing \u00fcber das Internet nicht zu Hause Erholung und Schutz suchen, wie dies bei einer \u00abklassischen\u00bb Mobbing-Attacke m\u00f6glich ist. Es muss ausserdem damit rechnen, dass eine Attacke auch noch nach einer Auss\u00f6hnung mit den T\u00e4terinnen und T\u00e4tern und\/oder deren Bestrafung nicht endet: \u00dcber die Weiterverbreitung aller einmal im Internet ver\u00f6ffentlichten Daten hat weder die T\u00e4terschaft noch das Opfer \u2013 und auch nicht die Polizei \u2013 eine wirksame Kontrollm\u00f6glichkeit.<\/p>\n\n\n\n<\/div><\/div><div class=\"full content-part image-wrapper image-351\"><img width=\"2560\" height=\"1280\" src=\"https:\/\/www.skppsc.ch\/de\/wp-content\/uploads\/sites\/2\/2016\/11\/cybermobbing3-2560x1280.jpg\" class=\"attachment-skp-large-force-ratio size-skp-large-force-ratio\" alt=\"\" srcset=\"https:\/\/www.skppsc.ch\/de\/wp-content\/uploads\/sites\/2\/2016\/11\/cybermobbing3-2560x1280.jpg 2560w, https:\/\/www.skppsc.ch\/de\/wp-content\/uploads\/sites\/2\/2016\/11\/cybermobbing3-300x150.jpg 300w, https:\/\/www.skppsc.ch\/de\/wp-content\/uploads\/sites\/2\/2016\/11\/cybermobbing3-768x384.jpg 768w, https:\/\/www.skppsc.ch\/de\/wp-content\/uploads\/sites\/2\/2016\/11\/cybermobbing3-1536x768.jpg 1536w, https:\/\/www.skppsc.ch\/de\/wp-content\/uploads\/sites\/2\/2016\/11\/cybermobbing3-2048x1024.jpg 2048w, https:\/\/www.skppsc.ch\/de\/wp-content\/uploads\/sites\/2\/2016\/11\/cybermobbing3-640x320.jpg 640w, https:\/\/www.skppsc.ch\/de\/wp-content\/uploads\/sites\/2\/2016\/11\/cybermobbing3-1280x640.jpg 1280w\" sizes=\"(max-width: 2560px) 100vw, 2560px\"><\/div><div class=\"default-container content-part\"><div class=\"inner-padding\">\n\n\n\n<h2 class=\"wp-block-heading foreground-primary\">Rechtslage<\/h2>\n\n\n\n<p>In der Schweiz existiert kein eigenst\u00e4ndiger Gesetzesartikel zu Cybermobbing.\u00a0<\/p>\n\n\n\n<p>M\u00f6gliche und typische Straftatbest\u00e4nde, die bei Cybermobbing erf\u00fcllt werden, sind:<\/p>\n\n\n\n<ul class=\"wp-block-list\">\n<li><a aria-label=\"Art. 143bis StGB (opens in a new tab)\" href=\"https:\/\/www.admin.ch\/opc\/de\/classified-compilation\/19370083\/index.html#a143bis\" target=\"_blank\" rel=\"noreferrer noopener\">Art. 143<sup>bis<\/sup> StGB<\/a> Unbefugtes Eindringen in ein Datenverarbeitungssystem<\/li>\n\n\n\n<li><a aria-label=\"Art. 144bis Ziff. 1 StGB (opens in a new tab)\" href=\"https:\/\/www.admin.ch\/opc\/de\/classified-compilation\/19370083\/index.html#a144bis\" target=\"_blank\" rel=\"noreferrer noopener\">Art. 144<sup>bis<\/sup> Ziff. 1 StGB<\/a> Datenbesch\u00e4digung<\/li>\n\n\n\n<li><a aria-label=\"Art. 156 StGB (opens in a new tab)\" href=\"https:\/\/www.admin.ch\/opc\/de\/classified-compilation\/19370083\/index.html#a156\" target=\"_blank\" rel=\"noreferrer noopener\">Art. 156 StGB<\/a> Erpressung<\/li>\n\n\n\n<li><a aria-label=\"Art. 173 StGB (opens in a new tab)\" href=\"https:\/\/www.admin.ch\/opc\/de\/classified-compilation\/19370083\/index.html#a173\" target=\"_blank\" rel=\"noreferrer noopener\">Art. 173 StGB<\/a> \u00dcble Nachrede<\/li>\n\n\n\n<li><a aria-label=\"Art. 174 StGB (opens in a new tab)\" href=\"https:\/\/www.admin.ch\/opc\/de\/classified-compilation\/19370083\/index.html#a174\" target=\"_blank\" rel=\"noreferrer noopener\">Art. 174 StGB<\/a> Verleumdung<\/li>\n\n\n\n<li><a aria-label=\"Art. 177 StGB (opens in a new tab)\" href=\"https:\/\/www.admin.ch\/opc\/de\/classified-compilation\/19370083\/index.html#a177\" target=\"_blank\" rel=\"noreferrer noopener\">Art. 177 StGB<\/a> Beschimpfung<\/li>\n\n\n\n<li><a aria-label=\"Art. 179quater StGB (opens in a new tab)\" href=\"https:\/\/www.admin.ch\/opc\/de\/classified-compilation\/19370083\/index.html#a179quater\" target=\"_blank\" rel=\"noreferrer noopener\">Art. 179<sup>quater<\/sup> StGB<\/a> Verletzung des Geheim- oder Privatbereichs durch Aufnahmeger\u00e4te<\/li>\n\n\n\n<li><a href=\"https:\/\/www.fedlex.admin.ch\/eli\/cc\/54\/757_781_799\/de#art_179_septies\" target=\"_blank\" rel=\"noreferrer noopener\">Art. 179<sup>septies<\/sup> StGB<\/a> Missbrauch einer Fernmeldeanlage<\/li>\n\n\n\n<li><a aria-label=\"Art. 179novies StGB (opens in a new tab)\" href=\"https:\/\/www.admin.ch\/opc\/de\/classified-compilation\/19370083\/index.html#a179novies\" target=\"_blank\" rel=\"noreferrer noopener\">Art. 179<sup>novies<\/sup> StGB<\/a> Unbefugtes Beschaffen von Personendaten<\/li>\n\n\n\n<li><a aria-label=\"Art. 180 StGB (opens in a new tab)\" href=\"https:\/\/www.admin.ch\/opc\/de\/classified-compilation\/19370083\/index.html#a180\" target=\"_blank\" rel=\"noreferrer noopener\">Art. 180 StGB<\/a> Drohung<\/li>\n\n\n\n<li><a aria-label=\"Art. 181 StGB (opens in a new tab)\" href=\"https:\/\/www.admin.ch\/opc\/de\/classified-compilation\/19370083\/index.html#a181\" target=\"_blank\" rel=\"noreferrer noopener\">Art. 181 StGB<\/a> N\u00f6tigung<\/li>\n<\/ul>\n\n\n\n<\/div><\/div><div class=\"default-container content-part   \" style=\";\"><div class=\"inner-padding\">\n\n\n\n<h2 class=\"wp-block-heading foreground-primary\">Was tut die Polizei?<\/h2>\n\n\n\n<p>Falls Cybermobbing in einem konkreten Fall mit Erpressung nach Art. 156 StGB oder N\u00f6tigung nach Art. 181 StGB einhergeht, werden die entsprechenden Taten von der Polizei von Amtes wegen verfolgt, sobald sie Kenntnis davon hat. Denn diese Delikte sind so genannte Offizialdelikte. Dies geschieht unabh\u00e4ngig davon, ob das Opfer die strafrechtliche Verfolgung der T\u00e4terinnen und T\u00e4ter will oder nicht!<\/p>\n\n\n\n<p>Andere, \u00ableichtere\u00bb Straftaten, die in Zusammenhang mit Cybermobbing begangen wurden (z.B. Beschimpfung nach Art. 177 StGB), werden nur verfolgt, wenn das Opfer (oder seine gesetzliche Vertretung) einen Strafantrag bei der Polizei stellt. Hier spricht man von Antragsdelikten.\u00a0<\/p>\n\n\n\n<\/div><\/div><div class=\"default-container clues content-part children-count-2 children-count-even\"><div class=\"inner-padding\"><a id=\"tips\"><\/a><h2 class=\"subcontent-main-title foreground-primary foreground-primary\">Was kann ich tun?<\/h2><div class=\"clues-inner-table clues-count-even\"><div class=\"clue-item clues-count-even clues-count-2 background-faded\"><div class=\"clue wenn-ich-mein-kind-vor-cybermobbing-schuetzen-will\"><p class=\"clue-image\"><img loading=\"lazy\" decoding=\"async\" width=\"640\" height=\"320\" src=\"https:\/\/www.skppsc.ch\/de\/wp-content\/uploads\/sites\/2\/2016\/12\/cybermobbingtipp1-640x320.jpg\" class=\"attachment-skp-thumbnail-force-ratio size-skp-thumbnail-force-ratio wp-post-image\" alt=\"\" srcset=\"https:\/\/www.skppsc.ch\/de\/wp-content\/uploads\/sites\/2\/2016\/12\/cybermobbingtipp1-640x320.jpg 640w, https:\/\/www.skppsc.ch\/de\/wp-content\/uploads\/sites\/2\/2016\/12\/cybermobbingtipp1-300x150.jpg 300w, https:\/\/www.skppsc.ch\/de\/wp-content\/uploads\/sites\/2\/2016\/12\/cybermobbingtipp1-768x384.jpg 768w, https:\/\/www.skppsc.ch\/de\/wp-content\/uploads\/sites\/2\/2016\/12\/cybermobbingtipp1.jpg 800w\" sizes=\"auto, (max-width: 640px) 100vw, 640px\"><\/p><h3 class=\"clue-title background-primary foreground-title\">Wenn ich mein Kind vor Cybermobbing sch\u00fctzen will:<\/h3><ul>\n<li><strong>Unterst\u00fctzen Sie Ihr Kind bei der Aneignung von Medienkompetenz.<\/strong> Sprechen Sie mit ihm \u00fcber die Chancen und Gefahren des Internets. Verwenden Sie dazu beispielsweise die Brosch\u00fcre <a href=\"https:\/\/www.skppsc.ch\/de\/download\/my-little-safebook\/\" target=\"_blank\">\u00abMy little Safebook\u00bb<\/a>. F\u00fcr Kinder unter 12 Jahren gibt es die Brosch\u00fcre <a href=\"https:\/\/www.skppsc.ch\/de\/download\/es-war-einmal-das-internet\/\" target=\"_blank\">\u00abEs war einmal\u2026das Internet\u00bb<\/a>.\u00a0<\/li>\n<li><strong>Ermuntern Sie Ihr Kind, sich Ihnen anzuvertrauen.<\/strong> Erkl\u00e4ren Sie ihm, dass es mit Ihnen sprechen kann und soll, wenn es in den sozialen Medien gemobbt wird oder merkt, dass andere gemobbt werden. \u00a0<\/li>\n<li><strong>Scheuen Sie sich nicht<em>,<\/em> das Thema Cybermobbing anzusprechen,<\/strong> auch wenn Sie selbst \u00fcber wenig technische Kompetenz im Umgang mit Laptops, Tablets und Smartphones verf\u00fcgen.\u00a0<\/li>\n<\/ul>\n<\/div><\/div><div class=\"clue-item clues-count-even clues-count-2 background-faded\"><div class=\"clue wenn-mein-kind-opfer-von-cybermobbing-ist-oder-sein-koennte\"><p class=\"clue-image\"><img loading=\"lazy\" decoding=\"async\" width=\"640\" height=\"320\" src=\"https:\/\/www.skppsc.ch\/de\/wp-content\/uploads\/sites\/2\/2016\/12\/cybermobbingtipp2-640x320.jpg\" class=\"attachment-skp-thumbnail-force-ratio size-skp-thumbnail-force-ratio wp-post-image\" alt=\"\" srcset=\"https:\/\/www.skppsc.ch\/de\/wp-content\/uploads\/sites\/2\/2016\/12\/cybermobbingtipp2-640x320.jpg 640w, https:\/\/www.skppsc.ch\/de\/wp-content\/uploads\/sites\/2\/2016\/12\/cybermobbingtipp2-300x150.jpg 300w, https:\/\/www.skppsc.ch\/de\/wp-content\/uploads\/sites\/2\/2016\/12\/cybermobbingtipp2-768x384.jpg 768w, https:\/\/www.skppsc.ch\/de\/wp-content\/uploads\/sites\/2\/2016\/12\/cybermobbingtipp2.jpg 800w\" sizes=\"auto, (max-width: 640px) 100vw, 640px\"><\/p><h3 class=\"clue-title background-primary foreground-title\">Wenn mein Kind von Cybermobbing betroffen ist oder sein k\u00f6nnte:<\/h3><ul>\n<li><strong>Wenn Sie bei Ihrem Kind Verhaltensver\u00e4nderungen beobachten,<\/strong> sprechen Sie es auf die m\u00f6gliche Ursache Cybermobbing an. Verschliessen Sie dabei Ihre Augen nicht davor, dass Ihr Kind sowohl Opfer als auch T\u00e4terin oder T\u00e4ter sein k\u00f6nnte. Reden Sie mit ihm dar\u00fcber. Wenn Sie feststellen, dass sich Ihr Kind an Cybermobbing-Attacken beteiligt, sollten Sie ebenfalls reagieren.<\/li>\n<li><strong>Sichern Sie Beweise f\u00fcr Cybermobbing-Attacken.<\/strong> Erstellen Sie Printscreens von Webseiten, speichern Sie Chatverl\u00e4ufe, SMS, Benutzernamen und dergleichen.<\/li>\n<li><strong>Besprechen Sie den Cybermobbing-Fall <\/strong>mit der Klassenlehrerin\/dem Klassenlehrer und\/oder mit dem Schulsozialdienst. Bestehen Sie darauf, dass sich auch die Klassenlehrperson um die L\u00f6sung und Aufarbeitung des Cybermobbings bem\u00fcht, insbesondere dann, wenn die involvierten Sch\u00fclerinnen und Sch\u00fcler dieselbe Klasse oder Schule besuchen.<\/li>\n<li><strong>Wenn die Cybermobbing-Attacke nach der Kontaktaufnahme mit den Involvierten und deren erwachsenen Bezugspersonen nicht unverz\u00fcglich aufh\u00f6rt,<\/strong> nehmen Sie externe Hilfe in Anspruch. Wenden Sie sich zum Beispiel an eine <a href=\"http:\/\/www.opferhilfe-schweiz.ch\/\" target=\"_blank\" rel=\"noopener noreferrer\">Opferhilfestelle<\/a> oder eine Jugendberatungsstelle in Ihrem Kanton\u00a0und \u00fcberlegen Sie mit diesen Expertinnen und Experten, ob Sie bei der Polizei an Ihrem Wohnort Anzeige erstatten und\/oder Strafantrag stellen wollen oder nicht.<\/li>\n<\/ul>\n<\/div><\/div><\/div><\/div><\/div><div class=\"default-container content-part\"><div class=\"inner-padding\">\n\n\n\n<\/div><\/div><div class=\"full content-part post-name-cybermobbing-alles-was-recht-ist  post-type-download\"><div class=\"inner-padding\"><p class=\"featured-image download hide-on-mobile\"><a href=\"https:\/\/www.skppsc.ch\/de\/wp-content\/uploads\/sites\/2\/2016\/12\/cybermobbing_2024.pdf\" download target=\"_blank\"><img loading=\"lazy\" decoding=\"async\" width=\"640\" height=\"908\" src=\"https:\/\/www.skppsc.ch\/de\/wp-content\/uploads\/sites\/2\/2016\/12\/recht_cybermobbing-640x908.jpg\" class=\"attachment-skp-thumbnail-keep-ratio size-skp-thumbnail-keep-ratio wp-post-image\" alt=\"\" srcset=\"https:\/\/www.skppsc.ch\/de\/wp-content\/uploads\/sites\/2\/2016\/12\/recht_cybermobbing-640x908.jpg 640w, https:\/\/www.skppsc.ch\/de\/wp-content\/uploads\/sites\/2\/2016\/12\/recht_cybermobbing-211x300.jpg 211w, https:\/\/www.skppsc.ch\/de\/wp-content\/uploads\/sites\/2\/2016\/12\/recht_cybermobbing-768x1090.jpg 768w, https:\/\/www.skppsc.ch\/de\/wp-content\/uploads\/sites\/2\/2016\/12\/recht_cybermobbing.jpg 800w\" sizes=\"auto, (max-width: 640px) 100vw, 640px\"><\/a><\/p><div class=\"remaining-content\"><h2 class=\"sub-content-title  foreground-primary foreground-primary\">Cybermobbing: Alles, was Recht ist<\/h2><h3 class=\"sub-content-subtitle \">Informationen zum Thema Cybermobbing und dessen rechtlichen Rahmenbedingungen<\/h3><p>Das Faltblatt \u00abCybermobbing: Alles, was Recht ist\u00bb gibt Auskunft \u00fcber die wichtigsten Gesetzesartikel zum Thema Cybermobbing. Zwei Fallbeispiele erl\u00e4utern, wie \u00fcber die neuen Medien gemobbt wird und sieben Empfehlungen zeigen auf, wie gegen Cybermobbing vorgegangen werden kann. Das Faltblatt hat ausserdem zum Ziel, dass Jugendliche die Grenze zwischen Streitereien und Cybermobbing erkennen. Eltern und Erziehungsberechtigten soll dieses Faltblatt Sicherheit in der Diskussion \u00fcber dieses Thema zu geben.<\/p>\n<p><!-- wp:file {\"id\":3973,\"href\":\"https:\/\/www.skppsc.ch\/de\/wp-content\/uploads\/sites\/2\/2016\/12\/cybermobbing_2024.pdf\"} --><\/p>\n<div class=\"wp-block-file\"><\/div>\n<p><!-- \/wp:file --><\/p>\n<p><!-- wp:paragraph --><\/p>\n<p><!-- \/wp:paragraph --><\/p>\n<p class=\"featured-image download mobile-only\"><a href=\"https:\/\/www.skppsc.ch\/de\/wp-content\/uploads\/sites\/2\/2016\/12\/cybermobbing_2024.pdf\" download target=\"_blank\"><img loading=\"lazy\" decoding=\"async\" width=\"640\" height=\"908\" src=\"https:\/\/www.skppsc.ch\/de\/wp-content\/uploads\/sites\/2\/2016\/12\/recht_cybermobbing-640x908.jpg\" class=\"attachment-skp-thumbnail-keep-ratio size-skp-thumbnail-keep-ratio wp-post-image\" alt=\"\" srcset=\"https:\/\/www.skppsc.ch\/de\/wp-content\/uploads\/sites\/2\/2016\/12\/recht_cybermobbing-640x908.jpg 640w, https:\/\/www.skppsc.ch\/de\/wp-content\/uploads\/sites\/2\/2016\/12\/recht_cybermobbing-211x300.jpg 211w, https:\/\/www.skppsc.ch\/de\/wp-content\/uploads\/sites\/2\/2016\/12\/recht_cybermobbing-768x1090.jpg 768w, https:\/\/www.skppsc.ch\/de\/wp-content\/uploads\/sites\/2\/2016\/12\/recht_cybermobbing.jpg 800w\" sizes=\"auto, (max-width: 640px) 100vw, 640px\"><\/a><\/p><div class=\"download-bottom-actions \"><a href=\"https:\/\/www.skppsc.ch\/de\/wp-content\/uploads\/sites\/2\/2016\/12\/cybermobbing_2024.pdf\" download target=\"_blank\" class=\"large skp-icon skp-download-pdf download-icon \" title=\"\"><span class=\"link-text\"><\/span><\/a><u-add-to-cart :options='[{\"id\":335,\"title\":\"Cybermobbing: Alles, was Recht ist\",\"byline\":\"Faltblatt, A5, 8 Seiten, 2024\",\"lang\":\"de\",\"siteId\":2,\"cartHash\":\"28v\",\"amount\":0,\"max\":\"9999\",\"articleNumber\":\"10055\"},{\"id\":335,\"title\":\"Cyberharc\\u00e8lement: Agir de bon droit\",\"byline\":\"D\\u00e9pliant, A5, 8 pages, 2024\",\"lang\":\"fr\",\"siteId\":5,\"cartHash\":\"56n\",\"amount\":0,\"max\":\"9999\",\"articleNumber\":\"20055\"},{\"id\":335,\"title\":\"Cybermobbing: tutto ci\\u00f2 che prevede la legge\",\"byline\":\"Pieghevole, A5, 8 pagine, 2024\",\"lang\":\"it\",\"siteId\":7,\"cartHash\":\"757\",\"amount\":0,\"max\":\"9999\",\"articleNumber\":\"30055\"}]' :is-logged-in=\"false\" login-url=\"https:\/\/www.skppsc.ch\/de\/wp-login.php?redirect_to=https%3A%2F%2Fwww.skppsc.ch%2Fde%2Fwp-json%2Fwp%2Fv2%2Fpages%2F139%3Fpr%3D28v%2328v\" police-url=\"https:\/\/www.skppsc.ch\/de\/kontakt-zur-polizei\/\" :initially-opened=\"false\"><\/u-add-to-cart><\/div><\/div><\/div><\/div><div class=\"default-container content-part\"><div class=\"inner-padding\">\n\n\n\n<\/div><\/div><div class=\"full content-part image-wrapper image-353\"><img width=\"2560\" height=\"1280\" src=\"https:\/\/www.skppsc.ch\/de\/wp-content\/uploads\/sites\/2\/2016\/11\/cybermobbing4-2560x1280.jpg\" class=\"attachment-skp-large-force-ratio size-skp-large-force-ratio\" alt=\"\" srcset=\"https:\/\/www.skppsc.ch\/de\/wp-content\/uploads\/sites\/2\/2016\/11\/cybermobbing4-2560x1280.jpg 2560w, https:\/\/www.skppsc.ch\/de\/wp-content\/uploads\/sites\/2\/2016\/11\/cybermobbing4-300x150.jpg 300w, https:\/\/www.skppsc.ch\/de\/wp-content\/uploads\/sites\/2\/2016\/11\/cybermobbing4-768x384.jpg 768w, https:\/\/www.skppsc.ch\/de\/wp-content\/uploads\/sites\/2\/2016\/11\/cybermobbing4-640x320.jpg 640w, https:\/\/www.skppsc.ch\/de\/wp-content\/uploads\/sites\/2\/2016\/11\/cybermobbing4-1280x640.jpg 1280w\" sizes=\"(max-width: 2560px) 100vw, 2560px\"><\/div><div class=\"default-container content-part\"><div class=\"inner-padding\">\n<\/div><\/div><\/body><\/html>","protected":false},"excerpt":{"rendered":"<p>Die \u00fcberwiegende Mehrheit der Jugendlichen hat heute Zugang zum Internet. Viele von ihnen tragen das Internet in Form ihres Smartphones quasi in der Hosentasche mit sich rum. Obwohl sich keine fr\u00fchere Generation so vertraut in der digitalen Welt bewegt hat, m\u00fcssen Eltern und Lehrpersonen Jugendliche auf die Gefahren und Herausforderungen des Internets hinweisen. Cybermobbing ist eine solche Gefahr. Wer \u00fcber das Thema Cybermobbing Bescheid weiss, kann nicht nur mithelfen, Cybermobbing-Attacken zu verhindern, sondern reagiert auch richtig, wenn er mit Cybermobbing in Ber\u00fchrung kommt.<\/p>\n","protected":false},"author":1,"featured_media":349,"parent":138,"menu_order":20,"comment_status":"closed","ping_status":"closed","template":"","meta":{"showSharingButtons":false,"skp-theme-color":"two","_subtitle":"","alternative_title":"Cyber|mobbing","seoDescription":"","seoKeywords":"","seoTitle":"","featuredVideoEmbedCode":"","featuredYoutubeVideoId":"","notes":"","redirectToPostId":0,"skp-further-information":"<p>Auf dem Informationsportal <a href=\"http:\/\/www.jugendundmedien.ch\/de\/home.html\" target=\"_blank\" rel=\"noopener\">Jugend und Medien<\/a> erhalten Eltern, Lehr- und Betreuungspersonen Antworten, wie sie Kinder und Jugendliche im Medienalltag kompetent begleiten k\u00f6nnen.<\/p>","hideTile":false,"pageType":"","editor_notices":[],"footnotes":""},"topic":[20],"class_list":["post-139","page","type-page","status-publish","has-post-thumbnail","hentry","topic-cybermobbing"],"aioseo_notices":[],"_links":{"self":[{"href":"https:\/\/www.skppsc.ch\/de\/wp-json\/wp\/v2\/pages\/139","targetHints":{"allow":["GET"]}}],"collection":[{"href":"https:\/\/www.skppsc.ch\/de\/wp-json\/wp\/v2\/pages"}],"about":[{"href":"https:\/\/www.skppsc.ch\/de\/wp-json\/wp\/v2\/types\/page"}],"author":[{"embeddable":true,"href":"https:\/\/www.skppsc.ch\/de\/wp-json\/wp\/v2\/users\/1"}],"replies":[{"embeddable":true,"href":"https:\/\/www.skppsc.ch\/de\/wp-json\/wp\/v2\/comments?post=139"}],"version-history":[{"count":0,"href":"https:\/\/www.skppsc.ch\/de\/wp-json\/wp\/v2\/pages\/139\/revisions"}],"up":[{"embeddable":true,"href":"https:\/\/www.skppsc.ch\/de\/wp-json\/wp\/v2\/pages\/138"}],"wp:featuredmedia":[{"embeddable":true,"href":"https:\/\/www.skppsc.ch\/de\/wp-json\/wp\/v2\/media\/349"}],"wp:attachment":[{"href":"https:\/\/www.skppsc.ch\/de\/wp-json\/wp\/v2\/media?parent=139"}],"wp:term":[{"taxonomy":"topic","embeddable":true,"href":"https:\/\/www.skppsc.ch\/de\/wp-json\/wp\/v2\/topic?post=139"}],"curies":[{"name":"wp","href":"https:\/\/api.w.org\/{rel}","templated":true}]}}