{"id":14,"date":"2016-11-04T15:30:05","date_gmt":"2016-11-04T14:30:05","guid":{"rendered":"https:\/\/www.skppsc.ch\/de\/?page_id=14"},"modified":"2026-04-21T16:02:44","modified_gmt":"2026-04-21T14:02:44","slug":"waffen-drohungen","status":"publish","type":"page","link":"https:\/\/www.skppsc.ch\/de\/themen\/gewalt\/waffen-drohungen\/","title":{"rendered":"Waffen"},"content":{"rendered":"<html><body><div class=\"default-container content-part\"><div class=\"inner-padding\"><h2 class=\" foreground-primary\">Rechtslage<\/h2>\n<p>Seit Ende 2008 ist das Waffenrecht punktuell revidiert worden. Zus\u00e4tzlich sind am 15. Dezember 2021 weitere \u00c4nderungen in Kraft getreten, die das Verbringen von Feuerwaffen und deren wesentliche Waffenbestandteile regeln. Das <a href=\"https:\/\/www.admin.ch\/opc\/de\/classified-compilation\/19983208\/index.html\" target=\"_blank\" rel=\"noopener noreferrer\">Waffengesetz<\/a> und die <a href=\"https:\/\/www.admin.ch\/opc\/de\/classified-compilation\/20081148\/index.html\" target=\"_blank\" rel=\"noopener noreferrer\">entsprechende Verordnung<\/a> finden sich bei <a href=\"https:\/\/www.fedpol.admin.ch\/de\/waffen-munition\" target=\"_blank\" rel=\"noopener noreferrer\">fedpol.<\/a><\/p>\n<p>Somit ist gesetzlich umfassend geregelt, was als Waffe gilt und wer in der Schweiz unter welchen Bedingungen Waffen herstellen, handeln, erwerben und tragen darf.<\/p>\n<p>Aus kriminalpr\u00e4ventiver Sicht sind \u2013\u00a0neben der Vermittlung der Rechtslage \u2013\u00a0vor allem zwei Aspekte im Thema Waffen von Bedeutung: Der Umgang mit Soft-Air-Waffen und Laserpointern und die Kriminalit\u00e4tsfurcht.<\/p>\n<\/div><\/div><div class=\"full content-part image-wrapper image-940\"><img width=\"2560\" height=\"1280\" src=\"https:\/\/www.skppsc.ch\/de\/wp-content\/uploads\/sites\/2\/2017\/04\/waffen2-2560x1280.jpg\" class=\"attachment-skp-large-force-ratio size-skp-large-force-ratio\" alt=\"\" srcset=\"https:\/\/www.skppsc.ch\/de\/wp-content\/uploads\/sites\/2\/2017\/04\/waffen2-2560x1280.jpg 2560w, https:\/\/www.skppsc.ch\/de\/wp-content\/uploads\/sites\/2\/2017\/04\/waffen2-300x150.jpg 300w, https:\/\/www.skppsc.ch\/de\/wp-content\/uploads\/sites\/2\/2017\/04\/waffen2-768x384.jpg 768w, https:\/\/www.skppsc.ch\/de\/wp-content\/uploads\/sites\/2\/2017\/04\/waffen2-640x320.jpg 640w, https:\/\/www.skppsc.ch\/de\/wp-content\/uploads\/sites\/2\/2017\/04\/waffen2-1280x640.jpg 1280w\" sizes=\"(max-width: 2560px) 100vw, 2560px\"><\/div><div class=\"default-container content-part\"><div class=\"inner-padding\">\n<h2 class=\" foreground-primary\">Soft-Air-Waffen \/ Imitationswaffen<\/h2>\n<p>Schon seit mehreren Jahren sind Soft-Air-Waffen und andere Imitationswaffen als Trendspielzeuge f\u00fcr Kinder, Jugendliche und Erwachsene (Stichwort \u00abGotcha\u00bb oder \u00abPaintball\u00bb) auf dem Markt erh\u00e4ltlich. Diese Waffen verwenden Gummi- oder Farbpatronen als Munition, was insbesondere f\u00fcr die Augen eine Verletzungsgefahr birgt. Mit einem sachgem\u00e4ssen Umgang lassen sich Unf\u00e4lle jedoch vermeiden. Um vieles gravierender sind hingegen die Gefahren, die sich aus der Verwechslung solcher Waffen ergeben. Die spezielle Problematik von Soft-Air-Waffen liegt darin, dass sie selbst von Fachleuten nicht oder nur schlecht von echten Feuerwaffen unterschieden werden k\u00f6nnen. Vorf\u00e4lle aus dem In- und Ausland zeigen, dass eine direkte Konfrontation mit einer T\u00e4terschaft, die Soft-Air-Waffen benutzt, schlimme Folgen haben kann.<\/p>\n<p>Wenn Imitationswaffen zu Bedrohungszwecken eingesetzt werden, wenn auch in spielerischer Absicht, kann dies eine folgenschwere Wirkungen haben. Im Bann der Bedrohung kann eine Person die Waffe n\u00e4mlich nicht als harmlos beurteilen. Sie reagiert deshalb instinktiv gleich, wie wenn sie durch eine echte Feuerwaffe bedroht werden w\u00fcrde. Bez\u00fcglich der Bedrohungswirkung ist die Imitationswaffen deshalb einer echten Waffe gleich zu stellen.<\/p>\n<p>Soft-Air-Waffen sind keine Spielzeuge. Das neue Waffengesetz regelt deshalb seit dem 1. Januar 2009 den Umgang mit Soft-Air- und anderen Imitationswaffen. Gem\u00e4ss <a href=\"https:\/\/www.admin.ch\/opc\/de\/classified-compilation\/19983208\/index.html\" target=\"_blank\" rel=\"noopener noreferrer\">Art. 4 des Waffengesetzes (WG)<\/a> gelten Soft-Air-Waffen dann als meldepflichtige Waffe, wenn die Gefahr einer Verwechslung mit einer Feuerwaffe besteht.<\/p>\n<\/div><\/div><div class=\"full content-part image-wrapper image-936\"><img width=\"2560\" height=\"1280\" src=\"https:\/\/www.skppsc.ch\/de\/wp-content\/uploads\/sites\/2\/2016\/11\/waffen3-2560x1280.jpg\" class=\"attachment-skp-large-force-ratio size-skp-large-force-ratio\" alt=\"\" srcset=\"https:\/\/www.skppsc.ch\/de\/wp-content\/uploads\/sites\/2\/2016\/11\/waffen3-2560x1280.jpg 2560w, https:\/\/www.skppsc.ch\/de\/wp-content\/uploads\/sites\/2\/2016\/11\/waffen3-300x150.jpg 300w, https:\/\/www.skppsc.ch\/de\/wp-content\/uploads\/sites\/2\/2016\/11\/waffen3-768x384.jpg 768w, https:\/\/www.skppsc.ch\/de\/wp-content\/uploads\/sites\/2\/2016\/11\/waffen3-640x320.jpg 640w, https:\/\/www.skppsc.ch\/de\/wp-content\/uploads\/sites\/2\/2016\/11\/waffen3-1280x640.jpg 1280w\" sizes=\"(max-width: 2560px) 100vw, 2560px\"><\/div><div class=\"default-container content-part\"><div class=\"inner-padding\">\n<h2 class=\" foreground-primary\">Die Gef\u00e4hrlichkeit von Laserpointern<\/h2>\n<p>Laserpointer sind praktische Zeigehilfen bei Vortr\u00e4gen. Wie der Begriff schon sagt, kann mittels eines Laserstrahls auf einen entfernten Punkt hingewiesen werden. Die optische Strahlung darf die<a href=\"https:\/\/www.bag.admin.ch\/bag\/de\/home\/gesund-leben\/umwelt-und-gesundheit\/strahlung-radioaktivitaet-schall\/elektromagnetische-felder-emf-uv-laser-licht\/laser-und-lasershows\/laserpointer.html\" target=\"_blank\" rel=\"noopener noreferrer\"> vorgeschrieben Grenzwerte<\/a> nicht \u00fcberschreiten, da es ansonsten insbesondere f\u00fcr geblendete Augen gef\u00e4hrlich werden und im Extremfall gar zu einer Erblindung der betroffenen Person f\u00fchren kann.<\/p>\n<p>Die spielerische Verwendung von Laserpointern ist bei Kindern und Jugendlichen verbreitet. Sie ist aber definitiv missbr\u00e4uchlich und gef\u00e4hrlich, wenn Ger\u00e4te benutzt werden, die den gesetzlich vorgeschriebenen Grenzwert \u00fcberschreiten und wenn der Laserstrahl direkt auf Menschen zielt, insbesondere auch auf Fahrer von \u00f6ffentlichen Verkehrsmitteln. Dass dies nicht nur aus mangelnder Um- und Vorsicht passiert, zeigen F\u00e4lle von gezielten Attacken mit Laserpointern auf Chauffeure und auch auf Polizisten und Polizistinnen bei Demonstrationen.<\/p>\n<\/div><\/div><div class=\"default-container content-part replaced-hr\"><div class=\"inner-padding\">\n<h2 class=\" foreground-primary\">Rechtslage<\/h2>\n<p>Die Gef\u00e4hrlichkeit von Laserpointern ist gem\u00e4ss <a href=\"https:\/\/www.bag.admin.ch\/bag\/de\/home\/gesund-leben\/umwelt-und-gesundheit\/strahlung-radioaktivitaet-schall\/elektromagnetische-felder-emf-uv-laser-licht\/laser-und-lasershows\/laserpointer.html\" target=\"_blank\" rel=\"noopener noreferrer\">Bundesamt f\u00fcr Gesundheit (BAG) ab der Klasse 3R<\/a> gegeben. Da die St\u00e4rke ohne technische \u00dcberpr\u00fcfung nicht feststellbar und somit jedes missbr\u00e4uchlich getragene Laserger\u00e4t geeignet ist, Menschen zu verletzen, sicherlich aber zu bedrohen, gelten diese bis zum Nachweis der Ungef\u00e4hrlichkeit als gef\u00e4hrliche Gegenst\u00e4nde.<\/p>\n<p>Missbr\u00e4uchliches Tragen gef\u00e4hrlicher Gegenst\u00e4nde ist gem\u00e4ss <a href=\"https:\/\/www.admin.ch\/opc\/de\/classified-compilation\/19983208\/index.html\" target=\"_blank\" rel=\"noopener noreferrer\">Waffengesetz<\/a> verboten. Als missbr\u00e4uchlich gilt das Tragen gef\u00e4hrlicher Gegenst\u00e4nde an \u00f6ffentlich zug\u00e4nglichen Orten und das Mitf\u00fchren solcher Gegenst\u00e4nde im Auto, wenn eine bestimmungsgem\u00e4sse Verwendung nicht glaubhaft gemacht werden kann und der Eindruck erweckt wird, dass die Gegenst\u00e4nde missbr\u00e4uchlich eingesetzt werden. Bei missbr\u00e4uchlichem Tragen eines Laserpointers kann dieser beschlagnahmt werden.<\/p>\n\t\t\t<details class=\"wp-block-details read-more-details\">\n\t\t\t\t<summary>Weiterlesen<\/summary>\n\t\t\t\t<p>Folgende Delikte k\u00f6nnen gem\u00e4ss Strafgesetzbuch (StGB) bei einer gezielten Blendung erf\u00fcllt sein:<\/p>\n<ul>\n<li>Art. 126 StGB T\u00e4tlichkeit<\/li>\n<li>Art. 123 StGB Einfache K\u00f6rperverletzung<\/li>\n<li>Art. 122 StGB Schwere K\u00f6rperverletzung<\/li>\n<li>Art. 237 StGB St\u00f6rung des \u00f6ffentlichen Verkehrs<\/li>\n<li>Art. 238 StGB St\u00f6rung des Eisenbahnverkehrs<\/li>\n<li>Art. 285 StGB Gewalt und Drohung gegen Beamte<\/li>\n<\/ul>\n<p>Zudem k\u00f6nnen sich auch zivilrechtliche Folgen ergeben. Entscheidet ein Gericht, dass der Einsatz und die Folgen einer Laserblendung \u00abgrobfahrl\u00e4ssig\u00bb oder \u00abvors\u00e4tzlich\u00bb durchgef\u00fchrt wurden, kann der Verursacher, trotz Privathaftpflichtversicherung, zur Kasse gebeten werden. Bei Grobfahrl\u00e4ssigkeit und Vorsatz kann die Versicherung Regress auf den Versicherten nehmen, was sehr teuer werden kann.<\/p>\n<p>\n\t\t\t<\/p><\/details>\n\t\t\t\n<\/div><\/div><div class=\"full content-part image-wrapper image-937\"><img width=\"2560\" height=\"1280\" src=\"https:\/\/www.skppsc.ch\/de\/wp-content\/uploads\/sites\/2\/2016\/11\/waffen4-2560x1280.jpg\" class=\"attachment-skp-large-force-ratio size-skp-large-force-ratio\" alt=\"\" srcset=\"https:\/\/www.skppsc.ch\/de\/wp-content\/uploads\/sites\/2\/2016\/11\/waffen4-2560x1280.jpg 2560w, https:\/\/www.skppsc.ch\/de\/wp-content\/uploads\/sites\/2\/2016\/11\/waffen4-300x150.jpg 300w, https:\/\/www.skppsc.ch\/de\/wp-content\/uploads\/sites\/2\/2016\/11\/waffen4-768x384.jpg 768w, https:\/\/www.skppsc.ch\/de\/wp-content\/uploads\/sites\/2\/2016\/11\/waffen4-1536x768.jpg 1536w, https:\/\/www.skppsc.ch\/de\/wp-content\/uploads\/sites\/2\/2016\/11\/waffen4-2048x1024.jpg 2048w, https:\/\/www.skppsc.ch\/de\/wp-content\/uploads\/sites\/2\/2016\/11\/waffen4-640x320.jpg 640w, https:\/\/www.skppsc.ch\/de\/wp-content\/uploads\/sites\/2\/2016\/11\/waffen4-1280x640.jpg 1280w\" sizes=\"(max-width: 2560px) 100vw, 2560px\"><\/div><div class=\"default-container content-part\"><div class=\"inner-padding\">\n<h2 class=\" foreground-primary\">Kriminalit\u00e4tsfurcht und der Wunsch nach Selbstschutz<\/h2>\n<p>Aus der kriminologischen Forschung ist bekannt, dass nicht in erster Linie die objektive Sicherheitslage die messbare Kriminalit\u00e4tsfurcht erh\u00f6ht, sondern eher eine \u00fcberproportional h\u00e4ufige und emotional aufgeladene Berichterstattung von Delikten, die \u00aballe treffen k\u00f6nnten\u00bb. Das heisst: In Zeiten, in denen gewisse Deliktsbereiche wie Einbruch oder auch Terroranschl\u00e4ge omnipr\u00e4sent medial besprochen werden, w\u00e4chst bei gewissen Teilen der Bev\u00f6lkerung die Furcht, ebenfalls Opfer zu werden. Unter diesen findet sich wiederum eine Gruppe, die diese gestiegene Furcht mit der Anschaffung einer Schusswaffe bek\u00e4mpfen m\u00f6chte.<\/p>\n<p>Gem\u00e4ss Medienberichten gibt es immer mehr Menschen in der Schweiz, die sich eine Schusswaffe zum Selbstschutz zulegen. Begr\u00fcndet wird dieses Verhalten mit einem (subjektiv empfundenen) Unsicherheitsgef\u00fchl vor allem bez\u00fcglich Einbrechern oder Terroranschl\u00e4gen.<\/p>\n<p><div class=\"video-container\"><div class=\"iframe-container\"><div class=\"video-ratio\" style=\"padding-top:56.2%;\"><\/div><iframe loading=\"lazy\" title=\"Einbr\u00fcche verhindern\" src=\"https:\/\/www.youtube.com\/embed\/Ys00XmbC_K8?feature=oembed&amp;rel=0\" frameborder=\"0\" allow=\"accelerometer; autoplay; clipboard-write; encrypted-media; gyroscope; picture-in-picture; web-share\" referrerpolicy=\"strict-origin-when-cross-origin\" allowfullscreen><\/iframe><\/div><\/div><\/p>\n<p>Die Tatsache, dass zum einen die Anzahl Einbruchsdelikte nicht angestiegen ist und kaum je bei Anwesenheit der Bewohnerinnen und Bewohner eingebrochen wird und zum anderen eine Waffe zu Hause gegen einen Terrorakt nichts ausrichten kann, scheint als Argument nicht zu wirken.<\/p>\n<p>Aus polizeilicher und pr\u00e4ventiver Sicht ist von einer Anschaffung einer Schusswaffe zum Selbstschutz dringend abzuraten! Der Umgang mit einer Schusswaffe muss regelm\u00e4ssig ge\u00fcbt werden und eine Waffe kann unge\u00fcbten H\u00e4nden schnell entrissen und vom Angreifer gegen einen selbst eingesetzt werden.<\/p>\n<\/div><\/div><div class=\"default-container content-part replaced-hr\"><div class=\"inner-padding\">\n<h2 class=\" foreground-primary\">Was tut die Polizei?<\/h2>\n<p>Jedes Polizeikorps verf\u00fcgt \u00fcber ein <a href=\"https:\/\/www.fedpol.admin.ch\/fedpol\/de\/home\/sicherheit\/waffen\/waffenerwerb.html\" target=\"_blank\" rel=\"noopener noreferrer\">Waffenb\u00fcro,<\/a> welches das schweizerische Waffenrecht vollzieht und bei dem nicht mehr ben\u00f6tigte Waffen abgegeben werden k\u00f6nnen.<\/p>\n<\/div><\/div><div class=\"default-container clues content-part children-count-3 children-count-odd\"><div class=\"inner-padding\"><a id=\"tips\"><\/a><h2 class=\"subcontent-main-title foreground-primary foreground-primary\">Was kann ich tun?<\/h2><div class=\"clues-inner-table clues-count-odd\"><div class=\"clue-item clues-count-odd clues-count-3 background-faded\"><div class=\"clue besitzt-ihr-kind-eine-imitationswaffe\"><p class=\"clue-image\"><img loading=\"lazy\" decoding=\"async\" width=\"640\" height=\"320\" src=\"https:\/\/www.skppsc.ch\/de\/wp-content\/uploads\/sites\/2\/2016\/11\/waffentipp1-640x320.jpg\" class=\"attachment-skp-thumbnail-force-ratio size-skp-thumbnail-force-ratio wp-post-image\" alt=\"\" srcset=\"https:\/\/www.skppsc.ch\/de\/wp-content\/uploads\/sites\/2\/2016\/11\/waffentipp1-640x320.jpg 640w, https:\/\/www.skppsc.ch\/de\/wp-content\/uploads\/sites\/2\/2016\/11\/waffentipp1-300x150.jpg 300w, https:\/\/www.skppsc.ch\/de\/wp-content\/uploads\/sites\/2\/2016\/11\/waffentipp1-768x384.jpg 768w, https:\/\/www.skppsc.ch\/de\/wp-content\/uploads\/sites\/2\/2016\/11\/waffentipp1.jpg 800w\" sizes=\"auto, (max-width: 640px) 100vw, 640px\"><\/p><h3 class=\"clue-title background-primary foreground-title\">Besitzt Ihr Kind eine Imitationswaffe?<\/h3><ul>\n<li><strong>Als Erziehungsberechtigte<\/strong> sind Sie verpflichtet sicherzustellen, dass Ihr Kind keinen Zugang zu Waffen besitzt.<\/li>\n<li><strong>Machen Sie Ihren Sohn oder Ihre Tochter darauf aufmerksam,<\/strong> dass der Kauf, Verkauf und Besitz von Imitations- und andere Waffen durch Minderj\u00e4hrige nur <a href=\"https:\/\/www.fedpol.admin.ch\/fedpol\/de\/home\/sicherheit\/waffen.html\" target=\"_blank\" rel=\"noopener noreferrer\">unter bestimmten Auflagen<\/a> erlaubt ist.<\/li>\n<li><strong>Wenn Ihr Kind eine nicht bewilligte Imitationswaffe besitzt,<\/strong> fordern Sie es auf, die Waffen beim zust\u00e4ndigen kantonalen Waffenb\u00fcro abzugeben.<\/li>\n<li><strong>Jugendliche d\u00fcrfen Waffen nur unter fachkundiger Anweisung benutzen.<\/strong> Gelegenheit dazu bieten die \u00f6rtlichen Sch\u00fctzen- und Sportwaffenvereine, die regelm\u00e4ssig Jungsch\u00fctzenkurse f\u00fcr Jugendliche ab 16 Jahren organisieren.<\/li>\n<\/ul>\n<\/div><\/div><div class=\"clue-item clues-count-odd clues-count-3 background-faded\"><div class=\"clue wollen-sie-sich-zum-selbstschutz-bewaffnen\"><p class=\"clue-image\"><img loading=\"lazy\" decoding=\"async\" width=\"640\" height=\"320\" src=\"https:\/\/www.skppsc.ch\/de\/wp-content\/uploads\/sites\/2\/2016\/11\/waffentipp2-640x320.jpg\" class=\"attachment-skp-thumbnail-force-ratio size-skp-thumbnail-force-ratio wp-post-image\" alt=\"\" srcset=\"https:\/\/www.skppsc.ch\/de\/wp-content\/uploads\/sites\/2\/2016\/11\/waffentipp2-640x320.jpg 640w, https:\/\/www.skppsc.ch\/de\/wp-content\/uploads\/sites\/2\/2016\/11\/waffentipp2-300x150.jpg 300w, https:\/\/www.skppsc.ch\/de\/wp-content\/uploads\/sites\/2\/2016\/11\/waffentipp2-768x384.jpg 768w, https:\/\/www.skppsc.ch\/de\/wp-content\/uploads\/sites\/2\/2016\/11\/waffentipp2.jpg 800w\" sizes=\"auto, (max-width: 640px) 100vw, 640px\"><\/p><h3 class=\"clue-title background-primary foreground-title\">Wollen Sie sich zum Selbstschutz bewaffnen?<\/h3><ul>\n<li><strong>Informieren Sie sich<\/strong> bei Ihrer Kantons- oder Stadtpolizei \u00fcber die Sinnhaftigkeit und die gesetzlichen Grundlagen einer solchen Anschaffung.\u00a0<\/li>\n<\/ul>\n<\/div><\/div><div class=\"clue-item clues-count-odd clues-count-3 background-faded\"><div class=\"clue wollen-sie-ihre-waffe-loswerden\"><p class=\"clue-image\"><img loading=\"lazy\" decoding=\"async\" width=\"640\" height=\"320\" src=\"https:\/\/www.skppsc.ch\/de\/wp-content\/uploads\/sites\/2\/2016\/11\/waffentipp3-640x320.jpg\" class=\"attachment-skp-thumbnail-force-ratio size-skp-thumbnail-force-ratio wp-post-image\" alt=\"\" srcset=\"https:\/\/www.skppsc.ch\/de\/wp-content\/uploads\/sites\/2\/2016\/11\/waffentipp3-640x320.jpg 640w, https:\/\/www.skppsc.ch\/de\/wp-content\/uploads\/sites\/2\/2016\/11\/waffentipp3-300x150.jpg 300w, https:\/\/www.skppsc.ch\/de\/wp-content\/uploads\/sites\/2\/2016\/11\/waffentipp3-768x384.jpg 768w, https:\/\/www.skppsc.ch\/de\/wp-content\/uploads\/sites\/2\/2016\/11\/waffentipp3.jpg 800w\" sizes=\"auto, (max-width: 640px) 100vw, 640px\"><\/p><h3 class=\"clue-title background-primary foreground-title\">Wollen Sie Ihre Waffe loswerden?<\/h3><ul>\n<li><strong>Sie k\u00f6nnen jederzeit<\/strong> eine nicht mehr ben\u00f6tigte Waffe beim <a href=\"https:\/\/www.fedpol.admin.ch\/fedpol\/de\/home\/sicherheit\/waffen\/waffenerwerb.html\" target=\"_blank\" rel=\"noopener noreferrer\">kantonalen Waffenb\u00fcro<\/a> in Ihrem Wohnkanton abgeben.\u00a0<\/li>\n<\/ul>\n<\/div><\/div><\/div><\/div><\/div><div class=\"default-container content-part\"><div class=\"inner-padding\">\n<\/div><\/div><div class=\"full content-part post-name-waffen-und-gesetz  post-type-download\"><div class=\"inner-padding\"><p class=\"featured-image download hide-on-mobile\"><a href=\"https:\/\/www.skppsc.ch\/de\/wp-content\/uploads\/sites\/2\/2017\/10\/waffenundgesetz.pdf\" download target=\"_blank\"><img loading=\"lazy\" decoding=\"async\" width=\"640\" height=\"902\" src=\"https:\/\/www.skppsc.ch\/de\/wp-content\/uploads\/sites\/2\/2017\/10\/waffenundgesetz-640x902.jpg\" class=\"attachment-skp-thumbnail-keep-ratio size-skp-thumbnail-keep-ratio wp-post-image\" alt=\"\" srcset=\"https:\/\/www.skppsc.ch\/de\/wp-content\/uploads\/sites\/2\/2017\/10\/waffenundgesetz-640x902.jpg 640w, https:\/\/www.skppsc.ch\/de\/wp-content\/uploads\/sites\/2\/2017\/10\/waffenundgesetz-213x300.jpg 213w, https:\/\/www.skppsc.ch\/de\/wp-content\/uploads\/sites\/2\/2017\/10\/waffenundgesetz-768x1083.jpg 768w, https:\/\/www.skppsc.ch\/de\/wp-content\/uploads\/sites\/2\/2017\/10\/waffenundgesetz.jpg 800w\" sizes=\"auto, (max-width: 640px) 100vw, 640px\"><\/a><\/p><div class=\"remaining-content\"><h2 class=\"sub-content-title  foreground-primary foreground-primary\">Waffen und Gesetz<\/h2><h3 class=\"sub-content-subtitle \">10 Fakten<\/h3><p>Das Faltblatt \u00abWaffen und das Gesetz \u2013 10\u00a0Fakten\u00bb erkl\u00e4rt in kompakter Form, welche Aspekte es im Zusammenhang mit dem Erwerb, Tragen und der Aufbewahrung einer Waffe zu beachten gilt, um sich nicht strafbar zu machen. Ausserdem wird beschrieben, was von Gesetzeswegen als Waffe definiert wird und welche Objekte zu den gef\u00e4hrliche Gegenst\u00e4nden oder Spielzeugen gez\u00e4hlt werden. (Das Faltblatt ist auch in <a href=\"https:\/\/www.skppsc.ch\/de\/download\/weapons-and-the-law\/\">Englisch<\/a> verf\u00fcgbar.)<\/p>\n<p><\/p>\n<p class=\"featured-image download mobile-only\"><a href=\"https:\/\/www.skppsc.ch\/de\/wp-content\/uploads\/sites\/2\/2017\/10\/waffenundgesetz.pdf\" download target=\"_blank\"><img loading=\"lazy\" decoding=\"async\" width=\"640\" height=\"902\" src=\"https:\/\/www.skppsc.ch\/de\/wp-content\/uploads\/sites\/2\/2017\/10\/waffenundgesetz-640x902.jpg\" class=\"attachment-skp-thumbnail-keep-ratio size-skp-thumbnail-keep-ratio wp-post-image\" alt=\"\" srcset=\"https:\/\/www.skppsc.ch\/de\/wp-content\/uploads\/sites\/2\/2017\/10\/waffenundgesetz-640x902.jpg 640w, https:\/\/www.skppsc.ch\/de\/wp-content\/uploads\/sites\/2\/2017\/10\/waffenundgesetz-213x300.jpg 213w, https:\/\/www.skppsc.ch\/de\/wp-content\/uploads\/sites\/2\/2017\/10\/waffenundgesetz-768x1083.jpg 768w, https:\/\/www.skppsc.ch\/de\/wp-content\/uploads\/sites\/2\/2017\/10\/waffenundgesetz.jpg 800w\" sizes=\"auto, (max-width: 640px) 100vw, 640px\"><\/a><\/p><div class=\"download-bottom-actions \"><a href=\"https:\/\/www.skppsc.ch\/de\/wp-content\/uploads\/sites\/2\/2017\/10\/waffenundgesetz.pdf\" download target=\"_blank\" class=\"large skp-icon skp-download-pdf download-icon \" title=\"\"><span class=\"link-text\"><\/span><\/a><u-add-to-cart :options='[{\"id\":1075,\"title\":\"Waffen und Gesetz\",\"byline\":\"Faltblatt, A6, 12 Seiten, 2017\",\"lang\":\"de\",\"siteId\":2,\"cartHash\":\"kij\",\"amount\":0,\"max\":\"9999\",\"articleNumber\":\"10062\"},{\"id\":972,\"title\":\"Les armes et la loi\",\"byline\":\"D\\u00e9pliant, A6, 12 pages, 2017\",\"lang\":\"fr\",\"siteId\":5,\"cartHash\":\"5qk\",\"amount\":0,\"max\":\"9999\",\"articleNumber\":\"20062\"},{\"id\":942,\"title\":\"Armi e legge\",\"byline\":\"Pieghevole, A6, 12 pagine, 2017\",\"lang\":\"it\",\"siteId\":7,\"cartHash\":\"7o6\",\"amount\":0,\"max\":\"9999\",\"articleNumber\":\"30062\"}]' :is-logged-in=\"false\" login-url=\"https:\/\/www.skppsc.ch\/de\/wp-login.php?redirect_to=https%3A%2F%2Fwww.skppsc.ch%2Fde%2Fwp-json%2Fwp%2Fv2%2Fpages%2F14%3Fpr%3Dkij%23kij\" police-url=\"https:\/\/www.skppsc.ch\/de\/kontakt-zur-polizei\/\" :initially-opened=\"false\"><\/u-add-to-cart><\/div><\/div><\/div><\/div><div class=\"default-container content-part\"><div class=\"inner-padding\">\n<\/div><\/div><div class=\"full content-part image-wrapper image-938\"><img width=\"2560\" height=\"1280\" src=\"https:\/\/www.skppsc.ch\/de\/wp-content\/uploads\/sites\/2\/2016\/11\/waffen5-2560x1280.jpg\" class=\"attachment-skp-large-force-ratio size-skp-large-force-ratio\" alt=\"\" srcset=\"https:\/\/www.skppsc.ch\/de\/wp-content\/uploads\/sites\/2\/2016\/11\/waffen5-2560x1280.jpg 2560w, https:\/\/www.skppsc.ch\/de\/wp-content\/uploads\/sites\/2\/2016\/11\/waffen5-300x150.jpg 300w, https:\/\/www.skppsc.ch\/de\/wp-content\/uploads\/sites\/2\/2016\/11\/waffen5-768x384.jpg 768w, https:\/\/www.skppsc.ch\/de\/wp-content\/uploads\/sites\/2\/2016\/11\/waffen5-640x320.jpg 640w, https:\/\/www.skppsc.ch\/de\/wp-content\/uploads\/sites\/2\/2016\/11\/waffen5-1280x640.jpg 1280w\" sizes=\"(max-width: 2560px) 100vw, 2560px\"><\/div><div class=\"default-container content-part\"><div class=\"inner-padding\">\n\n<\/div><\/div><\/body><\/html>","protected":false},"excerpt":{"rendered":"<p>\u00abNicht Waffen t\u00f6ten Menschen, sondern Menschen t\u00f6ten Menschen\u00bb. Hinter diesem Kalenderspruch steht die Idee, dass es die menschliche Aggression ist, die anderen Menschen schaden kann und nicht die Waffe per se. Nat\u00fcrlich feuert eine Pistole nicht von alleine los. Dennoch ist es aus kriminologischer Sicht zu einfach, nur die menschlichen Motive ohne die Werkzeuge genauer zu betrachten. Sich mit H\u00e4nden und F\u00fcssen zu wehren oder mit F\u00e4usten und Tritten jemanden anzugreifen, braucht ungleich mehr an F\u00e4higkeiten und Durchsetzungswillen, als den Abzug einer Waffe zu dr\u00fccken! Dem Umstand tr\u00e4gt auch die Gesetzgebung Rechnung, indem sie Waffen nicht frei zum Verkauf gibt und auch den Umgang damit regelt.<\/p>\n","protected":false},"author":1,"featured_media":934,"parent":133,"menu_order":8,"comment_status":"closed","ping_status":"closed","template":"","meta":{"showSharingButtons":false,"skp-theme-color":"two","_subtitle":"","alternative_title":"","seoDescription":"","seoKeywords":"","seoTitle":"","featuredVideoEmbedCode":"","featuredYoutubeVideoId":"","notes":"","redirectToPostId":0,"skp-further-information":"<p>Bei der <a href=\"https:\/\/www.fedpol.admin.ch\/de\/waffen-munition\" target=\"_blank\" rel=\"noopener\" title=\"Zentralstelle Waffen von fedpol\">Zentralstelle Waffen von fedpol<\/a> finden sich alle relevanten Informationen zum Thema Waffen sowie FAQs zu ausgew\u00e4hlten Themen. Beim Bundesamt f\u00fcr Gesundheit finden Sie Informationen zu den Grenzwerten, zum Umgang und zur Gef\u00e4hrlichkeit von <a href=\"https:\/\/www.bag.admin.ch\/de\/laserpointer\" target=\"_blank\" rel=\"noopener\" title=\"Laserpointern\">Laserpointern<\/a>.<\/p>","hideTile":false,"pageType":"","editor_notices":[],"footnotes":""},"topic":[15],"class_list":["post-14","page","type-page","status-publish","has-post-thumbnail","hentry","topic-waffen"],"aioseo_notices":[],"_links":{"self":[{"href":"https:\/\/www.skppsc.ch\/de\/wp-json\/wp\/v2\/pages\/14","targetHints":{"allow":["GET"]}}],"collection":[{"href":"https:\/\/www.skppsc.ch\/de\/wp-json\/wp\/v2\/pages"}],"about":[{"href":"https:\/\/www.skppsc.ch\/de\/wp-json\/wp\/v2\/types\/page"}],"author":[{"embeddable":true,"href":"https:\/\/www.skppsc.ch\/de\/wp-json\/wp\/v2\/users\/1"}],"replies":[{"embeddable":true,"href":"https:\/\/www.skppsc.ch\/de\/wp-json\/wp\/v2\/comments?post=14"}],"version-history":[{"count":0,"href":"https:\/\/www.skppsc.ch\/de\/wp-json\/wp\/v2\/pages\/14\/revisions"}],"up":[{"embeddable":true,"href":"https:\/\/www.skppsc.ch\/de\/wp-json\/wp\/v2\/pages\/133"}],"wp:featuredmedia":[{"embeddable":true,"href":"https:\/\/www.skppsc.ch\/de\/wp-json\/wp\/v2\/media\/934"}],"wp:attachment":[{"href":"https:\/\/www.skppsc.ch\/de\/wp-json\/wp\/v2\/media?parent=14"}],"wp:term":[{"taxonomy":"topic","embeddable":true,"href":"https:\/\/www.skppsc.ch\/de\/wp-json\/wp\/v2\/topic?post=14"}],"curies":[{"name":"wp","href":"https:\/\/api.w.org\/{rel}","templated":true}]}}