{"id":141,"date":"2016-11-24T09:30:39","date_gmt":"2016-11-24T08:30:39","guid":{"rendered":"https:\/\/www.skppsc.ch\/de\/?page_id=141"},"modified":"2026-03-13T09:27:52","modified_gmt":"2026-03-13T08:27:52","slug":"phishing","status":"publish","type":"page","link":"https:\/\/www.skppsc.ch\/de\/themen\/internet\/phishing\/","title":{"rendered":"Phishing"},"content":{"rendered":"<html><body><div class=\"default-container content-part\"><div class=\"inner-padding\">\n<h2 class=\"wp-block-heading foreground-primary\">Definition<\/h2>\n\n\n\n<p>Das Wort Phishing setzt sich aus den englischen Begriffen \u00abPassword\u00bb, \u00abHarvesting\u00bb (dt. Ernten) und \u00abFishing\u00bb zusammen. Wie der Name bereits andeutet, ist Phishing eine Technik, um an vertrauliche Daten von ahnungslosen Internet-Nutzerinnen und -Nutzerinnen zu gelangen. Dabei kann es sich zum Beispiel um die Zugangsdaten von E-Mail-, Post-, E-Banking- oder Online-Plattformen handeln. Phishing-Angriffe k\u00f6nnen von organisierten Banden aber auch von Einzelpersonen ausgehen und finden \u00fcber E-Mail, Webseiten, Internet-Telefonie (VoIP) oder Messenger-Dienste statt. Findet der Phishing-Angriff \u00fcber Messenger-Dienste statt, spricht man von Smishing (SMS und Phishing), findet er \u00fcbers Telefon statt, nennt man es Vhishing (Voice Phishing).<\/p>\n\n\n\n\t\t\t<details class=\"wp-block-details read-more-details\">\n\t\t\t\t<summary>Weiterlesen<\/summary>\n\t\t\t\t<p>Betr\u00fcger verwenden die erschlichenen und gestohlenen Daten f\u00fcr verschiedene Verm\u00f6gensdelikte: Sie t\u00e4tigen im Namen der bestohlenen Person Bank\u00fcberweisungen, kaufen online auf deren Kosten ein oder platzieren sogar gef\u00e4lschte Angebote bei Online-Marktpl\u00e4tzen. Die erschlichenen E-Mail-Zugangsdaten erm\u00f6glichen den Betr\u00fcgern zudem vollen Zugriff auf deren E-Mail-Konto. Auf diese Weise k\u00f6nnen Betr\u00fcger weitere betr\u00fcgerische E-Mails an die Kontakte des Betroffenen senden, das Passwort \u00e4ndern oder das Konto sperren.<\/p>\n<p>\n\t\t\t<\/p><\/details>\n\t\t\t\n\n\n\n<\/div><\/div><div class=\"default-container content-part   \" style=\";\"><div class=\"inner-padding\">\n\n\n\n<h2 class=\"wp-block-heading foreground-primary\">Merkmale eines Phishing-Angriffs<\/h2>\n\n\n\n<p>Phishing-Angriffe k\u00f6nnen ganz unterschiedlich ablaufen, nichtsdestotrotz gibt es typische Merkmale und Gemeinsamkeiten:<\/p>\n\n\n\n<ul class=\"wp-block-list\">\n<li>Am Anfang eines jeden Phishing-Angriffs wird eine Person aufgefordert, ihre pers\u00f6nlichen Daten preiszugeben. Sei es zur Erneuerung der pers\u00f6nlichen Daten zu Sicherheitszwecken, zur Aktualisierung des jeweiligen Benutzerkontos oder aus einem anderen Vorwand (beispielsweise die R\u00fcckerstattung von Elektrizit\u00e4tskosten durch eine Beh\u00f6rde).<\/li>\n\n\n\n<li>Die Person erh\u00e4lt solche Aufforderungen meist per E-Mail oder als Nachricht, zusammen mit einem Link zu einer gef\u00e4lschten Webseite.<\/li>\n\n\n\n<li>Auf der gef\u00e4lschten Webseite wird die Person aufgefordert mit Hilfe eines Formulars ihre pers\u00f6nlichen Daten anzugeben. Nebst vertraulichen Bankdaten werden meist auch andere pers\u00f6nliche Daten (Name, Vorname, E-Mail-Adresse, Benutzername und Passw\u00f6rter f\u00fcr diverse Konten etc.) erfragt.<\/li>\n\n\n\n<li>Die Absenderadresse und Inhalte der Phishing-Mails sowie die Gestaltung der Webseite, auf die im Phishing-Mail verwiesen werden, t\u00e4uschen der Empf\u00e4ngerin oder dem Empf\u00e4nger vor, dass es sich beim Absender um bekannte Finanzinstitute, die Post, Online-Marktpl\u00e4tze (z. B. Ricardo, tutti oder eBay), E-Mail-Provider oder Beh\u00f6rden handelt.<\/li>\n\n\n\n<li>Es kann auch vorkommen, dass Webseiten von seri\u00f6sen Unternehmen gehackt werden, um eine Phishing-Seite einzuf\u00fcgen. Diese Problematik ist vor allem im Bereich E-Banking bekannt.<\/li>\n\n\n\n<li>Beim Phishing-Angriff via Telefon geben sich die Betr\u00fcgerinnen und Betr\u00fcger z.B. als Polizeiangeh\u00f6rige, Finanzdienstleister oder IT-Fachleute aus und erz\u00e4hlen eine erfundene Geschichte zu vermeintlichen Problemen mit der Kreditkarte oder dem Identit\u00e4tsausweis, um an pers\u00f6nliche Daten zu gelangen.<\/li>\n<\/ul>\n\n\n\n<\/div><\/div><div class=\"full content-part image-wrapper image-398\"><img width=\"2560\" height=\"1280\" src=\"https:\/\/www.skppsc.ch\/de\/wp-content\/uploads\/sites\/2\/2016\/11\/phishing2-2560x1280.jpg\" class=\"attachment-skp-large-force-ratio size-skp-large-force-ratio\" alt=\"\" srcset=\"https:\/\/www.skppsc.ch\/de\/wp-content\/uploads\/sites\/2\/2016\/11\/phishing2-2560x1280.jpg 2560w, https:\/\/www.skppsc.ch\/de\/wp-content\/uploads\/sites\/2\/2016\/11\/phishing2-300x150.jpg 300w, https:\/\/www.skppsc.ch\/de\/wp-content\/uploads\/sites\/2\/2016\/11\/phishing2-768x384.jpg 768w, https:\/\/www.skppsc.ch\/de\/wp-content\/uploads\/sites\/2\/2016\/11\/phishing2-640x320.jpg 640w, https:\/\/www.skppsc.ch\/de\/wp-content\/uploads\/sites\/2\/2016\/11\/phishing2-1280x640.jpg 1280w\" sizes=\"(max-width: 2560px) 100vw, 2560px\"><\/div><div class=\"default-container content-part\"><div class=\"inner-padding\">\n\n\n\n<\/div><\/div><div class=\"default-container content-part   \" style=\";\"><div class=\"inner-padding\">\n\n\n\n<h2 class=\"wp-block-heading foreground-primary\">Rechtslage<\/h2>\n\n\n\n<p>Im Schweizerischen Strafgesetzbuch StGB gibt es keinen eigenen Straftatbestand zu Phishing. Folgende Artikel k\u00f6nnen jedoch oft zur Ahndung angewendet werden:<\/p>\n\n\n\n<ul class=\"wp-block-list\">\n<li><a aria-label=\"Art. 143 StGB (opens in a new tab)\" href=\"https:\/\/www.admin.ch\/opc\/de\/classified-compilation\/19370083\/index.html#a143\" target=\"_blank\" rel=\"noreferrer noopener\">Art. 143 StGB<\/a> Unbefugte Datenbeschaffung<\/li>\n\n\n\n<li><a aria-label=\"Art. 143bis StGB (opens in a new tab)\" href=\"https:\/\/www.admin.ch\/opc\/de\/classified-compilation\/19370083\/index.html#a143bis\" target=\"_blank\" rel=\"noreferrer noopener\">Art. 143<sup>bis<\/sup> StGB<\/a> Unbefugtes Eindringen in ein Datenverarbeitungssystem<\/li>\n\n\n\n<li><a aria-label=\"Art. 144 StGB (opens in a new tab)\" href=\"https:\/\/www.admin.ch\/opc\/de\/classified-compilation\/19370083\/index.html#a144\" target=\"_blank\" rel=\"noreferrer noopener\">Art. 144 StGB<\/a> Sachbesch\u00e4digung<\/li>\n\n\n\n<li><a aria-label=\"Art. 147 StGB (opens in a new tab)\" href=\"https:\/\/www.admin.ch\/opc\/de\/classified-compilation\/19370083\/index.html#a147\" target=\"_blank\" rel=\"noreferrer noopener\">Art. 147 StGB<\/a> Betr\u00fcgerischer Missbrauch einer Datenverarbeitungsanlage<\/li>\n\n\n\n<li><a href=\"https:\/\/www.fedlex.admin.ch\/eli\/cc\/54\/757_781_799\/de#art_179_decies\" target=\"_blank\" rel=\"noopener\" title=\"\">Art. 179<sup>decies<\/sup> StGB<\/a> Identit\u00e4tsmissbrauch<\/li>\n\n\n\n<li><a aria-label=\"Art. 251 StGB (opens in a new tab)\" href=\"https:\/\/www.admin.ch\/opc\/de\/classified-compilation\/19370083\/index.html#a251\" target=\"_blank\" rel=\"noreferrer noopener\">Art. 251 StGB<\/a> Urkundenf\u00e4lschung<\/li>\n\n\n\n<li><a aria-label=\"Art. 305bis StGB (opens in a new tab)\" href=\"https:\/\/www.admin.ch\/opc\/de\/classified-compilation\/19370083\/index.html#a305bis\" target=\"_blank\" rel=\"noreferrer noopener\">Art. 305<sup>bis<\/sup> StGB<\/a> Geldw\u00e4scherei<\/li>\n<\/ul>\n\n\n\n<\/div><\/div><div class=\"default-container content-part   \" style=\";\"><div class=\"inner-padding\">\n\n\n\n<h2 class=\"wp-block-heading foreground-primary\">Was tut die Polizei?<\/h2>\n\n\n\n<p>Im Einzelfall ist Phishing enorm schwierig zu verfolgen. H\u00e4ufig verwendet die T\u00e4terschaft n\u00e4mlich im Ausland ans\u00e4ssige Proxy-Dienste zur Erstellung der Phishing-Seiten. Zur Verschleierung der T\u00e4terschaft werden Phishing-E-Mails oftmals entweder \u00fcber Botnets (eine Gruppe von automatisierten Computerprogrammen) versendet oder die Phishing-Seiten werden im Ausland gehostet respektive auf gehackten Servern von Drittparteien platziert. Ausserdem werden die gestohlenen Daten meist verkauft und von anderen Kriminellen weiterverwendet. Da die Ermittlungen sehr aufw\u00e4ndig bis unm\u00f6glich sind, ist es umso wichtiger, sich vor solchen Angriffen zu sch\u00fctzen.<\/p>\n\n\n\n<\/div><\/div><div class=\"default-container clues content-part children-count-2 children-count-even\"><div class=\"inner-padding\"><a id=\"tips\"><\/a><h2 class=\"subcontent-main-title foreground-primary foreground-primary\">Was kann ich tun?<\/h2><div class=\"clues-inner-table clues-count-even\"><div class=\"clue-item clues-count-even clues-count-2 background-faded\"><div class=\"clue damit-ich-kein-opfer-von-phising-werde\"><p class=\"clue-image\"><img loading=\"lazy\" decoding=\"async\" width=\"640\" height=\"320\" src=\"https:\/\/www.skppsc.ch\/de\/wp-content\/uploads\/sites\/2\/2016\/12\/phishingtipp1-640x320.jpg\" class=\"attachment-skp-thumbnail-force-ratio size-skp-thumbnail-force-ratio wp-post-image\" alt=\"\" srcset=\"https:\/\/www.skppsc.ch\/de\/wp-content\/uploads\/sites\/2\/2016\/12\/phishingtipp1-640x320.jpg 640w, https:\/\/www.skppsc.ch\/de\/wp-content\/uploads\/sites\/2\/2016\/12\/phishingtipp1-300x150.jpg 300w, https:\/\/www.skppsc.ch\/de\/wp-content\/uploads\/sites\/2\/2016\/12\/phishingtipp1-768x384.jpg 768w, https:\/\/www.skppsc.ch\/de\/wp-content\/uploads\/sites\/2\/2016\/12\/phishingtipp1.jpg 800w\" sizes=\"auto, (max-width: 640px) 100vw, 640px\"><\/p><h3 class=\"clue-title background-primary foreground-title\">Damit Sie kein Opfer von Phishing werden:<\/h3><ul>\n<li><strong>Grunds\u00e4tzlich gilt:<\/strong> Seri\u00f6se Dienstleister wie Banken, die Post, Online-Auktionsanbieter, Beh\u00f6rden oder \u00e4hnliche Institutionen werden Sie nie \u00fcber E-Mail oder Telefon zur Angabe von Passw\u00f6rtern oder Kreditkartendaten auffordern.<\/li>\n<li><strong>Seien Sie misstrauisch,<\/strong> wenn Sie E-Mails bekommen, die pers\u00f6nliche Daten verlangen und mit Konsequenzen wie Geldverlust, Strafanzeige oder Kartensperrung drohen.<\/li>\n<li><strong>L\u00f6schen Sie solche E-Mails konsequent,<\/strong> ohne auf Links zu klicken oder zu antworten.<\/li>\n<li><strong>\u00dcberpr\u00fcfen Sie verd\u00e4chtige Websites:<\/strong> <a href=\"https:\/\/checkawebsite.ibarry.ch\" target=\"_blank\" rel=\"noopener\">https:\/\/checkawebsite.ibarry.ch<\/a><\/li>\n<\/ul>\n<\/div><\/div><div class=\"clue-item clues-count-even clues-count-2 background-faded\"><div class=\"clue wenn-ich-opfer-von-phishing-bin\"><p class=\"clue-image\"><img loading=\"lazy\" decoding=\"async\" width=\"640\" height=\"320\" src=\"https:\/\/www.skppsc.ch\/de\/wp-content\/uploads\/sites\/2\/2016\/12\/phishingtipp2-640x320.jpg\" class=\"attachment-skp-thumbnail-force-ratio size-skp-thumbnail-force-ratio wp-post-image\" alt=\"\" srcset=\"https:\/\/www.skppsc.ch\/de\/wp-content\/uploads\/sites\/2\/2016\/12\/phishingtipp2-640x320.jpg 640w, https:\/\/www.skppsc.ch\/de\/wp-content\/uploads\/sites\/2\/2016\/12\/phishingtipp2-300x150.jpg 300w, https:\/\/www.skppsc.ch\/de\/wp-content\/uploads\/sites\/2\/2016\/12\/phishingtipp2-768x384.jpg 768w, https:\/\/www.skppsc.ch\/de\/wp-content\/uploads\/sites\/2\/2016\/12\/phishingtipp2.jpg 800w\" sizes=\"auto, (max-width: 640px) 100vw, 640px\"><\/p><h3 class=\"clue-title background-primary foreground-title\">Wenn Sie Opfer von Phishing wurden:<\/h3><p><!-- wp:list --><\/p>\n<ul class=\"wp-block-list\"><!-- wp:list-item -->\n<li><strong>\u00c4ndern Sie sofort die kommunizierten Passw\u00f6rter<\/strong> und erstellen Sie neue und <a href=\"https:\/\/www.skppsc.ch\/de\/themen\/internet\/hacking-malware\/1-passwort\/\">sichere Passw\u00f6rter<\/a>. <\/li>\n<p><!-- \/wp:list-item --><\/p>\n<p><!-- wp:list-item --><\/p>\n<li><strong>Falls Sie vertrauliche Daten preisgegeben haben,<\/strong> nehmen Sie umgehend Kontakt mit Ihrem Dienstleistungsanbieter (Finanzinstitut, Provider oder E-Mail-Dienst) auf und schildern Sie Ihre Situation. <\/li>\n<p><!-- \/wp:list-item --><\/p>\n<p><!-- wp:list-item --><\/p>\n<li><strong>Melden Sie den Phishing-Angriff <\/strong>ausserdem dem <a href=\"https:\/\/www.report.ncsc.admin.ch\/de\/\" target=\"_blank\" rel=\"noopener\" title=\"Bundesamt f\u00fcr Cybersicherheit BACS\">Bundesamt f\u00fcr Cybersicherheit BACS<\/a>.<\/li>\n<p><!-- \/wp:list-item --><\/p><\/ul>\n<p><!-- \/wp:list --><\/p>\n<p><!-- wp:paragraph --><\/p>\n<p><!-- \/wp:paragraph --><\/p>\n<\/div><\/div><\/div><\/div><\/div><div class=\"default-container content-part\"><div class=\"inner-padding\">\n\n\n\n<\/div><\/div><div class=\"full content-part post-name-phishing-de  post-type-download\"><div class=\"inner-padding\"><p class=\"featured-image download hide-on-mobile\"><a href=\"https:\/\/www.skppsc.ch\/de\/wp-content\/uploads\/sites\/2\/2018\/10\/phising_dt_2024.pdf\" download target=\"_blank\"><img loading=\"lazy\" decoding=\"async\" width=\"640\" height=\"908\" src=\"https:\/\/www.skppsc.ch\/de\/wp-content\/uploads\/sites\/2\/2018\/10\/phising_dt-640x908.jpg\" class=\"attachment-skp-thumbnail-keep-ratio size-skp-thumbnail-keep-ratio wp-post-image\" alt=\"\" srcset=\"https:\/\/www.skppsc.ch\/de\/wp-content\/uploads\/sites\/2\/2018\/10\/phising_dt-640x908.jpg 640w, https:\/\/www.skppsc.ch\/de\/wp-content\/uploads\/sites\/2\/2018\/10\/phising_dt-211x300.jpg 211w, https:\/\/www.skppsc.ch\/de\/wp-content\/uploads\/sites\/2\/2018\/10\/phising_dt-768x1090.jpg 768w, https:\/\/www.skppsc.ch\/de\/wp-content\/uploads\/sites\/2\/2018\/10\/phising_dt.jpg 800w\" sizes=\"auto, (max-width: 640px) 100vw, 640px\"><\/a><\/p><div class=\"remaining-content\"><h2 class=\"sub-content-title  foreground-primary foreground-primary\">Phishing<\/h2><h3 class=\"sub-content-subtitle \">So sch\u00fctzen Sie sich vor Datendiebstahl<\/h3><p><!-- wp:heading {\"level\":3} --><\/p>\n<h3 class=\"wp-block-heading\"><\/h3>\n<p><!-- \/wp:heading --><\/p>\n<p><!-- wp:paragraph --><\/p>\n<p>Das Faltblatt \u00abPhishing \u2013 So sch\u00fctzen Sie sich vor Datendiebstahl\u00bb ist in Zusammenarbeit mit \u00abeBanking \u2013 aber sicher!\u00bb entstanden. Im Faltblatt wird erkl\u00e4rt, wie Phishing genau funktioniert und worauf man bei Phishing-E-Mails achten muss. (Das Faltblatt ist auch in <a href=\"https:\/\/www.skppsc.ch\/de\/download\/phishing-2\/\">Englisch<\/a> verf\u00fcgbar.)<\/p>\n<p><!-- \/wp:paragraph --><\/p>\n<p><!-- wp:file {\"id\":3487,\"href\":\"https:\/\/www.skppsc.ch\/de\/wp-content\/uploads\/sites\/2\/2018\/10\/phising_dt_2024.pdf\",\"displayPreview\":true} --><\/p>\n\n<p><!-- \/wp:file --><\/p>\n<p class=\"featured-image download mobile-only\"><a href=\"https:\/\/www.skppsc.ch\/de\/wp-content\/uploads\/sites\/2\/2018\/10\/phising_dt_2024.pdf\" download target=\"_blank\"><img loading=\"lazy\" decoding=\"async\" width=\"640\" height=\"908\" src=\"https:\/\/www.skppsc.ch\/de\/wp-content\/uploads\/sites\/2\/2018\/10\/phising_dt-640x908.jpg\" class=\"attachment-skp-thumbnail-keep-ratio size-skp-thumbnail-keep-ratio wp-post-image\" alt=\"\" srcset=\"https:\/\/www.skppsc.ch\/de\/wp-content\/uploads\/sites\/2\/2018\/10\/phising_dt-640x908.jpg 640w, https:\/\/www.skppsc.ch\/de\/wp-content\/uploads\/sites\/2\/2018\/10\/phising_dt-211x300.jpg 211w, https:\/\/www.skppsc.ch\/de\/wp-content\/uploads\/sites\/2\/2018\/10\/phising_dt-768x1090.jpg 768w, https:\/\/www.skppsc.ch\/de\/wp-content\/uploads\/sites\/2\/2018\/10\/phising_dt.jpg 800w\" sizes=\"auto, (max-width: 640px) 100vw, 640px\"><\/a><\/p><div class=\"download-bottom-actions \"><a href=\"https:\/\/www.skppsc.ch\/de\/wp-content\/uploads\/sites\/2\/2018\/10\/phising_dt_2024.pdf\" download target=\"_blank\" class=\"large skp-icon skp-download-pdf download-icon \" title=\"\"><span class=\"link-text\"><\/span><\/a><u-add-to-cart :options='[{\"id\":1239,\"title\":\"Phishing\",\"byline\":\"Faltblatt, A5, 4 Seiten, 2024\",\"lang\":\"de\",\"siteId\":2,\"cartHash\":\"knn\",\"amount\":0,\"max\":\"9999\",\"articleNumber\":\"10066\"},{\"id\":1072,\"title\":\"Phishing\",\"byline\":\"D\\u00e9pliant, A5, 4 pages, 2024\",\"lang\":\"fr\",\"siteId\":5,\"cartHash\":\"1hs0\",\"amount\":0,\"max\":\"9999\",\"articleNumber\":\"20066\"},{\"id\":1049,\"title\":\"Phishing\",\"byline\":\"Pieghevole, A5, 4 pagine, 2024\",\"lang\":\"it\",\"siteId\":7,\"cartHash\":\"25c9\",\"amount\":0,\"max\":\"9999\",\"articleNumber\":\"30066\"}]' :is-logged-in=\"false\" login-url=\"https:\/\/www.skppsc.ch\/de\/wp-login.php?redirect_to=https%3A%2F%2Fwww.skppsc.ch%2Fde%2Fwp-json%2Fwp%2Fv2%2Fpages%2F141%3Fpr%3Dknn%23knn\" police-url=\"https:\/\/www.skppsc.ch\/de\/kontakt-zur-polizei\/\" :initially-opened=\"false\"><\/u-add-to-cart><\/div><\/div><\/div><\/div><div class=\"default-container content-part\"><div class=\"inner-padding\">\n\n\n\n<\/div><\/div><div class=\"full content-part image-wrapper image-400\"><img width=\"2560\" height=\"1280\" src=\"https:\/\/www.skppsc.ch\/de\/wp-content\/uploads\/sites\/2\/2016\/11\/phishing3-2560x1280.jpg\" class=\"attachment-skp-large-force-ratio size-skp-large-force-ratio\" alt=\"\" srcset=\"https:\/\/www.skppsc.ch\/de\/wp-content\/uploads\/sites\/2\/2016\/11\/phishing3-2560x1280.jpg 2560w, https:\/\/www.skppsc.ch\/de\/wp-content\/uploads\/sites\/2\/2016\/11\/phishing3-300x150.jpg 300w, https:\/\/www.skppsc.ch\/de\/wp-content\/uploads\/sites\/2\/2016\/11\/phishing3-768x384.jpg 768w, https:\/\/www.skppsc.ch\/de\/wp-content\/uploads\/sites\/2\/2016\/11\/phishing3-640x320.jpg 640w, https:\/\/www.skppsc.ch\/de\/wp-content\/uploads\/sites\/2\/2016\/11\/phishing3-1280x640.jpg 1280w\" sizes=\"(max-width: 2560px) 100vw, 2560px\"><\/div><div class=\"default-container content-part\"><div class=\"inner-padding\">\n\n\n<\/div><\/div><\/body><\/html>","protected":false},"excerpt":{"rendered":"<p>Um das Internet mit seinen M\u00f6glichkeiten nutzen zu k\u00f6nnen, m\u00fcssen Internet-Nutzerinnen und -Nutzer immer wieder gewisse pers\u00f6nliche Daten angeben. Diese Notwendigkeit nutzen Kriminelle aus, indem sie unsere pers\u00f6nlichen Daten stehlen oder uns mit allerlei Tricks dazu bringen wollen, ihnen unsere pers\u00f6nlichen Daten zu verraten.<\/p>\n","protected":false},"author":1,"featured_media":397,"parent":138,"menu_order":50,"comment_status":"closed","ping_status":"closed","template":"","meta":{"showSharingButtons":false,"skp-theme-color":"nine","_subtitle":"","alternative_title":"","seoDescription":"","seoKeywords":"","seoTitle":"","featuredVideoEmbedCode":"","featuredYoutubeVideoId":"","notes":"","redirectToPostId":0,"skp-further-information":"<p>Das <a href=\"https:\/\/www.ncsc.admin.ch\/ncsc\/de\/home.html\" target=\"_blank\" rel=\"noreferrer noopener\">Bundesamt f\u00fcr Cybersicherheit BACS<\/a> informiert Privatpersonen und KMUs \u00fcber die Gefahren und Massnahmen im Umgang mit modernen Informations- und Kommunikationstechnologien (z. B. E-Mails, E-Banking). Melden Sie eine Phishingmail unter: <a href=\"https:\/\/www.antiphishing.ch\/de\/\" target=\"_blank\" rel=\"noreferrer noopener\">antiphishing.ch<\/a><br><p>Auf <a href=\"http:\/\/www.ebankingabersicher.ch\" target=\"_blank\" rel=\"noopener\">\u00abeBanking \u2013 aber sicher!\u00bb<\/a>\u00a0finden Sie die notwendigen Massnahmen und Verhaltensregeln f\u00fcr eine sichere Anwendung von E-Banking-Applikationen.\u00a0<\/p><\/p>","hideTile":false,"pageType":"","editor_notices":[],"footnotes":""},"topic":[22],"class_list":["post-141","page","type-page","status-publish","has-post-thumbnail","hentry","topic-phishing"],"aioseo_notices":[],"_links":{"self":[{"href":"https:\/\/www.skppsc.ch\/de\/wp-json\/wp\/v2\/pages\/141","targetHints":{"allow":["GET"]}}],"collection":[{"href":"https:\/\/www.skppsc.ch\/de\/wp-json\/wp\/v2\/pages"}],"about":[{"href":"https:\/\/www.skppsc.ch\/de\/wp-json\/wp\/v2\/types\/page"}],"author":[{"embeddable":true,"href":"https:\/\/www.skppsc.ch\/de\/wp-json\/wp\/v2\/users\/1"}],"replies":[{"embeddable":true,"href":"https:\/\/www.skppsc.ch\/de\/wp-json\/wp\/v2\/comments?post=141"}],"version-history":[{"count":0,"href":"https:\/\/www.skppsc.ch\/de\/wp-json\/wp\/v2\/pages\/141\/revisions"}],"up":[{"embeddable":true,"href":"https:\/\/www.skppsc.ch\/de\/wp-json\/wp\/v2\/pages\/138"}],"wp:featuredmedia":[{"embeddable":true,"href":"https:\/\/www.skppsc.ch\/de\/wp-json\/wp\/v2\/media\/397"}],"wp:attachment":[{"href":"https:\/\/www.skppsc.ch\/de\/wp-json\/wp\/v2\/media?parent=141"}],"wp:term":[{"taxonomy":"topic","embeddable":true,"href":"https:\/\/www.skppsc.ch\/de\/wp-json\/wp\/v2\/topic?post=141"}],"curies":[{"name":"wp","href":"https:\/\/api.w.org\/{rel}","templated":true}]}}