{"id":142,"date":"2016-11-24T10:07:14","date_gmt":"2016-11-24T09:07:14","guid":{"rendered":"https:\/\/www.skppsc.ch\/de\/?page_id=142"},"modified":"2026-03-13T13:18:40","modified_gmt":"2026-03-13T12:18:40","slug":"sextortion-erpressung","status":"publish","type":"page","link":"https:\/\/www.skppsc.ch\/de\/themen\/internet\/sextortion-erpressung\/","title":{"rendered":"Sextortion"},"content":{"rendered":"<html><body><div class=\"default-container content-part\"><div class=\"inner-padding\">\n<h2 class=\"wp-block-heading foreground-primary\">Definition<\/h2>\n\n\n\n<p>Sextortion bezeichnet eine Erpressungsmethode, bei der eine Person mit Bild- und Videomaterial erpresst wird, das sie beim Vornehmen sexueller Handlungen (Masturbation) und\/oder nackt zeigt. Der Begriff <em>Sextortion <\/em>setzt sich aus \u00abSex\u00bb und \u00abExtortion\u00bb (engl. Erpressung) zusammen.<\/p>\n\n\n\n<\/div><\/div><div class=\"default-container content-part   \" style=\";\"><div class=\"inner-padding\">\n\n\n\n<h2 class=\"wp-block-heading foreground-primary\">Modi Operandi<\/h2>\n\n\n\n<h3 class=\"wp-block-heading\">Die klassische Variante <\/h3>\n\n\n\n<p>Die Zielpersonen erhalten \u00fcber soziale Netzwerke (z. B. Facebook oder Dating-Plattformen) eine Einladung oder Freundschaftsanfrage einer ihnen unbekannten, attraktiven Person. Nach der Annahme dieser Einladung oder Anfrage nimmt die Internetbekannschaft via Chat Kontakt mit der Zielperson auf und verwickelt sie in ein Gespr\u00e4ch. Sie schl\u00e4gt vor, in einen Videochat zu wechseln. Dort bringt sie die Zielperson dazu, sich zu entbl\u00f6ssen, zu masturbieren oder anz\u00fcglich zu posieren. Sie gaukelt der Zielperson zu diesem Zweck vor, dass sie sie sehr attraktiv findet, sexuell erregt ist und\/oder einen sehr lockeren Umgang mit Nacktheit und Masturbation hat. Um glaubhaft zu wirken, macht sie den ersten Schritt, indem sie beispielsweise ihre Br\u00fcste zeigt oder beginnt, sich vor der Zielperson zu befriedigen. Ohne dass die Zielperson es bemerkt, werden alle ihre Handlungen w\u00e4hrend des Videochats aufgezeichnet. Sie wird sp\u00e4ter von Erpressern kontaktiert und zu einer Geldzahlung aufgefordert. Man droht ihr, die Aufnahmen unter ihrem Namen in sozialen Netzwerken zu ver\u00f6ffentlichen oder sie per E-Mail an Familienangeh\u00f6rige, Freunde oder den Arbeitgeber zu schicken.<\/p>\n\n\n\n<figure class=\"wp-block-embed is-type-video is-provider-youtube wp-block-embed-youtube wp-embed-aspect-16-9 wp-has-aspect-ratio\"><div class=\"wp-block-embed__wrapper\">\n\n<div class=\"video-container\"><div class=\"iframe-container\"><div class=\"video-ratio\" style=\"padding-top:56.2%;\"><\/div><iframe loading=\"lazy\" title=\"SEXY TIME im Video-Chat\" src=\"https:\/\/www.youtube.com\/embed\/HQW1WKa626Q?feature=oembed&amp;rel=0\" frameborder=\"0\" allow=\"accelerometer; autoplay; clipboard-write; encrypted-media; gyroscope; picture-in-picture; web-share\" referrerpolicy=\"strict-origin-when-cross-origin\" allowfullscreen><\/iframe><\/div><\/div><\/div><\/figure>\n\n\n\n<h3 class=\"wp-block-heading\">Die Spam-Variante (fake sextortion)<\/h3>\n\n\n\n<p>Es kommt auch vor, dass die beschriebenen <a aria-label=\"Erpressungsversuche  (opens in a new tab)\" href=\"https:\/\/www.skppsc.ch\/de\/per-e-mail-bedroht-und-erpresst\/\" target=\"_blank\" rel=\"noreferrer noopener\">Erpressungsversuche <\/a>als Spam an zahlreiche Personen als \u00ableere Drohung\u00bb versendet werden. Die kriminellen Absender haben die Hoffnung, dass sich unter den Empf\u00e4ngern Personen befinden, welche sich in letzter Zeit Pornos angeschaut haben, durch die Androhung eingesch\u00fcchtert werden und deshalb zahlen. In diesen F\u00e4llen ist der Computer der Betroffenen weder infiziert, noch ist die T\u00e4terschaft tats\u00e4chlich im Besitz von kompromittierendem Material. Es geht den Kriminellen lediglich um die Erpressung. <\/p>\n\n\n\n<p>Fake-Sextortion E-Mails k\u00f6nnen Sie ans Bundesamt f\u00fcr Cybersicherheit BACS <a href=\"https:\/\/www.report.ncsc.admin.ch\/de\/\" target=\"_blank\" rel=\"noopener\" title=\"melden\">melden<\/a>.<\/p>\n\n\n\n<h3 class=\"wp-block-heading\">Die Variante Grooming<\/h3>\n\n\n\n<p>Wie bei der klassischen Variante werden hier zu Beginn Nacktbilder verschickt, sei es freiwillig oder indem Druck aufgebaut wird. In den meisten F\u00e4llen sind die T\u00e4terinnen und T\u00e4ter Erwachsene, die online Kontakt zu Kindern und Jugendlichen aufnehmen, ihr Vertrauen gewinnen und sie dann zwingen, mehr intime Fotos und Videos zu senden, da sie sonst das bereits gesendete Material verbreiten w\u00fcrden.<\/p>\n\n\n\n<figure class=\"wp-block-embed is-type-video is-provider-youtube wp-block-embed-youtube wp-embed-aspect-16-9 wp-has-aspect-ratio\"><div class=\"wp-block-embed__wrapper\">\n\n<div class=\"video-container\"><div class=\"iframe-container\"><div class=\"video-ratio\" style=\"padding-top:56.2%;\"><\/div><iframe loading=\"lazy\" title=\"\u00abWas du online teilst, teilst du mit allen. Schu\u0308tze, was dir wichtig ist.\u00bb\" src=\"https:\/\/www.youtube.com\/embed\/yMVZw2p_duM?feature=oembed&amp;rel=0\" frameborder=\"0\" allow=\"accelerometer; autoplay; clipboard-write; encrypted-media; gyroscope; picture-in-picture; web-share\" referrerpolicy=\"strict-origin-when-cross-origin\" allowfullscreen><\/iframe><\/div><\/div><\/div><\/figure>\n\n\n\n<p>Diese Kontaktaufnahme kann bis zu einem reellen Treffen gehen, um das Opfer sexuell zu missbrauchen oder sexuell auszubeuten. Dies wird als <a href=\"https:\/\/www.skppsc.ch\/de\/themen\/sexuelle-gewalt\/sexuelle-gewalt-kindern\/\" target=\"_blank\" rel=\"noreferrer noopener\">Grooming<\/a> bezeichnet.<\/p>\n\n\n\n<\/div><\/div><div class=\"default-container content-part   \" style=\";\"><div class=\"inner-padding\">\n\n\n\n<h2 class=\"wp-block-heading foreground-primary\">Opfer und h\u00e4ufige Begleitumst\u00e4nde<\/h2>\n\n\n\n<ul class=\"wp-block-list\">\n<li>Die Mehrheit der Opfer von Sextortion ist m\u00e4nnlich. Es handelt sich dabei sowohl um Jugendliche als auch um Erwachsene.<\/li>\n\n\n\n<li>Die T\u00e4terinnen und T\u00e4ter befinden sich im Ausland und auch die Geldzahlungen gehen auf ausl\u00e4ndische Konten.<\/li>\n\n\n\n<li>Es gibt immer wieder F\u00e4lle, in denen die Opfer die geforderte Geldzahlung leisten, aber das Bild- oder Videomaterial dennoch ver\u00f6ffentlicht wird oder erneute Forderungen gestellt werden.<\/li>\n<\/ul>\n\n\n\n<\/div><\/div><div class=\"full content-part image-wrapper image-227\"><img width=\"2560\" height=\"1280\" src=\"https:\/\/www.skppsc.ch\/de\/wp-content\/uploads\/sites\/2\/2016\/11\/sextortion2-2560x1280.jpg\" class=\"attachment-skp-large-force-ratio size-skp-large-force-ratio\" alt=\"\" srcset=\"https:\/\/www.skppsc.ch\/de\/wp-content\/uploads\/sites\/2\/2016\/11\/sextortion2-2560x1280.jpg 2560w, https:\/\/www.skppsc.ch\/de\/wp-content\/uploads\/sites\/2\/2016\/11\/sextortion2-300x150.jpg 300w, https:\/\/www.skppsc.ch\/de\/wp-content\/uploads\/sites\/2\/2016\/11\/sextortion2-768x384.jpg 768w, https:\/\/www.skppsc.ch\/de\/wp-content\/uploads\/sites\/2\/2016\/11\/sextortion2-1536x768.jpg 1536w, https:\/\/www.skppsc.ch\/de\/wp-content\/uploads\/sites\/2\/2016\/11\/sextortion2-2048x1024.jpg 2048w, https:\/\/www.skppsc.ch\/de\/wp-content\/uploads\/sites\/2\/2016\/11\/sextortion2-640x320.jpg 640w, https:\/\/www.skppsc.ch\/de\/wp-content\/uploads\/sites\/2\/2016\/11\/sextortion2-1280x640.jpg 1280w\" sizes=\"(max-width: 2560px) 100vw, 2560px\"><\/div><div class=\"default-container content-part\"><div class=\"inner-padding\">\n\n\n\n<h2 class=\"wp-block-heading foreground-primary\">Rechtslage<\/h2>\n\n\n\n<p>In der Schweiz existiert kein eigenst\u00e4ndiger Gesetzesartikel zu Sextortion.<br>M\u00f6gliche und typische Straftatbest\u00e4nde, die bei Sextortion erf\u00fcllt werden, sind:<\/p>\n\n\n\n<ul class=\"wp-block-list\">\n<li><a href=\"https:\/\/www.admin.ch\/opc\/de\/classified-compilation\/19370083\/index.html#a156\" target=\"_blank\" rel=\"noreferrer noopener\" aria-label=\"Art. 156 StGB  (opens in a new tab)\">Art. 156 StGB <\/a>Erpressung<\/li>\n\n\n\n<li><a href=\"https:\/\/www.admin.ch\/opc\/de\/classified-compilation\/19370083\/index.html#a174\" target=\"_blank\" rel=\"noreferrer noopener\" aria-label=\"Art. 174 StGB (opens in a new tab)\">Art. 174 StGB<\/a> Verleumdung<\/li>\n\n\n\n<li><a rel=\"noreferrer noopener\" aria-label=\"Artikel 179quater StGB (opens in a new tab)\" href=\"https:\/\/www.admin.ch\/opc\/de\/classified-compilation\/19370083\/index.html#a179quater\" target=\"_blank\">Art. 179<sup>quater<\/sup> StGB<\/a> Verletzung des Geheim- oder Privatbereichs durch Aufnahmeger\u00e4te<\/li>\n\n\n\n<li><a href=\"https:\/\/www.fedlex.admin.ch\/eli\/cc\/54\/757_781_799\/de#art_181\" target=\"_blank\" rel=\"noreferrer noopener\">Art. 181 StGB<\/a>\u202fN\u00f6tigung\u00a0<\/li>\n\n\n\n<li><a href=\"https:\/\/www.admin.ch\/opc\/de\/classified-compilation\/19370083\/index.html#a197\" target=\"_blank\" rel=\"noreferrer noopener\" aria-label=\"Art. 197 StGB (opens in a new tab)\">Art. 197 StGB<\/a> Pornografie<\/li>\n\n\n\n<li><a href=\"https:\/\/www.fedlex.admin.ch\/eli\/cc\/54\/757_781_799\/de#art_197_a\" target=\"_blank\" rel=\"noreferrer noopener\">Art 197a StGB<\/a> Unbefugtes Weiterleiten von nicht \u00f6ffentlichen sexuellen Inhalten<\/li>\n<\/ul>\n\n\n\n<\/div><\/div><div class=\"default-container content-part   \" style=\";\"><div class=\"inner-padding\">\n\n\n\n<h2 class=\"wp-block-heading foreground-primary\">Was tut die Polizei?<\/h2>\n\n\n\n<p>Sextortion geht immer mit der Erpressung der gefilmten Person einher. Erpressung nach Art. 156 StGB ist ein Offizialdelikt. Ein Offizialdelikt ist eine Straftat, die die Strafverfolgungsbeh\u00f6rde von Amts wegen verfolgen muss, wenn es ihr zur Kenntnis gelangt. Sobald die Polizei Kenntnis von einem Sextortion-Fall hat, nimmt sie deshalb die Ermittlungen auf. <\/p>\n\n\n\n<p><div class=\"video-container\"><div class=\"iframe-container\"><div class=\"video-ratio\" style=\"padding-top:56.2%;\"><\/div><iframe loading=\"lazy\" title=\"Sextortion\" src=\"https:\/\/www.youtube.com\/embed\/od5dsJL3Bvg?feature=oembed&amp;rel=0\" frameborder=\"0\" allow=\"accelerometer; autoplay; clipboard-write; encrypted-media; gyroscope; picture-in-picture; web-share\" referrerpolicy=\"strict-origin-when-cross-origin\" allowfullscreen><\/iframe><\/div><\/div><\/p>\n\n\n\n<p>Bitte beachten Sie, dass die Chance, die T\u00e4terinnen und T\u00e4ter zur Rechenschaft zu ziehen und bereits bezahlte Geldbetr\u00e4ge zur\u00fcckzuerhalten, relativ gering ist. Sie sollten dieses Internetdelikt dennoch zur Anzeige bringen. Nur so erh\u00e4lt die Polizei Informationen zum Ausmass des Deliktsfeldes, kann Zusammenh\u00e4nge herstellen und allenfalls Ermittlungsm\u00f6glichkeiten finden. \u00dcberwinden Sie Ihre Scham und machen Sie sich bewusst: Die Polizei ahndet Verbrechen, keine menschlichen Schw\u00e4chen!<\/p>\n\n\n\n<\/div><\/div><div class=\"default-container clues content-part children-count-2 children-count-even\"><div class=\"inner-padding\"><a id=\"tips\"><\/a><h2 class=\"subcontent-main-title foreground-primary foreground-primary\">Was kann ich tun?<\/h2><div class=\"clues-inner-table clues-count-even\"><div class=\"clue-item clues-count-even clues-count-2 background-faded\"><div class=\"clue damit-ich-kein-opfer-werde\"><p class=\"clue-image\"><img loading=\"lazy\" decoding=\"async\" width=\"640\" height=\"320\" src=\"https:\/\/www.skppsc.ch\/de\/wp-content\/uploads\/sites\/2\/2016\/12\/sextortiontip1-640x320.jpg\" class=\"attachment-skp-thumbnail-force-ratio size-skp-thumbnail-force-ratio wp-post-image\" alt=\"\" srcset=\"https:\/\/www.skppsc.ch\/de\/wp-content\/uploads\/sites\/2\/2016\/12\/sextortiontip1-640x320.jpg 640w, https:\/\/www.skppsc.ch\/de\/wp-content\/uploads\/sites\/2\/2016\/12\/sextortiontip1-300x150.jpg 300w, https:\/\/www.skppsc.ch\/de\/wp-content\/uploads\/sites\/2\/2016\/12\/sextortiontip1-768x384.jpg 768w, https:\/\/www.skppsc.ch\/de\/wp-content\/uploads\/sites\/2\/2016\/12\/sextortiontip1.jpg 800w\" sizes=\"auto, (max-width: 640px) 100vw, 640px\"><\/p><h3 class=\"clue-title background-primary foreground-title\">Damit ich kein Opfer werde:<\/h3><ul>\n<li><strong>Nehmen Sie keine Freundschaftsanfragen und Einladungen in sozialen Netzwerken an, <\/strong>wenn Sie die Person nicht zweifelsfrei identifizieren k\u00f6nnen oder im realen Leben bereits getroffen haben.<\/li>\n<li><strong>Machen Sie sich stets bewusst, dass Sie w\u00e4hrend eines Videochats gefilmt werden k\u00f6nnten<\/strong> und verzichten Sie deshalb auf Handlungen, f\u00fcr welche Sie sich im Nachhinein sch\u00e4men k\u00f6nnten.<\/li>\n<li><strong>Deaktivieren und \u00fcberkleben Sie Ihre Webcam immer,<\/strong> wenn Sie nicht gerade via Videochat mit jemandem sprechen.<\/li>\n<li><strong>Informieren Sie Ihr Umfeld<\/strong> \u00fcber diese Erpressungsmethode.<\/li>\n<\/ul>\n<\/div><\/div><div class=\"clue-item clues-count-even clues-count-2 background-faded\"><div class=\"clue wenn-ich-opfer-geworden-bin\"><p class=\"clue-image\"><img loading=\"lazy\" decoding=\"async\" width=\"640\" height=\"320\" src=\"https:\/\/www.skppsc.ch\/de\/wp-content\/uploads\/sites\/2\/2016\/12\/sextortiontip2-640x320.jpg\" class=\"attachment-skp-thumbnail-force-ratio size-skp-thumbnail-force-ratio wp-post-image\" alt=\"\" srcset=\"https:\/\/www.skppsc.ch\/de\/wp-content\/uploads\/sites\/2\/2016\/12\/sextortiontip2-640x320.jpg 640w, https:\/\/www.skppsc.ch\/de\/wp-content\/uploads\/sites\/2\/2016\/12\/sextortiontip2-300x150.jpg 300w, https:\/\/www.skppsc.ch\/de\/wp-content\/uploads\/sites\/2\/2016\/12\/sextortiontip2-768x384.jpg 768w, https:\/\/www.skppsc.ch\/de\/wp-content\/uploads\/sites\/2\/2016\/12\/sextortiontip2.jpg 800w\" sizes=\"auto, (max-width: 640px) 100vw, 640px\"><\/p><h3 class=\"clue-title background-primary foreground-title\">Wenn ich Opfer geworden bin:<\/h3><ul>\n<li><strong>Gehen Sie nicht auf die Forderung der Erpresser oder <a href=\"https:\/\/www.skppsc.ch\/de\/per-e-mail-bedroht-und-erpresst\/\" target=\"_blank\" rel=\"noopener noreferrer\">Betr\u00fcger<\/a> ein:<\/strong> Zahlen Sie nicht!<\/li>\n<li><strong>Brechen Sie den Kontakt zur fraglichen Person und zu den Erpressern sofort ab.<\/strong> L\u00f6schen Sie sie aus Ihrer Freundesliste und reagieren Sie nicht auf ihre Mails, SMS und dergleichen.<\/li>\n<li><strong>Falls die Erpresser Bild- und Videomaterial ver\u00f6ffentlicht haben,<\/strong> wenden Sie sich so schnell als m\u00f6glich bei der betreffenden Plattform (Youtube, Facebook etc.) und verlangen Sie umgehend die L\u00f6schung der sexuellen Inhalte.<\/li>\n<li><strong>Richten Sie einen Google Alert mit Ihrem Namen ein.<\/strong> Auf diese Weise werden Sie \u00fcber neue Videos und Fotos, die mit Ihrem Namen im Internet hochgeladen werden, informiert.<\/li>\n<li><strong>Sichern Sie alle Beweise:<\/strong> Das Bild- und Videomaterial, mit welchem Sie erpresst werden, die Kontaktdaten der Erpresser und der Kontaktperson, s\u00e4mtliche Nachrichten, die Sie von ihnen erhalten haben (Chatverl\u00e4ufe, E-Mails etc.), Angaben f\u00fcr Transaktion etc. und erstatten Sie Anzeige bei Ihrer Polizei.<\/li>\n<li><strong>Sprechen Sie mit einer Vertrauensperson \u00fcber den Vorfall<\/strong> oder suchen Sie sich psychologische Hilfe, falls Sie bemerken, dass die Erpressung Sie zu sehr belastet.<\/li>\n<\/ul>\n<\/div><\/div><\/div><\/div><\/div><div class=\"default-container content-part\"><div class=\"inner-padding\">\n\n\n\n<\/div><\/div><div class=\"full content-part post-name-lass-dich-nicht-sex-erpressen  post-type-download\"><div class=\"inner-padding\"><p class=\"featured-image download hide-on-mobile\"><a href=\"https:\/\/www.skppsc.ch\/de\/wp-content\/uploads\/sites\/2\/2021\/02\/sextortion_dt.pdf\" download target=\"_blank\"><img loading=\"lazy\" decoding=\"async\" width=\"640\" height=\"908\" src=\"https:\/\/www.skppsc.ch\/de\/wp-content\/uploads\/sites\/2\/2021\/02\/sextortion_dt-640x908.jpg\" class=\"attachment-skp-thumbnail-keep-ratio size-skp-thumbnail-keep-ratio wp-post-image\" alt=\"\" srcset=\"https:\/\/www.skppsc.ch\/de\/wp-content\/uploads\/sites\/2\/2021\/02\/sextortion_dt-640x908.jpg 640w, https:\/\/www.skppsc.ch\/de\/wp-content\/uploads\/sites\/2\/2021\/02\/sextortion_dt-211x300.jpg 211w, https:\/\/www.skppsc.ch\/de\/wp-content\/uploads\/sites\/2\/2021\/02\/sextortion_dt-768x1090.jpg 768w, https:\/\/www.skppsc.ch\/de\/wp-content\/uploads\/sites\/2\/2021\/02\/sextortion_dt.jpg 800w\" sizes=\"auto, (max-width: 640px) 100vw, 640px\"><\/a><\/p><div class=\"remaining-content\"><h2 class=\"sub-content-title  foreground-primary foreground-primary\">Lass dich nicht sex-erpressen!<\/h2><h3 class=\"sub-content-subtitle \"><\/h3><p><!-- wp:paragraph --><\/p>\n<p>Dieser Moment, \u2026 wenn Menschen realisieren m\u00fcssen, dass sie mit intimem Bildmaterial erpresst werden, ist f\u00fcr viele schrecklich.\u00a0So genannte Sextortion-F\u00e4lle treten in verschiedenen Formen auf; sei es als Folge eines erotischen Chats oder als Spam. Beide Modi Operandi nutzen den Umstand, dass die Betroffenen vermeiden wollen, dass (vermeintlich) vorhandenes, kompromittierendes Bildmaterial \u00f6ffentlich gemacht wird oder an Freunde und Bekannte geschickt wird und daf\u00fcr auch zahlen.\u00a0Die Pr\u00e4ventionsbotschaft ist aber in beiden F\u00e4llen eindeutig: Keep calm and don\u2019t pay!\u00a0<\/p>\n<p><!-- \/wp:paragraph --><\/p>\n<p><!-- wp:paragraph --><\/p>\n<p>Diese und weitere Ratschl\u00e4ge finden Sie in diesem A5-Faltblatt. Zudem auch Tipps f\u00fcr Erwachsene, wie solche Erpressungen vermieden werden k\u00f6nnen, falls nicht auf Cybersex verzichtet werden will.<\/p>\n<p><!-- \/wp:paragraph --><\/p>\n<p><!-- wp:paragraph --><\/p>\n<p><\/p>\n<p><!-- \/wp:paragraph --><\/p>\n<p class=\"featured-image download mobile-only\"><a href=\"https:\/\/www.skppsc.ch\/de\/wp-content\/uploads\/sites\/2\/2021\/02\/sextortion_dt.pdf\" download target=\"_blank\"><img loading=\"lazy\" decoding=\"async\" width=\"640\" height=\"908\" src=\"https:\/\/www.skppsc.ch\/de\/wp-content\/uploads\/sites\/2\/2021\/02\/sextortion_dt-640x908.jpg\" class=\"attachment-skp-thumbnail-keep-ratio size-skp-thumbnail-keep-ratio wp-post-image\" alt=\"\" srcset=\"https:\/\/www.skppsc.ch\/de\/wp-content\/uploads\/sites\/2\/2021\/02\/sextortion_dt-640x908.jpg 640w, https:\/\/www.skppsc.ch\/de\/wp-content\/uploads\/sites\/2\/2021\/02\/sextortion_dt-211x300.jpg 211w, https:\/\/www.skppsc.ch\/de\/wp-content\/uploads\/sites\/2\/2021\/02\/sextortion_dt-768x1090.jpg 768w, https:\/\/www.skppsc.ch\/de\/wp-content\/uploads\/sites\/2\/2021\/02\/sextortion_dt.jpg 800w\" sizes=\"auto, (max-width: 640px) 100vw, 640px\"><\/a><\/p><div class=\"download-bottom-actions \"><a href=\"https:\/\/www.skppsc.ch\/de\/wp-content\/uploads\/sites\/2\/2021\/02\/sextortion_dt.pdf\" download target=\"_blank\" class=\"large skp-icon skp-download-pdf download-icon \" title=\"\"><span class=\"link-text\"><\/span><\/a><u-add-to-cart :options='[{\"id\":2401,\"title\":\"Lass dich nicht sex-erpressen!\",\"byline\":\"Faltblatt A5, 4 Seiten, 2021\",\"lang\":\"de\",\"siteId\":2,\"cartHash\":\"ls1\",\"amount\":0,\"max\":\"9999\",\"articleNumber\":\"10021\"},{\"id\":1503,\"title\":\"Sexe en ligne : ne vous laissez pas ran\\u00e7onner !\",\"byline\":\"D\\u00e9pliant, A5, 4 pages, 2021\",\"lang\":\"fr\",\"siteId\":5,\"cartHash\":\"1i9f\",\"amount\":0,\"max\":\"9999\",\"articleNumber\":\"20021\"},{\"id\":1360,\"title\":\"Non si faccia ricattare!\",\"byline\":\"Pieghevole, A5, 4 pagine, 2021\",\"lang\":\"it\",\"siteId\":7,\"cartHash\":\"25m0\",\"amount\":0,\"max\":\"9999\",\"articleNumber\":\"30021\"}]' :is-logged-in=\"false\" login-url=\"https:\/\/www.skppsc.ch\/de\/wp-login.php?redirect_to=https%3A%2F%2Fwww.skppsc.ch%2Fde%2Fwp-json%2Fwp%2Fv2%2Fpages%2F142%3Fpr%3Dls1%23ls1\" police-url=\"https:\/\/www.skppsc.ch\/de\/kontakt-zur-polizei\/\" :initially-opened=\"false\"><\/u-add-to-cart><\/div><\/div><\/div><\/div><div class=\"default-container content-part\"><div class=\"inner-padding\">\n\n\n\n<\/div><\/div><div class=\"full content-part image-wrapper image-229\"><img width=\"2560\" height=\"1280\" src=\"https:\/\/www.skppsc.ch\/de\/wp-content\/uploads\/sites\/2\/2016\/11\/sextortion3-2560x1280.jpg\" class=\"attachment-skp-large-force-ratio size-skp-large-force-ratio\" alt=\"\" srcset=\"https:\/\/www.skppsc.ch\/de\/wp-content\/uploads\/sites\/2\/2016\/11\/sextortion3-2560x1280.jpg 2560w, https:\/\/www.skppsc.ch\/de\/wp-content\/uploads\/sites\/2\/2016\/11\/sextortion3-300x150.jpg 300w, https:\/\/www.skppsc.ch\/de\/wp-content\/uploads\/sites\/2\/2016\/11\/sextortion3-768x384.jpg 768w, https:\/\/www.skppsc.ch\/de\/wp-content\/uploads\/sites\/2\/2016\/11\/sextortion3-640x320.jpg 640w, https:\/\/www.skppsc.ch\/de\/wp-content\/uploads\/sites\/2\/2016\/11\/sextortion3-1280x640.jpg 1280w\" sizes=\"(max-width: 2560px) 100vw, 2560px\"><\/div><div class=\"default-container content-part\"><div class=\"inner-padding\">\n\n\n<\/div><\/div><\/body><\/html>","protected":false},"excerpt":{"rendered":"<p>Das Internet bietet zahllose M\u00f6glichkeiten, sich unverbindlich und ohne Angabe von Namen und Adressen mit Personen aus aller Welt schriftlich, via Internettelefonie oder in einem Videochat auszutauschen. Das Ph\u00e4nomen Sextortion zeigt auf, dass in gewissen F\u00e4llen ein unverbindlicher, anonymer Austausch im Internet in Wahrheit einem festgelegten, kriminellen Plan folgt, der damit endet, dass das Opfer bef\u00fcrchtet, vor seiner Familie, seinen Freunden und Bekannten blossgestellt zu werden. Oft sind wir online n\u00e4mlich nicht so anonym unterwegs, wie wir denken. Was tun bei Erpressung im Internet?<\/p>\n","protected":false},"author":1,"featured_media":226,"parent":138,"menu_order":30,"comment_status":"closed","ping_status":"closed","template":"","meta":{"showSharingButtons":false,"skp-theme-color":"three","_subtitle":"","alternative_title":"","seoDescription":"Bei Sextortion handelt es sich um sexuelle Erpressung im Internet. Erfahren Sie hier, was Sie als Opfer von Sextortion tun k\u00f6nnen.","seoKeywords":"","seoTitle":"Erpressung im Internet: Was tun bei Sextortion? | Kriminalpr\u00e4vention CH","featuredVideoEmbedCode":"","featuredYoutubeVideoId":"","notes":"","redirectToPostId":0,"skp-further-information":"<p>Fake-Sextortion E-Mails k\u00f6nnen Sie ans Bundesamt f\u00fcr Cybersicherheit BACS <span style=\"color: initial;\"><a href=\"https:\/\/www.report.ncsc.admin.ch\/de\/\" target=\"_blank\" rel=\"noopener\" title=\"melden\">melden<\/a><\/span>.<\/p>","hideTile":false,"pageType":"","editor_notices":[],"footnotes":""},"topic":[23],"class_list":["post-142","page","type-page","status-publish","has-post-thumbnail","hentry","topic-sextortion-erpressung"],"aioseo_notices":[],"_links":{"self":[{"href":"https:\/\/www.skppsc.ch\/de\/wp-json\/wp\/v2\/pages\/142","targetHints":{"allow":["GET"]}}],"collection":[{"href":"https:\/\/www.skppsc.ch\/de\/wp-json\/wp\/v2\/pages"}],"about":[{"href":"https:\/\/www.skppsc.ch\/de\/wp-json\/wp\/v2\/types\/page"}],"author":[{"embeddable":true,"href":"https:\/\/www.skppsc.ch\/de\/wp-json\/wp\/v2\/users\/1"}],"replies":[{"embeddable":true,"href":"https:\/\/www.skppsc.ch\/de\/wp-json\/wp\/v2\/comments?post=142"}],"version-history":[{"count":0,"href":"https:\/\/www.skppsc.ch\/de\/wp-json\/wp\/v2\/pages\/142\/revisions"}],"up":[{"embeddable":true,"href":"https:\/\/www.skppsc.ch\/de\/wp-json\/wp\/v2\/pages\/138"}],"wp:featuredmedia":[{"embeddable":true,"href":"https:\/\/www.skppsc.ch\/de\/wp-json\/wp\/v2\/media\/226"}],"wp:attachment":[{"href":"https:\/\/www.skppsc.ch\/de\/wp-json\/wp\/v2\/media?parent=142"}],"wp:term":[{"taxonomy":"topic","embeddable":true,"href":"https:\/\/www.skppsc.ch\/de\/wp-json\/wp\/v2\/topic?post=142"}],"curies":[{"name":"wp","href":"https:\/\/api.w.org\/{rel}","templated":true}]}}