{"id":148,"date":"2016-11-24T10:09:42","date_gmt":"2016-11-24T09:09:42","guid":{"rendered":"https:\/\/www.skppsc.ch\/de\/?page_id=148"},"modified":"2020-03-09T14:20:48","modified_gmt":"2020-03-09T13:20:48","slug":"skimming","status":"publish","type":"page","link":"https:\/\/www.skppsc.ch\/de\/themen\/betrug\/skimming\/","title":{"rendered":"Skimming"},"content":{"rendered":"<html><body><div class=\"default-container content-part\"><div class=\"inner-padding\">\n<h2 class=\"wp-block-heading foreground-primary\">Definition<\/h2>\n\n\n\n<p>Der Begriff Skimming wird vom englischen Wort \u00abto skim\u00bb abgeleitet, was so viel bedeutet wie \u00ababheben\u00bb oder \u00ababsch\u00f6pfen\u00bb. Als Skimming bezeichnet man das Manipulieren von Kartenautomaten (Geldautomaten, Billettautomaten und Zahlterminals im Detailhandel, an Tankstellen, in der Gastronomie usw.). Dabei bringen die T\u00e4ter spezielle Apparaturen am oder im Automaten an, welche die Magnetstreifendaten von Konto-, Debit- und Kreditkarten kopieren und den PIN-Code aussp\u00e4hen. Mit diesen Informationen kann die T\u00e4terschaft anschliessend unbemerkt Geld vom Konto des Opfers abheben. Die meisten Opfer bemerken die Tat erst, wenn sie ihren Kontoauszug pr\u00fcfen.<\/p>\n\n\n\n<\/div><\/div><div class=\"default-container content-part   \" style=\";\"><div class=\"inner-padding\">\n\n\n\n<h2 class=\"wp-block-heading foreground-primary\">Wie funktioniert Skimming?<\/h2>\n\n\n\n<p>In der Schweiz ist es nicht m\u00f6glich, mit Maestro- und PostFinance-Karten ohne den f\u00e4lschungssicheren Chip Bargeld zu beziehen. In verschiedenen aussereurop\u00e4ischen L\u00e4ndern gen\u00fcgen jedoch die Magnetstreifendaten und die Eingabe des PIN-Codes, um Geld abzuheben. Aus diesem Grund wird in F\u00e4llen von Skimming das Geld immer ausserhalb Europas abgehoben.<br>Der Ablauf eines Skimming-Falls und dessen Konsequenzen k\u00f6nnen folgendermassen aussehen:<\/p>\n\n\n\n<h3 class=\"wp-block-heading\">Manipulation von Automaten<\/h3>\n\n\n\n<p>Die T\u00e4terschaft bringt als erstes verschiedene Apparaturen im oder am Kartenautomaten an: Ein Kartenleseger\u00e4t speichert die Magnetstreifendaten und gleichzeitig spioniert die von der T\u00e4terschaft angebrachte Tastaturattrappe oder eine installierte Minikamera den PIN-Code aus. F\u00fcr den Karteninhaber sind diese Manipulationen praktisch nicht zu erkennen, da die Apparaturen t\u00e4uschend echt aussehen und die Kameras so klein sind, dass sie kaum bemerkt werden.<\/p>\n\n\n\n<h3 class=\"wp-block-heading\">Geldbezug im Ausland\u00a0<\/h3>\n\n\n\n<p>Hat die T\u00e4terschaft die ben\u00f6tigten Karteninformationen erlangt, fertigt sie damit anschliessend eine Kopie der Karte an. Da sie die Kartenkopie in der Schweiz ohne Chip nicht nutzen kann, bezieht sie damit im Ausland so viel Geld wie m\u00f6glich zulasten des ahnungslosen Karteninhabers. Weil der Karteninhaber in der Schweiz nach wie vor \u00fcber eine funktionst\u00fcchtige Karte verf\u00fcgt, bemerkt er den Diebstahl auf seinem Konto meist nicht sofort, sondern erst, wenn er kein Geld mehr abheben kann, weil sein Konto leer ist oder wenn sich sein Finanzinstitut wegen verd\u00e4chtigen Abbuchungen aus dem Ausland bei ihm meldet. \u00a0<\/p>\n\n\n\n<h3 class=\"wp-block-heading\">Handel mit Karteninformationen im Internet<\/h3>\n\n\n\n<p>Es kann aber auch sein, dass Skimming-Betr\u00fcger den PIN-Code und Magnetstreifendaten einzig deshalb aussp\u00e4hen, um mit diesen Informationen zu handeln. Das bedeutet, dass sie via Internet die Daten an andere Betr\u00fcger verkaufen, damit diese anschliessend im Ausland illegal Geld von den betroffenen Konten abheben k\u00f6nnen. Da es sich bei der T\u00e4terschaft h\u00e4ufig um organisierte Gruppen handelt, gelangen die Kartendaten blitzschnell ins Ausland.<\/p>\n\n\n\n<\/div><\/div><div class=\"full content-part image-wrapper image-388\"><img width=\"2560\" height=\"1280\" src=\"https:\/\/www.skppsc.ch\/de\/wp-content\/uploads\/sites\/2\/2016\/11\/skimming2-2560x1280.jpg\" class=\"attachment-skp-large-force-ratio size-skp-large-force-ratio\" alt=\"\" srcset=\"https:\/\/www.skppsc.ch\/de\/wp-content\/uploads\/sites\/2\/2016\/11\/skimming2-2560x1280.jpg 2560w, https:\/\/www.skppsc.ch\/de\/wp-content\/uploads\/sites\/2\/2016\/11\/skimming2-300x150.jpg 300w, https:\/\/www.skppsc.ch\/de\/wp-content\/uploads\/sites\/2\/2016\/11\/skimming2-768x384.jpg 768w, https:\/\/www.skppsc.ch\/de\/wp-content\/uploads\/sites\/2\/2016\/11\/skimming2-640x320.jpg 640w, https:\/\/www.skppsc.ch\/de\/wp-content\/uploads\/sites\/2\/2016\/11\/skimming2-1280x640.jpg 1280w\" sizes=\"(max-width: 2560px) 100vw, 2560px\"><\/div><div class=\"default-container content-part\"><div class=\"inner-padding\">\n\n\n\n<h2 class=\"wp-block-heading foreground-primary\">Rechtslage<\/h2>\n\n\n\n<p>M\u00f6gliche und typische Straftatbest\u00e4nde, die bei Skimming erf\u00fcllt werden, sind:<\/p>\n\n\n\n<ul class=\"wp-block-list\"><li><a href=\"https:\/\/www.admin.ch\/opc\/de\/classified-compilation\/19370083\/index.html#a139\" target=\"_blank\" rel=\"noreferrer noopener\" aria-label=\"Art. 139 StGB (opens in a new tab)\">Art. 139 StGB<\/a> Diebstahl\u00a0<\/li><li><a href=\"https:\/\/www.admin.ch\/opc\/de\/classified-compilation\/19370083\/index.html#a143\" target=\"_blank\" rel=\"noreferrer noopener\" aria-label=\"Art. 143 StGB (opens in a new tab)\">Art. 143 StGB<\/a> Unbefugte Datenbeschaffung\u00a0<\/li><li><a href=\"https:\/\/www.admin.ch\/opc\/de\/classified-compilation\/19370083\/index.html#a147\" target=\"_blank\" rel=\"noreferrer noopener\" aria-label=\"Art. 147 StGB (opens in a new tab)\">Art. 147 StGB<\/a> Betr\u00fcgerischer Missbrauch einer Datenverarbeitungsanlage\u00a0<\/li><li><a href=\"https:\/\/www.admin.ch\/opc\/de\/classified-compilation\/19370083\/index.html#a251\" target=\"_blank\" rel=\"noreferrer noopener\" aria-label=\"Art. 251 StGB (opens in a new tab)\">Art. 251 StGB<\/a> Urkundenf\u00e4lschung<\/li><\/ul>\n\n\n\n<\/div><\/div><div class=\"default-container content-part   \" style=\";\"><div class=\"inner-padding\">\n\n\n\n<h2 class=\"wp-block-heading foreground-primary\">Was tut die Polizei?<\/h2>\n\n\n\n<p>Bei den m\u00f6glichen und typischen Straftatbest\u00e4nden, die bei Skimming erf\u00fcllt sind, handelt es sich um Antragsdelikte. Die oder der Gesch\u00e4digte muss deshalb bei der Polizei einen Strafantrag stellen.<\/p>\n\n\n\n<\/div><\/div><div class=\"default-container content-part   \" style=\";\"><div class=\"inner-padding\">\n\n\n\n<\/div><\/div><div class=\"default-container clues content-part children-count-3 children-count-odd\"><div class=\"inner-padding\"><a id=\"tips\"><\/a><h2 class=\"subcontent-main-title foreground-primary foreground-primary\">Was kann ich tun?<\/h2><div class=\"clues-inner-table clues-count-odd\"><div class=\"clue-item clues-count-odd clues-count-3 background-faded\"><div class=\"clue benutzung-der-karte\"><p class=\"clue-image\"><img loading=\"lazy\" decoding=\"async\" width=\"640\" height=\"320\" src=\"https:\/\/www.skppsc.ch\/de\/wp-content\/uploads\/sites\/2\/2016\/12\/skimmingtipp1-640x320.jpg\" class=\"attachment-skp-thumbnail-force-ratio size-skp-thumbnail-force-ratio wp-post-image\" alt=\"\" srcset=\"https:\/\/www.skppsc.ch\/de\/wp-content\/uploads\/sites\/2\/2016\/12\/skimmingtipp1-640x320.jpg 640w, https:\/\/www.skppsc.ch\/de\/wp-content\/uploads\/sites\/2\/2016\/12\/skimmingtipp1-300x150.jpg 300w, https:\/\/www.skppsc.ch\/de\/wp-content\/uploads\/sites\/2\/2016\/12\/skimmingtipp1-768x384.jpg 768w, https:\/\/www.skppsc.ch\/de\/wp-content\/uploads\/sites\/2\/2016\/12\/skimmingtipp1.jpg 800w\" sizes=\"auto, (max-width: 640px) 100vw, 640px\"><\/p><h3 class=\"clue-title background-primary foreground-title\">Benutzung der Karte<\/h3><ul>\n<li><strong>Geheimer PIN-Code:<\/strong> Geben Sie Ihren PIN-Code niemals an andere Personen weiter. Bewahren Sie den PIN-Code nicht zusammen mit der Karte auf und vermerken Sie ihn nicht auf der Karte.<\/li>\n<li><strong>Karte nicht aus der Hand geben:<\/strong> Geben Sie Ihre Karte nie aus der Hand \u2013 weder einem \u00abHelfer\u00bb beim Geldautomaten noch einem Serviceangestellten. Die Karte kann blitzschnell ausgetauscht werden, ohne dass Sie es merken.<\/li>\n<li><strong>Karte sperren lassen:<\/strong> Lassen Sie Ihre Karte bei Verdacht auf Missbrauch umgehend sperren. Das Gleiche gilt bei Diebstahl, Verlust oder Einzug der Karte am Automaten.<\/li>\n<li><strong>Kontobewegungen kontrollieren:<\/strong> \u00dcberpr\u00fcfen Sie regelm\u00e4ssig Ihren Kontoauszug und kontaktieren Sie bei Unstimmigkeiten sofort Ihr Finanzinstitut.<\/li>\n<\/ul>\n<p><strong>Card-Control im Ausland:<\/strong> Unter Card-Control versteht man die Einschr\u00e4nkung der Kartennutzung im Ausland. Um sich vor Skimming zu sch\u00fctzen, sind folgende Massnahmen besonders effektiv:<\/p>\n<ul>\n<li><strong>Geoblocking\/Geocontrol:<\/strong> Die Karte kann nur in ausgew\u00e4hlten L\u00e4ndern eingesetzt werden.<\/li>\n<li><strong>Beschr\u00e4nkung der Bezugslimite:<\/strong> Die maximale Bezugslimite der Karte im Ausland wird eingeschr\u00e4nkt.<\/li>\n<li><strong>Mischform:<\/strong> Die maximale Bezugslimite ist auf ausgew\u00e4hlte L\u00e4nder beschr\u00e4nkt.<\/li>\n<\/ul>\n<\/div><\/div><div class=\"clue-item clues-count-odd clues-count-3 background-faded\"><div class=\"clue verhalten-am-geldautomaten\"><p class=\"clue-image\"><img loading=\"lazy\" decoding=\"async\" width=\"640\" height=\"320\" src=\"https:\/\/www.skppsc.ch\/de\/wp-content\/uploads\/sites\/2\/2016\/12\/skimmingtipp2-640x320.jpg\" class=\"attachment-skp-thumbnail-force-ratio size-skp-thumbnail-force-ratio wp-post-image\" alt=\"\" srcset=\"https:\/\/www.skppsc.ch\/de\/wp-content\/uploads\/sites\/2\/2016\/12\/skimmingtipp2-640x320.jpg 640w, https:\/\/www.skppsc.ch\/de\/wp-content\/uploads\/sites\/2\/2016\/12\/skimmingtipp2-300x150.jpg 300w, https:\/\/www.skppsc.ch\/de\/wp-content\/uploads\/sites\/2\/2016\/12\/skimmingtipp2-768x384.jpg 768w, https:\/\/www.skppsc.ch\/de\/wp-content\/uploads\/sites\/2\/2016\/12\/skimmingtipp2.jpg 800w\" sizes=\"auto, (max-width: 640px) 100vw, 640px\"><\/p><h3 class=\"clue-title background-primary foreground-title\">Verhalten am Geldautomaten<\/h3><ul>\n<li><strong>PIN-Code verdeckt eingeben:<\/strong> Geben Sie an allen Kartenautomaten Ihren PIN-Code verdeckt ein. Verdecken Sie Ihre Zahlen-Eingabe mit der anderen Hand oder mit Ihrem Portemonnaie. Achten Sie darauf, dass Sie niemand dabei beobachtet.<\/li>\n<li><strong>Keine Ablenkung:<\/strong> Lassen Sie sich beim Geldabheben, Bezahlen oder Billett l\u00f6sen nicht ablenken. Fordern Sie zu nahe tretende Personen auf, Abstand zu halten. Lassen Sie sich nicht in ein Gespr\u00e4ch verwickeln und nehmen Sie keine Hilfe unbekannten Personen an, wenn zum Beispiel Ihre Karte im Automaten feststeckt.<\/li>\n<li><strong>Bauchgef\u00fchl ernst nehmen:<\/strong> Vertrauen Sie auch am Kartenautomaten Ihrer Intuition: Wenn Ihnen ein Automat verd\u00e4chtig vorkommt oder Sie sich am Automaten unwohl f\u00fchlen, weil zum Beispiel dubiose Personen in der N\u00e4he sind, jemand Sie anspricht oder Ihnen zu nahe kommt, brechen Sie den Bezahl- oder Geldabhebevorgang ab und suchen Sie sich einen anderen Automaten.<\/li>\n<li><strong>Verdacht melden:<\/strong> Falls Sie einen manipulierten Automaten entdecken, informieren Sie den Automatenbetreiber. Ausserhalb der B\u00fcrozeiten wenden Sie sich an die Polizei \u00fcber die Notrufnummer 117. Sie helfen so, weiteren Schaden zu vermeiden.<\/li>\n<\/ul>\n<\/div><\/div><div class=\"clue-item clues-count-odd clues-count-3 background-faded\"><div class=\"clue falls-sie-opfer-von-skimming-geworden-sind-gilt-es-folgendes-zu-beachten\"><p class=\"clue-image\"><img loading=\"lazy\" decoding=\"async\" width=\"640\" height=\"320\" src=\"https:\/\/www.skppsc.ch\/de\/wp-content\/uploads\/sites\/2\/2016\/12\/skimmingtipp3-640x320.jpg\" class=\"attachment-skp-thumbnail-force-ratio size-skp-thumbnail-force-ratio wp-post-image\" alt=\"\" srcset=\"https:\/\/www.skppsc.ch\/de\/wp-content\/uploads\/sites\/2\/2016\/12\/skimmingtipp3-640x320.jpg 640w, https:\/\/www.skppsc.ch\/de\/wp-content\/uploads\/sites\/2\/2016\/12\/skimmingtipp3-300x150.jpg 300w, https:\/\/www.skppsc.ch\/de\/wp-content\/uploads\/sites\/2\/2016\/12\/skimmingtipp3-768x384.jpg 768w, https:\/\/www.skppsc.ch\/de\/wp-content\/uploads\/sites\/2\/2016\/12\/skimmingtipp3.jpg 800w\" sizes=\"auto, (max-width: 640px) 100vw, 640px\"><\/p><h3 class=\"clue-title background-primary foreground-title\">Falls Sie Opfer von Skimming geworden sind:<\/h3><ul>\n<li><strong>Wenn Sie bemerken, dass ein Kartenautomat manipuliert ist,<\/strong> kontaktieren Sie den Automatenbetreiber und ausserhalb der \u00d6ffnungszeiten die Polizei \u00fcber die Notrufnummer 117. Befolgen Sie die Weisungen der Polizei und ver\u00e4ndern Sie nichts am m\u00f6glichen Tatort, bis diese eintrifft. Lassen Sie sich in dieser Zeit nicht von fremden Personen helfen.\u00a0<\/li>\n<li><strong>Lassen Sie Ihre Karte umgehend sperren,<\/strong> wenn Sie Ihre Karte verloren haben, Ihre Karte gestohlen wurde, Ihre Karte vom Kartenautomaten nicht mehr herausgegeben wird, der Verdacht auf Missbrauch besteht oder wenn Sie \u2013 in R\u00fccksprache mit Ihrem Finanzinstitut \u2013 missbr\u00e4uchliche Bez\u00fcge auf Ihrem Kontoauszug feststellen.<\/li>\n<li><strong>Erstatten Sie Anzeige bei der Polizei,<\/strong> wenn Ihre Karte gestohlen wurde oder Ihnen Ihr Finanzinstitut bei unberechtigten Abbuchungen dazu r\u00e4t.<\/li>\n<\/ul>\n<\/div><\/div><\/div><\/div><\/div><div class=\"default-container content-part\"><div class=\"inner-padding\">\n\n\n\n<\/div><\/div><div class=\"full content-part image-wrapper image-389\"><img width=\"2560\" height=\"1280\" src=\"https:\/\/www.skppsc.ch\/de\/wp-content\/uploads\/sites\/2\/2016\/11\/skimming3-2560x1280.jpg\" class=\"attachment-skp-large-force-ratio size-skp-large-force-ratio\" alt=\"\" srcset=\"https:\/\/www.skppsc.ch\/de\/wp-content\/uploads\/sites\/2\/2016\/11\/skimming3-2560x1280.jpg 2560w, https:\/\/www.skppsc.ch\/de\/wp-content\/uploads\/sites\/2\/2016\/11\/skimming3-300x150.jpg 300w, https:\/\/www.skppsc.ch\/de\/wp-content\/uploads\/sites\/2\/2016\/11\/skimming3-768x384.jpg 768w, https:\/\/www.skppsc.ch\/de\/wp-content\/uploads\/sites\/2\/2016\/11\/skimming3-640x320.jpg 640w, https:\/\/www.skppsc.ch\/de\/wp-content\/uploads\/sites\/2\/2016\/11\/skimming3-1280x640.jpg 1280w\" sizes=\"(max-width: 2560px) 100vw, 2560px\"><\/div><div class=\"default-container content-part\"><div class=\"inner-padding\">\n<\/div><\/div><\/body><\/html>","protected":false},"excerpt":{"rendered":"<p>Durch gezielte Pr\u00e4vention von Skimming in Kombination mit der verbesserten Infrastruktur im Zahlungsverkehr konnte die Zahl der Kartenbetrugsf\u00e4lle in der Schweiz massiv gesenkt werden. Nichtsdestotrotz besteht nach wie vor, insbesondere im Ausland, die Gefahr, Opfer von Skimming zu werden. In vielen F\u00e4llen profitieren die Betr\u00fcger vom fehlenden Misstrauen und von der mangelnden Sorgfalt ihrer Opfer.<\/p>\n","protected":false},"author":1,"featured_media":387,"parent":145,"menu_order":30,"comment_status":"closed","ping_status":"closed","template":"","meta":{"showSharingButtons":false,"skp-theme-color":"eight","_subtitle":null,"alternative_title":"","seoDescription":"","seoKeywords":"","seoTitle":"","featuredVideoEmbedCode":"","featuredYoutubeVideoId":"","notes":"","redirectToPostId":0,"skp-further-information":"<p>Mit der Kampagne <a href=\"http:\/\/www.stop-skimming.ch\/\" target=\"_blank\" rel=\"noopener\">\u00abStop Skimming\u00bb<\/a> informiert und sensibilisiert die Polizei die Bev\u00f6lkerung zum Thema. Die Kampagne wird von der Schweizerischen Bankiervereinigung und der Schweizerischen Kriminalpr\u00e4vention unterst\u00fctzt.<\/p>","hideTile":false,"pageType":"","editor_notices":[],"footnotes":""},"topic":[28],"class_list":["post-148","page","type-page","status-publish","has-post-thumbnail","hentry","topic-skimming"],"aioseo_notices":[],"_links":{"self":[{"href":"https:\/\/www.skppsc.ch\/de\/wp-json\/wp\/v2\/pages\/148","targetHints":{"allow":["GET"]}}],"collection":[{"href":"https:\/\/www.skppsc.ch\/de\/wp-json\/wp\/v2\/pages"}],"about":[{"href":"https:\/\/www.skppsc.ch\/de\/wp-json\/wp\/v2\/types\/page"}],"author":[{"embeddable":true,"href":"https:\/\/www.skppsc.ch\/de\/wp-json\/wp\/v2\/users\/1"}],"replies":[{"embeddable":true,"href":"https:\/\/www.skppsc.ch\/de\/wp-json\/wp\/v2\/comments?post=148"}],"version-history":[{"count":0,"href":"https:\/\/www.skppsc.ch\/de\/wp-json\/wp\/v2\/pages\/148\/revisions"}],"up":[{"embeddable":true,"href":"https:\/\/www.skppsc.ch\/de\/wp-json\/wp\/v2\/pages\/145"}],"wp:featuredmedia":[{"embeddable":true,"href":"https:\/\/www.skppsc.ch\/de\/wp-json\/wp\/v2\/media\/387"}],"wp:attachment":[{"href":"https:\/\/www.skppsc.ch\/de\/wp-json\/wp\/v2\/media?parent=148"}],"wp:term":[{"taxonomy":"topic","embeddable":true,"href":"https:\/\/www.skppsc.ch\/de\/wp-json\/wp\/v2\/topic?post=148"}],"curies":[{"name":"wp","href":"https:\/\/api.w.org\/{rel}","templated":true}]}}