{"id":155,"date":"2016-11-24T10:12:49","date_gmt":"2016-11-24T09:12:49","guid":{"rendered":"https:\/\/www.skppsc.ch\/de\/?page_id=155"},"modified":"2026-02-26T09:19:35","modified_gmt":"2026-02-26T08:19:35","slug":"sicheres-wohnen-schweiz","status":"publish","type":"page","link":"https:\/\/www.skppsc.ch\/de\/netzwerke\/sicheres-wohnen-schweiz\/","title":{"rendered":"Sicheres Wohnen Schweiz"},"content":{"rendered":"<html><body><div class=\"default-container content-part\"><div class=\"inner-padding\"><p>Polizei und Sicherheitsfirmen setzen sich f\u00fcr den pr\u00e4ventiven Einbruchschutz ein. Sicherheitsfirmen und Sicherheitsberater der Polizei sind seit geraumer Zeit in der ganzen Schweiz t\u00e4tig, informieren ihre Kundschaft \u00fcber neuste Standards und Schutzmassnahmen oder verbauen wirksame Schutzvorrichtungen in Neubauten oder in Umbauten. Trotzdem existiert in der Schweiz keine standardisierte, interdisziplin\u00e4re Zusammenarbeit. Dies auch, weil sich die Ansichten der Polizei und der Sicherheitsunternehmen in Bezug auf zielf\u00fchrende Sicherheitsstandards und deren Ausf\u00fchrung teilweise unterschieden. Diese fehlende Einheitlichkeit wurde verst\u00e4rkt durch fehlende Qualit\u00e4tskriterien innerhalb der Fachorgane f\u00fcr Sicherheitsberatungen, die fehlende Transparenz bei der Benennung von Sicherheitsfirmen und die fehlende Zertifizierung von Sicherheitsberatungen.<\/p>\n<p>\u00dcber das Netzwerk des \u00abSWS\u00bb konnte die SKP eine engere Zusammenarbeit von Polizei und Sicherheitsfirmen schaffen. Die Erarbeitung eines gemeinsamen Verst\u00e4ndnisses von Pr\u00e4ventionsaufgaben und -massnahmen sowie das Herbeif\u00fchren eines gemeinsamen Qualit\u00e4tsverst\u00e4ndnisses mit Standartregeln waren dringend notwendig, damit die Bev\u00f6lkerung von einer einheitlichen, qualitativ hochstehenden Sicherheitsberatung \u2013 unabh\u00e4ngig wer sie durchf\u00fchrt \u2013 profitieren kann.<\/p>\n<p>Das Angebot wird sukzessive auf die franz\u00f6sisch- und italienischsprachige Schweiz ausgeweitet.<\/p>\n<\/div><\/div><div class=\"full content-part post-name-skp-info-1-2016  post-type-download\"><div class=\"inner-padding\"><p class=\"featured-image download hide-on-mobile\"><a href=\"https:\/\/www.skppsc.ch\/de\/wp-content\/uploads\/sites\/2\/2016\/12\/skpinfo12016dt.pdf\" download target=\"_blank\"><img loading=\"lazy\" decoding=\"async\" width=\"640\" height=\"906\" src=\"https:\/\/www.skppsc.ch\/de\/wp-content\/uploads\/sites\/2\/2016\/12\/skpinfo12016dt-640x906.jpg\" class=\"attachment-skp-thumbnail-keep-ratio size-skp-thumbnail-keep-ratio wp-post-image\" alt=\"\" srcset=\"https:\/\/www.skppsc.ch\/de\/wp-content\/uploads\/sites\/2\/2016\/12\/skpinfo12016dt-640x906.jpg 640w, https:\/\/www.skppsc.ch\/de\/wp-content\/uploads\/sites\/2\/2016\/12\/skpinfo12016dt-212x300.jpg 212w, https:\/\/www.skppsc.ch\/de\/wp-content\/uploads\/sites\/2\/2016\/12\/skpinfo12016dt-768x1087.jpg 768w, https:\/\/www.skppsc.ch\/de\/wp-content\/uploads\/sites\/2\/2016\/12\/skpinfo12016dt.jpg 1058w\" sizes=\"auto, (max-width: 640px) 100vw, 640px\"><\/a><\/p><div class=\"remaining-content\"><h2 class=\"sub-content-title  foreground-primary foreground-primary\">SKP INFO 1 | 2016<\/h2><h3 class=\"sub-content-subtitle \"><\/h3><p>Das SKP INFO 1|2016 stellt das SKP-Projekt \u00abSicheres Wohnen Schweiz\u00bb im Detail vor. Ziel dieses Projekts ist die schweizweite Verbesserung des Einbruchschutzes. Im Fokus stehen nebst der Polizei auch private Sicherheitsfirmen und diverse Branchenverb\u00e4nde, die diese Aufgabe gemeinsam erreichen wollen. Das Projekt strebt ein einheitliches Verst\u00e4ndnis von Pr\u00e4ventionsaufgaben und \u2011massnahmen sowie die Schaffung eines gemeinsamen Qualit\u00e4tsverst\u00e4ndnisses an, damit die Schweizer Bev\u00f6lkerung von einer einheitlichen, qualitativ hochstehenden Sicherheitsberatung profitieren kann \u2013 unabh\u00e4ngig davon, wer sie anbietet.<\/p>\n<p><\/p>\n<p class=\"featured-image download mobile-only\"><a href=\"https:\/\/www.skppsc.ch\/de\/wp-content\/uploads\/sites\/2\/2016\/12\/skpinfo12016dt.pdf\" download target=\"_blank\"><img loading=\"lazy\" decoding=\"async\" width=\"640\" height=\"906\" src=\"https:\/\/www.skppsc.ch\/de\/wp-content\/uploads\/sites\/2\/2016\/12\/skpinfo12016dt-640x906.jpg\" class=\"attachment-skp-thumbnail-keep-ratio size-skp-thumbnail-keep-ratio wp-post-image\" alt=\"\" srcset=\"https:\/\/www.skppsc.ch\/de\/wp-content\/uploads\/sites\/2\/2016\/12\/skpinfo12016dt-640x906.jpg 640w, https:\/\/www.skppsc.ch\/de\/wp-content\/uploads\/sites\/2\/2016\/12\/skpinfo12016dt-212x300.jpg 212w, https:\/\/www.skppsc.ch\/de\/wp-content\/uploads\/sites\/2\/2016\/12\/skpinfo12016dt-768x1087.jpg 768w, https:\/\/www.skppsc.ch\/de\/wp-content\/uploads\/sites\/2\/2016\/12\/skpinfo12016dt.jpg 1058w\" sizes=\"auto, (max-width: 640px) 100vw, 640px\"><\/a><\/p><div class=\"download-bottom-actions \"><a href=\"https:\/\/www.skppsc.ch\/de\/wp-content\/uploads\/sites\/2\/2016\/12\/skpinfo12016dt.pdf\" download target=\"_blank\" class=\"large skp-icon skp-download-pdf download-icon \" title=\"\"><span class=\"link-text\"><\/span><\/a><\/div><\/div><\/div><\/div><div class=\"default-container content-part\"><div class=\"inner-padding\">\n<\/div><\/div><\/body><\/html>","protected":false},"excerpt":{"rendered":"<p>Die Schweizerische Kriminalpr\u00e4vention (SKP) widmet sich mit <a href=\"https:\/\/www.sicheres-wohnen-schweiz.ch\/\" target=\"_blank\" rel=\"noopener noreferrer\">\u00abSicheres Wohnen Schweiz\u00bb (SWS)<\/a> der Verbesserung des individuellen Einbruchschutzes in der Schweiz. \u00abSWS\u00bb harmonisiert die Qualit\u00e4t der Einbruchschutzberatung von Polizei und Sicherheitsbranche und vernetzt die in diesem Bereich relevanten Fachpersonen.<\/p>\n","protected":false},"author":1,"featured_media":301,"parent":4124,"menu_order":10,"comment_status":"closed","ping_status":"closed","template":"","meta":{"showSharingButtons":false,"skp-theme-color":"nine","_subtitle":"","alternative_title":"","seoDescription":"","seoKeywords":"","seoTitle":"","featuredVideoEmbedCode":"","featuredYoutubeVideoId":"","notes":"","redirectToPostId":0,"skp-further-information":"","hideTile":false,"pageType":"","editor_notices":[],"footnotes":""},"topic":[],"class_list":["post-155","page","type-page","status-publish","has-post-thumbnail","hentry"],"aioseo_notices":[],"_links":{"self":[{"href":"https:\/\/www.skppsc.ch\/de\/wp-json\/wp\/v2\/pages\/155","targetHints":{"allow":["GET"]}}],"collection":[{"href":"https:\/\/www.skppsc.ch\/de\/wp-json\/wp\/v2\/pages"}],"about":[{"href":"https:\/\/www.skppsc.ch\/de\/wp-json\/wp\/v2\/types\/page"}],"author":[{"embeddable":true,"href":"https:\/\/www.skppsc.ch\/de\/wp-json\/wp\/v2\/users\/1"}],"replies":[{"embeddable":true,"href":"https:\/\/www.skppsc.ch\/de\/wp-json\/wp\/v2\/comments?post=155"}],"version-history":[{"count":0,"href":"https:\/\/www.skppsc.ch\/de\/wp-json\/wp\/v2\/pages\/155\/revisions"}],"up":[{"embeddable":true,"href":"https:\/\/www.skppsc.ch\/de\/wp-json\/wp\/v2\/pages\/4124"}],"wp:featuredmedia":[{"embeddable":true,"href":"https:\/\/www.skppsc.ch\/de\/wp-json\/wp\/v2\/media\/301"}],"wp:attachment":[{"href":"https:\/\/www.skppsc.ch\/de\/wp-json\/wp\/v2\/media?parent=155"}],"wp:term":[{"taxonomy":"topic","embeddable":true,"href":"https:\/\/www.skppsc.ch\/de\/wp-json\/wp\/v2\/topic?post=155"}],"curies":[{"name":"wp","href":"https:\/\/api.w.org\/{rel}","templated":true}]}}