{"id":158,"date":"2016-11-24T10:13:42","date_gmt":"2016-11-24T09:13:42","guid":{"rendered":"https:\/\/www.skppsc.ch\/de\/?page_id=158"},"modified":"2026-02-26T08:05:09","modified_gmt":"2026-02-26T07:05:09","slug":"infotagung-der-skp","status":"publish","type":"page","link":"https:\/\/www.skppsc.ch\/de\/netzwerke\/infotagung-der-skp\/","title":{"rendered":"Infotagung der SKP"},"content":{"rendered":"<html><body><div class=\"default-container content-part\"><div class=\"inner-padding\"><p>Die Infotagung f\u00fcr polizeiliche Kriminalpr\u00e4vention verfolgt vor allem zwei Ziele: Zum einen dient sie der Vernetzung der Experten und Expertinnen und somit der F\u00f6rderung des fachlichen Austausches. An der Infotagung werden zum anderen Neuigkeiten aus den unterschiedlichsten Sparten der Kriminalpr\u00e4vention und der Sicherheitsberatung sowie berufsnaher Bereiche vorgestellt.<\/p>\n<p>Es nehmen Vertreter und Vertreterinnen aus allen Sprachregionen und meist jedem Polizeikorps der Schweiz an der Infotagung teil, die jedes Jahr in einem anderen Kanton stattfindet. Die Veranstaltung wird deshalb so gesch\u00e4tzt, weil sie mittels Vortr\u00e4gen und Workshops einen wichtigen Beitrag zum Wissenstransfer im Bereich der Kriminalpr\u00e4vention leisten kann.<\/p>\n\n<\/div><\/div><\/body><\/html>","protected":false},"excerpt":{"rendered":"<p>Seit 1978 wird jedes Jahr eine Infotagung zum Thema polizeiliche Pr\u00e4vention organisiert. An dieser Fachkonferenz nehmen Spezialisten und Spezialistinnen aus den Bereichen Sicherheitsberatung und Kriminalpr\u00e4vention der kantonalen und st\u00e4dtischen Polizeikorps der Schweiz teil.<\/p>\n","protected":false},"author":1,"featured_media":294,"parent":4124,"menu_order":40,"comment_status":"closed","ping_status":"closed","template":"","meta":{"showSharingButtons":false,"skp-theme-color":"three","_subtitle":"","alternative_title":"","seoDescription":"","seoKeywords":"","seoTitle":"","featuredVideoEmbedCode":"","featuredYoutubeVideoId":"","notes":"","redirectToPostId":0,"skp-further-information":"Mehr Infos finden Sie im <a href=\"https:\/\/www.skppsc.ch\/de\/intranet\/\" target=\"_blank\" rel=\"noreferrer noopener\">Intranet<\/a> der SKP.","hideTile":false,"pageType":"","editor_notices":[],"footnotes":""},"topic":[],"class_list":["post-158","page","type-page","status-publish","has-post-thumbnail","hentry"],"aioseo_notices":[],"_links":{"self":[{"href":"https:\/\/www.skppsc.ch\/de\/wp-json\/wp\/v2\/pages\/158","targetHints":{"allow":["GET"]}}],"collection":[{"href":"https:\/\/www.skppsc.ch\/de\/wp-json\/wp\/v2\/pages"}],"about":[{"href":"https:\/\/www.skppsc.ch\/de\/wp-json\/wp\/v2\/types\/page"}],"author":[{"embeddable":true,"href":"https:\/\/www.skppsc.ch\/de\/wp-json\/wp\/v2\/users\/1"}],"replies":[{"embeddable":true,"href":"https:\/\/www.skppsc.ch\/de\/wp-json\/wp\/v2\/comments?post=158"}],"version-history":[{"count":0,"href":"https:\/\/www.skppsc.ch\/de\/wp-json\/wp\/v2\/pages\/158\/revisions"}],"up":[{"embeddable":true,"href":"https:\/\/www.skppsc.ch\/de\/wp-json\/wp\/v2\/pages\/4124"}],"wp:featuredmedia":[{"embeddable":true,"href":"https:\/\/www.skppsc.ch\/de\/wp-json\/wp\/v2\/media\/294"}],"wp:attachment":[{"href":"https:\/\/www.skppsc.ch\/de\/wp-json\/wp\/v2\/media?parent=158"}],"wp:term":[{"taxonomy":"topic","embeddable":true,"href":"https:\/\/www.skppsc.ch\/de\/wp-json\/wp\/v2\/topic?post=158"}],"curies":[{"name":"wp","href":"https:\/\/api.w.org\/{rel}","templated":true}]}}