{"id":159,"date":"2016-11-24T10:14:02","date_gmt":"2016-11-24T09:14:02","guid":{"rendered":"https:\/\/www.skppsc.ch\/de\/?page_id=159"},"modified":"2026-02-26T08:01:29","modified_gmt":"2026-02-26T07:01:29","slug":"ausbildung-jugendsachbearbeiterin","status":"publish","type":"page","link":"https:\/\/www.skppsc.ch\/de\/netzwerke\/ausbildung-jugendsachbearbeiterin\/","title":{"rendered":"Ausbildung Jugendsachbearbeiter\/in"},"content":{"rendered":"<html><body><div class=\"default-container content-part\"><div class=\"inner-padding\"><p>In Zusammenarbeit mit dem <a href=\"http:\/\/www.institut-police.ch\/de\/\" target=\"_blank\" rel=\"noopener noreferrer\">Schweizerischen Polizei-Institut (SPI)<\/a> und der Arbeitsgruppe \u00abJugendsachbearbeiter\u00bb der <a href=\"https:\/\/www.kkpks.ch\" target=\"_blank\" rel=\"noopener noreferrer\">Konferenz der kantonalen Polizeikommandanten der Schweiz (KKPKS)<\/a> wird seit 2010 j\u00e4hrlich die Fortbildung <a href=\"https:\/\/www.edupolice.ch\/de\/kurse\/kursangebot\" target=\"_blank\" rel=\"noopener noreferrer\">\u00abJugendsachbearbeiter\/in\u00bb<\/a> zum Thema Jugendgewalt, deren Entstehung und Folgen durchgef\u00fchrt.<\/p>\n<p>Der Kurs richtet sich an Polizistinnen und Polizisten, die sich haupt- oder nebenamtlich mit dem Bereich Jugenddelinquenz befassen oder f\u00fcr eine solche Funktion vorgesehen sind. Im Verlaufe der Fortbildung werden die Grundlagen der pr\u00e4ventiven und repressiven Sachbearbeitung im Bereich der Jugendkriminalit\u00e4t vermittelt, die Hintergr\u00fcnde und Zusammenh\u00e4nge der Jugendkriminalit\u00e4t er\u00f6rtert sowie die interdisziplin\u00e4re Zusammenarbeit unter Beachtung des polizeilichen Auftrages innerhalb dieses Netzwerkes gef\u00f6rdert.<\/p>\n<p>Die Teilnehmenden des Kurses profitieren vom Wissen von Referierenden aus verschiedenen Disziplinen und lernen mehr \u00fcber das Jugendstrafrecht, die Rolle der Opfer und T\u00e4ter, Suchtmittelmissbrauch, fremde Kulturen und Subkulturen sowie polizeilich spezifische Arbeitsweisen resp. Arbeitsinstrumente und wie man sich mit Kooperationspartnern vernetzt.<\/p>\n<\/div><\/div><\/body><\/html>","protected":false},"excerpt":{"rendered":"<p>Im Jahr 2008 erhielt die Fachstelle der Schweizerischen Kriminalpr\u00e4vention (SKP) den Auftrag, eine Aus- und Weiterbildungseinheit zum Thema \u00abJugend und Gewalt\u00bb f\u00fcr die (angehenden) polizeilichen Jugendsachbearbeiterinnen und -bearbeiter nach den Vorgaben des Massnahmenplans \u00abJugend und Gewalt\u00bb zu erarbeiten.<\/p>\n","protected":false},"author":1,"featured_media":422,"parent":4124,"menu_order":50,"comment_status":"closed","ping_status":"closed","template":"","meta":{"showSharingButtons":false,"skp-theme-color":"six","_subtitle":"","alternative_title":"Ausbildung Jugendsach- bearbeiter\/in","seoDescription":"","seoKeywords":"","seoTitle":"","featuredVideoEmbedCode":"","featuredYoutubeVideoId":"","notes":"","redirectToPostId":0,"skp-further-information":"","hideTile":false,"pageType":"","editor_notices":[],"footnotes":""},"topic":[],"class_list":["post-159","page","type-page","status-publish","has-post-thumbnail","hentry"],"aioseo_notices":[],"_links":{"self":[{"href":"https:\/\/www.skppsc.ch\/de\/wp-json\/wp\/v2\/pages\/159","targetHints":{"allow":["GET"]}}],"collection":[{"href":"https:\/\/www.skppsc.ch\/de\/wp-json\/wp\/v2\/pages"}],"about":[{"href":"https:\/\/www.skppsc.ch\/de\/wp-json\/wp\/v2\/types\/page"}],"author":[{"embeddable":true,"href":"https:\/\/www.skppsc.ch\/de\/wp-json\/wp\/v2\/users\/1"}],"replies":[{"embeddable":true,"href":"https:\/\/www.skppsc.ch\/de\/wp-json\/wp\/v2\/comments?post=159"}],"version-history":[{"count":0,"href":"https:\/\/www.skppsc.ch\/de\/wp-json\/wp\/v2\/pages\/159\/revisions"}],"up":[{"embeddable":true,"href":"https:\/\/www.skppsc.ch\/de\/wp-json\/wp\/v2\/pages\/4124"}],"wp:featuredmedia":[{"embeddable":true,"href":"https:\/\/www.skppsc.ch\/de\/wp-json\/wp\/v2\/media\/422"}],"wp:attachment":[{"href":"https:\/\/www.skppsc.ch\/de\/wp-json\/wp\/v2\/media?parent=159"}],"wp:term":[{"taxonomy":"topic","embeddable":true,"href":"https:\/\/www.skppsc.ch\/de\/wp-json\/wp\/v2\/topic?post=159"}],"curies":[{"name":"wp","href":"https:\/\/api.w.org\/{rel}","templated":true}]}}