{"id":2508,"date":"2021-06-07T15:12:04","date_gmt":"2021-06-07T13:12:04","guid":{"rendered":"https:\/\/www.skppsc.ch\/de\/?page_id=2508"},"modified":"2026-02-26T11:50:12","modified_gmt":"2026-02-26T10:50:12","slug":"cybersicherheit","status":"publish","type":"page","link":"https:\/\/www.skppsc.ch\/de\/projekte\/medienkompetenz\/cybersicherheit\/","title":{"rendered":"Cybersicherheit ist SUPER!"},"content":{"rendered":"<html><body><div class=\"default-container content-part\"><div class=\"inner-padding\">\n<p>Die Digitalisierung wurde durch Corona weltweit und somit auch in der Schweiz beschleunigt: Viele Personen arbeiten von zu Hause aus, kaufen online ein und nutzen digitale Angebote. Das f\u00fchrt dazu, auch mit Cybervorf\u00e4llen konfrontiert werden kann. Meldungen zu Angriffen auf die Cybersicherheit haben sowohl bei der Polizei als auch beim <a href=\"https:\/\/www.ncsc.admin.ch\/ncsc\/de\/home.html\" target=\"_blank\" rel=\"noopener\" title=\"Bundesamt f\u00fcr Cybersicherheit BACS\">Bundesamt f\u00fcr Cybersicherheit BACS<\/a> zugenommen.<\/p>\n\n\n\n<p>Vor allem die Ph\u00e4nomene Betrug und Phishing sind sehr verbreitet.<\/p>\n\n\n<\/div><\/div><div class=\"default-container content-part   \" style=\";\"><div class=\"inner-padding\">\n\n\n<h3 class=\"wp-block-heading\">Cybersicherheit optimieren<\/h3>\n\n\n\n<p>Internetnutzerinnen und -nutzer k\u00f6nnen mit einfachen Mitteln und geringem Aufwand viel zu ihrer individuellen Sicherheit beitragen \u2013 etwa mit starken Passw\u00f6rtern, regelm\u00e4ssigen Aktualisierungen der Software oder kritischem Verhalten im Cyberraum.<\/p>\n\n\n\n<p>Mit dem Merkwort <a href=\"https:\/\/www.s-u-p-e-r.ch\/de\/ueber-s-u-p-e-r\/\" target=\"_blank\" rel=\"noopener\" title=\"SUPER\">SUPER<\/a> k\u00f6nnen Internetnutzerinnen und -nutzer schnell verinnerlichen, wie sie im Internet sicherer unterwegs sein und ihr Cybersicherheit optimieren k\u00f6nnen:<\/p>\n\n\n\n<ul class=\"wp-block-list\">\n<li><strong>S wie Sichern<\/strong> <br>Sichern Sie Ihre Daten regelm\u00e4ssig auf mindestens einem zweiten Medium.<\/li>\n\n\n\n<li><strong>U wie Updaten <\/strong><br>Aktualisieren Sie Ihr System, Ihre Programme und Apps regelm\u00e4ssig auf die neuste Version.<\/li>\n\n\n\n<li><strong>P wie Pr\u00fcfen<\/strong><br>Pr\u00fcfen Sie bei Ihrem Ger\u00e4t, ob ein Virenschutzprogramm installiert ist und laufend aktualisiert wird.<\/li>\n\n\n\n<li><strong>E wie Einloggen<\/strong><br>Loggen Sie sich nur mit starken Passw\u00f6rtern ein.<\/li>\n\n\n\n<li><strong>R wie Reduzieren<\/strong><br>Reduzieren Sie Betrugsrisiken im digitalen Raum mit einer gesunden Portion Misstrauen.<\/li>\n<\/ul>\n\n\n<\/div><\/div><div class=\"default-container content-part   \" style=\";\"><div class=\"inner-padding\">\n\n\n<p>Mehr zu digitaler Sicherheit unter <a href=\"https:\/\/www.s-u-p-e-r.ch\/de\/\" target=\"_blank\" rel=\"noreferrer noopener\"><strong>www.s-u-p-e-r.ch<\/strong><\/a><\/p>\n\n\n<\/div><\/div><div class=\"default-container content-part   \" style=\";\"><div class=\"inner-padding\">\n\n\n<\/div><\/div><div class=\"full content-part post-name-5-schritte-fuer-ihre-digitale-sicherheit  post-type-download\"><div class=\"inner-padding\"><p class=\"featured-image download hide-on-mobile\"><a href=\"https:\/\/www.skppsc.ch\/de\/wp-content\/uploads\/sites\/2\/2018\/04\/5_steps_digitale_sicherheit_2025.pdf\" download target=\"_blank\"><img loading=\"lazy\" decoding=\"async\" width=\"640\" height=\"908\" src=\"https:\/\/www.skppsc.ch\/de\/wp-content\/uploads\/sites\/2\/2018\/04\/5_steps_dt-640x908.jpg\" class=\"attachment-skp-thumbnail-keep-ratio size-skp-thumbnail-keep-ratio wp-post-image\" alt=\"\" srcset=\"https:\/\/www.skppsc.ch\/de\/wp-content\/uploads\/sites\/2\/2018\/04\/5_steps_dt-640x908.jpg 640w, https:\/\/www.skppsc.ch\/de\/wp-content\/uploads\/sites\/2\/2018\/04\/5_steps_dt-211x300.jpg 211w, https:\/\/www.skppsc.ch\/de\/wp-content\/uploads\/sites\/2\/2018\/04\/5_steps_dt-768x1090.jpg 768w, https:\/\/www.skppsc.ch\/de\/wp-content\/uploads\/sites\/2\/2018\/04\/5_steps_dt.jpg 800w\" sizes=\"auto, (max-width: 640px) 100vw, 640px\"><\/a><\/p><div class=\"remaining-content\"><h2 class=\"sub-content-title  foreground-primary foreground-primary\">5 Schritte f\u00fcr Ihre digitale Sicherheit<\/h2><h3 class=\"sub-content-subtitle \"><\/h3><p>Das Faltblatt \u00ab5 Schritte f\u00fcr Ihre digitale Sicherheit\u00bb ist in Zusammenarbeit mit \u00abeBanking \u2013 aber sicher!\u00bb entstanden und erkl\u00e4rt anhand von f\u00fcnf Schritten, welche Grunds\u00e4tze es zu befolgen gilt, um sich und die eigene IT-Infrastruktur einfach und effizient vor Cyber-Kriminellen zu sch\u00fctzen. (Das Faltblatt ist auch in <a href=\"https:\/\/www.skppsc.ch\/de\/download\/5-steps-for-your-digital-securtity\/\">Englisch\u00a0<\/a>verf\u00fcgbar.)<\/p>\n<p><!-- wp:file {\"id\":4574,\"href\":\"https:\/\/www.skppsc.ch\/de\/wp-content\/uploads\/sites\/2\/2018\/04\/5_steps_digitale_sicherheit_2025.pdf\"} --><\/p>\n<div class=\"wp-block-file\"><\/div>\n<p><!-- \/wp:file --><\/p>\n<p><!-- wp:paragraph --><\/p>\n<p><!-- \/wp:paragraph --><\/p>\n<p class=\"featured-image download mobile-only\"><a href=\"https:\/\/www.skppsc.ch\/de\/wp-content\/uploads\/sites\/2\/2018\/04\/5_steps_digitale_sicherheit_2025.pdf\" download target=\"_blank\"><img loading=\"lazy\" decoding=\"async\" width=\"640\" height=\"908\" src=\"https:\/\/www.skppsc.ch\/de\/wp-content\/uploads\/sites\/2\/2018\/04\/5_steps_dt-640x908.jpg\" class=\"attachment-skp-thumbnail-keep-ratio size-skp-thumbnail-keep-ratio wp-post-image\" alt=\"\" srcset=\"https:\/\/www.skppsc.ch\/de\/wp-content\/uploads\/sites\/2\/2018\/04\/5_steps_dt-640x908.jpg 640w, https:\/\/www.skppsc.ch\/de\/wp-content\/uploads\/sites\/2\/2018\/04\/5_steps_dt-211x300.jpg 211w, https:\/\/www.skppsc.ch\/de\/wp-content\/uploads\/sites\/2\/2018\/04\/5_steps_dt-768x1090.jpg 768w, https:\/\/www.skppsc.ch\/de\/wp-content\/uploads\/sites\/2\/2018\/04\/5_steps_dt.jpg 800w\" sizes=\"auto, (max-width: 640px) 100vw, 640px\"><\/a><\/p><div class=\"download-bottom-actions \"><a href=\"https:\/\/www.skppsc.ch\/de\/wp-content\/uploads\/sites\/2\/2018\/04\/5_steps_digitale_sicherheit_2025.pdf\" download target=\"_blank\" class=\"large skp-icon skp-download-pdf download-icon \" title=\"\"><span class=\"link-text\"><\/span><\/a><u-add-to-cart :options='[{\"id\":1158,\"title\":\"5 Schritte f\\u00fcr Ihre digitale Sicherheit\",\"byline\":\"Faltblatt, A5, 10 Seiten, 2025\",\"lang\":\"de\",\"siteId\":2,\"cartHash\":\"kl6\",\"amount\":0,\"max\":\"9999\",\"articleNumber\":\"10064\"},{\"id\":1016,\"title\":\"Les 5 r\\u00e8gles pour votre s\\u00e9curit\\u00e9 num\\u00e9rique\",\"byline\":\"D\\u00e9pliant, A5, 10 pages, 2025\",\"lang\":\"fr\",\"siteId\":5,\"cartHash\":\"1hq8\",\"amount\":0,\"max\":\"9999\",\"articleNumber\":\"20064\"},{\"id\":988,\"title\":\"5 operazioni per la vostra sicurezza digitale\",\"byline\":\"Pieghevole, A5, 10 pagine, 2025\",\"lang\":\"it\",\"siteId\":7,\"cartHash\":\"7pk\",\"amount\":0,\"max\":\"9999\",\"articleNumber\":\"30064\"}]' :is-logged-in=\"false\" login-url=\"https:\/\/www.skppsc.ch\/de\/wp-login.php?redirect_to=https%3A%2F%2Fwww.skppsc.ch%2Fde%2Fwp-json%2Fwp%2Fv2%2Fpages%2F2508%3Fpr%3Dkl6%23kl6\" police-url=\"https:\/\/www.skppsc.ch\/de\/kontakt-zur-polizei\/\" :initially-opened=\"false\"><\/u-add-to-cart><\/div><\/div><\/div><\/div><div class=\"default-container content-part\"><div class=\"inner-padding\">\n<\/div><\/div><\/body><\/html>","protected":false},"excerpt":{"rendered":"<p>Mit nur f\u00fcnf Schritten k\u00f6nnen Sie Ihre Cybersicherheit erheblich verbessern. Das Merkwort SUPER hilft Ihnen, sich an jeden Schritt zu erinnern.<\/p>\n","protected":false},"author":322,"featured_media":2515,"parent":2507,"menu_order":1,"comment_status":"closed","ping_status":"closed","template":"","meta":{"showSharingButtons":false,"skp-theme-color":"seven","_subtitle":null,"alternative_title":"Cyber-sicherheit ist SUPER!","seoDescription":"","seoKeywords":"","seoTitle":"","featuredVideoEmbedCode":"","featuredYoutubeVideoId":"","notes":"","redirectToPostId":0,"skp-further-information":"","hideTile":false,"pageType":"","editor_notices":[],"footnotes":""},"topic":[27,25,4,22],"class_list":["post-2508","page","type-page","status-publish","has-post-thumbnail","hentry","topic-betrug-betrug","topic-hacking-malware","topic-internet","topic-phishing"],"aioseo_notices":[],"_links":{"self":[{"href":"https:\/\/www.skppsc.ch\/de\/wp-json\/wp\/v2\/pages\/2508","targetHints":{"allow":["GET"]}}],"collection":[{"href":"https:\/\/www.skppsc.ch\/de\/wp-json\/wp\/v2\/pages"}],"about":[{"href":"https:\/\/www.skppsc.ch\/de\/wp-json\/wp\/v2\/types\/page"}],"author":[{"embeddable":true,"href":"https:\/\/www.skppsc.ch\/de\/wp-json\/wp\/v2\/users\/322"}],"replies":[{"embeddable":true,"href":"https:\/\/www.skppsc.ch\/de\/wp-json\/wp\/v2\/comments?post=2508"}],"version-history":[{"count":0,"href":"https:\/\/www.skppsc.ch\/de\/wp-json\/wp\/v2\/pages\/2508\/revisions"}],"up":[{"embeddable":true,"href":"https:\/\/www.skppsc.ch\/de\/wp-json\/wp\/v2\/pages\/2507"}],"wp:featuredmedia":[{"embeddable":true,"href":"https:\/\/www.skppsc.ch\/de\/wp-json\/wp\/v2\/media\/2515"}],"wp:attachment":[{"href":"https:\/\/www.skppsc.ch\/de\/wp-json\/wp\/v2\/media?parent=2508"}],"wp:term":[{"taxonomy":"topic","embeddable":true,"href":"https:\/\/www.skppsc.ch\/de\/wp-json\/wp\/v2\/topic?post=2508"}],"curies":[{"name":"wp","href":"https:\/\/api.w.org\/{rel}","templated":true}]}}