{"id":2525,"date":"2021-08-09T11:18:00","date_gmt":"2021-08-09T09:18:00","guid":{"rendered":"https:\/\/www.skppsc.ch\/de\/?page_id=2525"},"modified":"2022-03-18T14:45:43","modified_gmt":"2022-03-18T13:45:43","slug":"safe-online-trotz-kognitivem-handicap","status":"publish","type":"page","link":"https:\/\/www.skppsc.ch\/de\/projekte\/medienkompetenz\/safe-online-trotz-kognitivem-handicap\/","title":{"rendered":"Safe online trotz kognitivem Handicap"},"content":{"rendered":"<html><body><div class=\"default-container content-part\"><div class=\"inner-padding\">\n<p>Neben den Chancen, welche die digitalen Medien bieten (Teilhabe, Information, Kommunikation etc.), gibt es bei deren Nutzung auch Risiken. Ein kompetenter Umgang mit digitalen Medien bedeutet, diese Risiken zu kennen und ad\u00e4quat darauf reagieren zu k\u00f6nnen. Die Funktionsweise des Internets, die Charakteristika der digitalen Vernetzung und die Risiken, die sich daraus ergeben, sind zum Teil nicht leicht zu erkennen und lassen sich nicht direkt beobachten. Dies stellt eine besondere Herausforderung f\u00fcr Menschen mit einer kognitiven Beeintr\u00e4chtigung dar, da diese beim Lernen auf anschauliche und praktische Erfahrungen angewiesen sind.<\/p>\n\n\n<\/div><\/div><div class=\"default-container content-part   \" style=\";\"><div class=\"inner-padding\">\n\n\n<h2 class=\"wp-block-heading foreground-primary\">Eine fiktive Online-Stadt als \u00dcbungsfeld<\/h2>\n\n\n\n<p>Anhand der fiktiven Online-Stadt \u00abInterneto\u00bb soll ein anschaulich-handelndes Lernen mit verschiedenen Sinnen erm\u00f6glicht werden und Menschen mit einer kognitiven Beeintr\u00e4chtigung wirkungsvoll und nachhaltig bef\u00e4higt werden, digitale Risiken zu erkennen und damit umzugehen.<\/p>\n\n\n\n<p>Die Stadt-Metapher leitet in der Brosch\u00fcre durch alle Themen hindurch. In jeder Stadt darf man bestimmte Dinge tun und andere nicht, es gibt sch\u00f6ne, aber auch gef\u00e4hrliche Orte. Das gilt ebenso f\u00fcr \u00abInterneto, die Online-Stadt\u00bb. Wenn man verbotene Dinge tut, bekommt man eine Strafe.<\/p>\n\n\n\n<h3 class=\"wp-block-heading\">\u00abInterneto\u00bb \u2013 Arbeitsmaterialien\u00a0<\/h3>\n\n\n\n<p>Menschen mit kognitiver Beeintr\u00e4chtigung sollen sich sicher in Internet bewegen k\u00f6nnen. Hier finden Sie verschiedene <a href=\"https:\/\/www.mekis.ch\/instrumente\/fuer-menschen-mit-kognitiven-einschraenkungen-zu-gefahren-im-netz.html\" target=\"_blank\" rel=\"noreferrer noopener\">Arbeitsmaterialien f\u00fcr Menschen mit kognitiven Beeintr\u00e4chtigungen<\/a> (nur in Deutsch), die dabei unterst\u00fctzen: Eine Brosch\u00fcre mit Informationen f\u00fcr Fachpersonen, ein Wimmelbild und Kartenset, einen Postenlauf zu Gefahren im Internet und ein Spieleset.<\/p>\n\n\n\n<\/div><\/div><div class=\"full content-part post-name-sicher-im-netz-unterwegs  post-type-download\"><div class=\"inner-padding\"><p class=\"featured-image download hide-on-mobile\"><a href=\"https:\/\/www.skppsc.ch\/de\/wp-content\/uploads\/sites\/2\/2021\/07\/broschuere_sicher_im_netz.pdf\" download target=\"_blank\"><img loading=\"lazy\" decoding=\"async\" width=\"640\" height=\"905\" src=\"https:\/\/www.skppsc.ch\/de\/wp-content\/uploads\/sites\/2\/2021\/07\/titelbild_broschuere_sicher_im_netz_web-640x905.jpg\" class=\"attachment-skp-thumbnail-keep-ratio size-skp-thumbnail-keep-ratio wp-post-image\" alt=\"\" srcset=\"https:\/\/www.skppsc.ch\/de\/wp-content\/uploads\/sites\/2\/2021\/07\/titelbild_broschuere_sicher_im_netz_web-640x905.jpg 640w, https:\/\/www.skppsc.ch\/de\/wp-content\/uploads\/sites\/2\/2021\/07\/titelbild_broschuere_sicher_im_netz_web-212x300.jpg 212w, https:\/\/www.skppsc.ch\/de\/wp-content\/uploads\/sites\/2\/2021\/07\/titelbild_broschuere_sicher_im_netz_web-768x1086.jpg 768w, https:\/\/www.skppsc.ch\/de\/wp-content\/uploads\/sites\/2\/2021\/07\/titelbild_broschuere_sicher_im_netz_web-1086x1536.jpg 1086w, https:\/\/www.skppsc.ch\/de\/wp-content\/uploads\/sites\/2\/2021\/07\/titelbild_broschuere_sicher_im_netz_web-1280x1811.jpg 1280w, https:\/\/www.skppsc.ch\/de\/wp-content\/uploads\/sites\/2\/2021\/07\/titelbild_broschuere_sicher_im_netz_web.jpg 1300w\" sizes=\"auto, (max-width: 640px) 100vw, 640px\"><\/a><\/p><div class=\"remaining-content\"><h2 class=\"sub-content-title  foreground-primary foreground-primary\">Sicher im Netz unterwegs<\/h2><h3 class=\"sub-content-subtitle \">Eine Brosch\u00fcre zur Bef\u00e4higung von Menschen mit kognitiver Beeintr\u00e4chtigung.<\/h3><p>Die\u00a0Brosch\u00fcre \u00abSicher im Netz unterwegs\u00bb\u00a0\u00fcbersetzt die komplexen und abstrakten Themen rund um Cybersicherheit in einfache, visualisierte Hauptbotschaften und macht Vorschl\u00e4ge, wie die Themen in der Praxis erlebbar gemacht werden k\u00f6nnen.<\/p>\n<p>Die Leits\u00e4tze und Visualisierungen wurden von medienp\u00e4dagogischen Fachpersonen aus der sozial- und heilp\u00e4dagogischen Praxis und der Polizei erarbeitet.<\/p>\n<p>Die Ideen und Arbeitsmaterialien k\u00f6nnen Sie ohne grossen Aufwand in Ihrem Arbeitsalltag einsetzen:<\/p>\n<ul>\n<li>In der Brosch\u00fcre finden Sie Informationen f\u00fcr Begleitpersonen und Anregungen, wie diese mit den Klient*innen besprochen werden k\u00f6nnen.<\/li>\n<li>Mit dem Wimmelbild und der Vorderseite der Karten k\u00f6nnen Gespr\u00e4che mit den Klient*innen \u00fcber Risiken eingeleitet und unterst\u00fctzt werden.<\/li>\n<li>Auf der R\u00fcckseite der Karten finden Sie die Anregungen f\u00fcr die Gespr\u00e4che aus der Brosch\u00fcre, so sind diese im Alltag schnell zur Hand.<\/li>\n<\/ul>\n<p>Gedruckte Exemplare der Brosch\u00fcre \u00abSicher im Netz unterwegs\u00bb k\u00f6nnen Sie hier bestellen:\u00a0<a href=\"&#x6d;&#97;&#x69;&#x6c;&#116;&#x6f;&#58;m&#x65;&#107;i&#x73;&#64;b&#x66;&#102;b&#x65;&#114;&#x6e;&#x2e;&#99;&#x68;\" target=\"_blank\" rel=\"noreferrer noopener\">&#x6d;&#101;&#107;i&#x73;&#x40;&#98;f&#x66;&#x62;&#101;r&#x6e;&#x2e;&#99;h<\/a><\/p>\n<p><\/p>\n<p><\/p>\n<p><\/p>\n<p class=\"featured-image download mobile-only\"><a href=\"https:\/\/www.skppsc.ch\/de\/wp-content\/uploads\/sites\/2\/2021\/07\/broschuere_sicher_im_netz.pdf\" download target=\"_blank\"><img loading=\"lazy\" decoding=\"async\" width=\"640\" height=\"905\" src=\"https:\/\/www.skppsc.ch\/de\/wp-content\/uploads\/sites\/2\/2021\/07\/titelbild_broschuere_sicher_im_netz_web-640x905.jpg\" class=\"attachment-skp-thumbnail-keep-ratio size-skp-thumbnail-keep-ratio wp-post-image\" alt=\"\" srcset=\"https:\/\/www.skppsc.ch\/de\/wp-content\/uploads\/sites\/2\/2021\/07\/titelbild_broschuere_sicher_im_netz_web-640x905.jpg 640w, https:\/\/www.skppsc.ch\/de\/wp-content\/uploads\/sites\/2\/2021\/07\/titelbild_broschuere_sicher_im_netz_web-212x300.jpg 212w, https:\/\/www.skppsc.ch\/de\/wp-content\/uploads\/sites\/2\/2021\/07\/titelbild_broschuere_sicher_im_netz_web-768x1086.jpg 768w, https:\/\/www.skppsc.ch\/de\/wp-content\/uploads\/sites\/2\/2021\/07\/titelbild_broschuere_sicher_im_netz_web-1086x1536.jpg 1086w, https:\/\/www.skppsc.ch\/de\/wp-content\/uploads\/sites\/2\/2021\/07\/titelbild_broschuere_sicher_im_netz_web-1280x1811.jpg 1280w, https:\/\/www.skppsc.ch\/de\/wp-content\/uploads\/sites\/2\/2021\/07\/titelbild_broschuere_sicher_im_netz_web.jpg 1300w\" sizes=\"auto, (max-width: 640px) 100vw, 640px\"><\/a><\/p><div class=\"download-bottom-actions items-have-link-text\"><a href=\"https:\/\/www.skppsc.ch\/de\/wp-content\/uploads\/sites\/2\/2021\/07\/broschuere_sicher_im_netz.pdf\" download target=\"_blank\" class=\"large skp-icon skp-download-pdf download-icon has-link-text\" title=\"Brosch\u00fcre \u00abSicher im Netz unterwegs\u00bb\"><span class=\"link-text\">Brosch\u00fcre \u00abSicher im Netz unterwegs\u00bb<\/span><\/a><a href=\"https:\/\/www.skppsc.ch\/de\/wp-content\/uploads\/sites\/2\/2021\/08\/stadt_interneto.pdf\" download target=\"_blank\" class=\"large skp-icon skp-download-pdf download-icon has-link-text\" title=\"Wimmelbild Stadt \u00abInterneto\u00bb\"><span class=\"link-text\">Wimmelbild Stadt \u00abInterneto\u00bb<\/span><\/a><a href=\"https:\/\/www.skppsc.ch\/de\/wp-content\/uploads\/sites\/2\/2021\/07\/karten_sicher_im_netz.pdf\" download target=\"_blank\" class=\"large skp-icon skp-download-pdf download-icon has-link-text\" title=\"Karten\"><span class=\"link-text\">Karten<\/span><\/a><\/div><\/div><\/div><\/div><div class=\"default-container content-part\"><div class=\"inner-padding\">\n\n\n\n<p><\/p>\n<\/div><\/div><\/body><\/html>","protected":false},"excerpt":{"rendered":"<p>Der Zugang zu \u2013 und die Kompetenz im Umgang mit \u2013 digitalen Medien ist in der heutigen Zeit zu einer wichtigen Voraussetzung f\u00fcr die gesellschaftliche Teilhabe geworden. Dies gilt auch und insbesondere f\u00fcr Menschen mit kognitivem Handicap.<\/p>\n","protected":false},"author":322,"featured_media":2567,"parent":2507,"menu_order":3,"comment_status":"closed","ping_status":"closed","template":"","meta":{"showSharingButtons":true,"skp-theme-color":"seven","_subtitle":null,"alternative_title":"","seoDescription":"","seoKeywords":"","seoTitle":"","featuredVideoEmbedCode":"","featuredYoutubeVideoId":"","notes":"","redirectToPostId":0,"skp-further-information":"<p><a href=\"https:\/\/digital-dabei.ch\" target=\"_blank\" rel=\"noreferrer noopener\">Digital-dabei.ch<\/a> - f\u00fcr Eltern von Kindern mit kognitiven Beeintr\u00e4chtigungen<\/p>","hideTile":false,"pageType":"","editor_notices":[],"footnotes":""},"topic":[5,20,25,22],"class_list":["post-2525","page","type-page","status-publish","has-post-thumbnail","hentry","topic-betrug","topic-cybermobbing","topic-hacking-malware","topic-phishing"],"aioseo_notices":[],"_links":{"self":[{"href":"https:\/\/www.skppsc.ch\/de\/wp-json\/wp\/v2\/pages\/2525","targetHints":{"allow":["GET"]}}],"collection":[{"href":"https:\/\/www.skppsc.ch\/de\/wp-json\/wp\/v2\/pages"}],"about":[{"href":"https:\/\/www.skppsc.ch\/de\/wp-json\/wp\/v2\/types\/page"}],"author":[{"embeddable":true,"href":"https:\/\/www.skppsc.ch\/de\/wp-json\/wp\/v2\/users\/322"}],"replies":[{"embeddable":true,"href":"https:\/\/www.skppsc.ch\/de\/wp-json\/wp\/v2\/comments?post=2525"}],"version-history":[{"count":0,"href":"https:\/\/www.skppsc.ch\/de\/wp-json\/wp\/v2\/pages\/2525\/revisions"}],"up":[{"embeddable":true,"href":"https:\/\/www.skppsc.ch\/de\/wp-json\/wp\/v2\/pages\/2507"}],"wp:featuredmedia":[{"embeddable":true,"href":"https:\/\/www.skppsc.ch\/de\/wp-json\/wp\/v2\/media\/2567"}],"wp:attachment":[{"href":"https:\/\/www.skppsc.ch\/de\/wp-json\/wp\/v2\/media?parent=2525"}],"wp:term":[{"taxonomy":"topic","embeddable":true,"href":"https:\/\/www.skppsc.ch\/de\/wp-json\/wp\/v2\/topic?post=2525"}],"curies":[{"name":"wp","href":"https:\/\/api.w.org\/{rel}","templated":true}]}}