{"id":2595,"date":"2021-08-06T14:17:24","date_gmt":"2021-08-06T12:17:24","guid":{"rendered":"https:\/\/www.skppsc.ch\/de\/?page_id=2595"},"modified":"2024-08-20T13:30:48","modified_gmt":"2024-08-20T11:30:48","slug":"mann","status":"publish","type":"page","link":"https:\/\/www.skppsc.ch\/de\/mann\/","title":{"rendered":"Initiative gegen Zwangsprostitution und Menschenhandel in der Schweiz"},"content":{"rendered":"<html><body><div class=\"default-container content-part\"><div class=\"inner-padding\">\n<h2 class=\"wp-block-heading foreground-primary\">Zu 99% sind es M\u00e4nner, die Sexdienstleistungen in Anspruch nehmen. Zwangsprostitution ist also ein m\u00e4nnergemachtes Problem! Und nur M\u00e4nner k\u00f6nnen es l\u00f6sen: Auch du, indem du deine Sexarbeiterin als Mensch betrachtest und nicht nur als Sexobjekt.<\/h2>\n\n\n<\/div><\/div><div class=\"default-container content-part   \" style=\";\"><div class=\"inner-padding\">\n\n\n<p><strong>Nicht alle, die in der Prostitution arbeiten, tun das frei\u00adwillig. Auch in der Schweiz gibt es Opfer von Menschenhandel: Frauen, die zur Sexarbeit gezwungen werden und die meistens nur eine Kontaktm\u00f6glichkeit zur Aussenwelt haben \u2013 dich! Du kannst diesen Frauen helfen, indem du aufmerksam, fair und menschlich bleibst.<\/strong><\/p>\n\n\n<\/div><\/div><div class=\"default-container content-part   \" style=\";\"><div class=\"inner-padding\">\n\n\n<h3 class=\"wp-block-heading\">Wie erkennst du, dass du es m\u00f6glicher\u00adweise mit Zwangsprostitution zu tun hast?<\/h3>\n\n\n\n<ol class=\"wp-block-list\"><li><strong>K\u00f6rperliche Anzeichen:<\/strong> Sollte die Sexarbeiterin verletzt sein, z.\u2009B. Bluterg\u00fcsse oder andere Wunden haben, ist das ein wichtiges Indiz, dass sie nicht freiwillig arbeitet. Auch solltest du genau hinschauen (und dir ggf. beweisen lassen), ob sie wirklich schon vollj\u00e4hrig ist!<\/li><li><strong>Psychische Anzeichen: <\/strong>Wenn die Sexarbeiterin nicht \u00abnormal\u00bb kommunizieren kann, vielleicht nicht einmal unsere Sprache spricht, wenn sie traurig, ver\u00e4ngstigt oder verzweifelt aussieht, wenn sie apathisch ist oder erkennbar unter Drogeneinfluss steht, arbeitet sie vermutlich nicht freiwillig in der Prostitution.<\/li><li><strong>Dein Bauchgef\u00fchl: <\/strong>Manchmal gibt es weder eindeutige k\u00f6rperliche noch psychische Anzeichen von Gewalt gegen die Sexarbeiterinnen, und trotzdem hast du irgendwie ein ungutes Gef\u00fchl. Dann vertraue auf dieses Gef\u00fchl und ignoriere es nicht!<\/li><\/ol>\n\n\n<\/div><\/div><div class=\"default-container content-part   \" style=\";\"><div class=\"inner-padding\">\n\n\n<h3 class=\"wp-block-heading\">Was du tun solltest:<\/h3>\n\n\n\n<p>Bitte w\u00e4hle in dringenden F\u00e4llen <strong>117<\/strong> oder melde dich hier: \u00ad<a href=\"https:\/\/www.act212.ch\/meldestelle\" target=\"_blank\" rel=\"noreferrer noopener\">Nationale Meldestelle gegen Menschenhandel und Ausbeutung ACT212<\/a>, damit wir deinem Verdacht nachgehen k\u00f6nnen. Nat\u00fcrlich kannst du dabei anonym \u00adbleiben. Auf jeden Fall hast du keinerlei negative Konsequenzen zu \u00adbef\u00fcrchten, auch wenn sich dein Verdacht nicht best\u00e4tigen sollte. Ein \u00adungutes Ge\u00adf\u00fchl zu melden, ist immer besser, als kaltherzig wegzuschauen und sich ggf. einer unterlassenen Hilfeleistung schuldig zu machen.<\/p>\n\n\n\n<p>Hilf mit, Zwangsprostitution und Menschenhandel in der Schweiz zu bek\u00e4mpfen. Vielen Dank!<\/p>\n<\/div><\/div><\/body><\/html>","protected":false},"excerpt":{"rendered":"<p>Zu 99% sind es M\u00e4nner, die Sexdienstleistungen in Anspruch nehmen. Zwangsprostitution ist also ein m\u00e4nnergemachtes Problem! Und nur M\u00e4nner k\u00f6nnen es l\u00f6sen: Auch du, indem du deine Sexarbeiterin als Mensch betrachtest und nicht nur als Sexobjekt. Nicht alle, die in der Prostitution arbeiten, tun das frei\u00adwillig. Auch in der Schweiz gibt es Opfer von Menschenhandel: [&hellip;]<\/p>\n","protected":false},"author":349,"featured_media":2613,"parent":0,"menu_order":2002,"comment_status":"closed","ping_status":"closed","template":"","meta":{"showSharingButtons":false,"skp-theme-color":"auto","_subtitle":"","alternative_title":"","seoDescription":"","seoKeywords":"","seoTitle":"","featuredVideoEmbedCode":"","featuredYoutubeVideoId":"","notes":"Landing-Page \u00abDenk mal dran, Mann!\u00bb","redirectToPostId":0,"skp-further-information":"<p><a href=\"https:\/\/www.skppsc.ch\/de\/themen\/gewalt\/menschenhandel\/\">Menschenhandel in der Schweiz<\/a> (SKP)<\/p><p><a href=\"https:\/\/www.fedpol.admin.ch\/fedpol\/de\/home\/kriminalitaet\/menschenhandel.html\" target=\"_blank\" rel=\"noreferrer noopener\">Menschenhandel ist moderne Sklaverei<\/a> (fedpol)<\/p>","hideTile":true,"pageType":"landing-page","editor_notices":[],"footnotes":""},"topic":[16],"class_list":["post-2595","page","type-page","status-publish","has-post-thumbnail","hentry","topic-menschenhandel"],"aioseo_notices":[],"_links":{"self":[{"href":"https:\/\/www.skppsc.ch\/de\/wp-json\/wp\/v2\/pages\/2595","targetHints":{"allow":["GET"]}}],"collection":[{"href":"https:\/\/www.skppsc.ch\/de\/wp-json\/wp\/v2\/pages"}],"about":[{"href":"https:\/\/www.skppsc.ch\/de\/wp-json\/wp\/v2\/types\/page"}],"author":[{"embeddable":true,"href":"https:\/\/www.skppsc.ch\/de\/wp-json\/wp\/v2\/users\/349"}],"replies":[{"embeddable":true,"href":"https:\/\/www.skppsc.ch\/de\/wp-json\/wp\/v2\/comments?post=2595"}],"version-history":[{"count":0,"href":"https:\/\/www.skppsc.ch\/de\/wp-json\/wp\/v2\/pages\/2595\/revisions"}],"wp:featuredmedia":[{"embeddable":true,"href":"https:\/\/www.skppsc.ch\/de\/wp-json\/wp\/v2\/media\/2613"}],"wp:attachment":[{"href":"https:\/\/www.skppsc.ch\/de\/wp-json\/wp\/v2\/media?parent=2595"}],"wp:term":[{"taxonomy":"topic","embeddable":true,"href":"https:\/\/www.skppsc.ch\/de\/wp-json\/wp\/v2\/topic?post=2595"}],"curies":[{"name":"wp","href":"https:\/\/api.w.org\/{rel}","templated":true}]}}