{"id":2604,"date":"2021-08-23T10:00:00","date_gmt":"2021-08-23T08:00:00","guid":{"rendered":"https:\/\/www.skppsc.ch\/de\/?page_id=2604"},"modified":"2025-04-10T07:24:25","modified_gmt":"2025-04-10T05:24:25","slug":"zwangsprostitution-und-menschenhandel","status":"publish","type":"page","link":"https:\/\/www.skppsc.ch\/de\/projekte\/zwangsprostitution-und-menschenhandel\/","title":{"rendered":"Initiative gegen Zwangsprostitution und Menschenhandel in der Schweiz"},"content":{"rendered":"<html><body><div class=\"default-container content-part\"><div class=\"inner-padding\"><\/div><\/div><div class=\"default-container clues content-part children-count-4 children-count-even\"><div class=\"inner-padding\"><a id=\"tips\"><\/a><h2 class=\"subcontent-main-title foreground-primary foreground-primary\"> <\/h2><div class=\"clues-inner-table clues-count-even\"><div class=\"clue-item clues-count-even clues-count-4 background-faded\"><div class=\"clue 2606-2\"><p class=\"clue-image\"><img loading=\"lazy\" decoding=\"async\" width=\"640\" height=\"320\" src=\"https:\/\/www.skppsc.ch\/de\/wp-content\/uploads\/sites\/2\/2021\/08\/freier_klein-640x320.jpg\" class=\"attachment-skp-thumbnail-force-ratio size-skp-thumbnail-force-ratio wp-post-image\" alt=\"\" srcset=\"https:\/\/www.skppsc.ch\/de\/wp-content\/uploads\/sites\/2\/2021\/08\/freier_klein-640x320.jpg 640w, https:\/\/www.skppsc.ch\/de\/wp-content\/uploads\/sites\/2\/2021\/08\/freier_klein-300x150.jpg 300w, https:\/\/www.skppsc.ch\/de\/wp-content\/uploads\/sites\/2\/2021\/08\/freier_klein-768x384.jpg 768w, https:\/\/www.skppsc.ch\/de\/wp-content\/uploads\/sites\/2\/2021\/08\/freier_klein.jpg 800w\" sizes=\"auto, (max-width: 640px) 100vw, 640px\"><\/p><h3 class=\"clue-title background-primary foreground-title\" hidden>Hast du Eier, Freier?<\/h3><p><!-- wp:paragraph --><\/p>\n<p>Ein Mann, der Eier hat, hat R\u00fcckgrat. Er w\u00fcrde niemals Schw\u00e4chere ausnutzen, sondern er w\u00fcrde ihnen helfen. Auch (und besonders) dann, wenn er Sexdienst\u00adleistungen in \u00adAnspruch nimmt.<\/p>\n<p><!-- \/wp:paragraph --><\/p>\n<\/div><\/div><div class=\"clue-item clues-count-even clues-count-4 background-faded\"><div class=\"clue 2607-2\"><p class=\"clue-image\"><img loading=\"lazy\" decoding=\"async\" width=\"640\" height=\"320\" src=\"https:\/\/www.skppsc.ch\/de\/wp-content\/uploads\/sites\/2\/2021\/08\/kunde_klein-640x320.jpg\" class=\"attachment-skp-thumbnail-force-ratio size-skp-thumbnail-force-ratio wp-post-image\" alt=\"\" srcset=\"https:\/\/www.skppsc.ch\/de\/wp-content\/uploads\/sites\/2\/2021\/08\/kunde_klein-640x320.jpg 640w, https:\/\/www.skppsc.ch\/de\/wp-content\/uploads\/sites\/2\/2021\/08\/kunde_klein-300x150.jpg 300w, https:\/\/www.skppsc.ch\/de\/wp-content\/uploads\/sites\/2\/2021\/08\/kunde_klein-768x384.jpg 768w, https:\/\/www.skppsc.ch\/de\/wp-content\/uploads\/sites\/2\/2021\/08\/kunde_klein.jpg 800w\" sizes=\"auto, (max-width: 640px) 100vw, 640px\"><\/p><h3 class=\"clue-title background-primary foreground-title\" hidden>Hat sie \u2019ne Wunde, Kunde?<\/h3><p><!-- wp:paragraph --><\/p>\n<p>Als Kunde einer Sexarbeiterin merkst du schnell, ob sie sich mit dir wohlf\u00fchlt oder ob sie ein Problem hat. Es muss ja nicht gerade eine blutende Schnittwunde sein, doch vielleicht hat sie ein \u00fcberschminktes blaues Auge. Oder sie sieht einfach nur furchtbar traurig aus.<\/p>\n<p><!-- \/wp:paragraph --><\/p>\n<\/div><\/div><div class=\"clue-item clues-count-even clues-count-4 background-faded\"><div class=\"clue 2608-2\"><p class=\"clue-image\"><img loading=\"lazy\" decoding=\"async\" width=\"640\" height=\"320\" src=\"https:\/\/www.skppsc.ch\/de\/wp-content\/uploads\/sites\/2\/2021\/08\/mann_klein-640x320.jpg\" class=\"attachment-skp-thumbnail-force-ratio size-skp-thumbnail-force-ratio wp-post-image\" alt=\"\" srcset=\"https:\/\/www.skppsc.ch\/de\/wp-content\/uploads\/sites\/2\/2021\/08\/mann_klein-640x320.jpg 640w, https:\/\/www.skppsc.ch\/de\/wp-content\/uploads\/sites\/2\/2021\/08\/mann_klein-300x150.jpg 300w, https:\/\/www.skppsc.ch\/de\/wp-content\/uploads\/sites\/2\/2021\/08\/mann_klein-768x384.jpg 768w, https:\/\/www.skppsc.ch\/de\/wp-content\/uploads\/sites\/2\/2021\/08\/mann_klein.jpg 800w\" sizes=\"auto, (max-width: 640px) 100vw, 640px\"><\/p><h3 class=\"clue-title background-primary foreground-title\" hidden>Denk mal dran, Mann!<\/h3><p><!-- wp:paragraph --><\/p>\n<p>Zu 99% sind es M\u00e4nner, die Sexdienstleistungen in Anspruch nehmen. Zwangsprostitution ist also ein m\u00e4nnergemachtes Problem! Und nur M\u00e4nner k\u00f6nnen es l\u00f6sen: Auch du, indem du deine Sexarbeiterin als Mensch betrachtest und nicht nur als Sexobjekt.<\/p>\n<p><!-- \/wp:paragraph --><\/p>\n<\/div><\/div><div class=\"clue-item clues-count-even clues-count-4 background-faded\"><div class=\"clue 2609-2\"><p class=\"clue-image\"><img loading=\"lazy\" decoding=\"async\" width=\"640\" height=\"320\" src=\"https:\/\/www.skppsc.ch\/de\/wp-content\/uploads\/sites\/2\/2021\/08\/gast_klein-640x320.jpg\" class=\"attachment-skp-thumbnail-force-ratio size-skp-thumbnail-force-ratio wp-post-image\" alt=\"\" srcset=\"https:\/\/www.skppsc.ch\/de\/wp-content\/uploads\/sites\/2\/2021\/08\/gast_klein-640x320.jpg 640w, https:\/\/www.skppsc.ch\/de\/wp-content\/uploads\/sites\/2\/2021\/08\/gast_klein-300x150.jpg 300w, https:\/\/www.skppsc.ch\/de\/wp-content\/uploads\/sites\/2\/2021\/08\/gast_klein-768x384.jpg 768w, https:\/\/www.skppsc.ch\/de\/wp-content\/uploads\/sites\/2\/2021\/08\/gast_klein.jpg 800w\" sizes=\"auto, (max-width: 640px) 100vw, 640px\"><\/p><h3 class=\"clue-title background-primary foreground-title\" hidden>Aufgepasst, Gast!<\/h3><p><!-- wp:paragraph --><\/p>\n<p>Als Gast in einem Erotik-Etablissement solltest du nicht einfach \u00abdie Sau rauslassen\u00bb, \u00adsondern dich genauso benehmen wie als Gast in einem guten Restaurant: freundlich, \u00adh\u00f6flich, respekt\u00advoll. Dann siehst du besser, ob etwas nicht in Ordnung ist.<\/p>\n<p><!-- \/wp:paragraph --><\/p>\n<\/div><\/div><\/div><\/div><\/div><div class=\"default-container content-part\"><div class=\"inner-padding\">\n\n\n<p><strong>Nicht alle, die in der Prostitution arbeiten, tun das frei\u00adwillig. Auch in der Schweiz gibt es Opfer von Menschenhandel: Frauen, die zur Sexarbeit gezwungen werden und die meistens nur eine Kontaktm\u00f6glichkeit zur Aussenwelt haben \u2013 dich! Du kannst diesen Frauen helfen, indem du aufmerksam, fair und menschlich bleibst.<\/strong><\/p>\n\n\n\n<h3 class=\"wp-block-heading\">Wie erkennst du, dass du es m\u00f6glicher\u00adweise mit Zwangsprostitution zu tun hast?<\/h3>\n\n\n\n<ol class=\"wp-block-list\">\n<li><strong>K\u00f6rperliche Anzeichen:<\/strong> Sollte die Sexarbeiterin verletzt sein, z.\u2009B. Bluterg\u00fcsse oder andere Wunden haben, ist das ein wichtiges Indiz, dass sie nicht freiwillig arbeitet. Auch solltest du genau hinschauen (und dir ggf. beweisen lassen), ob sie wirklich schon vollj\u00e4hrig ist!<\/li>\n\n\n\n<li><strong>Psychische Anzeichen: <\/strong>Wenn die Sexarbeiterin nicht \u00abnormal\u00bb kommunizieren kann, vielleicht nicht einmal unsere Sprache spricht, wenn sie traurig, ver\u00e4ngstigt oder verzweifelt aussieht, wenn sie apathisch ist oder erkennbar unter Drogeneinfluss steht, arbeitet sie vermutlich nicht freiwillig in der Prostitution.<\/li>\n\n\n\n<li><strong>Dein Bauchgef\u00fchl: <\/strong>Manchmal gibt es weder eindeutige k\u00f6rperliche noch psychische Anzeichen von Gewalt gegen die Sexarbeiterinnen, und trotzdem hast du irgendwie ein ungutes Gef\u00fchl. Dann vertraue auf dieses Gef\u00fchl und ignoriere es nicht!<\/li>\n<\/ol>\n\n\n<\/div><\/div><div class=\"default-container content-part   \" style=\";\"><div class=\"inner-padding\">\n\n\n<h3 class=\"wp-block-heading\">Was du tun solltest:<\/h3>\n\n\n\n<p>Bitte w\u00e4hle in dringenden F\u00e4llen <strong>117<\/strong> oder melde dich hier: \u00ad<a href=\"https:\/\/www.act212.ch\/meldestelle\" target=\"_blank\" rel=\"noreferrer noopener\">Nationale Meldestelle gegen Menschenhandel und Ausbeutung ACT212<\/a>, damit wir deinem Verdacht nachgehen k\u00f6nnen. Nat\u00fcrlich kannst du dabei anonym \u00adbleiben. Auf jeden Fall hast du keinerlei negative Konsequenzen zu \u00adbef\u00fcrchten, auch wenn sich dein Verdacht nicht best\u00e4tigen sollte. Ein \u00adungutes Ge\u00adf\u00fchl zu melden, ist immer besser, als kaltherzig wegzuschauen und sich ggf. einer unterlassenen Hilfeleistung schuldig zu machen.<\/p>\n\n\n\n<p>Hilf mit, Zwangsprostitution und Menschenhandel in der Schweiz zu bek\u00e4mpfen. Vielen Dank!<\/p>\n\n\n\n<p><\/p>\n<\/div><\/div><\/body><\/html>","protected":false},"excerpt":{"rendered":"<p>Mit der Online-Kampagne \u00abHast du Eier, Freier?\u00bb als \u00abInitiative gegen Zwangsprostitution und Menschenhandel in der Schweiz\u00bb wendet sich die SKP (in Zusammenarbeit mit der Kapo BS) direkt an die Kunden von Sexdienstleisterinnen. Mit vier verschiedenen Spruch-Bannern auf den entsprechenden Sex-Portalen lenkt sie diese jeweils auf eine Landing-Page, auf der an ihre Verantwortung appelliert und ihnen erkl\u00e4rt wird, wie sie sich im Zweifelsfall verhalten sollten. Die Landing-Page sieht folgendermassen aus:<\/p>\n","protected":false},"author":349,"featured_media":2616,"parent":23,"menu_order":30,"comment_status":"closed","ping_status":"closed","template":"","meta":{"showSharingButtons":false,"skp-theme-color":"auto","_subtitle":null,"alternative_title":"Zwangs- prostitution und Menschen- handel","seoDescription":"","seoKeywords":"","seoTitle":"","featuredVideoEmbedCode":"","featuredYoutubeVideoId":"","notes":"","redirectToPostId":0,"skp-further-information":"<p><a href=\"https:\/\/www.skppsc.ch\/de\/themen\/gewalt\/menschenhandel\/\">Menschenhandel in der Schweiz<\/a> (SKP)<\/p><p><a href=\"https:\/\/www.fedpol.admin.ch\/fedpol\/de\/home\/kriminalitaet\/menschenhandel.html\" target=\"_blank\" rel=\"noreferrer noopener\">Menschenhandel ist moderne Sklaverei<\/a> (fedpol)<\/p>","hideTile":false,"pageType":"","editor_notices":[],"footnotes":""},"topic":[16],"class_list":["post-2604","page","type-page","status-publish","has-post-thumbnail","hentry","topic-menschenhandel"],"aioseo_notices":[],"_links":{"self":[{"href":"https:\/\/www.skppsc.ch\/de\/wp-json\/wp\/v2\/pages\/2604","targetHints":{"allow":["GET"]}}],"collection":[{"href":"https:\/\/www.skppsc.ch\/de\/wp-json\/wp\/v2\/pages"}],"about":[{"href":"https:\/\/www.skppsc.ch\/de\/wp-json\/wp\/v2\/types\/page"}],"author":[{"embeddable":true,"href":"https:\/\/www.skppsc.ch\/de\/wp-json\/wp\/v2\/users\/349"}],"replies":[{"embeddable":true,"href":"https:\/\/www.skppsc.ch\/de\/wp-json\/wp\/v2\/comments?post=2604"}],"version-history":[{"count":0,"href":"https:\/\/www.skppsc.ch\/de\/wp-json\/wp\/v2\/pages\/2604\/revisions"}],"up":[{"embeddable":true,"href":"https:\/\/www.skppsc.ch\/de\/wp-json\/wp\/v2\/pages\/23"}],"wp:featuredmedia":[{"embeddable":true,"href":"https:\/\/www.skppsc.ch\/de\/wp-json\/wp\/v2\/media\/2616"}],"wp:attachment":[{"href":"https:\/\/www.skppsc.ch\/de\/wp-json\/wp\/v2\/media?parent=2604"}],"wp:term":[{"taxonomy":"topic","embeddable":true,"href":"https:\/\/www.skppsc.ch\/de\/wp-json\/wp\/v2\/topic?post=2604"}],"curies":[{"name":"wp","href":"https:\/\/api.w.org\/{rel}","templated":true}]}}