{"id":2606,"date":"2021-08-16T15:26:24","date_gmt":"2021-08-16T13:26:24","guid":{"rendered":"https:\/\/www.skppsc.ch\/de\/?page_id=2606"},"modified":"2024-08-20T13:25:54","modified_gmt":"2024-08-20T11:25:54","slug":"2606-2","status":"publish","type":"page","link":"https:\/\/www.skppsc.ch\/de\/projekte\/zwangsprostitution-und-menschenhandel\/2606-2\/","title":{"rendered":"Hast du Eier, Freier?"},"content":{"rendered":"<html><body><div class=\"default-container content-part\"><div class=\"inner-padding\">\n<p>Ein Mann, der Eier hat, hat R\u00fcckgrat. Er w\u00fcrde niemals Schw\u00e4chere ausnutzen, sondern er w\u00fcrde ihnen helfen. Auch (und besonders) dann, wenn er Sexdienst\u00adleistungen in \u00adAnspruch nimmt.<\/p>\n<\/div><\/div><\/body><\/html>","protected":false},"excerpt":{"rendered":"<p>Ein Mann, der Eier hat, hat R\u00fcckgrat. Er w\u00fcrde niemals Schw\u00e4chere ausnutzen, sondern er w\u00fcrde ihnen helfen. Auch (und besonders) dann, wenn er Sexdienst\u00adleistungen in \u00adAnspruch nimmt.<\/p>\n","protected":false},"author":349,"featured_media":2617,"parent":2604,"menu_order":0,"comment_status":"closed","ping_status":"closed","template":"","meta":{"showSharingButtons":false,"skp-theme-color":"auto","_subtitle":"","alternative_title":"","seoDescription":"","seoKeywords":"","seoTitle":"","featuredVideoEmbedCode":"","featuredYoutubeVideoId":"","notes":"Tipp \u00abHast du Eier, Freier?\u00bb","redirectToPostId":0,"skp-further-information":"","hideTile":false,"pageType":"","editor_notices":[],"footnotes":""},"topic":[],"class_list":["post-2606","page","type-page","status-publish","has-post-thumbnail","hentry"],"aioseo_notices":[],"_links":{"self":[{"href":"https:\/\/www.skppsc.ch\/de\/wp-json\/wp\/v2\/pages\/2606","targetHints":{"allow":["GET"]}}],"collection":[{"href":"https:\/\/www.skppsc.ch\/de\/wp-json\/wp\/v2\/pages"}],"about":[{"href":"https:\/\/www.skppsc.ch\/de\/wp-json\/wp\/v2\/types\/page"}],"author":[{"embeddable":true,"href":"https:\/\/www.skppsc.ch\/de\/wp-json\/wp\/v2\/users\/349"}],"replies":[{"embeddable":true,"href":"https:\/\/www.skppsc.ch\/de\/wp-json\/wp\/v2\/comments?post=2606"}],"version-history":[{"count":0,"href":"https:\/\/www.skppsc.ch\/de\/wp-json\/wp\/v2\/pages\/2606\/revisions"}],"up":[{"embeddable":true,"href":"https:\/\/www.skppsc.ch\/de\/wp-json\/wp\/v2\/pages\/2604"}],"wp:featuredmedia":[{"embeddable":true,"href":"https:\/\/www.skppsc.ch\/de\/wp-json\/wp\/v2\/media\/2617"}],"wp:attachment":[{"href":"https:\/\/www.skppsc.ch\/de\/wp-json\/wp\/v2\/media?parent=2606"}],"wp:term":[{"taxonomy":"topic","embeddable":true,"href":"https:\/\/www.skppsc.ch\/de\/wp-json\/wp\/v2\/topic?post=2606"}],"curies":[{"name":"wp","href":"https:\/\/api.w.org\/{rel}","templated":true}]}}