{"id":2608,"date":"2021-08-16T15:31:39","date_gmt":"2021-08-16T13:31:39","guid":{"rendered":"https:\/\/www.skppsc.ch\/de\/?page_id=2608"},"modified":"2024-08-20T13:26:06","modified_gmt":"2024-08-20T11:26:06","slug":"2608-2","status":"publish","type":"page","link":"https:\/\/www.skppsc.ch\/de\/projekte\/zwangsprostitution-und-menschenhandel\/2608-2\/","title":{"rendered":"Denk mal dran, Mann!"},"content":{"rendered":"<html><body><div class=\"default-container content-part\"><div class=\"inner-padding\">\n<p>Zu 99% sind es M\u00e4nner, die Sexdienstleistungen in Anspruch nehmen. Zwangsprostitution ist also ein m\u00e4nnergemachtes Problem! Und nur M\u00e4nner k\u00f6nnen es l\u00f6sen: Auch du, indem du deine Sexarbeiterin als Mensch betrachtest und nicht nur als Sexobjekt.<\/p>\n<\/div><\/div><\/body><\/html>","protected":false},"excerpt":{"rendered":"<p>Zu 99% sind es M\u00e4nner, die Sexdienstleistungen in Anspruch nehmen. Zwangsprostitution ist also ein m\u00e4nnergemachtes Problem! Und nur M\u00e4nner k\u00f6nnen es l\u00f6sen: Auch du, indem du deine Sexarbeiterin als Mensch betrachtest und nicht nur als Sexobjekt.<\/p>\n","protected":false},"author":349,"featured_media":2620,"parent":2604,"menu_order":0,"comment_status":"closed","ping_status":"closed","template":"","meta":{"showSharingButtons":false,"skp-theme-color":"auto","_subtitle":"","alternative_title":"","seoDescription":"","seoKeywords":"","seoTitle":"","featuredVideoEmbedCode":"","featuredYoutubeVideoId":"","notes":"Tipp \u00abDenk mal dran, Mann!\u00bb","redirectToPostId":0,"skp-further-information":"","hideTile":false,"pageType":"","editor_notices":[],"footnotes":""},"topic":[],"class_list":["post-2608","page","type-page","status-publish","has-post-thumbnail","hentry"],"aioseo_notices":[],"_links":{"self":[{"href":"https:\/\/www.skppsc.ch\/de\/wp-json\/wp\/v2\/pages\/2608","targetHints":{"allow":["GET"]}}],"collection":[{"href":"https:\/\/www.skppsc.ch\/de\/wp-json\/wp\/v2\/pages"}],"about":[{"href":"https:\/\/www.skppsc.ch\/de\/wp-json\/wp\/v2\/types\/page"}],"author":[{"embeddable":true,"href":"https:\/\/www.skppsc.ch\/de\/wp-json\/wp\/v2\/users\/349"}],"replies":[{"embeddable":true,"href":"https:\/\/www.skppsc.ch\/de\/wp-json\/wp\/v2\/comments?post=2608"}],"version-history":[{"count":0,"href":"https:\/\/www.skppsc.ch\/de\/wp-json\/wp\/v2\/pages\/2608\/revisions"}],"up":[{"embeddable":true,"href":"https:\/\/www.skppsc.ch\/de\/wp-json\/wp\/v2\/pages\/2604"}],"wp:featuredmedia":[{"embeddable":true,"href":"https:\/\/www.skppsc.ch\/de\/wp-json\/wp\/v2\/media\/2620"}],"wp:attachment":[{"href":"https:\/\/www.skppsc.ch\/de\/wp-json\/wp\/v2\/media?parent=2608"}],"wp:term":[{"taxonomy":"topic","embeddable":true,"href":"https:\/\/www.skppsc.ch\/de\/wp-json\/wp\/v2\/topic?post=2608"}],"curies":[{"name":"wp","href":"https:\/\/api.w.org\/{rel}","templated":true}]}}