{"id":3127,"date":"2023-03-20T17:16:36","date_gmt":"2023-03-20T16:16:36","guid":{"rendered":"https:\/\/www.skppsc.ch\/de\/?page_id=3127"},"modified":"2025-06-19T07:55:37","modified_gmt":"2025-06-19T05:55:37","slug":"alter","status":"publish","type":"page","link":"https:\/\/www.skppsc.ch\/de\/themen\/gewalt\/alter\/","title":{"rendered":"Gewalt im Alter"},"content":{"rendered":"<html><body><div class=\"default-container content-part\"><div class=\"inner-padding\">\n<p>In der Schweiz sind j\u00e4hrlich mehr als 300\u2019000 \u00fcber 60-J\u00e4hrige von Gewalt und Misshandlung betroffen. Viele Betroffene resignieren, sch\u00e4men sich f\u00fcr ihre Situation und bitten nicht um Hilfe. Sie f\u00fcrchten die Konsequenzen, z.B. in ein Altersheim \u00fcbertreten zu m\u00fcssen oder eine Verschlechterung der Beziehung zu den Angeh\u00f6rigen, wie<a href=\"https:\/\/www.skppsc.ch\/de\/wp-content\/uploads\/sites\/2\/2023\/03\/vca_rapport-synthese-psc_decembre-2022_version-publique.pdf\" target=\"_blank\" rel=\"noreferrer noopener\"> eine von der Schweizerischen Kriminalpr\u00e4vention in Auftrag gegebene Studie des Institut et Haute Ecole de la Sant\u00e9 La Source (HES-SO)<\/a> zeigt. Hinzu kommt, dass diese Generationen der Ansicht sind, dass Probleme in der Familie gel\u00f6st werden sollten. Ausserdem leiden sie h\u00e4ufig unter gesundheitlichen Problemen, die sie von ihrem Umfeld abh\u00e4ngig machen. Sie leiden still. Das muss verhindert werden.<\/p>\n\n\n<\/div><\/div><div class=\"default-container content-part   \" style=\";\"><div class=\"inner-padding\">\n\n\n<h3 class=\"wp-block-heading\">Verschiedene Formen von Gewalt<\/h3>\n\n\n\n<p>Gewalt kann bewusst oder unbewusst ausge\u00fcbt werden und umfasst verschiedene Aspekte:<\/p>\n\n\n\n<ul class=\"wp-block-list\">\n<li>Physische Gewalt (Schl\u00e4ge, fesseln, Verbrennungen, etc.)<\/li>\n\n\n\n<li>Psychische Gewalt (Dem\u00fctigung, Drohung, Isolation, etc.)<\/li>\n\n\n\n<li>Finanzielle Gewalt (Geldentzug, finanzielle N\u00f6tigung, Ausnutzung, etc.)<\/li>\n\n\n\n<li>Sexuelle Gewalt (Vergewaltigung, sexuelle Bel\u00e4stigung, etc.)<\/li>\n<\/ul>\n\n\n<\/div><\/div><div class=\"default-container content-part   \" style=\";\"><div class=\"inner-padding\">\n\n\n<h3 class=\"wp-block-heading\">Holen Sie Hilfe!<\/h3>\n\n\n\n<p>Von Gewalt kann jede und jeder betroffen sein, die Grenzen sind fliessend. Es ist die Aufgabe der ganzen Gesellschaft, Gewalt und Misshandlungen zu stoppen. Falls Sie oder eine\/r Ihrer Verwandten, Nachbar\/innen, Patient\/innen oder Kolleg\/innen von Gewalt betroffen sind, oder falls Sie eine schwierige Situation beobachten, handeln Sie! Kontaktieren Sie das Kompetenzzentrum Alter ohne Gewalt unter der Telefonnummer 0848 00 13 13 (Normaltarif), per E-Mail <a href=\"&#109;&#x61;&#105;&#x6c;&#116;&#x6f;&#58;&#x69;n&#x66;o&#x40;a&#x6c;t&#101;&#x72;&#111;&#x68;&#110;&#x65;&#103;&#x65;&#119;&#x61;l&#x74;&#46;&#x63;h\">&#105;n&#102;o&#64;a&#x6c;t&#x65;r&#x6f;h&#x6e;e&#x67;e&#x77;a&#x6c;t&#x2e;c&#x68;<\/a>. Weitere Informationen, Ratschl\u00e4ge oder Hilfe f\u00fcr die Einsch\u00e4tzung einer unklaren Situation erhalten Sie unter: <a href=\"https:\/\/alterohnegewalt.ch\/\" target=\"_blank\" rel=\"noreferrer noopener\">www.alterohnegewalt.ch<\/a>.<\/p>\n\n\n<\/div><\/div><div class=\"default-container content-part   \" style=\";\"><div class=\"inner-padding\">\n\n\n<h3 class=\"wp-block-heading\">Online-Kampagne mit Fokus auf \u00e4ltere Menschen (Februar 2024)<\/h3>\n\n\n\n<p>Um gewaltbetroffene Personen noch besser \u00fcber die Hilfsangebote der Opferhilfe Schweiz zu informieren, hat die Konferenz der kantonalen Sozialdirektorinnen und Sozialdirektoren (SODK) am 14. Februar 2024 eine Online-Kampagne mit Fokus auf \u00e4ltere Menschen lanciert. Das umfassende Kampagnenmaterial ist \u00fcber die Opferhilfe Schweiz unter <a href=\"https:\/\/www.aide-aux-victimes.ch\/de\/gewalt-im-alter\/\" target=\"_blank\" rel=\"noreferrer noopener\">www.aide-aux-victimes.ch\/de\/gewalt-im-alter<\/a> verf\u00fcgbar.<\/p>\n\n\n\n<p>Die Kampagne ist eine Fortsetzung und Erg\u00e4nzung fr\u00fcherer Kampagnen, die unter dem Logo \u00abGemeinsam gegen Gewalt im Alter\u00bb realisiert wurden.<\/p>\n\n\n\n<h3 class=\"wp-block-heading\">Sensibilisierungskampagne \u00abGewalt bei \u00e4lteren Paaren\u00bb (Dezember 2023)<\/h3>\n\n\n\n<p>Da Senioren und Seniorinnen bei h\u00e4uslicher Gewalt nur selten Hilfsangebote in Anspruch nehmen, haben die Haute Ecole de la Sant\u00e9 La Source (HES-SO), das senior-lab und das nationale Kompetenzzentrum Alter ohne Gewalt am 15. Dezember 2023 mit Unterst\u00fctzung der SKP eine schweizweite Kampagne gegen Gewalt bei \u00e4lteren Paaren lanciert. Das umfassende Kampagnenmaterial ist \u00fcber das nationale Kompetenzzentrum Alter ohne Gewalt unter <a rel=\"noreferrer noopener\" href=\"https:\/\/alterohnegewalt.ch\/\" data-type=\"link\" data-id=\"https:\/\/alterohnegewalt.ch\/\" target=\"_blank\">www.alterohnegewalt.ch<\/a> verf\u00fcgbar.<\/p>\n\n\n\t\t\t<details class=\"wp-block-details read-more-details\">\n\t\t\t\t<summary>Mehr lesen<\/summary>\n\t\t\t\t<p>Statistiken verdeutlichen, dass \u00e4ltere Menschen, die von h\u00e4uslicher Gewalt betroffen sind, die vorhandenen Hilfsressourcen wie Opferhilfestellen, Schutzunterk\u00fcnfte und Polizei nur selten in Anspruch nehmen. Dar\u00fcber hinaus gibt es kaum Angebote, die auf die besonderen Bed\u00fcrfnisse von Senioren und Seniorinnen eingehen (wie z.B. auf einen fehlenden Internetzugang, eine eingeschr\u00e4nkte Mobilit\u00e4t oder die Abh\u00e4ngigkeit von Ehepartnerinnen und Ehepartner). Trotzdem werden Senioren und Seniorinnen in Pr\u00e4ventionskampagnen kaum ber\u00fccksichtigt, und dies, obwohl sie mittlerweile fast 20% der Bev\u00f6lkerung ausmachen.<\/p>\n\t\t\t<\/details>\n\t\t\t\n\n\n<figure class=\"wp-block-embed is-type-video is-provider-youtube wp-block-embed-youtube wp-embed-aspect-16-9 wp-has-aspect-ratio\"><div class=\"wp-block-embed__wrapper\">\n\n<div class=\"video-container\"><div class=\"iframe-container\"><div class=\"video-ratio\" style=\"padding-top:56.2%;\"><\/div><iframe loading=\"lazy\" title=\"1\/3: Gewalt bei \u00e4lteren Paaren\" src=\"https:\/\/www.youtube.com\/embed\/wIxJDYTM_ac?feature=oembed&amp;rel=0\" frameborder=\"0\" allow=\"accelerometer; autoplay; clipboard-write; encrypted-media; gyroscope; picture-in-picture; web-share\" referrerpolicy=\"strict-origin-when-cross-origin\" allowfullscreen><\/iframe><\/div><\/div><\/div><\/figure>\n\n\n\n<h3 class=\"wp-block-heading\">Sensibilisierungskampagne \u00abEs ist nie zu sp\u00e4t, Hilfe zu holen!\u00bb (Mai 2023)<\/h3>\n\n\n\n<p>Die Schweizerische Kriminalpr\u00e4vention, das Kompetenzzentrum Alter ohne Gewalt und die Opferhilfe Schweiz lancieren Ende M\u00e4rz die Sensibilisierungskampagne \u00abGewalt im Alter\u00bb, um die Betroffenen zu ermutigen, \u00fcber das Thema zu sprechen und sich Hilfe zu holen.<\/p>\n\n\n\t\t\t<details class=\"wp-block-details read-more-details\">\n\t\t\t\t<summary>Mehr lesen<\/summary>\n\t\t\t\t<p>Die Kampagne richtet sich in erster Linie an die Seniorinnen und Senioren, aber auch an deren Umfeld und an Gewalt aus\u00fcbende Personen. Kleine Geschichten veranschaulichen verschiedene Formen der Misshandlung \u00e4lterer Menschen. Es werden bewusst nicht nur Szenen physischer Gewalt gezeigt, sondern auch solche, in welchen psychische oder finanzielle Gewalt ausge\u00fcbt wird. Die verschiedenen Szenen spielen sich in einem Mehrfamilienhaus ab. So werden die Betrachterinnen und Betrachter ermutigt, hinter die Fassade zu schauen, ungute Situationen zu erkennen, sich beraten zu lassen und etwas dagegen zu unternehmen, denn, so der Claim der Kampagne, \u00abEs ist nie zu sp\u00e4t, Hilfe zu holen!\u00bb. Die Sensibilisierungskampagne startet am 27. M\u00e4rz und dauert bis am 31. Mai 2023.<\/p>\n\t\t\t<\/details>\n\t\t\t\n\n\n<p>Die nationale Sensibilisierungskampagne \u00abGewalt im Alter\u00bb ist Teil der Roadmap H\u00e4usliche Gewalt und sie erf\u00fcllt den nationalen Aktionsplan der Schweiz zur Umsetzung der Istanbul-Konvention des Europarats zur Verh\u00fctung und Bek\u00e4mpfung von Gewalt gegen Frauen und h\u00e4uslicher Gewalt.<\/p>\n\n\n\n<p>Unter dem Logo \u00abGemeinsam gegen Gewalt im Alter\u00bb wird die von der SKP, dem Kompetenzzentrum Alter ohne Gewalt und der Opferhilfe Schweiz lancierte Kampagne unterst\u00fctzt vom Seniorenrat, von Spitex Schweiz, Alzheimer Schweiz, Curaviva Schweiz und Pro Senectute Schweiz.<\/p>\n\n\n\n<figure class=\"wp-block-embed is-type-video is-provider-youtube wp-block-embed-youtube wp-embed-aspect-16-9 wp-has-aspect-ratio\"><div class=\"wp-block-embed__wrapper\">\n\n<div class=\"video-container\"><div class=\"iframe-container\"><div class=\"video-ratio\" style=\"padding-top:56.2%;\"><\/div><iframe loading=\"lazy\" title=\"Gewalt im Alter \u00abEs ist nie zu sp\u00e4t, Hilfe zu holen!\u00bb\" src=\"https:\/\/www.youtube.com\/embed\/TyhjutwUImA?feature=oembed&amp;rel=0\" frameborder=\"0\" allow=\"accelerometer; autoplay; clipboard-write; encrypted-media; gyroscope; picture-in-picture; web-share\" referrerpolicy=\"strict-origin-when-cross-origin\" allowfullscreen><\/iframe><\/div><\/div><\/div><\/figure>\n\n\n<\/div><\/div><\/body><\/html>","protected":false},"excerpt":{"rendered":"<p>J\u00e4hrlich sind in der Schweiz mehr als 300\u2018000 Seniorinnen und Senioren von Gewalt betroffen. Nur selten holen sie sich Hilfe. Zu gross ist die Scham und die Angst vor den Konsequenzen. <\/p>\n","protected":false},"author":322,"featured_media":3129,"parent":133,"menu_order":3,"comment_status":"closed","ping_status":"closed","template":"","meta":{"showSharingButtons":false,"skp-theme-color":"five","_subtitle":"","alternative_title":"Gewalt im Alter","seoDescription":"","seoKeywords":"","seoTitle":"","featuredVideoEmbedCode":"","featuredYoutubeVideoId":"","notes":"","redirectToPostId":0,"skp-further-information":"<p><a rel=\"noreferrer noopener\" href=\"https:\/\/www.skppsc.ch\/de\/wp-content\/uploads\/sites\/2\/2023\/03\/vca_rapport-synthese-psc_resume-de_final.pdf\" target=\"_blank\">Kurzfassung der Forschungsstudie (in Deutsch)<\/a><br><a rel=\"noreferrer noopener\" href=\"https:\/\/www.skppsc.ch\/de\/wp-content\/uploads\/sites\/2\/2023\/03\/vca_rapport-synthese-psc_decembre-2022_version-publique.pdf\" target=\"_blank\">Forschungsstudie (vollst\u00e4ndige Version, in Franz\u00f6sisch)<\/a><\/p><p><a href=\"https:\/\/www.skppsc.ch\/de\/wp-content\/uploads\/sites\/2\/2023\/03\/a4_plakat_gia_de.pdf\" target=\"_blank\" rel=\"noreferrer noopener\">A4-Plakat \u00abGewalt im Alter\u00bb<\/a><br><a href=\"https:\/\/www.skppsc.ch\/de\/wp-content\/uploads\/sites\/2\/2023\/03\/leporello_de_einzelseiten_info.pdf\" target=\"_blank\" rel=\"noreferrer noopener\">Faltprospekt \u00abGewalt im Alter\u00bb<\/a><\/p><p><a href=\"https:\/\/www.skppsc.ch\/de\/wp-content\/uploads\/sites\/2\/2023\/12\/alter-ohne-gewalt_plakat-interaktiv_de.pdf\" data-type=\"link\" data-id=\"https:\/\/www.skppsc.ch\/de\/wp-content\/uploads\/sites\/2\/2023\/12\/alter-ohne-gewalt_plakat-interaktiv_de.pdf\" target=\"_blank\" rel=\"noreferrer noopener\">A3-Plakat \u00abGewalt bei \u00e4lteren Paaren\u00bb<\/a><br><a href=\"https:\/\/www.skppsc.ch\/de\/wp-content\/uploads\/sites\/2\/2023\/12\/alter-ohne-gewalt_flyer-interaktiv_de.pdf\" data-type=\"link\" data-id=\"https:\/\/www.skppsc.ch\/de\/wp-content\/uploads\/sites\/2\/2023\/12\/alter-ohne-gewalt_flyer-interaktiv_de.pdf\" target=\"_blank\" rel=\"noreferrer noopener\">Flyer \u00abGewalt bei \u00e4lteren Paaren\u00bb<\/a><br><a href=\"https:\/\/www.skppsc.ch\/de\/wp-content\/uploads\/sites\/2\/2023\/12\/zusammenfassung_studie_gewalt-bei-aelteren-paaren_dezember-2023.pdf\" data-type=\"link\" data-id=\"https:\/\/www.skppsc.ch\/de\/wp-content\/uploads\/sites\/2\/2023\/12\/zusammenfassung_studie_gewalt-bei-aelteren-paaren_dezember-2023.pdf\">Zusammenfassung der Studie \u00abGewalt bei \u00e4lteren Paaren\u00bb<\/a><\/p>","hideTile":false,"pageType":"","editor_notices":[],"footnotes":""},"topic":[2,12],"class_list":["post-3127","page","type-page","status-publish","has-post-thumbnail","hentry","topic-gewalt","topic-haeusliche-gewalt"],"aioseo_notices":[],"_links":{"self":[{"href":"https:\/\/www.skppsc.ch\/de\/wp-json\/wp\/v2\/pages\/3127","targetHints":{"allow":["GET"]}}],"collection":[{"href":"https:\/\/www.skppsc.ch\/de\/wp-json\/wp\/v2\/pages"}],"about":[{"href":"https:\/\/www.skppsc.ch\/de\/wp-json\/wp\/v2\/types\/page"}],"author":[{"embeddable":true,"href":"https:\/\/www.skppsc.ch\/de\/wp-json\/wp\/v2\/users\/322"}],"replies":[{"embeddable":true,"href":"https:\/\/www.skppsc.ch\/de\/wp-json\/wp\/v2\/comments?post=3127"}],"version-history":[{"count":0,"href":"https:\/\/www.skppsc.ch\/de\/wp-json\/wp\/v2\/pages\/3127\/revisions"}],"up":[{"embeddable":true,"href":"https:\/\/www.skppsc.ch\/de\/wp-json\/wp\/v2\/pages\/133"}],"wp:featuredmedia":[{"embeddable":true,"href":"https:\/\/www.skppsc.ch\/de\/wp-json\/wp\/v2\/media\/3129"}],"wp:attachment":[{"href":"https:\/\/www.skppsc.ch\/de\/wp-json\/wp\/v2\/media?parent=3127"}],"wp:term":[{"taxonomy":"topic","embeddable":true,"href":"https:\/\/www.skppsc.ch\/de\/wp-json\/wp\/v2\/topic?post=3127"}],"curies":[{"name":"wp","href":"https:\/\/api.w.org\/{rel}","templated":true}]}}