{"id":3260,"date":"2023-09-28T09:00:00","date_gmt":"2023-09-28T07:00:00","guid":{"rendered":"https:\/\/www.skppsc.ch\/de\/?page_id=3260"},"modified":"2024-09-10T12:27:38","modified_gmt":"2024-09-10T10:27:38","slug":"legen-sie-einfach-auf","status":"publish","type":"page","link":"https:\/\/www.skppsc.ch\/de\/themen\/betrug\/legen-sie-einfach-auf\/","title":{"rendered":"Legen Sie einfach auf!"},"content":{"rendered":"<html><body><div class=\"default-container content-part\"><div class=\"inner-padding\">\n<h2 class=\"wp-block-heading foreground-primary\">Was ist ein Schockanruf?<\/h2>\n\n\n\n<p>Ein Schockanruf ist eine besonders <strong>aggressive<\/strong> Form des Telefonbetrugs, die sich immer mehr ausbreitet. Bei einem Schockanruf werden Sie angerufen und mit einer <strong>erfundenen, aber glaubw\u00fcrdig klingenden Nachricht<\/strong> konfrontiert, die Sie <strong>in Schock versetzen<\/strong> soll: Zumeist wird behauptet, ein Mitglied Ihrer Familie sei in einer schweren <strong>Notlage<\/strong> oder in grosser <strong>Gefahr.<\/strong> Zugleich wird behauptet, Sie k\u00f6nnten diese Notlage lindern bzw. die Gefahr abwenden, indem Sie \u2013 so schnell wie m\u00f6glich! \u2013 <strong>Geld und Wertsachen an einen Boten oder eine Botin \u00fcbergeben.<\/strong> Da Sie durch den Schock nicht rational denken k\u00f6nnen, aber nat\u00fcrlich Ihrem Familienmitglied helfen wollen und ausserdem unter <strong>Druck<\/strong> gesetzt werden, ist es sehr wahrscheinlich, dass Sie den Forderungen nachkommen und erst sp\u00e4ter realisieren, dass Sie betrogen wurden.<\/p>\n\n\n\n<\/div><\/div><div class=\"default-container content-part replaced-hr\"><div class=\"inner-padding\">\n\n\n\n<h2 class=\"wp-block-heading foreground-primary\">Wer ruft an?<\/h2>\n\n\n\n<p>Wer tats\u00e4chlich anruft, weiss man nat\u00fcrlich nicht, aber <strong>die Rollen, welche die Betr\u00fcger spielen, sind sehr verschieden:<\/strong> Mal meldet sich ein <strong>\u00abChefarzt\u00bb<\/strong>, der den verunfallten Sohn des Opfers operieren m\u00fcsse und daf\u00fcr eine Vorauszahlung ben\u00f6tige; mal ist es der <strong>\u00abAnwalt\u00bb<\/strong>, der die Tochter mit einer bestimmten Geldsumme aus der Untersuchungshaft holen m\u00f6chte, denn diese habe ein Kind \u00fcberfahren. Und manchmal sind es sogar <strong>\u00abPolizisten\u00bb<\/strong>, die vor Einbrechern in Ihrer N\u00e4he warnen und deshalb pers\u00f6nlich vorbeikommen wollten, um Geld und Wertsachen \u00abin Sicherheit zu bringen\u00bb. In allen diesen F\u00e4llen nutzen die Betr\u00fcger die <strong>\u00abAutorit\u00e4t\u00bb<\/strong>, die den genannten Berufsgruppen allgemein zugeschrieben wird, zur <strong>Einsch\u00fcchterung<\/strong> ihrer Opfer.<\/p>\n\n\n\n<p>In anderen F\u00e4llen geben sich die Betr\u00fcger auch direkt als die betroffenen Familienmitglieder aus, also etwa als <strong>Enkel, S\u00f6hne oder T\u00f6chter.<\/strong> In der vorgespielten <strong>Aufregung<\/strong> (sie befinden sich ja angeblich in einer akuten Notlage!) k\u00f6nnen Eltern und Grosseltern \u2013 die keinen Grund sehen, an der Echtheit des Anrufs zu zweifeln \u2013 die Stimmen der Anrufenden <strong>nicht von den echten Stimmen ihrer Kinder und Enkel unterscheiden.<\/strong><\/p>\n\n\n\n<\/div><\/div><div class=\"default-container content-part replaced-hr\"><div class=\"inner-padding\">\n\n\n\n<h2 class=\"wp-block-heading foreground-primary\">Wie erkenne ich, ob ein Anruf echt ist oder ein betr\u00fcgerischer Schockanruf?<\/h2>\n\n\n\n<p>Eben <strong>nicht an der Stimme<\/strong> des oder der Anrufenden! Und auch <strong>nicht an irgendwelchen pers\u00f6nlichen Informationen,<\/strong> \u00fcber die er oder sie verf\u00fcgt und die nur innerhalb des engsten Kreises bekannt sein sollten. Solche Informationen sind in unserer Social-Media-Welt auch f\u00fcr Aussenstehende leicht zu beschaffen. Deshalb ist es v\u00f6llig <strong>egal, wer anruft.<\/strong> Inzwischen wird das Problem des Telefonbetrugs noch zus\u00e4tzlich versch\u00e4rft durch die sogenannte \u00abK\u00fcnstliche Intelligenz (KI)\u00bb, die es erm\u00f6glicht, bekannte Stimmen t\u00e4uschend echt nachzuahmen.<\/p>\n\n\n\n<p>Der kleinste gemeinsame Nenner, an dem Sie einen Schockanruf erkennen, ist also <strong>die schockierende Nachricht selbst, und dass sie immer mit einer Geldforderung verbunden ist: Schock + Geld = Betrug.<\/strong> Der<strong> Druck,<\/strong> der dabei aufgebaut wird, ist ein weiteres Indiz.<\/p>\n\n\n\n<\/div><\/div><div class=\"full content-part image-wrapper image-3266\"><img width=\"2560\" height=\"1280\" src=\"https:\/\/www.skppsc.ch\/de\/wp-content\/uploads\/sites\/2\/2023\/09\/auflegen2-2560x1280.jpg\" class=\"attachment-skp-large-force-ratio size-skp-large-force-ratio\" alt=\"\" srcset=\"https:\/\/www.skppsc.ch\/de\/wp-content\/uploads\/sites\/2\/2023\/09\/auflegen2-2560x1280.jpg 2560w, https:\/\/www.skppsc.ch\/de\/wp-content\/uploads\/sites\/2\/2023\/09\/auflegen2-300x150.jpg 300w, https:\/\/www.skppsc.ch\/de\/wp-content\/uploads\/sites\/2\/2023\/09\/auflegen2-1024x512.jpg 1024w, https:\/\/www.skppsc.ch\/de\/wp-content\/uploads\/sites\/2\/2023\/09\/auflegen2-768x384.jpg 768w, https:\/\/www.skppsc.ch\/de\/wp-content\/uploads\/sites\/2\/2023\/09\/auflegen2-1536x768.jpg 1536w, https:\/\/www.skppsc.ch\/de\/wp-content\/uploads\/sites\/2\/2023\/09\/auflegen2-2048x1024.jpg 2048w, https:\/\/www.skppsc.ch\/de\/wp-content\/uploads\/sites\/2\/2023\/09\/auflegen2-640x320.jpg 640w, https:\/\/www.skppsc.ch\/de\/wp-content\/uploads\/sites\/2\/2023\/09\/auflegen2-1280x640.jpg 1280w\" sizes=\"(max-width: 2560px) 100vw, 2560px\"><\/div><div class=\"default-container content-part\"><div class=\"inner-padding\">\n\n\n\n<h2 class=\"wp-block-heading foreground-primary\">Was soll ich tun, wenn ich einen Schockanruf erhalte?<\/h2>\n\n\n\n<p>Wenn Sie bef\u00fcrchten, gerade einen Schockanruf zu erhalten, <strong>tun Sie auf keinen Fall, was von Ihnen gefordert wird!<\/strong> Brechen Sie das Gespr\u00e4ch sofort ab und <strong>legen Sie einfach auf.<\/strong> Sollten die Betr\u00fcger immer wieder anrufen, legen Sie ebenfalls einfach auf, immer wieder.<\/p>\n\n\n\n<p>Rufen Sie dann das angeblich betroffene Familienmitglied an oder, wenn es im Moment nicht erreichbar ist, eine andere Person Ihres Vertrauens. <strong>Rufen Sie am besten auch sofort die Polizei (117) an und schildern Sie, was passiert ist.<\/strong><\/p>\n\n\n\n<\/div><\/div><div class=\"default-container content-part replaced-hr\"><div class=\"inner-padding\">\n\n\n\n<h2 class=\"wp-block-heading foreground-primary\">Was soll ich tun, wenn ich bereits auf einen Schockanruf hereingefallen bin?<\/h2>\n\n\n\n<p>Machen Sie sich bitte keine Vorw\u00fcrfe! Bitte sch\u00e4men und verkriechen Sie sich nicht! Schon sehr viele Menschen sind leider auf diesen Betrug hereingefallen. Gehen Sie deshalb das Problem offensiv an: <strong>Melden Sie sich bei der Polizei (117) und beschreiben Sie genau, was passiert ist. Erstatten Sie Anzeige!<\/strong> Nur so gibt es eine Chance, den Betr\u00fcgern auf die Spur zu kommen. Ausserdem: Sprechen Sie in Ihrem Familien- und Freundeskreis offen dar\u00fcber. So k\u00f6nnen Sie andere davor bewahren, dass ihnen \u00c4hnliches widerf\u00e4hrt.<\/p>\n\n\n\n<\/div><\/div><div class=\"default-container content-part replaced-hr\"><div class=\"inner-padding\">\n\n\n\n<h2 class=\"wp-block-heading foreground-primary\">Was sollte ich sonst noch bedenken?<\/h2>\n\n\n\n<ul class=\"wp-block-list\">\n<li>Die Polizei ruft niemals von der Notruf-Telefonnummer 117 aus an.<\/li>\n\n\n\n<li>Geben Sie niemals Auskunft \u00fcber Bankverbindungen, finanzielle oder pers\u00f6nliche Verh\u00e4ltnisse.<\/li>\n\n\n\n<li>Lassen Sie keine Fremden in die Wohnung.<\/li>\n\n\n\n<li>\u00dcbergeben Sie niemals Geld und Wertgegenst\u00e4nde an unbekannte Personen, auch wenn sie echt aussehende Uniformen tragen.<\/li>\n\n\n\n<li>Telefonbetr\u00fcger suchen potenzielle Opfer in \u00f6ffentlichen Telefonverzeichnissen. <strong>\u00c4ndern Sie Ihren Telefonbucheintrag<\/strong>! Reduzieren Sie Ihren Vornamen im Telefonbuch auf den ersten Buchstaben. <\/li>\n<\/ul>\n\n\n<\/div><\/div><div class=\"content-part pdf-download-wrapper\"><div class=\"pdf-download-wrapper\"><a href=\"https:\/\/www.skppsc.ch\/de\/wp-content\/uploads\/sites\/2\/2023\/11\/20180604_formular-aenderung-telefonbucheintrag.pdf\" download target=\"_blank\" class=\"pdf-download with-button-text\"><span class=\"skp-download-pdf pdf-download-icon\"><\/span><span class=\"download-button-text\">Formular zur \u00c4nderung des Telefonbucheintrags<\/span><\/a><\/div><\/div><div class=\"default-container content-part\"><div class=\"inner-padding\">\n\n\n<\/div><\/div><div class=\"full content-part image-wrapper image-3264\"><img width=\"2560\" height=\"1280\" src=\"https:\/\/www.skppsc.ch\/de\/wp-content\/uploads\/sites\/2\/2023\/09\/auflegen1-2560x1280.jpg\" class=\"attachment-skp-large-force-ratio size-skp-large-force-ratio\" alt=\"\" srcset=\"https:\/\/www.skppsc.ch\/de\/wp-content\/uploads\/sites\/2\/2023\/09\/auflegen1-2560x1280.jpg 2560w, https:\/\/www.skppsc.ch\/de\/wp-content\/uploads\/sites\/2\/2023\/09\/auflegen1-300x150.jpg 300w, https:\/\/www.skppsc.ch\/de\/wp-content\/uploads\/sites\/2\/2023\/09\/auflegen1-1024x512.jpg 1024w, https:\/\/www.skppsc.ch\/de\/wp-content\/uploads\/sites\/2\/2023\/09\/auflegen1-768x384.jpg 768w, https:\/\/www.skppsc.ch\/de\/wp-content\/uploads\/sites\/2\/2023\/09\/auflegen1-1536x768.jpg 1536w, https:\/\/www.skppsc.ch\/de\/wp-content\/uploads\/sites\/2\/2023\/09\/auflegen1-2048x1024.jpg 2048w, https:\/\/www.skppsc.ch\/de\/wp-content\/uploads\/sites\/2\/2023\/09\/auflegen1-640x320.jpg 640w, https:\/\/www.skppsc.ch\/de\/wp-content\/uploads\/sites\/2\/2023\/09\/auflegen1-1280x640.jpg 1280w\" sizes=\"(max-width: 2560px) 100vw, 2560px\"><\/div><div class=\"default-container content-part\"><div class=\"inner-padding\">\n\n\n<\/div><\/div><\/body><\/html>","protected":false},"excerpt":{"rendered":"<p>Was ist ein Schockanruf? Ein Schockanruf ist eine besonders aggressive Form des Telefonbetrugs, die sich immer mehr ausbreitet. Bei einem Schockanruf werden Sie angerufen und mit einer erfundenen, aber glaubw\u00fcrdig klingenden Nachricht konfrontiert, die Sie in Schock versetzen soll: Zumeist wird behauptet, ein Mitglied Ihrer Familie sei in einer schweren Notlage oder in grosser Gefahr. [&hellip;]<\/p>\n","protected":false},"author":349,"featured_media":3258,"parent":145,"menu_order":0,"comment_status":"closed","ping_status":"closed","template":"","meta":{"showSharingButtons":false,"skp-theme-color":"five","_subtitle":"","alternative_title":"Telefon|betrug","seoDescription":"","seoKeywords":"Telefonbetrug, Schockanrufe, Betrug, Legen Sie einfach auf","seoTitle":"Telefonbetrug & Schockanrufe: Legen Sie einfach auf! | SKP","featuredVideoEmbedCode":"","featuredYoutubeVideoId":"vUobsx-rlP4, pGrKdYISeqg","notes":"","redirectToPostId":0,"skp-further-information":"<p><a rel=\"noreferrer noopener\" href=\"https:\/\/telefonbetrug.ch\" target=\"_blank\">telefonbetrug.ch<\/a> (Kantonspolizei Z\u00fcrich)<\/p><p><a href=\"https:\/\/www.skppsc.ch\/de\/download\/legen-sie-einfach-auf\/\" data-type=\"download\" data-id=\"3277\">Faltblatt \u00abLegen Sie einfach auf!\u00bb <\/a><\/p><p><a href=\"https:\/\/www.skppsc.ch\/de\/download\/betruegerische-supportanrufe-2\/\" data-type=\"download\" data-id=\"2278\">Faltblatt \u00abBetr\u00fcgerische Supportanrufe\u00bb<\/a><\/p>","hideTile":false,"pageType":"","editor_notices":[],"footnotes":""},"topic":[98],"class_list":["post-3260","page","type-page","status-publish","has-post-thumbnail","hentry","topic-telefonbetrug"],"aioseo_notices":[],"_links":{"self":[{"href":"https:\/\/www.skppsc.ch\/de\/wp-json\/wp\/v2\/pages\/3260","targetHints":{"allow":["GET"]}}],"collection":[{"href":"https:\/\/www.skppsc.ch\/de\/wp-json\/wp\/v2\/pages"}],"about":[{"href":"https:\/\/www.skppsc.ch\/de\/wp-json\/wp\/v2\/types\/page"}],"author":[{"embeddable":true,"href":"https:\/\/www.skppsc.ch\/de\/wp-json\/wp\/v2\/users\/349"}],"replies":[{"embeddable":true,"href":"https:\/\/www.skppsc.ch\/de\/wp-json\/wp\/v2\/comments?post=3260"}],"version-history":[{"count":0,"href":"https:\/\/www.skppsc.ch\/de\/wp-json\/wp\/v2\/pages\/3260\/revisions"}],"up":[{"embeddable":true,"href":"https:\/\/www.skppsc.ch\/de\/wp-json\/wp\/v2\/pages\/145"}],"wp:featuredmedia":[{"embeddable":true,"href":"https:\/\/www.skppsc.ch\/de\/wp-json\/wp\/v2\/media\/3258"}],"wp:attachment":[{"href":"https:\/\/www.skppsc.ch\/de\/wp-json\/wp\/v2\/media?parent=3260"}],"wp:term":[{"taxonomy":"topic","embeddable":true,"href":"https:\/\/www.skppsc.ch\/de\/wp-json\/wp\/v2\/topic?post=3260"}],"curies":[{"name":"wp","href":"https:\/\/api.w.org\/{rel}","templated":true}]}}