{"id":3312,"date":"2023-11-22T09:37:37","date_gmt":"2023-11-22T08:37:37","guid":{"rendered":"https:\/\/www.skppsc.ch\/de\/?page_id=3312"},"modified":"2026-04-17T11:52:30","modified_gmt":"2026-04-17T09:52:30","slug":"cybersicherheit-e-learning","status":"publish","type":"page","link":"https:\/\/www.skppsc.ch\/de\/projekte\/medienkompetenz\/cybersicherheit-e-learning\/","title":{"rendered":"Cybersicherheit: e-Learning f\u00fcr die Bev\u00f6lkerung"},"content":{"rendered":"<html><body><div class=\"default-container content-part\"><div class=\"inner-padding\"><p class=\"post-excerpt\">Das E-Learning-Tool CY-S-4-U, www.cybersecurityforyou.ch, zur Cybersicherheit gibt allen kostenlos die M\u00f6glichkeit, sich \u00fcber die Gefahren im Internet zu informieren und zu lernen, wie man sich sch\u00fctzen kann. Das Tool wird von der\u00a0Kantonalen Konferenz der Justiz- und Polizeidirektorinnen und -direktoren\u00a0und von der\u00a0Schweizerischen Kriminalpr\u00e4vention\u00a0zur Verf\u00fcgung gestellt. <\/p>\n\n\n<\/div><\/div><div class=\"default-container content-part replaced-hr\"><div class=\"inner-padding\">\n\n\n\n<h3 class=\"wp-block-heading\">Inhalt<\/h3>\n\n\n\n<p>Elf Module zu wichtigen Themen der Cybersicherheit stehen zurzeit auf der Website zur Verf\u00fcgung, von Passwortsicherheit \u00fcber Datenschutz bis zu sozialen Medien. Jedes Modul wird durch ein Quiz abgeschlossen, mit dem die Nutzerinnen und Nutzer ihr Verst\u00e4ndnis \u00fcberpr\u00fcfen und ihren Lernerfolg best\u00e4tigen k\u00f6nnen.<\/p>\n\n\n\n<h3 class=\"wp-block-heading\">Zugang<\/h3>\n\n\n\n<p>Die Nutzerinnen und Nutzer k\u00f6nnen selbst entscheiden, ob sie sich bei der Website einloggen m\u00f6chten oder ob sie das E-Learning als Gast absolvieren. Wer eingeloggt ist, kann seine Fortschritte speichern, Troph\u00e4en und Diplome erhalten und seine Meilensteine via Social Media mit Freunden teilen.<\/p>\n\n\n\n<p>Website CY-S-4-U: <a href=\"https:\/\/www.cybersecurityforyou.ch\">https:\/\/www.cybersecurityforyou.ch<\/a><\/p>\n\n\n\n<\/div><\/div><div class=\"default-container content-part replaced-hr\"><div class=\"inner-padding\">\n\n\n\n<h2 class=\"wp-block-heading foreground-primary\">E-Learning f\u00fcr die Verwaltung<\/h2>\n\n\n\n<p>CY-S-4-U basiert auf dem E-Learning-Tool f\u00fcr die Verwaltungen: www.elearningcyber.ch. Diese Weiterbildung ist speziell f\u00fcr die Bed\u00fcrfnisse der \u00f6ffentlichen Verwaltung auf kantonaler, kommunaler und Bundesebene entwickelt worden. Sie hat zum Ziel, die Kompetenz und das Vertrauen der Mitarbeitenden im Umgang mit sensiblen Daten zu verbessern, und so die Resilienzf\u00e4higkeit der \u00f6ffentlichen Verwaltungen zu st\u00e4rken.<\/p>\n\n\n\n<p><\/p>\n\n\n\n<p>F\u00fcr zus\u00e4tzliche Fragen: <a href=\"mailto&#58;&#105;&#110;&#102;&#111;&#64;&#101;&#x6c;&#x65;&#x61;&#x72;&#x6e;&#x69;&#x6e;&#x67;&#x63;&#x79;&#x62;&#x65;r&#46;ch\"> <strong>&#105;n&#x66;o&#x40;e&#x6c;e&#x61;&#114;&#x6e;&#105;&#x6e;&#103;&#x63;&#121;b&#101;r&#x2e;c&#x68;<\/strong><\/a><\/p>\n\n\n\n<p><\/p>\n<\/div><\/div><\/body><\/html>","protected":false},"excerpt":{"rendered":"<p>Das E-Learning-Tool CY-S-4-U, www.cybersecurityforyou.ch, zur Cybersicherheit gibt allen kostenlos die M\u00f6glichkeit, sich \u00fcber die Gefahren im Internet zu informieren und zu lernen, wie man sich sch\u00fctzen kann. Das Tool wird von der\u00a0Kantonalen Konferenz der Justiz- und Polizeidirektorinnen und -direktoren\u00a0und von der\u00a0Schweizerischen Kriminalpr\u00e4vention\u00a0zur Verf\u00fcgung gestellt. <\/p>\n","protected":false},"author":322,"featured_media":3313,"parent":2507,"menu_order":6,"comment_status":"closed","ping_status":"closed","template":"","meta":{"showSharingButtons":false,"skp-theme-color":"thirteen","_subtitle":"Verwaltungen","alternative_title":"E-Learning Cyber","seoDescription":"Weiterbildungskonzept: eCyAd Sensibilisierung der kantonalen und kommunalen Verwaltungen f\u00fcr die Informations- und Cybersicherheit","seoKeywords":"Cybersicherheit, e-learning, Verwaltung","seoTitle":"","featuredVideoEmbedCode":"","featuredYoutubeVideoId":"","notes":"","redirectToPostId":0,"skp-further-information":"","hideTile":false,"pageType":"","editor_notices":[],"footnotes":""},"topic":[25,22],"class_list":["post-3312","page","type-page","status-publish","has-post-thumbnail","hentry","topic-hacking-malware","topic-phishing"],"aioseo_notices":[],"_links":{"self":[{"href":"https:\/\/www.skppsc.ch\/de\/wp-json\/wp\/v2\/pages\/3312","targetHints":{"allow":["GET"]}}],"collection":[{"href":"https:\/\/www.skppsc.ch\/de\/wp-json\/wp\/v2\/pages"}],"about":[{"href":"https:\/\/www.skppsc.ch\/de\/wp-json\/wp\/v2\/types\/page"}],"author":[{"embeddable":true,"href":"https:\/\/www.skppsc.ch\/de\/wp-json\/wp\/v2\/users\/322"}],"replies":[{"embeddable":true,"href":"https:\/\/www.skppsc.ch\/de\/wp-json\/wp\/v2\/comments?post=3312"}],"version-history":[{"count":0,"href":"https:\/\/www.skppsc.ch\/de\/wp-json\/wp\/v2\/pages\/3312\/revisions"}],"up":[{"embeddable":true,"href":"https:\/\/www.skppsc.ch\/de\/wp-json\/wp\/v2\/pages\/2507"}],"wp:featuredmedia":[{"embeddable":true,"href":"https:\/\/www.skppsc.ch\/de\/wp-json\/wp\/v2\/media\/3313"}],"wp:attachment":[{"href":"https:\/\/www.skppsc.ch\/de\/wp-json\/wp\/v2\/media?parent=3312"}],"wp:term":[{"taxonomy":"topic","embeddable":true,"href":"https:\/\/www.skppsc.ch\/de\/wp-json\/wp\/v2\/topic?post=3312"}],"curies":[{"name":"wp","href":"https:\/\/api.w.org\/{rel}","templated":true}]}}