{"id":3324,"date":"2023-11-30T15:01:17","date_gmt":"2023-11-30T14:01:17","guid":{"rendered":"https:\/\/www.skppsc.ch\/de\/?page_id=3324"},"modified":"2025-04-23T14:17:35","modified_gmt":"2025-04-23T12:17:35","slug":"online-anlagebetrug","status":"publish","type":"page","link":"https:\/\/www.skppsc.ch\/de\/themen\/internet\/online-anlagebetrug\/","title":{"rendered":"Online-Anlagebetrug"},"content":{"rendered":"<html><body><div class=\"default-container content-part\"><div class=\"inner-padding\">\n<figure class=\"wp-block-embed is-type-video is-provider-youtube wp-block-embed-youtube wp-embed-aspect-16-9 wp-has-aspect-ratio\"><div class=\"wp-block-embed__wrapper\">\n\n<div class=\"video-container\"><div class=\"iframe-container\"><div class=\"video-ratio\" style=\"padding-top:56.2%;\"><\/div><iframe loading=\"lazy\" title=\"Online-Anlagebetrug\" src=\"https:\/\/www.youtube.com\/embed\/B55bM-_4OyU?feature=oembed&amp;rel=0\" frameborder=\"0\" allow=\"accelerometer; autoplay; clipboard-write; encrypted-media; gyroscope; picture-in-picture; web-share\" referrerpolicy=\"strict-origin-when-cross-origin\" allowfullscreen><\/iframe><\/div><\/div><\/div><\/figure>\n\n\n\n<h2 class=\"wp-block-heading foreground-primary\">Ablauf eines typischen Angriffs<\/h2>\n\n\n\n<h3 class=\"wp-block-heading\">Phase 1: Ank\u00f6dern<\/h3>\n\n\n\n<p>Der Betrugsangriff startet normalerweise mit breit gestreuten <strong>Werbeanzeigen<\/strong> im Internet (Popups, Werbebanner, Spammails etc.) und in Online-Newsportalen, aber auch mit unangeforderten Telefonanrufen und Kontaktversuchen in den sozialen Netzwerken und sogar auf Online-Dating-Plattformen.<\/p>\n\n\n\n<p>Ziel der Betr\u00fcger\/innen ist dabei zun\u00e4chst nur, Sie grunds\u00e4tzlich f\u00fcr die jeweilige neue Anlageform zu <strong>interessieren<\/strong> und dazu zu verleiten, Ihre <strong>Kontaktdaten<\/strong> zu hinterlassen. Dazu werden Sie \u2013 oftmals auch schon dann, wenn Sie auf Ihrer Online-Suche nach Anlagem\u00f6glichkeiten einschl\u00e4gige Suchbegriffe eingeben \u2013 auf seri\u00f6s wirkende (und suchmaschinenoptimierte!) Webseiten der Betr\u00fcger\/innen gelenkt. Dort gaukelt man Ihnen \u00fcberzeugende Argumente vor, zuweilen auch mit dem Hinweis auf prominente \u00abTestimonials\u00bb, die die angebotene Anlage angeblich ebenfalls mit Erfolg get\u00e4tigt h\u00e4tten.<\/p>\n\n\n\n<h3 class=\"wp-block-heading\">Phase 2: Pers\u00f6nlicher Erstkontakt<\/h3>\n\n\n\n<p>Wenn Sie sich dann auf einer solchen Website registriert haben, erhalten Sie kurze Zeit sp\u00e4ter einen <strong>Anruf eines\/einer angeblichen Anlageberaters\/Anlageberaterin. <\/strong>Da Sie vermutlich noch skeptisch sind, wird diese\/r nicht versuchen, Sie schon von Anfang an zu gr\u00f6sseren Investitionen zu \u00fcberreden, sondern nur zu einer kleinen von vielleicht CHF 250 oder CHF 500, zum \u00abAusprobieren\u00bb. Sie sollen das Gef\u00fchl haben, v\u00f6llig frei zu entscheiden. Danach erhalten Sie einen Zugang zu Ihrem \u00abAccount\u00bb auf der Website, damit sie die angebliche Performance Ihrer Anlage verfolgen k\u00f6nnen, und werden wohl jedesmal, wenn Sie sich einloggen, feststellen, dass Ihr Geld sich vermehrt hat. <strong>Das soll und wird Sie \u00fcberzeugen, mehr zu investieren.<\/strong><\/p>\n\n\n\n<h3 class=\"wp-block-heading\">Phase 3: Vertrauensbildung<\/h3>\n\n\n\n<p>Infolge der guten Performance schwindet Ihre Skepsis, und Sie freuen sich vielleicht sogar, wenn Ihr\/e Berater\/in Sie das n\u00e4chste Mal anruft. Das ist auch im Sinne der Betr\u00fcger\/innen, denn Sie sollen immer mehr das Gef\u00fchl bekommen, bei Ihren weiteren Investitionen ganz<strong> per\u00ads\u00f6nlich betreut <\/strong>zu werden. Die Betr\u00fcger\/Betr\u00fcgerinnen beherrschen das sogenannte \u00abSocial Engineering\u00bb, sie wissen also, mit \u00adwelchen zwischenmenschlichen Techniken sie ihr Opfer manipulieren k\u00f6nnen. Dabei werden Sie anf\u00e4nglich wohl <strong>nicht direkt unter Druck gesetzt,<\/strong> sondern nur indirekt durch angeblich nur <strong>begrenzt verf\u00fcgbare<\/strong> oder <strong>zeitlich limitierte Angebote.<\/strong> Ausserdem dient das neue Vertrauensverh\u00e4ltnis dazu, Sie gegen ehemalige Finanzpartner Ihres Vertrauens (z.\u2009B. Ihre Hausbank) abzuschirmen. Die Betr\u00fcger\/innen er\u00f6ffnen dann z.\u2009B. bei echten H\u00e4ndlern von Kryptow\u00e4hrungen ein Konto (Wallet) in Ihrem Namen und mit Ihrer Legitimation, doch die Zugriffsrechte \u00addar\u00fcber haben nicht Sie allein (wenn \u00fcberhaupt), immer aber die Betr\u00fcger\/innen. Es kommt sogar vor, dass sich die T\u00e4ter\/innen \u00fcber Fernwartungssoftware den Zugang zu Ihrem Computer erschleichen und dann mit Ihrem e-Banking \u00dcberweisungen t\u00e4tigen.<\/p>\n\n\n\n<h3 class=\"wp-block-heading\">Phase 4: Nachschuss<\/h3>\n\n\n\n<p>Wenn Sie dann eine Zeitlang Ihre Gewinnsteigerungen beobachtet haben und aus irgendeinem Grund einen Teil des Geldes abheben wollen, werden Sie feststellen, dass das nicht m\u00f6glich ist. Ihr\/e Berater\/in wird Ihnen z.\u2009B. erkl\u00e4ren, es habe einen <strong>pl\u00f6tzlichen Crash<\/strong> gegeben oder Sie m\u00fcssten zuvor eine <strong>hohe Steuerabgabe<\/strong> entrichten. Er\/sie wird jetzt \u2013 diesmal wom\u00f6glich auch mit direktem Druck bis hin zur Drohung \u2013 versuchen, Sie vom speziellen Charakter der Investition zu \u00fcberzeugen, der es erfordere, noch mehr Geld nachzuschiessen, um die Gewinne zu sichern. Eventuell wird auch ein angeblicher Vorgesetzter oder sogar der <strong>\u00abChef\u00bb<\/strong> des Unternehmens ins Feld gef\u00fchrt, der mittels seiner behaupteten Autorit\u00e4t beruhigend auf Sie einzuwirken versucht und Ihnen \u00adweiterhin finanzielle Erfolge in Aussicht stellt, wenn Sie nur bei der Stange blieben. Wenn Sie immer noch aussteigen wollen, wird Ihnen m\u00f6glicherweise auch noch eine <strong>Versicherung gegen Verluste <\/strong>angeboten; diese h\u00e4tten Sie angeblich von vornherein abschliessen k\u00f6nnen, aber aus Kulanz werde man das f\u00fcr Sie auch r\u00fcckwirkend erm\u00f6glichen. Das ist alles nicht wahr. Schliesslich d\u00e4mmert Ihnen, dass Sie einem Betrug zum Opfer gefallen sein k\u00f6nnten, klammern sich aber irrationalerweise um so mehr an \u00adIhre\/n vertraute\/n Berater\/in: Am Ende behauptet diese\/r m\u00f6g\u00adlicherweise, er\/sie k\u00f6nne doch noch einen Weg finden, Ihren Einsatz wieder herauszuholen, daf\u00fcr sei aber eine <strong>Vorabzahlung von Bank-, Rechts- oder Notargeb\u00fchren<\/strong> erforderlich \u2026<\/p>\n\n\n\n<h3 class=\"wp-block-heading\">Phase 5: Verlust-Realisierung<\/h3>\n\n\n\n<p>Was auch immer Sie versucht haben: <strong>Sie erhalten kein Geld \u00adzur\u00fcck<\/strong> (\u2009\u2013 ausser evtl. in der Anfangsphase und auch dann nur \u00adkleinere Betr\u00e4ge, um Sie in Sicherheit zu wiegen und weiter zu \u00adk\u00f6dern). Jetzt ist Ihnen definitiv klar, dass Sie Opfer eines Betrugs geworden sind.<\/p>\n\n\n\n<\/div><\/div><div class=\"default-container content-part replaced-hr\"><div class=\"inner-padding\">\n\n\n\n<h3 class=\"wp-block-heading\">Was tut die Polizei?<\/h3>\n\n\n\n<p>Die Polizei nimmt jede Strafanzeige eines Gesch\u00e4digten eines Online-Anlagebetrugs entgegen und pr\u00fcft Sofortmassnahmen und m\u00f6gliche Ermittlungsans\u00e4tze im Zusammenhang mit der Straftat. Jedes Detail ist wichtig f\u00fcr die Ermittlungsarbeit. Die Opfer einer solchen Straftat erleben danach oft eine schwierige Zeit und machen sich oft Vorw\u00fcrfe. Durch die Polizei werden die Gesch\u00e4digten in dieser Phase kompetent und sachlich beraten. Es ist bei einer Strafanzeige wichtig, alle zur Verf\u00fcgung stehenden Dokumente bei der Polizei einzureichen. Die Polizei vergleicht auf interkantonalen Ebenen die eingegangenen Meldungen um Tatzusammenh\u00e4nge zu erkennen und so gezielt Ermittlungen einzuleiten. Die T\u00e4terschaft operiert meist aus dem Ausland, was eine internationale Zusammenarbeit bei den Ermittlungen voraussetzt. Es ist wichtig, Strafanzeige bei der Polizei einzureichen. Wer den Betrug nicht anzeigt, macht es den Betr\u00fcgerinnen und Betr\u00fcgern sehr einfach, denn dann haben sie nichts zu bef\u00fcrchten.<\/p>\n\n\n\n<\/div><\/div><div class=\"default-container clues content-part children-count-2 children-count-even\"><div class=\"inner-padding\"><a id=\"tips\"><\/a><h2 class=\"subcontent-main-title foreground-primary foreground-primary\">Was kann ich tun?<\/h2><div class=\"clues-inner-table clues-count-even\"><div class=\"clue-item clues-count-even clues-count-2 background-faded\"><div class=\"clue bevor-sie-in-neue-anlageformen-investieren\"><p class=\"clue-image\"><img loading=\"lazy\" decoding=\"async\" width=\"640\" height=\"320\" src=\"https:\/\/www.skppsc.ch\/de\/wp-content\/uploads\/sites\/2\/2023\/11\/oab_tipp1-640x320.jpg\" class=\"attachment-skp-thumbnail-force-ratio size-skp-thumbnail-force-ratio wp-post-image\" alt=\"\" srcset=\"https:\/\/www.skppsc.ch\/de\/wp-content\/uploads\/sites\/2\/2023\/11\/oab_tipp1-640x320.jpg 640w, https:\/\/www.skppsc.ch\/de\/wp-content\/uploads\/sites\/2\/2023\/11\/oab_tipp1-300x150.jpg 300w, https:\/\/www.skppsc.ch\/de\/wp-content\/uploads\/sites\/2\/2023\/11\/oab_tipp1-768x384.jpg 768w, https:\/\/www.skppsc.ch\/de\/wp-content\/uploads\/sites\/2\/2023\/11\/oab_tipp1.jpg 800w\" sizes=\"auto, (max-width: 640px) 100vw, 640px\"><\/p><h3 class=\"clue-title background-primary foreground-title\">Bevor Sie in neue Anlageformen investieren:<\/h3><p><!-- wp:list --><\/p>\n<ul><!-- wp:list-item -->\n<li>Vor allem bei hohen Renditeversprechen und komplexen Anlagebereichen wie Kryptow\u00e4hrungen, Forex-Trading und angeblichem Handel mit bin\u00e4ren Optionen ist Vorsicht geboten. Nehmen Sie sich Zeit und informieren Sie sich an m\u00f6glichst vielen verschiedenen Stellen. Lassen Sie sich nie unter Druck setzen, weder von Berater(inne)n, noch von angeblich limitierten Angeboten.<\/li>\n<p><!-- \/wp:list-item --><\/p>\n<p><!-- wp:list-item --><\/p>\n<li>Lesen Sie unsere Brosch\u00fcre <a href=\"https:\/\/www.skppsc.ch\/de\/download\/kryptowaehrungen\/\" data-type=\"download\" data-id=\"2932\">\"Kryptow\u00e4hrungen. Wie sie funktionieren und welche Risiken sie mit sich bringen\"<\/a>.<\/li>\n<p><!-- \/wp:list-item --><\/p>\n<p><!-- wp:list-item --><\/p>\n<li>Lassen Sie sich von unrealistischen Versprechen nicht blenden. Kein seri\u00f6ser Finanzdienstleister verspricht \u00fcberdurchschnittliche Gewinne in kurzer Zeit.<\/li>\n<p><!-- \/wp:list-item --><\/p>\n<p><!-- wp:list-item --><\/p>\n<li>\u00dcberpr\u00fcfen Sie, ob der Anbieter\/die Anbieterin eine <a href=\"https:\/\/www.finma.ch\/de\/finma-public\/bewilligte-institute-personen-und-produkte\/\" data-type=\"link\" data-id=\"https:\/\/www.finma.ch\/de\/finma-public\/bewilligte-institute-personen-und-produkte\/\" target=\"_blank\" rel=\"noreferrer noopener\">Bewilligung der FINMA<\/a> hat oder in der <a href=\"https:\/\/www.finma.ch\/de\/finma-public\/warnungen\/\" target=\"_blank\" rel=\"noreferrer noopener\">FINMA-Warnliste<\/a> aufgef\u00fchrt ist. Stossen Sie auf zweifelhafte Angebote, sollten Sie diese der FINMA mittels <a href=\"https:\/\/www.finma.ch\/de\/finma-public\/meldung-erstatten\/\" target=\"_blank\" rel=\"noreferrer noopener\">Meldeformular<\/a> melden. Solche Hinweise erm\u00f6glichen es der FINMA, unerlaubt t\u00e4tige Anbieter zu entdecken und aus dem Verkehr zu ziehen.<\/li>\n<p><!-- \/wp:list-item --><\/p>\n<p><!-- wp:list-item --><\/p>\n<li>\u00dcberpr\u00fcfen Sie den Handelsregisterauszug von Schweizer Anbietern unter <a href=\"https:\/\/www.zefix.ch\/de\/search\/entity\/welcome\" target=\"_blank\" rel=\"noreferrer noopener\">www.zefix.ch<\/a>.<\/li>\n<p><!-- \/wp:list-item --><\/p>\n<p><!-- wp:list-item --><\/p>\n<li>\u00dcberpr\u00fcfen Sie die Vertrauensw\u00fcrdigkeit der Website bei <a href=\"https:\/\/www.scamadviser.com\/\" target=\"_blank\" rel=\"noreferrer noopener\">Scamadviser.<\/a><\/li>\n<p><!-- \/wp:list-item --><\/p>\n<p><!-- wp:list-item --><\/p>\n<li>Recherchieren Sie im Internet bei aus dem Ausland agierenden Anbietern. Tauchen nur schon vereinzelt Betrugswarnungen auf, lassen Sie die Finger davon.<\/li>\n<p><!-- \/wp:list-item --><\/p>\n<p><!-- wp:list-item --><\/p>\n<li>Wenden Sie sich an Ihre\/n Kundenberater\/in Ihrer Hausbank und an Experten\/Expertinnen Ihres Vertrauens f\u00fcr eine fachm\u00e4nnische Einsch\u00e4tzung.<\/li>\n<p><!-- \/wp:list-item --><\/p><\/ul>\n<p><!-- \/wp:list --><\/p>\n<\/div><\/div><div class=\"clue-item clues-count-even clues-count-2 background-faded\"><div class=\"clue wenn-sie-opfer-eines-online-anlagebetrugs-geworden-sind\"><p class=\"clue-image\"><img loading=\"lazy\" decoding=\"async\" width=\"640\" height=\"320\" src=\"https:\/\/www.skppsc.ch\/de\/wp-content\/uploads\/sites\/2\/2023\/11\/oab_tipp2-640x320.jpg\" class=\"attachment-skp-thumbnail-force-ratio size-skp-thumbnail-force-ratio wp-post-image\" alt=\"\" srcset=\"https:\/\/www.skppsc.ch\/de\/wp-content\/uploads\/sites\/2\/2023\/11\/oab_tipp2-640x320.jpg 640w, https:\/\/www.skppsc.ch\/de\/wp-content\/uploads\/sites\/2\/2023\/11\/oab_tipp2-300x150.jpg 300w, https:\/\/www.skppsc.ch\/de\/wp-content\/uploads\/sites\/2\/2023\/11\/oab_tipp2-768x384.jpg 768w, https:\/\/www.skppsc.ch\/de\/wp-content\/uploads\/sites\/2\/2023\/11\/oab_tipp2.jpg 800w\" sizes=\"auto, (max-width: 640px) 100vw, 640px\"><\/p><h3 class=\"clue-title background-primary foreground-title\">Wenn Sie Opfer eines \u00adOnline-Anlage\u00adbetrugs geworden sind:<\/h3><p><!-- wp:list --><\/p>\n<ul><!-- wp:list-item -->\n<li>Informieren Sie umgehend Ihre Polizei und erstatten Sie Anzeige!<\/li>\n<p><!-- \/wp:list-item --><\/p>\n<p><!-- wp:list-item --><\/p>\n<li>Informieren Sie sofort Ihre Hausbank, dass die in Frage kommenden \u00dcberweisungen betr\u00fcgerisch waren. Allenfalls k\u00f6nnen so Geldbetr\u00e4ge noch auf dem Weg zur T\u00e4terschaft gestoppt werden.<\/li>\n<p><!-- \/wp:list-item --><\/p>\n<p><!-- wp:list-item --><\/p>\n<li>Kontaktiert Sie zu einem sp\u00e4teren Zeitpunkt per Telefon oder Mail ein angeblicher Privatdetektiv, Rechtsanwalt oder Staatsanwalt, so geh\u00f6rt dieser mit hoher Wahrscheinlichkeit zur selben Betr\u00fcgerbande. \u00dcberweisen Sie auch hier kein Geld.<\/li>\n<p><!-- \/wp:list-item --><\/p>\n<p><!-- wp:list-item --><\/p>\n<li>Melden Sie einen betr\u00fcgerischen Link dem betroffenen Online-Marktplatz<\/li>\n<p><!-- \/wp:list-item --><\/p><\/ul>\n<p><!-- \/wp:list --><\/p>\n<\/div><\/div><\/div><\/div><\/div><div class=\"default-container content-part\"><div class=\"inner-padding\">\n\n\n\n<h2 class=\"wp-block-heading foreground-primary\">Generell gilt:<\/h2>\n\n\n\n<ul class=\"wp-block-list\">\n<li>Schnelles Geld ohne Verlustrisiko ist eine Illusion!<\/li>\n\n\n\n<li>Niemand verr\u00e4t \u00abGeheimtipps\u00bb \u00f6ffentlich im Internet. Wer f\u00fcr einen Geheimtipp Werbung machen muss, hat keinen.<\/li>\n\n\n\n<li>Niemand teilt ungefragt vielversprechende Anlagestrategien mit v\u00f6llig unbekannten Personen. Warum sollte er?<\/li>\n\n\n\n<li>Anlagetipps, welche mit prominenten Pers\u00f6nlichkeiten \u00adbeworben werden, sind in aller Regel gef\u00e4lscht und dienen nur als K\u00f6der. Die Prominenten haben meistens keine Ahnung, dass mit ihnen Werbung gemacht wird.<\/li>\n\n\n\n<li>Vertrauen Sie nie jemandem Geld an, den Sie nur virtuell \u00adkennen.<\/li>\n\n\n\n<li>Gew\u00e4hren Sie nie jemandem, den Sie nur virtuell kennen, einen Fern\u00adzu\u00adgriff auf ihren Computer (mittels Fernwartungssoftware wie \u00adTeamViewer, Anydesk, Supremo etc.)<\/li>\n\n\n\n<li>\u00abNicht gutes Geld dem schlechten nachwerfen!\u00bb: Drohende Totalverluste k\u00f6nnen nicht abgewendet werden, indem man immer neues Geld\u00ad nach\u00adschiesst.<\/li>\n<\/ul>\n\n\n\n<\/div><\/div><div class=\"full content-part post-name-rendite-genial-verlust-total  post-type-download\"><div class=\"inner-padding\"><p class=\"featured-image download hide-on-mobile\"><a href=\"https:\/\/www.skppsc.ch\/de\/wp-content\/uploads\/sites\/2\/2021\/03\/online_anlagebetrug.pdf\" download target=\"_blank\"><img loading=\"lazy\" decoding=\"async\" width=\"640\" height=\"908\" src=\"https:\/\/www.skppsc.ch\/de\/wp-content\/uploads\/sites\/2\/2021\/03\/anlagebetrug-640x908.jpg\" class=\"attachment-skp-thumbnail-keep-ratio size-skp-thumbnail-keep-ratio wp-post-image\" alt=\"\" srcset=\"https:\/\/www.skppsc.ch\/de\/wp-content\/uploads\/sites\/2\/2021\/03\/anlagebetrug-640x908.jpg 640w, https:\/\/www.skppsc.ch\/de\/wp-content\/uploads\/sites\/2\/2021\/03\/anlagebetrug-211x300.jpg 211w, https:\/\/www.skppsc.ch\/de\/wp-content\/uploads\/sites\/2\/2021\/03\/anlagebetrug-768x1090.jpg 768w, https:\/\/www.skppsc.ch\/de\/wp-content\/uploads\/sites\/2\/2021\/03\/anlagebetrug.jpg 800w\" sizes=\"auto, (max-width: 640px) 100vw, 640px\"><\/a><\/p><div class=\"remaining-content\"><h2 class=\"sub-content-title  foreground-primary foreground-primary\">Rendite genial? Verlust total!<\/h2><h3 class=\"sub-content-subtitle \">Was Sie \u00fcber Online-Anlagebetrug wissen sollten<\/h3><p>Immer h\u00e4ufiger werben Betr\u00fcger und Betr\u00fcgerinnen f\u00fcr angeblich vielversprechende neue Anlageformen auf ihren angeblichen Handelsplattformen (Trading-Seiten). Doch wer darauf eingeht und investiert, kann nur verlieren!<\/p>\n<p>Das Faltblatt erkl\u00e4rt verst\u00e4ndlich, wie Online-Anlagebetrug typischerweise abl\u00e4uft, wie Sie sich informieren sollten, bevor Sie z.B. in Kryptow\u00e4hrungen investieren, und was Sie tun sollten, wenn Sie bereits Geld an solche Betr\u00fcger verloren haben. Zudem finden Sie allgemeine Tipps, wie Sie schon fr\u00fchzeitig erkennen k\u00f6nnen, ob ein Angebot seri\u00f6s oder h\u00f6chstwahrscheinlich betr\u00fcgerisch ist.<\/p>\n<p>Das Faltblatt ist mit der freundlichen Unterst\u00fctzung von EBAS (\u00abeBanking \u2013 aber sicher!\u00bb) entstanden.<br>(Das Faltblatt ist auch in <a href=\"https:\/\/www.skppsc.ch\/de\/download\/fantastic-returns-are-pure-fantasy\/\">Englisch<\/a> verf\u00fcgbar.)<\/p>\n<p><a href=\"https:\/\/www.skppsc.ch\/de\/themen\/internet\/online-anlagebetrug\/\">\u2192 Themenseite Online-Anlagebetrug<\/a><\/p>\n<p><!-- wp:file {\"id\":4351,\"href\":\"https:\/\/www.skppsc.ch\/de\/wp-content\/uploads\/sites\/2\/2021\/03\/online_anlagebetrug.pdf\"} --><\/p>\n<div class=\"wp-block-file\"><\/div>\n<p><!-- \/wp:file --><\/p>\n<p><!-- wp:paragraph --><\/p>\n<p><!-- \/wp:paragraph --><\/p>\n<p class=\"featured-image download mobile-only\"><a href=\"https:\/\/www.skppsc.ch\/de\/wp-content\/uploads\/sites\/2\/2021\/03\/online_anlagebetrug.pdf\" download target=\"_blank\"><img loading=\"lazy\" decoding=\"async\" width=\"640\" height=\"908\" src=\"https:\/\/www.skppsc.ch\/de\/wp-content\/uploads\/sites\/2\/2021\/03\/anlagebetrug-640x908.jpg\" class=\"attachment-skp-thumbnail-keep-ratio size-skp-thumbnail-keep-ratio wp-post-image\" alt=\"\" srcset=\"https:\/\/www.skppsc.ch\/de\/wp-content\/uploads\/sites\/2\/2021\/03\/anlagebetrug-640x908.jpg 640w, https:\/\/www.skppsc.ch\/de\/wp-content\/uploads\/sites\/2\/2021\/03\/anlagebetrug-211x300.jpg 211w, https:\/\/www.skppsc.ch\/de\/wp-content\/uploads\/sites\/2\/2021\/03\/anlagebetrug-768x1090.jpg 768w, https:\/\/www.skppsc.ch\/de\/wp-content\/uploads\/sites\/2\/2021\/03\/anlagebetrug.jpg 800w\" sizes=\"auto, (max-width: 640px) 100vw, 640px\"><\/a><\/p><div class=\"download-bottom-actions \"><a href=\"https:\/\/www.skppsc.ch\/de\/wp-content\/uploads\/sites\/2\/2021\/03\/online_anlagebetrug.pdf\" download target=\"_blank\" class=\"large skp-icon skp-download-pdf download-icon \" title=\"\"><span class=\"link-text\"><\/span><\/a><u-add-to-cart :options='[{\"id\":2438,\"title\":\"Rendite genial? Verlust total!\",\"byline\":\"Faltblatt A5, 8 Seiten, 2025\",\"lang\":\"de\",\"siteId\":2,\"cartHash\":\"lt6\",\"amount\":0,\"max\":\"9999\",\"articleNumber\":\"10072\"},{\"id\":1527,\"title\":\"Rendements de r\\u00eave\\u00a0? Gare au r\\u00e9veil\\u00a0!\",\"byline\":\"D\\u00e9pliant, A5, 8 pages, 2025\",\"lang\":\"fr\",\"siteId\":5,\"cartHash\":\"1ia7\",\"amount\":0,\"max\":\"9999\",\"articleNumber\":\"20072\"},{\"id\":1426,\"title\":\"Rendimenti da sogno? No, perdite da incubo!\",\"byline\":\"Pieghevole, A5, 8 pagine, 2025\",\"lang\":\"it\",\"siteId\":7,\"cartHash\":\"25o2\",\"amount\":0,\"max\":\"9999\",\"articleNumber\":\"30072\"}]' :is-logged-in=\"false\" login-url=\"https:\/\/www.skppsc.ch\/de\/wp-login.php?redirect_to=https%3A%2F%2Fwww.skppsc.ch%2Fde%2Fwp-json%2Fwp%2Fv2%2Fpages%2F3324%3Fpr%3Dlt6%23lt6\" police-url=\"https:\/\/www.skppsc.ch\/de\/kontakt-zur-polizei\/\" :initially-opened=\"false\"><\/u-add-to-cart><\/div><\/div><\/div><\/div><div class=\"default-container content-part\"><div class=\"inner-padding\">\n\n\n\n\n\n<p><\/p>\n<\/div><\/div><\/body><\/html>","protected":false},"excerpt":{"rendered":"<p>In Zeiten allgemein unsicherer Wirtschafts- und B\u00f6rsenlage ist es schwierig geworden, erworbenes Verm\u00f6gen zu sichern, geschweige denn zu vermehren. Viele Anleger\/innen suchen deshalb verst\u00e4rkt nach stabilen (z.\u2009B. Gold, Immobilien) und <strong>neuartigen Anlageformen,<\/strong> die auch in Krisenzeiten hohe Rendite versprechen, wie z.\u2009B. <strong>Kryptow\u00e4hrungen.<\/strong> Diese Situation wird gerne von Betr\u00fcger(inne)n ausgenutzt, die sich als progressive Finanzdienstleister ausgeben und verunsicherte Kleinanleger zu Investitionen verleiten, bei denen sie nichts gewinnen, aber alles verlieren k\u00f6nnen. Das nennt man <strong>Online-Anlagebetrug<\/strong> (engl. \u00abinvestment fraud\u00bb), und wie er typischerweise abl\u00e4uft, erfahren Sie in den folgenden Abschnitten.<\/p>\n","protected":false},"author":349,"featured_media":3325,"parent":138,"menu_order":0,"comment_status":"closed","ping_status":"closed","template":"","meta":{"showSharingButtons":false,"skp-theme-color":"fourteen","_subtitle":"","alternative_title":"Online-Anlage|betrug","seoDescription":"","seoKeywords":"","seoTitle":"","featuredVideoEmbedCode":"","featuredYoutubeVideoId":"","notes":"","redirectToPostId":0,"skp-further-information":"<p><a href=\"https:\/\/www.ebas.ch\/investment-fraud\/\" target=\"_blank\" rel=\"noreferrer noopener\">\u00abeBanking \u2013 aber sicher!\u00bb Investment fraud<\/a><\/p><br><a href=\"https:\/\/www.selbsthilfeschweiz.ch\/shch\/de\/selbsthilfeangebote\/suche.html?submitted=true&amp;search=+Virtueller+Betrug\" data-type=\"link\" data-id=\"https:\/\/www.selbsthilfeschweiz.ch\/shch\/de\/selbsthilfeangebote\/suche.html?submitted=true&amp;search=+Virtueller+Betrug\" target=\"_blank\" rel=\"noreferrer noopener nofollow\">Selbsthilfegruppen<\/a>","hideTile":false,"pageType":"","editor_notices":[],"footnotes":""},"topic":[5,4,99],"class_list":["post-3324","page","type-page","status-publish","has-post-thumbnail","hentry","topic-betrug","topic-internet","topic-online-anlagebetrug"],"aioseo_notices":[],"_links":{"self":[{"href":"https:\/\/www.skppsc.ch\/de\/wp-json\/wp\/v2\/pages\/3324","targetHints":{"allow":["GET"]}}],"collection":[{"href":"https:\/\/www.skppsc.ch\/de\/wp-json\/wp\/v2\/pages"}],"about":[{"href":"https:\/\/www.skppsc.ch\/de\/wp-json\/wp\/v2\/types\/page"}],"author":[{"embeddable":true,"href":"https:\/\/www.skppsc.ch\/de\/wp-json\/wp\/v2\/users\/349"}],"replies":[{"embeddable":true,"href":"https:\/\/www.skppsc.ch\/de\/wp-json\/wp\/v2\/comments?post=3324"}],"version-history":[{"count":0,"href":"https:\/\/www.skppsc.ch\/de\/wp-json\/wp\/v2\/pages\/3324\/revisions"}],"up":[{"embeddable":true,"href":"https:\/\/www.skppsc.ch\/de\/wp-json\/wp\/v2\/pages\/138"}],"wp:featuredmedia":[{"embeddable":true,"href":"https:\/\/www.skppsc.ch\/de\/wp-json\/wp\/v2\/media\/3325"}],"wp:attachment":[{"href":"https:\/\/www.skppsc.ch\/de\/wp-json\/wp\/v2\/media?parent=3324"}],"wp:term":[{"taxonomy":"topic","embeddable":true,"href":"https:\/\/www.skppsc.ch\/de\/wp-json\/wp\/v2\/topic?post=3324"}],"curies":[{"name":"wp","href":"https:\/\/api.w.org\/{rel}","templated":true}]}}