{"id":3448,"date":"2024-04-11T16:05:37","date_gmt":"2024-04-11T14:05:37","guid":{"rendered":"https:\/\/www.skppsc.ch\/de\/?page_id=3448"},"modified":"2024-04-11T16:45:06","modified_gmt":"2024-04-11T14:45:06","slug":"you-better-think","status":"publish","type":"page","link":"https:\/\/www.skppsc.ch\/de\/projekte\/gut-ausgegangen\/you-better-think\/","title":{"rendered":"You better THINK!"},"content":{"rendered":"<html><body><div class=\"default-container content-part\"><div class=\"inner-padding\">\n<p>Das heisst: \u00abDenk mal nach!\u00bb Damit ist gemeint, dass du dich nicht komplett berauschen, sondern immer versuchen solltest, den \u00abKopf oben\u00bb zu behalten, in allen Situationen.<\/p>\n\n\n\n<ul class=\"wp-block-list\">\n<li><strong>Kenn dein Limit bei Alkohol und lass die Drogen beiseite.<\/strong><br>Der Konsum von Alkohol und Drogen ver\u00e4ndert dein Verhalten und deine Reaktionen. Einerseits sinkt die Hemmschwelle, \u00fcbergriffig zu werden, andererseits die F\u00e4higkeit, sich zur Wehr zu setzen.<\/li>\n\n\n\n<li><strong>Behalte die Kontrolle.<\/strong><br>Generell gilt: Kontrolliere dein Verhalten in jeder Situation.<\/li>\n\n\n\n<li><strong>Lass deinen Drink nicht unbeaufsichtigt. <br><\/strong>Es geht vor allem um Substanzen wie K.O.-Tropfen, aber nicht nur. Achte auf dein Getr\u00e4nk, damit du verhinderst, dass eine Substanz ohne dein Wissen hineingetan wird.<\/li>\n\n\n\n<li><strong>Lass dich nicht provozieren.<br><\/strong>Lass dich nicht auf Provokationen ein, egal welche Rolle du spielst. Ziehe dich lieber zur\u00fcck, wenn du nicht im Dialog eine L\u00f6sung findest.<\/li>\n\n\n\n<li><strong>Respektiere die Grenzen der anderen.<br><\/strong>Jede Person hat seine eigenen Grenzen. Wenn du unsicher bist, vergewissere dich der Zustimmung bzw. Einwilligung deines Gegen\u00fcbers.<\/li>\n<\/ul>\n<\/div><\/div><\/body><\/html>","protected":false},"excerpt":{"rendered":"<p>Das heisst: \u00abDenk mal nach!\u00bb Damit ist gemeint, dass du dich nicht komplett berauschen, sondern immer versuchen solltest, den \u00abKopf oben\u00bb zu behalten, in allen Situationen.<\/p>\n","protected":false},"author":349,"featured_media":3446,"parent":3441,"menu_order":0,"comment_status":"closed","ping_status":"closed","template":"","meta":{"showSharingButtons":false,"skp-theme-color":"five","_subtitle":"","alternative_title":"","seoDescription":"","seoKeywords":"","seoTitle":"","featuredVideoEmbedCode":"","featuredYoutubeVideoId":"","notes":"","redirectToPostId":0,"skp-further-information":"","hideTile":false,"pageType":"","editor_notices":[],"footnotes":""},"topic":[],"class_list":["post-3448","page","type-page","status-publish","has-post-thumbnail","hentry"],"aioseo_notices":[],"_links":{"self":[{"href":"https:\/\/www.skppsc.ch\/de\/wp-json\/wp\/v2\/pages\/3448","targetHints":{"allow":["GET"]}}],"collection":[{"href":"https:\/\/www.skppsc.ch\/de\/wp-json\/wp\/v2\/pages"}],"about":[{"href":"https:\/\/www.skppsc.ch\/de\/wp-json\/wp\/v2\/types\/page"}],"author":[{"embeddable":true,"href":"https:\/\/www.skppsc.ch\/de\/wp-json\/wp\/v2\/users\/349"}],"replies":[{"embeddable":true,"href":"https:\/\/www.skppsc.ch\/de\/wp-json\/wp\/v2\/comments?post=3448"}],"version-history":[{"count":0,"href":"https:\/\/www.skppsc.ch\/de\/wp-json\/wp\/v2\/pages\/3448\/revisions"}],"up":[{"embeddable":true,"href":"https:\/\/www.skppsc.ch\/de\/wp-json\/wp\/v2\/pages\/3441"}],"wp:featuredmedia":[{"embeddable":true,"href":"https:\/\/www.skppsc.ch\/de\/wp-json\/wp\/v2\/media\/3446"}],"wp:attachment":[{"href":"https:\/\/www.skppsc.ch\/de\/wp-json\/wp\/v2\/media?parent=3448"}],"wp:term":[{"taxonomy":"topic","embeddable":true,"href":"https:\/\/www.skppsc.ch\/de\/wp-json\/wp\/v2\/topic?post=3448"}],"curies":[{"name":"wp","href":"https:\/\/api.w.org\/{rel}","templated":true}]}}