{"id":3450,"date":"2024-04-11T16:10:03","date_gmt":"2024-04-11T14:10:03","guid":{"rendered":"https:\/\/www.skppsc.ch\/de\/?page_id=3450"},"modified":"2024-04-11T17:43:07","modified_gmt":"2024-04-11T15:43:07","slug":"stay-together","status":"publish","type":"page","link":"https:\/\/www.skppsc.ch\/de\/projekte\/gut-ausgegangen\/stay-together\/","title":{"rendered":"STAY together!"},"content":{"rendered":"<html><body><div class=\"default-container content-part\"><div class=\"inner-padding\">\n<p>Das heisst: \u00abBleibt zusammen!\u00bb Damit ist gemeint, dass ihr aufeinander achtgeben sollt, wenn ihr zu zweit oder in einer Gruppe unterwegs seid.<\/p>\n\n\n\n<ul class=\"wp-block-list\">\n<li><strong>Achtet gegenseitig auf eure Drinks. <\/strong><br>Lasst eure Drinks nicht unbeaufsichtigt. Es geht vor allem um Substanzen wie K.O.-Tropfen, aber nicht nur. Achtet auf eure Getr\u00e4nke, damit ihr verhindert, dass eine Substanz ohne euer Wissen hineingetan wird.<\/li>\n\n\n\n<li><strong>K\u00fcmmert euch um eure Freunde und Freundinnen.<\/strong><br>Achtet darauf, dass nicht Einzelne von euch mit Dritten Probleme bekommen. Unterst\u00fctzt euch und trefft gemeinsame Entscheidungen.<\/li>\n\n\n\n<li><strong>Lasst niemanden allein zur\u00fcck. <\/strong><br>Wenn ihr die Party verlassen wollt, sollte niemand aus der Gruppe allein zur\u00fcckbleiben, vor allem wenn er\/sie schon reichlich angeschlagen ist.<\/li>\n\n\n\n<li><strong>Organisiert eure Heimfahrt vorher. <\/strong><br>\u00dcberlegt schon am Anfang des Abends, wie ihr wieder nach Hause kommt, ob mit \u00f6ffentlichen Verkehrsmitteln oder mit einem Taxi, damit niemand pl\u00f6tzlich allein zur\u00fcckbleibt.<\/li>\n<\/ul>\n<\/div><\/div><\/body><\/html>","protected":false},"excerpt":{"rendered":"<p>Das heisst: \u00abBleibt zusammen!\u00bb Damit ist gemeint, dass ihr aufeinander achtgeben sollt, wenn ihr zu zweit oder in einer Gruppe unterwegs seid.<\/p>\n","protected":false},"author":349,"featured_media":3445,"parent":3441,"menu_order":2,"comment_status":"closed","ping_status":"closed","template":"","meta":{"showSharingButtons":false,"skp-theme-color":"five","_subtitle":"","alternative_title":"","seoDescription":"","seoKeywords":"","seoTitle":"","featuredVideoEmbedCode":"","featuredYoutubeVideoId":"","notes":"","redirectToPostId":0,"skp-further-information":"","hideTile":false,"pageType":"","editor_notices":[],"footnotes":""},"topic":[],"class_list":["post-3450","page","type-page","status-publish","has-post-thumbnail","hentry"],"aioseo_notices":[],"_links":{"self":[{"href":"https:\/\/www.skppsc.ch\/de\/wp-json\/wp\/v2\/pages\/3450","targetHints":{"allow":["GET"]}}],"collection":[{"href":"https:\/\/www.skppsc.ch\/de\/wp-json\/wp\/v2\/pages"}],"about":[{"href":"https:\/\/www.skppsc.ch\/de\/wp-json\/wp\/v2\/types\/page"}],"author":[{"embeddable":true,"href":"https:\/\/www.skppsc.ch\/de\/wp-json\/wp\/v2\/users\/349"}],"replies":[{"embeddable":true,"href":"https:\/\/www.skppsc.ch\/de\/wp-json\/wp\/v2\/comments?post=3450"}],"version-history":[{"count":0,"href":"https:\/\/www.skppsc.ch\/de\/wp-json\/wp\/v2\/pages\/3450\/revisions"}],"up":[{"embeddable":true,"href":"https:\/\/www.skppsc.ch\/de\/wp-json\/wp\/v2\/pages\/3441"}],"wp:featuredmedia":[{"embeddable":true,"href":"https:\/\/www.skppsc.ch\/de\/wp-json\/wp\/v2\/media\/3445"}],"wp:attachment":[{"href":"https:\/\/www.skppsc.ch\/de\/wp-json\/wp\/v2\/media?parent=3450"}],"wp:term":[{"taxonomy":"topic","embeddable":true,"href":"https:\/\/www.skppsc.ch\/de\/wp-json\/wp\/v2\/topic?post=3450"}],"curies":[{"name":"wp","href":"https:\/\/api.w.org\/{rel}","templated":true}]}}