{"id":3848,"date":"2025-03-27T14:24:01","date_gmt":"2025-03-27T13:24:01","guid":{"rendered":"https:\/\/www.skppsc.ch\/de\/?page_id=3848"},"modified":"2026-04-13T10:46:02","modified_gmt":"2026-04-13T08:46:02","slug":"willkommen","status":"publish","type":"page","link":"https:\/\/www.skppsc.ch\/de\/","title":{"rendered":"Willkommen"},"content":{"rendered":"<html><body><div class=\"default-container content-part\"><div class=\"inner-padding\">\n<ul class=\"subcontent-items sub-content-items display-mode-blog \"><li class=\"sub-content-item display-mode-blog\"><div class=\"post-preview super-oder\"><figure class=\"post-preview-image media-post\"><img loading=\"lazy\" decoding=\"async\" width=\"640\" height=\"320\" src=\"https:\/\/www.skppsc.ch\/de\/wp-content\/uploads\/sites\/2\/2026\/04\/bacs-2026-linkedin-beitrag-passwort-1200x627px-de-640x320.jpg\" class=\"media-post wp-post-image\" alt=\"\"><\/figure><h1 class=\"post-preview-title\">Medienmitteilung: \u00abSUPER, oder?\u00bb<\/h1>\n\t\t\t\t\t<div class=\"post-preview-date\">13. April 2026<\/div><a href=\"https:\/\/www.skppsc.ch\/de\/super-oder\/\" class=\"post-preview-link\"><\/a><\/div><\/li>\n\n<li class=\"sub-content-item display-mode-blog\"><div class=\"post-preview ein-flair-fuer-betrugsversuche-noch-vor-dem-fatalen-klick\"><figure class=\"post-preview-image blog-post\"><img loading=\"lazy\" decoding=\"async\" width=\"640\" height=\"320\" src=\"https:\/\/www.skppsc.ch\/de\/wp-content\/uploads\/sites\/2\/2026\/02\/blog-flair-640x320.jpg\" class=\"blog-post wp-post-image\" alt=\"\" srcset=\"https:\/\/www.skppsc.ch\/de\/wp-content\/uploads\/sites\/2\/2026\/02\/blog-flair-640x320.jpg 640w, https:\/\/www.skppsc.ch\/de\/wp-content\/uploads\/sites\/2\/2026\/02\/blog-flair-1280x640.jpg 1280w\" sizes=\"auto, (max-width: 640px) 100vw, 640px\"><\/figure><h1 class=\"post-preview-title\">Ein\u00a0Flair f\u00fcr Betrugsversuche\u00a0noch vor dem fatalen Klick<\/h1>\n\t\t\t\t\t<div class=\"post-preview-date\">24. Februar 2026<\/div><a href=\"https:\/\/www.skppsc.ch\/de\/ein-flair-fuer-betrugsversuche-noch-vor-dem-fatalen-klick\/\" class=\"post-preview-link\"><\/a><\/div><\/li>\n\n<li class=\"sub-content-item display-mode-blog\"><div class=\"post-preview wie-erreicht-die-polizei-seniorinnen-und-senioren-mit-ihrer-praeventionsarbeit\"><figure class=\"post-preview-image blog-post\"><img loading=\"lazy\" decoding=\"async\" width=\"640\" height=\"320\" src=\"https:\/\/www.skppsc.ch\/de\/wp-content\/uploads\/sites\/2\/2026\/01\/bilder-blog-ma-arbeit-oli-2048-x-1065-px-640x320.png\" class=\"blog-post wp-post-image\" alt=\"\" srcset=\"https:\/\/www.skppsc.ch\/de\/wp-content\/uploads\/sites\/2\/2026\/01\/bilder-blog-ma-arbeit-oli-2048-x-1065-px-640x320.png 640w, https:\/\/www.skppsc.ch\/de\/wp-content\/uploads\/sites\/2\/2026\/01\/bilder-blog-ma-arbeit-oli-2048-x-1065-px-1280x640.png 1280w\" sizes=\"auto, (max-width: 640px) 100vw, 640px\"><\/figure><h1 class=\"post-preview-title\">Wie erreicht die Polizei Seniorinnen und Senioren mit ihrer Pr\u00e4ventionsarbe\u2026<\/h1>\n\t\t\t\t\t<div class=\"post-preview-date\">16. Januar 2026<\/div><a href=\"https:\/\/www.skppsc.ch\/de\/wie-erreicht-die-polizei-seniorinnen-und-senioren-mit-ihrer-praeventionsarbeit\/\" class=\"post-preview-link\"><\/a><\/div><\/li><\/ul>\n\n\n<div class=\"cybercrime-content-container\">\n\t\t\t\t\t\t\t\t\t\t<ul class=\"cybercrime-messages\"><li class=\"cybercrime-message\">\n\t\t\t\t\t\t\t\t\t\t\t<a href=\"https:\/\/cybercrimepolice.ch\/de\/faelle\/phishing-im-namen-von-metamask-zielt-auf-ihre-wallet-daten-ab\" target=\"_blank\" class=\"cybercrime-message-link\">\n\t\t\t\t\t\t\t\t\t\t\t\t<time datetime=\"2026-04-22T13:30:00Z\">22.04.2026:<\/time>\n\t\t\t\t\t\t\t\t\t\t\t\t<strong>Phishing im Namen von MetaMask zielt auf Ihre Wallet-Daten ab<\/strong>\n\t\t\t\t\t\t\t\t\t\t\t<\/a>\n\t\t\t\t\t\t\t\t\t\t<\/li><li class=\"cybercrime-message\">\n\t\t\t\t\t\t\t\t\t\t\t<a href=\"https:\/\/cybercrimepolice.ch\/de\/faelle\/datendiebstahl-bei-einer-mietbewerbung-ueber-ein-gefaelschtes-online-formular\" target=\"_blank\" class=\"cybercrime-message-link\">\n\t\t\t\t\t\t\t\t\t\t\t\t<time datetime=\"2026-04-15T13:30:00Z\">15.04.2026:<\/time>\n\t\t\t\t\t\t\t\t\t\t\t\t<strong>Datendiebstahl bei einer Mietbewerbung \u00fcber ein gef\u00e4lschtes Online-Formular<\/strong>\n\t\t\t\t\t\t\t\t\t\t\t<\/a>\n\t\t\t\t\t\t\t\t\t\t<\/li><li class=\"cybercrime-message\">\n\t\t\t\t\t\t\t\t\t\t\t<a href=\"https:\/\/cybercrimepolice.ch\/de\/faelle\/gefaelschte-zahlungsbestaetigungen-bei-verkaeufen-ueber-tutti-ch\" target=\"_blank\" class=\"cybercrime-message-link\">\n\t\t\t\t\t\t\t\t\t\t\t\t<time datetime=\"2026-04-08T13:30:00Z\">08.04.2026:<\/time>\n\t\t\t\t\t\t\t\t\t\t\t\t<strong>Gef\u00e4lschte Zahlungsbest\u00e4tigungen bei Verk\u00e4ufen \u00fcber tutti.ch<\/strong>\n\t\t\t\t\t\t\t\t\t\t\t<\/a>\n\t\t\t\t\t\t\t\t\t\t<\/li><\/ul>\n\t\t\t\t\t\t\t\t\t\t<div class=\"cybercrime-footer\">\n\t\t\t\t\t\t\t\t\t\t\t<a href=\"https:\/\/cybercrimepolice.ch\/de\/\" target=\"_blank\" title=\"Betrieben durch die Kantonspolizei Z\u00fcrich\">cybercrimepolice.ch<\/a>\n\t\t\t\t\t\t\t\t\t\t<\/div>\n\t\t\t\t\t\t\t\t\t<\/div>\n\n\n<ul class=\"subcontent-items sub-content-items display-mode-tiles \"><li class=\"sub-content-item display-mode-tiles\">\n\t\t\t\t\t\t\t\t\t\t\t<a href=\"https:\/\/www.skppsc.ch\/de\/themen\/gewalt\/\" class=\"tile-item-link\">Gewalt<\/a>\n\t\t\t\t\t\t\t\t\t\t<\/li>\n\n<li class=\"sub-content-item display-mode-tiles\">\n\t\t\t\t\t\t\t\t\t\t\t<a href=\"https:\/\/www.skppsc.ch\/de\/themen\/sexuelle-gewalt\/\" class=\"tile-item-link\">Sexuelle Gewalt<\/a>\n\t\t\t\t\t\t\t\t\t\t<\/li>\n\n<li class=\"sub-content-item display-mode-tiles\">\n\t\t\t\t\t\t\t\t\t\t\t<a href=\"https:\/\/www.skppsc.ch\/de\/themen\/betrug\/\" class=\"tile-item-link\">Betrug<\/a>\n\t\t\t\t\t\t\t\t\t\t<\/li>\n\n<li class=\"sub-content-item display-mode-tiles\">\n\t\t\t\t\t\t\t\t\t\t\t<a href=\"https:\/\/www.skppsc.ch\/de\/themen\/internet\/\" class=\"tile-item-link\">Internet<\/a>\n\t\t\t\t\t\t\t\t\t\t<\/li>\n\n<li class=\"sub-content-item display-mode-tiles\">\n\t\t\t\t\t\t\t\t\t\t\t<a href=\"https:\/\/www.skppsc.ch\/de\/themen\/diebstahl\/\" class=\"tile-item-link\">Diebstahl<\/a>\n\t\t\t\t\t\t\t\t\t\t<\/li>\n\n<li class=\"sub-content-item display-mode-tiles\">\n\t\t\t\t\t\t\t\t\t\t\t<a href=\"https:\/\/www.skppsc.ch\/de\/themen\/einbruch\/\" class=\"tile-item-link\">Einbruch<\/a>\n\t\t\t\t\t\t\t\t\t\t<\/li><\/ul>\n<\/div><\/div><\/body><\/html>","protected":false},"excerpt":{"rendered":"","protected":false},"author":1,"featured_media":160,"parent":0,"menu_order":0,"comment_status":"closed","ping_status":"closed","template":"like-front-page.php","meta":{"showSharingButtons":false,"skp-theme-color":"","_subtitle":"","alternative_title":"","seoDescription":"Die Schweizerische Kriminalpr\u00e4vention (SKP) ist das Kompetenzzentrum f\u00fcr Pr\u00e4ventionsarbeit und verantwortlich f\u00fcr nationale Kampagnen zur Kriminalpr\u00e4vention.","seoKeywords":"Schweizerische Kriminalpr\u00e4vention, kriminalpr\u00e4vention, kriminalpr\u00e4vention schweiz","seoTitle":"SKP - Schweizerische Kriminalpr\u00e4vention","featuredVideoEmbedCode":"","featuredYoutubeVideoId":"","notes":"Neue Startseite ab 2025","redirectToPostId":0,"skp-further-information":"","hideTile":false,"pageType":"","editor_notices":[],"footnotes":""},"topic":[],"class_list":["post-3848","page","type-page","status-publish","has-post-thumbnail","hentry"],"aioseo_notices":[],"_links":{"self":[{"href":"https:\/\/www.skppsc.ch\/de\/wp-json\/wp\/v2\/pages\/3848","targetHints":{"allow":["GET"]}}],"collection":[{"href":"https:\/\/www.skppsc.ch\/de\/wp-json\/wp\/v2\/pages"}],"about":[{"href":"https:\/\/www.skppsc.ch\/de\/wp-json\/wp\/v2\/types\/page"}],"author":[{"embeddable":true,"href":"https:\/\/www.skppsc.ch\/de\/wp-json\/wp\/v2\/users\/1"}],"replies":[{"embeddable":true,"href":"https:\/\/www.skppsc.ch\/de\/wp-json\/wp\/v2\/comments?post=3848"}],"version-history":[{"count":0,"href":"https:\/\/www.skppsc.ch\/de\/wp-json\/wp\/v2\/pages\/3848\/revisions"}],"wp:featuredmedia":[{"embeddable":true,"href":"https:\/\/www.skppsc.ch\/de\/wp-json\/wp\/v2\/media\/160"}],"wp:attachment":[{"href":"https:\/\/www.skppsc.ch\/de\/wp-json\/wp\/v2\/media?parent=3848"}],"wp:term":[{"taxonomy":"topic","embeddable":true,"href":"https:\/\/www.skppsc.ch\/de\/wp-json\/wp\/v2\/topic?post=3848"}],"curies":[{"name":"wp","href":"https:\/\/api.w.org\/{rel}","templated":true}]}}