{"id":3855,"date":"2024-10-03T12:09:19","date_gmt":"2024-10-03T10:09:19","guid":{"rendered":"https:\/\/www.skppsc.ch\/de\/?page_id=3855"},"modified":"2024-12-19T10:59:53","modified_gmt":"2024-12-19T09:59:53","slug":"netzwerk-kontakte","status":"publish","type":"page","link":"https:\/\/www.skppsc.ch\/de\/netzwerke\/brueckenbauer\/netzwerk-kontakte\/","title":{"rendered":"Netzwerk \/ Kontakte"},"content":{"rendered":"<html><body><div class=\"default-container content-part\"><div class=\"inner-padding\">\n<p>Schweizweit intensivieren st\u00e4dtische und\/oder kantonale Polizeiorgane die Vernetzung, den Aufbau von guten Beziehungen und das Vertrauen zu ausl\u00e4ndischen Gemeinschaften und verschiedenen Vereinigungen.<\/p>\n\n\n\n<p>Besondere Aufmerksamkeit wird dabei auf die Kontaktpflege zu (Kultur-)Vereinen und Organisationen (z. B. Asylorganisationen) gelegt. Auf diese Weise wird beidseitiges Vertrauen aufgebaut, das Netzwerk gepflegt und sicherheitspolitische Anliegen werden diskutiert. Manche Polizeikorps nennen die Wahrnehmung dieser Aufgaben \u00abpolizeiliche Br\u00fcckenbauer\u00bb.<\/p>\n\n\n\n<p>Polizeiliche Br\u00fcckenbauerinnen und Br\u00fcckenbauer unterst\u00fctzen Bestrebungen, die das gegenseitige Verst\u00e4ndnis zwischen der schweizerischen und der ausl\u00e4ndischen Bev\u00f6lkerung und deren Zusammenleben erleichtern und kl\u00e4ren die ausl\u00e4ndisch st\u00e4mmige Bev\u00f6lkerung \u00fcber Rechte und Pflichten auf.<\/p>\n\n\n\n<\/div><\/div><div class=\"default-container content-part replaced-hr\"><div class=\"inner-padding\">\n\n\n\n<h4 class=\"wp-block-heading\">In der folgenden Liste finden Sie die Informationen nach Kantonen geordnet, sofern vorhanden.<\/h4>\n\n\n\n<p><a href=\"https:\/\/www.police.be.ch\/de\/start\/dienstleistungen\/beratung--referate--schulungen.html\" target=\"_blank\" rel=\"noreferrer noopener\">Br\u00fcckenbauer der Kantonspolizei Bern<\/a><\/p>\n\n\n\n<p><a href=\"https:\/\/polizei.lu.ch\/praevention\/Brueckenbauer\" target=\"_blank\" rel=\"noreferrer noopener\">Br\u00fcckenbauer der Luzerner Polizei<\/a><\/p>\n\n\n\n<p><a href=\"https:\/\/stadt.winterthur.ch\/gemeinde\/verwaltung\/sicherheit-und-umwelt\/stadtpolizei\/unsere-dienste\/brueckenbauer\" target=\"_blank\" rel=\"noreferrer noopener\">Br\u00fcckenbauer der Stadtpolizei Winterthur<\/a><\/p>\n\n\n\n<p><a href=\"https:\/\/www.zh.ch\/de\/sicherheit-justiz\/delikte-praevention\/interkulturelles-netzwerk.html\" data-type=\"link\" data-id=\"https:\/\/www.zh.ch\/de\/sicherheit-justiz\/delikte-praevention\/interkulturelles-netzwerk.html\" target=\"_blank\" rel=\"noreferrer noopener\">Interkulturelles Netzwerk der Kantonspolizei Z\u00fcrich<\/a><\/p>\n\n\n\n<p><a href=\"https:\/\/www.stadt-zuerich.ch\/pd\/de\/index\/stadtpolizei_zuerich\/praevention\/fachstelle-brueckenbauer.html\" target=\"_blank\" rel=\"noreferrer noopener\">Fachstelle Br\u00fcckenbauer der Stadtpolizei Z\u00fcrich<\/a><\/p>\n\n\n\n<p><\/p>\n<\/div><\/div><\/body><\/html>","protected":false},"excerpt":{"rendered":"<p>Schweizweit intensivieren st\u00e4dtische und\/oder kantonale Polizeiorgane die Vernetzung, den Aufbau von guten Beziehungen und das Vertrauen zu ausl\u00e4ndischen Gemeinschaften und verschiedenen Vereinigungen. Besondere Aufmerksamkeit wird dabei auf die Kontaktpflege zu (Kultur-)Vereinen und Organisationen (z. B. Asylorganisationen) gelegt. Auf diese Weise wird beidseitiges Vertrauen aufgebaut, das Netzwerk gepflegt und sicherheitspolitische Anliegen werden diskutiert. Manche Polizeikorps nennen [&hellip;]<\/p>\n","protected":false},"author":349,"featured_media":3856,"parent":3853,"menu_order":0,"comment_status":"closed","ping_status":"closed","template":"","meta":{"showSharingButtons":false,"skp-theme-color":"two","_subtitle":"","alternative_title":"","seoDescription":"","seoKeywords":"","seoTitle":"","featuredVideoEmbedCode":"","featuredYoutubeVideoId":"","notes":"","redirectToPostId":0,"skp-further-information":"","hideTile":false,"pageType":"","editor_notices":[],"footnotes":""},"topic":[],"class_list":["post-3855","page","type-page","status-publish","has-post-thumbnail","hentry"],"aioseo_notices":[],"_links":{"self":[{"href":"https:\/\/www.skppsc.ch\/de\/wp-json\/wp\/v2\/pages\/3855","targetHints":{"allow":["GET"]}}],"collection":[{"href":"https:\/\/www.skppsc.ch\/de\/wp-json\/wp\/v2\/pages"}],"about":[{"href":"https:\/\/www.skppsc.ch\/de\/wp-json\/wp\/v2\/types\/page"}],"author":[{"embeddable":true,"href":"https:\/\/www.skppsc.ch\/de\/wp-json\/wp\/v2\/users\/349"}],"replies":[{"embeddable":true,"href":"https:\/\/www.skppsc.ch\/de\/wp-json\/wp\/v2\/comments?post=3855"}],"version-history":[{"count":0,"href":"https:\/\/www.skppsc.ch\/de\/wp-json\/wp\/v2\/pages\/3855\/revisions"}],"up":[{"embeddable":true,"href":"https:\/\/www.skppsc.ch\/de\/wp-json\/wp\/v2\/pages\/3853"}],"wp:featuredmedia":[{"embeddable":true,"href":"https:\/\/www.skppsc.ch\/de\/wp-json\/wp\/v2\/media\/3856"}],"wp:attachment":[{"href":"https:\/\/www.skppsc.ch\/de\/wp-json\/wp\/v2\/media?parent=3855"}],"wp:term":[{"taxonomy":"topic","embeddable":true,"href":"https:\/\/www.skppsc.ch\/de\/wp-json\/wp\/v2\/topic?post=3855"}],"curies":[{"name":"wp","href":"https:\/\/api.w.org\/{rel}","templated":true}]}}