{"id":45,"date":"2016-11-07T10:26:06","date_gmt":"2016-11-07T09:26:06","guid":{"rendered":"https:\/\/www.skppsc.ch\/de\/?page_id=45"},"modified":"2016-12-21T16:38:21","modified_gmt":"2016-12-21T15:38:21","slug":"kontakt-zur-polizei","status":"publish","type":"page","link":"https:\/\/www.skppsc.ch\/de\/kontakt-zur-polizei\/","title":{"rendered":"Kontakt zu Ihrer Stadt- und Kantonspolizei und der Landespolizei F\u00fcrstentum Liechtenstein"},"content":{"rendered":"<html><body><div class=\"default-container content-part\"><div class=\"inner-padding\"><p><strong>Verst\u00e4ndigen Sie bei einem Notfall unverz\u00fcglich die Polizei unter der Nummer 117!<\/strong><\/p>\n<p>M\u00f6chten Sie Brosch\u00fcren, Faltbl\u00e4tter oder Postkarten der Schweizerischen Kriminalpr\u00e4vention bestellen? M\u00f6chten Sie eine polizeiliche Sicherheitsberatung in Anspruch nehmen oder sich \u00fcber kriminalpolizeiliche Pr\u00e4vention in Ihrer Region informieren? Dann kontaktieren Sie Ihre Polizei.<\/p>\n<p>Haben Sie die gesuchte Adresse nicht gefunden? Nehmen Sie mit uns <a href=\"https:\/\/www.skppsc.ch\/de\/kontakt\/\" target=\"_blank\">Kontakt<\/a> auf.<\/p>\n<\/div><\/div><\/body><\/html>","protected":false},"excerpt":{"rendered":"<p>Verst\u00e4ndigen Sie bei einem Notfall unverz\u00fcglich die Polizei unter der Nummer 117! M\u00f6chten Sie Brosch\u00fcren, Faltbl\u00e4tter oder Postkarten der Schweizerischen Kriminalpr\u00e4vention bestellen? M\u00f6chten Sie eine polizeiliche Sicherheitsberatung in Anspruch nehmen oder sich \u00fcber kriminalpolizeiliche Pr\u00e4vention in Ihrer Region informieren? Dann kontaktieren Sie Ihre Polizei. Haben Sie die gesuchte Adresse nicht gefunden? Nehmen Sie mit uns [&hellip;]<\/p>\n","protected":false},"author":1,"featured_media":415,"parent":0,"menu_order":60,"comment_status":"closed","ping_status":"closed","template":"police.php","meta":{"showSharingButtons":false,"skp-theme-color":"default","_subtitle":"","alternative_title":"","seoDescription":"","seoKeywords":"","seoTitle":"","featuredVideoEmbedCode":"","featuredYoutubeVideoId":"","notes":"","redirectToPostId":0,"skp-further-information":"","hideTile":false,"pageType":"","editor_notices":[],"footnotes":""},"topic":[],"class_list":["post-45","page","type-page","status-publish","has-post-thumbnail","hentry"],"aioseo_notices":[],"_links":{"self":[{"href":"https:\/\/www.skppsc.ch\/de\/wp-json\/wp\/v2\/pages\/45","targetHints":{"allow":["GET"]}}],"collection":[{"href":"https:\/\/www.skppsc.ch\/de\/wp-json\/wp\/v2\/pages"}],"about":[{"href":"https:\/\/www.skppsc.ch\/de\/wp-json\/wp\/v2\/types\/page"}],"author":[{"embeddable":true,"href":"https:\/\/www.skppsc.ch\/de\/wp-json\/wp\/v2\/users\/1"}],"replies":[{"embeddable":true,"href":"https:\/\/www.skppsc.ch\/de\/wp-json\/wp\/v2\/comments?post=45"}],"version-history":[{"count":0,"href":"https:\/\/www.skppsc.ch\/de\/wp-json\/wp\/v2\/pages\/45\/revisions"}],"wp:featuredmedia":[{"embeddable":true,"href":"https:\/\/www.skppsc.ch\/de\/wp-json\/wp\/v2\/media\/415"}],"wp:attachment":[{"href":"https:\/\/www.skppsc.ch\/de\/wp-json\/wp\/v2\/media?parent=45"}],"wp:term":[{"taxonomy":"topic","embeddable":true,"href":"https:\/\/www.skppsc.ch\/de\/wp-json\/wp\/v2\/topic?post=45"}],"curies":[{"name":"wp","href":"https:\/\/api.w.org\/{rel}","templated":true}]}}