{"id":4699,"date":"2026-04-15T13:49:22","date_gmt":"2026-04-15T11:49:22","guid":{"rendered":"https:\/\/www.skppsc.ch\/de\/?page_id=4699"},"modified":"2026-04-30T14:18:32","modified_gmt":"2026-04-30T12:18:32","slug":"fahrzeug-und-velodiebstahl","status":"publish","type":"page","link":"https:\/\/www.skppsc.ch\/de\/themen\/diebstahl\/fahrzeug-und-velodiebstahl\/","title":{"rendered":"Fahrzeug- und\u00a0Velodiebstahl"},"content":{"rendered":"<html><body><div class=\"default-container content-part\"><div class=\"inner-padding\"><p class=\"post-excerpt\">Trotz modernen Schliess- und Sicherungstechniken werden nach wie vor viele Autos entwendet. Dabei fallen nicht nur Fahrzeuge der h\u00f6heren Preisklassen dem (organisierten) Autodiebstahl zum Opfer, sondern auch Fahrzeuge der Mittelklasse, die weniger aufw\u00e4ndig gesichert sind und im Ausland leicht abgesetzt werden k\u00f6nnen. Was Zweir\u00e4der betrifft, so kann man zum einen beobachten, dass ganz gezielt teure und exklusive Velos und Motorr\u00e4der gestohlen werden. Zum anderen werden aber auch sehr h\u00e4ufig alte und \u00abnormale\u00bb Zweir\u00e4der entwendet.<\/p>\n\n<\/div><\/div><div class=\"default-container content-part   \" style=\";\"><div class=\"inner-padding\">\n\n\n<h2 class=\"wp-block-heading foreground-primary\">Definition und Rechtslage<\/h2>\n\n\n\n<p>Laut Schweizerischem Strafgesetzbuch (StGB) Art. 139 liegt ein Diebstahl vor, wenn jemand eine fremde, bewegliche Sache einer anderen Person zur Aneignung wegnimmt, um sich oder einen Dritten unrechtm\u00e4ssig zu bereichern:<\/p>\n\n\n\n<ul class=\"wp-block-list\">\n<li>Damit ein Diebstahl vorliegt, muss folglich eine Bereicherungsabsicht vorhanden sein. Wer z.B. jemandem eine Waffe in der Absicht wegnimmt, die Person vor sich selbst zu sch\u00fctzen, begeht keinen Diebstahl.<\/li>\n\n\n\n<li>Es handelt sich nur dann um einen Diebstahl, wenn die Person mit Vorsatz handelte. Damit der Vorsatz erf\u00fcllt ist, musste die Diebin bzw. der Dieb zum Tatzeitpunkt wissen, was sie\/er tat und es tun wollen. Wer im Glauben, es sei das eigene Smartphone, ein fremdes Handy einsteckt, begeht ebenso wenig einen Diebstahl wie eine Person, die z.B. unter Androhung von Gewalt dazu gezwungen wird, einen Diebstahl zu begehen.<\/li>\n<\/ul>\n\n\n\n<p>Diebstahl nach Art. 139 StGB ist ein Offizialdelikt und wird von der Polizei von Amtes wegen verfolgt, sobald sie Kenntnis davon hat.<\/p>\n\n\n<\/div><\/div><div class=\"default-container content-part   \" style=\";\"><div class=\"inner-padding\">\n\n\n<h2 class=\"wp-block-heading foreground-primary\">Wie kann ich mich sch\u00fctzen?<\/h2>\n\n\n\n<p><strong>Beim Autodiebstahl:<\/strong><\/p>\n\n\n\n<ul class=\"wp-block-list\">\n<li>Benutzen Sie gut beleuchtete und \u00fcbersichtliche Parkpl\u00e4tze.<\/li>\n\n\n\n<li>Ziehen Sie den Z\u00fcndschl\u00fcssel ab und sperren Sie das Lenkrad, wenn Sie Ihren Wagen verlassen.<\/li>\n\n\n\n<li>Schliessen Sie Ihre Fahrzeugschl\u00fcssel am Arbeitsplatz, im Fitnesscenter etc. immer ein.<\/li>\n<\/ul>\n\n\n\n<p><strong>Beim Velo- und Motorraddiebstahl:<\/strong><\/p>\n\n\n\n<ul class=\"wp-block-list\">\n<li>Sichern Sie Ihr Zweirad immer mit einem gepr\u00fcften Sicherheitsschloss.<\/li>\n\n\n\n<li>Schliessen Sie beim Motorrad das Lenkradschloss immer ab und ziehen Sie den Z\u00fcndschl\u00fcssel.<\/li>\n\n\n\n<li>Befestigen Sie den Rahmen Ihres Velos so an einem im Boden verankerten Gegenstand (z.B. Zaun, Pfosten), dass es nicht ausgef\u00e4delt und davongetragen werden kann.<\/li>\n\n\n\n<li>Velos k\u00f6nnen auch in Gruppen zusammengeschlossen werden.<\/li>\n\n\n\n<li>Bewahren Sie das Velo oder Motorrad nach M\u00f6glichkeit in einem verschlossenen oder \u00fcberwachten Raum auf.<\/li>\n\n\n\n<li>Vergessen Sie nicht, Ihr Velo zu sichern, wenn Sie es auf dem Autodach oder am Heck des Autos transportieren.<\/li>\n\n\n\n<li>Notieren Sie sich die Rahmennummer, Marke und Farbe Ihres Velos. Am besten nutzen Sie die Dienstleistungen eines Anbieters wie\u00a0<a href=\"https:\/\/velofinder.ch\/willkommen?locale=de\" target=\"_blank\" rel=\"noreferrer noopener\">Velofinder<\/a> oder <a href=\"https:\/\/www.velo-vignette.ch\/de\/\" target=\"_blank\" rel=\"noopener\" title=\"\">Velo-Vignette<\/a>.<\/li>\n<\/ul>\n\n\n<\/div><\/div><div class=\"default-container content-part   \" style=\";\"><div class=\"inner-padding\">\n\n\n<h2 class=\"wp-block-heading foreground-primary\">Was tut die Polizei?<\/h2>\n\n\n\n<p>Melden Sie den Diebstahl umgehend der Polizei! Beim Velodiebstahl kann die Anzeige in vielen Kantonen <a href=\"https:\/\/suisse-epolice.ch\/epolice\/\" target=\"_blank\" rel=\"noreferrer noopener\">online<\/a>\u00a0erstattet werden. Sie ben\u00f6tigen dazu Marke\/Typ, Farbe, den Namen Ihrer Hausratsversicherung sowie einen g\u00fcltigen Personalausweis und bei Velos die Rahmennummer.<\/p>\n\n\n\n<p>Diebst\u00e4hle werden in den jeweiligen polizeilichen Datenbanken erfasst. Wenn die Polizei Diebesgut beschlagnahmt oder findet, versucht sie es mit Hilfe der Datenbankeintr\u00e4ge zuzuordnen und der Besitzerin oder dem Besitzer zur\u00fcckzugeben. Es ist wichtig, Diebst\u00e4hle der Polizei zu melden, auch aus Versicherungsgr\u00fcnden. Sie kann so feststellen, in welchen Gebieten sich derzeit besonders viele Diebinnen und Diebe aufhalten und mit welchen Tricks derzeit viele Leute bestohlen werden. Mit diesem Wissen k\u00f6nnen die kantonalen und st\u00e4dtischen Polizeikorps gezielt Pr\u00e4vention betreiben und besonders gef\u00e4hrdete Bev\u00f6lkerungsgruppen warnen sowie ihre Pr\u00e4senz an bestimmten Orten verst\u00e4rken.<\/p>\n\n\n\n<\/div><\/div><div class=\"full content-part post-name-keine-chance-fuer-velo-diebe  post-type-download\"><div class=\"inner-padding\"><p class=\"featured-image download hide-on-mobile\"><a href=\"https:\/\/www.skppsc.ch\/de\/wp-content\/uploads\/sites\/2\/2023\/01\/faltblatt_velodiebe.pdf\" download target=\"_blank\"><img loading=\"lazy\" decoding=\"async\" width=\"640\" height=\"908\" src=\"https:\/\/www.skppsc.ch\/de\/wp-content\/uploads\/sites\/2\/2023\/01\/velodiebe-640x908.jpg\" class=\"attachment-skp-thumbnail-keep-ratio size-skp-thumbnail-keep-ratio wp-post-image\" alt=\"\" srcset=\"https:\/\/www.skppsc.ch\/de\/wp-content\/uploads\/sites\/2\/2023\/01\/velodiebe-640x908.jpg 640w, https:\/\/www.skppsc.ch\/de\/wp-content\/uploads\/sites\/2\/2023\/01\/velodiebe-211x300.jpg 211w, https:\/\/www.skppsc.ch\/de\/wp-content\/uploads\/sites\/2\/2023\/01\/velodiebe-722x1024.jpg 722w, https:\/\/www.skppsc.ch\/de\/wp-content\/uploads\/sites\/2\/2023\/01\/velodiebe-768x1090.jpg 768w, https:\/\/www.skppsc.ch\/de\/wp-content\/uploads\/sites\/2\/2023\/01\/velodiebe.jpg 800w\" sizes=\"auto, (max-width: 640px) 100vw, 640px\"><\/a><\/p><div class=\"remaining-content\"><h2 class=\"sub-content-title  foreground-primary foreground-primary\">Keine Chance f\u00fcr Velo-Diebe!<\/h2><h3 class=\"sub-content-subtitle \">Wie Sie Ihr Velo optimal sichern<\/h3><p><!-- wp:paragraph --><\/p>\n<p>Immer mehr Menschen nutzen Bikes und E-Bikes als Alternative zu Auto, Bus und Bahn. Doch \u00adVorsicht: Je besser, luxuri\u00f6ser und teurer Ihr Velo ist, desto \u00adgr\u00f6sser ist auch das Interesse von Dieben daran. Einen 100%-igen Schutz vor Diebstahl gibt es nat\u00fcrlich nicht, aber umso mehr und umso bes\u00adsere Sicherungsmassnahmen Sie anwenden, umso unattrak\u00adtiver wird Ihr Velo f\u00fcr Diebe. Hier gilt: \u00abMehr ist mehr.\u00bb<\/p>\n<p><!-- \/wp:paragraph --><\/p>\n<p><!-- wp:file {\"id\":3087,\"href\":\"https:\/\/www.skppsc.ch\/de\/wp-content\/uploads\/sites\/2\/2023\/01\/faltblatt_velodiebe.pdf\",\"displayPreview\":true} --><\/p>\n\n<p><!-- \/wp:file --><\/p>\n<p class=\"featured-image download mobile-only\"><a href=\"https:\/\/www.skppsc.ch\/de\/wp-content\/uploads\/sites\/2\/2023\/01\/faltblatt_velodiebe.pdf\" download target=\"_blank\"><img loading=\"lazy\" decoding=\"async\" width=\"640\" height=\"908\" src=\"https:\/\/www.skppsc.ch\/de\/wp-content\/uploads\/sites\/2\/2023\/01\/velodiebe-640x908.jpg\" class=\"attachment-skp-thumbnail-keep-ratio size-skp-thumbnail-keep-ratio wp-post-image\" alt=\"\" srcset=\"https:\/\/www.skppsc.ch\/de\/wp-content\/uploads\/sites\/2\/2023\/01\/velodiebe-640x908.jpg 640w, https:\/\/www.skppsc.ch\/de\/wp-content\/uploads\/sites\/2\/2023\/01\/velodiebe-211x300.jpg 211w, https:\/\/www.skppsc.ch\/de\/wp-content\/uploads\/sites\/2\/2023\/01\/velodiebe-722x1024.jpg 722w, https:\/\/www.skppsc.ch\/de\/wp-content\/uploads\/sites\/2\/2023\/01\/velodiebe-768x1090.jpg 768w, https:\/\/www.skppsc.ch\/de\/wp-content\/uploads\/sites\/2\/2023\/01\/velodiebe.jpg 800w\" sizes=\"auto, (max-width: 640px) 100vw, 640px\"><\/a><\/p><div class=\"download-bottom-actions \"><a href=\"https:\/\/www.skppsc.ch\/de\/wp-content\/uploads\/sites\/2\/2023\/01\/faltblatt_velodiebe.pdf\" download target=\"_blank\" class=\"large skp-icon skp-download-pdf download-icon \" title=\"\"><span class=\"link-text\"><\/span><\/a><u-add-to-cart :options='[{\"id\":3085,\"title\":\"Keine Chance f\\u00fcr Velo-Diebe!\",\"byline\":\"Faltblatt A5, 4 Seiten, 2022\",\"lang\":\"de\",\"siteId\":2,\"cartHash\":\"mhd\",\"amount\":0,\"max\":\"9999\",\"articleNumber\":\"10083\"},{\"id\":1853,\"title\":\"\\u00c9chec aux voleurs de v\\u00e9los\\u2009!\",\"byline\":\"D\\u00e9pliant, A5, 4 pages, 2022\",\"lang\":\"fr\",\"siteId\":5,\"cartHash\":\"1ikd\",\"amount\":0,\"max\":\"9999\",\"articleNumber\":\"20083\"},{\"id\":1760,\"title\":\"Non date scampo ai ladri di biciclette!\",\"byline\":\"Pieghevole, A5, 4 pagine, 2022\",\"lang\":\"it\",\"siteId\":7,\"cartHash\":\"262g\",\"amount\":0,\"max\":\"9999\",\"articleNumber\":\"30083\"}]' :is-logged-in=\"false\" login-url=\"https:\/\/www.skppsc.ch\/de\/wp-login.php?redirect_to=https%3A%2F%2Fwww.skppsc.ch%2Fde%2Fwp-json%2Fwp%2Fv2%2Fpages%2F4699%3Fpr%3Dmhd%23mhd\" police-url=\"https:\/\/www.skppsc.ch\/de\/kontakt-zur-polizei\/\" :initially-opened=\"false\"><\/u-add-to-cart><\/div><\/div><\/div><\/div><div class=\"default-container content-part\"><div class=\"inner-padding\">\n<\/div><\/div><\/body><\/html>","protected":false},"excerpt":{"rendered":"<p>Trotz modernen Schliess- und Sicherungstechniken werden nach wie vor viele Autos entwendet. Dabei fallen nicht nur Fahrzeuge der h\u00f6heren Preisklassen dem (organisierten) Autodiebstahl zum Opfer, sondern auch Fahrzeuge der Mittelklasse, die weniger aufw\u00e4ndig gesichert sind und im Ausland leicht abgesetzt werden k\u00f6nnen. Was Zweir\u00e4der betrifft, so kann man zum einen beobachten, dass ganz gezielt teure und exklusive Velos und Motorr\u00e4der gestohlen werden. Zum anderen werden aber auch sehr h\u00e4ufig alte und \u00abnormale\u00bb Zweir\u00e4der entwendet.<\/p>\n","protected":false},"author":385,"featured_media":773,"parent":146,"menu_order":1,"comment_status":"closed","ping_status":"closed","template":"","meta":{"showSharingButtons":false,"skp-theme-color":"seven","_subtitle":"","alternative_title":"Fahrzeug- und\u00a0Velo&shy;diebstahl","seoDescription":"","seoKeywords":"","seoTitle":"","featuredVideoEmbedCode":"","featuredYoutubeVideoId":"","notes":"","redirectToPostId":0,"skp-further-information":"H\u00e4ufige Fragen zu <a href=\"https:\/\/www.skppsc.ch\/de\/haeufige-fragen\/fokus\/diebstahl-diebstahl#diebstahl-diebstahl\" target=\"_blank\" rel=\"noopener\" title=\"\">\u00abDiebstahl\u00bb<\/a>","hideTile":false,"pageType":"","editor_notices":[],"footnotes":""},"topic":[26],"class_list":["post-4699","page","type-page","status-publish","has-post-thumbnail","hentry","topic-diebstahl-diebstahl"],"aioseo_notices":[],"_links":{"self":[{"href":"https:\/\/www.skppsc.ch\/de\/wp-json\/wp\/v2\/pages\/4699","targetHints":{"allow":["GET"]}}],"collection":[{"href":"https:\/\/www.skppsc.ch\/de\/wp-json\/wp\/v2\/pages"}],"about":[{"href":"https:\/\/www.skppsc.ch\/de\/wp-json\/wp\/v2\/types\/page"}],"author":[{"embeddable":true,"href":"https:\/\/www.skppsc.ch\/de\/wp-json\/wp\/v2\/users\/385"}],"replies":[{"embeddable":true,"href":"https:\/\/www.skppsc.ch\/de\/wp-json\/wp\/v2\/comments?post=4699"}],"version-history":[{"count":0,"href":"https:\/\/www.skppsc.ch\/de\/wp-json\/wp\/v2\/pages\/4699\/revisions"}],"up":[{"embeddable":true,"href":"https:\/\/www.skppsc.ch\/de\/wp-json\/wp\/v2\/pages\/146"}],"wp:featuredmedia":[{"embeddable":true,"href":"https:\/\/www.skppsc.ch\/de\/wp-json\/wp\/v2\/media\/773"}],"wp:attachment":[{"href":"https:\/\/www.skppsc.ch\/de\/wp-json\/wp\/v2\/media?parent=4699"}],"wp:term":[{"taxonomy":"topic","embeddable":true,"href":"https:\/\/www.skppsc.ch\/de\/wp-json\/wp\/v2\/topic?post=4699"}],"curies":[{"name":"wp","href":"https:\/\/api.w.org\/{rel}","templated":true}]}}