{"id":4708,"date":"2026-04-30T13:19:28","date_gmt":"2026-04-30T11:19:28","guid":{"rendered":"https:\/\/www.skppsc.ch\/de\/?page_id=4708"},"modified":"2026-04-30T14:20:55","modified_gmt":"2026-04-30T12:20:55","slug":"diebstahl-aus-fahrzeugen","status":"publish","type":"page","link":"https:\/\/www.skppsc.ch\/de\/themen\/diebstahl\/diebstahl-aus-fahrzeugen\/","title":{"rendered":"Diebstahl aus Fahrzeugen"},"content":{"rendered":"<html><body><div class=\"default-container content-part\"><div class=\"inner-padding\"><p class=\"post-excerpt\">Bei vielen Fahrzeugen k\u00f6nnen Diebinnen und Diebe problemlos ins Wageninnere sehen und so einsch\u00e4tzen, ob es sich lohnt, das Fahrzeug aufzubrechen. Oft wird einfach eine Seitenscheibe eingeschlagen und danach die T\u00fcr entriegelt: Innert Sekunden oder Minuten sind Autoradios und Navigationsger\u00e4te sowie Wertgegenst\u00e4nde (Mobiltelefon, Laptops, teure Sonnenbrillen etc.) entfernt.<\/p>\n\n<\/div><\/div><div class=\"default-container content-part   \" style=\";\"><div class=\"inner-padding\">\n\n\n<h2 class=\"wp-block-heading foreground-primary\">Definition und Rechtslage<\/h2>\n\n\n\n<p>Laut Schweizerischem Strafgesetzbuch (StGB) Art. 139 liegt ein Diebstahl vor, wenn jemand eine fremde, bewegliche Sache einer anderen Person zur Aneignung wegnimmt, um sich oder einen Dritten unrechtm\u00e4ssig zu bereichern:<\/p>\n\n\n\n<ul class=\"wp-block-list\">\n<li>Damit ein Diebstahl vorliegt, muss folglich eine Bereicherungsabsicht vorhanden sein. Wer z.B. jemandem eine Waffe in der Absicht wegnimmt, die Person vor sich selbst zu sch\u00fctzen, begeht keinen Diebstahl.<\/li>\n\n\n\n<li>Es handelt sich nur dann um einen Diebstahl, wenn die Person mit Vorsatz handelte. Damit der Vorsatz erf\u00fcllt ist, musste die Diebin bzw. der Dieb zum Tatzeitpunkt wissen, was sie\/er tat und es tun wollen. Wer im Glauben, es sei das eigene Smartphone, ein fremdes Handy einsteckt, begeht ebenso wenig einen Diebstahl wie eine Person, die z.B. unter Androhung von Gewalt dazu gezwungen wird, einen Diebstahl zu begehen.<\/li>\n<\/ul>\n\n\n\n<p>Diebstahl nach Art. 139 StGB ist ein Offizialdelikt und wird von der Polizei von Amtes wegen verfolgt, sobald sie Kenntnis davon hat.<\/p>\n\n\n<\/div><\/div><div class=\"default-container content-part   \" style=\";\"><div class=\"inner-padding\">\n\n\n<h2 class=\"wp-block-heading foreground-primary\">Wie kann ich mich sch\u00fctzen?<\/h2>\n\n\n\n<ul class=\"wp-block-list\">\n<li>Nehmen Sie m\u00f6glichst immer alle Wertgegenst\u00e4nde und Ausweise aus dem Auto. Falls dies nicht m\u00f6glich ist, sollten sie nicht im Wageninnern sichtbar sein.<\/li>\n\n\n\n<li>Schliessen Sie immer alle Fenster und vergessen Sie dabei nicht das Schiebedach.<\/li>\n\n\n\n<li>Schliessen Sie beim Verlassen Ihres Fahrzeugs die T\u00fcren und den Kofferraum immer ab (auch in geschlossenen Garagen). Kontrollieren Sie, ob die T\u00fcren wirklich verriegelt sind.<\/li>\n\n\n\n<li>Nutzen Sie die Diebstahlsicherung der Fahrzeugschl\u00fcssel.<\/li>\n<\/ul>\n\n\n<\/div><\/div><div class=\"default-container content-part   \" style=\";\"><div class=\"inner-padding\">\n\n\n<h2 class=\"wp-block-heading foreground-primary\">Was tut die Polizei?<\/h2>\n\n\n\n<p>Melden Sie den Diebstahl umgehend der Polizei! Je nach gestohlenem Gegenstand kann die Anzeige in vielen Kantonen <a href=\"https:\/\/suisse-epolice.ch\/epolice\/\" target=\"_blank\" rel=\"noreferrer noopener\">online<\/a>\u00a0erstattet werden.<\/p>\n\n\n\n<p>Diebst\u00e4hle werden in den jeweiligen polizeilichen Datenbanken erfasst. Wenn die Polizei Diebesgut beschlagnahmt oder findet, versucht sie es mit Hilfe der Datenbankeintr\u00e4ge zuzuordnen und der Besitzerin oder dem Besitzer zur\u00fcckzugeben. Wer Opfer von Diebenwurde, hat jedoch allgemein geringe Aussichten, seine Wertsachen zur\u00fcckzuerhalten. Es ist dennoch wichtig, Diebst\u00e4hle der Polizei zu melden, auch aus Versicherungsgr\u00fcnden. Sie kann so feststellen, in welchen Gebieten sich derzeit besonders viele Diebinnen und Diebe aufhalten und mit welchen Tricks derzeit viele Leute bestohlen werden. Mit diesem Wissen k\u00f6nnen die kantonalen und st\u00e4dtischen Polizeikorps gezielt Pr\u00e4vention betreiben und besonders gef\u00e4hrdete Bev\u00f6lkerungsgruppen warnen sowie ihre Pr\u00e4senz an bestimmten Orten verst\u00e4rken.<\/p>\n<\/div><\/div><\/body><\/html>","protected":false},"excerpt":{"rendered":"<p>Bei vielen Fahrzeugen k\u00f6nnen Diebinnen und Diebe problemlos ins Wageninnere sehen und so einsch\u00e4tzen, ob es sich lohnt, das Fahrzeug aufzubrechen. Oft wird einfach eine Seitenscheibe eingeschlagen und danach die T\u00fcr entriegelt: Innert Sekunden oder Minuten sind Autoradios und Navigationsger\u00e4te sowie Wertgegenst\u00e4nde (Mobiltelefon, Laptops, teure Sonnenbrillen etc.) entfernt.<\/p>\n","protected":false},"author":385,"featured_media":778,"parent":146,"menu_order":2,"comment_status":"closed","ping_status":"closed","template":"","meta":{"showSharingButtons":false,"skp-theme-color":"fourteen","_subtitle":"","alternative_title":"","seoDescription":"","seoKeywords":"","seoTitle":"","featuredVideoEmbedCode":"","featuredYoutubeVideoId":"","notes":"","redirectToPostId":0,"skp-further-information":"H\u00e4ufige Fragen zu <a href=\"https:\/\/www.skppsc.ch\/de\/haeufige-fragen\/fokus\/diebstahl-diebstahl#diebstahl-diebstahl\" target=\"_blank\" rel=\"noopener\" title=\"\">\u00abDiebstahl\u00bb<\/a>","hideTile":false,"pageType":"","editor_notices":[],"footnotes":""},"topic":[26],"class_list":["post-4708","page","type-page","status-publish","has-post-thumbnail","hentry","topic-diebstahl-diebstahl"],"aioseo_notices":[],"_links":{"self":[{"href":"https:\/\/www.skppsc.ch\/de\/wp-json\/wp\/v2\/pages\/4708","targetHints":{"allow":["GET"]}}],"collection":[{"href":"https:\/\/www.skppsc.ch\/de\/wp-json\/wp\/v2\/pages"}],"about":[{"href":"https:\/\/www.skppsc.ch\/de\/wp-json\/wp\/v2\/types\/page"}],"author":[{"embeddable":true,"href":"https:\/\/www.skppsc.ch\/de\/wp-json\/wp\/v2\/users\/385"}],"replies":[{"embeddable":true,"href":"https:\/\/www.skppsc.ch\/de\/wp-json\/wp\/v2\/comments?post=4708"}],"version-history":[{"count":0,"href":"https:\/\/www.skppsc.ch\/de\/wp-json\/wp\/v2\/pages\/4708\/revisions"}],"up":[{"embeddable":true,"href":"https:\/\/www.skppsc.ch\/de\/wp-json\/wp\/v2\/pages\/146"}],"wp:featuredmedia":[{"embeddable":true,"href":"https:\/\/www.skppsc.ch\/de\/wp-json\/wp\/v2\/media\/778"}],"wp:attachment":[{"href":"https:\/\/www.skppsc.ch\/de\/wp-json\/wp\/v2\/media?parent=4708"}],"wp:term":[{"taxonomy":"topic","embeddable":true,"href":"https:\/\/www.skppsc.ch\/de\/wp-json\/wp\/v2\/topic?post=4708"}],"curies":[{"name":"wp","href":"https:\/\/api.w.org\/{rel}","templated":true}]}}