{"id":4710,"date":"2026-04-30T13:20:28","date_gmt":"2026-04-30T11:20:28","guid":{"rendered":"https:\/\/www.skppsc.ch\/de\/?page_id=4710"},"modified":"2026-04-30T14:10:50","modified_gmt":"2026-04-30T12:10:50","slug":"entreissdiebstahl","status":"publish","type":"page","link":"https:\/\/www.skppsc.ch\/de\/themen\/diebstahl\/entreissdiebstahl\/","title":{"rendered":"Entreissdiebstahl"},"content":{"rendered":"<html><body><div class=\"default-container content-part\"><div class=\"inner-padding\"><p class=\"post-excerpt\">Bei einem Entreissdiebstahl wendet die T\u00e4terschaft k\u00f6rperliche Gewalt an, indem sie dem Opfer das Diebesgut (Handtasche, Smartphone, Aktenkoffer etc.) aus der Hand oder von der Schulter reisst und anschliessend zu Fuss oder auf einem Motorrad fl\u00fcchtet. Personen aus allen Altersgruppen k\u00f6nnen Opfer von Entreissdiebst\u00e4hlen werden.<\/p>\n\n<\/div><\/div><div class=\"default-container content-part   \" style=\";\"><div class=\"inner-padding\">\n\n\n<h2 class=\"wp-block-heading foreground-primary\">Definition und Rechtslage<\/h2>\n\n\n\n<p>Laut Schweizerischem Strafgesetzbuch (StGB) Art. 139 liegt ein Diebstahl vor, wenn jemand eine fremde, bewegliche Sache einer anderen Person zur Aneignung wegnimmt, um sich oder einen Dritten unrechtm\u00e4ssig zu bereichern:<\/p>\n\n\n\n<ul class=\"wp-block-list\">\n<li>Damit ein Diebstahl vorliegt, muss folglich eine Bereicherungsabsicht vorhanden sein. Wer z.B. jemandem eine Waffe in der Absicht wegnimmt, die Person vor sich selbst zu sch\u00fctzen, begeht keinen Diebstahl.<\/li>\n\n\n\n<li>Es handelt sich nur dann um einen Diebstahl, wenn die Person mit Vorsatz handelte. Damit der Vorsatz erf\u00fcllt ist, musste die Diebin bzw. der Dieb zum Tatzeitpunkt wissen, was sie\/er tat und es tun wollen. Wer im Glauben, es sei das eigene Smartphone, ein fremdes Handy einsteckt, begeht ebenso wenig einen Diebstahl wie eine Person, die z.B. unter Androhung von Gewalt dazu gezwungen wird, einen Diebstahl zu begehen.<\/li>\n<\/ul>\n\n\n\n<p>Diebstahl nach Art. 139 StGB ist ein Offizialdelikt und wird von der Polizei von Amtes wegen verfolgt, sobald sie Kenntnis davon hat.<\/p>\n\n\n\n<\/div><\/div><div class=\"default-container content-part replaced-hr\"><div class=\"inner-padding\">\n\n\n\n<h2 class=\"wp-block-heading foreground-primary\">Wie kann ich mich sch\u00fctzen?<\/h2>\n\n\n\n<ul class=\"wp-block-list\">\n<li>Tragen Sie Ihr Portemonnaie, Smartphone und Ihre Hausschl\u00fcssel auf der Innenseite Ihrer Kleidung, am besten in verschliessbaren Innentaschen.<\/li>\n\n\n\n<li>Tragen Sie Hand-, Schulter- und Umh\u00e4ngetaschen an der verkehrsabgewandten K\u00f6rperseite.<\/li>\n\n\n\n<li>Nehmen Sie Ihre Wertsachen nur wenig n\u00f6tig in die Hand und stellen Sie sie nicht zur Schau.<\/li>\n\n\n\n<li>F\u00fchren Sie Boteng\u00e4nge mit hohen Geldwerten nie alleine aus.<\/li>\n\n\n\n<li>Meiden Sie schlecht beleuchtete und kaum frequentierte Wege.<\/li>\n\n\n\n<li>Falls jemand versucht, Ihnen Ihre Wertsachen zu entreissen, wehren Sie sich nicht. Sie k\u00f6nnten sich verletzen.<\/li>\n<\/ul>\n\n\n\n<\/div><\/div><div class=\"default-container content-part replaced-hr\"><div class=\"inner-padding\">\n\n\n\n<h2 class=\"wp-block-heading foreground-primary\">Was tut die Polizei?<\/h2>\n\n\n\n<p>Melden Sie den Diebstahl umgehend der Polizei! Je nach gestohlenem Gegenstand kann die Anzeige in vielen Kantonen <a href=\"https:\/\/suisse-epolice.ch\/epolice\/\" target=\"_blank\" rel=\"noreferrer noopener\">online<\/a>\u00a0erstattet werden.<\/p>\n\n\n\n<p>Diebst\u00e4hle werden in den jeweiligen polizeilichen Datenbanken erfasst. Wenn die Polizei Diebesgut beschlagnahmt oder findet, versucht sie es mit Hilfe der Datenbankeintr\u00e4ge zuzuordnen und der Besitzerin oder dem Besitzer zur\u00fcckzugeben.<\/p>\n\n\n\n<p>Wer Opfer von Dieben wurde, hat jedoch allgemein geringe Aussichten, seine Wertsachen zur\u00fcckzuerhalten. Es ist dennoch wichtig, Diebst\u00e4hle der Polizei zu melden, auch aus Versicherungsgr\u00fcnden. Beim Entreissdiebstahl kann zus\u00e4tzlich auch die dabei angewendete k\u00f6rperliche Gewalt angezeigt werden. Sie kann so feststellen, in welchen Gebieten sich derzeit besonders viele Diebinnen und Diebe aufhalten und mit welchen Tricks derzeit viele Leute bestohlen werden. Mit diesem Wissen k\u00f6nnen die kantonalen und st\u00e4dtischen Polizeikorps gezielt Pr\u00e4vention betreiben und besonders gef\u00e4hrdete Bev\u00f6lkerungsgruppen warnen sowie ihre Pr\u00e4senz an bestimmten Orten verst\u00e4rken.<\/p>\n\n\n\n<p><\/p>\n<\/div><\/div><\/body><\/html>","protected":false},"excerpt":{"rendered":"<p>Bei einem Entreissdiebstahl wendet die T\u00e4terschaft k\u00f6rperliche Gewalt an, indem sie dem Opfer das Diebesgut (Handtasche, Smartphone, Aktenkoffer etc.) aus der Hand oder von der Schulter reisst und anschliessend zu Fuss oder auf einem Motorrad fl\u00fcchtet. Personen aus allen Altersgruppen k\u00f6nnen Opfer von Entreissdiebst\u00e4hlen werden.<\/p>\n","protected":false},"author":385,"featured_media":4719,"parent":146,"menu_order":4,"comment_status":"closed","ping_status":"closed","template":"","meta":{"showSharingButtons":false,"skp-theme-color":"four","_subtitle":"","alternative_title":"Entreiss&shy;diebstahl","seoDescription":"","seoKeywords":"","seoTitle":"","featuredVideoEmbedCode":"","featuredYoutubeVideoId":"","notes":"","redirectToPostId":0,"skp-further-information":"","hideTile":false,"pageType":"","editor_notices":[],"footnotes":""},"topic":[26],"class_list":["post-4710","page","type-page","status-publish","has-post-thumbnail","hentry","topic-diebstahl-diebstahl"],"aioseo_notices":[],"_links":{"self":[{"href":"https:\/\/www.skppsc.ch\/de\/wp-json\/wp\/v2\/pages\/4710","targetHints":{"allow":["GET"]}}],"collection":[{"href":"https:\/\/www.skppsc.ch\/de\/wp-json\/wp\/v2\/pages"}],"about":[{"href":"https:\/\/www.skppsc.ch\/de\/wp-json\/wp\/v2\/types\/page"}],"author":[{"embeddable":true,"href":"https:\/\/www.skppsc.ch\/de\/wp-json\/wp\/v2\/users\/385"}],"replies":[{"embeddable":true,"href":"https:\/\/www.skppsc.ch\/de\/wp-json\/wp\/v2\/comments?post=4710"}],"version-history":[{"count":0,"href":"https:\/\/www.skppsc.ch\/de\/wp-json\/wp\/v2\/pages\/4710\/revisions"}],"up":[{"embeddable":true,"href":"https:\/\/www.skppsc.ch\/de\/wp-json\/wp\/v2\/pages\/146"}],"wp:featuredmedia":[{"embeddable":true,"href":"https:\/\/www.skppsc.ch\/de\/wp-json\/wp\/v2\/media\/4719"}],"wp:attachment":[{"href":"https:\/\/www.skppsc.ch\/de\/wp-json\/wp\/v2\/media?parent=4710"}],"wp:term":[{"taxonomy":"topic","embeddable":true,"href":"https:\/\/www.skppsc.ch\/de\/wp-json\/wp\/v2\/topic?post=4710"}],"curies":[{"name":"wp","href":"https:\/\/api.w.org\/{rel}","templated":true}]}}