{"id":682,"date":"2017-01-10T15:27:52","date_gmt":"2017-01-10T14:27:52","guid":{"rendered":"https:\/\/www.skppsc.ch\/de\/?page_id=682"},"modified":"2026-02-11T13:35:50","modified_gmt":"2026-02-11T12:35:50","slug":"2-schliessen-sie-alle-fenster","status":"publish","type":"page","link":"https:\/\/www.skppsc.ch\/de\/themen\/einbruch\/2-schliessen-sie-alle-fenster\/","title":{"rendered":"2. Schliessen Sie alle Fenster!"},"content":{"rendered":"<html><body><div class=\"default-container content-part\"><div class=\"inner-padding\"><ul>\n<li><strong>Schliessen Sie Fenster, Balkon-, Keller- und Terrassent\u00fcren.<\/strong> Denken Sie daran: Gekippte Fenster sind offene Fenster! Einbrecherinnen und Einbrecher k\u00f6nnen mit etwas Fingerfertigkeit und ohne Gewaltanwendung gekippte Fenster \u00f6ffnen.<\/li>\n<\/ul>\n<\/div><\/div><\/body><\/html>","protected":false},"excerpt":{"rendered":"<p>Schliessen Sie Fenster, Balkon-, Keller- und Terrassent\u00fcren. Denken Sie daran: Gekippte Fenster sind offene Fenster! Einbrecherinnen und Einbrecher k\u00f6nnen mit etwas Fingerfertigkeit und ohne Gewaltanwendung gekippte Fenster \u00f6ffnen.<\/p>\n","protected":false},"author":349,"featured_media":683,"parent":100,"menu_order":20,"comment_status":"closed","ping_status":"closed","template":"","meta":{"showSharingButtons":false,"skp-theme-color":"default","_subtitle":null,"alternative_title":"","seoDescription":"","seoKeywords":"","seoTitle":"","featuredVideoEmbedCode":"","featuredYoutubeVideoId":"","notes":"","redirectToPostId":0,"skp-further-information":"","hideTile":false,"pageType":"","editor_notices":[],"footnotes":""},"topic":[29],"class_list":["post-682","page","type-page","status-publish","has-post-thumbnail","hentry","topic-einbruch-einbruch"],"aioseo_notices":[],"_links":{"self":[{"href":"https:\/\/www.skppsc.ch\/de\/wp-json\/wp\/v2\/pages\/682","targetHints":{"allow":["GET"]}}],"collection":[{"href":"https:\/\/www.skppsc.ch\/de\/wp-json\/wp\/v2\/pages"}],"about":[{"href":"https:\/\/www.skppsc.ch\/de\/wp-json\/wp\/v2\/types\/page"}],"author":[{"embeddable":true,"href":"https:\/\/www.skppsc.ch\/de\/wp-json\/wp\/v2\/users\/349"}],"replies":[{"embeddable":true,"href":"https:\/\/www.skppsc.ch\/de\/wp-json\/wp\/v2\/comments?post=682"}],"version-history":[{"count":0,"href":"https:\/\/www.skppsc.ch\/de\/wp-json\/wp\/v2\/pages\/682\/revisions"}],"up":[{"embeddable":true,"href":"https:\/\/www.skppsc.ch\/de\/wp-json\/wp\/v2\/pages\/100"}],"wp:featuredmedia":[{"embeddable":true,"href":"https:\/\/www.skppsc.ch\/de\/wp-json\/wp\/v2\/media\/683"}],"wp:attachment":[{"href":"https:\/\/www.skppsc.ch\/de\/wp-json\/wp\/v2\/media?parent=682"}],"wp:term":[{"taxonomy":"topic","embeddable":true,"href":"https:\/\/www.skppsc.ch\/de\/wp-json\/wp\/v2\/topic?post=682"}],"curies":[{"name":"wp","href":"https:\/\/api.w.org\/{rel}","templated":true}]}}