{"id":684,"date":"2017-01-10T15:29:20","date_gmt":"2017-01-10T14:29:20","guid":{"rendered":"https:\/\/www.skppsc.ch\/de\/?page_id=684"},"modified":"2020-03-03T11:09:04","modified_gmt":"2020-03-03T10:09:04","slug":"3-pflegen-sie-eine-gute-nachbarschaft","status":"publish","type":"page","link":"https:\/\/www.skppsc.ch\/de\/themen\/einbruch\/3-pflegen-sie-eine-gute-nachbarschaft\/","title":{"rendered":"3. Pflegen Sie eine gute Nachbarschaft!"},"content":{"rendered":"<html><body><div class=\"default-container content-part\"><div class=\"inner-padding\"><ul>\n<li><strong>Eine der wirksamsten H\u00fcrden, die Sie gegen Einbrecherinnen und Einbrecher aufstellen k\u00f6nnen, ist eine gute Nachbarschaft.<\/strong>\u00a0 Informieren Sie Ihre Nachbarn \u00fcber ihre Ferienabwesenheiten. Wenn Ihre Nachbarn wissen, dass niemand zu Hause sein sollte und sie dennoch Ger\u00e4usche aus Ihrer Wohnung oder Ihrem Haus wahrnehmen bzw. Licht sehen, werden sie schnell an einen Einbruch denken. Wenn Sie l\u00e4ngere Zeit verreist sind, sollte sich jemand um Ihre Post k\u00fcmmern, denn ein \u00fcberquellender Briefkasten signalisiert Einbrecherinnen und Einbrechern, dass Sie verreist sein k\u00f6nnten.<\/li>\n<\/ul>\n<\/div><\/div><\/body><\/html>","protected":false},"excerpt":{"rendered":"<p>Eine der wirksamsten H\u00fcrden, die Sie gegen Einbrecherinnen und Einbrecher aufstellen k\u00f6nnen, ist eine gute Nachbarschaft.\u00a0 Informieren Sie Ihre Nachbarn \u00fcber ihre Ferienabwesenheiten. Wenn Ihre Nachbarn wissen, dass niemand zu Hause sein sollte und sie dennoch Ger\u00e4usche aus Ihrer Wohnung oder Ihrem Haus wahrnehmen bzw. Licht sehen, werden sie schnell an einen Einbruch denken. Wenn [&hellip;]<\/p>\n","protected":false},"author":349,"featured_media":685,"parent":100,"menu_order":30,"comment_status":"closed","ping_status":"closed","template":"","meta":{"showSharingButtons":false,"skp-theme-color":"default","_subtitle":null,"alternative_title":"","seoDescription":"","seoKeywords":"","seoTitle":"","featuredVideoEmbedCode":"","featuredYoutubeVideoId":"","notes":"","redirectToPostId":0,"skp-further-information":"","hideTile":false,"pageType":"","editor_notices":[],"footnotes":""},"topic":[29],"class_list":["post-684","page","type-page","status-publish","has-post-thumbnail","hentry","topic-einbruch-einbruch"],"aioseo_notices":[],"_links":{"self":[{"href":"https:\/\/www.skppsc.ch\/de\/wp-json\/wp\/v2\/pages\/684","targetHints":{"allow":["GET"]}}],"collection":[{"href":"https:\/\/www.skppsc.ch\/de\/wp-json\/wp\/v2\/pages"}],"about":[{"href":"https:\/\/www.skppsc.ch\/de\/wp-json\/wp\/v2\/types\/page"}],"author":[{"embeddable":true,"href":"https:\/\/www.skppsc.ch\/de\/wp-json\/wp\/v2\/users\/349"}],"replies":[{"embeddable":true,"href":"https:\/\/www.skppsc.ch\/de\/wp-json\/wp\/v2\/comments?post=684"}],"version-history":[{"count":0,"href":"https:\/\/www.skppsc.ch\/de\/wp-json\/wp\/v2\/pages\/684\/revisions"}],"up":[{"embeddable":true,"href":"https:\/\/www.skppsc.ch\/de\/wp-json\/wp\/v2\/pages\/100"}],"wp:featuredmedia":[{"embeddable":true,"href":"https:\/\/www.skppsc.ch\/de\/wp-json\/wp\/v2\/media\/685"}],"wp:attachment":[{"href":"https:\/\/www.skppsc.ch\/de\/wp-json\/wp\/v2\/media?parent=684"}],"wp:term":[{"taxonomy":"topic","embeddable":true,"href":"https:\/\/www.skppsc.ch\/de\/wp-json\/wp\/v2\/topic?post=684"}],"curies":[{"name":"wp","href":"https:\/\/api.w.org\/{rel}","templated":true}]}}