{"id":686,"date":"2017-01-10T15:30:23","date_gmt":"2017-01-10T14:30:23","guid":{"rendered":"https:\/\/www.skppsc.ch\/de\/?page_id=686"},"modified":"2020-03-03T11:05:37","modified_gmt":"2020-03-03T10:05:37","slug":"4-taeuschen-sie-ihre-anwesenheit-vor","status":"publish","type":"page","link":"https:\/\/www.skppsc.ch\/de\/themen\/einbruch\/4-taeuschen-sie-ihre-anwesenheit-vor\/","title":{"rendered":"4. T\u00e4uschen Sie Ihre Anwesenheit vor!"},"content":{"rendered":"<html><body><div class=\"default-container content-part\"><div class=\"inner-padding\"><ul>\n<li><strong>Obwohl die meisten Einbr\u00fcche bei Tageslicht stattfinden, darf die Rolle der Beleuchtung bei der Einbruchshemmung nicht untersch\u00e4tzt werden.<\/strong> Verwenden Sie in den Wintermonaten, wenn es fr\u00fch dunkel wird und w\u00e4hrend l\u00e4ngerer Abwesenheiten Zeitschaltuhren<strong>,<\/strong> die Ihre Anwesenheit vort\u00e4uschen. Zeitschaltuhren lassen sich so programmieren, dass sie automatisch und unregelm\u00e4ssig mehrere R\u00e4ume in einer Wohnung oder einem Haus beleuchten. Einbrecherinnen und Einbrecher, die abends und in den Wintermonaten unterwegs sind, erkennen so nicht, ob jemand zuhause ist oder nicht.<\/li>\n<\/ul>\n<\/div><\/div><\/body><\/html>","protected":false},"excerpt":{"rendered":"<p>Obwohl die meisten Einbr\u00fcche bei Tageslicht stattfinden, darf die Rolle der Beleuchtung bei der Einbruchshemmung nicht untersch\u00e4tzt werden. Verwenden Sie in den Wintermonaten, wenn es fr\u00fch dunkel wird und w\u00e4hrend l\u00e4ngerer Abwesenheiten Zeitschaltuhren, die Ihre Anwesenheit vort\u00e4uschen. Zeitschaltuhren lassen sich so programmieren, dass sie automatisch und unregelm\u00e4ssig mehrere R\u00e4ume in einer Wohnung oder einem Haus [&hellip;]<\/p>\n","protected":false},"author":349,"featured_media":687,"parent":100,"menu_order":40,"comment_status":"closed","ping_status":"closed","template":"","meta":{"showSharingButtons":false,"skp-theme-color":"default","_subtitle":null,"alternative_title":"","seoDescription":"","seoKeywords":"","seoTitle":"","featuredVideoEmbedCode":"","featuredYoutubeVideoId":"","notes":"","redirectToPostId":0,"skp-further-information":"","hideTile":false,"pageType":"","editor_notices":[],"footnotes":""},"topic":[29],"class_list":["post-686","page","type-page","status-publish","has-post-thumbnail","hentry","topic-einbruch-einbruch"],"aioseo_notices":[],"_links":{"self":[{"href":"https:\/\/www.skppsc.ch\/de\/wp-json\/wp\/v2\/pages\/686","targetHints":{"allow":["GET"]}}],"collection":[{"href":"https:\/\/www.skppsc.ch\/de\/wp-json\/wp\/v2\/pages"}],"about":[{"href":"https:\/\/www.skppsc.ch\/de\/wp-json\/wp\/v2\/types\/page"}],"author":[{"embeddable":true,"href":"https:\/\/www.skppsc.ch\/de\/wp-json\/wp\/v2\/users\/349"}],"replies":[{"embeddable":true,"href":"https:\/\/www.skppsc.ch\/de\/wp-json\/wp\/v2\/comments?post=686"}],"version-history":[{"count":0,"href":"https:\/\/www.skppsc.ch\/de\/wp-json\/wp\/v2\/pages\/686\/revisions"}],"up":[{"embeddable":true,"href":"https:\/\/www.skppsc.ch\/de\/wp-json\/wp\/v2\/pages\/100"}],"wp:featuredmedia":[{"embeddable":true,"href":"https:\/\/www.skppsc.ch\/de\/wp-json\/wp\/v2\/media\/687"}],"wp:attachment":[{"href":"https:\/\/www.skppsc.ch\/de\/wp-json\/wp\/v2\/media?parent=686"}],"wp:term":[{"taxonomy":"topic","embeddable":true,"href":"https:\/\/www.skppsc.ch\/de\/wp-json\/wp\/v2\/topic?post=686"}],"curies":[{"name":"wp","href":"https:\/\/api.w.org\/{rel}","templated":true}]}}