{"id":688,"date":"2017-01-10T15:31:38","date_gmt":"2017-01-10T14:31:38","guid":{"rendered":"https:\/\/www.skppsc.ch\/de\/?page_id=688"},"modified":"2020-03-03T11:05:04","modified_gmt":"2020-03-03T10:05:04","slug":"5-lassen-sie-sich-beraten","status":"publish","type":"page","link":"https:\/\/www.skppsc.ch\/de\/themen\/einbruch\/5-lassen-sie-sich-beraten\/","title":{"rendered":"5. Lassen Sie sich beraten!"},"content":{"rendered":"<html><body><div class=\"default-container content-part\"><div class=\"inner-padding\"><ul>\n<li><strong>Lassen Sie sich von Sicherheitsexpertinnen und -experten der Polizei beraten,<\/strong> falls Sie in baulich-mechanische Sicherheitsmassnahmen wie Zusatzschl\u00f6sser, Verriegelungen und Fenstergitter investieren m\u00f6chten und \u00fcber elektrische oder elektronische Massnahmen zur Einbruchshemmung wie Bewegungsmelder mit Schockbeleuchtung oder Alarmanalagen nachdenken. Bei einer <a href=\"https:\/\/www.skppsc.ch\/de\/kontakt-zur-polizei\/\">Sicherheitsberatung <\/a>besichtigen polizeiliche Expertinnen und Experten gemeinsam mit Ihnen die Liegenschaft respektive Ihre Wohnung und geben danach Empfehlungen ab, wie und an welchen Stellen die Einbruchshemmung verbessert werden k\u00f6nnte.\u00a0<\/li>\n<\/ul>\n<\/div><\/div><\/body><\/html>","protected":false},"excerpt":{"rendered":"<p>Lassen Sie sich von Sicherheitsexpertinnen und -experten der Polizei beraten, falls Sie in baulich-mechanische Sicherheitsmassnahmen wie Zusatzschl\u00f6sser, Verriegelungen und Fenstergitter investieren m\u00f6chten und \u00fcber elektrische oder elektronische Massnahmen zur Einbruchshemmung wie Bewegungsmelder mit Schockbeleuchtung oder Alarmanalagen nachdenken. Bei einer Sicherheitsberatung besichtigen polizeiliche Expertinnen und Experten gemeinsam mit Ihnen die Liegenschaft respektive Ihre Wohnung und geben [&hellip;]<\/p>\n","protected":false},"author":349,"featured_media":689,"parent":100,"menu_order":50,"comment_status":"closed","ping_status":"closed","template":"","meta":{"showSharingButtons":false,"skp-theme-color":"default","_subtitle":null,"alternative_title":"","seoDescription":"","seoKeywords":"","seoTitle":"","featuredVideoEmbedCode":"","featuredYoutubeVideoId":"","notes":"","redirectToPostId":0,"skp-further-information":"","hideTile":false,"pageType":"","editor_notices":[],"footnotes":""},"topic":[29],"class_list":["post-688","page","type-page","status-publish","has-post-thumbnail","hentry","topic-einbruch-einbruch"],"aioseo_notices":[],"_links":{"self":[{"href":"https:\/\/www.skppsc.ch\/de\/wp-json\/wp\/v2\/pages\/688","targetHints":{"allow":["GET"]}}],"collection":[{"href":"https:\/\/www.skppsc.ch\/de\/wp-json\/wp\/v2\/pages"}],"about":[{"href":"https:\/\/www.skppsc.ch\/de\/wp-json\/wp\/v2\/types\/page"}],"author":[{"embeddable":true,"href":"https:\/\/www.skppsc.ch\/de\/wp-json\/wp\/v2\/users\/349"}],"replies":[{"embeddable":true,"href":"https:\/\/www.skppsc.ch\/de\/wp-json\/wp\/v2\/comments?post=688"}],"version-history":[{"count":0,"href":"https:\/\/www.skppsc.ch\/de\/wp-json\/wp\/v2\/pages\/688\/revisions"}],"up":[{"embeddable":true,"href":"https:\/\/www.skppsc.ch\/de\/wp-json\/wp\/v2\/pages\/100"}],"wp:featuredmedia":[{"embeddable":true,"href":"https:\/\/www.skppsc.ch\/de\/wp-json\/wp\/v2\/media\/689"}],"wp:attachment":[{"href":"https:\/\/www.skppsc.ch\/de\/wp-json\/wp\/v2\/media?parent=688"}],"wp:term":[{"taxonomy":"topic","embeddable":true,"href":"https:\/\/www.skppsc.ch\/de\/wp-json\/wp\/v2\/topic?post=688"}],"curies":[{"name":"wp","href":"https:\/\/api.w.org\/{rel}","templated":true}]}}