{"id":690,"date":"2017-01-10T15:33:06","date_gmt":"2017-01-10T14:33:06","guid":{"rendered":"https:\/\/www.skppsc.ch\/de\/?page_id=690"},"modified":"2020-03-03T11:05:14","modified_gmt":"2020-03-03T10:05:14","slug":"rufen-sie-die-polizei","status":"publish","type":"page","link":"https:\/\/www.skppsc.ch\/de\/themen\/einbruch\/rufen-sie-die-polizei\/","title":{"rendered":"Rufen Sie die Polizei!"},"content":{"rendered":"<html><body><div class=\"default-container content-part\"><div class=\"inner-padding\"><ul>\n<li><strong>Sollten Sie einen Einbrecher oder eine Einbrecherin zuf\u00e4llig \u00abauf frischer Tat\u00bb ertappen, versuchen Sie auf keinen Fall, sie oder ihn zur\u00fcckzuhalten<\/strong> <strong>oder sogar zu \u00fcberw\u00e4ltigen!<\/strong> Ziehen Sie sich schnell zur\u00fcck und rufen Sie die Polizei (117). Merken Sie sich, wie die Personen ausgesehen haben, welches Fahrzeug benutzt wurde und in welche Richtung sie sich entfernten. Versuchen Sie das Kontrollschild zu erkennen, aber bringen Sie sich dabei selbst nicht in Gefahr!<\/li>\n<\/ul>\n<\/div><\/div><\/body><\/html>","protected":false},"excerpt":{"rendered":"<p>Sollten Sie einen Einbrecher oder eine Einbrecherin zuf\u00e4llig \u00abauf frischer Tat\u00bb ertappen, versuchen Sie auf keinen Fall, sie oder ihn zur\u00fcckzuhalten oder sogar zu \u00fcberw\u00e4ltigen! Ziehen Sie sich schnell zur\u00fcck und rufen Sie die Polizei (117). Merken Sie sich, wie die Personen ausgesehen haben, welches Fahrzeug benutzt wurde und in welche Richtung sie sich entfernten. [&hellip;]<\/p>\n","protected":false},"author":349,"featured_media":691,"parent":100,"menu_order":60,"comment_status":"closed","ping_status":"closed","template":"","meta":{"showSharingButtons":false,"skp-theme-color":"default","_subtitle":null,"alternative_title":"","seoDescription":"","seoKeywords":"","seoTitle":"","featuredVideoEmbedCode":"","featuredYoutubeVideoId":"","notes":"","redirectToPostId":0,"skp-further-information":"","hideTile":false,"pageType":"","editor_notices":[],"footnotes":""},"topic":[29],"class_list":["post-690","page","type-page","status-publish","has-post-thumbnail","hentry","topic-einbruch-einbruch"],"aioseo_notices":[],"_links":{"self":[{"href":"https:\/\/www.skppsc.ch\/de\/wp-json\/wp\/v2\/pages\/690","targetHints":{"allow":["GET"]}}],"collection":[{"href":"https:\/\/www.skppsc.ch\/de\/wp-json\/wp\/v2\/pages"}],"about":[{"href":"https:\/\/www.skppsc.ch\/de\/wp-json\/wp\/v2\/types\/page"}],"author":[{"embeddable":true,"href":"https:\/\/www.skppsc.ch\/de\/wp-json\/wp\/v2\/users\/349"}],"replies":[{"embeddable":true,"href":"https:\/\/www.skppsc.ch\/de\/wp-json\/wp\/v2\/comments?post=690"}],"version-history":[{"count":0,"href":"https:\/\/www.skppsc.ch\/de\/wp-json\/wp\/v2\/pages\/690\/revisions"}],"up":[{"embeddable":true,"href":"https:\/\/www.skppsc.ch\/de\/wp-json\/wp\/v2\/pages\/100"}],"wp:featuredmedia":[{"embeddable":true,"href":"https:\/\/www.skppsc.ch\/de\/wp-json\/wp\/v2\/media\/691"}],"wp:attachment":[{"href":"https:\/\/www.skppsc.ch\/de\/wp-json\/wp\/v2\/media?parent=690"}],"wp:term":[{"taxonomy":"topic","embeddable":true,"href":"https:\/\/www.skppsc.ch\/de\/wp-json\/wp\/v2\/topic?post=690"}],"curies":[{"name":"wp","href":"https:\/\/api.w.org\/{rel}","templated":true}]}}