{"id":694,"date":"2017-01-10T15:34:59","date_gmt":"2017-01-10T14:34:59","guid":{"rendered":"https:\/\/www.skppsc.ch\/de\/?page_id=694"},"modified":"2020-03-03T11:06:39","modified_gmt":"2020-03-03T10:06:39","slug":"beschreiben-sie-das-diebesgut","status":"publish","type":"page","link":"https:\/\/www.skppsc.ch\/de\/themen\/einbruch\/beschreiben-sie-das-diebesgut\/","title":{"rendered":"Beschreiben Sie das Diebesgut."},"content":{"rendered":"<html><body><div class=\"default-container content-part\"><div class=\"inner-padding\"><ul>\n<li><strong>Beschreiben Sie das Diebesgut so pr\u00e4zise wie m\u00f6glich.<\/strong> Vielleicht habe Sie Fotos, Kaufbelege, Garantiescheine der gestohlenen Gegenst\u00e4nde, die wichtige Informationen enthalten. Ihre Angaben werden in einer polizeilichen Datenbank erfasst. Falls Diebesgut zu einem sp\u00e4teren Zeitpunkt wiederauftaucht respektive ermittelt wird, k\u00f6nnen Ihnen nach eindeutiger Zuordnung die Wertsachen wieder ausgeh\u00e4ndigt werden.<\/li>\n<\/ul>\n<\/div><\/div><\/body><\/html>","protected":false},"excerpt":{"rendered":"<p>Beschreiben Sie das Diebesgut so pr\u00e4zise wie m\u00f6glich. Vielleicht habe Sie Fotos, Kaufbelege, Garantiescheine der gestohlenen Gegenst\u00e4nde, die wichtige Informationen enthalten. Ihre Angaben werden in einer polizeilichen Datenbank erfasst. Falls Diebesgut zu einem sp\u00e4teren Zeitpunkt wiederauftaucht respektive ermittelt wird, k\u00f6nnen Ihnen nach eindeutiger Zuordnung die Wertsachen wieder ausgeh\u00e4ndigt werden.<\/p>\n","protected":false},"author":349,"featured_media":695,"parent":100,"menu_order":80,"comment_status":"closed","ping_status":"closed","template":"","meta":{"showSharingButtons":false,"skp-theme-color":"default","_subtitle":null,"alternative_title":"","seoDescription":"","seoKeywords":"","seoTitle":"","featuredVideoEmbedCode":"","featuredYoutubeVideoId":"","notes":"","redirectToPostId":0,"skp-further-information":"","hideTile":false,"pageType":"","editor_notices":[],"footnotes":""},"topic":[],"class_list":["post-694","page","type-page","status-publish","has-post-thumbnail","hentry"],"aioseo_notices":[],"_links":{"self":[{"href":"https:\/\/www.skppsc.ch\/de\/wp-json\/wp\/v2\/pages\/694","targetHints":{"allow":["GET"]}}],"collection":[{"href":"https:\/\/www.skppsc.ch\/de\/wp-json\/wp\/v2\/pages"}],"about":[{"href":"https:\/\/www.skppsc.ch\/de\/wp-json\/wp\/v2\/types\/page"}],"author":[{"embeddable":true,"href":"https:\/\/www.skppsc.ch\/de\/wp-json\/wp\/v2\/users\/349"}],"replies":[{"embeddable":true,"href":"https:\/\/www.skppsc.ch\/de\/wp-json\/wp\/v2\/comments?post=694"}],"version-history":[{"count":0,"href":"https:\/\/www.skppsc.ch\/de\/wp-json\/wp\/v2\/pages\/694\/revisions"}],"up":[{"embeddable":true,"href":"https:\/\/www.skppsc.ch\/de\/wp-json\/wp\/v2\/pages\/100"}],"wp:featuredmedia":[{"embeddable":true,"href":"https:\/\/www.skppsc.ch\/de\/wp-json\/wp\/v2\/media\/695"}],"wp:attachment":[{"href":"https:\/\/www.skppsc.ch\/de\/wp-json\/wp\/v2\/media?parent=694"}],"wp:term":[{"taxonomy":"topic","embeddable":true,"href":"https:\/\/www.skppsc.ch\/de\/wp-json\/wp\/v2\/topic?post=694"}],"curies":[{"name":"wp","href":"https:\/\/api.w.org\/{rel}","templated":true}]}}