{"id":696,"date":"2017-01-10T15:36:35","date_gmt":"2017-01-10T14:36:35","guid":{"rendered":"https:\/\/www.skppsc.ch\/de\/?page_id=696"},"modified":"2020-03-03T11:06:55","modified_gmt":"2020-03-03T10:06:55","slug":"holen-sie-sich-hilfe","status":"publish","type":"page","link":"https:\/\/www.skppsc.ch\/de\/themen\/einbruch\/holen-sie-sich-hilfe\/","title":{"rendered":"Holen Sie sich Hilfe."},"content":{"rendered":"<html><body><div class=\"default-container content-part\"><div class=\"inner-padding\"><ul>\n<li><strong>Opfer eines Einbruchs berichten regelm\u00e4ssig, dass der materielle Schaden weniger schlimm sei als der emotionale.<\/strong> Einbruchsopfer f\u00fchlen sich h\u00e4ufig in ihrer Privatsph\u00e4re verletzt, ihr Schutzbed\u00fcrfnis und ihr Grundvertrauen sind angeschlagen. Viele Betroffene berichten, dass sie mit ihren \u00c4ngsten und emotionalen Verletzungen allein gelassen werden. Leider stimmt das auch, zumindest teilweise. Die Polizei ist lediglich f\u00fcr die Einbruchspr\u00e4vention und -ermittlung zust\u00e4ndig, und auch die Opferhilfe darf gem\u00e4ss gesetzlicher Grundlage nur dann Unterst\u00fctzung leisten, wenn Opfer direkt mit der T\u00e4terschaft konfrontiert wurden. Die Schweizerische Kriminalpr\u00e4vention hat im Faltblatt <a href=\"https:\/\/www.skppsc.ch\/de\/download\/einbruch-was-nun\/\">\u00abEinbruch \u2013 Was nun?\u00bb<\/a> einige Ratschl\u00e4ge zusammengetragen, die Ihnen helfen, nach einem Einbruch auch die emotionalen Wunden zu versorgen und den seelischen Scherbenhaufen zusammenzuwischen.<\/li>\n<\/ul>\n<\/div><\/div><\/body><\/html>","protected":false},"excerpt":{"rendered":"<p>Opfer eines Einbruchs berichten regelm\u00e4ssig, dass der materielle Schaden weniger schlimm sei als der emotionale. Einbruchsopfer f\u00fchlen sich h\u00e4ufig in ihrer Privatsph\u00e4re verletzt, ihr Schutzbed\u00fcrfnis und ihr Grundvertrauen sind angeschlagen. Viele Betroffene berichten, dass sie mit ihren \u00c4ngsten und emotionalen Verletzungen allein gelassen werden. Leider stimmt das auch, zumindest teilweise. Die Polizei ist lediglich f\u00fcr [&hellip;]<\/p>\n","protected":false},"author":349,"featured_media":697,"parent":100,"menu_order":90,"comment_status":"closed","ping_status":"closed","template":"","meta":{"showSharingButtons":false,"skp-theme-color":"default","_subtitle":null,"alternative_title":"","seoDescription":"","seoKeywords":"","seoTitle":"","featuredVideoEmbedCode":"","featuredYoutubeVideoId":"","notes":"","redirectToPostId":0,"skp-further-information":"","hideTile":false,"pageType":"","editor_notices":[],"footnotes":""},"topic":[],"class_list":["post-696","page","type-page","status-publish","has-post-thumbnail","hentry"],"aioseo_notices":[],"_links":{"self":[{"href":"https:\/\/www.skppsc.ch\/de\/wp-json\/wp\/v2\/pages\/696","targetHints":{"allow":["GET"]}}],"collection":[{"href":"https:\/\/www.skppsc.ch\/de\/wp-json\/wp\/v2\/pages"}],"about":[{"href":"https:\/\/www.skppsc.ch\/de\/wp-json\/wp\/v2\/types\/page"}],"author":[{"embeddable":true,"href":"https:\/\/www.skppsc.ch\/de\/wp-json\/wp\/v2\/users\/349"}],"replies":[{"embeddable":true,"href":"https:\/\/www.skppsc.ch\/de\/wp-json\/wp\/v2\/comments?post=696"}],"version-history":[{"count":0,"href":"https:\/\/www.skppsc.ch\/de\/wp-json\/wp\/v2\/pages\/696\/revisions"}],"up":[{"embeddable":true,"href":"https:\/\/www.skppsc.ch\/de\/wp-json\/wp\/v2\/pages\/100"}],"wp:featuredmedia":[{"embeddable":true,"href":"https:\/\/www.skppsc.ch\/de\/wp-json\/wp\/v2\/media\/697"}],"wp:attachment":[{"href":"https:\/\/www.skppsc.ch\/de\/wp-json\/wp\/v2\/media?parent=696"}],"wp:term":[{"taxonomy":"topic","embeddable":true,"href":"https:\/\/www.skppsc.ch\/de\/wp-json\/wp\/v2\/topic?post=696"}],"curies":[{"name":"wp","href":"https:\/\/api.w.org\/{rel}","templated":true}]}}