{"id":972,"date":"2017-05-26T17:42:01","date_gmt":"2017-05-26T15:42:01","guid":{"rendered":"https:\/\/www.skppsc.ch\/de\/?page_id=972"},"modified":"2026-04-09T16:00:23","modified_gmt":"2026-04-09T14:00:23","slug":"kantonales-bedrohungsmanagement","status":"publish","type":"page","link":"https:\/\/www.skppsc.ch\/de\/netzwerke\/kantonales-bedrohungsmanagement\/","title":{"rendered":"Kantonales Bedrohungsmanagement"},"content":{"rendered":"<html><body><div class=\"default-container content-part\"><div class=\"inner-padding\"><p>Idealerweise umfasst ein kantonales Bedrohungsmanagement (KBM) die folgenden Aspekte:<\/p>\n<ul>\n<li><strong>Gesetzliche Grundlagen<\/strong><br>Jedes beh\u00f6rdliche Handeln und somit auch jede Verwaltung und Weitergabe von Personendaten braucht eine gesetzliche Grundlage.<\/li>\n<li><strong>Zugriff auf Daten und Datenverwaltung<\/strong><br>Im Krisenfall kann einfach und zeitnah auf die relevanten Daten zugegriffen werden. Eine Datensammlung, in welcher Daten von Menschen mit erh\u00f6hter Gef\u00e4hrlichkeit verwaltet werden, ist vorhanden. Es ist festgelegt, aufgrund welcher Kriterien jemand in die Datensammlung aufgenommen wird und unter welchen Umst\u00e4nden die Daten gel\u00f6scht werden. Es ist definiert, wer Zugang zu dieser Sammlung hat und wer f\u00fcr die Verwaltung der Daten zust\u00e4ndig ist.<\/li>\n<li><strong>Risikoanalyse-Instrumente und Analyseinstrumente zur R\u00fcckfallprognose<\/strong><br>Es werden evaluierte, f\u00fcr die Fragestellung und Thematik geeignete Instrumente durch Fachpersonen angewendet.<\/li>\n<li><strong>Krisenteam und Fallmanagement<\/strong><br>Ein Kernteam organisiert das KBM. Alle wesentlichen Institutionen sind in den jeweiligen Krisen- und Fallteams abh\u00e4ngig von der Thematik vertreten und die Verantwortlichen sind miteinander vernetzt. Es ist definiert, welche Institution und welche Person in ihrer Funktion innerhalb dieser Institution bei welcher Bedrohungslage den Lead \u00fcbernimmt bzw. \u00fcber die zu treffenden Massnahmen entscheidet.<\/li>\n<li><strong>Kontinuit\u00e4t<\/strong><br>Die Verantwortlichkeiten innerhalb des kantonalen Bedrohungsmanagements sind klar geregelt und nicht an engagierte Einzelpersonen in den Institutionen gebunden. Das vorhandene Knowhow und neue Erfahrungswerte fliessen kontinuierlich und durch regelm\u00e4ssig stattfindende Schulungen von Mitarbeitenden ein. Neue Mitarbeitende werden in das KBM eingef\u00fchrt.<\/li>\n<li><strong>Erfasste Themen und Ph\u00e4nomene<\/strong><br>Es werden alle Formen von zielgerichteter Gewalt erfasst, insbesondere angedrohte Gewalttaten in Zusammenhang mit a) H\u00e4uslicher Gewalt sowie Drohungen, die b) die Verwaltungs- oder c) Schulsicherheit gef\u00e4hrden.<\/li>\n<\/ul>\n<p>Die Ber\u00fccksichtigung aller genannten Aspekte eines KBM f\u00fchrt zu einer idealtypischen Variante beim Management von Menschen mit einer (m\u00f6glicherweise) erh\u00f6hten Gef\u00e4hrlichkeit. Auch thematisch oder organisatorisch enger gefasste Projekte, k\u00f6nnen als KBM bezeichnet werden sowie der gestaffelte Aufbau eines thematisch umfassenden KBMs. Wenn jedoch nur eine Beh\u00f6rde, typischerweise die Polizei, Bedrohungslagen situativ und personell einsch\u00e4tzt, kann nicht von einem KBM gesprochen werden.<\/p>\n<\/div><\/div><div class=\"default-container content-part replaced-hr\"><div class=\"inner-padding\">\n<h3>Qualit\u00e4tsstandards des kantonalen Bedrohungsmanagements<\/h3>\n<p>Das Kantonale Bedrohungsmanagement bildet im Bereich der pr\u00e4ventiv-polizeilichen Gefahrenabwehr einen wichtigen Pfeiler und tr\u00e4gt insbesondere zur Bek\u00e4mpfung von h\u00e4uslicher Gewalt sowie zur Verhinderung und Bek\u00e4mpfung von Radikalisierung und gewaltt\u00e4tigem Extremismus bei. Es leistet damit einen wichtigen Beitrag zur Reduktion der Anzahl schwerer Gewaltdelikte in diesem Kontext.<\/p>\n<p>Die Schweizerische Kriminalpr\u00e4vention (SKP) wurde <strong>2014<\/strong> durch ihre <a href=\"https:\/\/www.skppsc.ch\/de\/die-skp\/\" target=\"_blank\" rel=\"noopener\">Leitungskommission<\/a> beauftragt, eine <a href=\"https:\/\/www.skppsc.ch\/de\/wp-content\/uploads\/sites\/2\/2017\/05\/kurzberichtumfrage.pdf\" target=\"_blank\" rel=\"noopener noreferrer\">Umfrage<\/a> zur Situationsanalyse in den einzelnen Schweizer Kantonen durchzuf\u00fchren. Ziel war es, nebst dem allgemeinen Status Quo in Erfahrung zu bringen, welche Analyseinstrumente zur Gef\u00e4hrlichkeitseinsch\u00e4tzung in den Kantonen verwendet werden und welche Erfahrungen diesbez\u00fcglich gemacht wurden, sowie die Koordination zwischen den Kantonen zu erleichtern und die betroffenen kantonalen Fachpersonen und Stellen zu vernetzen. Der ausf\u00fchrliche Bericht mit den Kontaktdaten aus den Kantonen kann \u00fcber das <a href=\"https:\/\/www.skppsc.ch\/de\/login\/?redirect_to=https:\/\/www.skppsc.ch\/de\/intranet\/\" target=\"_blank\" rel=\"noopener noreferrer\">SKP-Intranet<\/a> f\u00fcr Polizeikreise heruntergeladen werden.<\/p>\n<p>Aufgrund der grossen Bedeutung des Kantonalen Bedrohungsmanagements bei der Bek\u00e4mpfung H\u00e4uslicher Gewalt haben sich die Kantone im Fr\u00fchjahr <strong>2021<\/strong> im Rahmen der mit dem Bund gemeinsam verabschiedeten <a href=\"https:\/\/www.bj.admin.ch\/bj\/de\/home\/gesellschaft\/haeusliche-gewalt\/strategischer-dialog.html\" target=\"_blank\" rel=\"noopener\">Roadmap H\u00e4usliche Gewalt<\/a> daf\u00fcr ausgesprochen, einen Schwerpunkt auf die weitere St\u00e4rkung des Kantonalen Bedrohungsmanagements zu legen.<\/p>\n<p>In der Folge wurde eine Arbeitsgruppe der <a href=\"https:\/\/www.kkpks.ch\/\" target=\"_blank\" rel=\"noopener\">KKPKS<\/a> damit beauftragt, Qualit\u00e4tsstandards f\u00fcr ein Kantonales Bedrohungsmanagements zu erarbeiten. Als Ausgangspunkt diente die durch die Schweizerische Kriminalpr\u00e4vention publizierte Situationsanalyse. Als Ergebnis liegt nun ein <a href=\"https:\/\/www.skppsc.ch\/de\/wp-content\/uploads\/sites\/2\/2026\/03\/grundlagenpapier_kbm-qualitatsstandards_aktualisierung_20250910_d.pdf\" target=\"_blank\" rel=\"noopener\">Grundlagenpapier zur Definition von Qualit\u00e4tsstandards f\u00fcr ein Kantonales Bedrohungsmanagements<\/a> vor.<\/p>\n<p>Im Jahr <strong>2023<\/strong> wurde durch eine kantons\u00fcbergreifende Erfahrungsarbeitsgruppe (CH-Erfa-Team Bedrohungsmanagement) ein Controlling-Instrument bez\u00fcglich Umsetzung der KBM QM-Standards entwickelt. Die KKPKS hat dieses genehmigt, worauf eine Umfrage zur Umsetzung in den Kantonen durchgef\u00fchrt wurde. Die \u00dcbersicht der Ergebnisse kann <a href=\"https:\/\/www.skppsc.ch\/de\/wp-content\/uploads\/sites\/2\/2026\/01\/uebersicht-kbm-schweiz_stand-januar-2026.pdf\" target=\"_blank\" rel=\"noopener\">hier<\/a> eingesehen werden. In der Zwischenzeit wurde eine formelle <em>Arbeitsgruppe Kantonales Bedrohungsmanagement (AG KBM)<\/em> bei der Vereinigung der Schweizerischen Kripochefs (VSKC) angesiedelt. Die Arbeitsgruppe ist insbesondere f\u00fcr den interkantonalen Informationsaustausch, die Harmonisierung der Abl\u00e4ufe und Strukturen sowie f\u00fcr das CH-Erfa-Team Bedrohungsmanagement zust\u00e4ndig.<\/p>\n<h3>Bedrohungsmanagements nach Kantonen<\/h3>\n<p><a href=\"https:\/\/www.ag.ch\/de\/verwaltung\/dvi\/kantonspolizei\/abm\" target=\"_blank\" rel=\"noopener\">Bedrohungsmanagement der Kantonspolizei Aargau<\/a><\/p>\n<p><a href=\"https:\/\/www.sg.ch\/sicherheit\/kantonspolizei\/praevention--jugend--cybercrime\/bedrohungs--und-risikomanagement--gewaltpraevention-.html\" target=\"_blank\" rel=\"noopener\">Bedrohungs- und Risikomanagement des Kantons St. Gallen<\/a><\/p>\n<p><a href=\"https:\/\/www.ne.ch\/autorites\/DJSC\/PONE\/GCM\/Pages\/accueil.aspx\" target=\"_blank\" rel=\"noopener noreferrer\">Bedrohungsmanagement der Kantonspolizei Neuenburg<\/a><\/p>\n<p><a href=\"https:\/\/www.bedrohungsmanagement.police.be.ch\/\" target=\"_blank\" rel=\"noopener noreferrer\">Bedrohungsmanagement der Kantonspolizei Bern<\/a><\/p>\n<p><a href=\"https:\/\/www.kbm.zh.ch\" target=\"_blank\" rel=\"noopener noreferrer\">Kantonales Bedrohungsmanagement der Kantonspolizei Z\u00fcrich<\/a><\/p>\n<p><a href=\"https:\/\/bedrohung.so.ch\/\" target=\"_blank\" rel=\"noopener noreferrer\">Kantonales Bedrohungsmanagement des Kantons Solothurn<\/a><\/p>\n<p><a href=\"https:\/\/www.gl.ch\/verwaltung\/sicherheit-und-justiz\/kantonspolizei\/regionalpolizei\/fachdienst-sicherheitspolizei\/kantonales-bedrohungsmanagement.html\/1116\" target=\"_blank\" rel=\"noopener noreferrer\">Kantonales Bedrohungsmanagement des Kantons Glarus <\/a><\/p>\n<p><a href=\"https:\/\/gewaltpraevention.lu.ch\/\" target=\"_blank\" rel=\"noopener noreferrer\">Kantonales Bedrohungsmanagement des Kantons Luzern <\/a><\/p>\n<p><a href=\"https:\/\/www.stadt-zuerich.ch\/de\/stadtleben\/sicherheit\/gewalt\/bedrohungsmanagement.html\" target=\"_blank\" rel=\"noopener noreferrer\">Bedrohungsmanagement der Stadt Z\u00fcrich <\/a><\/p>\n<p><a href=\"https:\/\/kapo.tg.ch\/ueber-uns\/fachstelle-gabm.html\/2226\" target=\"_blank\" rel=\"noopener noreferrer\">Fachstelle Gefahrenabwehr und Bedrohungsmanagement des Kantons Thurgau <\/a><\/p>\n<p><a href=\"https:\/\/www.baselland.ch\/politik-und-behorden\/direktionen\/sicherheitsdirektion\/polizei\/dienst-gewaltschutz\/fachstelle-bedrohungsmanagement\" target=\"_blank\" rel=\"noopener noreferrer\">Bedrohungsmanagement des Kantons Baselland<\/a><\/p>\n<p><a href=\"https:\/\/www.fr.ch\/de\/polizei-und-sicherheit\/praevention\/einheit-bedrohungsmanagement-ebm\" target=\"_blank\" rel=\"noopener\">Bedrohungsmanagement der Kantonspolizei Freiburg<\/a><\/p>\n<p><a href=\"https:\/\/www.ur.ch\/kbm\">Bedrohungsmanagement der Kantonspolizei Uri<\/a><\/p>\n<p><a href=\"https:\/\/www.stadt.sg.ch\/home\/gesellschaft-sicherheit\/sicherheit-polizei\/praevention\/bedrohungs--und-risikomanagement.html\">Gewaltschutz der Stadtpolizei St. Gallen<\/a><\/p>\n<\/div><\/div><div class=\"full content-part image-wrapper image-976\"><img width=\"2560\" height=\"1280\" src=\"https:\/\/www.skppsc.ch\/de\/wp-content\/uploads\/sites\/2\/2017\/05\/bedrohungsmanagement3-2560x1280.jpg\" class=\"attachment-skp-large-force-ratio size-skp-large-force-ratio\" alt=\"\" srcset=\"https:\/\/www.skppsc.ch\/de\/wp-content\/uploads\/sites\/2\/2017\/05\/bedrohungsmanagement3-2560x1280.jpg 2560w, https:\/\/www.skppsc.ch\/de\/wp-content\/uploads\/sites\/2\/2017\/05\/bedrohungsmanagement3-300x150.jpg 300w, https:\/\/www.skppsc.ch\/de\/wp-content\/uploads\/sites\/2\/2017\/05\/bedrohungsmanagement3-768x384.jpg 768w, https:\/\/www.skppsc.ch\/de\/wp-content\/uploads\/sites\/2\/2017\/05\/bedrohungsmanagement3-640x320.jpg 640w, https:\/\/www.skppsc.ch\/de\/wp-content\/uploads\/sites\/2\/2017\/05\/bedrohungsmanagement3-1280x640.jpg 1280w\" sizes=\"(max-width: 2560px) 100vw, 2560px\"><\/div><div class=\"default-container content-part\"><div class=\"inner-padding\">\n\n\n<h3 class=\"wp-block-heading\">Informationen und Hinweise zum Umgang mit Staatsverweigerer und Selbstverwalter<\/h3>\n\n\n\n<p>Von den Mitgliedern der AG KBM sowie des Gremiums \u201cSensibilisierungsmassnahmen Staatsverweigerer\u201d, wurde <strong>2024 <\/strong>ein <a href=\"https:\/\/www.skppsc.ch\/de\/wp-content\/uploads\/sites\/2\/2024\/03\/staatsverweigerer_broschuere_de.pdf\" target=\"_blank\" rel=\"noreferrer noopener\">Faktenblatt<\/a> zum Ph\u00e4nomen \u201cStaatsverweigerer und Selbstverwalter\u201c erstellt. Das Dokument ist prim\u00e4r an \u00c4mter auf allen Stufen gerichtet (Bund, Kantone, St\u00e4dte\/Gemeinden), die sich mit dem Ph\u00e4nomen \u201cStaatsverweigerer und Selbstverwalter\u201c konfrontiert sehen und enth\u00e4lt Informationen zum Ph\u00e4nomen und Hinweise zum herausfordernden Umgang mit Angeh\u00f6rigen dieser Gruppen. Es ist als PDF-Dokument verf\u00fcgbar und kann bei Bedarf ausgedruckt und beh\u00f6rdenintern weitergegeben werden.<\/p>\n\n\n\n<p>Liste zu den regionalen Fach- und Anlaufstellen: <a href=\"http:\/\/www.svs.admin.ch\/radikalisierung\" data-type=\"link\" data-id=\"http:\/\/www.svs.ch\/radikalisierung\" target=\"_blank\" rel=\"noreferrer noopener\">www.svs.admin.ch\/radikalisierung<\/a><\/p>\n\n\n\n<p><\/p>\n\n\n\n<p><\/p>\n<\/div><\/div><\/body><\/html>","protected":false},"excerpt":{"rendered":"<p>Die Erfahrungen von polizeilichen Fachpersonen zeigen, dass es im Vorfeld von schweren zielgerichteten Gewalttaten immer Anzeichen gab bzw. dass der T\u00e4ter oder die T\u00e4terin vorg\u00e4ngig bestimmte Merkmale aufwies und\/oder Verhaltensweisen an den Tag legte (Leaking). Ziel eines Bedrohungsmanagements ist es, diese Vorzeichen zu erkennen, die Eintrittswahrscheinlichkeit des drohenden Verhaltens einzusch\u00e4tzen und gegebenenfalls zu entsch\u00e4rfen. Damit dieses <em>Erkennen<\/em>, <em>Einsch\u00e4tzen<\/em> und <em>Entsch\u00e4rfen<\/em> gelingt, ist eine systematische, \u00fcberinstitutionelle und professionelle Zusammenarbeit notwendig. Nur so k\u00f6nnen die Informationen, die das <em>Erkennen<\/em>, <em>Einsch\u00e4tzen<\/em> und <em>Entsch\u00e4rfen<\/em> von Bedrohungen erm\u00f6glichen, zusammengetragen werden.<\/p>\n","protected":false},"author":349,"featured_media":975,"parent":4124,"menu_order":30,"comment_status":"closed","ping_status":"closed","template":"","meta":{"showSharingButtons":false,"skp-theme-color":"fourteen","_subtitle":null,"alternative_title":"Kantonales Bedrohungs- management","seoDescription":"","seoKeywords":"","seoTitle":"","featuredVideoEmbedCode":"","featuredYoutubeVideoId":"","notes":"","redirectToPostId":0,"skp-further-information":"<p>Das private <a href=\"http:\/\/www.i-p-bm.com\/\" target=\"_blank\" rel=\"noopener\">Institut Psychologie und Bedrohungsmanagement \u2013 I:P:Bm<\/a> in Deutschland bietet zahlreiche Kurse, Seminare und Konferenzen rund um das Thema Bedrohungsmanagement an. <a href=\"http:\/\/www.aetap.eu\/\" target=\"_blank\" rel=\"noopener\">Association of European Threat Assessment Professionals AETAP:<\/a> der europ\u00e4ische Fachverband f\u00fcr Bedrohungsmanager<\/p>","hideTile":false,"pageType":"","editor_notices":[],"footnotes":""},"topic":[],"class_list":["post-972","page","type-page","status-publish","has-post-thumbnail","hentry"],"aioseo_notices":[],"_links":{"self":[{"href":"https:\/\/www.skppsc.ch\/de\/wp-json\/wp\/v2\/pages\/972","targetHints":{"allow":["GET"]}}],"collection":[{"href":"https:\/\/www.skppsc.ch\/de\/wp-json\/wp\/v2\/pages"}],"about":[{"href":"https:\/\/www.skppsc.ch\/de\/wp-json\/wp\/v2\/types\/page"}],"author":[{"embeddable":true,"href":"https:\/\/www.skppsc.ch\/de\/wp-json\/wp\/v2\/users\/349"}],"replies":[{"embeddable":true,"href":"https:\/\/www.skppsc.ch\/de\/wp-json\/wp\/v2\/comments?post=972"}],"version-history":[{"count":0,"href":"https:\/\/www.skppsc.ch\/de\/wp-json\/wp\/v2\/pages\/972\/revisions"}],"up":[{"embeddable":true,"href":"https:\/\/www.skppsc.ch\/de\/wp-json\/wp\/v2\/pages\/4124"}],"wp:featuredmedia":[{"embeddable":true,"href":"https:\/\/www.skppsc.ch\/de\/wp-json\/wp\/v2\/media\/975"}],"wp:attachment":[{"href":"https:\/\/www.skppsc.ch\/de\/wp-json\/wp\/v2\/media?parent=972"}],"wp:term":[{"taxonomy":"topic","embeddable":true,"href":"https:\/\/www.skppsc.ch\/de\/wp-json\/wp\/v2\/topic?post=972"}],"curies":[{"name":"wp","href":"https:\/\/api.w.org\/{rel}","templated":true}]}}