{"id":1081,"date":"2018-12-20T15:22:21","date_gmt":"2018-12-20T14:22:21","guid":{"rendered":"https:\/\/www.skppsc.ch\/fr\/?page_id=1081"},"modified":"2026-02-26T12:09:45","modified_gmt":"2026-02-26T11:09:45","slug":"boussole-du-courage-civique","status":"publish","type":"page","link":"https:\/\/www.skppsc.ch\/fr\/projets\/courage-civique\/boussole-du-courage-civique\/","title":{"rendered":"Boussole du courage civique"},"content":{"rendered":"<html><body><div class=\"default-container content-part\"><div class=\"inner-padding\"><div><strong>Ce projet poursuivait deux objectifs :<\/strong><\/div>\n<ul>\n<li>donner \u00e0 la population des consignes et des informations claires sur la fa\u00e7on de faire preuve de courage civique dans certaines situations et<\/li>\n<li>pr\u00e9senter la police comme une organisation moderne et fiable, proche des citoyens, qui peuvent s\u2019adresser \u00e0 elle quand ils ont des questions ou des pr\u00e9occupations.\u00a0<\/li>\n<\/ul>\n<div>Par un bref message vid\u00e9o, une polici\u00e8re ou un policier s\u2019adressait directement au public. <span class=\"TextRun Highlight SCXW183665815 BCX8\" lang=\"FR-CH\" xml:lang=\"FR-CH\" data-contrast=\"auto\"><span class=\"NormalTextRun SCXW183665815 BCX8\">Le but \u00e9tait d\u2019appeler la population \u00e0 faire preuve de courage civique.<\/span><\/span><span class=\"EOP SCXW183665815 BCX8\" data-ccp-props=\"{}\">\u00a0<\/span><\/div>\n<div>\u00a0<\/div>\n<div>Site Internet : <a href=\"http:\/\/www.couragecivique.ch\" target=\"_blank\" rel=\"noopener noreferrer\">www.couragecivique.ch<\/a><\/div>\n<\/div><\/div><\/body><\/html>","protected":false},"excerpt":{"rendered":"<p>En 2018, le projet \u00ab Faire preuve de courage civique, mais comment ? \u00bb \u00e9tait lanc\u00e9 conjointement par la Pr\u00e9vention Suisse de la Criminalit\u00e9, les corps de police cantonaux et ceux des grandes villes. Il a \u00e9t\u00e9 relanc\u00e9 en 2021 sur les r\u00e9seaux sociaux.<\/p>\n","protected":false},"author":349,"featured_media":1082,"parent":2165,"menu_order":2,"comment_status":"closed","ping_status":"closed","template":"","meta":{"showSharingButtons":false,"skp-theme-color":"three","_subtitle":null,"alternative_title":"","seoDescription":"","seoKeywords":"","seoTitle":"","featuredVideoEmbedCode":"","featuredYoutubeVideoId":"","notes":"","redirectToPostId":0,"skp-further-information":"","hideTile":false,"pageType":"","editor_notices":[],"footnotes":""},"topic":[],"class_list":["post-1081","page","type-page","status-publish","has-post-thumbnail","hentry"],"aioseo_notices":[],"_links":{"self":[{"href":"https:\/\/www.skppsc.ch\/fr\/wp-json\/wp\/v2\/pages\/1081","targetHints":{"allow":["GET"]}}],"collection":[{"href":"https:\/\/www.skppsc.ch\/fr\/wp-json\/wp\/v2\/pages"}],"about":[{"href":"https:\/\/www.skppsc.ch\/fr\/wp-json\/wp\/v2\/types\/page"}],"author":[{"embeddable":true,"href":"https:\/\/www.skppsc.ch\/fr\/wp-json\/wp\/v2\/users\/349"}],"replies":[{"embeddable":true,"href":"https:\/\/www.skppsc.ch\/fr\/wp-json\/wp\/v2\/comments?post=1081"}],"version-history":[{"count":0,"href":"https:\/\/www.skppsc.ch\/fr\/wp-json\/wp\/v2\/pages\/1081\/revisions"}],"up":[{"embeddable":true,"href":"https:\/\/www.skppsc.ch\/fr\/wp-json\/wp\/v2\/pages\/2165"}],"wp:featuredmedia":[{"embeddable":true,"href":"https:\/\/www.skppsc.ch\/fr\/wp-json\/wp\/v2\/media\/1082"}],"wp:attachment":[{"href":"https:\/\/www.skppsc.ch\/fr\/wp-json\/wp\/v2\/media?parent=1081"}],"wp:term":[{"taxonomy":"topic","embeddable":true,"href":"https:\/\/www.skppsc.ch\/fr\/wp-json\/wp\/v2\/topic?post=1081"}],"curies":[{"name":"wp","href":"https:\/\/api.w.org\/{rel}","templated":true}]}}