{"id":12,"date":"2016-11-04T15:27:07","date_gmt":"2016-11-04T14:27:07","guid":{"rendered":"https:\/\/www.skppsc.ch\/de\/?page_id=12"},"modified":"2026-05-01T12:20:05","modified_gmt":"2026-05-01T10:20:05","slug":"stalking","status":"publish","type":"page","link":"https:\/\/www.skppsc.ch\/fr\/sujets\/violence\/stalking\/","title":{"rendered":"Stalking"},"content":{"rendered":"<html><body><div class=\"default-container content-part\"><div class=\"inner-padding\"><h2 class=\" foreground-primary\">D\u00e9finition<\/h2>\n<p>Le mot\u00a0anglais\u00a0<strong>stalking\u00a0<\/strong>est issu du domaine de la chasse et d\u00e9signe le fait de\u202ftraquer, de suivre une piste sans rel\u00e2che. Au sens figur\u00e9, le stalking d\u00e9signe de fa\u00e7on g\u00e9n\u00e9rale\u202fle fait de poursuivre et\/ou d\u2019importuner une personne de mani\u00e8re d\u00e9lib\u00e9r\u00e9e et persistante. Le stalking menace et l\u00e8se directement, indirectement ou \u00e0 terme, l\u2019int\u00e9grit\u00e9 physique ou psychique de la personne harcel\u00e9e, et le cas \u00e9ch\u00e9ant de ses enfants et de ses proches. En outre, il peut entra\u00eener un isolement social.<\/p>\n<\/div><\/div><div class=\"default-container content-part   \" style=\";\"><div class=\"inner-padding\">\n<h2 class=\" foreground-primary\">Comportements typiques de stalking<\/h2>\n<p>Le <strong>stalking<\/strong> n\u2019est pas un acte isol\u00e9 mais r\u00e9sulte d\u2019activit\u00e9s diverses, combin\u00e9es et r\u00e9p\u00e9t\u00e9es se manifestant souvent par les comportements suivants\u2009:<\/p>\n<ul>\n<li>Communication non souhait\u00e9e par un nombre excessif de lettres<\/li>\n<li>Appels t\u00e9l\u00e9phoniques constants, de jour comme de nuit<\/li>\n<li>Observation, guet voire poursuite de la victime, espionnage de ses journ\u00e9es<\/li>\n<li>Contacts avec des tiers pour les interroger ou leur faire passer des messages<\/li>\n<li>Interception et ouverture du courrier de la victime<\/li>\n<li>Accusations mensong\u00e8res, par exemple \u00e0 la police ou \u00e0 l\u2019employeur<\/li>\n<li>Envoi de commandes et d\u00e9p\u00f4t d\u2019annonces au nom de la victime, par exemple \u00e0 caract\u00e8re sexuel, ou encore d\u2019avis de d\u00e9c\u00e8s<\/li>\n<li>Envoi non sollicit\u00e9 de cadeaux<\/li>\n<li>Insultes et menaces<\/li>\n<li>Violation du domicile de la victime<\/li>\n<li>Dommages \u00e0 sa propri\u00e9t\u00e9et vol de biens appartenant \u00e0 la victime<\/li>\n<li>Agressions corporelles et sexuelles<\/li>\n<\/ul>\n<p>On parle de <strong>cyber-stalking<\/strong> lorsque ce comportement intrusif utilise Internet ou des m\u00e9dias \u00e9lectroniques. Il se manifeste souvent par les comportements suivants\u00a0\u2009:<\/p>\n<ul>\n<li>Communication non souhait\u00e9e par un nombre excessif de courriels, de SMS ou de messages via des services de messagerie en ligne<\/li>\n<li>Espionnage des activit\u00e9s en ligne de la victime<\/li>\n<li>Abus des r\u00e9seaux sociaux pour nuire \u00e0 la victime, par exemple cr\u00e9ation de faux profils, mise en ligne d\u2019informations priv\u00e9es sur Internet<\/li>\n<\/ul>\n<\/div><\/div><div class=\"full content-part image-wrapper image-365\"><img width=\"2560\" height=\"1280\" src=\"https:\/\/www.skppsc.ch\/fr\/wp-content\/uploads\/sites\/5\/2016\/11\/stalking2-2560x1280.jpg\" class=\"attachment-skp-large-force-ratio size-skp-large-force-ratio\" alt=\"\" srcset=\"https:\/\/www.skppsc.ch\/fr\/wp-content\/uploads\/sites\/5\/2016\/11\/stalking2-2560x1280.jpg 2560w, https:\/\/www.skppsc.ch\/fr\/wp-content\/uploads\/sites\/5\/2016\/11\/stalking2-300x150.jpg 300w, https:\/\/www.skppsc.ch\/fr\/wp-content\/uploads\/sites\/5\/2016\/11\/stalking2-768x384.jpg 768w, https:\/\/www.skppsc.ch\/fr\/wp-content\/uploads\/sites\/5\/2016\/11\/stalking2-640x320.jpg 640w, https:\/\/www.skppsc.ch\/fr\/wp-content\/uploads\/sites\/5\/2016\/11\/stalking2-1280x640.jpg 1280w\" sizes=\"(max-width: 2560px) 100vw, 2560px\"><\/div><div class=\"default-container content-part\"><div class=\"inner-padding\">\n<h2 class=\" foreground-primary\">Causes<\/h2>\n<p>Il n\u2019est gu\u00e8re possible d\u2019expliquer en quelques mots les motivations que peuvent avoir les stalkers, hommes ou femmes. Les mobiles les plus fr\u00e9quents du stalking sont la vengeance, la haine et le besoin irr\u00e9pressible de se mettre en valeur, par ex. dans le cas d\u2019une personne\u00a0qui ne tol\u00e8re pas que son\/sa partenaire demande une s\u00e9paration, qui ne supporte pas d\u2019avoir \u00e9t\u00e9 rejet\u00e9e par quelqu\u2019un avec qui elle souhaite avoir une relation intime (folie \u00e9rotique), qui veut se venger d\u2019un tort subi (ou imagin\u00e9), par ex. un licenciement, ou encore qui ne re\u00e7oit pas l\u2019attention publique souhait\u00e9e et cherche \u00e0 l\u2019obtenir, ne serait-ce qu\u2019indirectement.<\/p>\n<p>Le stalking touche toutes les classes sociales et concerne aussi bien les hommes que les femmes, quelle que soit leur orientation sexuelle. On ne dispose pas de chiffres \u00e9tablis concernant le nombre de victimes en Suisse, mais ce qui est certain, c\u2019est que les personnes qui commettent ce d\u00e9lit sont g\u00e9n\u00e9ralement issues de l\u2019entourage social de la victime et que les auteurs sont nettement plus souvent des hommes que des femmes.<\/p>\n<\/div><\/div><div class=\"default-container content-part   \" style=\";\"><div class=\"inner-padding\">\n<h2 class=\" foreground-primary\">Situation juridique<\/h2>\n<p>Depuis le 1<sup>er<\/sup> janvier 2026, le stalking est un d\u00e9lit inscrit dans le Code p\u00e9nal suisse (CP) sous la d\u00e9signation de\u00a0<strong>harc\u00e8lement<\/strong> (<a href=\"https:\/\/www.fedlex.admin.ch\/eli\/cc\/54\/757_781_799\/fr#art_181_b\" target=\"_blank\" rel=\"noopener\">art. 181b<\/a>) :<\/p>\n<p>\u00ab\u00a0Quiconque, obstin\u00e9ment, traque, importune ou menace une personne d\u2019une mani\u00e8re propre \u00e0 l\u2019entraver consid\u00e9rablement dans la libre d\u00e9termination de sa fa\u00e7on de vivre, est, sur plainte, puni d\u2019une peine privative de libert\u00e9 de trois ans au plus ou d\u2019une peine p\u00e9cuniaire.\u00a0\u00bb<\/p>\n<p>Le stalking est donc un <strong>d\u00e9lit poursuivi sur plainte\u00a0<\/strong>: toute personne qui se sent victime de stalking peut d\u00e9poser une plainte aupr\u00e8s de la police et d\u00e9clencher ainsi des enqu\u00eates de police contre la personne \u00e0 l\u2019origine du harc\u00e8lement.<\/p>\n<p>Des mesures de protection peuvent \u00e9galement \u00eatre obtenues dans le cadre d\u2019une proc\u00e9dure civile (art. 28b et 28c CC).<\/p>\n<p>\u00c9tant donn\u00e9 qu\u2019en cas de stalking, les personnes impliqu\u00e9es ont souvent entretenu ou entretiennent encore une relation personnelle de couple, le stalking peut \u00eatre vu comme une forme de violence domestique (voir \u00e0 cet \u00e9gard la brochure de la PSC <a href=\"https:\/\/www.skppsc.ch\/fr\/download\/peril-en-la-demeure\/\" target=\"_blank\" rel=\"noopener\">\u00ab\u00a0P\u00e9ril en la demeure\u00a0\u00bb<\/a>). Pr\u00e9cisons \u00e9galement que, de toute fa\u00e7on, certains des actes punissables indiqu\u00e9s plus haut rel\u00e8vent d\u00e9j\u00e0 en soi des <strong>d\u00e9lits poursuivis d\u2019office <\/strong>tels que la menace, le cambriolage, les l\u00e9sions corporelles ou les agressions sexuelles.<\/p>\n<\/div><\/div><div class=\"default-container content-part   \" style=\";\"><div class=\"inner-padding\">\n<h2 class=\" foreground-primary\">Que fait la police\u2009?<\/h2>\n<p>M\u00eame si le stalking est per\u00e7u au d\u00e9but comme une intrusion d\u00e9sagr\u00e9able dans la sph\u00e8re priv\u00e9e, les actes des stalkers qui semblent bienveillants au commencement vont rapidement changer. Les stalkers peuvent devenir dangereux car ils ou elles souffrent souvent d\u2019une perception d\u00e9form\u00e9e et interpr\u00e8tent incorrectement le refus de leur victime ou n\u2019en ont m\u00eame pas du tout conscience.<\/p>\n<p>De nombreux stalkers laissent leur victime tranquille \u00e0 partir du moment o\u00f9 les autorit\u00e9s interviennent. Plus des limites claires leur sont impos\u00e9es t\u00f4t par la police, plus les stalkers cesseront leurs agissements et moins les victimes auront \u00e0 craindre de cons\u00e9quences graves. Il n\u2019est donc pas indiqu\u00e9 de ne pas les d\u00e9noncer aux autorit\u00e9s par crainte de r\u00e9actions encore pires de leur part.<\/p>\n<p>Lorsqu\u2019une plainte est d\u00e9pos\u00e9e, la police va d\u2019abord prendre connaissance de l\u2019ensemble des circonstances de l\u2019affaire et les classer sur le plan p\u00e9nal. Le cas \u00e9ch\u00e9ant, elle mettra en place un dispositif de\u00a0<a href=\"https:\/\/www.skppsc.ch\/fr\/reseaux\/gestion-des-menaces-au-niveau-cantonal\/\" target=\"_blank\" rel=\"noopener\">gestion des menaces<\/a> pour reconna\u00eetre, \u00e9valuer et d\u00e9samorcer les menaces et les mises en danger.<\/p>\n<p>La police peut interpeller les harceleuses et harceleurs pour mise en danger potentielle d\u2019autrui, le cas \u00e9ch\u00e9ant les arr\u00eater provisoirement ou prononcer une interdiction de contact et de p\u00e9rim\u00e8tre de dur\u00e9e limit\u00e9e vis-\u00e0-vis de la victime et, le cas \u00e9ch\u00e9ant, de ses enfants.<\/p>\n<p>En cas de menace grave et imminente, elle doit imp\u00e9rativement appeler la police au 117.<\/p>\n<\/div><\/div><div class=\"full content-part image-wrapper image-367\"><img width=\"2560\" height=\"1280\" src=\"https:\/\/www.skppsc.ch\/fr\/wp-content\/uploads\/sites\/5\/2016\/11\/stalking3-2560x1280.jpg\" class=\"attachment-skp-large-force-ratio size-skp-large-force-ratio\" alt=\"\" srcset=\"https:\/\/www.skppsc.ch\/fr\/wp-content\/uploads\/sites\/5\/2016\/11\/stalking3-2560x1280.jpg 2560w, https:\/\/www.skppsc.ch\/fr\/wp-content\/uploads\/sites\/5\/2016\/11\/stalking3-300x150.jpg 300w, https:\/\/www.skppsc.ch\/fr\/wp-content\/uploads\/sites\/5\/2016\/11\/stalking3-768x384.jpg 768w, https:\/\/www.skppsc.ch\/fr\/wp-content\/uploads\/sites\/5\/2016\/11\/stalking3-640x320.jpg 640w, https:\/\/www.skppsc.ch\/fr\/wp-content\/uploads\/sites\/5\/2016\/11\/stalking3-1280x640.jpg 1280w\" sizes=\"(max-width: 2560px) 100vw, 2560px\"><\/div><div class=\"default-container content-part\"><div class=\"inner-padding\">\n<\/div><\/div><div class=\"default-container clues content-part children-count-2 children-count-even\"><div class=\"inner-padding\"><a id=\"tips\"><\/a><h2 class=\"subcontent-main-title foreground-primary foreground-primary\">Comment se prot\u00e9ger?<\/h2><div class=\"clues-inner-table clues-count-even\"><div class=\"clue-item clues-count-even clues-count-2 background-faded\"><div class=\"clue was-koennen-sie-als-betroffene-person-tun\"><p class=\"clue-image\"><img loading=\"lazy\" decoding=\"async\" width=\"640\" height=\"320\" src=\"https:\/\/www.skppsc.ch\/fr\/wp-content\/uploads\/sites\/5\/2016\/12\/stalkingtipp1-640x320.jpg\" class=\"attachment-skp-thumbnail-force-ratio size-skp-thumbnail-force-ratio wp-post-image\" alt=\"\" srcset=\"https:\/\/www.skppsc.ch\/fr\/wp-content\/uploads\/sites\/5\/2016\/12\/stalkingtipp1-640x320.jpg 640w, https:\/\/www.skppsc.ch\/fr\/wp-content\/uploads\/sites\/5\/2016\/12\/stalkingtipp1-300x150.jpg 300w, https:\/\/www.skppsc.ch\/fr\/wp-content\/uploads\/sites\/5\/2016\/12\/stalkingtipp1-768x384.jpg 768w, https:\/\/www.skppsc.ch\/fr\/wp-content\/uploads\/sites\/5\/2016\/12\/stalkingtipp1.jpg 800w\" sizes=\"auto, (max-width: 640px) 100vw, 640px\"><\/p><h3 class=\"clue-title background-primary foreground-title\">Que puis-je faire si\u00a0le stalking me concerne\u202f?<\/h3><p>Prenez la situation au s\u00e9rieux d\u00e8s le d\u00e9but\u00a0! Il est \u00e9tabli que le stalking a plut\u00f4t tendance \u00e0 augmenter en intensit\u00e9 avec le temps si l\u2019on ne fait rien pour le combattre. Les m\u00e9thodes qui ont fait leurs preuves sont les suivantes\u00a0:<\/p>\n<ul>\n<li><strong>Dites une fois (!) <\/strong>clairement et sans ambigu\u00eft\u00e9, et de pr\u00e9f\u00e9rence devant t\u00e9moins, \u00e0 la personne qui vous harc\u00e8le <strong>que vous ne souhaitez plus avoir le moindre contact avec elle.<\/strong><\/li>\n<li><strong>S\u00e9parez-vous \u00e9galement sur le plan num\u00e9rique\u00a0:<\/strong> veillez \u00e0 \u00eatre le seul\/la seule \u00e0 exercer le contr\u00f4le sur vos appareils, vos comptes et vos applications. S\u2019il existe des comptes communs, changez tous vos mots de passe. <strong>Bloquez<\/strong> tous les num\u00e9ros de t\u00e9l\u00e9phone et toutes les adresses \u00e9lectroniques du harceleur ou de la harceleuse. D\u00e9sactivez la g\u00e9olocalisation sur votre appareil mobile et vos applications. Contr\u00f4ler que tous vos profils sur les r\u00e9seaux sociaux soient marqu\u00e9s comme priv\u00e9s et v\u00e9rifiez-y la liste de vos contacts. Vous trouverez\u00a0<a href=\"https:\/\/www.bern.ch\/themen\/sicherheit\/schutz-vor-gewalt\/stalking\/cyberstalking\" target=\"_blank\" rel=\"noopener\">ici<\/a>\u00a0d'autres informations utiles (seulement en allemand).<\/li>\n<li>Restez <strong>inflexible\u00a0!<\/strong> N\u2019acceptez en aucun cas de nouvelles tentatives de contact.<\/li>\n<\/ul>\n<p>Si le stalking se poursuit malgr\u00e9 tout\u00a0:<\/p>\n<ul>\n<li>Demandez de l\u2019aide. Les\u00a0<a href=\"https:\/\/www.opferhilfe-schweiz.ch\/de\/wo-finde-ich-hilfe\/\" target=\"_blank\" rel=\"noopener\">centres de consultation pour l\u2019aide aux victimes<\/a> (<a href=\"tel:+41142\">T\u00e9l. 142<\/a>)\u00a0par exemple peuvent apporter un soutien.<\/li>\n<li>N\u2019h\u00e9sitez pas \u00e0 porter <strong>plainte<\/strong>. Il est important d\u2019agir le plus t\u00f4t possible contre le harc\u00e8lement obsessionnel. La police a les moyens de prendre des mesures d\u2019urgence.<\/li>\n<li><strong>Informez votre entourage priv\u00e9 et professionnel<\/strong> de la situation. La parole publique peut avoir un effet protecteur.<\/li>\n<li>Tenez un <strong>\u00ab\u00a0journal de stalking\u00a0\u00bb.<\/strong> Gardez une trace de tout ce que l\u2019auteur du harc\u00e8lement vous \u00e9crit, vous envoie ou vous fait, avec la date et l\u2019heure. En recueillant des preuves, vous pourrez \u00e9tayer vos griefs si une proc\u00e9dure p\u00e9nale vient \u00e0 \u00eatre engag\u00e9e. Vous avez la possibilit\u00e9 de remplir un\u00a0<a href=\"https:\/\/with-you.ch\/fr\/safe-withyou\">journal en ligne<\/a>\u00a0\u00e0 l'aide d'un outil s\u00e9curis\u00e9 Safe withyou.<\/li>\n<li><strong>En cas de menace s\u00e9rieuse,<\/strong> composez \u00e0 n\u2019importe quelle heure le num\u00e9ro d\u2019urgence de la police (117) !<\/li>\n<\/ul>\n<\/div><\/div><div class=\"clue-item clues-count-even clues-count-2 background-faded\"><div class=\"clue was-koennen-sie-als-angehoerige-tun\"><p class=\"clue-image\"><img loading=\"lazy\" decoding=\"async\" width=\"640\" height=\"320\" src=\"https:\/\/www.skppsc.ch\/fr\/wp-content\/uploads\/sites\/5\/2016\/12\/stalkingtipp2-640x320.jpg\" class=\"attachment-skp-thumbnail-force-ratio size-skp-thumbnail-force-ratio wp-post-image\" alt=\"\" srcset=\"https:\/\/www.skppsc.ch\/fr\/wp-content\/uploads\/sites\/5\/2016\/12\/stalkingtipp2-640x320.jpg 640w, https:\/\/www.skppsc.ch\/fr\/wp-content\/uploads\/sites\/5\/2016\/12\/stalkingtipp2-300x150.jpg 300w, https:\/\/www.skppsc.ch\/fr\/wp-content\/uploads\/sites\/5\/2016\/12\/stalkingtipp2-768x384.jpg 768w, https:\/\/www.skppsc.ch\/fr\/wp-content\/uploads\/sites\/5\/2016\/12\/stalkingtipp2.jpg 800w\" sizes=\"auto, (max-width: 640px) 100vw, 640px\"><\/p><h3 class=\"clue-title background-primary foreground-title\">Que puis-je faire si je suis un proche\u2009?<\/h3><ul>\n<li><strong>Ne jouez pas au m\u00e9diateur ou \u00e0 la m\u00e9diatrice !<\/strong> La situation est d\u00e9j\u00e0 assez compliqu\u00e9e comme \u00e7a et peut encore s\u2019envenimer non seulement par des actes irr\u00e9fl\u00e9chis de la victime mais aussi de ceux de ses proches. Ces derniers ne devraient ni demander des explications au stalker ni essayer de jouer les m\u00e9diateurs entre le stalker et la victime. <strong>La priorit\u00e9, c\u2019est la s\u00e9curit\u00e9 de la victime.<\/strong> D\u2019une mani\u00e8re g\u00e9n\u00e9rale, le mieux est de couper \u00e9galement tout contact avec le stalker. En outre, une attention particuli\u00e8re doit \u00eatre pr\u00eat\u00e9e \u00e0 la sph\u00e8re priv\u00e9e de la victime. Tr\u00e8s souvent, les stalkers tentent d\u2019obtenir des informations sur la personne qu\u2019ils harc\u00e8lent en passant par ses proches. Si des conversations de ce genre ne sont pas bloqu\u00e9es, elles risquent de servir de terreau \u00e0 de nouveaux actes de la part du stalker.<\/li>\n<li><strong>Soutenez la victime<\/strong>\u2009: la mission la plus importante des proches est d\u2019apporter un r\u00e9confort \u00e0 la victime. De nombreuses victimes se sentent d\u00e9sempar\u00e9es face aux actes du stalker et perdent rapidement leur assurance et leur confiance en elles. Du coup, elles s\u2019isolent socialement. Les proches devraient tenter d\u2019\u00e9viter \u00e7a en cherchant \u00e0 garder le contact avec la victime et l\u2019aider \u00e0 accomplir ses activit\u00e9s quotidiennes et \u00e0 occuper ses loisirs. Si la victime manifeste le besoin de parler de sa situation, l\u2019\u00e9couter attentivement et ne pas remettre en doute le r\u00e9cit de ce qu\u2019elle est en train de vivre. Les victimes de stalkers souffrent souvent de ne pas \u00eatre comprises par leur entourage. En outre, les parents et amis proches de la victime peuvent l\u2019aider \u00e0 franchir ce pas souvent difficile qui consiste \u00e0 aller \u00e0 la police ou dans un centre de consultation. Remplir ensemble le journal du stalking comme un rituel hebdomadaire aide la victime \u00e0 compiler avec pr\u00e9cision tous les \u00e9v\u00e9nements et facilite la discussion sur ce qui lui arrive.<\/li>\n<\/ul>\n<\/div><\/div><\/div><\/div><\/div><div class=\"default-container content-part\"><div class=\"inner-padding\">\n<\/div><\/div><div class=\"full content-part post-name-stalking-posez-des-limites  post-type-download\"><div class=\"inner-padding\"><p class=\"featured-image download hide-on-mobile\"><a href=\"https:\/\/www.skppsc.ch\/fr\/wp-content\/uploads\/sites\/5\/2016\/12\/stalking_fr.pdf\" download target=\"_blank\"><img loading=\"lazy\" decoding=\"async\" width=\"640\" height=\"914\" src=\"https:\/\/www.skppsc.ch\/fr\/wp-content\/uploads\/sites\/5\/2016\/12\/stalking_fr-640x914.jpg\" class=\"attachment-skp-thumbnail-keep-ratio size-skp-thumbnail-keep-ratio wp-post-image\" alt=\"\" srcset=\"https:\/\/www.skppsc.ch\/fr\/wp-content\/uploads\/sites\/5\/2016\/12\/stalking_fr-640x914.jpg 640w, https:\/\/www.skppsc.ch\/fr\/wp-content\/uploads\/sites\/5\/2016\/12\/stalking_fr-210x300.jpg 210w, https:\/\/www.skppsc.ch\/fr\/wp-content\/uploads\/sites\/5\/2016\/12\/stalking_fr-717x1024.jpg 717w, https:\/\/www.skppsc.ch\/fr\/wp-content\/uploads\/sites\/5\/2016\/12\/stalking_fr-768x1097.jpg 768w, https:\/\/www.skppsc.ch\/fr\/wp-content\/uploads\/sites\/5\/2016\/12\/stalking_fr.jpg 800w\" sizes=\"auto, (max-width: 640px) 100vw, 640px\"><\/a><\/p><div class=\"remaining-content\"><h2 class=\"sub-content-title  foreground-primary foreground-primary\">Stalking<\/h2><h3 class=\"sub-content-subtitle \">Cadre juridique \u2013 Mesures de lutte \u2013 Assistance<\/h3><p>Ce fascicule de 4 pages explique aux personnes victimes de stalking par quelles strat\u00e9gies et par quels actes concrets elles peuvent se prot\u00e9ger. Il informe en outre sur la situation l\u00e9gale, les mesures polici\u00e8res ainsi que les organismes sp\u00e9cialis\u00e9s dans le conseil aux victimes de stalking.<\/p>\n<p><!-- wp:file {\"id\":2533,\"href\":\"https:\/\/www.skppsc.ch\/fr\/wp-content\/uploads\/sites\/5\/2016\/12\/stalking_fr.pdf\"} --><\/p>\n<div class=\"wp-block-file\"><\/div>\n<p><!-- \/wp:file --><\/p>\n<p class=\"featured-image download mobile-only\"><a href=\"https:\/\/www.skppsc.ch\/fr\/wp-content\/uploads\/sites\/5\/2016\/12\/stalking_fr.pdf\" download target=\"_blank\"><img loading=\"lazy\" decoding=\"async\" width=\"640\" height=\"914\" src=\"https:\/\/www.skppsc.ch\/fr\/wp-content\/uploads\/sites\/5\/2016\/12\/stalking_fr-640x914.jpg\" class=\"attachment-skp-thumbnail-keep-ratio size-skp-thumbnail-keep-ratio wp-post-image\" alt=\"\" srcset=\"https:\/\/www.skppsc.ch\/fr\/wp-content\/uploads\/sites\/5\/2016\/12\/stalking_fr-640x914.jpg 640w, https:\/\/www.skppsc.ch\/fr\/wp-content\/uploads\/sites\/5\/2016\/12\/stalking_fr-210x300.jpg 210w, https:\/\/www.skppsc.ch\/fr\/wp-content\/uploads\/sites\/5\/2016\/12\/stalking_fr-717x1024.jpg 717w, https:\/\/www.skppsc.ch\/fr\/wp-content\/uploads\/sites\/5\/2016\/12\/stalking_fr-768x1097.jpg 768w, https:\/\/www.skppsc.ch\/fr\/wp-content\/uploads\/sites\/5\/2016\/12\/stalking_fr.jpg 800w\" sizes=\"auto, (max-width: 640px) 100vw, 640px\"><\/a><\/p><div class=\"download-bottom-actions \"><a href=\"https:\/\/www.skppsc.ch\/fr\/wp-content\/uploads\/sites\/5\/2016\/12\/stalking_fr.pdf\" download target=\"_blank\" class=\"large skp-icon skp-download-pdf download-icon \" title=\"\"><span class=\"link-text\"><\/span><\/a><u-add-to-cart :options='[{\"id\":359,\"title\":\"Stalking\",\"byline\":\"Faltblatt, A5, 10 Seiten, 2026\",\"lang\":\"de\",\"siteId\":2,\"cartHash\":\"29n\",\"amount\":0,\"max\":\"9999\",\"articleNumber\":\"10053\"},{\"id\":359,\"title\":\"Stalking\",\"byline\":\"Brochure, A5, 10 pages, 2026\",\"lang\":\"fr\",\"siteId\":5,\"cartHash\":\"57f\",\"amount\":0,\"max\":\"9999\",\"articleNumber\":\"20053\"},{\"id\":359,\"title\":\"Stalking\",\"byline\":\"Pieghevole, A5, 10 pagine, 2026\",\"lang\":\"it\",\"siteId\":7,\"cartHash\":\"75v\",\"amount\":0,\"max\":\"9999\",\"articleNumber\":\"30053\"}]' :is-logged-in=\"false\" login-url=\"https:\/\/www.skppsc.ch\/fr\/wp-login.php?redirect_to=https%3A%2F%2Fwww.skppsc.ch%2Ffr%2Fwp-json%2Fwp%2Fv2%2Fpages%2F12%3Fpr%3D57f%2357f\" police-url=\"https:\/\/www.skppsc.ch\/fr\/contact-police\/\" :initially-opened=\"false\"><\/u-add-to-cart><\/div><\/div><\/div><\/div><div class=\"default-container content-part\"><div class=\"inner-padding\">\n<\/div><\/div><div class=\"default-container content-part  has-custom-background-color \" style=\"background-color:#FFFFFF;\"><div class=\"inner-padding\">\n<h2 class=\" foreground-primary\">Offres d\u2019aide et de conseils<\/h2>\n<p>Les adresses des services cantonaux d\u2019aide aux victimes figurent \u00e0 l\u2019adresse\u00a0<a href=\"https:\/\/www.opferhilfe-schweiz.ch\/fr\/\" target=\"_blank\" rel=\"noopener\">www.aide-aux-victimes.ch<\/a>. Ceux-ci dispensent des conseils gratuits, confidentiels et, sur demande, anonymes, et diffusent les informations disponibles en plusieurs langues. Ils sont atteignables 24\/24 7j\/7 au <a href=\"tel:+41142\"> 142<\/a>.<\/p>\n<p>Si le stalking se manifeste en lien avec la s\u00e9paration d\u2019un couple, et si vous devez faire face \u00e0 une situation de crise, le site Solidarit\u00e9 femmes indique les coordonn\u00e9es des maisons d\u2019accueil de femmes en Suisse\u00a0: <a href=\"http:\/\/www.frauenhaeuser.ch\/fr\" target=\"_blank\" rel=\"noopener\">www.frauenhaeuser.ch<\/a>.\u00a0<\/p>\n<p>En Suisse, il existe \u00e9galement des foyers qui offre une protection aux hommes : <a href=\"http:\/\/www.pharos-geneve.ch\" target=\"_blank\" rel=\"noopener\">www.pharos-geneve.ch<\/a> et <a href=\"http:\/\/www.zwueschehalt.ch\" target=\"_blank\" rel=\"noopener\">www.zwueschehalt.ch<\/a>.<\/p>\n<p>L\u2019Organisation fa\u00eeti\u00e8re suisse pour la pr\u00e9vention de la violence solvio donne les adresses o\u00f9 les personnes (potentiellement) violentes pourront trouver de l\u2019aide\u00a0: <a href=\"http:\/\/www.solvio.ch\/fr\" target=\"_blank\" rel=\"noopener\">www.solvio.ch<\/a>.<\/p>\n\n\n<\/div><\/div><div class=\"full content-part image-wrapper image-368\"><img width=\"2560\" height=\"1280\" src=\"https:\/\/www.skppsc.ch\/fr\/wp-content\/uploads\/sites\/5\/2016\/11\/stalking4-2560x1280.jpg\" class=\"attachment-skp-large-force-ratio size-skp-large-force-ratio\" alt=\"\" srcset=\"https:\/\/www.skppsc.ch\/fr\/wp-content\/uploads\/sites\/5\/2016\/11\/stalking4-2560x1280.jpg 2560w, https:\/\/www.skppsc.ch\/fr\/wp-content\/uploads\/sites\/5\/2016\/11\/stalking4-300x150.jpg 300w, https:\/\/www.skppsc.ch\/fr\/wp-content\/uploads\/sites\/5\/2016\/11\/stalking4-768x384.jpg 768w, https:\/\/www.skppsc.ch\/fr\/wp-content\/uploads\/sites\/5\/2016\/11\/stalking4-640x320.jpg 640w, https:\/\/www.skppsc.ch\/fr\/wp-content\/uploads\/sites\/5\/2016\/11\/stalking4-1280x640.jpg 1280w\" sizes=\"(max-width: 2560px) 100vw, 2560px\"><\/div><div class=\"default-container content-part\"><div class=\"inner-padding\">\n<\/div><\/div><\/body><\/html>","protected":false},"excerpt":{"rendered":"<p>Le stalking, resp. le cyber-stalking, d\u00e9sign\u00e9 en tant que \u00ab\u00a0harc\u00e8lement\u00a0\u00bb dans le Code p\u00e9nal Suisse, est une forme d\u2019atteinte \u00e0 la sph\u00e8re priv\u00e9e particuli\u00e8rement d\u00e9rangeante. Les victimes se sentent vis\u00e9es par un v\u00e9ritable terrorisme psychique avec parfois m\u00eame des atteintes physiques. Le stalking occasionne de grandes souffrances qui entra\u00eenent une isolation sociale.<\/p>\n<p>Il s\u2019agit d\u2019un ph\u00e9nom\u00e8ne complexe dont l\u2019empreinte et les facettes sont multiples. Consid\u00e9r\u00e9s isol\u00e9ment, les innombrables actes des auteur\u00b7e\u00b7s ne sont souvent en soi pas ill\u00e9gaux. Cet aspect explique en partie pourquoi le stalking n\u2019est que tardivement per\u00e7u par la victime, ce qui fait que la poursuite p\u00e9nale n\u2019intervient que longtemps apr\u00e8s. Mais d\u2019un point de vue pr\u00e9ventif, il est important que cette forme d\u2019agression soit identifi\u00e9e le plus rapidement possible afin que des mesures puissent \u00eatre prises.<\/p>\n","protected":false},"author":1,"featured_media":364,"parent":133,"menu_order":2,"comment_status":"closed","ping_status":"closed","template":"","meta":{"showSharingButtons":false,"skp-theme-color":"six","_subtitle":null,"alternative_title":null,"seoDescription":"","seoKeywords":"","seoTitle":"","featuredVideoEmbedCode":"","featuredYoutubeVideoId":"","notes":"","redirectToPostId":0,"skp-further-information":"","hideTile":false,"pageType":"","editor_notices":[],"footnotes":""},"topic":[14],"class_list":["post-12","page","type-page","status-publish","has-post-thumbnail","hentry","topic-stalking"],"aioseo_notices":[],"_links":{"self":[{"href":"https:\/\/www.skppsc.ch\/fr\/wp-json\/wp\/v2\/pages\/12","targetHints":{"allow":["GET"]}}],"collection":[{"href":"https:\/\/www.skppsc.ch\/fr\/wp-json\/wp\/v2\/pages"}],"about":[{"href":"https:\/\/www.skppsc.ch\/fr\/wp-json\/wp\/v2\/types\/page"}],"author":[{"embeddable":true,"href":"https:\/\/www.skppsc.ch\/fr\/wp-json\/wp\/v2\/users\/1"}],"replies":[{"embeddable":true,"href":"https:\/\/www.skppsc.ch\/fr\/wp-json\/wp\/v2\/comments?post=12"}],"version-history":[{"count":0,"href":"https:\/\/www.skppsc.ch\/fr\/wp-json\/wp\/v2\/pages\/12\/revisions"}],"up":[{"embeddable":true,"href":"https:\/\/www.skppsc.ch\/fr\/wp-json\/wp\/v2\/pages\/133"}],"wp:featuredmedia":[{"embeddable":true,"href":"https:\/\/www.skppsc.ch\/fr\/wp-json\/wp\/v2\/media\/364"}],"wp:attachment":[{"href":"https:\/\/www.skppsc.ch\/fr\/wp-json\/wp\/v2\/media?parent=12"}],"wp:term":[{"taxonomy":"topic","embeddable":true,"href":"https:\/\/www.skppsc.ch\/fr\/wp-json\/wp\/v2\/topic?post=12"}],"curies":[{"name":"wp","href":"https:\/\/api.w.org\/{rel}","templated":true}]}}