{"id":1261,"date":"2019-09-18T12:41:59","date_gmt":"2019-09-18T10:41:59","guid":{"rendered":"https:\/\/www.skppsc.ch\/fr\/?page_id=1261"},"modified":"2026-03-13T09:46:10","modified_gmt":"2026-03-13T08:46:10","slug":"romance-scam-francais","status":"publish","type":"page","link":"https:\/\/www.skppsc.ch\/fr\/sujets\/internet\/romance-scam-francais\/","title":{"rendered":"Arnaque aux sentiments"},"content":{"rendered":"<html><body><div class=\"default-container content-part\"><div class=\"inner-padding\">\n<h2 class=\"wp-block-heading foreground-primary\">D\u00e9finition<\/h2>\n\n\n\n<p>Depuis quelque temps, on assiste \u00e0 une \u00e9pid\u00e9mie de la variante 2.0 de l\u2019escroquerie au mariage : l\u2019arnaque aux sentiments ! Les escrocs cr\u00e9ent de faux profils sur les r\u00e9seaux sociaux et les sites de rencontres en ligne, trouvent des victimes et feignent le grand amour pour obtenir ensuite des avantages financiers de celles-ci. <\/p>\n\n\n\n<\/div><\/div><div class=\"default-container content-part replaced-hr\"><div class=\"inner-padding\">\n\n\n\n<h2 class=\"wp-block-heading foreground-primary\">Mode op\u00e9ratoire <\/h2>\n\n\n\n<p>L\u2019arnaqueur, ou l\u2019arnaqueuse, qui se balade sur Internet avec un faux profil, contacte sa victime, par ex. sur Facebook. On commence par \u00e9changer quelques propos anodins, on se raconte un peu et, \u00e9tonnamment vite, l\u2019arnaqueur dit \u00eatre tomb\u00e9 amoureux. Si sa victime y donne suite, elle va se faire couvrir de mots tendres jusqu\u2019\u00e0 ce qu\u2019elle tombe vraiment amoureuse \u2013 d\u2019un mirage (par ex. un top manager canadien ou un soldat am\u00e9ricain en Afghanistan). Dans le cas o\u00f9 la proie est un homme h\u00e9t\u00e9rosexuel, le mirage prendra les formes avantageuses d\u2019une femme de r\u00eave. Il va de soi que le sexe r\u00e9el de l\u2019arnaqueur n\u2019a aucune importance. Pendant des semaines et des mois, la soi-disant relation amoureuse se construit sur Skype, WhatsApp, etc. On forge des plans d\u2019avenir jusqu\u2019\u00e0 ce que l\u2019on d\u00e9cide, enfin, de se rencontrer. <\/p>\n\n\n\n<p>Mais voil\u00e0 : juste avant le rendez-vous, l\u2019arnaqueur pr\u00e9tend avoir eu un accident, \u00eatre tomb\u00e9 malade ou avoir \u00e9t\u00e9 agress\u00e9 \u00e0 l\u2019a\u00e9roport. L\u2019\u00e9lu ou l\u2019\u00e9lue est donc pri\u00e9\u00b7e de r\u00e9gler les frais de traitement, de voyage ou autre, et d\u2019effectuer le versement via une plateforme de transfert d\u2019argent ou sur un compte \u00e0 l\u2019\u00e9tranger. Mais de nouveaux probl\u00e8mes surgissent et la victime est \u00e0 chaque fois pri\u00e9e de payer pour les r\u00e9soudre. Mais la rencontre ne se fera jamais. <\/p>\n\n\n\n\t\t\t<details class=\"wp-block-details read-more-details\">\n\t\t\t\t<summary>Afficher plus<\/summary>\n\t\t\t\t<p>Si la victime refuse ou a un doute, l\u2019arnaqueur change de tactique. Il commence \u00e0 se faire plus pressant et pousse sa victime \u00e0 bout en la mena\u00e7ant de rompre. Si cela ne fonctionne pas non plus, l\u2019arnaqueur passe \u00e0 la vitesse sup\u00e9rieure. S\u2019il est en possession de photos ou de vid\u00e9os coquines que sa proie enamour\u00e9e lui avait envoy\u00e9es en toute confiance, il va les utiliser pour un odieux chantage <a href=\"https:\/\/www.skppsc.ch\/fr\/sujets\/internet\/sextortion\/\">(sextortion)<\/a>. Ou alors, une \u00ab autorit\u00e9 comp\u00e9tente \u00bb ou un \u00ab avocat \u00bb r\u00e9sidant \u00e0 l\u2019\u00e9tranger la contacte en pr\u00e9tendant avoir arr\u00eat\u00e9 l\u2019arnaqueur et mis la main sur son butin, et qu\u2019il lui suffit de payer des \u00ab frais administratifs \u00bb pour r\u00e9cup\u00e9rer les sommes vers\u00e9es\u2026 Autrement dit, si on a transf\u00e9r\u00e9 de l\u2019argent une fois, on se fera harceler jusqu\u2019\u00e0 ce que l\u2019on coupe d\u00e9finitivement toute relation avec l\u2019escroc. <\/p>\n<p>\n\t\t\t<\/p><\/details>\n\t\t\t\n\n\n\n<\/div><\/div><div class=\"default-container content-part replaced-hr\"><div class=\"inner-padding\">\n\n\n\n<h2 class=\"wp-block-heading foreground-primary\">Que fait la police ? <\/h2>\n\n\n\n<p>Si vous, ou une connaissance, \u00eates tomb\u00e9 dans le panneau, il n\u2019y a surtout pas de reproches \u00e0 se faire : rappelez-vous que la police n\u2019est pas l\u00e0 pour vous juger mais pour traquer les criminels. De plus, votre plainte peut \u00e9viter \u00e0 d\u2019autres victimes potentielles de tomber dans les filets de ces malfaiteurs ! Fournissez toute information utile sur <a href=\"https:\/\/www.skppsc.ch\/fr\/sujets\/vol-escroquerie\/escroquerie\/\">l\u2019escroquerie <\/a>dont vous \u00eates victime (donn\u00e9es bancaires, num\u00e9ros de t\u00e9l\u00e9phone, adresses de courriel, noms du profil, etc.).<\/p>\n\n\n\n<\/div><\/div><div class=\"default-container clues content-part children-count-3 children-count-odd\"><div class=\"inner-padding\"><a id=\"tips\"><\/a><h2 class=\"subcontent-main-title foreground-primary foreground-primary\">Comment se prot\u00e9ger?<\/h2><div class=\"clues-inner-table clues-count-odd\"><div class=\"clue-item clues-count-odd clues-count-3 background-faded\"><div class=\"clue damit-sie-nicht-opfer-eines-liebesbetrugs-werden-francais\"><p class=\"clue-image\"><img loading=\"lazy\" decoding=\"async\" width=\"640\" height=\"320\" src=\"https:\/\/www.skppsc.ch\/fr\/wp-content\/uploads\/sites\/5\/2019\/09\/romance_scam_tipp1-640x320.jpg\" class=\"attachment-skp-thumbnail-force-ratio size-skp-thumbnail-force-ratio wp-post-image\" alt=\"\" srcset=\"https:\/\/www.skppsc.ch\/fr\/wp-content\/uploads\/sites\/5\/2019\/09\/romance_scam_tipp1-640x320.jpg 640w, https:\/\/www.skppsc.ch\/fr\/wp-content\/uploads\/sites\/5\/2019\/09\/romance_scam_tipp1-300x150.jpg 300w, https:\/\/www.skppsc.ch\/fr\/wp-content\/uploads\/sites\/5\/2019\/09\/romance_scam_tipp1-768x384.jpg 768w, https:\/\/www.skppsc.ch\/fr\/wp-content\/uploads\/sites\/5\/2019\/09\/romance_scam_tipp1.jpg 800w\" sizes=\"auto, (max-width: 640px) 100vw, 640px\"><\/p><h3 class=\"clue-title background-primary foreground-title\">Savoir reconna\u00eetre une arnaque aux sentiments :<\/h3><p><!-- wp:list --><\/p>\n<ul>\n<li>Que ce soit sur Facebook ou sur d\u2019autres r\u00e9seaux sociaux, n\u2019acceptez aucune demande d\u2019ajout d\u2019ami de personnes que vous ne connaissez pas dans la vraie vie.<\/li>\n<li>Demandez-vous pourquoi une personne riche et s\u00e9duisante vivant dans un pays lointain et sans aucun lien avec votre vie souhaite soudain entamer une relation \u00e0 distance avec vous.<\/li>\n<li>M\u00e9fiez-vous si, sur un site de rencontres, votre interlocuteur parle du grand amour avant la premi\u00e8re rencontre.<\/li>\n<li>Coupez net tout contact si l\u2019on vous demande de l\u2019argent ou si l\u2019on vous demande d\u2019envoyer des biens (par ex des t\u00e9l\u00e9phones mobiles, des cartes iTunes, etc.) ou de r\u00e9ceptionner des colis.<\/li>\n<li>Ne mettez pas votre compte en banque \u00e0 disposition pour qu\u2019y soient op\u00e9r\u00e9es des transactions financi\u00e8res pour des tiers, car vous vous rendriez punissable aux yeux de la loi <a href=\"https:\/\/www.skppsc.ch\/fr\/sujets\/internet\/money-mules\/\">(blanchiment d\u2019argent)<\/a> !<\/li>\n<li>N\u2019envoyez jamais de photos personnelles coquines ou compromettantes que vous ne publieriez pas vous-m\u00eame. <\/li>\n<li>Rappelez-vous que tout sur Internet peut \u00eatre falsifi\u00e9 : profils complets avec liste d\u2019amis, photos, documents officiels, films, justificatifs, copies de passeports, num\u00e9ros de t\u00e9l\u00e9phone, etc.<\/li>\n<\/ul>\n<p><!-- \/wp:list --><\/p>\n<\/div><\/div><div class=\"clue-item clues-count-odd clues-count-3 background-faded\"><div class=\"clue falls-sie-opfer-eines-liebesbetrugs-wurden-francais\"><p class=\"clue-image\"><img loading=\"lazy\" decoding=\"async\" width=\"640\" height=\"320\" src=\"https:\/\/www.skppsc.ch\/fr\/wp-content\/uploads\/sites\/5\/2019\/09\/romance_scam_tipp2-640x320.jpg\" class=\"attachment-skp-thumbnail-force-ratio size-skp-thumbnail-force-ratio wp-post-image\" alt=\"\" srcset=\"https:\/\/www.skppsc.ch\/fr\/wp-content\/uploads\/sites\/5\/2019\/09\/romance_scam_tipp2-640x320.jpg 640w, https:\/\/www.skppsc.ch\/fr\/wp-content\/uploads\/sites\/5\/2019\/09\/romance_scam_tipp2-300x150.jpg 300w, https:\/\/www.skppsc.ch\/fr\/wp-content\/uploads\/sites\/5\/2019\/09\/romance_scam_tipp2-768x384.jpg 768w, https:\/\/www.skppsc.ch\/fr\/wp-content\/uploads\/sites\/5\/2019\/09\/romance_scam_tipp2.jpg 800w\" sizes=\"auto, (max-width: 640px) 100vw, 640px\"><\/p><h3 class=\"clue-title background-primary foreground-title\">Savoir d\u00e9jouer une arnaque aux sentiments :<\/h3><p><!-- wp:list --><\/p>\n<ul>\n<li>Cessez tout envoi d\u2019argent ou de biens.<\/li>\n<li>D\u00e9posez plainte \u00e0 la police. <\/li>\n<li>Coupez ensuite d\u00e9finitivement tout contact avec l\u2019arnaqueur et bloquez-le sur tous vos canaux.<\/li>\n<li>N\u2019entrez pas en mati\u00e8re si vous \u00eates contact\u00e9 par de pr\u00e9tendus redresseurs de torts (par ex. Interpol, une autorit\u00e9 polici\u00e8re \u00e0 l\u2019\u00e9tranger, un avocat pour victimes, etc.).<\/li>\n<li>Parlez de l\u2019incident avec une personne de confiance et demandez une aide psychologique, si toute cette histoire vous p\u00e8se.<\/li>\n<li>En cas de probl\u00e8mes financiers, adressez-vous au service de conseils en d\u00e9sendettement de votre canton.<\/li>\n<\/ul>\n<p><!-- \/wp:list --><\/p>\n<\/div><\/div><div class=\"clue-item clues-count-odd clues-count-3 background-faded\"><div class=\"clue sie-kennen-jemanden-der-opfer-eines-liebesbetrugs-wurde-francais\"><p class=\"clue-image\"><img loading=\"lazy\" decoding=\"async\" width=\"640\" height=\"320\" src=\"https:\/\/www.skppsc.ch\/fr\/wp-content\/uploads\/sites\/5\/2019\/09\/romance_scam_tipp3-640x320.jpg\" class=\"attachment-skp-thumbnail-force-ratio size-skp-thumbnail-force-ratio wp-post-image\" alt=\"\" srcset=\"https:\/\/www.skppsc.ch\/fr\/wp-content\/uploads\/sites\/5\/2019\/09\/romance_scam_tipp3-640x320.jpg 640w, https:\/\/www.skppsc.ch\/fr\/wp-content\/uploads\/sites\/5\/2019\/09\/romance_scam_tipp3-300x150.jpg 300w, https:\/\/www.skppsc.ch\/fr\/wp-content\/uploads\/sites\/5\/2019\/09\/romance_scam_tipp3-768x384.jpg 768w, https:\/\/www.skppsc.ch\/fr\/wp-content\/uploads\/sites\/5\/2019\/09\/romance_scam_tipp3.jpg 800w\" sizes=\"auto, (max-width: 640px) 100vw, 640px\"><\/p><h3 class=\"clue-title background-primary foreground-title\">Savoir aider une connaissance victime d\u2019une arnaque aux sentiments :<\/h3><p><!-- wp:list --><\/p>\n<ul class=\"wp-block-list\"><!-- wp:list-item -->\n<li>Essayez \u00e0 l\u2019aide de nos informations de convaincre votre connaissance qu\u2019elle est victime d\u2019une escroquerie.<\/li>\n<p><!-- \/wp:list-item --><\/p>\n<p><!-- wp:list-item --><\/p>\n<li>Encouragez la victime \u00e0 se rendre au poste de police.<\/li>\n<p><!-- \/wp:list-item --><\/p>\n<p><!-- wp:list-item --><\/p>\n<li>Si la victime n\u2019entend toujours pas raison et qu\u2019elle risque de mettre sa situation financi\u00e8re en p\u00e9ril pour r\u00e9pondre aux exigences de l\u2019arnaqueur, adressez-vous \u00e0 l\u2019autorit\u00e9 cantonale de protection de l\u2019adulte. <\/li>\n<p><!-- \/wp:list-item --><\/p><\/ul>\n<p><!-- \/wp:list --><\/p>\n<\/div><\/div><\/div><\/div><\/div><div class=\"default-container content-part\"><div class=\"inner-padding\">\n\n\n\n<h2 class=\"wp-block-heading foreground-primary\">Informations g\u00e9n\u00e9rales et \u00e9missions sur l\u2019arnaque aux sentiments<\/h2>\n\n\n\n<p><\/p>\n\n\n\n<p><a href=\"https:\/\/www.youtube.com\/watch?v=pFsntrroqiM\">Arnacoeurs, les escrocs de l\u2019amour en ligne | RTS<\/a><\/p>\n\n\n\n<p> <a href=\"https:\/\/youtu.be\/5XfCVk2gZCY?feature=shared\" target=\"_blank\" rel=\"noreferrer noopener\">Romance Scams (Full Episode)\u00a0\u2013 National Geographic<\/a><\/p>\n\n\n\n<p><a href=\"https:\/\/www.facebook.com\/watch\/?v=1494144478153027\" target=\"_blank\" rel=\"noreferrer noopener\">Facebook : Il d\u00e9voile ses techniques de brouteur ! <\/a><\/p>\n\n\n\n<p><a href=\"https:\/\/www.youtube.com\/watch?v=PW_ujXWOweI\">Arnaque aux sentiments : ils sont tomb\u00e9s sur un escroc de l\u2019amour \u2013 \u00c7a commence aujourd\u2019hui<\/a><\/p>\n\n\n\n<p><a href=\"https:\/\/www.youtube.com\/shorts\/LI9eWOaVTZA\">Escroquerie en ligne aupr\u00e8s des seniors<\/a> <\/p>\n\n\n\n<\/div><\/div><div class=\"full content-part post-name-grand-amour-ou-grosse-arnaque  post-type-download\"><div class=\"inner-padding\"><p class=\"featured-image download hide-on-mobile\"><a href=\"https:\/\/www.skppsc.ch\/fr\/wp-content\/uploads\/sites\/5\/2019\/07\/arnaques_sentiments.pdf\" download target=\"_blank\"><img loading=\"lazy\" decoding=\"async\" width=\"640\" height=\"908\" src=\"https:\/\/www.skppsc.ch\/fr\/wp-content\/uploads\/sites\/5\/2019\/07\/arnaques_sentiments-640x908.jpg\" class=\"attachment-skp-thumbnail-keep-ratio size-skp-thumbnail-keep-ratio wp-post-image\" alt=\"\" srcset=\"https:\/\/www.skppsc.ch\/fr\/wp-content\/uploads\/sites\/5\/2019\/07\/arnaques_sentiments-640x908.jpg 640w, https:\/\/www.skppsc.ch\/fr\/wp-content\/uploads\/sites\/5\/2019\/07\/arnaques_sentiments-211x300.jpg 211w, https:\/\/www.skppsc.ch\/fr\/wp-content\/uploads\/sites\/5\/2019\/07\/arnaques_sentiments-768x1090.jpg 768w, https:\/\/www.skppsc.ch\/fr\/wp-content\/uploads\/sites\/5\/2019\/07\/arnaques_sentiments.jpg 800w\" sizes=\"auto, (max-width: 640px) 100vw, 640px\"><\/a><\/p><div class=\"remaining-content\"><h2 class=\"sub-content-title  foreground-primary foreground-primary\">Grand amour ou grosse arnaque ?<\/h2><h3 class=\"sub-content-subtitle \">Comment reconna\u00eetre et d\u00e9jouer les arnaques aux sentiments sur Internet<\/h3><p>Cette brochure est consacr\u00e9e \u00e0 l\u2019arnaque aux sentiments telle qu\u2019elle se pratique sur Internet. Les expressions Romance Scam ou Love Scam d\u00e9signent un type de fraude \u00e0 la commission sur Internet qui s\u2019en prend \u00e0 des personnes souhaitant ardemment trouver un partenaire. Vous trouverez dans cette brochure une description d\u00e9taill\u00e9e de ce type de d\u00e9lit et de nombreux conseils pour s\u2019en pr\u00e9munir, et aussi pour aider une personne de votre entourage victime d\u2019une arnaque aux sentiments.<br>\n<\/p>\n<p class=\"featured-image download mobile-only\"><a href=\"https:\/\/www.skppsc.ch\/fr\/wp-content\/uploads\/sites\/5\/2019\/07\/arnaques_sentiments.pdf\" download target=\"_blank\"><img loading=\"lazy\" decoding=\"async\" width=\"640\" height=\"908\" src=\"https:\/\/www.skppsc.ch\/fr\/wp-content\/uploads\/sites\/5\/2019\/07\/arnaques_sentiments-640x908.jpg\" class=\"attachment-skp-thumbnail-keep-ratio size-skp-thumbnail-keep-ratio wp-post-image\" alt=\"\" srcset=\"https:\/\/www.skppsc.ch\/fr\/wp-content\/uploads\/sites\/5\/2019\/07\/arnaques_sentiments-640x908.jpg 640w, https:\/\/www.skppsc.ch\/fr\/wp-content\/uploads\/sites\/5\/2019\/07\/arnaques_sentiments-211x300.jpg 211w, https:\/\/www.skppsc.ch\/fr\/wp-content\/uploads\/sites\/5\/2019\/07\/arnaques_sentiments-768x1090.jpg 768w, https:\/\/www.skppsc.ch\/fr\/wp-content\/uploads\/sites\/5\/2019\/07\/arnaques_sentiments.jpg 800w\" sizes=\"auto, (max-width: 640px) 100vw, 640px\"><\/a><\/p><div class=\"download-bottom-actions \"><a href=\"https:\/\/www.skppsc.ch\/fr\/wp-content\/uploads\/sites\/5\/2019\/07\/arnaques_sentiments.pdf\" download target=\"_blank\" class=\"large skp-icon skp-download-pdf download-icon \" title=\"\"><span class=\"link-text\"><\/span><\/a><u-add-to-cart :options='[{\"id\":1975,\"title\":\"Grosse Liebe? Grosse L\\u00fcge!\",\"byline\":\"Faltblatt, A5, 8 Seiten, 2019\",\"lang\":\"de\",\"siteId\":2,\"cartHash\":\"len\",\"amount\":0,\"max\":\"9999\",\"articleNumber\":\"10069\"},{\"id\":1239,\"title\":\"Grand amour ou grosse arnaque ?\",\"byline\":\"D\\u00e9pliant, A5, 8 pages, 2019\",\"lang\":\"fr\",\"siteId\":5,\"cartHash\":\"1i17\",\"amount\":0,\"max\":\"9999\",\"articleNumber\":\"20069\"},{\"id\":1115,\"title\":\"Grande amore? No, grande truffa!\",\"byline\":\"Pieghevole, A5, 8 pagine, 2019\",\"lang\":\"it\",\"siteId\":7,\"cartHash\":\"25eb\",\"amount\":0,\"max\":\"9999\",\"articleNumber\":\"30069\"}]' :is-logged-in=\"false\" login-url=\"https:\/\/www.skppsc.ch\/fr\/wp-login.php?redirect_to=https%3A%2F%2Fwww.skppsc.ch%2Ffr%2Fwp-json%2Fwp%2Fv2%2Fpages%2F1261%3Fpr%3D1i17%231i17\" police-url=\"https:\/\/www.skppsc.ch\/fr\/contact-police\/\" :initially-opened=\"false\"><\/u-add-to-cart><\/div><\/div><\/div><\/div><div class=\"default-container content-part\"><div class=\"inner-padding\">\n\n\n\n<\/div><\/div><div class=\"full content-part image-wrapper image-2296\"><img width=\"2560\" height=\"1280\" src=\"https:\/\/www.skppsc.ch\/fr\/wp-content\/uploads\/sites\/5\/2025\/02\/romance_scam2-2560x1280.jpg\" class=\"attachment-skp-large-force-ratio size-skp-large-force-ratio\" alt=\"\" srcset=\"https:\/\/www.skppsc.ch\/fr\/wp-content\/uploads\/sites\/5\/2025\/02\/romance_scam2-2560x1280.jpg 2560w, https:\/\/www.skppsc.ch\/fr\/wp-content\/uploads\/sites\/5\/2025\/02\/romance_scam2-300x150.jpg 300w, https:\/\/www.skppsc.ch\/fr\/wp-content\/uploads\/sites\/5\/2025\/02\/romance_scam2-1024x512.jpg 1024w, https:\/\/www.skppsc.ch\/fr\/wp-content\/uploads\/sites\/5\/2025\/02\/romance_scam2-768x384.jpg 768w, https:\/\/www.skppsc.ch\/fr\/wp-content\/uploads\/sites\/5\/2025\/02\/romance_scam2-1536x768.jpg 1536w, https:\/\/www.skppsc.ch\/fr\/wp-content\/uploads\/sites\/5\/2025\/02\/romance_scam2-2048x1024.jpg 2048w, https:\/\/www.skppsc.ch\/fr\/wp-content\/uploads\/sites\/5\/2025\/02\/romance_scam2-640x320.jpg 640w, https:\/\/www.skppsc.ch\/fr\/wp-content\/uploads\/sites\/5\/2025\/02\/romance_scam2-1280x640.jpg 1280w\" sizes=\"(max-width: 2560px) 100vw, 2560px\"><\/div><div class=\"default-container content-part\"><div class=\"inner-padding\">\n\n\n\n\n\n<p><\/p>\n<\/div><\/div><\/body><\/html>","protected":false},"excerpt":{"rendered":"<p>Pour trouver de nos jours les bonheurs de l\u2019amour, il suffit d\u2019aller sur Internet o\u00f9 il y a un choix quasi illimit\u00e9 de potentiels princes charmants et princesses de conte de f\u00e9es dans le monde entier. Mais attention ! Les c\u0153urs \u00e0 prendre sont pr\u00eats \u00e0 croire tous les serments et cajoleries \u2013 aussi improbables soient-ils. Ces c\u0153urs assoiff\u00e9s d\u2019amour sont les proies d\u2019arnaqueurs de tout poil qui se servent d\u2019eux pour s\u2019enrichir financi\u00e8rement.<\/p>\n","protected":false},"author":349,"featured_media":2295,"parent":138,"menu_order":10,"comment_status":"closed","ping_status":"closed","template":"","meta":{"showSharingButtons":false,"skp-theme-color":"twelve","_subtitle":"","alternative_title":"","seoDescription":"","seoKeywords":"","seoTitle":"","featuredVideoEmbedCode":"","featuredYoutubeVideoId":"","notes":"","redirectToPostId":0,"skp-further-information":"<a href=\"https:\/\/www.skppsc.ch\/fr\/download\/romance-scam\/\" target=\"_blank\" rel=\"noopener\" title=\"Vid\u00e9o de la PSC\">Vid\u00e9o de la PSC<\/a>","hideTile":false,"pageType":"","editor_notices":[],"footnotes":""},"topic":[84],"class_list":["post-1261","page","type-page","status-publish","has-post-thumbnail","hentry","topic-arnaque-aux-sentiments"],"aioseo_notices":[],"_links":{"self":[{"href":"https:\/\/www.skppsc.ch\/fr\/wp-json\/wp\/v2\/pages\/1261","targetHints":{"allow":["GET"]}}],"collection":[{"href":"https:\/\/www.skppsc.ch\/fr\/wp-json\/wp\/v2\/pages"}],"about":[{"href":"https:\/\/www.skppsc.ch\/fr\/wp-json\/wp\/v2\/types\/page"}],"author":[{"embeddable":true,"href":"https:\/\/www.skppsc.ch\/fr\/wp-json\/wp\/v2\/users\/349"}],"replies":[{"embeddable":true,"href":"https:\/\/www.skppsc.ch\/fr\/wp-json\/wp\/v2\/comments?post=1261"}],"version-history":[{"count":0,"href":"https:\/\/www.skppsc.ch\/fr\/wp-json\/wp\/v2\/pages\/1261\/revisions"}],"up":[{"embeddable":true,"href":"https:\/\/www.skppsc.ch\/fr\/wp-json\/wp\/v2\/pages\/138"}],"wp:featuredmedia":[{"embeddable":true,"href":"https:\/\/www.skppsc.ch\/fr\/wp-json\/wp\/v2\/media\/2295"}],"wp:attachment":[{"href":"https:\/\/www.skppsc.ch\/fr\/wp-json\/wp\/v2\/media?parent=1261"}],"wp:term":[{"taxonomy":"topic","embeddable":true,"href":"https:\/\/www.skppsc.ch\/fr\/wp-json\/wp\/v2\/topic?post=1261"}],"curies":[{"name":"wp","href":"https:\/\/api.w.org\/{rel}","templated":true}]}}