{"id":135,"date":"2016-11-24T09:22:45","date_gmt":"2016-11-24T08:22:45","guid":{"rendered":"https:\/\/www.skppsc.ch\/de\/?page_id=135"},"modified":"2026-05-01T12:22:06","modified_gmt":"2026-05-01T10:22:06","slug":"violence-sexuelle-adultes","status":"publish","type":"page","link":"https:\/\/www.skppsc.ch\/fr\/sujets\/violence-sexuelle\/violence-sexuelle-adultes\/","title":{"rendered":"Violence sexuelle envers des adultes"},"content":{"rendered":"<html><body><div class=\"default-container content-part\"><div class=\"inner-padding\">\n<p>Il est donc essentiel que l\u2019ensemble de la population soit rendu attentif \u00e0 la probl\u00e9matique des agressions sexuelles par des <strong>mesures de sensibilisation <\/strong>r\u00e9guli\u00e8res. En septembre 2025, la PSC lance dans ce sens la campagne <a href=\"https:\/\/www.skppsc.ch\/fr\/projets\/ensemble-sans-violence-sexuelle\/\" target=\"_blank\" rel=\"noreferrer noopener\">\u00ab\u00a0Ensemble sans violence sexuelle\u00a0\u00bb<\/a>.<\/p>\n\n\n\n<p>En ce qui concerne les <strong>mesures de pr\u00e9vention concr\u00e8tes<\/strong>, il reste important que la pr\u00e9vention distingue autant les groupes cibles (auteur\u00b7e\u00b7s potentiel\u00b7le\u00b7s et victimes potentielles) que les constellations. Il n\u2019est pas possible d\u2019appliquer les m\u00eames recommandations \u00e0 toutes ces formes de violence sexuelle, raison pour laquelle nous allons les aborder chacune s\u00e9par\u00e9ment.<\/p>\n\n\n\n<p>De remarques d\u00e9sobligeantes \u00e0 connotation sexuelle, mimiques ou gestes, attouchements d\u00e9plac\u00e9s, agressions sexuelles et physiques, la violence sexuelle peut aller jusqu\u2019\u00e0 la contrainte et au viol. M\u00eame si la majorit\u00e9 des victimes sont des femmes, toute personne peut \u00eatre la cible de violences sexuelles.<\/p>\n\n\n\n<p>Le harc\u00e8lement sexuel, les actes sexuels avec des personnes d\u00e9pendantes, l\u2019atteinte et la contrainte sexuelles et le viol sont des d\u00e9lits poursuivis p\u00e9nalement. En cas d\u2019infraction contre l\u2019int\u00e9grit\u00e9 sexuelle, la personne condamn\u00e9e peut \u00eatre \u00e9galement oblig\u00e9e de suivre un programme de pr\u00e9vention.<\/p>\n\n\n\n<\/div><\/div><div class=\"default-container content-part replaced-hr\"><div class=\"inner-padding\">\n\n\n\n<h2 class=\"wp-block-heading foreground-primary\">Situation juridique<\/h2>\n\n\n\n<p>Voici une s\u00e9lection des articles les plus importants du Code p\u00e9nal concernant les violences sexuelles.<\/p>\n\n\n\n<h4 class=\"wp-block-heading\"><a rel=\"noreferrer noopener\" aria-label=\"Art. 188 CP (opens in a new tab)\" href=\"https:\/\/www.admin.ch\/opc\/fr\/classified-compilation\/19370083\/index.html#a188\" target=\"_blank\">Art. 188 CP<\/a>\u2009: <strong>Atteinte \u00e0 la libert\u00e9 et \u00e0 l\u2019int\u00e9grit\u00e9 sexuelles. Actes d\u2019ordre sexuel avec des personnes d\u00e9pendantes<\/strong><\/h4>\n\n\n\n<p>Est punissable quiconque commet un acte d\u2019ordre sexuel avec une personne de 16 \u00e0 18 ans en profitant de liens de d\u00e9pendance. Il n\u2019y a donc pas que l\u2019\u00e2ge de la victime qui importe mais aussi la relation de d\u00e9pendance. Cette d\u00e9pendance peut r\u00e9sulter de rapports d\u2019\u00e9ducation, de confiance ou de travail, ou de liens de d\u00e9pendance r\u00e9sultant d\u2019activit\u00e9s sportives, culturelles ou religieuses (entra\u00eeneur, coach, chef, etc.).<\/p>\n\n\n\n<h4 class=\"wp-block-heading\"><a rel=\"noreferrer noopener\" aria-label=\"Art. 189 CP (opens in a new tab)\" href=\"https:\/\/www.admin.ch\/opc\/fr\/classified-compilation\/19370083\/index.html#a189\" target=\"_blank\">Art. 189 CP<\/a>\u2009: <strong>Atteinte et contrainte sexuelles<\/strong><\/h4>\n\n\n\n<p>Est punissable quiconque commet sur une personne ou lui fait commettre, contre sa volont\u00e9, un acte d\u2019ordre sexuel, ou s\u2019il profite \u00e0 cette fin d\u2019un \u00e9tat de sid\u00e9ration de la personne.<\/p>\n\n\n\n<p>Est \u00e9galement punissable quiconque contraint \u00e0 cette fin une personne en usant de menace ou de violence, en exer\u00e7ant sur elle des pressions d\u2019ordre psychique ou en la mettant hors d\u2019\u00e9tat de r\u00e9sister.<\/p>\n\n\n\n<h4 class=\"wp-block-heading\"><a href=\"https:\/\/www.admin.ch\/opc\/fr\/classified-compilation\/19370083\/index.html#a190\" target=\"_blank\" rel=\"noreferrer noopener\" aria-label=\"Art. 190 CP\u2009 (opens in a new tab)\">Art. 190 CP\u2009<\/a>: Viol<\/h4>\n\n\n\n<p>Est punissable quiconque commet sur une personne ou lui fait commettre, contre sa volont\u00e9, un acte sexuel ou un acte analogue qui implique une p\u00e9n\u00e9tration du corps, qu\u2019elle soit orale, vaginale ou anale, ou s\u2019il profite \u00e0 cette fin d\u2019un \u00e9tat de sid\u00e9ration de la personne.<\/p>\n\n\n\n<p>Est \u00e9galement punissable quiconque contraint \u00e0 cette fin une personne en usant de menace ou de violence, en exer\u00e7ant sur elle des pressions d\u2019ordre psychique ou en la mettant hors d\u2019\u00e9tat de r\u00e9sister.<\/p>\n\n\n\n<h4 class=\"wp-block-heading\"><a rel=\"noreferrer noopener\" aria-label=\"Art. 191 CP (opens in a new tab)\" href=\"https:\/\/www.admin.ch\/opc\/fr\/classified-compilation\/19370083\/index.html#a191\" target=\"_blank\">Art. 191 CP<\/a>\u2009: <strong>Actes d\u2019ordre sexuel commis sur une personne incapable de discernement ou de r\u00e9sistance<\/strong><\/h4>\n\n\n\n<p>La diff\u00e9rence entre l\u2019acte d\u2019ordre sexuel commis sur une personne incapable de discernement ou de r\u00e9sistance et l\u2019atteinte ou contrainte sexuelles ou le viol est que dans le premier cas, l\u2019auteur\u00b7e abuse d\u2019une victime qui est d\u00e9j\u00e0 hors d\u2019\u00e9tat de r\u00e9sister. Cette incapacit\u00e9 pr\u00e9vue \u00e0 l\u2019art. 191 CP peut \u00eatre permanente (par exemple dans le cas d\u2019une maladie psychique) ou passag\u00e8re (dans le cas d\u2019une personne ivre ou inconsciente).<\/p>\n\n\n\n<h4 class=\"wp-block-heading\"><a rel=\"noreferrer noopener\" href=\"https:\/\/www.fedlex.admin.ch\/eli\/cc\/54\/757_781_799\/fr#art_193\" target=\"_blank\">Art. 193 CP<\/a> : <strong>Abus de la d\u00e9tresse ou de la d\u00e9pendance<\/strong><\/h4>\n\n\n\n<p>Est punissable quiconque d\u00e9termine une personne \u00e0 commettre ou \u00e0 subir un acte d\u2019ordre sexuel en profitant de la d\u00e9tresse de celle-ci ou d\u2019un lien de d\u00e9pendance fond\u00e9s sur des rapports de travail ou de toute autre nature.<\/p>\n\n\n\n<h4 class=\"wp-block-heading\"><a href=\"https:\/\/www.fedlex.admin.ch\/eli\/cc\/54\/757_781_799\/fr#art_193_a\" target=\"_blank\" rel=\"noreferrer noopener\">Art. 193a CP\u2009<\/a>: <strong>Tromperie concernant le caract\u00e8re sexuel d\u2019un acte<\/strong><\/h4>\n\n\n\n<p>Est punissable quiconque commet sur une personne ou lui fait commettre un acte d\u2019ordre sexuel en la trompant sur le caract\u00e8re de l\u2019acte ou en abusant de son erreur concernant le caract\u00e8re de l\u2019acte. Et ceci dans l\u2019exercice d\u2019une activit\u00e9 professionnelle ou non professionnelle organis\u00e9e relevant du domaine de la sant\u00e9.<\/p>\n\n\n\n<h4 class=\"wp-block-heading\"><a href=\"https:\/\/www.fedlex.admin.ch\/eli\/cc\/54\/757_781_799\/fr#art_197_a\" target=\"_blank\" rel=\"noreferrer noopener\">Art. 197a CP\u2009<\/a>: <strong>Transmission indue d\u2019un contenu non public \u00e0 caract\u00e8re sexuel<\/strong><\/h4>\n\n\n\n<p>Est punissable quiconque transmet \u00e0 un tiers un contenu priv\u00e9 \u00e0 caract\u00e8re sexuel (image, vid\u00e9o, \u00e9crit, objet), sans le consentement de la personne qui y est identifiable. Ce d\u00e9lit n\u2019est poursuivi que si la victime d\u00e9pose plainte. Il s\u2019agit donc d\u2019un d\u00e9lit sur plainte.<\/p>\n\n\n\n<h4 class=\"wp-block-heading\"><a rel=\"noreferrer noopener\" aria-label=\"Art. 198 CP (opens in a new tab)\" href=\"https:\/\/www.admin.ch\/opc\/fr\/classified-compilation\/19370083\/index.html#a198\" target=\"_blank\">Art. 198 CP<\/a>\u2009: <strong>Contraventions contre l\u2019int\u00e9grit\u00e9 sexuelle. D\u00e9sagr\u00e9ments d\u2019ordre sexuel<\/strong><\/h4>\n\n\n\n<p>Le harc\u00e8lement sexuel vise des personnes inopin\u00e9ment confront\u00e9es \u00e0 un acte d\u2019ordre sexuel entrepris. Le harc\u00e8lement peut \u00eatre physique (attouchement involontaire d\u2019attributs sexuels secondaires), verbal (expressions vulgaires ou inconvenantes, remarques sur des parties du corps ou sur la vie sexuelle de la victime) ou par l\u2019\u00e9criture ou l\u2019image. Contrairement aux autres d\u00e9lits sexuels, le harc\u00e8lement sexuel n\u2019est poursuivi que si la victime d\u00e9pose plainte. Il s\u2019agit donc d\u2019un d\u00e9lit sur plainte.<\/p>\n\n\n\n<h3 class=\"wp-block-heading\">Cas particuliers<\/h3>\n\n\n\n<p>La porno-vengeance, ou <strong><em>revenge porn<\/em><\/strong>, d\u00e9signe la diffusion ou la publication de photos ou de vid\u00e9os intimes sans le consentement de la personne qui y est identifiable. En r\u00e8gle g\u00e9n\u00e9rale, il s\u2019agit d\u2019actes commis pour humilier ou causer du tort \u00e0 cette personne. Les cons\u00e9quences \u00e9motionnelles, sociales et professionnelles sont souvent lourdes pour les victimes. Il s\u2019agit, en outre, d\u2019une forme d\u2019abus num\u00e9rique. Le revenge porn est un d\u00e9lit punissable sous le coup de l\u2019art. 197a, al. 1 et 2, CP.<\/p>\n\n\n\n<p>L\u2019envoi de ce que l\u2019on appelle des <em><strong>dick pic<\/strong><\/em>, qui consiste \u00e0 envoyer une photo de p\u00e9nis non sollicit\u00e9e, peut \u00eatre r\u00e9prim\u00e9 sous le coup de l\u2019art. 197 al. 2 CP.<\/p>\n\n\n\n<p>Le <em><strong>stealthing<\/strong><\/em>, qui consiste \u00e0 retirer furtivement le pr\u00e9servatif ou \u00e0 omettre d\u2019en utiliser un, \u00e0 l\u2019insu du partenaire, lors d\u2019actes d\u2019ordre sexuel consentis ou lors de rapports sexuels consentis avec p\u00e9n\u00e9tration, pourrait \u00e9galement \u00eatre r\u00e9prim\u00e9 au niveau p\u00e9nal.<\/p>\n\n\n\n<\/div><\/div><div class=\"full content-part image-wrapper image-2129\"><img width=\"2560\" height=\"1280\" src=\"https:\/\/www.skppsc.ch\/fr\/wp-content\/uploads\/sites\/5\/2024\/06\/sexuelle_gewalt1-2560x1280.jpg\" class=\"attachment-skp-large-force-ratio size-skp-large-force-ratio\" alt=\"\" srcset=\"https:\/\/www.skppsc.ch\/fr\/wp-content\/uploads\/sites\/5\/2024\/06\/sexuelle_gewalt1-2560x1280.jpg 2560w, https:\/\/www.skppsc.ch\/fr\/wp-content\/uploads\/sites\/5\/2024\/06\/sexuelle_gewalt1-300x150.jpg 300w, https:\/\/www.skppsc.ch\/fr\/wp-content\/uploads\/sites\/5\/2024\/06\/sexuelle_gewalt1-1024x512.jpg 1024w, https:\/\/www.skppsc.ch\/fr\/wp-content\/uploads\/sites\/5\/2024\/06\/sexuelle_gewalt1-768x384.jpg 768w, https:\/\/www.skppsc.ch\/fr\/wp-content\/uploads\/sites\/5\/2024\/06\/sexuelle_gewalt1-1536x768.jpg 1536w, https:\/\/www.skppsc.ch\/fr\/wp-content\/uploads\/sites\/5\/2024\/06\/sexuelle_gewalt1-2048x1024.jpg 2048w, https:\/\/www.skppsc.ch\/fr\/wp-content\/uploads\/sites\/5\/2024\/06\/sexuelle_gewalt1-640x320.jpg 640w, https:\/\/www.skppsc.ch\/fr\/wp-content\/uploads\/sites\/5\/2024\/06\/sexuelle_gewalt1-1280x640.jpg 1280w\" sizes=\"(max-width: 2560px) 100vw, 2560px\"><\/div><div class=\"default-container content-part\"><div class=\"inner-padding\">\n\n\n\n<h2 class=\"wp-block-heading foreground-primary\">Que fait la police\u2009?<\/h2>\n\n\n\n<h3 class=\"wp-block-heading\">Enqu\u00eate<\/h3>\n\n\n\n<p>D\u00e8s qu\u2019elle a connaissance d\u2019un acte d\u2019ordre sexuel, la police enqu\u00eate d\u2019office, sauf s\u2019il s\u2019agit de harc\u00e8lement sexuel qui constitue un d\u00e9lit poursuivi sur plainte. Elle ouvre les proc\u00e9dures suivantes d\u00e8s le moment o\u00f9 il y a pr\u00e9somption d\u2019un d\u00e9lit sexuel\u2009: sous la conduite du procureur comp\u00e9tent, elle r\u00e9unit les preuves (p. ex. interrogatoire des personnes appel\u00e9es \u00e0 donner des renseignements et des t\u00e9moins, analyses m\u00e9dico-l\u00e9gales, etc.). Ensuite de quoi une personne suspecte peut, le cas \u00e9ch\u00e9ant, \u00eatre mise en d\u00e9tention pr\u00e9ventive, notamment s\u2019il y a risque de fuite ou de r\u00e9cidive. Plus la police r\u00e9unit de preuves, plus la proc\u00e9dure p\u00e9nale devient supportable pour la victime.<\/p>\n\n\n\n<p>En effet, une enqu\u00eate pour des d\u00e9lits sexuels peut \u00eatre tr\u00e8s lourde \u00e0 vivre pour la victime. Il est donc important que celle-ci soit inform\u00e9e de fa\u00e7on transparente, qu\u2019elle ne se sente pas mise sous pression et qu\u2019elle ait des attentes r\u00e9alistes par rapport \u00e0 la proc\u00e9dure p\u00e9nale.<\/p>\n\n\n\n<p><div class=\"video-container\"><div class=\"iframe-container\"><div class=\"video-ratio\" style=\"padding-top:56.2%;\"><\/div><iframe loading=\"lazy\" title=\"Verdacht auf sexuellen Missbrauch\" src=\"https:\/\/www.youtube.com\/embed\/OpAAm2TV9nk?feature=oembed&amp;rel=0\" frameborder=\"0\" allow=\"accelerometer; autoplay; clipboard-write; encrypted-media; gyroscope; picture-in-picture; web-share\" referrerpolicy=\"strict-origin-when-cross-origin\" allowfullscreen><\/iframe><\/div><\/div><\/p>\n\n\n\n<h3 class=\"wp-block-heading\">Mise en s\u00fbret\u00e9 des preuves m\u00e9dico-l\u00e9gales et aide aux victimes<\/h3>\n\n\n\n<p>Il est important que la victime d\u2019un d\u00e9lit sexuel se fasse examiner le plus rapidement possible par un m\u00e9decin sp\u00e9cialiste (&lt;72h). Elle \u00e9vitera absolument de nettoyer ou d\u2019enlever toute trace avant l\u2019examen, m\u00eame si cela lui est tr\u00e8s d\u00e9sagr\u00e9able. La mise en s\u00fbret\u00e9 des preuves m\u00e9dico-l\u00e9gales ne s\u2019accompagne pas automatiquement d\u2019un signalement \u00e0 la police. C\u2019est la victime qui en d\u00e9cide. Mais si elle d\u00e9cide ult\u00e9rieurement de porter plainte, les \u00e9l\u00e9ments de preuve mat\u00e9riels conserv\u00e9s par les sp\u00e9cialistes sont mis \u00e0 disposition des autorit\u00e9s comp\u00e9tentes. La mise en s\u00fbret\u00e9 des preuves est d\u2019une importance cruciale pour l\u2019enqu\u00eate. <a href=\"https:\/\/www.skppsc.ch\/fr\/projets\/ensemble-sans-violence-sexuelle\/\" target=\"_blank\" rel=\"noreferrer noopener\">Certains h\u00f4pitaux<\/a> disposent d\u2019un personnel sp\u00e9cialement form\u00e9, comme des infirmi\u00e8res l\u00e9gistes, pour prendre en charge de mani\u00e8re sp\u00e9cifique les victimes de violences sexuelles et recueillir des preuves.<\/p>\n\n\n\n<p>La victime de violences sexuelles peut contacter un <a href=\"https:\/\/www.aide-aux-victimes.ch\/fr\/\">centre de consultation pour\u00a0l\u2019aide aux victimes<\/a> (<a href=\"tel:+41142\">T\u00e9l. 142<\/a>) ind\u00e9pendamment du d\u00e9p\u00f4t d\u2019une plainte. Elle y re\u00e7oit un soutien juridique et psychologique, notamment en ce qui concerne la proc\u00e9dure d\u2019enqu\u00eate. En effet, la victime d\u2019un d\u00e9lit sexuel dispose d\u2019un certain droit \u00e0 des informations et \u00e0 une protection. La police et l\u2019aide aux victimes la renseigneront en d\u00e9tail.<\/p>\n\n\n\n<h3 class=\"wp-block-heading\">Auditions et proc\u00e9dure p\u00e9nale<\/h3>\n\n\n\n<p>Les d\u00e9clarations de la victime d\u2019un d\u00e9lit sexuel sont essentielles pour l\u2019\u00e9ventuelle condamnation de l\u2019auteur\u00b7e de l\u2019infraction, surtout s\u2019il n\u2019y a pas ou presque pas de preuves. \u00c0 partir de l\u2019\u00e2ge de 15 ans, la victime est entendue comme t\u00e9moin par un membre de la police du m\u00eame sexe qu\u2019elle. Elle peut se faire accompagner pour son audition par une personne de confiance (p. ex. une conseill\u00e8re de l\u2019aide aux victimes). Si la victime a moins de 18 ans au moment de l\u2019ouverture de l\u2019enqu\u00eate p\u00e9nale, elle est entendue au maximum deux fois. La deuxi\u00e8me audition n\u2019a lieu que si elle est indispensable.<\/p>\n\n\n\n<\/div><\/div><div class=\"default-container clues content-part children-count-1 children-count-odd\"><div class=\"inner-padding\"><a id=\"tips\"><\/a><h2 class=\"subcontent-main-title foreground-primary foreground-primary\">Comment se prot\u00e9ger?<\/h2><div class=\"clues-inner-table clues-count-odd\"><div class=\"clue-item clues-count-odd clues-count-1 background-faded\"><div class=\"clue se-proteger-comme-adulte-des-violences-sexuelles\"><p class=\"clue-image\"><img loading=\"lazy\" decoding=\"async\" width=\"640\" height=\"320\" src=\"https:\/\/www.skppsc.ch\/fr\/wp-content\/uploads\/sites\/5\/2017\/01\/tipp4sexuelleuebergriffe-640x320.jpg\" class=\"attachment-skp-thumbnail-force-ratio size-skp-thumbnail-force-ratio wp-post-image\" alt=\"\" srcset=\"https:\/\/www.skppsc.ch\/fr\/wp-content\/uploads\/sites\/5\/2017\/01\/tipp4sexuelleuebergriffe-640x320.jpg 640w, https:\/\/www.skppsc.ch\/fr\/wp-content\/uploads\/sites\/5\/2017\/01\/tipp4sexuelleuebergriffe-300x150.jpg 300w, https:\/\/www.skppsc.ch\/fr\/wp-content\/uploads\/sites\/5\/2017\/01\/tipp4sexuelleuebergriffe-768x384.jpg 768w, https:\/\/www.skppsc.ch\/fr\/wp-content\/uploads\/sites\/5\/2017\/01\/tipp4sexuelleuebergriffe.jpg 800w\" sizes=\"auto, (max-width: 640px) 100vw, 640px\"><\/p><h3 class=\"clue-title background-primary foreground-title\">Se prot\u00e9ger comme adulte des violences sexuelles<\/h3><ul>\n<li><strong>En cas d\u2019urgence\u2009: <\/strong>appelez le plus rapidement la police en composant le 117.<\/li>\n<li><strong style=\"font-size: inherit\">\u00c9vitez le contact avec des personnes ivres ou sous l\u2019influence de drogues\u2009;<\/strong><span style=\"font-size: inherit\"> une consommation excessive d\u2019alcool ou d\u2019autres psychotropes peut \u00e9galement \u00eatre dangereuse, sp\u00e9cialement si l\u2019on est seul en route ;<\/span><\/li>\n<li><strong>Ne laissez pas votre boisson sans surveillance. <\/strong>Gardez un \u0153il sur vos boissons, afin d\u2019emp\u00eacher qu\u2019une substance psychotrope y soit ajout\u00e9e \u00e0 votre insu ;<\/li>\n<li><strong>Si malgr\u00e9 tout vous \u00eates victime d\u2019une agression\u2009:<\/strong> criez le plus fort possible, mordez, d\u00e9battez-vous, donnez des coups de poing, des coups de pied\u2009; la contre-attaque est le plus s\u00fbr moyen de se d\u00e9fendre avec succ\u00e8s contre une agression sexuelle;<\/li>\n<li>Vous trouverez \u00e9galement des informations pour prot\u00e9ger votre int\u00e9grit\u00e9 sexuelle<strong> dans votre sph\u00e8re priv\u00e9e<\/strong> \u00e0 la page consacr\u00e9e \u00e0 la <a style=\"font-size: inherit\" href=\"https:\/\/www.skppsc.ch\/fr\/sujets\/violence\/violence-domestique\/\" target=\"_blank\" rel=\"noopener\">violence domestique.<\/a><\/li>\n<li>Vous trouverez \u00e9galement des informations pour prot\u00e9ger votre int\u00e9grit\u00e9 sexuelle<strong> en soir\u00e9e <\/strong>\u00e0 la page consacr\u00e9e \u00e0 notre campagne <a href=\"https:\/\/www.skppsc.ch\/fr\/projets\/tu-t-en-sors\/\" target=\"_blank\" rel=\"noopener\">\"Tu t\u2019en sors\u00a0?\"<\/a>.<\/li>\n<\/ul>\n<\/div><\/div><\/div><\/div><\/div><div class=\"default-container content-part\"><div class=\"inner-padding\">\n\n\n\n<h2 class=\"wp-block-heading foreground-primary\">Centres de consultation<\/h2>\n\n\n\n<ul class=\"wp-block-list\">\n<li>Le site de la fondation <a rel=\"noopener noreferrer\" href=\"https:\/\/www.sante-sexuelle.ch\/fr\/\" target=\"_blank\">Sant\u00e9 Sexuelle\u00a0Suisse<\/a> informe en d\u00e9tail sur les th\u00e8mes de la sant\u00e9 sexuelle, du planning familial et de l\u2019\u00e9ducation sexuelle. Vous y trouverez aussi l\u2019adresse d\u2019un centre de consultation dans votre r\u00e9gion.<\/li>\n\n\n\n<li>Sur <a rel=\"noopener noreferrer\" href=\"https:\/\/www.violencequefaire.ch\" target=\"_blank\">violencequefaire.ch<\/a>, vous trouverez des informations importantes ainsi que des offres de soutien dans le domaine des violences sexuelles.<\/li>\n<\/ul>\n\n\n\n<\/div><\/div><div class=\"full content-part post-name-guide-de-securite-de-la-police  post-type-download\"><div class=\"inner-padding\"><p class=\"featured-image download hide-on-mobile\"><a href=\"https:\/\/www.skppsc.ch\/fr\/wp-content\/uploads\/sites\/5\/2018\/11\/etes_vous_sur.pdf\" download target=\"_blank\"><img loading=\"lazy\" decoding=\"async\" width=\"640\" height=\"908\" src=\"https:\/\/www.skppsc.ch\/fr\/wp-content\/uploads\/sites\/5\/2018\/11\/etes_vous_sur-640x908.jpg\" class=\"attachment-skp-thumbnail-keep-ratio size-skp-thumbnail-keep-ratio wp-post-image\" alt=\"\" srcset=\"https:\/\/www.skppsc.ch\/fr\/wp-content\/uploads\/sites\/5\/2018\/11\/etes_vous_sur-640x908.jpg 640w, https:\/\/www.skppsc.ch\/fr\/wp-content\/uploads\/sites\/5\/2018\/11\/etes_vous_sur-211x300.jpg 211w, https:\/\/www.skppsc.ch\/fr\/wp-content\/uploads\/sites\/5\/2018\/11\/etes_vous_sur-768x1090.jpg 768w, https:\/\/www.skppsc.ch\/fr\/wp-content\/uploads\/sites\/5\/2018\/11\/etes_vous_sur.jpg 800w\" sizes=\"auto, (max-width: 640px) 100vw, 640px\"><\/a><\/p><div class=\"remaining-content\"><h2 class=\"sub-content-title  foreground-primary foreground-primary\">\u00cates-vous s\u00fbr ?<\/h2><h3 class=\"sub-content-subtitle \"><\/h3><p>La brochure traite de tous les types de d\u00e9lit, du vol simple aux arnaques en ligne, en passant par le harc\u00e8lement obsessionnel et la violence domestique. Apr\u00e8s une br\u00e8ve description des m\u00e9canismes typiques \u00e0 l\u2019\u0153uvre dans \u00adchaque forme de d\u00e9lit, la brochure fait la part belle aux \u00adconseils de pr\u00e9vention et renvoie aux informations r\u00e9pertori\u00e9es sur le site Internet PSC. Nous avons aussi tenu \u00e0 ce que le lecteur comprenne les modes op\u00e9ratoires des escrocs. Pourquoi ? Parce qu\u2019il s\u2019agit moins de conna\u00eetre dans le d\u00e9tail telle ou telle \u00adastuce et arnaque que, dans l\u2019id\u00e9al, d\u2019acqu\u00e9rir une comp\u00e9tence en mati\u00e8re de pr\u00e9ven\u00adtion. Car il sera d\u00e8s lors plus ais\u00e9 de se prot\u00e9ger d\u2019un d\u00e9lit dont on n\u2019a encore jamais \u00adentendu parler. (La brochure est aussi disponible en <a href=\"https:\/\/www.skppsc.ch\/fr\/download\/safe-and-sound-francais\/\">anglais<\/a>.)<\/p>\n<p><\/p>\n<p class=\"featured-image download mobile-only\"><a href=\"https:\/\/www.skppsc.ch\/fr\/wp-content\/uploads\/sites\/5\/2018\/11\/etes_vous_sur.pdf\" download target=\"_blank\"><img loading=\"lazy\" decoding=\"async\" width=\"640\" height=\"908\" src=\"https:\/\/www.skppsc.ch\/fr\/wp-content\/uploads\/sites\/5\/2018\/11\/etes_vous_sur-640x908.jpg\" class=\"attachment-skp-thumbnail-keep-ratio size-skp-thumbnail-keep-ratio wp-post-image\" alt=\"\" srcset=\"https:\/\/www.skppsc.ch\/fr\/wp-content\/uploads\/sites\/5\/2018\/11\/etes_vous_sur-640x908.jpg 640w, https:\/\/www.skppsc.ch\/fr\/wp-content\/uploads\/sites\/5\/2018\/11\/etes_vous_sur-211x300.jpg 211w, https:\/\/www.skppsc.ch\/fr\/wp-content\/uploads\/sites\/5\/2018\/11\/etes_vous_sur-768x1090.jpg 768w, https:\/\/www.skppsc.ch\/fr\/wp-content\/uploads\/sites\/5\/2018\/11\/etes_vous_sur.jpg 800w\" sizes=\"auto, (max-width: 640px) 100vw, 640px\"><\/a><\/p><div class=\"download-bottom-actions \"><a href=\"https:\/\/www.skppsc.ch\/fr\/wp-content\/uploads\/sites\/5\/2018\/11\/etes_vous_sur.pdf\" download target=\"_blank\" class=\"large skp-icon skp-download-pdf download-icon \" title=\"\"><span class=\"link-text\"><\/span><\/a><u-add-to-cart :options='[{\"id\":441,\"title\":\"Sind Sie sicher?\",\"byline\":\"Brosch\\u00fcre, A5, 56 Seiten, 2018\",\"lang\":\"de\",\"siteId\":2,\"cartHash\":\"2c9\",\"amount\":0,\"max\":\"9999\",\"articleNumber\":\"10024\"},{\"id\":610,\"title\":\"\\u00cates-vous s\\u00fbr ?\",\"byline\":\"Brochure, A5, 56 pages, 2018\",\"lang\":\"fr\",\"siteId\":5,\"cartHash\":\"5fa\",\"amount\":0,\"max\":\"9999\",\"articleNumber\":\"20024\"},{\"id\":604,\"title\":\"Siete sicuri?\",\"byline\":\"Opuscolo, A5, 56 pagine, 2018\",\"lang\":\"it\",\"siteId\":7,\"cartHash\":\"7dk\",\"amount\":0,\"max\":\"9999\",\"articleNumber\":\"30024\"}]' :is-logged-in=\"false\" login-url=\"https:\/\/www.skppsc.ch\/fr\/wp-login.php?redirect_to=https%3A%2F%2Fwww.skppsc.ch%2Ffr%2Fwp-json%2Fwp%2Fv2%2Fpages%2F135%3Fpr%3D5fa%235fa\" police-url=\"https:\/\/www.skppsc.ch\/fr\/contact-police\/\" :initially-opened=\"false\"><\/u-add-to-cart><\/div><\/div><\/div><\/div><div class=\"default-container content-part\"><div class=\"inner-padding\">\n<\/div><\/div><\/body><\/html>","protected":false},"excerpt":{"rendered":"<p>Les violences sexuelles peuvent survenir partout dans la soci\u00e9t\u00e9 et dans les contextes les plus divers. Elles englobent toutes les formes d\u2019actes sexuels impos\u00e9s et de comportements abusifs avec une composante sexuelle. Elles surviennent sous forme de harc\u00e8lement sexuel dans une relation de d\u00e9pendance (p. ex. dans des rapports de travail), ou dans un rapport sexuel forc\u00e9 au sein d\u2019un couple mari\u00e9 ou entre partenaires. Outre la recherche de la satisfaction des besoins sexuels par la contrainte, les violences sexuelles s\u2019accompagnent souvent de techniques d\u2019intimidation, d\u2019humiliation et de culpabilisation.<\/p>\n","protected":false},"author":1,"featured_media":2130,"parent":134,"menu_order":10,"comment_status":"closed","ping_status":"closed","template":"","meta":{"showSharingButtons":false,"skp-theme-color":"eleven","_subtitle":null,"alternative_title":"","seoDescription":"","seoKeywords":"","seoTitle":"","featuredVideoEmbedCode":"","featuredYoutubeVideoId":"","notes":"","redirectToPostId":0,"skp-further-information":"","hideTile":false,"pageType":"","editor_notices":[],"footnotes":""},"topic":[17],"class_list":["post-135","page","type-page","status-publish","has-post-thumbnail","hentry","topic-violence-sexuelle-adultes"],"aioseo_notices":[],"_links":{"self":[{"href":"https:\/\/www.skppsc.ch\/fr\/wp-json\/wp\/v2\/pages\/135","targetHints":{"allow":["GET"]}}],"collection":[{"href":"https:\/\/www.skppsc.ch\/fr\/wp-json\/wp\/v2\/pages"}],"about":[{"href":"https:\/\/www.skppsc.ch\/fr\/wp-json\/wp\/v2\/types\/page"}],"author":[{"embeddable":true,"href":"https:\/\/www.skppsc.ch\/fr\/wp-json\/wp\/v2\/users\/1"}],"replies":[{"embeddable":true,"href":"https:\/\/www.skppsc.ch\/fr\/wp-json\/wp\/v2\/comments?post=135"}],"version-history":[{"count":0,"href":"https:\/\/www.skppsc.ch\/fr\/wp-json\/wp\/v2\/pages\/135\/revisions"}],"up":[{"embeddable":true,"href":"https:\/\/www.skppsc.ch\/fr\/wp-json\/wp\/v2\/pages\/134"}],"wp:featuredmedia":[{"embeddable":true,"href":"https:\/\/www.skppsc.ch\/fr\/wp-json\/wp\/v2\/media\/2130"}],"wp:attachment":[{"href":"https:\/\/www.skppsc.ch\/fr\/wp-json\/wp\/v2\/media?parent=135"}],"wp:term":[{"taxonomy":"topic","embeddable":true,"href":"https:\/\/www.skppsc.ch\/fr\/wp-json\/wp\/v2\/topic?post=135"}],"curies":[{"name":"wp","href":"https:\/\/api.w.org\/{rel}","templated":true}]}}