{"id":137,"date":"2016-11-24T09:23:55","date_gmt":"2016-11-24T08:23:55","guid":{"rendered":"https:\/\/www.skppsc.ch\/de\/?page_id=137"},"modified":"2026-03-13T13:31:58","modified_gmt":"2026-03-13T12:31:58","slug":"pornographie-illegale","status":"publish","type":"page","link":"https:\/\/www.skppsc.ch\/fr\/sujets\/violence-sexuelle\/pornographie-illegale\/","title":{"rendered":"Pornographie ill\u00e9gale"},"content":{"rendered":"<html><body><div class=\"default-container content-part\"><div class=\"inner-padding\">\n<h2 class=\"wp-block-heading foreground-primary\">D\u00e9finition<\/h2>\n\n\n\n<p>La perception de la pornographie varie \u00e9norm\u00e9ment d\u2019une personne \u00e0 l\u2019autre. Pour ce qui est de la pr\u00e9vention de la criminalit\u00e9, c\u2019est avant tout la d\u00e9finition juridique qui importe. Il faut donc s\u2019en r\u00e9f\u00e9rer \u00e0 ce que disent le Code p\u00e9nal et le Tribunal f\u00e9d\u00e9ral.<\/p>\n\n\n\n<h3 class=\"wp-block-heading\">Pornographie<\/h3>\n\n\n\n<p>Selon un arr\u00eat du Tribunal f\u00e9d\u00e9ral rendu en 2005, la pornographie se d\u00e9finit de mani\u00e8re g\u00e9n\u00e9rale comme suit\u2009:<\/p>\n\n\n\n<p>\u00ab\u2009La notion de pornographie suppose d\u2019une part que les repr\u00e9sentations ou les spectacles sont objectivement con\u00e7us pour provoquer chez le consommateur une excitation sexuelle. D\u2019autre part, il est n\u00e9cessaire que la sexualit\u00e9 soit extraite de son contexte humain et \u00e9motionnel au point que la personne concern\u00e9e apparaisse comme un simple objet sexuel dont on peut disposer \u00e0 volont\u00e9. Le comportement sexuel en devient grossier et mis en avant avec insistance.\u2009\u00bb<\/p>\n\n\n\n<h3 class=\"wp-block-heading\">Pornographie interdite<\/h3>\n\n\n\n<p>La loi d\u00e9signe deux formes de pornographie qui, d\u2019une mani\u00e8re g\u00e9n\u00e9rale, sont punissables\u2009: les repr\u00e9sentations pornographiques avec des enfants et avec des animaux.<\/p>\n\n\n\n<\/div><\/div><div class=\"default-container content-part replaced-hr\"><div class=\"inner-padding\">\n\n\n\n<h2 class=\"wp-block-heading foreground-primary\">Situation juridique<\/h2>\n\n\n\n<p>Le droit traite de la pornographie sous divers aspects. D\u2019une part, il d\u00e9finit \u00e0 partir de quel \u00e2ge et dans quelles conditions la pornographie peut \u00eatre rendue accessible \u00e0 des personnes. D\u2019autre part, il contient des dispositions qui interdisent certaines formes de pornographie. En outre, il existe des textes juridiques qui disent quelles repr\u00e9sentations sont \u00e0 consid\u00e9rer comme pornographiques.<\/p>\n\n\n\n<h4 class=\"wp-block-heading\"><a href=\"https:\/\/www.admin.ch\/opc\/fr\/classified-compilation\/19370083\/index.html#a197\" target=\"_blank\" rel=\"noreferrer noopener\" aria-label=\"Art. 197 al. 1 CP (opens in a new tab)\">Art. 197 al. 1 CP<\/a> Article pour la protection de la jeunesse<\/h4>\n\n\n\n<p>\u00ab Quiconque offre, montre, rend accessibles \u00e0 une personne de moins de 16 ans ou met \u00e0 sa disposition des \u00e9crits, enregistrements sonores ou visuels, images ou autres objets pornographiques ou des repr\u00e9sentations pornographiques, ou les diffuse \u00e0 la radio ou \u00e0 la t\u00e9l\u00e9vision, est puni d\u2019une peine privative de libert\u00e9 de trois ans au plus ou d\u2019une peine p\u00e9cuniaire. \u00bb<\/p>\n\n\n\n<p>Cet article qui vise \u00e0 prot\u00e9ger la jeunesse se r\u00e9f\u00e8re \u00e0 des personnes pouvant potentiellement proposer de la pornographie mais pas \u00e0 ses consommateurs. Son objectif est d\u2019aider \u00e0 ce que les jeunes ne soient pas d\u00e9rang\u00e9s dans leur d\u00e9veloppement sexuel. A l\u2019\u00e9poque de la pornographie en ligne o\u00f9 les sollicitations viennent du monde entier avec des pays o\u00f9 les cadres juridiques diff\u00e8rent fortement, la protection de la jeunesse est difficile \u00e0 garantir. Une information appropri\u00e9e est donc d\u2019autant plus importante.<\/p>\n\n\n\n<h4 class=\"wp-block-heading\"><a href=\"https:\/\/www.admin.ch\/opc\/fr\/classified-compilation\/19370083\/index.html#a197\" target=\"_blank\" rel=\"noreferrer noopener\" aria-label=\"Art. 197 al. 4 et 5 CP (opens in a new tab)\">Art. 197 al. 4 et 5 CP<\/a> Pornographie ill\u00e9gale<\/h4>\n\n\n\n<p>Les deux alin\u00e9as de l\u2019article 197 indiquent deux formes de pornographie qui, d\u2019une mani\u00e8re g\u00e9n\u00e9rale, sont punissables\u2009: les repr\u00e9sentations pornographiques avec des enfants et avec des animaux. Les photos d\u2019enfants nus peuvent d\u00e9j\u00e0 \u00eatre consid\u00e9r\u00e9es comme pornographiques si l\u2019impression d\u2019ensemble qu\u2019elles donnent t\u00e9moigne d\u2019une volont\u00e9 d\u2019exciter sexuellement la personne qui les regarde.<\/p>\n\n\n\n<h4 class=\"wp-block-heading\"><a href=\"https:\/\/www.admin.ch\/opc\/fr\/classified-compilation\/19370083\/index.html#a197\" target=\"_blank\" rel=\"noreferrer noopener\">Art. 197 al. 8 et 8bis CP<\/a> R\u00e9serve<\/h4>\n\n\n\n<p>Quiconque fabrique, poss\u00e8de ou consomme des objets ou des repr\u00e9sentations au sens de l\u2019al. 1 impliquant un mineur, ou les lui rend accessibles, n\u2019est pas punissable :<br>a. si le mineur y a consenti ;<br>b. si la personne qui fabrique les objets ou repr\u00e9sentations ne fournit ou ne promet pas de r\u00e9mun\u00e9ration, et<br>c. si la diff\u00e9rence d\u2019\u00e2ge entre les personnes concern\u00e9es ne d\u00e9passe pas trois ans.<\/p>\n\n\n\n<p>Quiconque, \u00e9tant mineur, fabrique, poss\u00e8de ou consomme des objets ou des repr\u00e9sentations au sens de l\u2019al. 1 qui l\u2019impliquent lui m\u00eame ou les rend accessibles \u00e0 une autre personne avec son consentement n\u2019est pas punissable.<br>La personne \u00e0 qui ces objets ou repr\u00e9sentations sont rendus accessibles n\u2019est pas punissable en cas de possession ou de consommation :<br>a. si elle ne fournit ou ne promet pas de r\u00e9mun\u00e9ration ;<br>b. si les personnes concern\u00e9es se connaissent personnellement, et<br>c. si les personnes concern\u00e9es sont majeures ou, si l\u2019une d\u2019elles au moins est mineure, que leur diff\u00e9rence d\u2019\u00e2ge ne d\u00e9passe pas trois ans.<\/p>\n\n\n\n<h4 class=\"wp-block-heading\"><a href=\"https:\/\/www.fedlex.admin.ch\/eli\/cc\/54\/757_781_799\/fr#art_197_a\" target=\"_blank\" rel=\"noreferrer noopener\"><strong>Art. 197a CP<\/strong><\/a>\u2009: Transmission indue d\u2019un contenu non public \u00e0 caract\u00e8re sexuel<\/h4>\n\n\n\n<p>Est punissable quiconque transmet \u00e0 un tiers un contenu priv\u00e9 \u00e0 caract\u00e8re sexuel (image, vid\u00e9o, \u00e9crit, objet), sans le consentement de la personne qui y est identifiable. Ce d\u00e9lit n\u2019est poursuivi que si la victime d\u00e9pose plainte. Il s\u2019agit donc d\u2019un d\u00e9lit sur plainte.<\/p>\n\n\n\n<\/div><\/div><div class=\"full content-part image-wrapper image-684\"><img width=\"2560\" height=\"1280\" src=\"https:\/\/www.skppsc.ch\/fr\/wp-content\/uploads\/sites\/5\/2016\/11\/pornografie2-2560x1280.jpg\" class=\"attachment-skp-large-force-ratio size-skp-large-force-ratio\" alt=\"\" srcset=\"https:\/\/www.skppsc.ch\/fr\/wp-content\/uploads\/sites\/5\/2016\/11\/pornografie2-2560x1280.jpg 2560w, https:\/\/www.skppsc.ch\/fr\/wp-content\/uploads\/sites\/5\/2016\/11\/pornografie2-300x150.jpg 300w, https:\/\/www.skppsc.ch\/fr\/wp-content\/uploads\/sites\/5\/2016\/11\/pornografie2-768x384.jpg 768w, https:\/\/www.skppsc.ch\/fr\/wp-content\/uploads\/sites\/5\/2016\/11\/pornografie2-640x320.jpg 640w, https:\/\/www.skppsc.ch\/fr\/wp-content\/uploads\/sites\/5\/2016\/11\/pornografie2-1280x640.jpg 1280w\" sizes=\"(max-width: 2560px) 100vw, 2560px\"><\/div><div class=\"default-container content-part\"><div class=\"inner-padding\">\n\n\n\n<h2 class=\"wp-block-heading foreground-primary\">Comportements probl\u00e9matiques avec la pornographie<\/h2>\n\n\n\n<h3 class=\"wp-block-heading\">Les jeunes et la pornographie<\/h3>\n\n\n\n<p>Plusieurs \u00e9tudes suisses sugg\u00e8rent que la plupart des jeunes de moins de 16 ans ont d\u00e9j\u00e0 vu des photos ou des films pornographiques. Mais seule une petite partie des jeunes manifeste un comportement probl\u00e9matique avec la pornographie (addiction, absence de distinction entre le monde pornographique imaginaire et la r\u00e9alit\u00e9, pr\u00e9f\u00e9rence pour les formes extr\u00eames et la pornographie ill\u00e9gale, etc.).<\/p>\n\n\n\n<p>Cela dit, il faut aussi relever que jusqu\u2019\u00e0 50 % des mineurs\u00a0auteurs d\u2019agressions sexuelles sont des consommateurs excessifs de pornographie. Ces jeunes regardent en outre tr\u00e8s t\u00f4t de la pornographie et ont souvent une pr\u00e9f\u00e9rence pour des formes extr\u00eames. Ces jeunes d\u00e9linquants reconnaissent fr\u00e9quemment eux-m\u00eames que la consommation de pornographie les incite \u00e0 commettre des agressions sexuelles. Mais d\u2019autres facteurs de risques doivent encore \u00eatre pr\u00e9sents pour qu\u2019un jeune devienne effectivement un d\u00e9linquant sexuel. La consommation de pornographie n\u2019est donc \u00e0 consid\u00e9rer que comme un facteur de risque de d\u00e9veloppement d\u00e9viant chez les jeunes. <\/p>\n\n\n\n<p><\/p>\n\n\n\n<h3 class=\"wp-block-heading\">Porno-d\u00e9pendance<\/h3>\n\n\n\n<p>A notre connaissance, aucune \u00e9tude repr\u00e9sentative n\u2019a (encore) \u00e9t\u00e9 men\u00e9e ni sur les comportements d\u2019addiction ni sur la pornographie. Toutefois, les centres de consultation pour probl\u00e8mes de d\u00e9pendance rapportent que certaines personnes contr\u00f4lent difficilement ou sont m\u00eame incapables de contr\u00f4ler leur consommation de pornographie. Il y a addiction lorsqu\u2019une personne, pour satisfaire un besoin, doit avoir des stimulations toujours plus fortes pour \u00e9prouver le plaisir recherch\u00e9. En ce qui concerne les stimulations pornographiques, une telle addiction a pour effet que les personnes commencent \u00e0 rechercher des formes ill\u00e9gales de pornographie et se rendent ainsi punissables.<\/p>\n\n\n\n<h3 class=\"wp-block-heading\">P\u00e9dopornographie<\/h3>\n\n\n\n<p>La jurisprudence donne une d\u00e9finition tr\u00e8s large de la pornographie qui met en sc\u00e8ne des mineurs. Ainsi, toute mise en sc\u00e8ne sexualis\u00e9e ou pose suggestive peut \u00eatre consid\u00e9r\u00e9e comme pornographique. Il est ainsi tenu compte du fait que toute repr\u00e9sentation p\u00e9dopornographique \u00e9tablit une preuve de <a href=\"https:\/\/www.skppsc.ch\/fr\/sujets\/violence-sexuelle\/violence-sexuelle-enfants\/\" target=\"_blank\" rel=\"noreferrer noopener\">l\u2019abus d\u2019un enfant<\/a> et ne constitue donc en rien un d\u00e9lit mineur\u2009! Par leur consommation, les amateurs de p\u00e9dopornographie soutiennent directement l\u2019exploitation sexuelle d\u2019enfants.<\/p>\n\n\n\n<h3 class=\"wp-block-heading\">Sexting<\/h3>\n\n\n\n<p>Les \u00e9changes de type \u00ab sextoter \u00bb (aussi appel\u00e9 \u00ab sexting \u00bb : le mot \u00ab sexe \u00bb remplace ici le mot \u00ab texte \u00bb) posent un probl\u00e8me particulier au cadre l\u00e9gislatif qui entoure le volet \u00ab repr\u00e9sentations sexuelles avec des enfants ou adolescents de moins de 18 ans \u00bb. Ce ph\u00e9nom\u00e8ne, qui se traduit par l\u2019envoi de photos ou de vid\u00e9os sexy par smartphone entre jeunes amoureux soit pour t\u00e9moigner de la sinc\u00e9rit\u00e9 de ses sentiments amoureux, soit pour accomplir un acte de courage, est passablement r\u00e9pandu. En effet, l\u2019impossibilit\u00e9 de pouvoir contr\u00f4ler la diffusion de toute image num\u00e9rique envoy\u00e9e comporte aussi le risque que celle-ci puisse \u00eatre utilis\u00e9e abusivement dans le temps, voire servir de moyen pour harceler. \u00c0 noter qu\u2019un probl\u00e8me subsiste s\u2019agissant de la pornographie ill\u00e9gale \u00e9voqu\u00e9e ci-dessus : si l\u2019on peut certes qualifier la photo d\u2019une jeune de quinze ans en sous-v\u00eatements sexy de repr\u00e9sentation \u00e0 caract\u00e8re p\u00e9dopornographique, il faut aussi \u00e9viter de criminaliser inutilement les personnes mineures. Ainsi, d\u00e8s lors qu\u2019elles pratiquent le sexting de mani\u00e8re consensuelle, la loi pr\u00e9voit des d\u00e9rogations. La fabrication, la possession et la consommation d\u2019un contenu non public \u00e0 caract\u00e8re sexuel n\u2019est pas punissable si les personnes concern\u00e9es se connaissent personnellement, que leur diff\u00e9rence d\u2019\u00e2ge n\u2019exc\u00e8de pas trois ans, qu\u2019elles y ont toutes consenti et qu\u2019il n\u2019y a ni promesse ni fourniture de r\u00e9mun\u00e9ration; cette disposition s\u2019applique aussi aux mineurs (art. 197, al. 8 et 8bis, CP).<\/p>\n\n\n\n<h3 class=\"wp-block-heading\">Revenge porn<\/h3>\n\n\n\n<p>La porno-vengeance, ou revenge porn, d\u00e9signe la diffusion ou la publication de photos ou de vid\u00e9os intimes sans le consentement de la personne qui y est identifiable. En r\u00e8gle g\u00e9n\u00e9rale, il s\u2019agit d\u2019actes commis pour humilier ou causer du tort \u00e0 cette personne. Les cons\u00e9quences \u00e9motionnelles, sociales et professionnelles sont souvent lourdes pour les victimes. Il s\u2019agit, en outre, d\u2019une forme d\u2019abus num\u00e9rique. La porno-vengeance est un d\u00e9lit punissable (art. 197a, al. 1 et 2, CP).<\/p>\n\n\n\n<\/div><\/div><div class=\"default-container content-part replaced-hr\"><div class=\"inner-padding\">\n\n\n\n<h2 class=\"wp-block-heading foreground-primary\">Que fait la police\u2009? Que pouvez-vous faire\u2009?<\/h2>\n\n\n\n<p>La pornographie ill\u00e9gale est un d\u00e9lit poursuivi d\u2019office, ce qui signifie que la police proc\u00e8de automatiquement \u00e0 une enqu\u00eate d\u00e8s le moment o\u00f9 elle a connaissance d\u2019une violation du droit.<\/p>\n\n\n\n<p>Bon nombre de photos pornographiques avec des enfants sont prises \u00e0 l\u2019\u00e9tranger. Mais r\u00e9guli\u00e8rement figurent \u00e9galement des Suisses parmi les auteurs de telles infractions. Les Suisses qui abusent d\u2019enfants \u00e0 l\u2019\u00e9tranger ou y produisent de la p\u00e9dopornographie peuvent aussi \u00eatre poursuivis p\u00e9nalement. Ce sont surtout les autorit\u00e9s de police et les organisations de protection de l\u2019enfance dans les pays touristiques qui signalent les cas aux autorit\u00e9s p\u00e9nales suisses. Mais vous pouvez vous aussi aider \u00e0 lutter contre ces crimes en signalant des personnes qui pratiquent le <a href=\"https:\/\/www.kinderschutz.ch\/fr\/themes\/violence-sexuelle\/traite-denfants\" target=\"_blank\" rel=\"noreferrer noopener\">tourisme p\u00e9dosexuel<\/a>.<\/p>\n\n\n\n<p>Sur clickandstop.ch, les citoyennes et les citoyens peuvent d\u00e9noncer un contenu\u00a0p\u00e9docriminel\u00a0en remplissant un\u00a0<a href=\"https:\/\/www.clickandstop.ch\/\" target=\"_blank\" rel=\"noreferrer noopener\">formulaire de signalement en ligne<\/a>.\u00a0Le service de signalement clickandstop.ch contre la violence sexuelle envers les enfants et les adolescentes et adolescents coordonne\u00a0ensuite\u00a0les mesures compl\u00e9mentaires en collaboration avec les autorit\u00e9s de poursuite p\u00e9nale.\u00a0Outre la possibilit\u00e9 de signaler facilement et anonymement des URL menant \u00e0 un contenu\u00a0p\u00e9docriminel, le service permet aux enfants et jeunes concern\u00e9s ainsi qu\u2019\u00e0 leurs parents et \u00e0 toute personne charg\u00e9e de leur \u00e9ducation d\u2019obtenir des informations et des conseils.\u00a0<\/p>\n\n\n\n<\/div><\/div><div class=\"default-container content-part replaced-hr\"><div class=\"inner-padding\">\n\n\n\n<h2 class=\"wp-block-heading foreground-primary\">Centres de consultation<\/h2>\n\n\n\n<ul class=\"wp-block-list\">\n<li>Le site d\u2019<a rel=\"noreferrer noopener\" aria-label=\"Addiction Suisse (opens in a new tab)\" href=\"https:\/\/www.addictionsuisse.ch\/\" target=\"_blank\">Addiction Suisse<\/a> fournit des informations sur l\u2019addiction en ligne ainsi que des adresses de centres de conseil dans votre r\u00e9gion.<\/li>\n\n\n\n<li>Les jeunes peuvent aussi se renseigner et trouver des conseils \u00e0 propos de la pornographie sur le site <a rel=\"noopener noreferrer\" href=\"http:\/\/www.ciao.ch\/f\/\" target=\"_blank\">ciao.ch<\/a>.<\/li>\n\n\n\n<li>Le site <a href=\"https:\/\/www.santebernoise.ch\/themes\/mitic\/cybersmart\/\" target=\"_blank\" rel=\"noreferrer noopener\">cybersmart<\/a> fournit des informations sur le th\u00e8me de la pornographie sur Internet destin\u00e9es aux jeunes et aux adultes.<\/li>\n\n\n\n<li>Les personnes qui ont des tendances p\u00e9dophiles et qui souhaitent se faire aider avant de commettre des actes punissables peuvent consulter <a aria-label=\"Dis No (opens in a new tab)\" href=\"http:\/\/www.disno.ch\" target=\"_blank\" rel=\"noreferrer noopener\">Dis No<\/a>.<\/li>\n<\/ul>\n\n\n\n<\/div><\/div><div class=\"full content-part post-name-pornographie-agir-de-bon-droit  post-type-download\"><div class=\"inner-padding\"><p class=\"featured-image download hide-on-mobile\"><a href=\"https:\/\/www.skppsc.ch\/fr\/wp-content\/uploads\/sites\/5\/2016\/12\/pornographie-_agir_de_bon_droit.pdf\" download target=\"_blank\"><img loading=\"lazy\" decoding=\"async\" width=\"640\" height=\"908\" src=\"https:\/\/www.skppsc.ch\/fr\/wp-content\/uploads\/sites\/5\/2016\/12\/porno_fr-640x908.jpg\" class=\"attachment-skp-thumbnail-keep-ratio size-skp-thumbnail-keep-ratio wp-post-image\" alt=\"\" srcset=\"https:\/\/www.skppsc.ch\/fr\/wp-content\/uploads\/sites\/5\/2016\/12\/porno_fr-640x908.jpg 640w, https:\/\/www.skppsc.ch\/fr\/wp-content\/uploads\/sites\/5\/2016\/12\/porno_fr-211x300.jpg 211w, https:\/\/www.skppsc.ch\/fr\/wp-content\/uploads\/sites\/5\/2016\/12\/porno_fr-722x1024.jpg 722w, https:\/\/www.skppsc.ch\/fr\/wp-content\/uploads\/sites\/5\/2016\/12\/porno_fr-768x1090.jpg 768w, https:\/\/www.skppsc.ch\/fr\/wp-content\/uploads\/sites\/5\/2016\/12\/porno_fr.jpg 800w\" sizes=\"auto, (max-width: 640px) 100vw, 640px\"><\/a><\/p><div class=\"remaining-content\"><h2 class=\"sub-content-title  foreground-primary foreground-primary\">Pornographie: Agir de bon droit<\/h2><h3 class=\"sub-content-subtitle \">Informations sur le th\u00e8me de la pornographie et de son cadre r\u00e9glementaire <\/h3><p>Le fascicule \u00abPornographie: Agir de bon droit\u00bb fournit des renseignements sur les principaux articles de loi concernant la pornographie. Il a pour but de contribuer \u00e0 ce que les jeunes apprennent \u00e0 satisfaire leur curiosit\u00e9 et la d\u00e9couverte de leur sexualit\u00e9 de mani\u00e8re tout \u00e0 fait l\u00e9gale. Le fascicule d\u00e9taille la situation juridique dans le domaine et fournit aux jeunes et aux adultes des informations utiles sur l\u2018\u00e2ge de protection, le sexting et la pornographie ill\u00e9gale. Quant aux parents et responsables d\u2019\u00e9ducation, il les conseille afin qu\u2019ils ma\u00eetrisent le sujet avant de l\u2019aborder avec les jeunes.<\/p>\n<p><!-- wp:file {\"id\":2186,\"href\":\"https:\/\/www.skppsc.ch\/fr\/wp-content\/uploads\/sites\/5\/2016\/12\/pornographie-_agir_de_bon_droit.pdf\",\"displayPreview\":true} --><\/p>\n\n<p><!-- \/wp:file --><\/p>\n<p class=\"featured-image download mobile-only\"><a href=\"https:\/\/www.skppsc.ch\/fr\/wp-content\/uploads\/sites\/5\/2016\/12\/pornographie-_agir_de_bon_droit.pdf\" download target=\"_blank\"><img loading=\"lazy\" decoding=\"async\" width=\"640\" height=\"908\" src=\"https:\/\/www.skppsc.ch\/fr\/wp-content\/uploads\/sites\/5\/2016\/12\/porno_fr-640x908.jpg\" class=\"attachment-skp-thumbnail-keep-ratio size-skp-thumbnail-keep-ratio wp-post-image\" alt=\"\" srcset=\"https:\/\/www.skppsc.ch\/fr\/wp-content\/uploads\/sites\/5\/2016\/12\/porno_fr-640x908.jpg 640w, https:\/\/www.skppsc.ch\/fr\/wp-content\/uploads\/sites\/5\/2016\/12\/porno_fr-211x300.jpg 211w, https:\/\/www.skppsc.ch\/fr\/wp-content\/uploads\/sites\/5\/2016\/12\/porno_fr-722x1024.jpg 722w, https:\/\/www.skppsc.ch\/fr\/wp-content\/uploads\/sites\/5\/2016\/12\/porno_fr-768x1090.jpg 768w, https:\/\/www.skppsc.ch\/fr\/wp-content\/uploads\/sites\/5\/2016\/12\/porno_fr.jpg 800w\" sizes=\"auto, (max-width: 640px) 100vw, 640px\"><\/a><\/p><div class=\"download-bottom-actions \"><a href=\"https:\/\/www.skppsc.ch\/fr\/wp-content\/uploads\/sites\/5\/2016\/12\/pornographie-_agir_de_bon_droit.pdf\" download target=\"_blank\" class=\"large skp-icon skp-download-pdf download-icon \" title=\"\"><span class=\"link-text\"><\/span><\/a><u-add-to-cart :options='[{\"id\":338,\"title\":\"Pornografie: Alles, was Recht ist\",\"byline\":\"Faltblatt, A5, 8 Seiten, 2024\",\"lang\":\"de\",\"siteId\":2,\"cartHash\":\"292\",\"amount\":0,\"max\":\"9999\",\"articleNumber\":\"10051\"},{\"id\":338,\"title\":\"Pornographie: Agir de bon droit\",\"byline\":\"D\\u00e9pliant, A5, 6 pages, 2024\",\"lang\":\"fr\",\"siteId\":5,\"cartHash\":\"56q\",\"amount\":0,\"max\":\"9999\",\"articleNumber\":\"20051\"},{\"id\":338,\"title\":\"Pornografia: tutto ci\\u00f2 che prevede la legge\",\"byline\":\"Pieghevole, A5, 6 pagine, 2024\",\"lang\":\"it\",\"siteId\":7,\"cartHash\":\"75a\",\"amount\":0,\"max\":\"9999\",\"articleNumber\":\"30051\"}]' :is-logged-in=\"false\" login-url=\"https:\/\/www.skppsc.ch\/fr\/wp-login.php?redirect_to=https%3A%2F%2Fwww.skppsc.ch%2Ffr%2Fwp-json%2Fwp%2Fv2%2Fpages%2F137%3Fpr%3D56q%2356q\" police-url=\"https:\/\/www.skppsc.ch\/fr\/contact-police\/\" :initially-opened=\"false\"><\/u-add-to-cart><\/div><\/div><\/div><\/div><div class=\"default-container content-part\"><div class=\"inner-padding\">\n\n\n\n<\/div><\/div><div class=\"full content-part image-wrapper image-687\"><img width=\"2560\" height=\"1280\" src=\"https:\/\/www.skppsc.ch\/fr\/wp-content\/uploads\/sites\/5\/2016\/11\/pornografie4-2560x1280.jpg\" class=\"attachment-skp-large-force-ratio size-skp-large-force-ratio\" alt=\"\" srcset=\"https:\/\/www.skppsc.ch\/fr\/wp-content\/uploads\/sites\/5\/2016\/11\/pornografie4-2560x1280.jpg 2560w, https:\/\/www.skppsc.ch\/fr\/wp-content\/uploads\/sites\/5\/2016\/11\/pornografie4-300x150.jpg 300w, https:\/\/www.skppsc.ch\/fr\/wp-content\/uploads\/sites\/5\/2016\/11\/pornografie4-768x384.jpg 768w, https:\/\/www.skppsc.ch\/fr\/wp-content\/uploads\/sites\/5\/2016\/11\/pornografie4-640x320.jpg 640w, https:\/\/www.skppsc.ch\/fr\/wp-content\/uploads\/sites\/5\/2016\/11\/pornografie4-1280x640.jpg 1280w\" sizes=\"(max-width: 2560px) 100vw, 2560px\"><\/div><div class=\"default-container content-part\"><div class=\"inner-padding\">\n\n\n<\/div><\/div><\/body><\/html>","protected":false},"excerpt":{"rendered":"<p>\u00abE-commerce = P-commerce!\u00bb Voil\u00e0 ce qu\u2019on disait aux d\u00e9buts des achats en ligne. En clair, cela signifiait que l\u2019on trouvait avant tout de la pornographie \u00e0 vendre, \u00e0 acheter et \u00e0 consommer. La question ici n\u2019est pas de savoir si cette assertion est vraie ou pas. Mais il est incontestable que l\u2019offre de pornographie a fortement augment\u00e9 avec l\u2019arriv\u00e9e d\u2019Internet et que l\u2019acc\u00e8s \u00e0 celle-ci s\u2019en est trouv\u00e9 extraordinairement simplifi\u00e9.<\/p>\n<p>Il est donc devenu urgent de savoir ce qu\u2019il en est de la pornographie sur le plan juridique. Car qui conna\u00eet les lois peut se prot\u00e9ger et prot\u00e9ger d\u2019autres personnes de se rendre involontairement punissables par des actes irr\u00e9fl\u00e9chis. Cette connaissance du droit permet aussi d\u2019\u00e9valuer correctement quand il est n\u00e9cessaire d\u2019appeler la police.<\/p>\n","protected":false},"author":1,"featured_media":685,"parent":134,"menu_order":30,"comment_status":"closed","ping_status":"closed","template":"","meta":{"showSharingButtons":false,"skp-theme-color":"twelve","_subtitle":"","alternative_title":"","seoDescription":"","seoKeywords":"","seoTitle":"","featuredVideoEmbedCode":"","featuredYoutubeVideoId":"","notes":"","redirectToPostId":0,"skp-further-information":"<p><a href=\"https:\/\/takeitdown.ncmec.org\/fr\/\" data-type=\"link\" data-id=\"https:\/\/takeitdown.ncmec.org\/fr\/\" target=\"_blank\" rel=\"noreferrer noopener\">Take It Down<\/a>: un moyen technique afin d\u2019emp\u00eacher ou de r\u00e9duire l\u2019impact de la diffusion en ligne de photos ou de vid\u00e9os prises avant 18 ans<\/p>","hideTile":false,"pageType":"","editor_notices":[],"footnotes":""},"topic":[19],"class_list":["post-137","page","type-page","status-publish","has-post-thumbnail","hentry","topic-pornographie-illegale"],"aioseo_notices":[],"_links":{"self":[{"href":"https:\/\/www.skppsc.ch\/fr\/wp-json\/wp\/v2\/pages\/137","targetHints":{"allow":["GET"]}}],"collection":[{"href":"https:\/\/www.skppsc.ch\/fr\/wp-json\/wp\/v2\/pages"}],"about":[{"href":"https:\/\/www.skppsc.ch\/fr\/wp-json\/wp\/v2\/types\/page"}],"author":[{"embeddable":true,"href":"https:\/\/www.skppsc.ch\/fr\/wp-json\/wp\/v2\/users\/1"}],"replies":[{"embeddable":true,"href":"https:\/\/www.skppsc.ch\/fr\/wp-json\/wp\/v2\/comments?post=137"}],"version-history":[{"count":0,"href":"https:\/\/www.skppsc.ch\/fr\/wp-json\/wp\/v2\/pages\/137\/revisions"}],"up":[{"embeddable":true,"href":"https:\/\/www.skppsc.ch\/fr\/wp-json\/wp\/v2\/pages\/134"}],"wp:featuredmedia":[{"embeddable":true,"href":"https:\/\/www.skppsc.ch\/fr\/wp-json\/wp\/v2\/media\/685"}],"wp:attachment":[{"href":"https:\/\/www.skppsc.ch\/fr\/wp-json\/wp\/v2\/media?parent=137"}],"wp:term":[{"taxonomy":"topic","embeddable":true,"href":"https:\/\/www.skppsc.ch\/fr\/wp-json\/wp\/v2\/topic?post=137"}],"curies":[{"name":"wp","href":"https:\/\/api.w.org\/{rel}","templated":true}]}}