{"id":139,"date":"2016-11-24T09:25:30","date_gmt":"2016-11-24T08:25:30","guid":{"rendered":"https:\/\/www.skppsc.ch\/de\/?page_id=139"},"modified":"2026-04-14T16:20:32","modified_gmt":"2026-04-14T14:20:32","slug":"cyberharcelement","status":"publish","type":"page","link":"https:\/\/www.skppsc.ch\/fr\/sujets\/internet\/cyberharcelement\/","title":{"rendered":"Cyberharc\u00e8lement"},"content":{"rendered":"<html><body><div class=\"default-container content-part\"><div class=\"inner-padding\">\n<h2 class=\"wp-block-heading foreground-primary\">D\u00e9finition<\/h2>\n\n\n\n<p>On parle de cyberharc\u00e8lement lorsqu\u2019une ou plusieurs personnes s\u2019en prennent \u00e0 quelqu\u2019un pendant un certain temps, via Internet ou via un smartphone, dans le but d\u00e9lib\u00e9r\u00e9 de la blesser, de la menacer, de l\u2019humilier ou de la harceler.<\/p>\n\n\n\n<p>Dans le d\u00e9tail, les actes commis sont :<\/p>\n\n\n\n<ul class=\"wp-block-list\">\n<li>La diffusion d\u2019informations erron\u00e9es et de fausses rumeurs<\/li>\n\n\n\n<li>La diffusion de photos ou de vid\u00e9os\u00a0embarrassantes, falsifi\u00e9es ou\u00a0pr\u00e9sentant des personnes nues,\u00a0voire\u00a0dans des situations\u00a0pornographiques\u00a0<\/li>\n\n\n\n<li>Le chargement d\u2019informations, de rumeurs, d\u2019images et de vid\u00e9os sur les r\u00e9seaux sociaux\u00a0<\/li>\n\n\n\n<li>La fabrication de profils truqu\u00e9s (au contenu blessant)<\/li>\n\n\n\n<li>Le fait de prof\u00e9rer des injures, de harceler, de menacer et d\u2019exercer un chantage sur les r\u00e9seaux sociaux ou par e-mail ou SMS, etc.<\/li>\n<\/ul>\n\n\n\n<p>Un aspect particulier li\u00e9 au cyberharc\u00e8lement est ce que l\u2019on appelle le <a href=\"https:\/\/www.skppsc.ch\/fr\/sujets\/violence\/discours-de-haine-et-crimes-de-haine\/\" target=\"_blank\" rel=\"noreferrer noopener\">discours de haine (Hate Speech)<\/a>. On peut qualifier de discours de haine les formes d\u2019expression de toute nature qui sont dirig\u00e9es contre un individu ou un groupe dans le but de le blesser, de l\u2019insulter, de le d\u00e9valoriser, de le d\u00e9nigrer, de le calomnier, de le ridiculiser, de le rendre m\u00e9prisable, bref\u00a0: de le discriminer.<\/p>\n\n\n\n<\/div><\/div><div class=\"full content-part image-wrapper image-350\"><img width=\"2560\" height=\"1280\" src=\"https:\/\/www.skppsc.ch\/fr\/wp-content\/uploads\/sites\/5\/2016\/11\/cybermobbing2-2560x1280.jpg\" class=\"attachment-skp-large-force-ratio size-skp-large-force-ratio\" alt=\"\" srcset=\"https:\/\/www.skppsc.ch\/fr\/wp-content\/uploads\/sites\/5\/2016\/11\/cybermobbing2-2560x1280.jpg 2560w, https:\/\/www.skppsc.ch\/fr\/wp-content\/uploads\/sites\/5\/2016\/11\/cybermobbing2-300x150.jpg 300w, https:\/\/www.skppsc.ch\/fr\/wp-content\/uploads\/sites\/5\/2016\/11\/cybermobbing2-768x384.jpg 768w, https:\/\/www.skppsc.ch\/fr\/wp-content\/uploads\/sites\/5\/2016\/11\/cybermobbing2-640x320.jpg 640w, https:\/\/www.skppsc.ch\/fr\/wp-content\/uploads\/sites\/5\/2016\/11\/cybermobbing2-1280x640.jpg 1280w\" sizes=\"(max-width: 2560px) 100vw, 2560px\"><\/div><div class=\"default-container content-part\"><div class=\"inner-padding\">\n\n\n\n<h2 class=\"wp-block-heading foreground-primary\">Victimes, auteurs et causes<\/h2>\n\n\n\n<h3 class=\"wp-block-heading\">Les liens victime-harceleur<\/h3>\n\n\n\n<p>Le cyberharc\u00e8lement touche principalement les enfants et les jeunes et sa source est souvent l\u2019\u00e9cole, ou en tout cas le monde non virtuel. Les harceleurs profitent de l\u2019anonymat d\u2019Internet pour masquer leur identit\u00e9, mais ils font g\u00e9n\u00e9ralement partie des connaissances de la victime.<\/p>\n\n\n\n<h3 class=\"wp-block-heading\">Les causes du cyberharc\u00e8lement<\/h3>\n\n\n\n<p>Le cyberharc\u00e8lement est toujours li\u00e9 \u00e0 un manque de comp\u00e9tences sociale et m\u00e9diatique. Les auteurs manquent d\u2019empathie pour la victime ou sont indiff\u00e9rents \u00e0 ce qu\u2019ils font. Les harceleurs renforcent leur position dans le groupe en rabaissant ou en insultant certains individus. Bien souvent, l\u2019auteur n\u2019a pas conscience que tous les actes interdits hors de la sph\u00e8re d\u2019Internet sont aussi punissables lorsqu\u2019ils sont commis en ligne.<\/p>\n\n\n\n<p>Parfois, les auteurs profitent du manque de comp\u00e9tence m\u00e9diatique de la victime, si celle-ci n\u2019a pas pris les pr\u00e9cautions requises pour g\u00e9rer ses mots de passe, n\u2019est pas suffisamment inform\u00e9e au moment de poster des photos, des vid\u00e9os ou d\u2019autres contenus, ou ne s\u2019est pas demand\u00e9e qui serait susceptible de voir, de diffuser ou de faire un mauvais usage du mat\u00e9riel post\u00e9. <\/p>\n\n\n\n<p><div class=\"video-container\"><div class=\"iframe-container\"><div class=\"video-ratio\" style=\"padding-top:56.2%;\"><\/div><iframe loading=\"lazy\" title=\"Cybermobbing bek\u00e4mpfen\" src=\"https:\/\/www.youtube.com\/embed\/T5YCb3B4U1I?feature=oembed&amp;rel=0\" frameborder=\"0\" allow=\"accelerometer; autoplay; clipboard-write; encrypted-media; gyroscope; picture-in-picture; web-share\" referrerpolicy=\"strict-origin-when-cross-origin\" allowfullscreen><\/iframe><\/div><\/div><\/p>\n\n\n\n<h3 class=\"wp-block-heading\">D\u00e9placement vers Internet<\/h3>\n\n\n\n<p>Avec la multiplication des smartphones, de nombreux jeunes sont toute la journ\u00e9e en ligne. La cons\u00e9quence est qu\u2019une large part de leurs interactions sociales se d\u00e9place vers Internet. En font partie les conflits propres \u00e0 cette classe d\u2019\u00e2ge, la prise de risque \u2013 consciente ou inconsciente \u2013, la recherche des limites ou leur transgression. Et contrairement aux disputes qui \u00e9clatent dans la cour de r\u00e9cr\u00e9ation ou sur le chemin de l\u2019\u00e9cole, le harc\u00e8lement en ligne ne permet pas \u00e0 la victime de se sentir en s\u00e9curit\u00e9 et de refaire ses forces quand elle est \u00e0 la maison. En plus, elle n\u2019est pas s\u00fbre d\u2019\u00eatre \u00e0 l\u2019abri d\u2019une nouvelle attaque, une fois qu\u2019elle s\u2019est r\u00e9concili\u00e9e avec l\u2019auteur ou que celui-ci a \u00e9t\u00e9 puni. En effet, la diffusion des donn\u00e9es publi\u00e9es sur Internet \u00e9chappe \u00e0 tout contr\u00f4le efficace. Ni l\u2019auteur, ni la victime, ni m\u00eame la police n\u2019ont les moyens de le faire.<\/p>\n\n\n\n<\/div><\/div><div class=\"full content-part image-wrapper image-351\"><img width=\"2560\" height=\"1280\" src=\"https:\/\/www.skppsc.ch\/fr\/wp-content\/uploads\/sites\/5\/2016\/11\/cybermobbing3-2560x1280.jpg\" class=\"attachment-skp-large-force-ratio size-skp-large-force-ratio\" alt=\"\" srcset=\"https:\/\/www.skppsc.ch\/fr\/wp-content\/uploads\/sites\/5\/2016\/11\/cybermobbing3-2560x1280.jpg 2560w, https:\/\/www.skppsc.ch\/fr\/wp-content\/uploads\/sites\/5\/2016\/11\/cybermobbing3-300x150.jpg 300w, https:\/\/www.skppsc.ch\/fr\/wp-content\/uploads\/sites\/5\/2016\/11\/cybermobbing3-768x384.jpg 768w, https:\/\/www.skppsc.ch\/fr\/wp-content\/uploads\/sites\/5\/2016\/11\/cybermobbing3-640x320.jpg 640w, https:\/\/www.skppsc.ch\/fr\/wp-content\/uploads\/sites\/5\/2016\/11\/cybermobbing3-1280x640.jpg 1280w\" sizes=\"(max-width: 2560px) 100vw, 2560px\"><\/div><div class=\"default-container content-part\"><div class=\"inner-padding\">\n\n\n\n<h2 class=\"wp-block-heading foreground-primary\">Situation juridique<\/h2>\n\n\n\n<p>Le cyberharc\u00e8lement ne fait pas l\u2019objet d\u2019une norme p\u00e9nale sp\u00e9cifique en Suisse.<\/p>\n\n\n\n<p>Les infractions typiques commises dans ces cas sont :<\/p>\n\n\n\n<ul class=\"wp-block-list\">\n<li><a aria-label=\"Art. 143bis CP  (opens in a new tab)\" href=\"https:\/\/www.admin.ch\/opc\/fr\/classified-compilation\/19370083\/index.html#a143bis\" target=\"_blank\" rel=\"noreferrer noopener\">Art. 143<sup>bis<\/sup> CP <\/a>Acc\u00e8s indu \u00e0 un syst\u00e8me informatique<\/li>\n\n\n\n<li><a aria-label=\"Art. 144bis Ziff. 1 CP  (opens in a new tab)\" href=\"https:\/\/www.admin.ch\/opc\/fr\/classified-compilation\/19370083\/index.html#a144bis\" target=\"_blank\" rel=\"noreferrer noopener\">Art. 144<sup>bis<\/sup> Ziff. 1 CP <\/a>D\u00e9t\u00e9rioration de donn\u00e9es<\/li>\n\n\n\n<li><a aria-label=\"Art. 156 CP (opens in a new tab)\" href=\"https:\/\/www.admin.ch\/opc\/fr\/classified-compilation\/19370083\/index.html#a156\" target=\"_blank\" rel=\"noreferrer noopener\">Art. 156 CP<\/a> Extorsion et chantage<\/li>\n\n\n\n<li><a aria-label=\"Art. 173 CP (opens in a new tab)\" href=\"https:\/\/www.admin.ch\/opc\/fr\/classified-compilation\/19370083\/index.html#a173\" target=\"_blank\" rel=\"noreferrer noopener\">Art. 173 CP<\/a> Diffamation<\/li>\n\n\n\n<li><a aria-label=\"Art. 174 CP (opens in a new tab)\" href=\"https:\/\/www.admin.ch\/opc\/fr\/classified-compilation\/19370083\/index.html#a174\" target=\"_blank\" rel=\"noreferrer noopener\">Art. 174 CP<\/a> Calomnie<\/li>\n\n\n\n<li><a aria-label=\"Art. 177 CP  (opens in a new tab)\" href=\"https:\/\/www.admin.ch\/opc\/fr\/classified-compilation\/19370083\/index.html#a177\" target=\"_blank\" rel=\"noreferrer noopener\">Art. 177 CP <\/a>Injure<\/li>\n\n\n\n<li><a aria-label=\"Art. 179quater CP (opens in a new tab)\" href=\"https:\/\/www.admin.ch\/opc\/fr\/classified-compilation\/19370083\/index.html#a179quater\" target=\"_blank\" rel=\"noreferrer noopener\">Art. 179<sup>quater<\/sup> CP<\/a> Violation du domaine secret ou du domaine priv\u00e9 au moyen d\u2019un appareil de prises de vues<\/li>\n\n\n\n<li><a href=\"https:\/\/www.fedlex.admin.ch\/eli\/cc\/54\/757_781_799\/fr#art_179_septies\" target=\"_blank\" rel=\"noreferrer noopener\">Art. 179<sup>septies<\/sup> CP<\/a> Utilisation abusive d\u2019une installation de t\u00e9l\u00e9communication<\/li>\n\n\n\n<li><a aria-label=\"Art. 179novies CP (opens in a new tab)\" href=\"https:\/\/www.admin.ch\/opc\/fr\/classified-compilation\/19370083\/index.html#a179novies\" target=\"_blank\" rel=\"noreferrer noopener\">Art. 179<sup>novies<\/sup> CP<\/a> Soustraction de donn\u00e9es personnelles<\/li>\n\n\n\n<li><a aria-label=\"Art. 180 CP (opens in a new tab)\" href=\"https:\/\/www.admin.ch\/opc\/fr\/classified-compilation\/19370083\/index.html#a180\" target=\"_blank\" rel=\"noreferrer noopener\">Art. 180 CP<\/a> Menaces<\/li>\n\n\n\n<li><a aria-label=\"Art. 181 CP (opens in a new tab)\" href=\"https:\/\/www.admin.ch\/opc\/fr\/classified-compilation\/19370083\/index.html#a181\" target=\"_blank\" rel=\"noreferrer noopener\">Art. 181 CP<\/a> Contraintes<\/li>\n<\/ul>\n\n\n\n<\/div><\/div><div class=\"default-container content-part   \" style=\";\"><div class=\"inner-padding\">\n\n\n\n<h2 class=\"wp-block-heading foreground-primary\">Que fait la police ?<\/h2>\n\n\n\n<p>Si un acte de cyberharc\u00e8lement se double d\u2019extorsion et de chantage au sens de l\u2019art. 156 CP ou de contrainte au sens de l\u2019art. 181 CP, ces agissements sont poursuivis d\u2019office par la police d\u00e8s qu\u2019elle en a connaissance. Ind\u00e9pendamment du fait que la victime souhaite ou non que les auteurs fassent l\u2019objet d\u2019une poursuite p\u00e9nale !<\/p>\n\n\n\n<p>Les infractions \u00ab plus l\u00e9g\u00e8res \u00bb, commises en lien avec le cyberharc\u00e8lement (injure selon l\u2019art. 177 CP, p. ex.), ne sont poursuivies qu\u2019\u00e0 partir du moment o\u00f9 la victime (ou son repr\u00e9sentant l\u00e9gal) porte plainte aupr\u00e8s de la police.<\/p>\n\n\n\n<\/div><\/div><div class=\"default-container clues content-part children-count-2 children-count-even\"><div class=\"inner-padding\"><a id=\"tips\"><\/a><h2 class=\"subcontent-main-title foreground-primary foreground-primary\">Comment se prot\u00e9ger?<\/h2><div class=\"clues-inner-table clues-count-even\"><div class=\"clue-item clues-count-even clues-count-2 background-faded\"><div class=\"clue wenn-ich-mein-kind-vor-cybermobbing-schuetzen-will\"><p class=\"clue-image\"><img loading=\"lazy\" decoding=\"async\" width=\"640\" height=\"320\" src=\"https:\/\/www.skppsc.ch\/fr\/wp-content\/uploads\/sites\/5\/2016\/12\/cybermobbingtipp1-640x320.jpg\" class=\"attachment-skp-thumbnail-force-ratio size-skp-thumbnail-force-ratio wp-post-image\" alt=\"\" srcset=\"https:\/\/www.skppsc.ch\/fr\/wp-content\/uploads\/sites\/5\/2016\/12\/cybermobbingtipp1-640x320.jpg 640w, https:\/\/www.skppsc.ch\/fr\/wp-content\/uploads\/sites\/5\/2016\/12\/cybermobbingtipp1-300x150.jpg 300w, https:\/\/www.skppsc.ch\/fr\/wp-content\/uploads\/sites\/5\/2016\/12\/cybermobbingtipp1-768x384.jpg 768w, https:\/\/www.skppsc.ch\/fr\/wp-content\/uploads\/sites\/5\/2016\/12\/cybermobbingtipp1.jpg 800w\" sizes=\"auto, (max-width: 640px) 100vw, 640px\"><\/p><h3 class=\"clue-title background-primary foreground-title\">Comment aider mon enfant \u00e0 ne pas \u00eatre victime de cyberharc\u00e8lement ?<\/h3><ul>\n<li>\u00a0<strong>Aidez-le \u00e0 acqu\u00e9rir des comp\u00e9tences m\u00e9diatiques.<\/strong> Parler avec lui des atouts et des dangers d\u2019Internet. La brochure <a href=\"https:\/\/www.skppsc.ch\/fr\/telechargement\/my-little-safebook-parents\/\" target=\"_blank\">My little Safebook<\/a>\u00a0vous sera utile. Pour les enfants de moins de 12 ans, optez pour la brochure <a href=\"https:\/\/www.skppsc.ch\/fr\/telechargement\/il-etait-une-fois-internet\/\" target=\"_blank\">Il \u00e9tait une fois ... Interne<\/a>.<\/li>\n<li><strong>Encouragez votre enfant \u00e0 se confier \u00e0 vous.<\/strong> Expliquez-lui qu\u2019il peut parler avec vous, et qu\u2019il doit le faire s\u2019il est harcel\u00e9 dans les m\u00e9dias sociaux ou s\u2019il a observ\u00e9 que d\u2019autres le sont.<\/li>\n<li><strong>Ne craignez pas d\u2019aborder la question du cyberharc\u00e8lement,<\/strong> m\u00eame si vous n\u2019avez pas de comp\u00e9tences techniques tr\u00e8s d\u00e9velopp\u00e9es concernant les ordinateurs portables, les tablettes ou les smartphones.<\/li>\n<\/ul>\n<\/div><\/div><div class=\"clue-item clues-count-even clues-count-2 background-faded\"><div class=\"clue wenn-mein-kind-opfer-von-cybermobbing-ist-oder-sein-koennte\"><p class=\"clue-image\"><img loading=\"lazy\" decoding=\"async\" width=\"640\" height=\"320\" src=\"https:\/\/www.skppsc.ch\/fr\/wp-content\/uploads\/sites\/5\/2016\/12\/cybermobbingtipp2-640x320.jpg\" class=\"attachment-skp-thumbnail-force-ratio size-skp-thumbnail-force-ratio wp-post-image\" alt=\"\" srcset=\"https:\/\/www.skppsc.ch\/fr\/wp-content\/uploads\/sites\/5\/2016\/12\/cybermobbingtipp2-640x320.jpg 640w, https:\/\/www.skppsc.ch\/fr\/wp-content\/uploads\/sites\/5\/2016\/12\/cybermobbingtipp2-300x150.jpg 300w, https:\/\/www.skppsc.ch\/fr\/wp-content\/uploads\/sites\/5\/2016\/12\/cybermobbingtipp2-768x384.jpg 768w, https:\/\/www.skppsc.ch\/fr\/wp-content\/uploads\/sites\/5\/2016\/12\/cybermobbingtipp2.jpg 800w\" sizes=\"auto, (max-width: 640px) 100vw, 640px\"><\/p><h3 class=\"clue-title background-primary foreground-title\">Que faire lorsque mon enfant est victime de cyberharc\u00e8lement, ou pourrait l\u2019\u00eatre ?<\/h3><ul>\n<li><strong>Si vous constatez des changements dans le comportement de votre enfant,<\/strong> \u00e9voquez le cyberharc\u00e8lement comme source possible de ce changement. Ne vous voilez pas non plus la face : votre enfant peut tout aussi bien \u00eatre victime qu\u2019auteur. Parlez-en avec lui. Si vous remarquez que votre enfant prend part \u00e0 des attaques de cyberharc\u00e8lement, vous devez aussi r\u00e9agir.<\/li>\n<li><strong>R\u00e9coltez des preuves qu\u2019une attaque de cyberharc\u00e8lement est en cours.<\/strong> Faites des captures d\u2019\u00e9cran de sites Internet, sauvegardez les fils de discussion dans les tchats et les SMS, enregistrez les noms d\u2019utilisateur, etc.<\/li>\n<li><strong>Parlez du cas de harc\u00e8lement<\/strong> avec le titulaire de classe et, le cas \u00e9ch\u00e9ant,<br>\navec le service social scolaire. Insistez pour que le titulaire s\u2019active lui aussi, surtout si l\u2019attaque provient des rangs de la classe ou de l\u2019\u00e9tablissement de votre enfant.<\/li>\n<li><strong>Si l\u2019attaque de cyberharc\u00e8lement ne cesse pas<\/strong> imm\u00e9diatement apr\u00e8s la discussion avec les jeunes concern\u00e9s et leurs r\u00e9f\u00e9rents adultes, faites appel \u00e0 de l\u2019aide ext\u00e9rieure. Adressez-vous \u00e0 un <a href=\"http:\/\/www.aide-aux-victimes.ch\/\" target=\"_blank\" rel=\"noopener noreferrer\">centre d\u2019aide aux victimes<\/a> ou \u00e0 un service d\u2019aide \u00e0 la jeunesse de votre canton et \u00e9voquez avec ces experts s\u2019il y a lieu de porter plainte \u00e0 votre lieu de domicile ou s\u2019il vaudrait mieux formuler une plainte p\u00e9nale.<\/li>\n<\/ul>\n<\/div><\/div><\/div><\/div><\/div><div class=\"default-container content-part\"><div class=\"inner-padding\">\n\n\n\n<\/div><\/div><div class=\"full content-part post-name-cyberharcelement-agir-de-bon-droit  post-type-download\"><div class=\"inner-padding\"><p class=\"featured-image download hide-on-mobile\"><a href=\"https:\/\/www.skppsc.ch\/fr\/wp-content\/uploads\/sites\/5\/2016\/12\/cyberharcelement_2024.pdf\" download target=\"_blank\"><img loading=\"lazy\" decoding=\"async\" width=\"640\" height=\"908\" src=\"https:\/\/www.skppsc.ch\/fr\/wp-content\/uploads\/sites\/5\/2016\/12\/droitcyberharcelement-640x908.jpg\" class=\"attachment-skp-thumbnail-keep-ratio size-skp-thumbnail-keep-ratio wp-post-image\" alt=\"\" srcset=\"https:\/\/www.skppsc.ch\/fr\/wp-content\/uploads\/sites\/5\/2016\/12\/droitcyberharcelement-640x908.jpg 640w, https:\/\/www.skppsc.ch\/fr\/wp-content\/uploads\/sites\/5\/2016\/12\/droitcyberharcelement-211x300.jpg 211w, https:\/\/www.skppsc.ch\/fr\/wp-content\/uploads\/sites\/5\/2016\/12\/droitcyberharcelement-768x1090.jpg 768w, https:\/\/www.skppsc.ch\/fr\/wp-content\/uploads\/sites\/5\/2016\/12\/droitcyberharcelement.jpg 800w\" sizes=\"auto, (max-width: 640px) 100vw, 640px\"><\/a><\/p><div class=\"remaining-content\"><h2 class=\"sub-content-title  foreground-primary foreground-primary\">Cyberharc\u00e8lement: Agir de bon droit<\/h2><h3 class=\"sub-content-subtitle \">Informations sur le th\u00e8me du cyberharc\u00e8lement et de son cadre r\u00e9glementaire<\/h3><p>Le fascicule \u00abCyberharc\u00e8lement: Agir de bon droit\u00bb fournit des renseignements sur les principaux articles de loi concernant le cyberharc\u00e8lement. Deux exemples de cas ont pour but de montrer comment le harc\u00e8lement est pratiqu\u00e9 dans les nouveaux m\u00e9dias et sept conseils illustrent comment se prot\u00e9ger contre ce ph\u00e9nom\u00e8ne. Le fascicule poursuit en outre le but de permettre aux jeunes de faire la diff\u00e9rence entre une dispute et une attaque de cyberharc\u00e8lement. Quant aux parents et responsables d\u2019\u00e9ducation, il les conseille afin qu\u2019ils ma\u00eetrisent le sujet avant de l\u2019aborder avec les jeunes.<\/p>\n<p><!-- wp:file {\"id\":2221,\"href\":\"https:\/\/www.skppsc.ch\/fr\/wp-content\/uploads\/sites\/5\/2016\/12\/cyberharcelement_2024.pdf\",\"displayPreview\":true} --><\/p>\n\n<p><!-- \/wp:file --><\/p>\n<p class=\"featured-image download mobile-only\"><a href=\"https:\/\/www.skppsc.ch\/fr\/wp-content\/uploads\/sites\/5\/2016\/12\/cyberharcelement_2024.pdf\" download target=\"_blank\"><img loading=\"lazy\" decoding=\"async\" width=\"640\" height=\"908\" src=\"https:\/\/www.skppsc.ch\/fr\/wp-content\/uploads\/sites\/5\/2016\/12\/droitcyberharcelement-640x908.jpg\" class=\"attachment-skp-thumbnail-keep-ratio size-skp-thumbnail-keep-ratio wp-post-image\" alt=\"\" srcset=\"https:\/\/www.skppsc.ch\/fr\/wp-content\/uploads\/sites\/5\/2016\/12\/droitcyberharcelement-640x908.jpg 640w, https:\/\/www.skppsc.ch\/fr\/wp-content\/uploads\/sites\/5\/2016\/12\/droitcyberharcelement-211x300.jpg 211w, https:\/\/www.skppsc.ch\/fr\/wp-content\/uploads\/sites\/5\/2016\/12\/droitcyberharcelement-768x1090.jpg 768w, https:\/\/www.skppsc.ch\/fr\/wp-content\/uploads\/sites\/5\/2016\/12\/droitcyberharcelement.jpg 800w\" sizes=\"auto, (max-width: 640px) 100vw, 640px\"><\/a><\/p><div class=\"download-bottom-actions \"><a href=\"https:\/\/www.skppsc.ch\/fr\/wp-content\/uploads\/sites\/5\/2016\/12\/cyberharcelement_2024.pdf\" download target=\"_blank\" class=\"large skp-icon skp-download-pdf download-icon \" title=\"\"><span class=\"link-text\"><\/span><\/a><u-add-to-cart :options='[{\"id\":335,\"title\":\"Cybermobbing: Alles, was Recht ist\",\"byline\":\"Faltblatt, A5, 8 Seiten, 2024\",\"lang\":\"de\",\"siteId\":2,\"cartHash\":\"28v\",\"amount\":0,\"max\":\"9999\",\"articleNumber\":\"10055\"},{\"id\":335,\"title\":\"Cyberharc\\u00e8lement: Agir de bon droit\",\"byline\":\"D\\u00e9pliant, A5, 8 pages, 2024\",\"lang\":\"fr\",\"siteId\":5,\"cartHash\":\"56n\",\"amount\":0,\"max\":\"9999\",\"articleNumber\":\"20055\"},{\"id\":335,\"title\":\"Cybermobbing: tutto ci\\u00f2 che prevede la legge\",\"byline\":\"Pieghevole, A5, 8 pagine, 2024\",\"lang\":\"it\",\"siteId\":7,\"cartHash\":\"757\",\"amount\":0,\"max\":\"9999\",\"articleNumber\":\"30055\"}]' :is-logged-in=\"false\" login-url=\"https:\/\/www.skppsc.ch\/fr\/wp-login.php?redirect_to=https%3A%2F%2Fwww.skppsc.ch%2Ffr%2Fwp-json%2Fwp%2Fv2%2Fpages%2F139%3Fpr%3D56n%2356n\" police-url=\"https:\/\/www.skppsc.ch\/fr\/contact-police\/\" :initially-opened=\"false\"><\/u-add-to-cart><\/div><\/div><\/div><\/div><div class=\"default-container content-part\"><div class=\"inner-padding\">\n\n\n\n<\/div><\/div><div class=\"full content-part image-wrapper image-353\"><img width=\"2560\" height=\"1280\" src=\"https:\/\/www.skppsc.ch\/fr\/wp-content\/uploads\/sites\/5\/2016\/11\/cybermobbing4-2560x1280.jpg\" class=\"attachment-skp-large-force-ratio size-skp-large-force-ratio\" alt=\"\" srcset=\"https:\/\/www.skppsc.ch\/fr\/wp-content\/uploads\/sites\/5\/2016\/11\/cybermobbing4-2560x1280.jpg 2560w, https:\/\/www.skppsc.ch\/fr\/wp-content\/uploads\/sites\/5\/2016\/11\/cybermobbing4-300x150.jpg 300w, https:\/\/www.skppsc.ch\/fr\/wp-content\/uploads\/sites\/5\/2016\/11\/cybermobbing4-768x384.jpg 768w, https:\/\/www.skppsc.ch\/fr\/wp-content\/uploads\/sites\/5\/2016\/11\/cybermobbing4-640x320.jpg 640w, https:\/\/www.skppsc.ch\/fr\/wp-content\/uploads\/sites\/5\/2016\/11\/cybermobbing4-1280x640.jpg 1280w\" sizes=\"(max-width: 2560px) 100vw, 2560px\"><\/div><div class=\"default-container content-part\"><div class=\"inner-padding\">\n<\/div><\/div><\/body><\/html>","protected":false},"excerpt":{"rendered":"<p>Aujourd\u2019hui, rares sont les jeunes qui n\u2019ont pas acc\u00e8s \u00e0 Internet. Ils sont m\u00eame nombreux \u00e0 l\u2019avoir toujours sur eux, pour ainsi dire, puisqu\u2019ils se d\u00e9placent avec leur smartphone. Or, m\u00eame si cette g\u00e9n\u00e9ration est la premi\u00e8re \u00e0 tutoyer le monde num\u00e9rique, les parents et les enseignants doivent avertir les jeunes sur les dangers et les enjeux d\u2019Internet. \u00catre inform\u00e9 sur le cyberharc\u00e8lement permet d\u2019\u00e9viter que des attaques se produisent, mais aussi d\u2019avoir les bons r\u00e9flexes en pr\u00e9sence de ce type de comportement.<\/p>\n","protected":false},"author":1,"featured_media":349,"parent":138,"menu_order":20,"comment_status":"closed","ping_status":"closed","template":"","meta":{"showSharingButtons":false,"skp-theme-color":"two","_subtitle":null,"alternative_title":"Cyber- harc\u00e8lement","seoDescription":"","seoKeywords":"","seoTitle":"","featuredVideoEmbedCode":"","featuredYoutubeVideoId":"","notes":"","redirectToPostId":0,"skp-further-information":"<p>Sur le portail d\u2019information <a href=\"http:\/\/www.jeunesetmedias.ch\/fr\/accueil.html\" target=\"_blank\" rel=\"noopener\">Jeunes et M\u00e9dias<\/a>, les parents, enseignants et autres adultes de r\u00e9f\u00e9rence trouveront des conseils quant \u00e0 la mani\u00e8re d\u2019accompagner les jeunes de sorte qu\u2019ils fassent un usage des m\u00e9dias num\u00e9riques s\u00fbr et adapt\u00e9 \u00e0 leur \u00e2ge.<\/p>","hideTile":false,"pageType":"","editor_notices":[],"footnotes":""},"topic":[20],"class_list":["post-139","page","type-page","status-publish","has-post-thumbnail","hentry","topic-cybermobbing"],"aioseo_notices":[],"_links":{"self":[{"href":"https:\/\/www.skppsc.ch\/fr\/wp-json\/wp\/v2\/pages\/139","targetHints":{"allow":["GET"]}}],"collection":[{"href":"https:\/\/www.skppsc.ch\/fr\/wp-json\/wp\/v2\/pages"}],"about":[{"href":"https:\/\/www.skppsc.ch\/fr\/wp-json\/wp\/v2\/types\/page"}],"author":[{"embeddable":true,"href":"https:\/\/www.skppsc.ch\/fr\/wp-json\/wp\/v2\/users\/1"}],"replies":[{"embeddable":true,"href":"https:\/\/www.skppsc.ch\/fr\/wp-json\/wp\/v2\/comments?post=139"}],"version-history":[{"count":0,"href":"https:\/\/www.skppsc.ch\/fr\/wp-json\/wp\/v2\/pages\/139\/revisions"}],"up":[{"embeddable":true,"href":"https:\/\/www.skppsc.ch\/fr\/wp-json\/wp\/v2\/pages\/138"}],"wp:featuredmedia":[{"embeddable":true,"href":"https:\/\/www.skppsc.ch\/fr\/wp-json\/wp\/v2\/media\/349"}],"wp:attachment":[{"href":"https:\/\/www.skppsc.ch\/fr\/wp-json\/wp\/v2\/media?parent=139"}],"wp:term":[{"taxonomy":"topic","embeddable":true,"href":"https:\/\/www.skppsc.ch\/fr\/wp-json\/wp\/v2\/topic?post=139"}],"curies":[{"name":"wp","href":"https:\/\/api.w.org\/{rel}","templated":true}]}}