{"id":14,"date":"2016-11-04T15:30:05","date_gmt":"2016-11-04T14:30:05","guid":{"rendered":"https:\/\/www.skppsc.ch\/de\/?page_id=14"},"modified":"2026-04-01T09:01:10","modified_gmt":"2026-04-01T07:01:10","slug":"armes-menaces","status":"publish","type":"page","link":"https:\/\/www.skppsc.ch\/fr\/sujets\/violence\/armes-menaces\/","title":{"rendered":"Armes"},"content":{"rendered":"<html><body><div class=\"default-container content-part\"><div class=\"inner-padding\"><h2 class=\" foreground-primary\">Situation juridique<\/h2>\n<p>Depuis fin 2008, la l\u00e9gislation sur les armes a \u00e9t\u00e9 modifi\u00e9e sur plusieurs points. Depuis le 15 d\u00e9cembre 2021, l\u2019introduction des armes \u00e0 feu et des \u00e9l\u00e9ments essentiels d\u2019armes est aussi r\u00e8glement\u00e9. La <a href=\"https:\/\/www.admin.ch\/opc\/fr\/classified-compilation\/19983208\/index.html\" target=\"_blank\" rel=\"noopener noreferrer\">loi sur les armes<\/a> et <a href=\"https:\/\/www.admin.ch\/opc\/fr\/classified-compilation\/20081148\/index.html\" target=\"_blank\" rel=\"noopener noreferrer\">l\u2019ordonnance y relative<\/a> sont disponibles sur le site de <a href=\"https:\/\/www.fedpol.admin.ch\/fr\/armes-munitions\" target=\"_blank\" rel=\"noopener\">fedpol<\/a>.<\/p>\n<p>La loi suisse pr\u00e9cise donc clairement quels objets sont consid\u00e9r\u00e9s comme des armes et quelles personnes sont autoris\u00e9es \u00e0 fabriquer, commercialiser, acqu\u00e9rir et porter des armes.<\/p>\n<p>A part l\u2019information sur le cadre juridique, deux aspects int\u00e9ressent plus particuli\u00e8rement la pr\u00e9vention de la criminalit\u00e9 : la manipulation des armes soft air et des pointeurs laser, et la peur du crime.<\/p>\n<\/div><\/div><div class=\"full content-part image-wrapper image-863\"><img width=\"2560\" height=\"1280\" src=\"https:\/\/www.skppsc.ch\/fr\/wp-content\/uploads\/sites\/5\/2017\/04\/waffen2-2560x1280.jpg\" class=\"attachment-skp-large-force-ratio size-skp-large-force-ratio\" alt=\"\" srcset=\"https:\/\/www.skppsc.ch\/fr\/wp-content\/uploads\/sites\/5\/2017\/04\/waffen2-2560x1280.jpg 2560w, https:\/\/www.skppsc.ch\/fr\/wp-content\/uploads\/sites\/5\/2017\/04\/waffen2-300x150.jpg 300w, https:\/\/www.skppsc.ch\/fr\/wp-content\/uploads\/sites\/5\/2017\/04\/waffen2-768x384.jpg 768w, https:\/\/www.skppsc.ch\/fr\/wp-content\/uploads\/sites\/5\/2017\/04\/waffen2-640x320.jpg 640w, https:\/\/www.skppsc.ch\/fr\/wp-content\/uploads\/sites\/5\/2017\/04\/waffen2-1280x640.jpg 1280w\" sizes=\"(max-width: 2560px) 100vw, 2560px\"><\/div><div class=\"default-container content-part\"><div class=\"inner-padding\">\n<h2 class=\" foreground-primary\">Cas particulier des armes soft air et des armes factices<\/h2>\n<p>Depuis quelques ann\u00e9es, les armes soft air et autres armes factices sont des jouets qui attirent aussi bien les enfants et les adolescents que les adultes (il n\u2019y a qu\u2019\u00e0 voir l\u2019engouement suscit\u00e9 par \u00ab Gotcha \u00bb ou le \u00ab Paintball \u00bb). Certes, les billes en caoutchouc ou les cartouches de couleur sont susceptibles de causer des blessures, touchant surtout les yeux, mais un maniement correct permet d\u2019\u00e9viter les accidents. Par contre, le risque de confondre ce type d\u2019arme avec de v\u00e9ritables armes est autrement plus grave.<\/p>\n<p>En effet, m\u00eame les sp\u00e9cialistes ne sont pas en mesure, ou tr\u00e8s difficilement, de distinguer les armes soft air des armes authentiques. Plusieurs incidents survenus en Suisse et \u00e0 l\u2019\u00e9tranger ont montr\u00e9 les cons\u00e9quences dramatiques d\u2019une confrontation directe avec des individus utilisant des armes soft air.<\/p>\n<p>Lorsque des armes factices sont brandies pour intimider, m\u00eame si c\u2019est pour jouer, les cons\u00e9quences peuvent \u00eatre graves : malgr\u00e9 le caract\u00e8re inoffensif de l\u2019arme, la personne menac\u00e9e r\u00e9agit instinctivement comme si elle se trouvait face \u00e0 une arme authentique. En raison de leur effet d\u2019intimidation, les armes factices doivent donc \u00eatre assimil\u00e9es \u00e0 des armes.<\/p>\n<p>Afin d\u2019\u00e9tablir clairement que les armes soft air ne sont pas des jouets, la nouvelle loi sur les armes r\u00e9glemente depuis le 1er janvier 2009 leur manipulation. En vertu de <a href=\"https:\/\/www.admin.ch\/opc\/fr\/classified-compilation\/19983208\/index.html\" target=\"_blank\" rel=\"noopener noreferrer\">l\u2019art. 4 de la loi sur les armes (LArm)<\/a>, les armes factices sont ainsi consid\u00e9r\u00e9es comme des armes soumises \u00e0 d\u00e9claration lorsqu\u2019elles peuvent \u00eatre confondues avec de v\u00e9ritables armes \u00e0 feu du fait de leur apparence.<\/p>\n<\/div><\/div><div class=\"full content-part image-wrapper image-864\"><img width=\"2560\" height=\"1280\" src=\"https:\/\/www.skppsc.ch\/fr\/wp-content\/uploads\/sites\/5\/2017\/04\/waffen3-2560x1280.jpg\" class=\"attachment-skp-large-force-ratio size-skp-large-force-ratio\" alt=\"\" srcset=\"https:\/\/www.skppsc.ch\/fr\/wp-content\/uploads\/sites\/5\/2017\/04\/waffen3-2560x1280.jpg 2560w, https:\/\/www.skppsc.ch\/fr\/wp-content\/uploads\/sites\/5\/2017\/04\/waffen3-300x150.jpg 300w, https:\/\/www.skppsc.ch\/fr\/wp-content\/uploads\/sites\/5\/2017\/04\/waffen3-768x384.jpg 768w, https:\/\/www.skppsc.ch\/fr\/wp-content\/uploads\/sites\/5\/2017\/04\/waffen3-640x320.jpg 640w, https:\/\/www.skppsc.ch\/fr\/wp-content\/uploads\/sites\/5\/2017\/04\/waffen3-1280x640.jpg 1280w\" sizes=\"(max-width: 2560px) 100vw, 2560px\"><\/div><div class=\"default-container content-part\"><div class=\"inner-padding\">\n<h2 class=\" foreground-primary\">Dangerosit\u00e9 des pointeurs laser<\/h2>\n<p>Les pointeurs laser sont des objets utiles pour accompagner une pr\u00e9sentation. Comme son nom l\u2019indique, cet appareil permet de cibler un point \u00e9loign\u00e9 \u00e0 l\u2019aide d\u2019un rayon laser. Le rayon optique doit toutefois respecter certaines <a href=\"https:\/\/www.bag.admin.ch\/bag\/fr\/home\/gesund-leben\/umwelt-und-gesundheit\/strahlung-radioaktivitaet-schall\/elektromagnetische-felder-emf-uv-laser-licht\/laser-und-lasershows\/laserpointer.html\" target=\"_blank\" rel=\"noopener noreferrer\">valeurs limites<\/a> au-del\u00e0 desquelles il risque de provoquer des l\u00e9sions oculaires, voire la c\u00e9cit\u00e9 de la personne touch\u00e9e.<\/p>\n<p>Il est courant de voir des enfants et des adolescents s\u2019amuser avec des pointeurs laser. Cette utilisation devient cependant clairement abusive et dangereuse lorsque les appareils employ\u00e9s exc\u00e8dent la valeur limite prescrite et que le rayon laser est dirig\u00e9 directement sur des personnes, en particulier des conducteurs de transports publics. Les attaques visant intentionnellement des chauffeurs, ou des membres des forces de l\u2019ordre lors de manifestations, montrent sans \u00e9quivoque que ce type d\u2019incident ne r\u00e9sulte pas toujours d\u2019un manque d\u2019attention ou de pr\u00e9caution.<\/p>\n<\/div><\/div><div class=\"default-container content-part replaced-hr\"><div class=\"inner-padding\">\n<h2 class=\" foreground-primary\">Situation juridique<\/h2>\n<p>Selon<a href=\"https:\/\/www.bag.admin.ch\/bag\/fr\/home\/gesund-leben\/umwelt-und-gesundheit\/strahlung-radioaktivitaet-schall\/elektromagnetische-felder-emf-uv-laser-licht\/laser-und-lasershows\/laserpointer.html\" target=\"_blank\" rel=\"noopener noreferrer\"> l\u2019Office f\u00e9d\u00e9ral de la sant\u00e9 publique (OFSP)<\/a>, les pointeurs laser sont dangereux \u00e0 partir de la classe 3R. \u00c9tant donn\u00e9 qu\u2019il est impossible de d\u00e9finir leur puissance sans les soumettre \u00e0 un examen technique et que n\u2019importe quel appareil laser utilis\u00e9 de mani\u00e8re abusive est susceptible de blesser ou d\u2019intimider quelqu\u2019un, ces objets sont consid\u00e9r\u00e9s comme dangereux jusqu\u2019\u00e0 preuve de leur innocuit\u00e9.<\/p>\n<p>Le port abusif d\u2019objets dangereux est interdit par la <a href=\"https:\/\/www.admin.ch\/opc\/fr\/classified-compilation\/19983208\/index.html\" target=\"_blank\" rel=\"noopener noreferrer\">loi sur les armes<\/a>. Sont r\u00e9put\u00e9s abusifs le port d\u2019objets dangereux dans des lieux accessibles au public et la d\u00e9tention de tels objets \u00e0 bord d\u2019un v\u00e9hicule lorsqu\u2019il ne peut \u00eatre \u00e9tabli de mani\u00e8re plausible qu\u2019ils sont justifi\u00e9s par un usage conforme \u00e0 leur destination et qu\u2019il y a lieu de penser que les objets en question seront utilis\u00e9s de mani\u00e8re abusive. Tout pointeur laser port\u00e9 de fa\u00e7on abusive peut \u00eatre mis sous s\u00e9questre.<\/p>\n\t\t\t<details class=\"wp-block-details read-more-details\">\n\t\t\t\t<summary>Afficher plus<\/summary>\n\t\t\t\t<p>En vertu du Code p\u00e9nal (CP), un \u00e9blouissement intentionnel peut \u00eatre constitutif des d\u00e9lits suivants:<\/p>\n<ul>\n<li>Art. 126 CP Voies de fait<\/li>\n<li>Art. 123 CP L\u00e9sions corporelles simples<\/li>\n<li>Art. 122 CP L\u00e9sions corporelles graves<\/li>\n<li>Art. 237 CP Entrave \u00e0 la circulation publique<\/li>\n<li>Art. 238 CP Entrave au service des chemins de fer<\/li>\n<li>Art. 285 CP Violence ou menace contre les fonctionnaires<\/li>\n<\/ul>\n<p>Un tel acte peut \u00e9galement donner lieu \u00e0 des poursuites civiles. Si un tribunal d\u00e9cide qu\u2019un \u00e9blouissement au moyen d\u2019un laser ou ses cons\u00e9quences sont \u00ab le r\u00e9sultat d\u2019une n\u00e9gligence grave \u00bb ou \u00ab intentionnels \u00bb, l\u2019auteur risque de devoir passer \u00e0 la caisse m\u00eame s\u2019il poss\u00e8de une assurance responsabilit\u00e9 civile priv\u00e9e. En cas de n\u00e9gligence grave ou de d\u00e9lit intentionnel, l\u2019assurance peut en effet recourir contre l\u2019assur\u00e9, ce qui co\u00fbte parfois tr\u00e8s cher.<\/p>\n<p>\n\t\t\t<\/p><\/details>\n\t\t\t\n<\/div><\/div><div class=\"full content-part image-wrapper image-865\"><img width=\"2560\" height=\"1280\" src=\"https:\/\/www.skppsc.ch\/fr\/wp-content\/uploads\/sites\/5\/2017\/04\/waffen4-2560x1280.jpg\" class=\"attachment-skp-large-force-ratio size-skp-large-force-ratio\" alt=\"\" srcset=\"https:\/\/www.skppsc.ch\/fr\/wp-content\/uploads\/sites\/5\/2017\/04\/waffen4-2560x1280.jpg 2560w, https:\/\/www.skppsc.ch\/fr\/wp-content\/uploads\/sites\/5\/2017\/04\/waffen4-300x150.jpg 300w, https:\/\/www.skppsc.ch\/fr\/wp-content\/uploads\/sites\/5\/2017\/04\/waffen4-768x384.jpg 768w, https:\/\/www.skppsc.ch\/fr\/wp-content\/uploads\/sites\/5\/2017\/04\/waffen4-640x320.jpg 640w, https:\/\/www.skppsc.ch\/fr\/wp-content\/uploads\/sites\/5\/2017\/04\/waffen4-1280x640.jpg 1280w\" sizes=\"(max-width: 2560px) 100vw, 2560px\"><\/div><div class=\"default-container content-part\"><div class=\"inner-padding\">\n<h2 class=\" foreground-primary\">Peur du crime et volont\u00e9 de se prot\u00e9ger<\/h2>\n<p>Les recherches en criminologie ont d\u00e9montr\u00e9 que la <a href=\"https:\/\/www.skppsc.ch\/fr\/telechargement\/psc-info-3-2017\/\" target=\"_blank\" rel=\"noopener noreferrer\">peur du crime<\/a> \u2013 dans sa part quantifiable \u2013 n\u2019est pas tant corr\u00e9l\u00e9e aux conditions de s\u00e9curit\u00e9 objectives qu\u2019aux d\u00e9lits \u00e0 forte charge \u00e9motionnelle r\u00e9guli\u00e8rement relay\u00e9s par les m\u00e9dias et \u00ab dont chacun de nous pourrait \u00eatre victime \u00bb. Autrement dit, lorsque certains types d\u2019infractions, comme les cambriolages ou les attaques terroristes, sont pr\u00e9sents dans la perception du public, la crainte d\u2019une partie de la population d\u2019\u00eatre elle aussi victime du type de d\u00e9lit m\u00e9diatis\u00e9 est exacerb\u00e9e. Parmi ce groupe de personnes, certains se procurent une arme pour combattre cette peur.<\/p>\n<p>Selon les <a href=\"https:\/\/www.letemps.ch\/suisse\/2016\/07\/24\/face-aux-actes-terroristes-suisses-sarment-davantage\" target=\"_blank\" rel=\"noopener noreferrer\">m\u00e9dias<\/a>, de plus en plus de Suisses s\u2019arment pour se prot\u00e9ger. Ils justifient leur comportement par un sentiment (subjectif) d\u2019ins\u00e9curit\u00e9, notamment face aux cambriolages et aux attaques terroristes.<\/p>\n<p><div class=\"video-container\"><div class=\"iframe-container\"><div class=\"video-ratio\" style=\"padding-top:56.2%;\"><\/div><iframe loading=\"lazy\" title=\"Einbr\u00fcche verhindern\" src=\"https:\/\/www.youtube.com\/embed\/Ys00XmbC_K8?feature=oembed&amp;rel=0\" frameborder=\"0\" allow=\"accelerometer; autoplay; clipboard-write; encrypted-media; gyroscope; picture-in-picture; web-share\" referrerpolicy=\"strict-origin-when-cross-origin\" allowfullscreen><\/iframe><\/div><\/div><\/p>\n<p>Or, le <a href=\"https:\/\/www.bfs.admin.ch\/bfs\/fr\/home\/statistiken\/kriminalitaet-strafrecht\/polizei\/vermoegen.html\" target=\"_blank\" rel=\"noopener noreferrer\">nombre de vols par effraction<\/a> n\u2019a pas augment\u00e9, les cambrioleurs op\u00e8rent rarement lorsque les habitants des lieux sont pr\u00e9sents et la d\u00e9tention d\u2019une arme chez soi ne sert \u00e0 rien en cas d\u2019attaque terroriste : ces arguments ne font pourtant pas le poids chez certaines personnes.<\/p>\n<p>Selon la police et les sp\u00e9cialistes de la pr\u00e9vention, il est fortement d\u00e9conseill\u00e9 de se procurer une arme pour se prot\u00e9ger, notamment parce que son maniement demande une pratique r\u00e9guli\u00e8re et qu\u2019il est facile \u00e0 un agresseur d\u2019arracher une arme des mains d\u2019une personne inexp\u00e9riment\u00e9e pour la retourner contre elle.<\/p>\n<\/div><\/div><div class=\"default-container content-part replaced-hr\"><div class=\"inner-padding\">\n<h2 class=\" foreground-primary\">Que fait la police ?<\/h2>\n<p>Chaque corps de police dispose d\u2019un <a href=\"https:\/\/www.fedpol.admin.ch\/fedpol\/fr\/home\/sicherheit\/waffen\/waffenerwerb.html\" target=\"_blank\" rel=\"noopener noreferrer\">bureau des armes<\/a> qui applique la l\u00e9gislation suisse et \u00e0 qui vous pouvez remettre les armes dont vous n\u2019avez plus besoin.<\/p>\n<\/div><\/div><div class=\"default-container clues content-part children-count-3 children-count-odd\"><div class=\"inner-padding\"><a id=\"tips\"><\/a><h2 class=\"subcontent-main-title foreground-primary foreground-primary\">Comment se prot\u00e9ger?<\/h2><div class=\"clues-inner-table clues-count-odd\"><div class=\"clue-item clues-count-odd clues-count-3 background-faded\"><div class=\"clue votre-enfant-possede-t-il-une-arme-factice\"><p class=\"clue-image\"><img loading=\"lazy\" decoding=\"async\" width=\"640\" height=\"320\" src=\"https:\/\/www.skppsc.ch\/fr\/wp-content\/uploads\/sites\/5\/2017\/04\/waffentipp1-640x320.jpg\" class=\"attachment-skp-thumbnail-force-ratio size-skp-thumbnail-force-ratio wp-post-image\" alt=\"\" srcset=\"https:\/\/www.skppsc.ch\/fr\/wp-content\/uploads\/sites\/5\/2017\/04\/waffentipp1-640x320.jpg 640w, https:\/\/www.skppsc.ch\/fr\/wp-content\/uploads\/sites\/5\/2017\/04\/waffentipp1-300x150.jpg 300w, https:\/\/www.skppsc.ch\/fr\/wp-content\/uploads\/sites\/5\/2017\/04\/waffentipp1-768x384.jpg 768w, https:\/\/www.skppsc.ch\/fr\/wp-content\/uploads\/sites\/5\/2017\/04\/waffentipp1.jpg 800w\" sizes=\"auto, (max-width: 640px) 100vw, 640px\"><\/p><h3 class=\"clue-title background-primary foreground-title\">Votre enfant poss\u00e8de-t-il une arme factice ?<\/h3><ul>\n<li><strong>En tant que personne investie de l\u2019autorit\u00e9 parentale,<\/strong> il vous incombe de veiller \u00e0 ce que votre enfant n\u2019ait pas acc\u00e8s \u00e0 des armes.<\/li>\n<li><strong>Expliquez bien \u00e0 votre fils ou \u00e0 votre fille que l\u2019acquisition,<\/strong> la vente et la possession d\u2019armes factices et autres par des mineurs sont autoris\u00e9es uniquement \u00e0 <a href=\"https:\/\/www.fedpol.admin.ch\/fedpol\/fr\/home\/sicherheit\/waffen.html\" target=\"_blank\" rel=\"noopener noreferrer\">certaines conditions<\/a>.<\/li>\n<li><strong>Si votre enfant poss\u00e8de une arme factice non autoris\u00e9e,<\/strong> demandez-lui de la remettre au bureau des armes comp\u00e9tent.<\/li>\n<li><strong>Les personnes mineures sont autoris\u00e9es \u00e0 utiliser des armes uniquement dans un cadre sp\u00e9cifique,<\/strong> notamment les soci\u00e9t\u00e9s locales de tir sportif qui organisent r\u00e9guli\u00e8rement des cours pour les jeunes tireurs \u00e0 partir de 16 ans.<\/li>\n<\/ul>\n<\/div><\/div><div class=\"clue-item clues-count-odd clues-count-3 background-faded\"><div class=\"clue souhaitez-vous-vous-armer-pour-vous-proteger\"><p class=\"clue-image\"><img loading=\"lazy\" decoding=\"async\" width=\"640\" height=\"320\" src=\"https:\/\/www.skppsc.ch\/fr\/wp-content\/uploads\/sites\/5\/2017\/04\/waffentipp2-640x320.jpg\" class=\"attachment-skp-thumbnail-force-ratio size-skp-thumbnail-force-ratio wp-post-image\" alt=\"\" srcset=\"https:\/\/www.skppsc.ch\/fr\/wp-content\/uploads\/sites\/5\/2017\/04\/waffentipp2-640x320.jpg 640w, https:\/\/www.skppsc.ch\/fr\/wp-content\/uploads\/sites\/5\/2017\/04\/waffentipp2-300x150.jpg 300w, https:\/\/www.skppsc.ch\/fr\/wp-content\/uploads\/sites\/5\/2017\/04\/waffentipp2-768x384.jpg 768w, https:\/\/www.skppsc.ch\/fr\/wp-content\/uploads\/sites\/5\/2017\/04\/waffentipp2.jpg 800w\" sizes=\"auto, (max-width: 640px) 100vw, 640px\"><\/p><h3 class=\"clue-title background-primary foreground-title\">Souhaitez-vous vous armer pour vous prot\u00e9ger ?<\/h3><ul>\n<li><strong>Informez-vous<\/strong> aupr\u00e8s de votre police cantonale ou municipale de la pertinence d\u2019une telle acquisition et sur les bases l\u00e9gales qui la r\u00e9gissent.<\/li>\n<\/ul>\n<\/div><\/div><div class=\"clue-item clues-count-odd clues-count-3 background-faded\"><div class=\"clue souhaitez-vous-remettre-votre-arme\"><p class=\"clue-image\"><img loading=\"lazy\" decoding=\"async\" width=\"640\" height=\"320\" src=\"https:\/\/www.skppsc.ch\/fr\/wp-content\/uploads\/sites\/5\/2017\/04\/waffentipp3-640x320.jpg\" class=\"attachment-skp-thumbnail-force-ratio size-skp-thumbnail-force-ratio wp-post-image\" alt=\"\" srcset=\"https:\/\/www.skppsc.ch\/fr\/wp-content\/uploads\/sites\/5\/2017\/04\/waffentipp3-640x320.jpg 640w, https:\/\/www.skppsc.ch\/fr\/wp-content\/uploads\/sites\/5\/2017\/04\/waffentipp3-300x150.jpg 300w, https:\/\/www.skppsc.ch\/fr\/wp-content\/uploads\/sites\/5\/2017\/04\/waffentipp3-768x384.jpg 768w, https:\/\/www.skppsc.ch\/fr\/wp-content\/uploads\/sites\/5\/2017\/04\/waffentipp3.jpg 800w\" sizes=\"auto, (max-width: 640px) 100vw, 640px\"><\/p><h3 class=\"clue-title background-primary foreground-title\">Souhaitez-vous remettre votre arme ?<\/h3><ul>\n<li><strong>Vous pouvez en tout temps<\/strong> remettre une arme dont vous n\u2019avez plus besoin au <a href=\"https:\/\/www.fedpol.admin.ch\/fedpol\/fr\/home\/sicherheit\/waffen\/waffenerwerb.html\">bureau des armes<\/a> de votre canton de domicile.<\/li>\n<\/ul>\n<\/div><\/div><\/div><\/div><\/div><div class=\"default-container content-part\"><div class=\"inner-padding\">\n<\/div><\/div><div class=\"full content-part post-name-les-armes-et-la-loi  post-type-download\"><div class=\"inner-padding\"><p class=\"featured-image download hide-on-mobile\"><a href=\"https:\/\/www.skppsc.ch\/fr\/wp-content\/uploads\/sites\/5\/2017\/10\/armesetloi.pdf\" download target=\"_blank\"><img loading=\"lazy\" decoding=\"async\" width=\"640\" height=\"902\" src=\"https:\/\/www.skppsc.ch\/fr\/wp-content\/uploads\/sites\/5\/2017\/10\/armesetloi-640x902.jpg\" class=\"attachment-skp-thumbnail-keep-ratio size-skp-thumbnail-keep-ratio wp-post-image\" alt=\"\" srcset=\"https:\/\/www.skppsc.ch\/fr\/wp-content\/uploads\/sites\/5\/2017\/10\/armesetloi-640x902.jpg 640w, https:\/\/www.skppsc.ch\/fr\/wp-content\/uploads\/sites\/5\/2017\/10\/armesetloi-213x300.jpg 213w, https:\/\/www.skppsc.ch\/fr\/wp-content\/uploads\/sites\/5\/2017\/10\/armesetloi-768x1083.jpg 768w, https:\/\/www.skppsc.ch\/fr\/wp-content\/uploads\/sites\/5\/2017\/10\/armesetloi.jpg 800w\" sizes=\"auto, (max-width: 640px) 100vw, 640px\"><\/a><\/p><div class=\"remaining-content\"><h2 class=\"sub-content-title  foreground-primary foreground-primary\">Les armes et la loi<\/h2><h3 class=\"sub-content-subtitle \">10 faits<\/h3><p>Le d\u00e9pliant \u00ab Les armes et la loi \u2013 10 faits \u00bb pr\u00e9sente sous forme compacte ce qu\u2019il faut savoir sur l\u2019acquisition, le port et la conservation d\u2019une arme, afin de ne pas se rendre coupable d\u2019une infraction. On y apprend aussi comment la loi d\u00e9finit ce qu\u2019est une arme et quelle distinction elle \u00e9tablit entre un objet dangereux et un jouet. (Le d\u00e9pliant est aussi disponible en <a href=\"https:\/\/www.skppsc.ch\/fr\/download\/weapons-and-the-law\/\">anglais<\/a>.)<\/p>\n<p><\/p>\n<p class=\"featured-image download mobile-only\"><a href=\"https:\/\/www.skppsc.ch\/fr\/wp-content\/uploads\/sites\/5\/2017\/10\/armesetloi.pdf\" download target=\"_blank\"><img loading=\"lazy\" decoding=\"async\" width=\"640\" height=\"902\" src=\"https:\/\/www.skppsc.ch\/fr\/wp-content\/uploads\/sites\/5\/2017\/10\/armesetloi-640x902.jpg\" class=\"attachment-skp-thumbnail-keep-ratio size-skp-thumbnail-keep-ratio wp-post-image\" alt=\"\" srcset=\"https:\/\/www.skppsc.ch\/fr\/wp-content\/uploads\/sites\/5\/2017\/10\/armesetloi-640x902.jpg 640w, https:\/\/www.skppsc.ch\/fr\/wp-content\/uploads\/sites\/5\/2017\/10\/armesetloi-213x300.jpg 213w, https:\/\/www.skppsc.ch\/fr\/wp-content\/uploads\/sites\/5\/2017\/10\/armesetloi-768x1083.jpg 768w, https:\/\/www.skppsc.ch\/fr\/wp-content\/uploads\/sites\/5\/2017\/10\/armesetloi.jpg 800w\" sizes=\"auto, (max-width: 640px) 100vw, 640px\"><\/a><\/p><div class=\"download-bottom-actions \"><a href=\"https:\/\/www.skppsc.ch\/fr\/wp-content\/uploads\/sites\/5\/2017\/10\/armesetloi.pdf\" download target=\"_blank\" class=\"large skp-icon skp-download-pdf download-icon \" title=\"\"><span class=\"link-text\"><\/span><\/a><u-add-to-cart :options='[{\"id\":1075,\"title\":\"Waffen und Gesetz\",\"byline\":\"Faltblatt, A6, 12 Seiten, 2017\",\"lang\":\"de\",\"siteId\":2,\"cartHash\":\"kij\",\"amount\":0,\"max\":\"9999\",\"articleNumber\":\"10062\"},{\"id\":972,\"title\":\"Les armes et la loi\",\"byline\":\"D\\u00e9pliant, A6, 12 pages, 2017\",\"lang\":\"fr\",\"siteId\":5,\"cartHash\":\"5qk\",\"amount\":0,\"max\":\"9999\",\"articleNumber\":\"20062\"},{\"id\":942,\"title\":\"Armi e legge\",\"byline\":\"Pieghevole, A6, 12 pagine, 2017\",\"lang\":\"it\",\"siteId\":7,\"cartHash\":\"7o6\",\"amount\":0,\"max\":\"9999\",\"articleNumber\":\"30062\"}]' :is-logged-in=\"false\" login-url=\"https:\/\/www.skppsc.ch\/fr\/wp-login.php?redirect_to=https%3A%2F%2Fwww.skppsc.ch%2Ffr%2Fwp-json%2Fwp%2Fv2%2Fpages%2F14%3Fpr%3D5qk%235qk\" police-url=\"https:\/\/www.skppsc.ch\/fr\/contact-police\/\" :initially-opened=\"false\"><\/u-add-to-cart><\/div><\/div><\/div><\/div><div class=\"default-container content-part\"><div class=\"inner-padding\">\n<\/div><\/div><div class=\"full content-part image-wrapper image-866\"><img width=\"2560\" height=\"1280\" src=\"https:\/\/www.skppsc.ch\/fr\/wp-content\/uploads\/sites\/5\/2017\/04\/waffen5-2560x1280.jpg\" class=\"attachment-skp-large-force-ratio size-skp-large-force-ratio\" alt=\"\" srcset=\"https:\/\/www.skppsc.ch\/fr\/wp-content\/uploads\/sites\/5\/2017\/04\/waffen5-2560x1280.jpg 2560w, https:\/\/www.skppsc.ch\/fr\/wp-content\/uploads\/sites\/5\/2017\/04\/waffen5-300x150.jpg 300w, https:\/\/www.skppsc.ch\/fr\/wp-content\/uploads\/sites\/5\/2017\/04\/waffen5-768x384.jpg 768w, https:\/\/www.skppsc.ch\/fr\/wp-content\/uploads\/sites\/5\/2017\/04\/waffen5-640x320.jpg 640w, https:\/\/www.skppsc.ch\/fr\/wp-content\/uploads\/sites\/5\/2017\/04\/waffen5-1280x640.jpg 1280w\" sizes=\"(max-width: 2560px) 100vw, 2560px\"><\/div><div class=\"default-container content-part\"><div class=\"inner-padding\">\n<\/div><\/div><\/body><\/html>","protected":false},"excerpt":{"rendered":"<p>\u00ab Ce ne sont pas les armes qui tuent, mais les gens qui les portent \u00bb. Ce lieu commun exprime l\u2019id\u00e9e que l\u2019agression humaine est une menace pour autrui, et non pas l\u2019arme en soi. Un pistolet ne se d\u00e9gaine pas tout seul, bien \u00e9videmment. N\u00e9anmoins, de l\u2019avis des criminologues, il est trop simple de pointer les seuls mobiles humains, car les instruments utilis\u00e9s ne sont pas anodins. Se d\u00e9fendre \u00e0 mains nues ou attaquer quelqu\u2019un \u00e0 coups de poing et de pied requiert bien plus d\u2019aptitudes et de d\u00e9termination que de presser la d\u00e9tente d\u2019une arme. La l\u00e9gislation en tient compte, puisqu\u2019elle n\u2019autorise pas la vente libre d\u2019armes et encadre leur utilisation.<\/p>\n","protected":false},"author":1,"featured_media":862,"parent":133,"menu_order":8,"comment_status":"closed","ping_status":"closed","template":"","meta":{"showSharingButtons":false,"skp-theme-color":"two","_subtitle":null,"alternative_title":"","seoDescription":"","seoKeywords":"","seoTitle":"","featuredVideoEmbedCode":"","featuredYoutubeVideoId":"","notes":"","redirectToPostId":0,"skp-further-information":"<p>Vous trouverez aupr\u00e8s de l'Office central des armes\u00a0de fedpol toutes les informations utiles concernant les armes ainsi qu\u2019une s\u00e9rie de questions et r\u00e9ponses sur diff\u00e9rents sujets en lien avec cette th\u00e9matique.<\/p><p>L\u2019Office f\u00e9d\u00e9ral de la sant\u00e9 publique vous fournira par ailleurs des informations sur les valeurs limites, la manipulation et la dangerosit\u00e9 des pointeurs laser.\u00a0<\/p>","hideTile":false,"pageType":"","editor_notices":[],"footnotes":""},"topic":[15],"class_list":["post-14","page","type-page","status-publish","has-post-thumbnail","hentry","topic-armes"],"aioseo_notices":[],"_links":{"self":[{"href":"https:\/\/www.skppsc.ch\/fr\/wp-json\/wp\/v2\/pages\/14","targetHints":{"allow":["GET"]}}],"collection":[{"href":"https:\/\/www.skppsc.ch\/fr\/wp-json\/wp\/v2\/pages"}],"about":[{"href":"https:\/\/www.skppsc.ch\/fr\/wp-json\/wp\/v2\/types\/page"}],"author":[{"embeddable":true,"href":"https:\/\/www.skppsc.ch\/fr\/wp-json\/wp\/v2\/users\/1"}],"replies":[{"embeddable":true,"href":"https:\/\/www.skppsc.ch\/fr\/wp-json\/wp\/v2\/comments?post=14"}],"version-history":[{"count":0,"href":"https:\/\/www.skppsc.ch\/fr\/wp-json\/wp\/v2\/pages\/14\/revisions"}],"up":[{"embeddable":true,"href":"https:\/\/www.skppsc.ch\/fr\/wp-json\/wp\/v2\/pages\/133"}],"wp:featuredmedia":[{"embeddable":true,"href":"https:\/\/www.skppsc.ch\/fr\/wp-json\/wp\/v2\/media\/862"}],"wp:attachment":[{"href":"https:\/\/www.skppsc.ch\/fr\/wp-json\/wp\/v2\/media?parent=14"}],"wp:term":[{"taxonomy":"topic","embeddable":true,"href":"https:\/\/www.skppsc.ch\/fr\/wp-json\/wp\/v2\/topic?post=14"}],"curies":[{"name":"wp","href":"https:\/\/api.w.org\/{rel}","templated":true}]}}