{"id":141,"date":"2016-11-24T09:30:39","date_gmt":"2016-11-24T08:30:39","guid":{"rendered":"https:\/\/www.skppsc.ch\/de\/?page_id=141"},"modified":"2026-03-13T09:27:52","modified_gmt":"2026-03-13T08:27:52","slug":"phishing","status":"publish","type":"page","link":"https:\/\/www.skppsc.ch\/fr\/sujets\/internet\/phishing\/","title":{"rendered":"Phishing"},"content":{"rendered":"<html><body><div class=\"default-container content-part\"><div class=\"inner-padding\">\n<h2 class=\"wp-block-heading foreground-primary\">D\u00e9finition<\/h2>\n\n\n\n<p>Le terme \u00ab phishing \u00bb est une contraction des mots anglais <em>password<\/em> (mot de passe), <em>harvesting<\/em> (moisson) et <em>fishing<\/em> (p\u00eache). Il s\u2019agit d\u2019une technique d\u2019escroquerie, aussi appel\u00e9e hame\u00e7onnage, utilis\u00e9e pour se procurer subrepticement les donn\u00e9es confidentielles d\u2019internautes. Les informations convoit\u00e9es sont celles permettant entre autres d\u2019acc\u00e9der \u00e0 ses comptes de messagerie, de services bancaires ou de la Poste en ligne ou de plateformes en ligne. Les malfaiteurs agissent tant\u00f4t en bande organis\u00e9e, tant\u00f4t en solitaire. L\u2019attaque peut se produire par courriel, par un site web, par un service de t\u00e9l\u00e9phonie sur Internet (VoIP) ou par un service de messagerie. Si l\u2019attaque est men\u00e9e sur un service de messagerie, on parle de \u00ab\u202fsmisching\u202f\u00bb (contraction de \u00ab\u202fSMS\u202f\u00bb et de \u00ab\u202ffishing\u202f\u00bb) et si elle est men\u00e9e par t\u00e9l\u00e9phone, on parle de \u00ab\u202fvishing\u202f\u00bb (contraction de \u00ab\u202fvoice\u202f\u00bb et de \u00ab\u202ffishing\u202f\u00bb).\u00a0<\/p>\n\n\n\n\t\t\t<details class=\"wp-block-details read-more-details\">\n\t\t\t\t<summary>Afficher plus<\/summary>\n\t\t\t\t<p>A l\u2019aide des donn\u00e9es soutir\u00e9es ou vol\u00e9es, les escrocs commettent ensuite des infractions contre le patrimoine au nom de la victime : virements bancaires, achats en ligne et m\u00eame placements de fausses offres sur des places de march\u00e9 en ligne. De plus, l\u2019escroc devient ma\u00eetre du compte de messagerie \u00e9lectronique dont il a soutir\u00e9 les donn\u00e9es d\u2019acc\u00e8s. Il peut ainsi l\u2019utiliser pour envoyer d\u2019autres courriels frauduleux aux contacts de la victime, mais aussi le bloquer ou en modifier le mot de passe.<\/p>\n<p>\n\t\t\t<\/p><\/details>\n\t\t\t\n\n\n\n<\/div><\/div><div class=\"default-container content-part   \" style=\";\"><div class=\"inner-padding\">\n\n\n\n<h2 class=\"wp-block-heading foreground-primary\">Caract\u00e9ristiques d\u2019une attaque de\u00a0phishing<\/h2>\n\n\n\n<p>Les modalit\u00e9s des attaques de phishing varient beaucoup. Mais elles ont certaines caract\u00e9ristiques en commun :<\/p>\n\n\n\n<ul class=\"wp-block-list\">\n<li>L\u2019escroc commence toujours par sommer la cible de divulguer ses donn\u00e9es personnelles. Le pr\u00e9texte invoqu\u00e9 peut varier : n\u00e9cessit\u00e9 de renouveler les donn\u00e9es pour des raisons de s\u00e9curit\u00e9 ou de mettre \u00e0 jour le compte de l\u2019utilisateur, donn\u00e9es requises par une autorit\u00e9 pour proc\u00e9der au remboursement de frais d\u2019\u00e9lectricit\u00e9, etc.<\/li>\n\n\n\n<li>En g\u00e9n\u00e9ral, la sommation est envoy\u00e9e par courriel ou par message contenant un lien vers un site contrefait.<\/li>\n\n\n\n<li>Sur le site factice, la victime est invit\u00e9e \u00e0 remplir un formulaire. Dans la plupart des cas, il lui est demand\u00e9 de divulguer des donn\u00e9es bancaires confidentielles et d\u2019autres donn\u00e9es personnelles (nom, pr\u00e9nom, adresse \u00e9lectronique, nom d\u2019utilisateur et mot de passe pour diff\u00e9rents comptes, etc.).<\/li>\n\n\n\n<li>L\u2019adresse de l\u2019exp\u00e9diteur, mais aussi le contenu du courriel et la conception du site web auquel il renvoie visent \u00e0 faire croire au destinataire que son interlocuteur est un \u00e9tablissement financier connu, la Poste, une place de march\u00e9 en ligne (Ricardo, Anibis, tutti ou eBay par ex.), un service de messagerie \u00e9lectronique ou une autorit\u00e9.<\/li>\n\n\n\n<li>Il arrive aussi que la page d\u2019hame\u00e7onnage soit plac\u00e9e sur le site d\u2019une entreprise s\u00e9rieuse apr\u00e8s piratage de celui-ci. L\u2019utilisation de ce proc\u00e9d\u00e9 est surtout connue dans le domaine des services bancaires en ligne.<\/li>\n\n\n\n<li>Les escrocs qui m\u00e8nent des op\u00e9rations de phishing par t\u00e9l\u00e9phone se font\u00a0notamment\u00a0passer pour des membres de la police, des prestataires de services financiers ou des sp\u00e9cialistes en informatique. Les probl\u00e8mes de carte de cr\u00e9dit ou de pi\u00e8ce d\u2019identit\u00e9 qu\u2019ils \u00e9voquent sont invent\u00e9s de toutes pi\u00e8ces afin d\u2019obtenir des donn\u00e9es personnelles.\u00a0<\/li>\n<\/ul>\n\n\n\n<\/div><\/div><div class=\"full content-part image-wrapper image-398\"><img width=\"2560\" height=\"1280\" src=\"https:\/\/www.skppsc.ch\/fr\/wp-content\/uploads\/sites\/5\/2016\/11\/phishing2-2560x1280.jpg\" class=\"attachment-skp-large-force-ratio size-skp-large-force-ratio\" alt=\"\" srcset=\"https:\/\/www.skppsc.ch\/fr\/wp-content\/uploads\/sites\/5\/2016\/11\/phishing2-2560x1280.jpg 2560w, https:\/\/www.skppsc.ch\/fr\/wp-content\/uploads\/sites\/5\/2016\/11\/phishing2-300x150.jpg 300w, https:\/\/www.skppsc.ch\/fr\/wp-content\/uploads\/sites\/5\/2016\/11\/phishing2-768x384.jpg 768w, https:\/\/www.skppsc.ch\/fr\/wp-content\/uploads\/sites\/5\/2016\/11\/phishing2-640x320.jpg 640w, https:\/\/www.skppsc.ch\/fr\/wp-content\/uploads\/sites\/5\/2016\/11\/phishing2-1280x640.jpg 1280w\" sizes=\"(max-width: 2560px) 100vw, 2560px\"><\/div><div class=\"default-container content-part\"><div class=\"inner-padding\">\n\n\n\n<\/div><\/div><div class=\"default-container content-part   \" style=\";\"><div class=\"inner-padding\">\n\n\n\n<h2 class=\"wp-block-heading foreground-primary\">Situation juridique<\/h2>\n\n\n\n<p>L\u2019hame\u00e7onnage ne fait pas l\u2019objet d\u2019une norme p\u00e9nale particuli\u00e8re en Suisse. Mais il tombe souvent sous le coup des articles suivants du Code p\u00e9nal :<\/p>\n\n\n\n<ul class=\"wp-block-list\">\n<li><a href=\"https:\/\/www.admin.ch\/opc\/fr\/classified-compilation\/19370083\/index.html#a143\" target=\"_blank\" rel=\"noreferrer noopener\" aria-label=\"Art. 143 CP (opens in a new tab)\">Art. 143 CP<\/a> Soustraction de donn\u00e9es<\/li>\n\n\n\n<li><a href=\"https:\/\/www.admin.ch\/opc\/fr\/classified-compilation\/19370083\/index.html#a143bis\" target=\"_blank\" rel=\"noreferrer noopener\" aria-label=\"Art. 143bis CP (opens in a new tab)\">Art. 143<sup>bis<\/sup> CP<\/a> Acc\u00e8s indu \u00e0 un syst\u00e8me informatique<\/li>\n\n\n\n<li><a href=\"https:\/\/www.admin.ch\/opc\/fr\/classified-compilation\/19370083\/index.html#a144\" target=\"_blank\" rel=\"noreferrer noopener\" aria-label=\"Art. 144 CP  (opens in a new tab)\">Art. 144 CP <\/a>Dommages \u00e0 la propri\u00e9t\u00e9<\/li>\n\n\n\n<li><a href=\"https:\/\/www.admin.ch\/opc\/fr\/classified-compilation\/19370083\/index.html#a147\" target=\"_blank\" rel=\"noreferrer noopener\" aria-label=\"Art. 147 CP (opens in a new tab)\">Art. 147 CP<\/a> Utilisation frauduleuse d\u2019un ordinateur<\/li>\n\n\n\n<li><a href=\"https:\/\/www.fedlex.admin.ch\/eli\/cc\/54\/757_781_799\/fr#art_179_decies\" target=\"_blank\" rel=\"noopener\" title=\"\">Art. 179<sup>decies<\/sup> CP<\/a> Usurpation d\u2019identit\u00e9<\/li>\n\n\n\n<li><a href=\"https:\/\/www.admin.ch\/opc\/fr\/classified-compilation\/19370083\/index.html#a251\" target=\"_blank\" rel=\"noreferrer noopener\" aria-label=\"Art. 251 CP (opens in a new tab)\">Art. 251 CP<\/a> Faux dans les titres<\/li>\n\n\n\n<li><a href=\"https:\/\/www.admin.ch\/opc\/fr\/classified-compilation\/19370083\/index.html#a305bis\" target=\"_blank\" rel=\"noreferrer noopener\" aria-label=\"Art. 305bis CP (opens in a new tab)\">Art. 305<sup>bis<\/sup> CP<\/a> Blanchiment d\u2019argent<\/li>\n<\/ul>\n\n\n\n<\/div><\/div><div class=\"default-container content-part   \" style=\";\"><div class=\"inner-padding\">\n\n\n\n<h2 class=\"wp-block-heading foreground-primary\">Que fait la police ?<\/h2>\n\n\n\n<p>La r\u00e9pression du phishing est tr\u00e8s compliqu\u00e9e au cas par cas, car on ne peut pas remonter \u00e0 l\u2019infrastructure technique utilis\u00e9e par les escrocs. Seule une analyse compl\u00e8te des attaques de ce type pourrait livrer des enseignements. En effet, Les malfaiteurs produisent souvent les pages d\u2019hame\u00e7onnage \u00e0 l\u2019aide de services proxy situ\u00e9s \u00e0 l\u2019\u00e9tranger. Pour dissimuler leur identit\u00e9, ils envoient fr\u00e9quemment les pages par l\u2019interm\u00e9diaire de r\u00e9seaux de programmes informatiques automatis\u00e9s (<em>botnets<\/em>) ou les h\u00e9bergent \u00e0 l\u2019\u00e9tranger, ou encore les placent sur des serveurs de tiers pirat\u00e9s. Par ailleurs, les donn\u00e9es vol\u00e9es sont en g\u00e9n\u00e9ral revendues \u00e0 d\u2019autres criminels pour recyclage. L\u2019instruction des cas est ainsi souvent vou\u00e9e \u00e0 l\u2019\u00e9chec ou, du moins, exige une grande d\u00e9bauche de moyens. C\u2019est une raison de plus de se prot\u00e9ger contre les attaques.<\/p>\n\n\n\n<\/div><\/div><div class=\"default-container clues content-part children-count-2 children-count-even\"><div class=\"inner-padding\"><a id=\"tips\"><\/a><h2 class=\"subcontent-main-title foreground-primary foreground-primary\">Comment se prot\u00e9ger?<\/h2><div class=\"clues-inner-table clues-count-even\"><div class=\"clue-item clues-count-even clues-count-2 background-faded\"><div class=\"clue damit-ich-kein-opfer-von-phising-werde\"><p class=\"clue-image\"><img loading=\"lazy\" decoding=\"async\" width=\"640\" height=\"320\" src=\"https:\/\/www.skppsc.ch\/fr\/wp-content\/uploads\/sites\/5\/2016\/12\/phishingtipp1-640x320.jpg\" class=\"attachment-skp-thumbnail-force-ratio size-skp-thumbnail-force-ratio wp-post-image\" alt=\"\" srcset=\"https:\/\/www.skppsc.ch\/fr\/wp-content\/uploads\/sites\/5\/2016\/12\/phishingtipp1-640x320.jpg 640w, https:\/\/www.skppsc.ch\/fr\/wp-content\/uploads\/sites\/5\/2016\/12\/phishingtipp1-300x150.jpg 300w, https:\/\/www.skppsc.ch\/fr\/wp-content\/uploads\/sites\/5\/2016\/12\/phishingtipp1-768x384.jpg 768w, https:\/\/www.skppsc.ch\/fr\/wp-content\/uploads\/sites\/5\/2016\/12\/phishingtipp1.jpg 800w\" sizes=\"auto, (max-width: 640px) 100vw, 640px\"><\/p><h3 class=\"clue-title background-primary foreground-title\">Pour \u00e9viter d\u2019\u00eatre victime d\u2019une attaque de phishing<\/h3><ul>\n<li><strong>En principe,<\/strong> les prestataires s\u00e9rieux tels que banques, la Poste, sites d\u2019ench\u00e8res, autorit\u00e9s et institutions similaires ne vous demanderont jamais de divulguer vos mots de passe ou vos donn\u00e9es de cartes de cr\u00e9dit par courriel ou au t\u00e9l\u00e9phone.<\/li>\n<li><strong>Une extr\u00eame m\u00e9fiance<\/strong> est donc de mise \u00e0 l\u2019\u00e9gard de courriels qui vous r\u00e9clameraient des donn\u00e9es personnelles et affirmeraient que les cons\u00e9quences en cas d\u2019inex\u00e9cution seraient une perte financi\u00e8re, une d\u00e9nonciation p\u00e9nale ou le blocage de votre carte de cr\u00e9dit par exemple.<\/li>\n<li><strong>Ne r\u00e9pondez pas \u00e0 ce genre de courriels.<\/strong> Effacez-les syst\u00e9matiquement sans cliquer sur les liens propos\u00e9s.<\/li>\n<li><strong>V\u00e9rifier des sites web suspects:<\/strong> <a href=\"https:\/\/checkawebsite.ibarry.ch\" target=\"_blank\" rel=\"noopener\">https:\/\/checkawebsite.ibarry.ch<\/a><\/li>\n<\/ul>\n<\/div><\/div><div class=\"clue-item clues-count-even clues-count-2 background-faded\"><div class=\"clue wenn-ich-opfer-von-phishing-bin\"><p class=\"clue-image\"><img loading=\"lazy\" decoding=\"async\" width=\"640\" height=\"320\" src=\"https:\/\/www.skppsc.ch\/fr\/wp-content\/uploads\/sites\/5\/2016\/12\/phishingtipp2-640x320.jpg\" class=\"attachment-skp-thumbnail-force-ratio size-skp-thumbnail-force-ratio wp-post-image\" alt=\"\" srcset=\"https:\/\/www.skppsc.ch\/fr\/wp-content\/uploads\/sites\/5\/2016\/12\/phishingtipp2-640x320.jpg 640w, https:\/\/www.skppsc.ch\/fr\/wp-content\/uploads\/sites\/5\/2016\/12\/phishingtipp2-300x150.jpg 300w, https:\/\/www.skppsc.ch\/fr\/wp-content\/uploads\/sites\/5\/2016\/12\/phishingtipp2-768x384.jpg 768w, https:\/\/www.skppsc.ch\/fr\/wp-content\/uploads\/sites\/5\/2016\/12\/phishingtipp2.jpg 800w\" sizes=\"auto, (max-width: 640px) 100vw, 640px\"><\/p><h3 class=\"clue-title background-primary foreground-title\">Si vous avez \u00e9t\u00e9 victime d\u2019une attaque de phishing<\/h3><ul>\n<li><strong>Modifier imm\u00e9diatement les mots de passe<\/strong> <strong>divulgu\u00e9s<\/strong> et assurez-vous que les nouveaux sont <a href=\"https:\/\/www.skppsc.ch\/fr\/sujets\/internet\/piratage-logicielsmalveillants\/1-passwort\/\">s\u00fbrs<\/a>.<\/li>\n<li><strong>Si vous avez divulgu\u00e9 des donn\u00e9es confidentielles,<\/strong> contactez imm\u00e9diatement le prestataire concern\u00e9 (\u00e9tablissement financier, fournisseur d\u2019acc\u00e8s ou service de messagerie \u00e9lectronique). Expliquez votre situation pour recouvrer le contr\u00f4le de vos donn\u00e9es.<\/li>\n<li><strong>Avisez aussi l'Office f\u00e9d\u00e9ral de la cybers\u00e9curit\u00e9 OFCS <\/strong>de l\u2019attaque au moyen du <a href=\"https:\/\/www.report.ncsc.admin.ch\/fr\/\" target=\"_blank\" rel=\"noopener\">formulaire ad hoc<\/a>.<\/li>\n<\/ul>\n<\/div><\/div><\/div><\/div><\/div><div class=\"default-container content-part\"><div class=\"inner-padding\">\n\n\n\n<\/div><\/div><div class=\"full content-part post-name-phishing-fr  post-type-download\"><div class=\"inner-padding\"><p class=\"featured-image download hide-on-mobile\"><a href=\"https:\/\/www.skppsc.ch\/fr\/wp-content\/uploads\/sites\/5\/2018\/10\/phising_fr_2024.pdf\" download target=\"_blank\"><img loading=\"lazy\" decoding=\"async\" width=\"640\" height=\"908\" src=\"https:\/\/www.skppsc.ch\/fr\/wp-content\/uploads\/sites\/5\/2018\/10\/phising_fr-640x908.jpg\" class=\"attachment-skp-thumbnail-keep-ratio size-skp-thumbnail-keep-ratio wp-post-image\" alt=\"\" srcset=\"https:\/\/www.skppsc.ch\/fr\/wp-content\/uploads\/sites\/5\/2018\/10\/phising_fr-640x908.jpg 640w, https:\/\/www.skppsc.ch\/fr\/wp-content\/uploads\/sites\/5\/2018\/10\/phising_fr-211x300.jpg 211w, https:\/\/www.skppsc.ch\/fr\/wp-content\/uploads\/sites\/5\/2018\/10\/phising_fr-768x1090.jpg 768w, https:\/\/www.skppsc.ch\/fr\/wp-content\/uploads\/sites\/5\/2018\/10\/phising_fr.jpg 800w\" sizes=\"auto, (max-width: 640px) 100vw, 640px\"><\/a><\/p><div class=\"remaining-content\"><h2 class=\"sub-content-title  foreground-primary foreground-primary\">Phishing<\/h2><h3 class=\"sub-content-subtitle \">Vol de donn\u00e9es \u2013 voici comment se prot\u00e9ger<\/h3><p><!-- wp:paragraph --><\/p>\n<p>Le d\u00e9pliant \u00ab Phishing \u2013 Vol de donn\u00e9es \u2013 voici comment se prot\u00e9ger \u00bb a \u00e9t\u00e9 r\u00e9alis\u00e9 en collaboration avec \u00ab eBanking\u00a0\u2013 en toute s\u00e9curit\u00e9! \u00bb. Le d\u00e9pliant d\u00e9taille le mode op\u00e9ratoire du phishing et les mesures de pr\u00e9caution \u00e0 prendre en pr\u00e9sence de mails qui visent un vol de donn\u00e9es. (Le d\u00e9pliant est aussi disponible en <a href=\"https:\/\/www.skppsc.ch\/fr\/download\/phishing-francais\/\">anglais<\/a>.)<\/p>\n<p><!-- \/wp:paragraph --><\/p>\n<p><!-- wp:file {\"id\":2117,\"href\":\"https:\/\/www.skppsc.ch\/fr\/wp-content\/uploads\/sites\/5\/2018\/10\/phising_fr_2024.pdf\",\"displayPreview\":true} --><\/p>\n\n<p><!-- \/wp:file --><\/p>\n<p class=\"featured-image download mobile-only\"><a href=\"https:\/\/www.skppsc.ch\/fr\/wp-content\/uploads\/sites\/5\/2018\/10\/phising_fr_2024.pdf\" download target=\"_blank\"><img loading=\"lazy\" decoding=\"async\" width=\"640\" height=\"908\" src=\"https:\/\/www.skppsc.ch\/fr\/wp-content\/uploads\/sites\/5\/2018\/10\/phising_fr-640x908.jpg\" class=\"attachment-skp-thumbnail-keep-ratio size-skp-thumbnail-keep-ratio wp-post-image\" alt=\"\" srcset=\"https:\/\/www.skppsc.ch\/fr\/wp-content\/uploads\/sites\/5\/2018\/10\/phising_fr-640x908.jpg 640w, https:\/\/www.skppsc.ch\/fr\/wp-content\/uploads\/sites\/5\/2018\/10\/phising_fr-211x300.jpg 211w, https:\/\/www.skppsc.ch\/fr\/wp-content\/uploads\/sites\/5\/2018\/10\/phising_fr-768x1090.jpg 768w, https:\/\/www.skppsc.ch\/fr\/wp-content\/uploads\/sites\/5\/2018\/10\/phising_fr.jpg 800w\" sizes=\"auto, (max-width: 640px) 100vw, 640px\"><\/a><\/p><div class=\"download-bottom-actions \"><a href=\"https:\/\/www.skppsc.ch\/fr\/wp-content\/uploads\/sites\/5\/2018\/10\/phising_fr_2024.pdf\" download target=\"_blank\" class=\"large skp-icon skp-download-pdf download-icon \" title=\"\"><span class=\"link-text\"><\/span><\/a><u-add-to-cart :options='[{\"id\":1239,\"title\":\"Phishing\",\"byline\":\"Faltblatt, A5, 4 Seiten, 2024\",\"lang\":\"de\",\"siteId\":2,\"cartHash\":\"knn\",\"amount\":0,\"max\":\"9999\",\"articleNumber\":\"10066\"},{\"id\":1072,\"title\":\"Phishing\",\"byline\":\"D\\u00e9pliant, A5, 4 pages, 2024\",\"lang\":\"fr\",\"siteId\":5,\"cartHash\":\"1hs0\",\"amount\":0,\"max\":\"9999\",\"articleNumber\":\"20066\"},{\"id\":1049,\"title\":\"Phishing\",\"byline\":\"Pieghevole, A5, 4 pagine, 2024\",\"lang\":\"it\",\"siteId\":7,\"cartHash\":\"25c9\",\"amount\":0,\"max\":\"9999\",\"articleNumber\":\"30066\"}]' :is-logged-in=\"false\" login-url=\"https:\/\/www.skppsc.ch\/fr\/wp-login.php?redirect_to=https%3A%2F%2Fwww.skppsc.ch%2Ffr%2Fwp-json%2Fwp%2Fv2%2Fpages%2F141%3Fpr%3D1hs0%231hs0\" police-url=\"https:\/\/www.skppsc.ch\/fr\/contact-police\/\" :initially-opened=\"false\"><\/u-add-to-cart><\/div><\/div><\/div><\/div><div class=\"default-container content-part\"><div class=\"inner-padding\">\n\n\n\n<\/div><\/div><div class=\"full content-part image-wrapper image-400\"><img width=\"2560\" height=\"1280\" src=\"https:\/\/www.skppsc.ch\/fr\/wp-content\/uploads\/sites\/5\/2016\/11\/phishing3-2560x1280.jpg\" class=\"attachment-skp-large-force-ratio size-skp-large-force-ratio\" alt=\"\" srcset=\"https:\/\/www.skppsc.ch\/fr\/wp-content\/uploads\/sites\/5\/2016\/11\/phishing3-2560x1280.jpg 2560w, https:\/\/www.skppsc.ch\/fr\/wp-content\/uploads\/sites\/5\/2016\/11\/phishing3-300x150.jpg 300w, https:\/\/www.skppsc.ch\/fr\/wp-content\/uploads\/sites\/5\/2016\/11\/phishing3-768x384.jpg 768w, https:\/\/www.skppsc.ch\/fr\/wp-content\/uploads\/sites\/5\/2016\/11\/phishing3-640x320.jpg 640w, https:\/\/www.skppsc.ch\/fr\/wp-content\/uploads\/sites\/5\/2016\/11\/phishing3-1280x640.jpg 1280w\" sizes=\"(max-width: 2560px) 100vw, 2560px\"><\/div><div class=\"default-container content-part\"><div class=\"inner-padding\">\n\n\n<\/div><\/div><\/body><\/html>","protected":false},"excerpt":{"rendered":"<p>Nous communiquons par courriel, nous effectuons nos paiements en ligne, nous revendons nos objets sur Internet. Pour utiliser tous ces services, nous devons \u00e0 chaque fois divulguer certaines donn\u00e9es personnelles. Une aubaine pour les escrocs qui vont tenter de nous les soustraire en utilisant 1001 astuces.<\/p>\n","protected":false},"author":1,"featured_media":397,"parent":138,"menu_order":50,"comment_status":"closed","ping_status":"closed","template":"","meta":{"showSharingButtons":false,"skp-theme-color":"nine","_subtitle":"","alternative_title":"","seoDescription":"","seoKeywords":"","seoTitle":"","featuredVideoEmbedCode":"","featuredYoutubeVideoId":"","notes":"","redirectToPostId":0,"skp-further-information":"<p>L'<a href=\"https:\/\/www.ncsc.admin.ch\/ncsc\/fr\/home.html\" data-type=\"link\" data-id=\"https:\/\/www.ncsc.admin.ch\/ncsc\/fr\/home.html\" target=\"_blank\" rel=\"noreferrer noopener\">Office f\u00e9d\u00e9ral de la cybers\u00e9curit\u00e9 (OFCS)<\/a> renseigne les particuliers et les PME sur les dangers et les mesures possibles en rapport avec l\u2019utilisation des technologies de l\u2019information et de la communication (p. ex. : E-Mails, plate-forme bancaire en ligne).<\/p><p>Le site <a rel=\"noopener\" href=\"https:\/\/www.ebankingabersicher.ch\/fr\/\" target=\"_blank\">\u00ab eBanking en toute s\u00e9curit\u00e9 ! \u00bb<\/a>\u00a0explique les mesures et les r\u00e8gles de comportement \u00e0 observer pour utiliser sans risque les applications de services bancaires en ligne.<\/p>","hideTile":false,"pageType":"","editor_notices":[],"footnotes":""},"topic":[22],"class_list":["post-141","page","type-page","status-publish","has-post-thumbnail","hentry","topic-phishing"],"aioseo_notices":[],"_links":{"self":[{"href":"https:\/\/www.skppsc.ch\/fr\/wp-json\/wp\/v2\/pages\/141","targetHints":{"allow":["GET"]}}],"collection":[{"href":"https:\/\/www.skppsc.ch\/fr\/wp-json\/wp\/v2\/pages"}],"about":[{"href":"https:\/\/www.skppsc.ch\/fr\/wp-json\/wp\/v2\/types\/page"}],"author":[{"embeddable":true,"href":"https:\/\/www.skppsc.ch\/fr\/wp-json\/wp\/v2\/users\/1"}],"replies":[{"embeddable":true,"href":"https:\/\/www.skppsc.ch\/fr\/wp-json\/wp\/v2\/comments?post=141"}],"version-history":[{"count":0,"href":"https:\/\/www.skppsc.ch\/fr\/wp-json\/wp\/v2\/pages\/141\/revisions"}],"up":[{"embeddable":true,"href":"https:\/\/www.skppsc.ch\/fr\/wp-json\/wp\/v2\/pages\/138"}],"wp:featuredmedia":[{"embeddable":true,"href":"https:\/\/www.skppsc.ch\/fr\/wp-json\/wp\/v2\/media\/397"}],"wp:attachment":[{"href":"https:\/\/www.skppsc.ch\/fr\/wp-json\/wp\/v2\/media?parent=141"}],"wp:term":[{"taxonomy":"topic","embeddable":true,"href":"https:\/\/www.skppsc.ch\/fr\/wp-json\/wp\/v2\/topic?post=141"}],"curies":[{"name":"wp","href":"https:\/\/api.w.org\/{rel}","templated":true}]}}