{"id":142,"date":"2016-11-24T10:07:14","date_gmt":"2016-11-24T09:07:14","guid":{"rendered":"https:\/\/www.skppsc.ch\/de\/?page_id=142"},"modified":"2026-03-13T13:18:41","modified_gmt":"2026-03-13T12:18:41","slug":"sextortion","status":"publish","type":"page","link":"https:\/\/www.skppsc.ch\/fr\/sujets\/internet\/sextortion\/","title":{"rendered":"Sextorsion"},"content":{"rendered":"<html><body><div class=\"default-container content-part\"><div class=\"inner-padding\">\n<h2 class=\"wp-block-heading foreground-primary\">D\u00e9finition<\/h2>\n\n\n\n<p>La sextorsion est une m\u00e9thode de chantage exerc\u00e9e sur une personne \u00e0 partir de photos ou de vid\u00e9os la montrant nue ou en train d\u2019accomplir des actes sexuels (masturbation). Le terme anglais sextorsion est une contraction des mots sex et extortion (terme anglais qui d\u00e9signe le chantage).<\/p>\n\n\n\n<\/div><\/div><div class=\"default-container content-part   \" style=\";\"><div class=\"inner-padding\">\n\n\n\n<h2 class=\"wp-block-heading foreground-primary\">Modes op\u00e9ratoires<\/h2>\n\n\n\n<h3 class=\"wp-block-heading\">Variante classique <\/h3>\n\n\n\n<p>Les cibles sont contact\u00e9es sur les r\u00e9seaux sociaux (Facebook ou site de rencontre) par une s\u00e9duisante personne qui souhaite \u00eatre admise dans leur liste d\u2019amis. Si la cible accepte, sa nouvelle connaissance virtuelle la retrouve sur un tchat. Au cours de la conversation, elle propose de poursuivre en mode vid\u00e9o. La cible est alors invit\u00e9e \u00e0 se d\u00e9shabiller, \u00e0 se masturber ou \u00e0 adopter des postures lascives. Cette nouvelle connaissance fait croire \u00e0 sa cible qu\u2019elle la trouve attirante, qu\u2019elle l\u2019excite sexuellement et qu\u2019elle-m\u00eame n\u2019a aucune inhibition par rapport \u00e0 la nudit\u00e9 et \u00e0 la masturbation. Elle prend d\u2019ailleurs les devants en montrant son intimit\u00e9 ou en se caressant. Les actes accomplis par la cible devant la webcam sont enregistr\u00e9s \u00e0 son insu. Peu apr\u00e8s, elle sera contact\u00e9e par des ma\u00eetres-chanteurs qui lui demanderont de l\u2019argent, sous peine de voir les images diffus\u00e9es sur les r\u00e9seaux sociaux avec mention du nom ou de les envoyer par courriel \u00e0 des proches, \u00e0 des amis ou \u00e0 l\u2019employeur.<\/p>\n\n\n\n<figure class=\"wp-block-embed is-type-video is-provider-youtube wp-block-embed-youtube wp-embed-aspect-16-9 wp-has-aspect-ratio\"><div class=\"wp-block-embed__wrapper\">\n\n<div class=\"video-container\"><div class=\"iframe-container\"><div class=\"video-ratio\" style=\"padding-top:56.2%;\"><\/div><iframe loading=\"lazy\" title=\"SEXY TIME dans le chat video\" src=\"https:\/\/www.youtube.com\/embed\/vavBaAGJTYU?feature=oembed&amp;rel=0\" frameborder=\"0\" allow=\"accelerometer; autoplay; clipboard-write; encrypted-media; gyroscope; picture-in-picture; web-share\" referrerpolicy=\"strict-origin-when-cross-origin\" allowfullscreen><\/iframe><\/div><\/div><\/div><\/figure>\n\n\n\n<h3 class=\"wp-block-heading\">Variante spam (fake sextortion)<\/h3>\n\n\n\n<p>Il arrive aussi que ces <a rel=\"noreferrer noopener\" aria-label=\"tentatives de chantage (opens in a new tab)\" href=\"https:\/\/www.skppsc.ch\/fr\/menaces-et-chantage-par-mail\/\" target=\"_blank\">tentatives de chantage<\/a> soient envoy\u00e9es \u00e0 de nombreuses personnes sous forme de \u00ab menaces creuses \u00bb dans des spams. Les malfaiteurs esp\u00e8rent en effet que parmi les destinataires se trouvent des personnes qui ont r\u00e9cemment regard\u00e9 de la pornographie et que, intimid\u00e9es par la menace, elles payent ce qui leur est r\u00e9clam\u00e9. Dans ces cas-l\u00e0, l\u2019ordinateur des personnes touch\u00e9es n\u2019est pas infect\u00e9 et les malfaiteurs ne poss\u00e8dent aucun mat\u00e9riel compromettant. <\/p>\n\n\n\n<p>Vous pouvez <a href=\"https:\/\/www.report.ncsc.admin.ch\/fr\" target=\"_blank\" rel=\"noopener\" title=\"signaler \">signaler<\/a> la variante spam de sextorsion \u00e0 l\u2019Office f\u00e9d\u00e9ral de la cybers\u00e9curit\u00e9 OFCS.<\/p>\n\n\n\n<h3 class=\"wp-block-heading\">Variante sollicitation d\u2019enfants<\/h3>\n\n\n\n<p>Comme dans la variante classique, tout commence par l\u2019envoi de photos de nu, que ce soit spontan\u00e9ment ou suite \u00e0 des pressions. Dans la plupart des cas, les auteur\u00b7es sont des adultes qui prennent contact avec des enfants et des adolescent\u00b7es en ligne, gagnent leur confiance et les contraignent ensuite \u00e0 envoyer davantage de photos et vid\u00e9os intimes sous peine de diffuser le mat\u00e9riel d\u00e9j\u00e0 envoy\u00e9.<\/p>\n\n\n\n<figure class=\"wp-block-embed is-type-video is-provider-youtube wp-block-embed-youtube wp-embed-aspect-16-9 wp-has-aspect-ratio\"><div class=\"wp-block-embed__wrapper\">\n\n<div class=\"video-container\"><div class=\"iframe-container\"><div class=\"video-ratio\" style=\"padding-top:56.2%;\"><\/div><iframe loading=\"lazy\" title=\"Ce que tu partages en ligne, tu le partages avec tout le monde.\" src=\"https:\/\/www.youtube.com\/embed\/kVQQX7yM3B4?feature=oembed&amp;rel=0\" frameborder=\"0\" allow=\"accelerometer; autoplay; clipboard-write; encrypted-media; gyroscope; picture-in-picture; web-share\" referrerpolicy=\"strict-origin-when-cross-origin\" allowfullscreen><\/iframe><\/div><\/div><\/div><\/figure>\n\n\n\n<p>Cette prise de contact peut aller jusqu\u2019\u00e0 une rencontre r\u00e9elle dans le but d\u2019abuser sexuellement de la victime ou de l\u2019exploiter sexuellement. C\u2019est ce que l\u2019on appelle le <a href=\"https:\/\/www.skppsc.ch\/fr\/sujets\/violence-sexuelle\/violence-sexuelle-enfants\/\" target=\"_blank\" rel=\"noreferrer noopener\"><em>grooming<\/em><\/a>.<\/p>\n\n\n\n<\/div><\/div><div class=\"default-container content-part   \" style=\";\"><div class=\"inner-padding\">\n\n\n\n<h2 class=\"wp-block-heading foreground-primary\">Victimes et circonstances<\/h2>\n\n\n\n<ul class=\"wp-block-list\">\n<li>La majorit\u00e9 des victimes de chantages \u00e0 la vid\u00e9o sexy sont des hommes, adolescents ou adultes.<\/li>\n\n\n\n<li>Les malfaiteurs op\u00e8rent depuis l\u2019\u00e9tranger et les paiements doivent \u00eatre effectu\u00e9s sur des comptes qui se trouvent eux aussi \u00e0 l\u2019\u00e9tranger. <\/li>\n\n\n\n<li>Il arrive r\u00e9guli\u00e8rement que le mat\u00e9riel compromettant soit publi\u00e9, m\u00eame si la victime a pay\u00e9, ou qu\u2019un second paiement soit exig\u00e9.<\/li>\n<\/ul>\n\n\n\n<\/div><\/div><div class=\"full content-part image-wrapper image-227\"><img width=\"2560\" height=\"1280\" src=\"https:\/\/www.skppsc.ch\/fr\/wp-content\/uploads\/sites\/5\/2016\/11\/sextortion2-2560x1280.jpg\" class=\"attachment-skp-large-force-ratio size-skp-large-force-ratio\" alt=\"\" srcset=\"https:\/\/www.skppsc.ch\/fr\/wp-content\/uploads\/sites\/5\/2016\/11\/sextortion2-2560x1280.jpg 2560w, https:\/\/www.skppsc.ch\/fr\/wp-content\/uploads\/sites\/5\/2016\/11\/sextortion2-300x150.jpg 300w, https:\/\/www.skppsc.ch\/fr\/wp-content\/uploads\/sites\/5\/2016\/11\/sextortion2-768x384.jpg 768w, https:\/\/www.skppsc.ch\/fr\/wp-content\/uploads\/sites\/5\/2016\/11\/sextortion2-640x320.jpg 640w, https:\/\/www.skppsc.ch\/fr\/wp-content\/uploads\/sites\/5\/2016\/11\/sextortion2-1280x640.jpg 1280w\" sizes=\"(max-width: 2560px) 100vw, 2560px\"><\/div><div class=\"default-container content-part\"><div class=\"inner-padding\">\n\n\n\n<h2 class=\"wp-block-heading foreground-primary\">Situation juridique<\/h2>\n\n\n\n<p>Le chantage exerc\u00e9 au moyen de mat\u00e9riel \u00e0 caract\u00e8re sexuel ne fait pas l\u2019objet d\u2019une norme p\u00e9nale sp\u00e9cifique en Suisse.<br>Les infractions typiques commises dans ces cas sont :<\/p>\n\n\n\n<ul class=\"wp-block-list\">\n<li><a aria-label=\"Art. 156 CP  (opens in a new tab)\" href=\"https:\/\/www.admin.ch\/opc\/fr\/classified-compilation\/19370083\/index.html#a156\" target=\"_blank\" rel=\"noreferrer noopener\">Art. 156 CP<\/a> : extorsion et chantage<\/li>\n\n\n\n<li><a href=\"https:\/\/www.admin.ch\/opc\/fr\/classified-compilation\/19370083\/index.html#a174\" target=\"_blank\" rel=\"noreferrer noopener\" aria-label=\"Art. 174 CP (opens in a new tab)\">Art. 174 CP<\/a> : calomnie<\/li>\n\n\n\n<li><a aria-label=\"Artikel 179quater CP  (opens in a new tab)\" href=\"https:\/\/www.admin.ch\/opc\/fr\/classified-compilation\/19370083\/index.html#a179quater\" target=\"_blank\" rel=\"noreferrer noopener\">Art. 179<sup>quater<\/sup> CP<\/a> : violation du domaine secret ou du domaine priv\u00e9 au moyen d\u2019un appareil de prise de vues<\/li>\n\n\n\n<li><a href=\"https:\/\/www.fedlex.admin.ch\/eli\/cc\/54\/757_781_799\/fr#art_181\">Art. 181 CP<\/a> : contrainte<\/li>\n\n\n\n<li><a href=\"https:\/\/www.fedlex.admin.ch\/eli\/cc\/54\/757_781_799\/fr#art_197\" target=\"_blank\" rel=\"noopener\" title=\"\">Art. 197 CP<\/a> : pornographie<\/li>\n\n\n\n<li><a href=\"https:\/\/www.fedlex.admin.ch\/eli\/cc\/54\/757_781_799\/fr#art_197_a\" target=\"_blank\" rel=\"noopener\" title=\"\">Art. 197a CP <\/a>: transmission indue d\u2019un contenu non public \u00e0 caract\u00e8re sexuel<\/li>\n<\/ul>\n\n\n\n<\/div><\/div><div class=\"default-container content-part   \" style=\";\"><div class=\"inner-padding\">\n\n\n\n<h2 class=\"wp-block-heading foreground-primary\">Que fait la police ?<\/h2>\n\n\n\n<p>La sextorsion a toujours pour objectif de faire chanter une personne qui a \u00e9t\u00e9 film\u00e9e. Le chantage et l\u2019extorsion sont r\u00e9prim\u00e9s par l\u2019art. 156 du Code p\u00e9nal. Il s\u2019agit de d\u00e9lits poursuivis d\u2019office par l\u2019autorit\u00e9 de poursuite p\u00e9nale, pour autant qu\u2019elle en ait connaissance. D\u00e8s que la police est inform\u00e9e d\u2019un cas de chantage fond\u00e9 sur des actes sexuels, elle ouvre l\u2019enqu\u00eate. <\/p>\n\n\n\n<p><div class=\"video-container\"><div class=\"iframe-container\"><div class=\"video-ratio\" style=\"padding-top:56.2%;\"><\/div><iframe loading=\"lazy\" title=\"Sextortion\" src=\"https:\/\/www.youtube.com\/embed\/od5dsJL3Bvg?feature=oembed&amp;rel=0\" frameborder=\"0\" allow=\"accelerometer; autoplay; clipboard-write; encrypted-media; gyroscope; picture-in-picture; web-share\" referrerpolicy=\"strict-origin-when-cross-origin\" allowfullscreen><\/iframe><\/div><\/div><\/p>\n\n\n\n<p>Il faut savoir que la probabilit\u00e9 que les ma\u00eetres-chanteurs soient traduits en justice est relativement faible, de m\u00eame que celle de r\u00e9cup\u00e9rer les fonds vir\u00e9s. N\u00e9anmoins, n\u2019h\u00e9sitez pas \u00e0 porter plainte si vous \u00eates victimes d\u2019un cyberd\u00e9lit de ce type. Vous permettrez \u00e0 la police de mesurer l\u2019\u00e9tendue des pratiques d\u00e9lictueuses, d\u2019op\u00e9rer des recoupements et de trouver des moyens d\u2019investigation. N\u2019ayez pas honte d\u2019en parler : le r\u00f4le de la police n\u2019est pas de juger vos actes mais d\u2019agir !<\/p>\n\n\n\n<\/div><\/div><div class=\"default-container clues content-part children-count-2 children-count-even\"><div class=\"inner-padding\"><a id=\"tips\"><\/a><h2 class=\"subcontent-main-title foreground-primary foreground-primary\">Comment se prot\u00e9ger?<\/h2><div class=\"clues-inner-table clues-count-even\"><div class=\"clue-item clues-count-even clues-count-2 background-faded\"><div class=\"clue damit-ich-kein-opfer-werde\"><p class=\"clue-image\"><img loading=\"lazy\" decoding=\"async\" width=\"640\" height=\"320\" src=\"https:\/\/www.skppsc.ch\/fr\/wp-content\/uploads\/sites\/5\/2016\/12\/sextortiontip1-640x320.jpg\" class=\"attachment-skp-thumbnail-force-ratio size-skp-thumbnail-force-ratio wp-post-image\" alt=\"\" srcset=\"https:\/\/www.skppsc.ch\/fr\/wp-content\/uploads\/sites\/5\/2016\/12\/sextortiontip1-640x320.jpg 640w, https:\/\/www.skppsc.ch\/fr\/wp-content\/uploads\/sites\/5\/2016\/12\/sextortiontip1-300x150.jpg 300w, https:\/\/www.skppsc.ch\/fr\/wp-content\/uploads\/sites\/5\/2016\/12\/sextortiontip1-768x384.jpg 768w, https:\/\/www.skppsc.ch\/fr\/wp-content\/uploads\/sites\/5\/2016\/12\/sextortiontip1.jpg 800w\" sizes=\"auto, (max-width: 640px) 100vw, 640px\"><\/p><h3 class=\"clue-title background-primary foreground-title\">Pour \u00e9viter de tomber dans le pi\u00e8ge :<\/h3><ul>\n<li><strong>N\u2019acceptez jamais des propositions d\u2019amiti\u00e9 ou de rencontre en ligne de personnes<\/strong> que vous ne pouvez pas identifier clairement ou que vous n\u2019avez jamais rencontr\u00e9es dans la vie r\u00e9elle.<\/li>\n<li><strong>Ayez toujours \u00e0 l\u2019esprit que toute conversation par webcam est susceptible d\u2019\u00eatre enregistr\u00e9e.<\/strong> Par cons\u00e9quent, renoncez \u00e0 tout acte qui pourrait vous mettre dans l\u2019embarras.<\/li>\n<li><strong>D\u00e9sactivez toujours votre webcam<\/strong> quand vous n\u2019\u00eates pas en discussion vid\u00e9o et collez un papier sur l\u2019objectif.<\/li>\n<li><strong>Informer votre entourage<\/strong> sur cette m\u00e9thode de chantage.<\/li>\n<\/ul>\n<\/div><\/div><div class=\"clue-item clues-count-even clues-count-2 background-faded\"><div class=\"clue wenn-ich-opfer-geworden-bin\"><p class=\"clue-image\"><img loading=\"lazy\" decoding=\"async\" width=\"640\" height=\"320\" src=\"https:\/\/www.skppsc.ch\/fr\/wp-content\/uploads\/sites\/5\/2016\/12\/sextortiontip2-640x320.jpg\" class=\"attachment-skp-thumbnail-force-ratio size-skp-thumbnail-force-ratio wp-post-image\" alt=\"\" srcset=\"https:\/\/www.skppsc.ch\/fr\/wp-content\/uploads\/sites\/5\/2016\/12\/sextortiontip2-640x320.jpg 640w, https:\/\/www.skppsc.ch\/fr\/wp-content\/uploads\/sites\/5\/2016\/12\/sextortiontip2-300x150.jpg 300w, https:\/\/www.skppsc.ch\/fr\/wp-content\/uploads\/sites\/5\/2016\/12\/sextortiontip2-768x384.jpg 768w, https:\/\/www.skppsc.ch\/fr\/wp-content\/uploads\/sites\/5\/2016\/12\/sextortiontip2.jpg 800w\" sizes=\"auto, (max-width: 640px) 100vw, 640px\"><\/p><h3 class=\"clue-title background-primary foreground-title\">Si vous \u00eates victime d\u2019une sextorsion :<\/h3><ul>\n<li><strong>N\u2019entrez pas en mati\u00e8re sur les exigences des ma\u00eetres-chanteurs ou des <a href=\"https:\/\/www.skppsc.ch\/fr\/menaces-et-chantage-par-mail\/\" target=\"_blank\" rel=\"noopener noreferrer\">arnaqueurs<\/a> .<\/strong> Ne payez pas !<\/li>\n<li><strong>Rompez imm\u00e9diatement tout contact avec la personne qui a servi d\u2019app\u00e2t et avec les ma\u00eetres-chanteurs.<\/strong> Supprimez-les de votre liste d\u2019amis et ne r\u00e9agissez \u00e0 aucun message (courriels, SMS, etc.).<\/li>\n<li><strong>Si les ma\u00eetres-chanteurs ont publi\u00e9 du mat\u00e9riel photo ou vid\u00e9o,<\/strong> signalez-le sans tarder \u00e0 la plate-forme concern\u00e9e (Youtube, Facebook, etc.) et exigez que tout soit effac\u00e9.<\/li>\n<li><strong>Activez une alerte Google personnalis\u00e9e.<\/strong> Vous serez ainsi averti d\u00e8s qu\u2019une photo ou une vid\u00e9o \u00e0 votre nom sera publi\u00e9e sur Internet.<\/li>\n<li><strong>Conservez toutes les preuves<\/strong> (mat\u00e9riel photo et vid\u00e9o utilis\u00e9 pour vous faire chanter, coordonn\u00e9es des ma\u00eetres-chanteurs et de l\u2019app\u00e2t, messages qu\u2019ils vous ont envoy\u00e9s \u2013 historique des conversations en ligne, courriels, etc. \u2013 informations sur les transactions) et avisez la police.<\/li>\n<li><strong>Parlez-en \u00e0 une personne de confiance<\/strong> et recherchez un soutien psychologique si cette situation vous p\u00e8se.<\/li>\n<\/ul>\n<\/div><\/div><\/div><\/div><\/div><div class=\"default-container content-part\"><div class=\"inner-padding\">\n\n\n\n<\/div><\/div><div class=\"full content-part post-name-sexe-en-ligne-ne-vous-laissez-pas-ranconner  post-type-download\"><div class=\"inner-padding\"><p class=\"featured-image download hide-on-mobile\"><a href=\"https:\/\/www.skppsc.ch\/fr\/wp-content\/uploads\/sites\/5\/2021\/02\/sextortion_fr.pdf\" download target=\"_blank\"><img loading=\"lazy\" decoding=\"async\" width=\"640\" height=\"908\" src=\"https:\/\/www.skppsc.ch\/fr\/wp-content\/uploads\/sites\/5\/2021\/02\/sextortion_fr-640x908.jpg\" class=\"attachment-skp-thumbnail-keep-ratio size-skp-thumbnail-keep-ratio wp-post-image\" alt=\"\" srcset=\"https:\/\/www.skppsc.ch\/fr\/wp-content\/uploads\/sites\/5\/2021\/02\/sextortion_fr-640x908.jpg 640w, https:\/\/www.skppsc.ch\/fr\/wp-content\/uploads\/sites\/5\/2021\/02\/sextortion_fr-211x300.jpg 211w, https:\/\/www.skppsc.ch\/fr\/wp-content\/uploads\/sites\/5\/2021\/02\/sextortion_fr-768x1090.jpg 768w, https:\/\/www.skppsc.ch\/fr\/wp-content\/uploads\/sites\/5\/2021\/02\/sextortion_fr.jpg 800w\" sizes=\"auto, (max-width: 640px) 100vw, 640px\"><\/a><\/p><div class=\"remaining-content\"><h2 class=\"sub-content-title  foreground-primary foreground-primary\">Sexe en ligne : ne vous laissez pas ran\u00e7onner !<\/h2><h3 class=\"sub-content-subtitle \"><\/h3><p>Il fait tr\u00e8s mal ... ce moment o\u00f9 une personne r\u00e9alise que quelqu\u2019un la fait chanter avec des photos ou des vid\u00e9os intimes.\u00a0Les cas de sextorsion sont multiples. Ils peuvent survenir apr\u00e8s un tchat \u00e9rotique ou se pr\u00e9senter sous forme de message \u00e9lectronique frauduleux. Les deux modes op\u00e9ratoires profitent du fait que les victimes veulent \u00e9viter la publication de mat\u00e9riel photo compromettant (suppos\u00e9 existant) ou son envoi \u00e0 des amis et des connaissances. Les victimes paient donc la ran\u00e7on.\u00a0Dans un cas comme dans l\u2019autre, le message de pr\u00e9vention est le suivant : Keep calm and don\u2019t pay!<\/p>\n<p>Ce conseil et bien d\u2019autres sont r\u00e9unis dans ce d\u00e9pliant au format A5 qui contient aussi des astuces destin\u00e9es aux adultes pour leur \u00e9viter de tomber dans le panneau s\u2019il devait quand m\u00eame arriver qu\u2019ils pratiquent le cybersexe.<\/p>\n<p><\/p>\n<p class=\"featured-image download mobile-only\"><a href=\"https:\/\/www.skppsc.ch\/fr\/wp-content\/uploads\/sites\/5\/2021\/02\/sextortion_fr.pdf\" download target=\"_blank\"><img loading=\"lazy\" decoding=\"async\" width=\"640\" height=\"908\" src=\"https:\/\/www.skppsc.ch\/fr\/wp-content\/uploads\/sites\/5\/2021\/02\/sextortion_fr-640x908.jpg\" class=\"attachment-skp-thumbnail-keep-ratio size-skp-thumbnail-keep-ratio wp-post-image\" alt=\"\" srcset=\"https:\/\/www.skppsc.ch\/fr\/wp-content\/uploads\/sites\/5\/2021\/02\/sextortion_fr-640x908.jpg 640w, https:\/\/www.skppsc.ch\/fr\/wp-content\/uploads\/sites\/5\/2021\/02\/sextortion_fr-211x300.jpg 211w, https:\/\/www.skppsc.ch\/fr\/wp-content\/uploads\/sites\/5\/2021\/02\/sextortion_fr-768x1090.jpg 768w, https:\/\/www.skppsc.ch\/fr\/wp-content\/uploads\/sites\/5\/2021\/02\/sextortion_fr.jpg 800w\" sizes=\"auto, (max-width: 640px) 100vw, 640px\"><\/a><\/p><div class=\"download-bottom-actions \"><a href=\"https:\/\/www.skppsc.ch\/fr\/wp-content\/uploads\/sites\/5\/2021\/02\/sextortion_fr.pdf\" download target=\"_blank\" class=\"large skp-icon skp-download-pdf download-icon \" title=\"\"><span class=\"link-text\"><\/span><\/a><u-add-to-cart :options='[{\"id\":2401,\"title\":\"Lass dich nicht sex-erpressen!\",\"byline\":\"Faltblatt A5, 4 Seiten, 2021\",\"lang\":\"de\",\"siteId\":2,\"cartHash\":\"ls1\",\"amount\":0,\"max\":\"9999\",\"articleNumber\":\"10021\"},{\"id\":1503,\"title\":\"Sexe en ligne : ne vous laissez pas ran\\u00e7onner !\",\"byline\":\"D\\u00e9pliant, A5, 4 pages, 2021\",\"lang\":\"fr\",\"siteId\":5,\"cartHash\":\"1i9f\",\"amount\":0,\"max\":\"9999\",\"articleNumber\":\"20021\"},{\"id\":1360,\"title\":\"Non si faccia ricattare!\",\"byline\":\"Pieghevole, A5, 4 pagine, 2021\",\"lang\":\"it\",\"siteId\":7,\"cartHash\":\"25m0\",\"amount\":0,\"max\":\"9999\",\"articleNumber\":\"30021\"}]' :is-logged-in=\"false\" login-url=\"https:\/\/www.skppsc.ch\/fr\/wp-login.php?redirect_to=https%3A%2F%2Fwww.skppsc.ch%2Ffr%2Fwp-json%2Fwp%2Fv2%2Fpages%2F142%3Fpr%3D1i9f%231i9f\" police-url=\"https:\/\/www.skppsc.ch\/fr\/contact-police\/\" :initially-opened=\"false\"><\/u-add-to-cart><\/div><\/div><\/div><\/div><div class=\"default-container content-part\"><div class=\"inner-padding\">\n\n\n\n<\/div><\/div><div class=\"full content-part image-wrapper image-229\"><img width=\"2560\" height=\"1280\" src=\"https:\/\/www.skppsc.ch\/fr\/wp-content\/uploads\/sites\/5\/2016\/11\/sextortion3-2560x1280.jpg\" class=\"attachment-skp-large-force-ratio size-skp-large-force-ratio\" alt=\"\" srcset=\"https:\/\/www.skppsc.ch\/fr\/wp-content\/uploads\/sites\/5\/2016\/11\/sextortion3-2560x1280.jpg 2560w, https:\/\/www.skppsc.ch\/fr\/wp-content\/uploads\/sites\/5\/2016\/11\/sextortion3-300x150.jpg 300w, https:\/\/www.skppsc.ch\/fr\/wp-content\/uploads\/sites\/5\/2016\/11\/sextortion3-768x384.jpg 768w, https:\/\/www.skppsc.ch\/fr\/wp-content\/uploads\/sites\/5\/2016\/11\/sextortion3-640x320.jpg 640w, https:\/\/www.skppsc.ch\/fr\/wp-content\/uploads\/sites\/5\/2016\/11\/sextortion3-1280x640.jpg 1280w\" sizes=\"(max-width: 2560px) 100vw, 2560px\"><\/div><div class=\"default-container content-part\"><div class=\"inner-padding\">\n\n\n<\/div><\/div><\/body><\/html>","protected":false},"excerpt":{"rendered":"<p>Internet permet de converser anonymement et sans engagement avec des personnes du monde entier, par \u00e9crit, par un service de t\u00e9l\u00e9phonie ou par webcam. Or, la sextorsion le montre bien : \u00e0 l\u2019autre bout de la ligne se cache parfois quelqu\u2019un dont les vis\u00e9es sont criminelles et pr\u00e9m\u00e9dit\u00e9es. Sa cible craint d\u00e8s lors de se trouver dans l\u2019embarras vis-\u00e0-vis de sa famille, de ses amis ou de ses connaissances. En r\u00e9alit\u00e9, nos activit\u00e9s sur Internet sont souvent moins anonymes que nous le pensons.<\/p>\n","protected":false},"author":1,"featured_media":226,"parent":138,"menu_order":30,"comment_status":"closed","ping_status":"closed","template":"","meta":{"showSharingButtons":false,"skp-theme-color":"three","_subtitle":"","alternative_title":"","seoDescription":"","seoKeywords":"","seoTitle":"","featuredVideoEmbedCode":"","featuredYoutubeVideoId":"","notes":"","redirectToPostId":0,"skp-further-information":"<p>Vous pouvez <a href=\"https:\/\/www.report.ncsc.admin.ch\/fr\" target=\"_blank\" rel=\"noopener\" title=\"signaler\">signaler<\/a> la variante spam de sextorsion \u00e0 l'Office f\u00e9d\u00e9ral de la cybers\u00e9curit\u00e9 OFCS.<br><\/p>","hideTile":false,"pageType":"","editor_notices":[],"footnotes":""},"topic":[23],"class_list":["post-142","page","type-page","status-publish","has-post-thumbnail","hentry","topic-sextortion-erpressung"],"aioseo_notices":[],"_links":{"self":[{"href":"https:\/\/www.skppsc.ch\/fr\/wp-json\/wp\/v2\/pages\/142","targetHints":{"allow":["GET"]}}],"collection":[{"href":"https:\/\/www.skppsc.ch\/fr\/wp-json\/wp\/v2\/pages"}],"about":[{"href":"https:\/\/www.skppsc.ch\/fr\/wp-json\/wp\/v2\/types\/page"}],"author":[{"embeddable":true,"href":"https:\/\/www.skppsc.ch\/fr\/wp-json\/wp\/v2\/users\/1"}],"replies":[{"embeddable":true,"href":"https:\/\/www.skppsc.ch\/fr\/wp-json\/wp\/v2\/comments?post=142"}],"version-history":[{"count":0,"href":"https:\/\/www.skppsc.ch\/fr\/wp-json\/wp\/v2\/pages\/142\/revisions"}],"up":[{"embeddable":true,"href":"https:\/\/www.skppsc.ch\/fr\/wp-json\/wp\/v2\/pages\/138"}],"wp:featuredmedia":[{"embeddable":true,"href":"https:\/\/www.skppsc.ch\/fr\/wp-json\/wp\/v2\/media\/226"}],"wp:attachment":[{"href":"https:\/\/www.skppsc.ch\/fr\/wp-json\/wp\/v2\/media?parent=142"}],"wp:term":[{"taxonomy":"topic","embeddable":true,"href":"https:\/\/www.skppsc.ch\/fr\/wp-json\/wp\/v2\/topic?post=142"}],"curies":[{"name":"wp","href":"https:\/\/api.w.org\/{rel}","templated":true}]}}