{"id":147,"date":"2016-11-24T10:09:22","date_gmt":"2016-11-24T09:09:22","guid":{"rendered":"https:\/\/www.skppsc.ch\/de\/?page_id=147"},"modified":"2026-04-09T07:37:31","modified_gmt":"2026-04-09T05:37:31","slug":"escroquerie","status":"publish","type":"page","link":"https:\/\/www.skppsc.ch\/fr\/sujets\/escroquerie\/escroquerie\/","title":{"rendered":"Escroquerie"},"content":{"rendered":"<html><body><div class=\"default-container content-part\"><div class=\"inner-padding\">\n<h2 class=\"wp-block-heading foreground-primary\">D\u00e9finition<\/h2>\n\n\n\n<p>Aux termes de la loi, est un escroc celui qui, dans le dessein de se procurer ou de procurer \u00e0 un tiers un enrichissement ill\u00e9gitime, aura astucieusement induit en erreur une personne par des affirmations fallacieuses ou par la dissimulation de faits vrais ou l\u2019aura astucieusement confort\u00e9e dans son erreur et aura de la sorte d\u00e9termin\u00e9 la victime \u00e0 des actes pr\u00e9judiciables \u00e0 ses int\u00e9r\u00eats p\u00e9cuniaires ou \u00e0 ceux d\u2019un tiers. Cette d\u00e9finition l\u00e9gale s\u2019applique aux formes d\u2019escroquerie les plus diverses, qu\u2019elles soient commises dans la rue, \u00e0 domicile, par courrier ou par appel t\u00e9l\u00e9phonique, ou par le biais de courriers \u00e9lectroniques ou d\u2019Internet en g\u00e9n\u00e9ral.<\/p>\n\n\n\n<\/div><\/div><div class=\"default-container content-part replaced-hr\"><div class=\"inner-padding\">\n\n\n\n<h2 class=\"wp-block-heading foreground-primary foreground-primary\">Caract\u00e9ristiques g\u00e9n\u00e9rales de l\u2019escroquerie<\/h2>\n\n\n\n<p>Les malfrats ont une imagination d\u00e9bordante et ne cessent d\u2019inventer de nouvelles combines et astuces. Pour se pr\u00e9munir contre leurs agissements, il est donc utile de reconna\u00eetre les comportements typiques des escrocs, les principaux points faibles qu\u2019ils exploitent chez leurs victimes et les situations qu\u2019ils affectionnent particuli\u00e8rement :<\/p>\n\n\n\n<ul class=\"wp-block-list\">\n<li><strong>Comportements typiques des escrocs :<\/strong>\u00a0pour duper plus facilement leurs victimes, les fraudeurs cherchent \u00e0 les d\u00e9stabiliser, font le forcing pour les convaincre et essaient souvent de les isoler et\/ou de les mettre sous pression.<\/li>\n\n\n\n<li><strong>Principaux points faibles exploit\u00e9s par les escrocs :<\/strong>\u00a0les fraudeurs exploitent sciemment nos points faibles \u2013 et qui n\u2019en a pas ! En font notamment partie : l\u2019avidit\u00e9, la na\u00efvet\u00e9, l\u2019ignorance, l\u2019ent\u00eatement, la fiert\u00e9 et le besoin d\u2019amour. Mais ils exploitent \u00e9galement nos bons c\u00f4t\u00e9s, en particulier notre d\u00e9sir d\u2019aider autrui ou notre confiance naturelle.<\/li>\n\n\n\n<li><strong>Situations qu\u2019affectionnent particuli\u00e8rement les escrocs :<\/strong>\u00a0les personnes qui traversent une crise personnelle, qui sont sous stress ou sous la pression du temps, qui vivent une p\u00e9riode de bonheur euphorique, qui \u00e9prouvent un grand chagrin, qui ont un besoin urgent d\u2019argent ou qui sont en manque d\u2019amour, d\u2019attention et de reconnaissance devraient \u00eatre vigilantes et \u00e9tudier avec un soin particulier les offres propos\u00e9es.<\/li>\n<\/ul>\n\n\n\n<\/div><\/div><div class=\"default-container content-part  has-custom-background-color \" style=\"background-color:#eDeDeD;\"><div class=\"inner-padding\">\n\n\n\n<h2 class=\"wp-block-heading foreground-primary\">Fraude sur Internet<\/h2>\n\n\n\n<p><strong>Fraude \u00e0 l\u2019investissement<\/strong> : Les escrocs tentent d\u2019\u00e9veiller l\u2019int\u00e9r\u00eat de leurs victimes potentielles en proposant des investissements en ligne sur des plateformes de n\u00e9goce truqu\u00e9es. Y donner suite, c\u2019est perdre \u00e0 coup s\u00fbr\u00a0! Plus d\u2019informations <a href=\"https:\/\/www.skppsc.ch\/fr\/sujets\/internet\/fraude-a-linvestissement-sur-internet\/\" target=\"_blank\" rel=\"noopener\" title=\"ici\">ici<\/a>.<\/p>\n\n\n\n<p><strong>Fraude aux petites annonces en ligne\u00a0<\/strong>: les personnes concern\u00e9es par ce type d\u2019escroquerie peuvent se trouver du c\u00f4t\u00e9 des acheteuses et des acheteurs ou bien du c\u00f4t\u00e9 des vendeuses et des vendeurs. Ces arnaques prennent toutes sortes de formes, mais si vous en connaissez les ficelles, vous saurez vous en prot\u00e9ger. Plus d\u2019informations <a href=\"https:\/\/www.skppsc.ch\/fr\/sujets\/internet\/escroqueries-sur-les-places-de-marche-en-ligne\/\" target=\"_blank\" rel=\"noopener\" title=\"ici\">ici<\/a>.<\/p>\n\n\n\n<p><strong>Arnaque aux sentiments<\/strong>\u00a0: un \u00e9change en ligne avec une personne inconnue sur Internet a vite fait de se transformer en relation amoureuse. Tandis que l\u2019une des parties croit \u00e0 cet amour naissant, l\u2019autre profite de la situation pour exploiter l\u2019altruisme de sa victime et lui extorquer de l\u2019argent. Plus d\u2019informations <a href=\"https:\/\/www.skppsc.ch\/fr\/sujets\/internet\/romance-scam-francais\/\" target=\"_blank\" rel=\"noopener\" title=\"\">ici.<\/a><\/p>\n\n\n<\/div><\/div><div class=\"default-container content-part   \" style=\";\"><div class=\"inner-padding\">\n\n\n<h2 class=\"wp-block-heading foreground-primary foreground-primary\">Fraude \u00e0 la commission<\/h2>\n\n\n\n<p>Est en principe consid\u00e9r\u00e9e comme une fraude \u00e0 la commission toute <a href=\"https:\/\/www.skppsc.ch\/fr\/categorie\/escroquerie\/\">forme de fraude<\/a> dans laquelle un paiement anticip\u00e9 doit \u00eatre vers\u00e9 en vue d\u2019obtenir une somme d\u2019argent, un produit ou une prestation. Les escrocs envoient des courriels dans lesquels ils expliquent de mani\u00e8re plus ou moins fantaisiste comment obtenir la somme d\u2019argent, le produit ou la prestation en jeu. Une fois que la victime a pay\u00e9 l\u2019acompte, les escrocs s\u2019\u00e9vanouissent dans la nature sans avoir la moindre intention de fournir la prestation promise en \u00e9change.<\/p>\n\n\n\n<h3 class=\"wp-block-heading\">Probl\u00e9matique sp\u00e9cifique aux fraudes<\/h3>\n\n\n\n<p>Comme les malfaiteurs changent souvent d\u2019astuces, il est extr\u00eamement difficile d\u2019avoir une vue d\u2019ensemble de toutes les formes de fraude. De plus, ils se font souvent passer pour des entreprises s\u00e9rieuses et connues pour tromper leurs victimes et leur soutirer toutes sortes d\u2019informations personnelles. L\u2019actualit\u00e9 et ses trag\u00e9dies (pand\u00e9mie, guerres, etc.) est \u00e9galement fr\u00e9quemment utilis\u00e9e pour monter de toutes pi\u00e8ces des histoires cr\u00e9dibles et vous faire tomber dans le pi\u00e8ge.<\/p>\n\n\n\n<p>Une chose est s\u00fbre : quelle que soit la forme de la fraude, une fois que l\u2019argent a \u00e9t\u00e9 vers\u00e9, il est pratiquement impossible de le r\u00e9cup\u00e9rer. Dans la majorit\u00e9 des cas, les l\u00e9s\u00e9s l\u2019ont d\u00e9finitivement perdu.<\/p>\n\n\n\n\t\t\t<details class=\"wp-block-details read-more-details\">\n\t\t\t\t<summary>Afficher plus<\/summary>\n\t\t\t\t<p>D\u00e9fis li\u00e9s aux enqu\u00eates men\u00e9es contre les fraudeurs :<\/p>\n<ul class=\"wp-block-list\">\n<li>ils op\u00e8rent le plus souvent depuis l\u2019\u00e9tranger, sous des noms d\u2019emprunt, et leurs num\u00e9ros de t\u00e9l\u00e9phone et adresses de courriel ne sont pas r\u00e9pertori\u00e9s ;<\/li>\n<li>s\u2019ils sont connus \u00e0 l\u2019\u00e9tranger et s\u2019ils devaient y r\u00e9pondre de leurs actes, il est possible qu\u2019un mauvais fonctionnement du syst\u00e8me judiciaire dans le pays emp\u00eache toute poursuite ;<\/li>\n<li>s\u2019il appara\u00eet qu\u2019avant l\u2019escroquerie, les l\u00e9s\u00e9s auraient pu se prot\u00e9ger ou \u00e9viter leur erreur avec un minimum de prudence, il n\u2019y pas escroquerie au sens du code p\u00e9nal. On ne peut ainsi pas reprocher au fraudeur d\u2019avoir us\u00e9 d\u2019une astuce.<\/li>\n<\/ul>\n<p>Cela dit, il est indispensable que la police d\u00e9termine dans chaque cas si l\u2019agissement du fraudeur est effectivement punissable. Selon les cas, on se trouve en pr\u00e9sence d\u2019une escroquerie au sens de\u00a0<a href=\"https:\/\/www.admin.ch\/opc\/fr\/classified-compilation\/19370083\/index.html#a146\" target=\"_blank\" rel=\"noreferrer noopener\">l\u2019article 146<\/a>\u00a0du code p\u00e9nal.<\/p>\n<p>\n\t\t\t<\/p><\/details>\n\t\t\t\n\n\n\n<\/div><\/div><div class=\"default-container content-part  has-custom-background-color \" style=\"background-color:#fff;\"><div class=\"inner-padding\">\n\n\n\n<\/div><\/div><div class=\"full content-part image-wrapper image-811\"><img width=\"2560\" height=\"1280\" src=\"https:\/\/www.skppsc.ch\/fr\/wp-content\/uploads\/sites\/5\/2017\/03\/internetbetrug7-2560x1280.jpg\" class=\"attachment-skp-large-force-ratio size-skp-large-force-ratio\" alt=\"\" srcset=\"https:\/\/www.skppsc.ch\/fr\/wp-content\/uploads\/sites\/5\/2017\/03\/internetbetrug7-2560x1280.jpg 2560w, https:\/\/www.skppsc.ch\/fr\/wp-content\/uploads\/sites\/5\/2017\/03\/internetbetrug7-300x150.jpg 300w, https:\/\/www.skppsc.ch\/fr\/wp-content\/uploads\/sites\/5\/2017\/03\/internetbetrug7-768x384.jpg 768w, https:\/\/www.skppsc.ch\/fr\/wp-content\/uploads\/sites\/5\/2017\/03\/internetbetrug7-640x320.jpg 640w, https:\/\/www.skppsc.ch\/fr\/wp-content\/uploads\/sites\/5\/2017\/03\/internetbetrug7-1280x640.jpg 1280w\" sizes=\"(max-width: 2560px) 100vw, 2560px\"><\/div><div class=\"default-container content-part\"><div class=\"inner-padding\">\n\n\n\n<h2 class=\"wp-block-heading foreground-primary\">Situation juridique<\/h2>\n\n\n\n<p>Les formes d\u2019escroquerie peuvent suivant les cas tomber sous le coup des articles du Code p\u00e9nal ci-apr\u00e8s :<\/p>\n\n\n\n<ul class=\"wp-block-list\">\n<li>Art. <a href=\"https:\/\/www.admin.ch\/opc\/fr\/classified-compilation\/19370083\/index.html#a146\" target=\"_blank\" rel=\"noreferrer noopener\" aria-label=\"146 CP (opens in a new tab)\">146 CP<\/a> Escroquerie<\/li>\n<\/ul>\n\n\n\n<p>L\u2019escroquerie constituant un d\u00e9lit reconnu, elle est poursuivie d\u2019office d\u00e8s que la police en a connaissance. La plupart du temps, les faits sont commis en lien avec d\u2019autres infractions sanctionn\u00e9es par le Code p\u00e9nal, comme par exemple :<\/p>\n\n\n\n<ul class=\"wp-block-list\">\n<li>Art. <a rel=\"noreferrer noopener\" aria-label=\"251 CP (opens in a new tab)\" href=\"https:\/\/www.admin.ch\/opc\/fr\/classified-compilation\/19370083\/index.html#a251\" target=\"_blank\">251 CP<\/a> Faux dans les titres<\/li>\n\n\n\n<li>Art. <a href=\"https:\/\/www.admin.ch\/opc\/fr\/classified-compilation\/19370083\/index.html#a305bis\" target=\"_blank\" rel=\"noreferrer noopener\" aria-label=\"305bis CP  (opens in a new tab)\">305bis CP <\/a>Blanchiment d\u2019argent<\/li>\n<\/ul>\n\n\n\n<\/div><\/div><div class=\"default-container content-part  has-custom-background-color \" style=\"background-color:#eDeDeD;\"><div class=\"inner-padding\">\n\n\n\n<h2 class=\"wp-block-heading foreground-primary\">Que fait la police\u00a0?<\/h2>\n\n\n\n<p>Les personnes victimes d\u2019une escroquerie ne devraient pas avoir honte d\u2019en aviser la police. Les escrocs utilisant parfois des proc\u00e9d\u00e9s extr\u00eamement subtils, nul n\u2019est \u00e0 l\u2019abri. Il est tr\u00e8s important de signaler \u00e0 la police les escroqueries commises, m\u00eame si la probabilit\u00e9 de recouvrer l\u2019argent perdu (surtout lors de fraudes en ligne) est faible. \u00c0 noter que les personnes qui \u00e9chappent in extremis \u00e0 la man\u0153uvre de tromperie d\u2019un escroc devraient elles aussi s\u2019adresser imm\u00e9diatement \u00e0 la police, car la tentative d\u2019escroquerie en soi est \u00e9galement punissable.<\/p>\n\n\n\n\t\t\t<details class=\"wp-block-details read-more-details\">\n\t\t\t\t<summary>Afficher plus<\/summary>\n\t\t\t\t<p>M\u00eame si, comme nous l\u2019avons dit, il est difficile pour la police de pouvoir enqu\u00eater sur ces d\u00e9lits et identifier les personnes qui tirent les ficelles puisque tout se fait dans l\u2019anonymat le plus complet, il est important de les d\u00e9noncer. En effet, les informations fournies permettent \u00e0 la police de mesurer l\u2019ampleur des arnaques, d\u2019\u00e9tablir des liens avec d\u2019autres plaintes et, \u00e9ventuellement, de trouver des moyens d\u2019enqu\u00eater. La police peut en outre d\u00e9terminer les astuces utilis\u00e9es pour induire les gens en erreur. Gr\u00e2ce aux connaissances acquises, les corps de police cantonaux et municipaux peuvent cibler la pr\u00e9vention et adresser des mises en garde aux groupes sociaux particuli\u00e8rement menac\u00e9s par ces d\u00e9lits.<\/p>\n<p>Pour cela, il faut conserver les moyens de preuve : captures d\u2019\u00e9cran des faux comptes utilis\u00e9s, enregistrements des conversations et\/ou des courriels \u00e9chang\u00e9s. Les plaintes peuvent \u00eatre d\u00e9pos\u00e9es aupr\u00e8s de la police cantonale.<\/p>\n<p>\n\t\t\t<\/p><\/details>\n\t\t\t\n\n\n\n<\/div><\/div><div class=\"default-container clues content-part children-count-2 children-count-even\"><div class=\"inner-padding\"><a id=\"tips\"><\/a><h2 class=\"subcontent-main-title foreground-primary foreground-primary\">Comment se prot\u00e9ger?<\/h2><div class=\"clues-inner-table clues-count-even\"><div class=\"clue-item clues-count-even clues-count-2 background-faded\"><div class=\"clue damit-sie-kein-opfer-eines-betrugs-werden\"><p class=\"clue-image\"><img loading=\"lazy\" decoding=\"async\" width=\"640\" height=\"320\" src=\"https:\/\/www.skppsc.ch\/fr\/wp-content\/uploads\/sites\/5\/2017\/02\/betrugtipp1-640x320.jpg\" class=\"attachment-skp-thumbnail-force-ratio size-skp-thumbnail-force-ratio wp-post-image\" alt=\"\" srcset=\"https:\/\/www.skppsc.ch\/fr\/wp-content\/uploads\/sites\/5\/2017\/02\/betrugtipp1-640x320.jpg 640w, https:\/\/www.skppsc.ch\/fr\/wp-content\/uploads\/sites\/5\/2017\/02\/betrugtipp1-300x150.jpg 300w, https:\/\/www.skppsc.ch\/fr\/wp-content\/uploads\/sites\/5\/2017\/02\/betrugtipp1-768x384.jpg 768w, https:\/\/www.skppsc.ch\/fr\/wp-content\/uploads\/sites\/5\/2017\/02\/betrugtipp1.jpg 800w\" sizes=\"auto, (max-width: 640px) 100vw, 640px\"><\/p><h3 class=\"clue-title background-primary foreground-title\">Pour \u00e9viter d\u2019\u00eatre victime d\u2019escroquerie\u00a0:<\/h3><ul>\n<li><strong>Renseignez-vous<\/strong> aupr\u00e8s de la Pr\u00e9vention Suisse de la Criminalit\u00e9, de la police locale ou de l'<a href=\"https:\/\/www.ncsc.admin.ch\/ncsc\/fr\/home.html\" target=\"_blank\" rel=\"noopener\">Office f\u00e9d\u00e9ral de la cybers\u00e9curit\u00e9 OFCS<\/a> sur les <a href=\"https:\/\/www.skppsc.ch\/fr\/categorie\/escroquerie\/\">tentatives d\u2019escroquerie<\/a> qui s\u00e9vissent actuellement et sur les nouveaux proc\u00e9d\u00e9s utilis\u00e9s.<\/li>\n<li><strong>Si vous \u00eates en relation avec une personne dont vous avez l\u2019impression qu\u2019elle cherche \u00e0 vous escroquer,<\/strong>\u00a0avisez-en la police et suivez les conseils de cette derni\u00e8re.<\/li>\n<li><strong>V\u00e9rifier des sites web suspects:<\/strong> <a href=\"https:\/\/checkawebsite.ibarry.ch\" target=\"_blank\" rel=\"noopener\">https:\/\/checkawebsite.ibarry.ch<\/a><\/li>\n<li><strong>Consultez l\u2019Index central des raisons de commerce<\/strong> (<a href=\"http:\/\/www.zefix.ch\">zefix.ch<\/a>)<\/li>\n<li><strong>V\u00e9rifiez sur Internet<\/strong> s'il existe <a href=\"https:\/\/cybercrimepolice.ch\/fr\/warnliste\" target=\"_blank\" rel=\"noopener\">des alertes \u00e0 la fraude<\/a> concernant des plateformes en ligne ou des adresses de cryptomonnaie<span style=\"font-size: revert;color: initial\">.<\/span><\/li>\n<li><strong>Adressez-vous \u00e0 votre conseiller bancaire<\/strong> ou \u00e0 des sp\u00e9cialistes de confiance.<\/li>\n<li><strong>Soyez tr\u00e8s critique<\/strong> envers les offres de rendement lucratives et les promesses de gains irr\u00e9alistes sur Internet. Aucun prestataire s\u00e9rieux ne promet des gains \u00e9lev\u00e9s en un temps record.<\/li>\n<li><strong>Ne confiez jamais<\/strong> votre argent \u00e0 quelqu\u2019un que vous ne connaissez que virtuellement, et ne permettez jamais \u00e0 quelqu\u2019un que vous ne connaissez que virtuellement d\u2019acc\u00e9der \u00e0 vos comptes bancaires ou \u00e0 votre ordinateur \u00e0 distance (<em>remote access<\/em>).<\/li>\n<\/ul>\n<\/div><\/div><div class=\"clue-item clues-count-even clues-count-2 background-faded\"><div class=\"clue falls-sie-opfer-eines-betrugs-wurden\"><p class=\"clue-image\"><img loading=\"lazy\" decoding=\"async\" width=\"640\" height=\"320\" src=\"https:\/\/www.skppsc.ch\/fr\/wp-content\/uploads\/sites\/5\/2017\/02\/betrugtipp2-640x320.jpg\" class=\"attachment-skp-thumbnail-force-ratio size-skp-thumbnail-force-ratio wp-post-image\" alt=\"\" srcset=\"https:\/\/www.skppsc.ch\/fr\/wp-content\/uploads\/sites\/5\/2017\/02\/betrugtipp2-640x320.jpg 640w, https:\/\/www.skppsc.ch\/fr\/wp-content\/uploads\/sites\/5\/2017\/02\/betrugtipp2-300x150.jpg 300w, https:\/\/www.skppsc.ch\/fr\/wp-content\/uploads\/sites\/5\/2017\/02\/betrugtipp2-768x384.jpg 768w, https:\/\/www.skppsc.ch\/fr\/wp-content\/uploads\/sites\/5\/2017\/02\/betrugtipp2.jpg 800w\" sizes=\"auto, (max-width: 640px) 100vw, 640px\"><\/p><h3 class=\"clue-title background-primary foreground-title\">Si vous avez \u00e9t\u00e9 victime d\u2019escroquerie\u00a0:<\/h3><ul>\n<li><strong>D\u00e9posez imm\u00e9diatement plainte<\/strong> aupr\u00e8s de votre police municipale ou cantonale\u00a0!<\/li>\n<li><strong>Informez imm\u00e9diatement votre banque.<\/strong> Elle pourra \u00e9ventuellement bloquer les versements d\u2019argent.<\/li>\n<li><strong>Abstenez-vous de r\u00e9pondre aux services propos\u00e9s<\/strong> par un d\u00e9tective priv\u00e9, un avocat ou toute personne qui vous contactera par t\u00e9l\u00e9phone ou par mail. Il s\u2019agit probablement aussi d\u2019escrocs.<\/li>\n<li><strong>Si vous deviez n\u00e9anmoins \u00eatre victime d\u2019une escroquerie,<\/strong>\u00a0contribuez \u00e0 la pr\u00e9vention d\u2019autres m\u00e9faits non seulement en expliquant votre cas \u00e0 la police, mais aussi en d\u00e9crivant votre exp\u00e9rience dans votre cercle priv\u00e9. Sensibiliser vos connaissances et vos proches leur \u00e9vitera d\u2019\u00eatre dup\u00e9s \u00e0 leur tour.<\/li>\n<\/ul>\n<\/div><\/div><\/div><\/div><\/div><div class=\"default-container content-part\"><div class=\"inner-padding\">\n\n\n\n<\/div><\/div><div class=\"full content-part post-name-rendements-de-reve-gare-au-reveil  post-type-download\"><div class=\"inner-padding\"><p class=\"featured-image download hide-on-mobile\"><a href=\"https:\/\/www.skppsc.ch\/fr\/wp-content\/uploads\/sites\/5\/2021\/03\/fraude_investissement.pdf\" download target=\"_blank\"><img loading=\"lazy\" decoding=\"async\" width=\"640\" height=\"908\" src=\"https:\/\/www.skppsc.ch\/fr\/wp-content\/uploads\/sites\/5\/2021\/03\/fraude_investissement-640x908.jpg\" class=\"attachment-skp-thumbnail-keep-ratio size-skp-thumbnail-keep-ratio wp-post-image\" alt=\"\" srcset=\"https:\/\/www.skppsc.ch\/fr\/wp-content\/uploads\/sites\/5\/2021\/03\/fraude_investissement-640x908.jpg 640w, https:\/\/www.skppsc.ch\/fr\/wp-content\/uploads\/sites\/5\/2021\/03\/fraude_investissement-211x300.jpg 211w, https:\/\/www.skppsc.ch\/fr\/wp-content\/uploads\/sites\/5\/2021\/03\/fraude_investissement-768x1090.jpg 768w, https:\/\/www.skppsc.ch\/fr\/wp-content\/uploads\/sites\/5\/2021\/03\/fraude_investissement.jpg 800w\" sizes=\"auto, (max-width: 640px) 100vw, 640px\"><\/a><\/p><div class=\"remaining-content\"><h2 class=\"sub-content-title  foreground-primary foreground-primary\">Rendements de r\u00eave\u00a0? Gare au r\u00e9veil\u00a0!<\/h2><h3 class=\"sub-content-subtitle \">Ce que vous devez savoir sur la fraude \u00e0 l\u2019investissement sur Internet<\/h3><p>Les escrocs prolif\u00e8rent sur Internet pour vous proposer des placements prometteurs sur leurs pr\u00e9tendues plateformes de n\u00e9goce. Y donner suite, c\u2019est perdre \u00e0 coup s\u00fbr\u00a0!<\/p>\n<p>Le d\u00e9pliant explique de mani\u00e8re ais\u00e9ment compr\u00e9hensible comment se passe classiquement la fraude \u00e0 l\u2019investissement sur Internet, comment vous informer avant de placer votre argent dans des cryptomonnaies et que faire si vous avez perdu de l\u2019argent. Vous trouverez aussi des astuces pour d\u00e9tecter \u2013 \u00e0 temps \u2013 si une offre est s\u00e9rieuse ou frauduleuse.<\/p>\n<p>Le d\u00e9pliant a \u00e9t\u00e9 mis au point avec l\u2019aimable collaboration d\u2019EBAS (\u00ab\u00a0eBanking \u2013 en toute s\u00e9curit\u00e9\u00a0!\u00a0\u00bb).<br>(Le d\u00e9pliant est aussi disponible en <a href=\"https:\/\/www.skppsc.ch\/fr\/download\/fantastic-returns-are-pure-fantasy\/\">anglais<\/a>.)<\/p>\n<p><a href=\"https:\/\/www.skppsc.ch\/fr\/sujets\/internet\/fraude-a-linvestissement-sur-internet\/\">\u2192 Sujet Fraude \u00e0 l\u2019investissement sur Internet<\/a><\/p>\n<p><!-- wp:file {\"id\":2416,\"href\":\"https:\/\/www.skppsc.ch\/fr\/wp-content\/uploads\/sites\/5\/2021\/03\/fraude_investissement.pdf\"} --><\/p>\n<div class=\"wp-block-file\"><\/div>\n<p><!-- \/wp:file --><\/p>\n<p class=\"featured-image download mobile-only\"><a href=\"https:\/\/www.skppsc.ch\/fr\/wp-content\/uploads\/sites\/5\/2021\/03\/fraude_investissement.pdf\" download target=\"_blank\"><img loading=\"lazy\" decoding=\"async\" width=\"640\" height=\"908\" src=\"https:\/\/www.skppsc.ch\/fr\/wp-content\/uploads\/sites\/5\/2021\/03\/fraude_investissement-640x908.jpg\" class=\"attachment-skp-thumbnail-keep-ratio size-skp-thumbnail-keep-ratio wp-post-image\" alt=\"\" srcset=\"https:\/\/www.skppsc.ch\/fr\/wp-content\/uploads\/sites\/5\/2021\/03\/fraude_investissement-640x908.jpg 640w, https:\/\/www.skppsc.ch\/fr\/wp-content\/uploads\/sites\/5\/2021\/03\/fraude_investissement-211x300.jpg 211w, https:\/\/www.skppsc.ch\/fr\/wp-content\/uploads\/sites\/5\/2021\/03\/fraude_investissement-768x1090.jpg 768w, https:\/\/www.skppsc.ch\/fr\/wp-content\/uploads\/sites\/5\/2021\/03\/fraude_investissement.jpg 800w\" sizes=\"auto, (max-width: 640px) 100vw, 640px\"><\/a><\/p><div class=\"download-bottom-actions \"><a href=\"https:\/\/www.skppsc.ch\/fr\/wp-content\/uploads\/sites\/5\/2021\/03\/fraude_investissement.pdf\" download target=\"_blank\" class=\"large skp-icon skp-download-pdf download-icon \" title=\"\"><span class=\"link-text\"><\/span><\/a><u-add-to-cart :options='[{\"id\":2438,\"title\":\"Rendite genial? Verlust total!\",\"byline\":\"Faltblatt A5, 8 Seiten, 2025\",\"lang\":\"de\",\"siteId\":2,\"cartHash\":\"lt6\",\"amount\":0,\"max\":\"9999\",\"articleNumber\":\"10072\"},{\"id\":1527,\"title\":\"Rendements de r\\u00eave\\u00a0? Gare au r\\u00e9veil\\u00a0!\",\"byline\":\"D\\u00e9pliant, A5, 8 pages, 2025\",\"lang\":\"fr\",\"siteId\":5,\"cartHash\":\"1ia7\",\"amount\":0,\"max\":\"9999\",\"articleNumber\":\"20072\"},{\"id\":1426,\"title\":\"Rendimenti da sogno? No, perdite da incubo!\",\"byline\":\"Pieghevole, A5, 8 pagine, 2025\",\"lang\":\"it\",\"siteId\":7,\"cartHash\":\"25o2\",\"amount\":0,\"max\":\"9999\",\"articleNumber\":\"30072\"}]' :is-logged-in=\"false\" login-url=\"https:\/\/www.skppsc.ch\/fr\/wp-login.php?redirect_to=https%3A%2F%2Fwww.skppsc.ch%2Ffr%2Fwp-json%2Fwp%2Fv2%2Fpages%2F147%3Fpr%3D1ia7%231ia7\" police-url=\"https:\/\/www.skppsc.ch\/fr\/contact-police\/\" :initially-opened=\"false\"><\/u-add-to-cart><\/div><\/div><\/div><\/div><div class=\"default-container content-part\"><div class=\"inner-padding\">\n\n\n\n<\/div><\/div><div class=\"full content-part image-wrapper image-758\"><img width=\"2560\" height=\"1280\" src=\"https:\/\/www.skppsc.ch\/fr\/wp-content\/uploads\/sites\/5\/2016\/11\/betrug7-2560x1280.jpg\" class=\"attachment-skp-large-force-ratio size-skp-large-force-ratio\" alt=\"\" srcset=\"https:\/\/www.skppsc.ch\/fr\/wp-content\/uploads\/sites\/5\/2016\/11\/betrug7-2560x1280.jpg 2560w, https:\/\/www.skppsc.ch\/fr\/wp-content\/uploads\/sites\/5\/2016\/11\/betrug7-300x150.jpg 300w, https:\/\/www.skppsc.ch\/fr\/wp-content\/uploads\/sites\/5\/2016\/11\/betrug7-768x384.jpg 768w, https:\/\/www.skppsc.ch\/fr\/wp-content\/uploads\/sites\/5\/2016\/11\/betrug7-640x320.jpg 640w, https:\/\/www.skppsc.ch\/fr\/wp-content\/uploads\/sites\/5\/2016\/11\/betrug7-1280x640.jpg 1280w\" sizes=\"(max-width: 2560px) 100vw, 2560px\"><\/div><div class=\"default-container content-part\"><div class=\"inner-padding\">\n\n\n<\/div><\/div><\/body><\/html>","protected":false},"excerpt":{"rendered":"<p>Il est de notori\u00e9t\u00e9 publique que les escrocs utilisent toutes les ficelles possibles et imaginables pour trouver des proies. Pour qu\u2019une personne tombe dans leur pi\u00e8ge, il faut en toute logique qu\u2019elle soit pr\u00eate \u00e0 croire aux offres mensong\u00e8res et \u00e0 y donner suite. Cette cr\u00e9dulit\u00e9 s\u2019explique par un sentiment subjectif de manque : manque d\u2019argent, de prestige, mais \u00e9galement manque d\u2019affection ou d\u2019attention.<\/p>\n","protected":false},"author":1,"featured_media":741,"parent":145,"menu_order":20,"comment_status":"closed","ping_status":"closed","template":"","meta":{"showSharingButtons":false,"skp-theme-color":"thirteen","_subtitle":"","alternative_title":"","seoDescription":"","seoKeywords":"","seoTitle":"","featuredVideoEmbedCode":"","featuredYoutubeVideoId":"","notes":"","redirectToPostId":0,"skp-further-information":"<p>Cybercrimepolice publie r\u00e9guli\u00e8rement <a href=\"https:\/\/cybercrimepolice.ch\/fr\/warnliste\" target=\"_blank\" rel=\"noopener\" title=\"des alertes et des communiqu\u00e9s de presse\">des alertes et des communiqu\u00e9s de presse<\/a> sur les (nouveaux) proc\u00e9d\u00e9s utilis\u00e9s en Suisse par les escrocs.<\/p>","hideTile":false,"pageType":"","editor_notices":[],"footnotes":""},"topic":[27],"class_list":["post-147","page","type-page","status-publish","has-post-thumbnail","hentry","topic-escroquerie-escroquerie"],"aioseo_notices":[],"_links":{"self":[{"href":"https:\/\/www.skppsc.ch\/fr\/wp-json\/wp\/v2\/pages\/147","targetHints":{"allow":["GET"]}}],"collection":[{"href":"https:\/\/www.skppsc.ch\/fr\/wp-json\/wp\/v2\/pages"}],"about":[{"href":"https:\/\/www.skppsc.ch\/fr\/wp-json\/wp\/v2\/types\/page"}],"author":[{"embeddable":true,"href":"https:\/\/www.skppsc.ch\/fr\/wp-json\/wp\/v2\/users\/1"}],"replies":[{"embeddable":true,"href":"https:\/\/www.skppsc.ch\/fr\/wp-json\/wp\/v2\/comments?post=147"}],"version-history":[{"count":0,"href":"https:\/\/www.skppsc.ch\/fr\/wp-json\/wp\/v2\/pages\/147\/revisions"}],"up":[{"embeddable":true,"href":"https:\/\/www.skppsc.ch\/fr\/wp-json\/wp\/v2\/pages\/145"}],"wp:featuredmedia":[{"embeddable":true,"href":"https:\/\/www.skppsc.ch\/fr\/wp-json\/wp\/v2\/media\/741"}],"wp:attachment":[{"href":"https:\/\/www.skppsc.ch\/fr\/wp-json\/wp\/v2\/media?parent=147"}],"wp:term":[{"taxonomy":"topic","embeddable":true,"href":"https:\/\/www.skppsc.ch\/fr\/wp-json\/wp\/v2\/topic?post=147"}],"curies":[{"name":"wp","href":"https:\/\/api.w.org\/{rel}","templated":true}]}}