{"id":155,"date":"2016-11-24T10:12:49","date_gmt":"2016-11-24T09:12:49","guid":{"rendered":"https:\/\/www.skppsc.ch\/de\/?page_id=155"},"modified":"2026-02-26T09:19:35","modified_gmt":"2026-02-26T08:19:35","slug":"securite-et-habitat-suisse","status":"publish","type":"page","link":"https:\/\/www.skppsc.ch\/fr\/reseaux\/securite-et-habitat-suisse\/","title":{"rendered":"S\u00e9curit\u00e9 et habitat Suisse"},"content":{"rendered":"<html><body><div class=\"default-container content-part\"><div class=\"inner-padding\"><p>La police et les entreprises de s\u00e9curit\u00e9 s\u2019engagent dans la pr\u00e9vention des cambriolages : les entreprises priv\u00e9es, tout comme les g\u00e9rants s\u00e9curit\u00e9 de la police, exercent leur activit\u00e9 depuis des ann\u00e9es dans toute la Suisse, en informant leur client\u00e8le sur les normes en vigueur et les pr\u00e9cautions \u00e0 prendre et en installant des dispositifs anti-effraction dans les immeubles en construction ou en transformation. Cependant, il n\u2019existe pas d\u2019approche interdisciplinaire bas\u00e9e sur une collaboration standardis\u00e9e du fait que les vues de la police et des entreprises de s\u00e9curit\u00e9 divergent en partie concernant l\u2019utilit\u00e9 et l\u2019efficacit\u00e9 des normes de s\u00e9curit\u00e9 et de leur application. A ce manque d\u2019homog\u00e9n\u00e9it\u00e9 s\u2019ajoutent l\u2019absence de crit\u00e8res de qualit\u00e9 au sein des organes sp\u00e9cialis\u00e9s, le manque de transparence dans les appellations utilis\u00e9es par les entreprises et l\u2019absence de proc\u00e9dures de certification pour le conseil en s\u00e9curit\u00e9.<\/p>\n<p>Gr\u00e2ce au r\u00e9seau \u00ab SHS \u00bb, la PSC a pu instaurer une collaboration entre la police et les entreprises de s\u00e9curit\u00e9. Il \u00e9tait primordial d\u2019\u00e9laborer une unit\u00e9 de doctrine dans l\u2019accomplissement des t\u00e2ches et des mesures de pr\u00e9vention et de parvenir \u00e0 une conception commune de la qualit\u00e9 assortie de r\u00e8gles standard. La population sera ainsi s\u00fbre de b\u00e9n\u00e9ficier d\u2019un conseil anti-effraction homog\u00e8ne et de grande qualit\u00e9, ind\u00e9pendamment de la personne qui le dispense.<\/p>\n<p><span class=\"TextRun Highlight SCXW211457095 BCX8\" lang=\"FR-CH\" xml:lang=\"FR-CH\" data-contrast=\"auto\"><span class=\"NormalTextRun SCXW211457095 BCX8\">L\u2019offre sera progressivement \u00e9largie \u00e0 la Suisse romande et au Tessin.<\/span><\/span><\/p>\n<\/div><\/div><div class=\"full content-part post-name-skp-info-1-2016  post-type-download\"><div class=\"inner-padding\"><p class=\"featured-image download hide-on-mobile\"><a href=\"https:\/\/www.skppsc.ch\/fr\/wp-content\/uploads\/sites\/5\/2016\/12\/pscinfo12016.pdf\" download target=\"_blank\"><img loading=\"lazy\" decoding=\"async\" width=\"640\" height=\"905\" src=\"https:\/\/www.skppsc.ch\/fr\/wp-content\/uploads\/sites\/5\/2016\/12\/pscinfo12016-640x905.jpg\" class=\"attachment-skp-thumbnail-keep-ratio size-skp-thumbnail-keep-ratio wp-post-image\" alt=\"\" srcset=\"https:\/\/www.skppsc.ch\/fr\/wp-content\/uploads\/sites\/5\/2016\/12\/pscinfo12016-640x905.jpg 640w, https:\/\/www.skppsc.ch\/fr\/wp-content\/uploads\/sites\/5\/2016\/12\/pscinfo12016-212x300.jpg 212w, https:\/\/www.skppsc.ch\/fr\/wp-content\/uploads\/sites\/5\/2016\/12\/pscinfo12016-768x1086.jpg 768w, https:\/\/www.skppsc.ch\/fr\/wp-content\/uploads\/sites\/5\/2016\/12\/pscinfo12016.jpg 800w\" sizes=\"auto, (max-width: 640px) 100vw, 640px\"><\/a><\/p><div class=\"remaining-content\"><h2 class=\"sub-content-title  foreground-primary foreground-primary\">PSC INFO 1 | 2016<\/h2><h3 class=\"sub-content-subtitle \"><\/h3><p>PSC INFO\u00a01|2016 pr\u00e9sente le projet \u00abS\u00e9curit\u00e9 et habitat Suisse\u00bb. Ce projet se propose d\u2019am\u00e9liorer la protection contre les cambriolages en Suisse. Il regroupe la police, mais aussi les entreprises de s\u00e9curit\u00e9 priv\u00e9es et diff\u00e9rentes associations professionnelles. Sa mission est la suivante: adopter une unit\u00e9 de doctrine dans l\u2019accomplissement des t\u00e2ches et des mesures de pr\u00e9vention et \u00e9tablir des r\u00e8gles de d\u00e9ontologie r\u00e9pondant \u00e0 une notion partag\u00e9e de la qualit\u00e9. La population sera ainsi s\u00fbre de b\u00e9n\u00e9ficier d\u2019un conseil anti-effraction homog\u00e8ne et de grande qualit\u00e9, ind\u00e9pendamment de la personne qui le dispense.<\/p>\n<p><\/p>\n<p class=\"featured-image download mobile-only\"><a href=\"https:\/\/www.skppsc.ch\/fr\/wp-content\/uploads\/sites\/5\/2016\/12\/pscinfo12016.pdf\" download target=\"_blank\"><img loading=\"lazy\" decoding=\"async\" width=\"640\" height=\"905\" src=\"https:\/\/www.skppsc.ch\/fr\/wp-content\/uploads\/sites\/5\/2016\/12\/pscinfo12016-640x905.jpg\" class=\"attachment-skp-thumbnail-keep-ratio size-skp-thumbnail-keep-ratio wp-post-image\" alt=\"\" srcset=\"https:\/\/www.skppsc.ch\/fr\/wp-content\/uploads\/sites\/5\/2016\/12\/pscinfo12016-640x905.jpg 640w, https:\/\/www.skppsc.ch\/fr\/wp-content\/uploads\/sites\/5\/2016\/12\/pscinfo12016-212x300.jpg 212w, https:\/\/www.skppsc.ch\/fr\/wp-content\/uploads\/sites\/5\/2016\/12\/pscinfo12016-768x1086.jpg 768w, https:\/\/www.skppsc.ch\/fr\/wp-content\/uploads\/sites\/5\/2016\/12\/pscinfo12016.jpg 800w\" sizes=\"auto, (max-width: 640px) 100vw, 640px\"><\/a><\/p><div class=\"download-bottom-actions \"><a href=\"https:\/\/www.skppsc.ch\/fr\/wp-content\/uploads\/sites\/5\/2016\/12\/pscinfo12016.pdf\" download target=\"_blank\" class=\"large skp-icon skp-download-pdf download-icon \" title=\"\"><span class=\"link-text\"><\/span><\/a><\/div><\/div><\/div><\/div><div class=\"default-container content-part\"><div class=\"inner-padding\">\n<\/div><\/div><\/body><\/html>","protected":false},"excerpt":{"rendered":"<p>La Pr\u00e9vention Suisse de la Criminalit\u00e9 (PSC) se consacre \u00e0 l&rsquo;am\u00e9lioration de la protection individuelle contre le cambriolage en Suisse avec \u00ab S\u00e9curit\u00e9 et habitat Suisse \u00bb (SHS). \u00ab SHS \u00bb harmonise la qualit\u00e9 des prestations de conseil anti-effraction fournies par la police et par les entreprises de s\u00e9curit\u00e9 et met en r\u00e9seau les sp\u00e9cialistes concern\u00e9s.\u00a0<\/p>\n","protected":false},"author":1,"featured_media":301,"parent":2282,"menu_order":10,"comment_status":"closed","ping_status":"closed","template":"","meta":{"showSharingButtons":false,"skp-theme-color":"nine","_subtitle":"","alternative_title":"","seoDescription":"","seoKeywords":"","seoTitle":"","featuredVideoEmbedCode":"","featuredYoutubeVideoId":"","notes":"","redirectToPostId":0,"skp-further-information":"","hideTile":false,"pageType":"","editor_notices":[],"footnotes":""},"topic":[],"class_list":["post-155","page","type-page","status-publish","has-post-thumbnail","hentry"],"aioseo_notices":[],"_links":{"self":[{"href":"https:\/\/www.skppsc.ch\/fr\/wp-json\/wp\/v2\/pages\/155","targetHints":{"allow":["GET"]}}],"collection":[{"href":"https:\/\/www.skppsc.ch\/fr\/wp-json\/wp\/v2\/pages"}],"about":[{"href":"https:\/\/www.skppsc.ch\/fr\/wp-json\/wp\/v2\/types\/page"}],"author":[{"embeddable":true,"href":"https:\/\/www.skppsc.ch\/fr\/wp-json\/wp\/v2\/users\/1"}],"replies":[{"embeddable":true,"href":"https:\/\/www.skppsc.ch\/fr\/wp-json\/wp\/v2\/comments?post=155"}],"version-history":[{"count":0,"href":"https:\/\/www.skppsc.ch\/fr\/wp-json\/wp\/v2\/pages\/155\/revisions"}],"up":[{"embeddable":true,"href":"https:\/\/www.skppsc.ch\/fr\/wp-json\/wp\/v2\/pages\/2282"}],"wp:featuredmedia":[{"embeddable":true,"href":"https:\/\/www.skppsc.ch\/fr\/wp-json\/wp\/v2\/media\/301"}],"wp:attachment":[{"href":"https:\/\/www.skppsc.ch\/fr\/wp-json\/wp\/v2\/media?parent=155"}],"wp:term":[{"taxonomy":"topic","embeddable":true,"href":"https:\/\/www.skppsc.ch\/fr\/wp-json\/wp\/v2\/topic?post=155"}],"curies":[{"name":"wp","href":"https:\/\/api.w.org\/{rel}","templated":true}]}}